{"id":7405,"date":"2021-10-05T16:28:15","date_gmt":"2021-10-05T21:28:15","guid":{"rendered":"https:\/\/dreamy.tours\/company-policies\/"},"modified":"2022-08-17T15:31:44","modified_gmt":"2022-08-17T20:31:44","slug":"politicas-da-empresa","status":"publish","type":"page","link":"https:\/\/dreamy.tours\/pt-br\/politicas-da-empresa\/","title":{"rendered":"POL\u00cdTICAS DA EMPRESA"},"content":{"rendered":"\n<p>\u201cO sistema peruano de servi\u00e7os e produ\u00e7\u00f5es \u00e9 diferente do seu pa\u00eds, recomendamos que voc\u00ea leia com aten\u00e7\u00e3o.\u201d<\/p>\n\n\n\n<h3 class=\"wp-block-heading\" id=\"h-programas\">PROGRAMAS<\/h3>\n\n\n\n<p>Os programas de atividades s\u00e3o planejados com muito cuidado, embora, por raz\u00f5es operacionais, possa ser necess\u00e1rio alterar a ordem dos ativados no itiner\u00e1rio ou a rota espec\u00edfica (conhecimento pr\u00e9vio do cliente) e, embora esses casos possam ser excepcionais, o itiner\u00e1rio em Em geral, deve ser assumido apenas como um guia b\u00e1sico.<\/p>\n\n\n\n<h3 class=\"wp-block-heading\" id=\"h-responsabilidade\">RESPONSABILIDADE<\/h3>\n\n\n\n<p>Em todas as viagens, a Dreamy Tours atua em nome de nossos clientes, organizando em seu nome os meios de transporte, alojamento ou outros servi\u00e7os tur\u00edsticos necess\u00e1rios, para que n\u00e3o assumamos a responsabilidade em caso de acidentes, perdas, atrasos ou interfer\u00eancias durante o passeio por motivos de for\u00e7a maior ou outros eventos que n\u00e3o envolvam nossa responsabilidade, principalmente com rela\u00e7\u00e3o a programas e hor\u00e1rios.<\/p>\n\n\n\n<p>\u00c9 responsabilidade do passageiro ter todos os requisitos necess\u00e1rios para sua viagem, como: vistos, passaportes, caso estejam estudando para ter o cart\u00e3o ISIC atualizado, portem o cart\u00e3o andino de migra\u00e7\u00e3o (TAM) emitido pelo Departamento de Migra\u00e7\u00e3o, vacinas, autoriza\u00e7\u00f5es para menores de idade, etc., pois, se voc\u00ea n\u00e3o as tiver em m\u00e3os, poder\u00e1 causar atrasos, cancelamentos de servi\u00e7os, pagamento de impostos (IGV), entre outros contratempos.<\/p>\n\n\n\n<ul class=\"wp-block-list\"><li>A Dreamy Tours se reserva o direito de alterar, alterar, cancelar o itiner\u00e1rio de qualquer viagem, por raz\u00f5es de seguran\u00e7a, como: fen\u00f4menos naturais, quest\u00f5es pol\u00edticas, epidemias e \/ ou circunst\u00e2ncias fora da nossa organiza\u00e7\u00e3o. Nesses casos, n\u00e3o haver\u00e1 reembolso de nossa empresa.<\/li><li>Solicitamos que voc\u00ea nos informe antes da contrata\u00e7\u00e3o de nossos servi\u00e7os a exist\u00eancia de qualquer limita\u00e7\u00e3o dessa natureza, com o objetivo de recomendar servi\u00e7os espec\u00edficos que contemplem tais impedimentos.<\/li><li>Da mesma forma, nos reservamos o direito de limitar a participa\u00e7\u00e3o de qualquer um de nossos passageiros \u00e0s atividades que acharmos adequadas, devido \u00e0 seguran\u00e7a do grupo.<\/li><li>N\u00e3o podemos levar um passageiro doente para uma excurs\u00e3o que represente um risco potencial para esse passageiro e para a integridade do grupo (isso pode ser avaliado pelo guia no momento do in\u00edcio da excurs\u00e3o). N\u00e3o podemos levar passageiros b\u00eabados ou em um estado perigoso que ameace o desenvolvimento do passeio, a sa\u00fade do grupo e o pr\u00f3prio passageiro.<\/li><li>Nossa empresa n\u00e3o \u00e9 respons\u00e1vel por doen\u00e7as, defici\u00eancias f\u00edsicas e \/ ou mentais contratadas que possam p\u00f4r em risco a sa\u00fade ou a integridade do passageiro ou de terceiros durante o desenvolvimento do passeio contratado, ou que impliquem limita\u00e7\u00e3o ou impedimento no fornecimento de Nossos servi\u00e7os tur\u00edsticos. Portanto, a Companhia N\u00c3O reconhecer\u00e1 nenhuma reclama\u00e7\u00e3o ou devolu\u00e7\u00e3o pelos conceitos acima mencionados, incluindo casos em que nenhum problema seja manifestado em condi\u00e7\u00f5es normais.<\/li><\/ul>\n\n\n\n<h3 class=\"wp-block-heading\" id=\"h-seguro-de-viagem\">SEGURO DE VIAGEM.<\/h3>\n\n\n\n<p>\u00c9 altamente recomend\u00e1vel que voc\u00ea obtenha seu seguro de vida que cobre acidentes, despesas m\u00e9dicas e repatriamento de emerg\u00eancia, incluindo ambul\u00e2ncias a\u00e9reas e de resgate. Tamb\u00e9m recomendamos que voc\u00ea cubra cancelamentos e bagagens perdidas. Envie uma c\u00f3pia do seu seguro atrav\u00e9s das redes sociais (email ou WhatsApp) ou fisicamente para o nosso escrit\u00f3rio.<\/p>\n\n\n\n<h3 class=\"wp-block-heading\" id=\"h-pre-os\">PRE\u00c7OS<\/h3>\n\n\n\n<ul class=\"wp-block-list\"><li>Todas as tarifas s\u00e3o expressas em d\u00f3lares americanos (opcionais para troca de moeda) e s\u00e3o agendadas por pessoa.<\/li><li>Todas as nossas tarifas est\u00e3o sujeitas a disponibilidade e altera\u00e7\u00f5es.<\/li><li>Crian\u00e7as menores de 02 anos e 11 meses s\u00e3o consideradas INF (beb\u00eas), n\u00e3o pagam por nenhum servi\u00e7o e n\u00e3o t\u00eam direito a comida, cama ou assento em passeios.<\/li><li>Crian\u00e7as de 03 a 10 anos e 11 meses s\u00e3o consideradas CHD (crian\u00e7a), t\u00eam tarifa especial e dividem o quarto com os pais.<\/li><li>Mais de 11 anos considerados adultos.<\/li><li>Os menores devem viajar com um documento de identidade.<\/li><li>As tarifas n\u00e3o se aplicam a feriados, P\u00e1scoa, fins de semana prolongados, feriados nacionais, Natal ou Ano Novo.<\/li><\/ul>\n\n\n\n<h3 class=\"wp-block-heading\" id=\"h-reservas\">RESERVAS<\/h3>\n\n\n\n<p>Nenhuma reserva pode ser considerada, desde que n\u00e3o haja confirma\u00e7\u00e3o por escrito e cancelamento do valor acordado pelo viajante ou qualquer outra empresa mediadora em sua compra. Da mesma forma, em alguns casos especiais e mesmo tendo feito o respectivo dep\u00f3sito monet\u00e1rio, a reconfirma\u00e7\u00e3o da reserva dever\u00e1 ser esperada devido \u00e0s restri\u00e7\u00f5es ou condi\u00e7\u00f5es regulamentares do pa\u00eds de algum provedor de servi\u00e7os.<\/p>\n\n\n\n<ul class=\"wp-block-list\"><li>Todas as reservas devem ser feitas por e-mail para info@dreamy.tours, elas tamb\u00e9m devem nos enviar seus dados pessoais, como: nomes, sobrenomes, n\u00fameros de passaporte, nacionalidade e data de nascimento.<\/li><li>O pre\u00e7o dos servi\u00e7os tur\u00edsticos e \/ ou pacotes oferecidos por nossa empresa s\u00e3o expressos em d\u00f3lares americanos, cujo valor final ser\u00e1 acordado entre o cliente e nosso departamento de reservas pelo e-mail info@dreamy.tours<\/li><\/ul>\n\n\n\n<h3 class=\"wp-block-heading\" id=\"h-altera-es-de-reserva-itiner-rio-datas-participantes\">ALTERA\u00c7\u00d5ES DE RESERVA \u2013 ITINER\u00c1RIO \u2013 DATAS \u2013 PARTICIPANTES<\/h3>\n\n\n\n<p>Altera\u00e7\u00f5es de reserva, itiner\u00e1rio, datas e participantes ser\u00e3o aceitos de acordo com a disponibilidade e o pagamento correspondente de multas e despesas administrativas.<\/p>\n","protected":false},"excerpt":{"rendered":"<p>\u201cO sistema peruano de servi\u00e7os e produ\u00e7\u00f5es \u00e9 diferente do seu pa\u00eds, recomendamos que voc\u00ea leia com aten\u00e7\u00e3o.\u201d PROGRAMAS Os programas de ati&#8230;<\/p>\n","protected":false},"author":1,"featured_media":4541,"parent":0,"menu_order":0,"comment_status":"closed","ping_status":"closed","template":"","meta":{"_acf_changed":false,"advgb_blocks_editor_width":"","advgb_blocks_columns_visual_guide":"","footnotes":""},"class_list":["post-7405","page","type-page","status-publish","has-post-thumbnail","hentry"],"acf":[],"yoast_head":"<!-- This site is optimized with the Yoast SEO Premium plugin v25.4 (Yoast SEO v27.4) - https:\/\/yoast.com\/product\/yoast-seo-premium-wordpress\/ -->\n<title>POL\u00cdTICAS DA EMPRESA - Dreamy Tours<\/title>\n<meta name=\"description\" content=\"\u201cO sistema peruano de servi\u00e7os e produ\u00e7\u00f5es \u00e9 diferente do seu pa\u00eds, recomendamos que voc\u00ea leia com aten\u00e7\u00e3o.\u201d\" \/>\n<meta name=\"robots\" content=\"index, follow, max-snippet:-1, max-image-preview:large, max-video-preview:-1\" \/>\n<link rel=\"canonical\" href=\"https:\/\/dreamy.tours\/pt-br\/politicas-da-empresa\/\" \/>\n<meta property=\"og:locale\" content=\"pt_BR\" \/>\n<meta property=\"og:type\" content=\"article\" \/>\n<meta property=\"og:title\" content=\"POL\u00cdTICAS DA EMPRESA\" \/>\n<meta property=\"og:description\" content=\"\u201cO sistema peruano de servi\u00e7os e produ\u00e7\u00f5es \u00e9 diferente do seu pa\u00eds, recomendamos que voc\u00ea leia com aten\u00e7\u00e3o.\u201d\" \/>\n<meta property=\"og:url\" content=\"https:\/\/dreamy.tours\/pt-br\/politicas-da-empresa\/\" \/>\n<meta property=\"og:site_name\" content=\"Dreamy Tours\" \/>\n<meta property=\"article:publisher\" content=\"https:\/\/www.facebook.com\/dreamytours\" \/>\n<meta property=\"article:modified_time\" content=\"2022-08-17T20:31:44+00:00\" \/>\n<meta property=\"og:image\" content=\"https:\/\/dreamy.tours\/wp-content\/uploads\/2021\/09\/paquetes-peru-dreamy-tours.png\" \/>\n\t<meta property=\"og:image:width\" content=\"1916\" \/>\n\t<meta property=\"og:image:height\" content=\"601\" \/>\n\t<meta property=\"og:image:type\" content=\"image\/png\" \/>\n<meta name=\"twitter:card\" content=\"summary_large_image\" \/>\n<meta name=\"twitter:site\" content=\"@Dreamy_tours\" \/>\n<meta name=\"twitter:label1\" content=\"Est. tempo de leitura\" \/>\n\t<meta name=\"twitter:data1\" content=\"4 minutos\" \/>\n<script type=\"application\/ld+json\" class=\"yoast-schema-graph\">{\"@context\":\"https:\\\/\\\/schema.org\",\"@graph\":[{\"@type\":\"WebPage\",\"@id\":\"https:\\\/\\\/dreamy.tours\\\/pt-br\\\/politicas-da-empresa\\\/\",\"url\":\"https:\\\/\\\/dreamy.tours\\\/pt-br\\\/politicas-da-empresa\\\/\",\"name\":\"POL\u00cdTICAS DA EMPRESA - Dreamy Tours\",\"isPartOf\":{\"@id\":\"https:\\\/\\\/dreamy.tours\\\/pt-br\\\/#website\"},\"primaryImageOfPage\":{\"@id\":\"https:\\\/\\\/dreamy.tours\\\/pt-br\\\/politicas-da-empresa\\\/#primaryimage\"},\"image\":{\"@id\":\"https:\\\/\\\/dreamy.tours\\\/pt-br\\\/politicas-da-empresa\\\/#primaryimage\"},\"thumbnailUrl\":\"https:\\\/\\\/dreamy.tours\\\/wp-content\\\/uploads\\\/2021\\\/09\\\/paquetes-peru-dreamy-tours.png\",\"datePublished\":\"2021-10-05T21:28:15+00:00\",\"dateModified\":\"2022-08-17T20:31:44+00:00\",\"description\":\"\u201cO sistema peruano de servi\u00e7os e produ\u00e7\u00f5es \u00e9 diferente do seu pa\u00eds, recomendamos que voc\u00ea leia com aten\u00e7\u00e3o.\u201d\",\"breadcrumb\":{\"@id\":\"https:\\\/\\\/dreamy.tours\\\/pt-br\\\/politicas-da-empresa\\\/#breadcrumb\"},\"inLanguage\":\"pt-BR\",\"potentialAction\":[{\"@type\":\"ReadAction\",\"target\":[\"https:\\\/\\\/dreamy.tours\\\/pt-br\\\/politicas-da-empresa\\\/\"]}]},{\"@type\":\"ImageObject\",\"inLanguage\":\"pt-BR\",\"@id\":\"https:\\\/\\\/dreamy.tours\\\/pt-br\\\/politicas-da-empresa\\\/#primaryimage\",\"url\":\"https:\\\/\\\/dreamy.tours\\\/wp-content\\\/uploads\\\/2021\\\/09\\\/paquetes-peru-dreamy-tours.png\",\"contentUrl\":\"https:\\\/\\\/dreamy.tours\\\/wp-content\\\/uploads\\\/2021\\\/09\\\/paquetes-peru-dreamy-tours.png\",\"width\":1916,\"height\":601},{\"@type\":\"BreadcrumbList\",\"@id\":\"https:\\\/\\\/dreamy.tours\\\/pt-br\\\/politicas-da-empresa\\\/#breadcrumb\",\"itemListElement\":[{\"@type\":\"ListItem\",\"position\":1,\"name\":\"Home\",\"item\":\"https:\\\/\\\/dreamy.tours\\\/pt-br\\\/\"},{\"@type\":\"ListItem\",\"position\":2,\"name\":\"POL\u00cdTICAS DA EMPRESA\"}]},{\"@type\":\"WebSite\",\"@id\":\"https:\\\/\\\/dreamy.tours\\\/pt-br\\\/#website\",\"url\":\"https:\\\/\\\/dreamy.tours\\\/pt-br\\\/\",\"name\":\"Dreamy Tours\",\"description\":\"\",\"publisher\":{\"@id\":\"https:\\\/\\\/dreamy.tours\\\/pt-br\\\/#organization\"},\"potentialAction\":[{\"@type\":\"SearchAction\",\"target\":{\"@type\":\"EntryPoint\",\"urlTemplate\":\"https:\\\/\\\/dreamy.tours\\\/pt-br\\\/?s={search_term_string}\"},\"query-input\":{\"@type\":\"PropertyValueSpecification\",\"valueRequired\":true,\"valueName\":\"search_term_string\"}}],\"inLanguage\":\"pt-BR\"},{\"@type\":\"Organization\",\"@id\":\"https:\\\/\\\/dreamy.tours\\\/pt-br\\\/#organization\",\"name\":\"Dreamy Tours\",\"url\":\"https:\\\/\\\/dreamy.tours\\\/pt-br\\\/\",\"logo\":{\"@type\":\"ImageObject\",\"inLanguage\":\"pt-BR\",\"@id\":\"https:\\\/\\\/dreamy.tours\\\/pt-br\\\/#\\\/schema\\\/logo\\\/image\\\/\",\"url\":\"https:\\\/\\\/dreamy.tours\\\/wp-content\\\/uploads\\\/dreamy-tour-cuadrado.jpg\",\"contentUrl\":\"https:\\\/\\\/dreamy.tours\\\/wp-content\\\/uploads\\\/dreamy-tour-cuadrado.jpg\",\"width\":696,\"height\":696,\"caption\":\"Dreamy Tours\"},\"image\":{\"@id\":\"https:\\\/\\\/dreamy.tours\\\/pt-br\\\/#\\\/schema\\\/logo\\\/image\\\/\"},\"sameAs\":[\"https:\\\/\\\/www.facebook.com\\\/dreamytours\",\"https:\\\/\\\/x.com\\\/Dreamy_tours\",\"https:\\\/\\\/www.instagram.com\\\/dreamy_tours\\\/\",\"https:\\\/\\\/www.pinterest.es\\\/dreamy_tours\\\/\",\"https:\\\/\\\/www.youtube.com\\\/channel\\\/UCGKP_C9x8GBYl7l8D0QD9Fg\"]}]}<\/script>\n<!-- \/ Yoast SEO Premium plugin. -->","yoast_head_json":{"title":"POL\u00cdTICAS DA EMPRESA - Dreamy Tours","description":"\u201cO sistema peruano de servi\u00e7os e produ\u00e7\u00f5es \u00e9 diferente do seu pa\u00eds, recomendamos que voc\u00ea leia com aten\u00e7\u00e3o.\u201d","robots":{"index":"index","follow":"follow","max-snippet":"max-snippet:-1","max-image-preview":"max-image-preview:large","max-video-preview":"max-video-preview:-1"},"canonical":"https:\/\/dreamy.tours\/pt-br\/politicas-da-empresa\/","og_locale":"pt_BR","og_type":"article","og_title":"POL\u00cdTICAS DA EMPRESA","og_description":"\u201cO sistema peruano de servi\u00e7os e produ\u00e7\u00f5es \u00e9 diferente do seu pa\u00eds, recomendamos que voc\u00ea leia com aten\u00e7\u00e3o.\u201d","og_url":"https:\/\/dreamy.tours\/pt-br\/politicas-da-empresa\/","og_site_name":"Dreamy Tours","article_publisher":"https:\/\/www.facebook.com\/dreamytours","article_modified_time":"2022-08-17T20:31:44+00:00","og_image":[{"width":1916,"height":601,"url":"https:\/\/dreamy.tours\/wp-content\/uploads\/2021\/09\/paquetes-peru-dreamy-tours.png","type":"image\/png"}],"twitter_card":"summary_large_image","twitter_site":"@Dreamy_tours","twitter_misc":{"Est. tempo de leitura":"4 minutos"},"schema":{"@context":"https:\/\/schema.org","@graph":[{"@type":"WebPage","@id":"https:\/\/dreamy.tours\/pt-br\/politicas-da-empresa\/","url":"https:\/\/dreamy.tours\/pt-br\/politicas-da-empresa\/","name":"POL\u00cdTICAS DA EMPRESA - Dreamy Tours","isPartOf":{"@id":"https:\/\/dreamy.tours\/pt-br\/#website"},"primaryImageOfPage":{"@id":"https:\/\/dreamy.tours\/pt-br\/politicas-da-empresa\/#primaryimage"},"image":{"@id":"https:\/\/dreamy.tours\/pt-br\/politicas-da-empresa\/#primaryimage"},"thumbnailUrl":"https:\/\/dreamy.tours\/wp-content\/uploads\/2021\/09\/paquetes-peru-dreamy-tours.png","datePublished":"2021-10-05T21:28:15+00:00","dateModified":"2022-08-17T20:31:44+00:00","description":"\u201cO sistema peruano de servi\u00e7os e produ\u00e7\u00f5es \u00e9 diferente do seu pa\u00eds, recomendamos que voc\u00ea leia com aten\u00e7\u00e3o.\u201d","breadcrumb":{"@id":"https:\/\/dreamy.tours\/pt-br\/politicas-da-empresa\/#breadcrumb"},"inLanguage":"pt-BR","potentialAction":[{"@type":"ReadAction","target":["https:\/\/dreamy.tours\/pt-br\/politicas-da-empresa\/"]}]},{"@type":"ImageObject","inLanguage":"pt-BR","@id":"https:\/\/dreamy.tours\/pt-br\/politicas-da-empresa\/#primaryimage","url":"https:\/\/dreamy.tours\/wp-content\/uploads\/2021\/09\/paquetes-peru-dreamy-tours.png","contentUrl":"https:\/\/dreamy.tours\/wp-content\/uploads\/2021\/09\/paquetes-peru-dreamy-tours.png","width":1916,"height":601},{"@type":"BreadcrumbList","@id":"https:\/\/dreamy.tours\/pt-br\/politicas-da-empresa\/#breadcrumb","itemListElement":[{"@type":"ListItem","position":1,"name":"Home","item":"https:\/\/dreamy.tours\/pt-br\/"},{"@type":"ListItem","position":2,"name":"POL\u00cdTICAS DA EMPRESA"}]},{"@type":"WebSite","@id":"https:\/\/dreamy.tours\/pt-br\/#website","url":"https:\/\/dreamy.tours\/pt-br\/","name":"Dreamy Tours","description":"","publisher":{"@id":"https:\/\/dreamy.tours\/pt-br\/#organization"},"potentialAction":[{"@type":"SearchAction","target":{"@type":"EntryPoint","urlTemplate":"https:\/\/dreamy.tours\/pt-br\/?s={search_term_string}"},"query-input":{"@type":"PropertyValueSpecification","valueRequired":true,"valueName":"search_term_string"}}],"inLanguage":"pt-BR"},{"@type":"Organization","@id":"https:\/\/dreamy.tours\/pt-br\/#organization","name":"Dreamy Tours","url":"https:\/\/dreamy.tours\/pt-br\/","logo":{"@type":"ImageObject","inLanguage":"pt-BR","@id":"https:\/\/dreamy.tours\/pt-br\/#\/schema\/logo\/image\/","url":"https:\/\/dreamy.tours\/wp-content\/uploads\/dreamy-tour-cuadrado.jpg","contentUrl":"https:\/\/dreamy.tours\/wp-content\/uploads\/dreamy-tour-cuadrado.jpg","width":696,"height":696,"caption":"Dreamy Tours"},"image":{"@id":"https:\/\/dreamy.tours\/pt-br\/#\/schema\/logo\/image\/"},"sameAs":["https:\/\/www.facebook.com\/dreamytours","https:\/\/x.com\/Dreamy_tours","https:\/\/www.instagram.com\/dreamy_tours\/","https:\/\/www.pinterest.es\/dreamy_tours\/","https:\/\/www.youtube.com\/channel\/UCGKP_C9x8GBYl7l8D0QD9Fg"]}]}},"coauthors":[],"author_meta":{"author_link":"https:\/\/dreamy.tours\/pt-br\/blog\/author\/admin_dt\/","display_name":"Dreamy Tours"},"relative_dates":{"created":"Publicado 5 anos atr\u00e1s","modified":"Atualizado 4 anos atr\u00e1s"},"absolute_dates":{"created":"Publicado em 5 outubro, 2021","modified":"Atualizado em 17 agosto, 2022"},"absolute_dates_time":{"created":"Publicado em 5 outubro, 2021 4:28 pm","modified":"Atualizado em 17 agosto, 2022 3:31 pm"},"featured_img_caption":"","featured_img":"https:\/\/dreamy.tours\/wp-content\/uploads\/2021\/09\/paquetes-peru-dreamy-tours.png","series_order":"","_links":{"self":[{"href":"https:\/\/dreamy.tours\/pt-br\/wp-json\/wp\/v2\/pages\/7405","targetHints":{"allow":["GET"]}}],"collection":[{"href":"https:\/\/dreamy.tours\/pt-br\/wp-json\/wp\/v2\/pages"}],"about":[{"href":"https:\/\/dreamy.tours\/pt-br\/wp-json\/wp\/v2\/types\/page"}],"author":[{"embeddable":true,"href":"https:\/\/dreamy.tours\/pt-br\/wp-json\/wp\/v2\/users\/1"}],"replies":[{"embeddable":true,"href":"https:\/\/dreamy.tours\/pt-br\/wp-json\/wp\/v2\/comments?post=7405"}],"version-history":[{"count":0,"href":"https:\/\/dreamy.tours\/pt-br\/wp-json\/wp\/v2\/pages\/7405\/revisions"}],"wp:featuredmedia":[{"embeddable":true,"href":"https:\/\/dreamy.tours\/pt-br\/wp-json\/wp\/v2\/media\/4541"}],"wp:attachment":[{"href":"https:\/\/dreamy.tours\/pt-br\/wp-json\/wp\/v2\/media?parent=7405"}],"curies":[{"name":"wp","href":"https:\/\/api.w.org\/{rel}","templated":true}]}}