{"id":7159,"date":"2025-02-07T13:50:00","date_gmt":"2025-02-07T18:50:00","guid":{"rendered":"https:\/\/dreamy.tours\/?page_id=7159"},"modified":"2025-08-07T18:12:41","modified_gmt":"2025-08-07T23:12:41","slug":"cusco","status":"publish","type":"page","link":"https:\/\/dreamy.tours\/pt-br\/cusco\/","title":{"rendered":"Passeios em Cusco"},"content":{"rendered":"\n<div class=\"wp-block-advgb-columns advgb-columns-wrapper\" id=\"advgb-cols-3baf3db1-7430-4be5-b986-eef46d0ce39e\"><div class=\"advgb-columns-container\"><div class=\"advgb-columns advgb-columns-row advgb-is-mobile advgb-columns-2 layout-12-12 mbl-layout-stacked gutter-30 vgutter-10\">\n<div class=\"wp-block-advgb-column advgb-column\" id=\"advgb-col-8cb34b2c-8a77-431e-af56-2efaf35f9ed6\"><div class=\"advgb-column-inner\" style=\"border-style:none;border-width:1px\">\n<p>A Magia de Cusco: Uma Jornada Al\u00e9m do Convencional<\/p>\n\n\n\n<p>Imagine um destino onde cada pedra conta uma hist\u00f3ria, onde cada caminho \u00e9 um portal para o passado e cada paisagem convida voc\u00ea a uma aventura \u00fanica. Bem-vindo a Cusco, o cora\u00e7\u00e3o do antigo Imp\u00e9rio Inca, um lugar onde a hist\u00f3ria n\u00e3o \u00e9 observada, mas vivenciada.<\/p>\n\n\n\n<p>Convidamos voc\u00ea a uma jornada que vai al\u00e9m do turismo convencional. Uma jornada onde cada momento \u00e9 uma oportunidade para se maravilhar, onde cada passo \u00e9 uma descoberta e onde Cusco se revelar\u00e1 n\u00e3o como um destino, mas como uma experi\u00eancia que transformar\u00e1 sua maneira de ver o mundo.<\/p>\n\n\n\n<p>Na Dreamy Tours, acreditamos que o turismo em Cusco deve ser aut\u00eantico e memor\u00e1vel. Explore nossos pacotes e vivencie o melhor desta terra andina.<\/p>\n\n\n\n<p><strong><a href=\"https:\/\/dreamy.tours\/pt-br\/planeje-sua-viagem\/\">Planeje sua visita \u00e0 Cidade Imperial hoje mesmo!<\/a><\/strong><\/p>\n<\/div><\/div>\n\n\n\n<div class=\"wp-block-advgb-column advgb-column\" id=\"advgb-col-31880531-3c8d-4c37-a2a8-deab37b1755e\"><div class=\"advgb-column-inner\" style=\"border-style:none;border-width:1px\">\n<iframe loading=\"lazy\" src=\"https:\/\/www.youtube.com\/embed\/6R-e1_mP1v0\" title=\"YouTube video player\" allow=\"accelerometer; autoplay; clipboard-write; encrypted-media; gyroscope; picture-in-picture\" allowfullscreen=\"\" width=\"100%\" height=\"350\" frameborder=\"0\"><\/iframe>\n<\/div><\/div>\n<\/div><\/div><\/div>\n\n\n\n<div style=\"height:20px\" aria-hidden=\"true\" class=\"wp-block-spacer\"><\/div>\n\n\n\n<div style=\"height:20px\" aria-hidden=\"true\" class=\"wp-block-spacer\"><\/div>\n<style class=\"advgb-styles-renderer\">#advgb-col-8cb34b2c-8a77-431e-af56-2efaf35f9ed6>.advgb-column-inner{}@media screen and (max-width: 1023px) {#advgb-col-8cb34b2c-8a77-431e-af56-2efaf35f9ed6>.advgb-column-inner{}}@media screen and (max-width: 767px) {#advgb-col-8cb34b2c-8a77-431e-af56-2efaf35f9ed6>.advgb-column-inner{}}#advgb-col-31880531-3c8d-4c37-a2a8-deab37b1755e>.advgb-column-inner{}@media screen and (max-width: 1023px) {#advgb-col-31880531-3c8d-4c37-a2a8-deab37b1755e>.advgb-column-inner{}}@media screen and (max-width: 767px) {#advgb-col-31880531-3c8d-4c37-a2a8-deab37b1755e>.advgb-column-inner{}}#advgb-cols-3baf3db1-7430-4be5-b986-eef46d0ce39e{}@media screen and (max-width: 1023px) {#advgb-cols-3baf3db1-7430-4be5-b986-eef46d0ce39e{}}@media screen and (max-width: 767px) {#advgb-cols-3baf3db1-7430-4be5-b986-eef46d0ce39e{}}#advgb-col-8cb34b2c-8a77-431e-af56-2efaf35f9ed6>.advgb-column-inner{}@media screen and (max-width: 1023px) {#advgb-col-8cb34b2c-8a77-431e-af56-2efaf35f9ed6>.advgb-column-inner{}}@media screen and (max-width: 767px) {#advgb-col-8cb34b2c-8a77-431e-af56-2efaf35f9ed6>.advgb-column-inner{}}#advgb-col-31880531-3c8d-4c37-a2a8-deab37b1755e>.advgb-column-inner{}@media screen and (max-width: 1023px) {#advgb-col-31880531-3c8d-4c37-a2a8-deab37b1755e>.advgb-column-inner{}}@media screen and (max-width: 767px) {#advgb-col-31880531-3c8d-4c37-a2a8-deab37b1755e>.advgb-column-inner{}}<\/style>","protected":false},"excerpt":{"rendered":"","protected":false},"author":1,"featured_media":3256,"parent":0,"menu_order":0,"comment_status":"closed","ping_status":"closed","template":"page-cusco.php","meta":{"_acf_changed":false,"advgb_blocks_editor_width":"","advgb_blocks_columns_visual_guide":"","footnotes":""},"class_list":["post-7159","page","type-page","status-publish","has-post-thumbnail","hentry"],"acf":[],"yoast_head":"<!-- This site is optimized with the Yoast SEO Premium plugin v25.4 (Yoast SEO v27.3) - https:\/\/yoast.com\/product\/yoast-seo-premium-wordpress\/ -->\n<title>Passeios em Cusco | Machu Picchu - Trilhas| DREAMY TOURS<\/title>\n<meta name=\"description\" content=\"Convidamos voc\u00ea a conhecer nossa sele\u00e7\u00e3o de tours em Cusco, como Tours de um dia, Tours a Machu Picchu, Excurs\u00f5es e Treks planejados para voc\u00ea\" \/>\n<meta name=\"robots\" content=\"index, follow, max-snippet:-1, max-image-preview:large, max-video-preview:-1\" \/>\n<link rel=\"canonical\" href=\"https:\/\/dreamy.tours\/pt-br\/cusco\/\" \/>\n<meta property=\"og:locale\" content=\"pt_BR\" \/>\n<meta property=\"og:type\" content=\"article\" \/>\n<meta property=\"og:title\" content=\"Passeios em Cusco\" \/>\n<meta property=\"og:description\" content=\"Convidamos voc\u00ea a conhecer nossa sele\u00e7\u00e3o de tours em Cusco, como Tours de um dia, Tours a Machu Picchu, Excurs\u00f5es e Treks planejados para voc\u00ea\" \/>\n<meta property=\"og:url\" content=\"https:\/\/dreamy.tours\/pt-br\/cusco\/\" \/>\n<meta property=\"og:site_name\" content=\"Dreamy Tours\" \/>\n<meta property=\"article:publisher\" content=\"https:\/\/www.facebook.com\/dreamytours\" \/>\n<meta property=\"article:modified_time\" content=\"2025-08-07T23:12:41+00:00\" \/>\n<meta property=\"og:image\" content=\"https:\/\/dreamy.tours\/wp-content\/uploads\/2021\/09\/plaza-de-cusco-portada.jpg\" \/>\n\t<meta property=\"og:image:width\" content=\"1900\" \/>\n\t<meta property=\"og:image:height\" content=\"600\" \/>\n\t<meta property=\"og:image:type\" content=\"image\/jpeg\" \/>\n<meta name=\"twitter:card\" content=\"summary_large_image\" \/>\n<meta name=\"twitter:site\" content=\"@Dreamy_tours\" \/>\n<meta name=\"twitter:label1\" content=\"Est. tempo de leitura\" \/>\n\t<meta name=\"twitter:data1\" content=\"1 minuto\" \/>\n<script type=\"application\/ld+json\" class=\"yoast-schema-graph\">{\"@context\":\"https:\\\/\\\/schema.org\",\"@graph\":[{\"@type\":\"WebPage\",\"@id\":\"https:\\\/\\\/dreamy.tours\\\/pt-br\\\/cusco\\\/\",\"url\":\"https:\\\/\\\/dreamy.tours\\\/pt-br\\\/cusco\\\/\",\"name\":\"Passeios em Cusco | Machu Picchu - Trilhas| DREAMY TOURS\",\"isPartOf\":{\"@id\":\"https:\\\/\\\/dreamy.tours\\\/pt-br\\\/#website\"},\"primaryImageOfPage\":{\"@id\":\"https:\\\/\\\/dreamy.tours\\\/pt-br\\\/cusco\\\/#primaryimage\"},\"image\":{\"@id\":\"https:\\\/\\\/dreamy.tours\\\/pt-br\\\/cusco\\\/#primaryimage\"},\"thumbnailUrl\":\"https:\\\/\\\/dreamy.tours\\\/wp-content\\\/uploads\\\/2021\\\/09\\\/plaza-de-cusco-portada.jpg\",\"datePublished\":\"2025-02-07T18:50:00+00:00\",\"dateModified\":\"2025-08-07T23:12:41+00:00\",\"description\":\"Convidamos voc\u00ea a conhecer nossa sele\u00e7\u00e3o de tours em Cusco, como Tours de um dia, Tours a Machu Picchu, Excurs\u00f5es e Treks planejados para voc\u00ea\",\"breadcrumb\":{\"@id\":\"https:\\\/\\\/dreamy.tours\\\/pt-br\\\/cusco\\\/#breadcrumb\"},\"inLanguage\":\"pt-BR\",\"potentialAction\":[{\"@type\":\"ReadAction\",\"target\":[\"https:\\\/\\\/dreamy.tours\\\/pt-br\\\/cusco\\\/\"]}]},{\"@type\":\"ImageObject\",\"inLanguage\":\"pt-BR\",\"@id\":\"https:\\\/\\\/dreamy.tours\\\/pt-br\\\/cusco\\\/#primaryimage\",\"url\":\"https:\\\/\\\/dreamy.tours\\\/wp-content\\\/uploads\\\/2021\\\/09\\\/plaza-de-cusco-portada.jpg\",\"contentUrl\":\"https:\\\/\\\/dreamy.tours\\\/wp-content\\\/uploads\\\/2021\\\/09\\\/plaza-de-cusco-portada.jpg\",\"width\":1900,\"height\":600,\"caption\":\"Plaza Cusco\"},{\"@type\":\"BreadcrumbList\",\"@id\":\"https:\\\/\\\/dreamy.tours\\\/pt-br\\\/cusco\\\/#breadcrumb\",\"itemListElement\":[{\"@type\":\"ListItem\",\"position\":1,\"name\":\"Home\",\"item\":\"https:\\\/\\\/dreamy.tours\\\/pt-br\\\/\"},{\"@type\":\"ListItem\",\"position\":2,\"name\":\"Passeios em Cusco\"}]},{\"@type\":\"WebSite\",\"@id\":\"https:\\\/\\\/dreamy.tours\\\/pt-br\\\/#website\",\"url\":\"https:\\\/\\\/dreamy.tours\\\/pt-br\\\/\",\"name\":\"Dreamy Tours\",\"description\":\"\",\"publisher\":{\"@id\":\"https:\\\/\\\/dreamy.tours\\\/pt-br\\\/#organization\"},\"potentialAction\":[{\"@type\":\"SearchAction\",\"target\":{\"@type\":\"EntryPoint\",\"urlTemplate\":\"https:\\\/\\\/dreamy.tours\\\/pt-br\\\/?s={search_term_string}\"},\"query-input\":{\"@type\":\"PropertyValueSpecification\",\"valueRequired\":true,\"valueName\":\"search_term_string\"}}],\"inLanguage\":\"pt-BR\"},{\"@type\":\"Organization\",\"@id\":\"https:\\\/\\\/dreamy.tours\\\/pt-br\\\/#organization\",\"name\":\"Dreamy Tours\",\"url\":\"https:\\\/\\\/dreamy.tours\\\/pt-br\\\/\",\"logo\":{\"@type\":\"ImageObject\",\"inLanguage\":\"pt-BR\",\"@id\":\"https:\\\/\\\/dreamy.tours\\\/pt-br\\\/#\\\/schema\\\/logo\\\/image\\\/\",\"url\":\"https:\\\/\\\/dreamy.tours\\\/wp-content\\\/uploads\\\/dreamy-tour-cuadrado.jpg\",\"contentUrl\":\"https:\\\/\\\/dreamy.tours\\\/wp-content\\\/uploads\\\/dreamy-tour-cuadrado.jpg\",\"width\":696,\"height\":696,\"caption\":\"Dreamy Tours\"},\"image\":{\"@id\":\"https:\\\/\\\/dreamy.tours\\\/pt-br\\\/#\\\/schema\\\/logo\\\/image\\\/\"},\"sameAs\":[\"https:\\\/\\\/www.facebook.com\\\/dreamytours\",\"https:\\\/\\\/x.com\\\/Dreamy_tours\",\"https:\\\/\\\/www.instagram.com\\\/dreamy_tours\\\/\",\"https:\\\/\\\/www.pinterest.es\\\/dreamy_tours\\\/\",\"https:\\\/\\\/www.youtube.com\\\/channel\\\/UCGKP_C9x8GBYl7l8D0QD9Fg\"]}]}<\/script>\n<!-- \/ Yoast SEO Premium plugin. -->","yoast_head_json":{"title":"Passeios em Cusco | Machu Picchu - Trilhas| DREAMY TOURS","description":"Convidamos voc\u00ea a conhecer nossa sele\u00e7\u00e3o de tours em Cusco, como Tours de um dia, Tours a Machu Picchu, Excurs\u00f5es e Treks planejados para voc\u00ea","robots":{"index":"index","follow":"follow","max-snippet":"max-snippet:-1","max-image-preview":"max-image-preview:large","max-video-preview":"max-video-preview:-1"},"canonical":"https:\/\/dreamy.tours\/pt-br\/cusco\/","og_locale":"pt_BR","og_type":"article","og_title":"Passeios em Cusco","og_description":"Convidamos voc\u00ea a conhecer nossa sele\u00e7\u00e3o de tours em Cusco, como Tours de um dia, Tours a Machu Picchu, Excurs\u00f5es e Treks planejados para voc\u00ea","og_url":"https:\/\/dreamy.tours\/pt-br\/cusco\/","og_site_name":"Dreamy Tours","article_publisher":"https:\/\/www.facebook.com\/dreamytours","article_modified_time":"2025-08-07T23:12:41+00:00","og_image":[{"width":1900,"height":600,"url":"https:\/\/dreamy.tours\/wp-content\/uploads\/2021\/09\/plaza-de-cusco-portada.jpg","type":"image\/jpeg"}],"twitter_card":"summary_large_image","twitter_site":"@Dreamy_tours","twitter_misc":{"Est. tempo de leitura":"1 minuto"},"schema":{"@context":"https:\/\/schema.org","@graph":[{"@type":"WebPage","@id":"https:\/\/dreamy.tours\/pt-br\/cusco\/","url":"https:\/\/dreamy.tours\/pt-br\/cusco\/","name":"Passeios em Cusco | Machu Picchu - Trilhas| DREAMY TOURS","isPartOf":{"@id":"https:\/\/dreamy.tours\/pt-br\/#website"},"primaryImageOfPage":{"@id":"https:\/\/dreamy.tours\/pt-br\/cusco\/#primaryimage"},"image":{"@id":"https:\/\/dreamy.tours\/pt-br\/cusco\/#primaryimage"},"thumbnailUrl":"https:\/\/dreamy.tours\/wp-content\/uploads\/2021\/09\/plaza-de-cusco-portada.jpg","datePublished":"2025-02-07T18:50:00+00:00","dateModified":"2025-08-07T23:12:41+00:00","description":"Convidamos voc\u00ea a conhecer nossa sele\u00e7\u00e3o de tours em Cusco, como Tours de um dia, Tours a Machu Picchu, Excurs\u00f5es e Treks planejados para voc\u00ea","breadcrumb":{"@id":"https:\/\/dreamy.tours\/pt-br\/cusco\/#breadcrumb"},"inLanguage":"pt-BR","potentialAction":[{"@type":"ReadAction","target":["https:\/\/dreamy.tours\/pt-br\/cusco\/"]}]},{"@type":"ImageObject","inLanguage":"pt-BR","@id":"https:\/\/dreamy.tours\/pt-br\/cusco\/#primaryimage","url":"https:\/\/dreamy.tours\/wp-content\/uploads\/2021\/09\/plaza-de-cusco-portada.jpg","contentUrl":"https:\/\/dreamy.tours\/wp-content\/uploads\/2021\/09\/plaza-de-cusco-portada.jpg","width":1900,"height":600,"caption":"Plaza Cusco"},{"@type":"BreadcrumbList","@id":"https:\/\/dreamy.tours\/pt-br\/cusco\/#breadcrumb","itemListElement":[{"@type":"ListItem","position":1,"name":"Home","item":"https:\/\/dreamy.tours\/pt-br\/"},{"@type":"ListItem","position":2,"name":"Passeios em Cusco"}]},{"@type":"WebSite","@id":"https:\/\/dreamy.tours\/pt-br\/#website","url":"https:\/\/dreamy.tours\/pt-br\/","name":"Dreamy Tours","description":"","publisher":{"@id":"https:\/\/dreamy.tours\/pt-br\/#organization"},"potentialAction":[{"@type":"SearchAction","target":{"@type":"EntryPoint","urlTemplate":"https:\/\/dreamy.tours\/pt-br\/?s={search_term_string}"},"query-input":{"@type":"PropertyValueSpecification","valueRequired":true,"valueName":"search_term_string"}}],"inLanguage":"pt-BR"},{"@type":"Organization","@id":"https:\/\/dreamy.tours\/pt-br\/#organization","name":"Dreamy Tours","url":"https:\/\/dreamy.tours\/pt-br\/","logo":{"@type":"ImageObject","inLanguage":"pt-BR","@id":"https:\/\/dreamy.tours\/pt-br\/#\/schema\/logo\/image\/","url":"https:\/\/dreamy.tours\/wp-content\/uploads\/dreamy-tour-cuadrado.jpg","contentUrl":"https:\/\/dreamy.tours\/wp-content\/uploads\/dreamy-tour-cuadrado.jpg","width":696,"height":696,"caption":"Dreamy Tours"},"image":{"@id":"https:\/\/dreamy.tours\/pt-br\/#\/schema\/logo\/image\/"},"sameAs":["https:\/\/www.facebook.com\/dreamytours","https:\/\/x.com\/Dreamy_tours","https:\/\/www.instagram.com\/dreamy_tours\/","https:\/\/www.pinterest.es\/dreamy_tours\/","https:\/\/www.youtube.com\/channel\/UCGKP_C9x8GBYl7l8D0QD9Fg"]}]}},"coauthors":[],"author_meta":{"author_link":"https:\/\/dreamy.tours\/pt-br\/blog\/author\/admin_dt\/","display_name":"Dreamy Tours"},"relative_dates":{"created":"Publicado 1 ano atr\u00e1s","modified":"Atualizado 8 meses atr\u00e1s"},"absolute_dates":{"created":"Publicado em 7 fevereiro, 2025","modified":"Atualizado em 7 agosto, 2025"},"absolute_dates_time":{"created":"Publicado em 7 fevereiro, 2025 1:50 pm","modified":"Atualizado em 7 agosto, 2025 6:12 pm"},"featured_img_caption":"Plaza Cusco","featured_img":"https:\/\/dreamy.tours\/wp-content\/uploads\/2021\/09\/plaza-de-cusco-portada.jpg","series_order":"","_links":{"self":[{"href":"https:\/\/dreamy.tours\/pt-br\/wp-json\/wp\/v2\/pages\/7159","targetHints":{"allow":["GET"]}}],"collection":[{"href":"https:\/\/dreamy.tours\/pt-br\/wp-json\/wp\/v2\/pages"}],"about":[{"href":"https:\/\/dreamy.tours\/pt-br\/wp-json\/wp\/v2\/types\/page"}],"author":[{"embeddable":true,"href":"https:\/\/dreamy.tours\/pt-br\/wp-json\/wp\/v2\/users\/1"}],"replies":[{"embeddable":true,"href":"https:\/\/dreamy.tours\/pt-br\/wp-json\/wp\/v2\/comments?post=7159"}],"version-history":[{"count":0,"href":"https:\/\/dreamy.tours\/pt-br\/wp-json\/wp\/v2\/pages\/7159\/revisions"}],"wp:featuredmedia":[{"embeddable":true,"href":"https:\/\/dreamy.tours\/pt-br\/wp-json\/wp\/v2\/media\/3256"}],"wp:attachment":[{"href":"https:\/\/dreamy.tours\/pt-br\/wp-json\/wp\/v2\/media?parent=7159"}],"curies":[{"name":"wp","href":"https:\/\/api.w.org\/{rel}","templated":true}]}}