{"id":42656,"date":"2025-10-22T15:33:17","date_gmt":"2025-10-22T20:33:17","guid":{"rendered":"https:\/\/dreamy.tours\/?page_id=42656"},"modified":"2025-10-22T15:36:06","modified_gmt":"2025-10-22T20:36:06","slug":"campanha-de-materiais-escolares","status":"publish","type":"page","link":"https:\/\/dreamy.tours\/pt-br\/projeto-social\/campanha-de-materiais-escolares\/","title":{"rendered":"Campanha de Materiais Escolares"},"content":{"rendered":"\n<p>Na&nbsp;<strong>Dreamy Tours<\/strong>, acreditamos que&nbsp;<strong>toda crian\u00e7a merece come\u00e7ar o ano letivo com alegria e as ferramentas necess\u00e1rias para aprender<\/strong>. H\u00e1 v\u00e1rios anos, nossa equipe se une para levar&nbsp;<strong>materiais escolares, mochilas e materiais educativos<\/strong>&nbsp;para crian\u00e7as de comunidades rurais de Cusco e do Vale Sagrado.<\/p>\n\n\n\n<p><strong>Essa iniciativa nasceu do desejo de apoiar a educa\u00e7\u00e3o<\/strong>&nbsp;e motivar os mais pequenos a continuarem sonhando.&nbsp;<strong>Cada entrega \u00e9 uma oportunidade<\/strong>&nbsp;de compartilhar sorrisos e esperan\u00e7a, e de lembrar que&nbsp;<strong>a educa\u00e7\u00e3o \u00e9 o caminho para um futuro melhor<\/strong>.<\/p>\n\n\n\n<p>Mais do que entregar materiais,&nbsp;<strong>buscamos semear confian\u00e7a e alegria em cada crian\u00e7a<\/strong>, reafirmando nosso compromisso com as comunidades que sempre nos recebem de bra\u00e7os abertos. Na&nbsp;<strong>Dreamy Tours<\/strong>, seguimos acreditando que&nbsp;<strong>um pequeno gesto pode mudar muitas hist\u00f3rias<\/strong>.<\/p>\n\n\n\n<div class=\"wp-block-advgb-columns advgb-columns-wrapper\" id=\"advgb-cols-1b670a36-91ad-4ce1-9b27-1472fa867a0a\"><div class=\"advgb-columns-container\"><div class=\"advgb-columns advgb-columns-row advgb-is-mobile advgb-columns-1 layout-100 mbl-layout-stacked vgutter-10\">\n<div class=\"wp-block-advgb-column advgb-column\" id=\"advgb-col-f7807e96-03e8-4713-a899-5c353189bc6e\"><div class=\"advgb-column-inner\" style=\"border-style:solid;border-width:1px;border-radius:5px\">\n<figure class=\"wp-block-gallery has-nested-images columns-default is-cropped wp-block-gallery-1 is-layout-flex wp-block-gallery-is-layout-flex\">\n<figure class=\"wp-block-image size-large\"><img decoding=\"async\" width=\"1200\" height=\"686\" data-id=\"42499\" src=\"https:\/\/dreamy.tours\/wp-content\/uploads\/utiles-5.webp\" alt=\"\" class=\"wp-image-42499\" srcset=\"https:\/\/dreamy.tours\/wp-content\/uploads\/utiles-5.webp 1200w, https:\/\/dreamy.tours\/wp-content\/uploads\/utiles-5-768x439.webp 768w\" sizes=\"(max-width: 1200px) 100vw, 1200px\" \/><\/figure>\n\n\n\n<figure class=\"wp-block-image size-large\"><img decoding=\"async\" width=\"1200\" height=\"686\" data-id=\"42504\" src=\"https:\/\/dreamy.tours\/wp-content\/uploads\/utiles-4.webp\" alt=\"\" class=\"wp-image-42504\" srcset=\"https:\/\/dreamy.tours\/wp-content\/uploads\/utiles-4.webp 1200w, https:\/\/dreamy.tours\/wp-content\/uploads\/utiles-4-768x439.webp 768w\" sizes=\"(max-width: 1200px) 100vw, 1200px\" \/><\/figure>\n\n\n\n<figure class=\"wp-block-image size-large\"><img decoding=\"async\" width=\"1200\" height=\"686\" data-id=\"42505\" src=\"https:\/\/dreamy.tours\/wp-content\/uploads\/utiles-3.webp\" alt=\"\" class=\"wp-image-42505\" srcset=\"https:\/\/dreamy.tours\/wp-content\/uploads\/utiles-3.webp 1200w, https:\/\/dreamy.tours\/wp-content\/uploads\/utiles-3-768x439.webp 768w\" sizes=\"(max-width: 1200px) 100vw, 1200px\" \/><\/figure>\n\n\n\n<figure class=\"wp-block-image size-large\"><img decoding=\"async\" width=\"1200\" height=\"686\" data-id=\"42509\" src=\"https:\/\/dreamy.tours\/wp-content\/uploads\/utiles-2.webp\" alt=\"\" class=\"wp-image-42509\" srcset=\"https:\/\/dreamy.tours\/wp-content\/uploads\/utiles-2.webp 1200w, https:\/\/dreamy.tours\/wp-content\/uploads\/utiles-2-768x439.webp 768w\" sizes=\"(max-width: 1200px) 100vw, 1200px\" \/><\/figure>\n\n\n\n<figure class=\"wp-block-image size-large\"><img decoding=\"async\" width=\"1200\" height=\"686\" data-id=\"42503\" src=\"https:\/\/dreamy.tours\/wp-content\/uploads\/utiles-1.webp\" alt=\"\" class=\"wp-image-42503\" srcset=\"https:\/\/dreamy.tours\/wp-content\/uploads\/utiles-1.webp 1200w, https:\/\/dreamy.tours\/wp-content\/uploads\/utiles-1-768x439.webp 768w\" sizes=\"(max-width: 1200px) 100vw, 1200px\" \/><\/figure>\n\n\n\n<figure class=\"wp-block-image size-large\"><img decoding=\"async\" width=\"1200\" height=\"686\" data-id=\"42502\" src=\"https:\/\/dreamy.tours\/wp-content\/uploads\/utiles.webp\" alt=\"\" class=\"wp-image-42502\" srcset=\"https:\/\/dreamy.tours\/wp-content\/uploads\/utiles.webp 1200w, https:\/\/dreamy.tours\/wp-content\/uploads\/utiles-768x439.webp 768w\" sizes=\"(max-width: 1200px) 100vw, 1200px\" \/><\/figure>\n<\/figure>\n<\/div><\/div>\n<\/div><\/div><\/div>\n<style class=\"advgb-styles-renderer\">#advgb-col-f7807e96-03e8-4713-a899-5c353189bc6e>.advgb-column-inner{padding-top:5px;padding-right:5px;padding-bottom:5px;padding-left:5px;}@media screen and (max-width: 1023px) {#advgb-col-f7807e96-03e8-4713-a899-5c353189bc6e>.advgb-column-inner{}}@media screen and (max-width: 767px) {#advgb-col-f7807e96-03e8-4713-a899-5c353189bc6e>.advgb-column-inner{}}#advgb-cols-1b670a36-91ad-4ce1-9b27-1472fa867a0a{}@media screen and (max-width: 1023px) {#advgb-cols-1b670a36-91ad-4ce1-9b27-1472fa867a0a{}}@media screen and (max-width: 767px) {#advgb-cols-1b670a36-91ad-4ce1-9b27-1472fa867a0a{}}#advgb-col-f7807e96-03e8-4713-a899-5c353189bc6e>.advgb-column-inner{padding-top:5px;padding-right:5px;padding-bottom:5px;padding-left:5px;}@media screen and (max-width: 1023px) {#advgb-col-f7807e96-03e8-4713-a899-5c353189bc6e>.advgb-column-inner{}}@media screen and (max-width: 767px) {#advgb-col-f7807e96-03e8-4713-a899-5c353189bc6e>.advgb-column-inner{}}<\/style>","protected":false},"excerpt":{"rendered":"<p>Na&nbsp;Dreamy Tours, acreditamos que&nbsp;toda crian\u00e7a merece come\u00e7ar o ano letivo com alegria e as ferramentas necess\u00e1rias para aprender. H\u00e1 v\u00e1&#8230;<\/p>\n","protected":false},"author":5,"featured_media":42519,"parent":42616,"menu_order":0,"comment_status":"closed","ping_status":"closed","template":"","meta":{"_acf_changed":false,"advgb_blocks_editor_width":"","advgb_blocks_columns_visual_guide":"","footnotes":""},"class_list":["post-42656","page","type-page","status-publish","has-post-thumbnail","hentry"],"acf":[],"yoast_head":"<!-- This site is optimized with the Yoast SEO Premium plugin v25.4 (Yoast SEO v27.4) - https:\/\/yoast.com\/product\/yoast-seo-premium-wordpress\/ -->\n<title>Campanha de Materiais Escolares - Dreamy Tours<\/title>\n<meta name=\"description\" content=\"Entrega de material escolar: A Dreamy Tours entrega material escolar e mochilas para crian\u00e7as em comunidades rurais de Cusco. Apoiamos a educa\u00e7\u00e3o.\" \/>\n<meta name=\"robots\" content=\"index, follow, max-snippet:-1, max-image-preview:large, max-video-preview:-1\" \/>\n<link rel=\"canonical\" href=\"https:\/\/dreamy.tours\/pt-br\/projeto-social\/campanha-de-materiais-escolares\/\" \/>\n<meta property=\"og:locale\" content=\"pt_BR\" \/>\n<meta property=\"og:type\" content=\"article\" \/>\n<meta property=\"og:title\" content=\"Campanha de Materiais Escolares\" \/>\n<meta property=\"og:description\" content=\"Entrega de material escolar: A Dreamy Tours entrega material escolar e mochilas para crian\u00e7as em comunidades rurais de Cusco. Apoiamos a educa\u00e7\u00e3o.\" \/>\n<meta property=\"og:url\" content=\"https:\/\/dreamy.tours\/pt-br\/projeto-social\/campanha-de-materiais-escolares\/\" \/>\n<meta property=\"og:site_name\" content=\"Dreamy Tours\" \/>\n<meta property=\"article:publisher\" content=\"https:\/\/www.facebook.com\/dreamytours\" \/>\n<meta property=\"article:modified_time\" content=\"2025-10-22T20:36:06+00:00\" \/>\n<meta property=\"og:image\" content=\"https:\/\/dreamy.tours\/wp-content\/uploads\/proyecto-utiles-escolares.webp\" \/>\n\t<meta property=\"og:image:width\" content=\"2000\" \/>\n\t<meta property=\"og:image:height\" content=\"400\" \/>\n\t<meta property=\"og:image:type\" content=\"image\/webp\" \/>\n<meta name=\"twitter:card\" content=\"summary_large_image\" \/>\n<meta name=\"twitter:site\" content=\"@Dreamy_tours\" \/>\n<meta name=\"twitter:label1\" content=\"Est. tempo de leitura\" \/>\n\t<meta name=\"twitter:data1\" content=\"1 minuto\" \/>\n<script type=\"application\/ld+json\" class=\"yoast-schema-graph\">{\"@context\":\"https:\\\/\\\/schema.org\",\"@graph\":[{\"@type\":\"WebPage\",\"@id\":\"https:\\\/\\\/dreamy.tours\\\/pt-br\\\/projeto-social\\\/campanha-de-materiais-escolares\\\/\",\"url\":\"https:\\\/\\\/dreamy.tours\\\/pt-br\\\/projeto-social\\\/campanha-de-materiais-escolares\\\/\",\"name\":\"Campanha de Materiais Escolares - Dreamy Tours\",\"isPartOf\":{\"@id\":\"https:\\\/\\\/dreamy.tours\\\/pt-br\\\/#website\"},\"primaryImageOfPage\":{\"@id\":\"https:\\\/\\\/dreamy.tours\\\/pt-br\\\/projeto-social\\\/campanha-de-materiais-escolares\\\/#primaryimage\"},\"image\":{\"@id\":\"https:\\\/\\\/dreamy.tours\\\/pt-br\\\/projeto-social\\\/campanha-de-materiais-escolares\\\/#primaryimage\"},\"thumbnailUrl\":\"https:\\\/\\\/dreamy.tours\\\/wp-content\\\/uploads\\\/proyecto-utiles-escolares.webp\",\"datePublished\":\"2025-10-22T20:33:17+00:00\",\"dateModified\":\"2025-10-22T20:36:06+00:00\",\"description\":\"Entrega de material escolar: A Dreamy Tours entrega material escolar e mochilas para crian\u00e7as em comunidades rurais de Cusco. Apoiamos a educa\u00e7\u00e3o.\",\"breadcrumb\":{\"@id\":\"https:\\\/\\\/dreamy.tours\\\/pt-br\\\/projeto-social\\\/campanha-de-materiais-escolares\\\/#breadcrumb\"},\"inLanguage\":\"pt-BR\",\"potentialAction\":[{\"@type\":\"ReadAction\",\"target\":[\"https:\\\/\\\/dreamy.tours\\\/pt-br\\\/projeto-social\\\/campanha-de-materiais-escolares\\\/\"]}]},{\"@type\":\"ImageObject\",\"inLanguage\":\"pt-BR\",\"@id\":\"https:\\\/\\\/dreamy.tours\\\/pt-br\\\/projeto-social\\\/campanha-de-materiais-escolares\\\/#primaryimage\",\"url\":\"https:\\\/\\\/dreamy.tours\\\/wp-content\\\/uploads\\\/proyecto-utiles-escolares.webp\",\"contentUrl\":\"https:\\\/\\\/dreamy.tours\\\/wp-content\\\/uploads\\\/proyecto-utiles-escolares.webp\",\"width\":2000,\"height\":400},{\"@type\":\"BreadcrumbList\",\"@id\":\"https:\\\/\\\/dreamy.tours\\\/pt-br\\\/projeto-social\\\/campanha-de-materiais-escolares\\\/#breadcrumb\",\"itemListElement\":[{\"@type\":\"ListItem\",\"position\":1,\"name\":\"Home\",\"item\":\"https:\\\/\\\/dreamy.tours\\\/pt-br\\\/\"},{\"@type\":\"ListItem\",\"position\":2,\"name\":\"Projeto Social \u2013 Turismo com Prop\u00f3sito\",\"item\":\"https:\\\/\\\/dreamy.tours\\\/pt-br\\\/projeto-social\\\/\"},{\"@type\":\"ListItem\",\"position\":3,\"name\":\"Campanha de Materiais Escolares\"}]},{\"@type\":\"WebSite\",\"@id\":\"https:\\\/\\\/dreamy.tours\\\/pt-br\\\/#website\",\"url\":\"https:\\\/\\\/dreamy.tours\\\/pt-br\\\/\",\"name\":\"Dreamy Tours\",\"description\":\"\",\"publisher\":{\"@id\":\"https:\\\/\\\/dreamy.tours\\\/pt-br\\\/#organization\"},\"potentialAction\":[{\"@type\":\"SearchAction\",\"target\":{\"@type\":\"EntryPoint\",\"urlTemplate\":\"https:\\\/\\\/dreamy.tours\\\/pt-br\\\/?s={search_term_string}\"},\"query-input\":{\"@type\":\"PropertyValueSpecification\",\"valueRequired\":true,\"valueName\":\"search_term_string\"}}],\"inLanguage\":\"pt-BR\"},{\"@type\":\"Organization\",\"@id\":\"https:\\\/\\\/dreamy.tours\\\/pt-br\\\/#organization\",\"name\":\"Dreamy Tours\",\"url\":\"https:\\\/\\\/dreamy.tours\\\/pt-br\\\/\",\"logo\":{\"@type\":\"ImageObject\",\"inLanguage\":\"pt-BR\",\"@id\":\"https:\\\/\\\/dreamy.tours\\\/pt-br\\\/#\\\/schema\\\/logo\\\/image\\\/\",\"url\":\"https:\\\/\\\/dreamy.tours\\\/wp-content\\\/uploads\\\/dreamy-tour-cuadrado.jpg\",\"contentUrl\":\"https:\\\/\\\/dreamy.tours\\\/wp-content\\\/uploads\\\/dreamy-tour-cuadrado.jpg\",\"width\":696,\"height\":696,\"caption\":\"Dreamy Tours\"},\"image\":{\"@id\":\"https:\\\/\\\/dreamy.tours\\\/pt-br\\\/#\\\/schema\\\/logo\\\/image\\\/\"},\"sameAs\":[\"https:\\\/\\\/www.facebook.com\\\/dreamytours\",\"https:\\\/\\\/x.com\\\/Dreamy_tours\",\"https:\\\/\\\/www.instagram.com\\\/dreamy_tours\\\/\",\"https:\\\/\\\/www.pinterest.es\\\/dreamy_tours\\\/\",\"https:\\\/\\\/www.youtube.com\\\/channel\\\/UCGKP_C9x8GBYl7l8D0QD9Fg\"]}]}<\/script>\n<!-- \/ Yoast SEO Premium plugin. -->","yoast_head_json":{"title":"Campanha de Materiais Escolares - Dreamy Tours","description":"Entrega de material escolar: A Dreamy Tours entrega material escolar e mochilas para crian\u00e7as em comunidades rurais de Cusco. Apoiamos a educa\u00e7\u00e3o.","robots":{"index":"index","follow":"follow","max-snippet":"max-snippet:-1","max-image-preview":"max-image-preview:large","max-video-preview":"max-video-preview:-1"},"canonical":"https:\/\/dreamy.tours\/pt-br\/projeto-social\/campanha-de-materiais-escolares\/","og_locale":"pt_BR","og_type":"article","og_title":"Campanha de Materiais Escolares","og_description":"Entrega de material escolar: A Dreamy Tours entrega material escolar e mochilas para crian\u00e7as em comunidades rurais de Cusco. Apoiamos a educa\u00e7\u00e3o.","og_url":"https:\/\/dreamy.tours\/pt-br\/projeto-social\/campanha-de-materiais-escolares\/","og_site_name":"Dreamy Tours","article_publisher":"https:\/\/www.facebook.com\/dreamytours","article_modified_time":"2025-10-22T20:36:06+00:00","og_image":[{"width":2000,"height":400,"url":"https:\/\/dreamy.tours\/wp-content\/uploads\/proyecto-utiles-escolares.webp","type":"image\/webp"}],"twitter_card":"summary_large_image","twitter_site":"@Dreamy_tours","twitter_misc":{"Est. tempo de leitura":"1 minuto"},"schema":{"@context":"https:\/\/schema.org","@graph":[{"@type":"WebPage","@id":"https:\/\/dreamy.tours\/pt-br\/projeto-social\/campanha-de-materiais-escolares\/","url":"https:\/\/dreamy.tours\/pt-br\/projeto-social\/campanha-de-materiais-escolares\/","name":"Campanha de Materiais Escolares - Dreamy Tours","isPartOf":{"@id":"https:\/\/dreamy.tours\/pt-br\/#website"},"primaryImageOfPage":{"@id":"https:\/\/dreamy.tours\/pt-br\/projeto-social\/campanha-de-materiais-escolares\/#primaryimage"},"image":{"@id":"https:\/\/dreamy.tours\/pt-br\/projeto-social\/campanha-de-materiais-escolares\/#primaryimage"},"thumbnailUrl":"https:\/\/dreamy.tours\/wp-content\/uploads\/proyecto-utiles-escolares.webp","datePublished":"2025-10-22T20:33:17+00:00","dateModified":"2025-10-22T20:36:06+00:00","description":"Entrega de material escolar: A Dreamy Tours entrega material escolar e mochilas para crian\u00e7as em comunidades rurais de Cusco. Apoiamos a educa\u00e7\u00e3o.","breadcrumb":{"@id":"https:\/\/dreamy.tours\/pt-br\/projeto-social\/campanha-de-materiais-escolares\/#breadcrumb"},"inLanguage":"pt-BR","potentialAction":[{"@type":"ReadAction","target":["https:\/\/dreamy.tours\/pt-br\/projeto-social\/campanha-de-materiais-escolares\/"]}]},{"@type":"ImageObject","inLanguage":"pt-BR","@id":"https:\/\/dreamy.tours\/pt-br\/projeto-social\/campanha-de-materiais-escolares\/#primaryimage","url":"https:\/\/dreamy.tours\/wp-content\/uploads\/proyecto-utiles-escolares.webp","contentUrl":"https:\/\/dreamy.tours\/wp-content\/uploads\/proyecto-utiles-escolares.webp","width":2000,"height":400},{"@type":"BreadcrumbList","@id":"https:\/\/dreamy.tours\/pt-br\/projeto-social\/campanha-de-materiais-escolares\/#breadcrumb","itemListElement":[{"@type":"ListItem","position":1,"name":"Home","item":"https:\/\/dreamy.tours\/pt-br\/"},{"@type":"ListItem","position":2,"name":"Projeto Social \u2013 Turismo com Prop\u00f3sito","item":"https:\/\/dreamy.tours\/pt-br\/projeto-social\/"},{"@type":"ListItem","position":3,"name":"Campanha de Materiais Escolares"}]},{"@type":"WebSite","@id":"https:\/\/dreamy.tours\/pt-br\/#website","url":"https:\/\/dreamy.tours\/pt-br\/","name":"Dreamy Tours","description":"","publisher":{"@id":"https:\/\/dreamy.tours\/pt-br\/#organization"},"potentialAction":[{"@type":"SearchAction","target":{"@type":"EntryPoint","urlTemplate":"https:\/\/dreamy.tours\/pt-br\/?s={search_term_string}"},"query-input":{"@type":"PropertyValueSpecification","valueRequired":true,"valueName":"search_term_string"}}],"inLanguage":"pt-BR"},{"@type":"Organization","@id":"https:\/\/dreamy.tours\/pt-br\/#organization","name":"Dreamy Tours","url":"https:\/\/dreamy.tours\/pt-br\/","logo":{"@type":"ImageObject","inLanguage":"pt-BR","@id":"https:\/\/dreamy.tours\/pt-br\/#\/schema\/logo\/image\/","url":"https:\/\/dreamy.tours\/wp-content\/uploads\/dreamy-tour-cuadrado.jpg","contentUrl":"https:\/\/dreamy.tours\/wp-content\/uploads\/dreamy-tour-cuadrado.jpg","width":696,"height":696,"caption":"Dreamy Tours"},"image":{"@id":"https:\/\/dreamy.tours\/pt-br\/#\/schema\/logo\/image\/"},"sameAs":["https:\/\/www.facebook.com\/dreamytours","https:\/\/x.com\/Dreamy_tours","https:\/\/www.instagram.com\/dreamy_tours\/","https:\/\/www.pinterest.es\/dreamy_tours\/","https:\/\/www.youtube.com\/channel\/UCGKP_C9x8GBYl7l8D0QD9Fg"]}]}},"coauthors":[],"author_meta":{"author_link":"https:\/\/dreamy.tours\/pt-br\/blog\/author\/dreamy_t\/","display_name":"Clara M"},"relative_dates":{"created":"Publicado 6 meses atr\u00e1s","modified":"Atualizado 6 meses atr\u00e1s"},"absolute_dates":{"created":"Publicado em 22 outubro, 2025","modified":"Atualizado em 22 outubro, 2025"},"absolute_dates_time":{"created":"Publicado em 22 outubro, 2025 3:33 pm","modified":"Atualizado em 22 outubro, 2025 3:36 pm"},"featured_img_caption":"","featured_img":"https:\/\/dreamy.tours\/wp-content\/uploads\/proyecto-utiles-escolares.webp","series_order":"","_links":{"self":[{"href":"https:\/\/dreamy.tours\/pt-br\/wp-json\/wp\/v2\/pages\/42656","targetHints":{"allow":["GET"]}}],"collection":[{"href":"https:\/\/dreamy.tours\/pt-br\/wp-json\/wp\/v2\/pages"}],"about":[{"href":"https:\/\/dreamy.tours\/pt-br\/wp-json\/wp\/v2\/types\/page"}],"author":[{"embeddable":true,"href":"https:\/\/dreamy.tours\/pt-br\/wp-json\/wp\/v2\/users\/5"}],"replies":[{"embeddable":true,"href":"https:\/\/dreamy.tours\/pt-br\/wp-json\/wp\/v2\/comments?post=42656"}],"version-history":[{"count":0,"href":"https:\/\/dreamy.tours\/pt-br\/wp-json\/wp\/v2\/pages\/42656\/revisions"}],"up":[{"embeddable":true,"href":"https:\/\/dreamy.tours\/pt-br\/wp-json\/wp\/v2\/pages\/42616"}],"wp:featuredmedia":[{"embeddable":true,"href":"https:\/\/dreamy.tours\/pt-br\/wp-json\/wp\/v2\/media\/42519"}],"wp:attachment":[{"href":"https:\/\/dreamy.tours\/pt-br\/wp-json\/wp\/v2\/media?parent=42656"}],"curies":[{"name":"wp","href":"https:\/\/api.w.org\/{rel}","templated":true}]}}