{"id":27735,"date":"2022-11-25T17:38:59","date_gmt":"2022-11-25T22:38:59","guid":{"rendered":"https:\/\/dreamy.tours\/disponibilidad-camino-inca\/"},"modified":"2025-11-20T15:11:12","modified_gmt":"2025-11-20T20:11:12","slug":"disponibilidade-trilha-inca","status":"publish","type":"page","link":"https:\/\/dreamy.tours\/pt-br\/disponibilidade-trilha-inca\/","title":{"rendered":"Disponibilidade Trilha Inca 2026"},"content":{"rendered":"\n<div class=\"wp-block-columns is-layout-flex wp-container-core-columns-is-layout-9d6595d7 wp-block-columns-is-layout-flex\">\n<div class=\"wp-block-column is-layout-flow wp-block-column-is-layout-flow\">\n<div id=\"reduced-root\"> <\/div>\n<\/div>\n\n\n\n<div class=\"wp-block-column is-layout-flow wp-block-column-is-layout-flow\">\n<p>A Trilha Inca \u00e9 um dos destinos de trekking mais ic\u00f4nicos do mundo, combinando beleza natural, arqueologia inca e uma experi\u00eancia cultural \u00fanica. No entanto, a alta demanda e os regulamentos rigorosos fazem com que a disponibilidade seja uma quest\u00e3o central para aqueles que desejam fazer a trilha.<\/p>\n\n\n\n<h3 class=\"wp-block-heading\" id=\"h-por-que-a-disponibilidade-da-trilha-inca-e-limitada\"><strong>Por que a disponibilidade da Trilha Inca \u00e9 limitada?<\/strong><\/h3>\n\n\n\n<ol class=\"wp-block-list\">\n<li><strong>Regulamentos do governo peruano<\/strong>\n<ul class=\"wp-block-list\">\n<li>Para proteger a rota e o meio ambiente, o governo limitou o n\u00famero de permiss\u00f5es di\u00e1rias a 500 pessoas, incluindo guias, carregadores e turistas.<\/li>\n\n\n\n<li>Esse limite \u00e9 estritamente supervisionado pelo Minist\u00e9rio da Cultura do Peru.<\/li>\n<\/ul>\n<\/li>\n\n\n\n<li><strong><strong>Alta e baixa temporada<\/strong><\/strong>\n<ul class=\"wp-block-list\">\n<li>Alta temporada (maio a setembro): A disponibilidade se esgota rapidamente devido \u00e0s condi\u00e7\u00f5es clim\u00e1ticas ideais.<\/li>\n\n\n\n<li>Baixa temporada (outubro a abril): embora haja menos demanda, o m\u00eas de fevereiro \u00e9 totalmente fechado para manuten\u00e7\u00e3o.<\/li>\n<\/ul>\n<\/li>\n\n\n\n<li><strong><strong>Requisitos de reserva antecipada<\/strong><\/strong>\n<ul class=\"wp-block-list\">\n<li>As licen\u00e7as para a Trilha Inca geralmente se esgotam com 6 meses de anteced\u00eancia, especialmente nos meses mais populares.<\/li>\n<\/ul>\n<\/li>\n\n\n\n<li><strong>Precisamos de:<\/strong>\n<ul class=\"wp-block-list\">\n<li>Passaporte original v\u00e1lido ou carteira de identidade<\/li>\n\n\n\n<li>N\u00famero de telefone<\/li>\n\n\n\n<li>Seguro de viagem internacional<\/li>\n\n\n\n<li>Esse limite \u00e9 estritamente supervisionado pelo Minist\u00e9rio da Cultura do Peru.<\/li>\n<\/ul>\n<\/li>\n<\/ol>\n<\/div>\n<\/div>\n\n\n\n<!--Markup for Testimonial-->\n\n<div id=\"tour-block_81d66a8224dfb18cd592b8bb41d0e68a\" class=\"tour mb-10 mt-7\">\n\n<div class=\"grid  grid-cols-1 sm:grid-cols-2 md:grid-cols-2 xl:grid-cols-3 gap-4\">\n                                                                         <div class=\"shadow-md box-treks border rounded-t-md\">\n                                                                                                      <div class=\"overflow-hidden rounded-t-md\">\n                                                    <img decoding=\"async\" src=\"https:\/\/dreamy.tours\/wp-content\/uploads\/camino-inca-4-dias-2.webp\" class=\"img-fluid rounded-tr-md rounded-tl-md w-full transform duration-200 hover:scale-110 cursor-pointer z-40\" alt=\"\" title=\"camino inca 4 dias\"> \n                                                    <\/div>\n                                                <div class=\"p-3\">\n                                                    \n                                                        <h3 class=\"bg-drcolor !text-center py-1 -mt-8 relative rounded-lg !text-base !mb-2 !capitalize\"><a class=\"text-white\" href=\"https:\/\/dreamy.tours\/pt-br\/trilha-inca\/trilha-inca-machu-picchu-4dias\/\">Trilha Inca a Machu Picchu 4 D\u00edas \u2013 2026<\/a><\/h3>\n                                                    <div class=\"pb-2\">\n                                                        <p>A Trilha Inca \u00e9 considerada uma das mais belas trilhas das Am\u00e9ricas, portanto, uma experi\u00eancia inesquec\u00edvel para os visitantes.\r\n\r\n<\/p>\n                                                    <\/div>\n                                              \n                                                    <div class=\"flex  justify-center\">\n                                                        \n                                                        <div class=\"flex items-center\"> \n                                                            \n                                                                                                                            <a href=\"https:\/\/dreamy.tours\/pt-br\/trilha-inca\/trilha-inca-machu-picchu-4dias\/\" class=\"hover:bg-drcolor px-4 rounded-md py-2 bg-dcolor  text-white block\">Ver Itiner\u00e1rio<\/a> \n                                                                                                                    <\/div>\n                                                    <\/div>\n                                                <\/div>\n                                            <\/div>  \n                                                                                         <div class=\"shadow-md box-treks border rounded-t-md\">\n                                                                                                      <div class=\"overflow-hidden rounded-t-md\">\n                                                    <img decoding=\"async\" src=\"https:\/\/dreamy.tours\/wp-content\/uploads\/camino-inca-2-dias.webp\" class=\"img-fluid rounded-tr-md rounded-tl-md w-full transform duration-200 hover:scale-110 cursor-pointer z-40\" alt=\"\" title=\"camino inca 2 dias\"> \n                                                    <\/div>\n                                                <div class=\"p-3\">\n                                                    \n                                                        <h3 class=\"bg-drcolor !text-center py-1 -mt-8 relative rounded-lg !text-base !mb-2 !capitalize\"><a class=\"text-white\" href=\"https:\/\/dreamy.tours\/pt-br\/trilha-inca\/trilha-inca-machu-picchu-2dias\/\">Trilha Inca 2026 \u2013 Machu Picchu 2 Dias<\/a><\/h3>\n                                                    <div class=\"pb-2\">\n                                                        <p>El Camino Inca Corto a Machu Picchu es una experiencia extraordinaria de 2 d\u00edas que captura la esencia del legendario sendero inca, dise\u00f1ada especialmente para viajeros que, aun con tiempo limitado, buscan vivir una aventura<\/p>\n                                                    <\/div>\n                                              \n                                                    <div class=\"flex  justify-center\">\n                                                        \n                                                        <div class=\"flex items-center\"> \n                                                            \n                                                                                                                            <a href=\"https:\/\/dreamy.tours\/pt-br\/trilha-inca\/trilha-inca-machu-picchu-2dias\/\" class=\"hover:bg-drcolor px-4 rounded-md py-2 bg-dcolor  text-white block\">Ver Itiner\u00e1rio<\/a> \n                                                                                                                    <\/div>\n                                                    <\/div>\n                                                <\/div>\n                                            <\/div>  \n                                                                                         <div class=\"shadow-md box-treks border rounded-t-md\">\n                                                                                                      <div class=\"overflow-hidden rounded-t-md\">\n                                                    <img decoding=\"async\" src=\"https:\/\/dreamy.tours\/wp-content\/uploads\/Tour-Camino-Inca-Full-Day-Privado.webp\" class=\"img-fluid rounded-tr-md rounded-tl-md w-full transform duration-200 hover:scale-110 cursor-pointer z-40\" alt=\"\" title=\"Tour Camino Inca Full Day Privado\"> \n                                                    <\/div>\n                                                <div class=\"p-3\">\n                                                    \n                                                        <h3 class=\"bg-drcolor !text-center py-1 -mt-8 relative rounded-lg !text-base !mb-2 !capitalize\"><a class=\"text-white\" href=\"https:\/\/dreamy.tours\/pt-br\/trilha-inca\/excursao-trilha-inca-de-dia-inteiro-privada\/\">Excurs\u00e3o Trilha Inca de Dia Inteiro \u2013 Privada<\/a><\/h3>\n                                                    <div class=\"pb-2\">\n                                                        <p>Trilha Inca Machupicchu Dia Inteiro convida-o a viver uma experi\u00eancia extraordin\u00e1ria no nosso Tour Trilha Inca Curta, uma rota perfeitamente organizada para aqueles que t\u00eam tempo limitado, mas querem experimentar a aut\u00eantica trilha Inca oficial<\/p>\n                                                    <\/div>\n                                              \n                                                    <div class=\"flex  justify-center\">\n                                                        \n                                                        <div class=\"flex items-center\"> \n                                                            \n                                                                                                                            <a href=\"https:\/\/dreamy.tours\/pt-br\/trilha-inca\/excursao-trilha-inca-de-dia-inteiro-privada\/\" class=\"hover:bg-drcolor px-4 rounded-md py-2 bg-dcolor  text-white block\">Ver Itiner\u00e1rio<\/a> \n                                                                                                                    <\/div>\n                                                    <\/div>\n                                                <\/div>\n                                            <\/div>  \n                                            <\/div>\n<\/div>\n\n\n\n<ol class=\"wp-block-list\">\n<li><strong><strong>Pagamento de reserva<\/strong><\/strong>\n<ul class=\"wp-block-list\">\n<li>O pagamento da reserva \u00e9 uma etapa fundamental para garantir sua vaga na Trilha Inca. As condi\u00e7\u00f5es gerais est\u00e3o detalhadas abaixo:<\/li>\n\n\n\n<li>Dep\u00f3sito inicial:<\/li>\n\n\n\n<li>\u00c9 obrigat\u00f3rio fazer um pagamento antecipado para confirmar a reserva de $200,00 Dolores por pessoa.<\/li>\n\n\n\n<li>O dep\u00f3sito garante a emiss\u00e3o da permiss\u00e3o, que \u00e9 tratada diretamente pela ag\u00eancia autorizada.<\/li>\n\n\n\n<li>Condi\u00e7\u00f5es de pagamento:<\/li>\n\n\n\n<li>O dep\u00f3sito n\u00e3o \u00e9 reembols\u00e1vel, pois as permiss\u00f5es s\u00e3o emitidas em tempo real e atribu\u00eddas a um nome espec\u00edfico.<\/li>\n\n\n\n<li>O saldo pendente deve ser pago pelo menos 5 dias antes da data de partida e pode ser pago em dinheiro. Se voc\u00ea optar por pagar com cart\u00e3o de cr\u00e9dito, ser\u00e1 aplicada uma taxa adicional de 6% de comiss\u00e3o banc\u00e1ria.<\/li>\n<\/ul>\n<\/li>\n\n\n\n<li><strong><strong>M\u00e9todos de pagamento aceitos:<\/strong><\/strong>\n<ul class=\"wp-block-list\">\n<li>Transfer\u00eancias banc\u00e1rias.<\/li>\n\n\n\n<li>Pagamentos com cart\u00e3o de cr\u00e9dito ou d\u00e9bito (podem incluir taxas adicionais).<\/li>\n\n\n\n<li>Plataformas de pagamento digital (PayPal, Payment Link, entre outras).<\/li>\n<\/ul>\n<\/li>\n\n\n\n<li><strong><strong>Confirma\u00e7\u00e3o da reserva:<\/strong><\/strong>\n<ul class=\"wp-block-list\">\n<li>Ap\u00f3s o recebimento do pagamento, a ag\u00eancia emitir\u00e1 a permiss\u00e3o oficial no sistema do Minist\u00e9rio da Cultura.<\/li>\n\n\n\n<li>Um comprovante ou confirma\u00e7\u00e3o ser\u00e1 enviado por e-mail com a permiss\u00e3o e os detalhes do itiner\u00e1rio.<\/li>\n<\/ul>\n<\/li>\n<\/ol>\n","protected":false},"excerpt":{"rendered":"<p>A Trilha Inca \u00e9 um dos destinos de trekking mais ic\u00f4nicos do mundo, combinando beleza natural, arqueologia inca e uma experi\u00eancia cultural \u00fanica. &#8230;<\/p>\n","protected":false},"author":1,"featured_media":12939,"parent":0,"menu_order":0,"comment_status":"closed","ping_status":"closed","template":"page-calendar.php","meta":{"_acf_changed":false,"advgb_blocks_editor_width":"","advgb_blocks_columns_visual_guide":"","footnotes":""},"class_list":["post-27735","page","type-page","status-publish","has-post-thumbnail","hentry"],"acf":[],"yoast_head":"<!-- This site is optimized with the Yoast SEO Premium plugin v25.4 (Yoast SEO v27.3) - https:\/\/yoast.com\/product\/yoast-seo-premium-wordpress\/ -->\n<title>Disponibilidade Trilha Inca 2026 - Dreamy Tours - Disponibilidade Trilha Inca<\/title>\n<meta name=\"description\" content=\"Confira a disponibilidade em tempo real da Trilha Inca em 2026. Veja as datas dispon\u00edveis, as autoriza\u00e7\u00f5es oficiais e garanta seu lugar para vivenciar essa rota lend\u00e1ria at\u00e9 Machu Picchu.\" \/>\n<meta name=\"robots\" content=\"index, follow, max-snippet:-1, max-image-preview:large, max-video-preview:-1\" \/>\n<link rel=\"canonical\" href=\"https:\/\/dreamy.tours\/pt-br\/disponibilidade-trilha-inca\/\" \/>\n<meta property=\"og:locale\" content=\"pt_BR\" \/>\n<meta property=\"og:type\" content=\"article\" \/>\n<meta property=\"og:title\" content=\"Disponibilidade Trilha Inca 2026\" \/>\n<meta property=\"og:description\" content=\"Confira a disponibilidade em tempo real da Trilha Inca em 2026. Veja as datas dispon\u00edveis, as autoriza\u00e7\u00f5es oficiais e garanta seu lugar para vivenciar essa rota lend\u00e1ria at\u00e9 Machu Picchu.\" \/>\n<meta property=\"og:url\" content=\"https:\/\/dreamy.tours\/pt-br\/disponibilidade-trilha-inca\/\" \/>\n<meta property=\"og:site_name\" content=\"Dreamy Tours\" \/>\n<meta property=\"article:publisher\" content=\"https:\/\/www.facebook.com\/dreamytours\" \/>\n<meta property=\"article:modified_time\" content=\"2025-11-20T20:11:12+00:00\" \/>\n<meta property=\"og:image\" content=\"https:\/\/dreamy.tours\/wp-content\/uploads\/2021\/12\/MachuPicchu.jpg\" \/>\n\t<meta property=\"og:image:width\" content=\"1920\" \/>\n\t<meta property=\"og:image:height\" content=\"1282\" \/>\n\t<meta property=\"og:image:type\" content=\"image\/jpeg\" \/>\n<meta name=\"twitter:card\" content=\"summary_large_image\" \/>\n<meta name=\"twitter:site\" content=\"@Dreamy_tours\" \/>\n<meta name=\"twitter:label1\" content=\"Est. tempo de leitura\" \/>\n\t<meta name=\"twitter:data1\" content=\"2 minutos\" \/>\n<script type=\"application\/ld+json\" class=\"yoast-schema-graph\">{\"@context\":\"https:\\\/\\\/schema.org\",\"@graph\":[{\"@type\":\"WebPage\",\"@id\":\"https:\\\/\\\/dreamy.tours\\\/pt-br\\\/disponibilidade-trilha-inca\\\/\",\"url\":\"https:\\\/\\\/dreamy.tours\\\/pt-br\\\/disponibilidade-trilha-inca\\\/\",\"name\":\"Disponibilidade Trilha Inca 2026 - Dreamy Tours - Disponibilidade Trilha Inca\",\"isPartOf\":{\"@id\":\"https:\\\/\\\/dreamy.tours\\\/pt-br\\\/#website\"},\"primaryImageOfPage\":{\"@id\":\"https:\\\/\\\/dreamy.tours\\\/pt-br\\\/disponibilidade-trilha-inca\\\/#primaryimage\"},\"image\":{\"@id\":\"https:\\\/\\\/dreamy.tours\\\/pt-br\\\/disponibilidade-trilha-inca\\\/#primaryimage\"},\"thumbnailUrl\":\"https:\\\/\\\/dreamy.tours\\\/wp-content\\\/uploads\\\/2021\\\/12\\\/MachuPicchu.jpg\",\"datePublished\":\"2022-11-25T22:38:59+00:00\",\"dateModified\":\"2025-11-20T20:11:12+00:00\",\"description\":\"Confira a disponibilidade em tempo real da Trilha Inca em 2026. Veja as datas dispon\u00edveis, as autoriza\u00e7\u00f5es oficiais e garanta seu lugar para vivenciar essa rota lend\u00e1ria at\u00e9 Machu Picchu.\",\"breadcrumb\":{\"@id\":\"https:\\\/\\\/dreamy.tours\\\/pt-br\\\/disponibilidade-trilha-inca\\\/#breadcrumb\"},\"inLanguage\":\"pt-BR\",\"potentialAction\":[{\"@type\":\"ReadAction\",\"target\":[\"https:\\\/\\\/dreamy.tours\\\/pt-br\\\/disponibilidade-trilha-inca\\\/\"]}]},{\"@type\":\"ImageObject\",\"inLanguage\":\"pt-BR\",\"@id\":\"https:\\\/\\\/dreamy.tours\\\/pt-br\\\/disponibilidade-trilha-inca\\\/#primaryimage\",\"url\":\"https:\\\/\\\/dreamy.tours\\\/wp-content\\\/uploads\\\/2021\\\/12\\\/MachuPicchu.jpg\",\"contentUrl\":\"https:\\\/\\\/dreamy.tours\\\/wp-content\\\/uploads\\\/2021\\\/12\\\/MachuPicchu.jpg\",\"width\":1920,\"height\":1282,\"caption\":\"MachuPicchu\"},{\"@type\":\"BreadcrumbList\",\"@id\":\"https:\\\/\\\/dreamy.tours\\\/pt-br\\\/disponibilidade-trilha-inca\\\/#breadcrumb\",\"itemListElement\":[{\"@type\":\"ListItem\",\"position\":1,\"name\":\"Home\",\"item\":\"https:\\\/\\\/dreamy.tours\\\/pt-br\\\/\"},{\"@type\":\"ListItem\",\"position\":2,\"name\":\"Disponibilidade Trilha Inca 2026\"}]},{\"@type\":\"WebSite\",\"@id\":\"https:\\\/\\\/dreamy.tours\\\/pt-br\\\/#website\",\"url\":\"https:\\\/\\\/dreamy.tours\\\/pt-br\\\/\",\"name\":\"Dreamy Tours\",\"description\":\"\",\"publisher\":{\"@id\":\"https:\\\/\\\/dreamy.tours\\\/pt-br\\\/#organization\"},\"potentialAction\":[{\"@type\":\"SearchAction\",\"target\":{\"@type\":\"EntryPoint\",\"urlTemplate\":\"https:\\\/\\\/dreamy.tours\\\/pt-br\\\/?s={search_term_string}\"},\"query-input\":{\"@type\":\"PropertyValueSpecification\",\"valueRequired\":true,\"valueName\":\"search_term_string\"}}],\"inLanguage\":\"pt-BR\"},{\"@type\":\"Organization\",\"@id\":\"https:\\\/\\\/dreamy.tours\\\/pt-br\\\/#organization\",\"name\":\"Dreamy Tours\",\"url\":\"https:\\\/\\\/dreamy.tours\\\/pt-br\\\/\",\"logo\":{\"@type\":\"ImageObject\",\"inLanguage\":\"pt-BR\",\"@id\":\"https:\\\/\\\/dreamy.tours\\\/pt-br\\\/#\\\/schema\\\/logo\\\/image\\\/\",\"url\":\"https:\\\/\\\/dreamy.tours\\\/wp-content\\\/uploads\\\/dreamy-tour-cuadrado.jpg\",\"contentUrl\":\"https:\\\/\\\/dreamy.tours\\\/wp-content\\\/uploads\\\/dreamy-tour-cuadrado.jpg\",\"width\":696,\"height\":696,\"caption\":\"Dreamy Tours\"},\"image\":{\"@id\":\"https:\\\/\\\/dreamy.tours\\\/pt-br\\\/#\\\/schema\\\/logo\\\/image\\\/\"},\"sameAs\":[\"https:\\\/\\\/www.facebook.com\\\/dreamytours\",\"https:\\\/\\\/x.com\\\/Dreamy_tours\",\"https:\\\/\\\/www.instagram.com\\\/dreamy_tours\\\/\",\"https:\\\/\\\/www.pinterest.es\\\/dreamy_tours\\\/\",\"https:\\\/\\\/www.youtube.com\\\/channel\\\/UCGKP_C9x8GBYl7l8D0QD9Fg\"]}]}<\/script>\n<!-- \/ Yoast SEO Premium plugin. -->","yoast_head_json":{"title":"Disponibilidade Trilha Inca 2026 - Dreamy Tours - Disponibilidade Trilha Inca","description":"Confira a disponibilidade em tempo real da Trilha Inca em 2026. Veja as datas dispon\u00edveis, as autoriza\u00e7\u00f5es oficiais e garanta seu lugar para vivenciar essa rota lend\u00e1ria at\u00e9 Machu Picchu.","robots":{"index":"index","follow":"follow","max-snippet":"max-snippet:-1","max-image-preview":"max-image-preview:large","max-video-preview":"max-video-preview:-1"},"canonical":"https:\/\/dreamy.tours\/pt-br\/disponibilidade-trilha-inca\/","og_locale":"pt_BR","og_type":"article","og_title":"Disponibilidade Trilha Inca 2026","og_description":"Confira a disponibilidade em tempo real da Trilha Inca em 2026. Veja as datas dispon\u00edveis, as autoriza\u00e7\u00f5es oficiais e garanta seu lugar para vivenciar essa rota lend\u00e1ria at\u00e9 Machu Picchu.","og_url":"https:\/\/dreamy.tours\/pt-br\/disponibilidade-trilha-inca\/","og_site_name":"Dreamy Tours","article_publisher":"https:\/\/www.facebook.com\/dreamytours","article_modified_time":"2025-11-20T20:11:12+00:00","og_image":[{"width":1920,"height":1282,"url":"https:\/\/dreamy.tours\/wp-content\/uploads\/2021\/12\/MachuPicchu.jpg","type":"image\/jpeg"}],"twitter_card":"summary_large_image","twitter_site":"@Dreamy_tours","twitter_misc":{"Est. tempo de leitura":"2 minutos"},"schema":{"@context":"https:\/\/schema.org","@graph":[{"@type":"WebPage","@id":"https:\/\/dreamy.tours\/pt-br\/disponibilidade-trilha-inca\/","url":"https:\/\/dreamy.tours\/pt-br\/disponibilidade-trilha-inca\/","name":"Disponibilidade Trilha Inca 2026 - Dreamy Tours - Disponibilidade Trilha Inca","isPartOf":{"@id":"https:\/\/dreamy.tours\/pt-br\/#website"},"primaryImageOfPage":{"@id":"https:\/\/dreamy.tours\/pt-br\/disponibilidade-trilha-inca\/#primaryimage"},"image":{"@id":"https:\/\/dreamy.tours\/pt-br\/disponibilidade-trilha-inca\/#primaryimage"},"thumbnailUrl":"https:\/\/dreamy.tours\/wp-content\/uploads\/2021\/12\/MachuPicchu.jpg","datePublished":"2022-11-25T22:38:59+00:00","dateModified":"2025-11-20T20:11:12+00:00","description":"Confira a disponibilidade em tempo real da Trilha Inca em 2026. Veja as datas dispon\u00edveis, as autoriza\u00e7\u00f5es oficiais e garanta seu lugar para vivenciar essa rota lend\u00e1ria at\u00e9 Machu Picchu.","breadcrumb":{"@id":"https:\/\/dreamy.tours\/pt-br\/disponibilidade-trilha-inca\/#breadcrumb"},"inLanguage":"pt-BR","potentialAction":[{"@type":"ReadAction","target":["https:\/\/dreamy.tours\/pt-br\/disponibilidade-trilha-inca\/"]}]},{"@type":"ImageObject","inLanguage":"pt-BR","@id":"https:\/\/dreamy.tours\/pt-br\/disponibilidade-trilha-inca\/#primaryimage","url":"https:\/\/dreamy.tours\/wp-content\/uploads\/2021\/12\/MachuPicchu.jpg","contentUrl":"https:\/\/dreamy.tours\/wp-content\/uploads\/2021\/12\/MachuPicchu.jpg","width":1920,"height":1282,"caption":"MachuPicchu"},{"@type":"BreadcrumbList","@id":"https:\/\/dreamy.tours\/pt-br\/disponibilidade-trilha-inca\/#breadcrumb","itemListElement":[{"@type":"ListItem","position":1,"name":"Home","item":"https:\/\/dreamy.tours\/pt-br\/"},{"@type":"ListItem","position":2,"name":"Disponibilidade Trilha Inca 2026"}]},{"@type":"WebSite","@id":"https:\/\/dreamy.tours\/pt-br\/#website","url":"https:\/\/dreamy.tours\/pt-br\/","name":"Dreamy Tours","description":"","publisher":{"@id":"https:\/\/dreamy.tours\/pt-br\/#organization"},"potentialAction":[{"@type":"SearchAction","target":{"@type":"EntryPoint","urlTemplate":"https:\/\/dreamy.tours\/pt-br\/?s={search_term_string}"},"query-input":{"@type":"PropertyValueSpecification","valueRequired":true,"valueName":"search_term_string"}}],"inLanguage":"pt-BR"},{"@type":"Organization","@id":"https:\/\/dreamy.tours\/pt-br\/#organization","name":"Dreamy Tours","url":"https:\/\/dreamy.tours\/pt-br\/","logo":{"@type":"ImageObject","inLanguage":"pt-BR","@id":"https:\/\/dreamy.tours\/pt-br\/#\/schema\/logo\/image\/","url":"https:\/\/dreamy.tours\/wp-content\/uploads\/dreamy-tour-cuadrado.jpg","contentUrl":"https:\/\/dreamy.tours\/wp-content\/uploads\/dreamy-tour-cuadrado.jpg","width":696,"height":696,"caption":"Dreamy Tours"},"image":{"@id":"https:\/\/dreamy.tours\/pt-br\/#\/schema\/logo\/image\/"},"sameAs":["https:\/\/www.facebook.com\/dreamytours","https:\/\/x.com\/Dreamy_tours","https:\/\/www.instagram.com\/dreamy_tours\/","https:\/\/www.pinterest.es\/dreamy_tours\/","https:\/\/www.youtube.com\/channel\/UCGKP_C9x8GBYl7l8D0QD9Fg"]}]}},"coauthors":[],"author_meta":{"author_link":"https:\/\/dreamy.tours\/pt-br\/blog\/author\/admin_dt\/","display_name":"Dreamy Tours"},"relative_dates":{"created":"Publicado 3 anos atr\u00e1s","modified":"Atualizado 5 meses atr\u00e1s"},"absolute_dates":{"created":"Publicado em 25 novembro, 2022","modified":"Atualizado em 20 novembro, 2025"},"absolute_dates_time":{"created":"Publicado em 25 novembro, 2022 5:38 pm","modified":"Atualizado em 20 novembro, 2025 3:11 pm"},"featured_img_caption":"MachuPicchu","featured_img":"https:\/\/dreamy.tours\/wp-content\/uploads\/2021\/12\/MachuPicchu.jpg","series_order":"","_links":{"self":[{"href":"https:\/\/dreamy.tours\/pt-br\/wp-json\/wp\/v2\/pages\/27735","targetHints":{"allow":["GET"]}}],"collection":[{"href":"https:\/\/dreamy.tours\/pt-br\/wp-json\/wp\/v2\/pages"}],"about":[{"href":"https:\/\/dreamy.tours\/pt-br\/wp-json\/wp\/v2\/types\/page"}],"author":[{"embeddable":true,"href":"https:\/\/dreamy.tours\/pt-br\/wp-json\/wp\/v2\/users\/1"}],"replies":[{"embeddable":true,"href":"https:\/\/dreamy.tours\/pt-br\/wp-json\/wp\/v2\/comments?post=27735"}],"version-history":[{"count":0,"href":"https:\/\/dreamy.tours\/pt-br\/wp-json\/wp\/v2\/pages\/27735\/revisions"}],"wp:featuredmedia":[{"embeddable":true,"href":"https:\/\/dreamy.tours\/pt-br\/wp-json\/wp\/v2\/media\/12939"}],"wp:attachment":[{"href":"https:\/\/dreamy.tours\/pt-br\/wp-json\/wp\/v2\/media?parent=27735"}],"curies":[{"name":"wp","href":"https:\/\/api.w.org\/{rel}","templated":true}]}}