{"id":27702,"date":"2022-11-09T17:33:35","date_gmt":"2022-11-09T22:33:35","guid":{"rendered":"https:\/\/dreamy.tours\/codigo-esnna\/"},"modified":"2025-04-15T18:43:44","modified_gmt":"2025-04-15T23:43:44","slug":"codigo-esnna","status":"publish","type":"page","link":"https:\/\/dreamy.tours\/pt-br\/codigo-esnna\/","title":{"rendered":"C\u00d3DIGO ESNNA"},"content":{"rendered":"\n<h2 class=\"wp-block-heading has-text-align-center\">C\u00d3DIGO DE CONDUTA CONTRA A EXPLORA\u00c7\u00c3O SEXUAL DE CRIAN\u00c7AS E ADOLESCENTES<\/h2>\n\n\n\n<p>Por for\u00e7a da Lei n\u00ba 28.251; Lei contra o abuso e explora\u00e7\u00e3o sexual\u201d, que incorporou os crimes usu\u00e1rio-cliente e explora\u00e7\u00e3o sexual de crian\u00e7as e adolescentes no campo do turismo; Consideramos os COMPROMISSOS M\u00cdNIMOS QUE TODOS OS PRESTADORES DE SERVI\u00c7OS TUR\u00cdSTICOS DEVEM ASSUMIR Para combater a explora\u00e7\u00e3o sexual de crian\u00e7as e adolescentes em viagens e turismo, os prestadores de servi\u00e7os tur\u00edsticos adotar\u00e3o um C\u00f3digo de Conduta que seus representantes legais, diretores e dirigentes devem observar. , administradores, empregados e contratados vinculados \u00e0 presta\u00e7\u00e3o de servi\u00e7os tur\u00edsticos, a fim de tornar efetivas as obriga\u00e7\u00f5es previstas na Lei 28.251, bem como coibir as condutas tipificadas na mesma lei e tamb\u00e9m que incorpore as seguintes medidas m\u00ednimas de controle:<\/p>\n\n\n\n<div class=\"wp-block-advgb-list\"><ul class=\"advgblist-3e5385fc-44c5-475f-b24c-2488b45d9dbc advgb-list advgb-list-admin-post\">\n<li> Abster-se de oferecer, expressa ou sub-repticiamente, planos de explora\u00e7\u00e3o sexual de crian\u00e7as e adolescentes em programas de promo\u00e7\u00e3o tur\u00edstica e planos tur\u00edsticos.<\/li>\n\n\n\n<li>Abster-se de dar informa\u00e7\u00f5es aos turistas, diretamente ou por meio de intermedi\u00e1rios, sobre os locais de onde coordenam ou onde \u00e9 praticada a explora\u00e7\u00e3o sexual comercial de crian\u00e7as e adolescentes.<\/li>\n\n\n\n<li>Abster-se de conduzir turistas, diretamente ou por meio de terceiros, a estabelecimentos ou locais onde seja praticada a explora\u00e7\u00e3o sexual comercial de crian\u00e7as, bem como conduzi-los a locais de hospedagem de turistas, ainda que sejam embarca\u00e7\u00f5es localizadas em Altamar, para fins de explora\u00e7\u00e3o sexual comercial de crian\u00e7as e adolescentes.<\/li>\n\n\n\n<li>Abster-se de fornecer ve\u00edculos em rotas tur\u00edsticas para fins de explora\u00e7\u00e3o ou abuso sexual de crian\u00e7as e adolescentes onde os servi\u00e7os tur\u00edsticos s\u00e3o prestados para fins de explora\u00e7\u00e3o ou abuso sexual.<\/li>\n\n\n\n<li>Adotar medidas tendentes a impedir que pessoas vinculadas a qualquer t\u00edtulo \u00e0 empresa prestem servi\u00e7os tur\u00edsticos que permitam a pr\u00e1tica sexual com crian\u00e7as e adolescentes.<\/li>\n\n\n\n<li>Denunciar perante o MINCETUR e demais autoridades competentes os fatos de que tenham conhecimento por qualquer meio, bem como a exist\u00eancia de locais relacionados \u00e0 explora\u00e7\u00e3o sexual de crian\u00e7as e adolescentes e assegurar que dentro da empresa existam canais de den\u00fancia perante as autoridades competentes .<\/li>\n\n\n\n<li>Desenhar e disseminar dentro da empresa e junto aos seus fornecedores de bens e servi\u00e7os, uma pol\u00edtica na qual o provedor estabele\u00e7a medidas para prevenir e combater todas as formas de explora\u00e7\u00e3o sexual de crian\u00e7as e adolescentes em viagens e turismo.<\/li>\n\n\n\n<li>Capacitar todo o pessoal vinculado \u00e0 empresa, no que se refere \u00e0 preven\u00e7\u00e3o da explora\u00e7\u00e3o sexual comercial de crian\u00e7as e adolescentes.<\/li>\n\n\n\n<li>Informar seus usu\u00e1rios sobre as consequ\u00eancias legais no Peru da explora\u00e7\u00e3o e abuso sexual de crian\u00e7as e adolescentes.<\/li>\n\n\n\n<li>Colocar em local vis\u00edvel para os funcion\u00e1rios do estabelecimento ou estabelecimentos comerciais este C\u00f3digo de Conduta e os demais compromissos e medidas que o prestador deseja assumir para prote\u00e7\u00e3o de crian\u00e7as e adolescentes. \u201cEm desenvolvimento ao disposto na Lei n\u00ba 28.251, o \u00f3rg\u00e3o adverte aos turistas que a explora\u00e7\u00e3o e o abuso sexual de menores no pa\u00eds s\u00e3o penalizados criminal e administrativamente, de acordo com a legisla\u00e7\u00e3o vigente\u201d.<\/li>\n<\/ul><\/div>\n\n\n\n<p><\/p>\n\n\n\n<figure class=\"wp-block-gallery has-nested-images columns-default is-cropped wp-block-gallery-1 is-layout-flex wp-block-gallery-is-layout-flex\">\n<figure data-wp-context=\"{&quot;imageId&quot;:&quot;69d354775a17a&quot;}\" data-wp-interactive=\"core\/image\" data-wp-key=\"69d354775a17a\" class=\"wp-block-image size-large wp-lightbox-container\"><img decoding=\"async\" width=\"1500\" height=\"2112\" data-wp-class--hide=\"state.isContentHidden\" data-wp-class--show=\"state.isContentVisible\" data-wp-init=\"callbacks.setButtonStyles\" data-wp-on--click=\"actions.showLightbox\" data-wp-on--load=\"callbacks.setButtonStyles\" data-wp-on-window--resize=\"callbacks.setButtonStyles\" data-id=\"24159\" src=\"https:\/\/dreamy.tours\/wp-content\/uploads\/2022\/11\/esnna.jpg\" alt=\"C\u00d3DIGO DE CONDUTA CONTRA A EXPLORA\u00c7\u00c3O SEXUAL DE CRIAN\u00c7AS E ADOLESCENTES\" class=\"wp-image-24159\" srcset=\"https:\/\/dreamy.tours\/wp-content\/uploads\/2022\/11\/esnna.jpg 1500w, https:\/\/dreamy.tours\/wp-content\/uploads\/2022\/11\/esnna-768x1081.jpg 768w, https:\/\/dreamy.tours\/wp-content\/uploads\/2022\/11\/esnna-1091x1536.jpg 1091w, https:\/\/dreamy.tours\/wp-content\/uploads\/2022\/11\/esnna-1455x2048.jpg 1455w\" sizes=\"(max-width: 1500px) 100vw, 1500px\" \/><button\n\t\t\tclass=\"lightbox-trigger\"\n\t\t\ttype=\"button\"\n\t\t\taria-haspopup=\"dialog\"\n\t\t\taria-label=\"Ampliar\"\n\t\t\tdata-wp-init=\"callbacks.initTriggerButton\"\n\t\t\tdata-wp-on--click=\"actions.showLightbox\"\n\t\t\tdata-wp-style--right=\"state.imageButtonRight\"\n\t\t\tdata-wp-style--top=\"state.imageButtonTop\"\n\t\t>\n\t\t\t<svg xmlns=\"http:\/\/www.w3.org\/2000\/svg\" width=\"12\" height=\"12\" fill=\"none\" viewBox=\"0 0 12 12\">\n\t\t\t\t<path fill=\"#fff\" d=\"M2 0a2 2 0 0 0-2 2v2h1.5V2a.5.5 0 0 1 .5-.5h2V0H2Zm2 10.5H2a.5.5 0 0 1-.5-.5V8H0v2a2 2 0 0 0 2 2h2v-1.5ZM8 12v-1.5h2a.5.5 0 0 0 .5-.5V8H12v2a2 2 0 0 1-2 2H8Zm2-12a2 2 0 0 1 2 2v2h-1.5V2a.5.5 0 0 0-.5-.5H8V0h2Z\" \/>\n\t\t\t<\/svg>\n\t\t<\/button><\/figure>\n\n\n\n<figure data-wp-context=\"{&quot;imageId&quot;:&quot;69d354775a5d3&quot;}\" data-wp-interactive=\"core\/image\" data-wp-key=\"69d354775a5d3\" class=\"wp-block-image size-large wp-lightbox-container\"><img decoding=\"async\" width=\"597\" height=\"482\" data-wp-class--hide=\"state.isContentHidden\" data-wp-class--show=\"state.isContentVisible\" data-wp-init=\"callbacks.setButtonStyles\" data-wp-on--click=\"actions.showLightbox\" data-wp-on--load=\"callbacks.setButtonStyles\" data-wp-on-window--resize=\"callbacks.setButtonStyles\" data-id=\"24162\" src=\"https:\/\/dreamy.tours\/wp-content\/uploads\/2022\/11\/codigo-esnna.png.webp\" alt=\"C\u00d3DIGO DE CONDUTA CONTRA A EXPLORA\u00c7\u00c3O SEXUAL DE CRIAN\u00c7AS E ADOLESCENTES\" class=\"wp-image-24162\"\/><button\n\t\t\tclass=\"lightbox-trigger\"\n\t\t\ttype=\"button\"\n\t\t\taria-haspopup=\"dialog\"\n\t\t\taria-label=\"Ampliar\"\n\t\t\tdata-wp-init=\"callbacks.initTriggerButton\"\n\t\t\tdata-wp-on--click=\"actions.showLightbox\"\n\t\t\tdata-wp-style--right=\"state.imageButtonRight\"\n\t\t\tdata-wp-style--top=\"state.imageButtonTop\"\n\t\t>\n\t\t\t<svg xmlns=\"http:\/\/www.w3.org\/2000\/svg\" width=\"12\" height=\"12\" fill=\"none\" viewBox=\"0 0 12 12\">\n\t\t\t\t<path fill=\"#fff\" d=\"M2 0a2 2 0 0 0-2 2v2h1.5V2a.5.5 0 0 1 .5-.5h2V0H2Zm2 10.5H2a.5.5 0 0 1-.5-.5V8H0v2a2 2 0 0 0 2 2h2v-1.5ZM8 12v-1.5h2a.5.5 0 0 0 .5-.5V8H12v2a2 2 0 0 1-2 2H8Zm2-12a2 2 0 0 1 2 2v2h-1.5V2a.5.5 0 0 0-.5-.5H8V0h2Z\" \/>\n\t\t\t<\/svg>\n\t\t<\/button><\/figure>\n<\/figure>\n<style class=\"advgb-styles-renderer\">.wp-block-advgb-list ul.advgblist-3e5385fc-44c5-475f-b24c-2488b45d9dbc > li{font-size:16px;}.wp-block-advgb-list ul.advgblist-3e5385fc-44c5-475f-b24c-2488b45d9dbc > li{padding-left:18px;margin-left:0;}.wp-block-advgb-list ul.advgblist-3e5385fc-44c5-475f-b24c-2488b45d9dbc > li:before{font-size:16px;color:#eb6446;line-height:18px;margin:2px;padding:2px;margin-left:-20px}<\/style>","protected":false},"excerpt":{"rendered":"<p>C\u00d3DIGO DE CONDUTA CONTRA A EXPLORA\u00c7\u00c3O SEXUAL DE CRIAN\u00c7AS E ADOLESCENTES Por for\u00e7a da Lei n\u00ba 28.251; Lei contra o abuso e explora\u00e7\u00e3o sexual\u201d,&#8230;<\/p>\n","protected":false},"author":1,"featured_media":3259,"parent":0,"menu_order":0,"comment_status":"closed","ping_status":"closed","template":"","meta":{"_acf_changed":false,"advgb_blocks_editor_width":"","advgb_blocks_columns_visual_guide":"","footnotes":""},"class_list":["post-27702","page","type-page","status-publish","has-post-thumbnail","hentry"],"acf":[],"yoast_head":"<!-- This site is optimized with the Yoast SEO Premium plugin v25.4 (Yoast SEO v27.3) - https:\/\/yoast.com\/product\/yoast-seo-premium-wordpress\/ -->\n<title>C\u00d3DIGO ESNNA - Dreamy Tours C\u00d3DIGO ESNNA<\/title>\n<meta name=\"description\" content=\"Por for\u00e7a da Lei n\u00ba 28.251; Lei contra o abuso e explora\u00e7\u00e3o sexual\u201d, que incorporou os crimes usu\u00e1rio-cliente e explora\u00e7\u00e3o sexual de crian\u00e7as\" \/>\n<meta name=\"robots\" content=\"index, follow, max-snippet:-1, max-image-preview:large, max-video-preview:-1\" \/>\n<link rel=\"canonical\" href=\"https:\/\/dreamy.tours\/pt-br\/codigo-esnna\/\" \/>\n<meta property=\"og:locale\" content=\"pt_BR\" \/>\n<meta property=\"og:type\" content=\"article\" \/>\n<meta property=\"og:title\" content=\"C\u00d3DIGO ESNNA\" \/>\n<meta property=\"og:description\" content=\"Por for\u00e7a da Lei n\u00ba 28.251; Lei contra o abuso e explora\u00e7\u00e3o sexual\u201d, que incorporou os crimes usu\u00e1rio-cliente e explora\u00e7\u00e3o sexual de crian\u00e7as\" \/>\n<meta property=\"og:url\" content=\"https:\/\/dreamy.tours\/pt-br\/codigo-esnna\/\" \/>\n<meta property=\"og:site_name\" content=\"Dreamy Tours\" \/>\n<meta property=\"article:publisher\" content=\"https:\/\/www.facebook.com\/dreamytours\" \/>\n<meta property=\"article:modified_time\" content=\"2025-04-15T23:43:44+00:00\" \/>\n<meta property=\"og:image\" content=\"https:\/\/dreamy.tours\/wp-content\/uploads\/2021\/09\/lima-portada-tour.jpg\" \/>\n\t<meta property=\"og:image:width\" content=\"1900\" \/>\n\t<meta property=\"og:image:height\" content=\"600\" \/>\n\t<meta property=\"og:image:type\" content=\"image\/jpeg\" \/>\n<meta name=\"twitter:card\" content=\"summary_large_image\" \/>\n<meta name=\"twitter:site\" content=\"@Dreamy_tours\" \/>\n<meta name=\"twitter:label1\" content=\"Est. tempo de leitura\" \/>\n\t<meta name=\"twitter:data1\" content=\"3 minutos\" \/>\n<script type=\"application\/ld+json\" class=\"yoast-schema-graph\">{\"@context\":\"https:\\\/\\\/schema.org\",\"@graph\":[{\"@type\":\"WebPage\",\"@id\":\"https:\\\/\\\/dreamy.tours\\\/pt-br\\\/codigo-esnna\\\/\",\"url\":\"https:\\\/\\\/dreamy.tours\\\/pt-br\\\/codigo-esnna\\\/\",\"name\":\"C\u00d3DIGO ESNNA - Dreamy Tours C\u00d3DIGO ESNNA\",\"isPartOf\":{\"@id\":\"https:\\\/\\\/dreamy.tours\\\/pt-br\\\/#website\"},\"primaryImageOfPage\":{\"@id\":\"https:\\\/\\\/dreamy.tours\\\/pt-br\\\/codigo-esnna\\\/#primaryimage\"},\"image\":{\"@id\":\"https:\\\/\\\/dreamy.tours\\\/pt-br\\\/codigo-esnna\\\/#primaryimage\"},\"thumbnailUrl\":\"https:\\\/\\\/dreamy.tours\\\/wp-content\\\/uploads\\\/2021\\\/09\\\/lima-portada-tour.jpg\",\"datePublished\":\"2022-11-09T22:33:35+00:00\",\"dateModified\":\"2025-04-15T23:43:44+00:00\",\"description\":\"Por for\u00e7a da Lei n\u00ba 28.251; Lei contra o abuso e explora\u00e7\u00e3o sexual\u201d, que incorporou os crimes usu\u00e1rio-cliente e explora\u00e7\u00e3o sexual de crian\u00e7as\",\"breadcrumb\":{\"@id\":\"https:\\\/\\\/dreamy.tours\\\/pt-br\\\/codigo-esnna\\\/#breadcrumb\"},\"inLanguage\":\"pt-BR\",\"potentialAction\":[{\"@type\":\"ReadAction\",\"target\":[\"https:\\\/\\\/dreamy.tours\\\/pt-br\\\/codigo-esnna\\\/\"]}]},{\"@type\":\"ImageObject\",\"inLanguage\":\"pt-BR\",\"@id\":\"https:\\\/\\\/dreamy.tours\\\/pt-br\\\/codigo-esnna\\\/#primaryimage\",\"url\":\"https:\\\/\\\/dreamy.tours\\\/wp-content\\\/uploads\\\/2021\\\/09\\\/lima-portada-tour.jpg\",\"contentUrl\":\"https:\\\/\\\/dreamy.tours\\\/wp-content\\\/uploads\\\/2021\\\/09\\\/lima-portada-tour.jpg\",\"width\":1900,\"height\":600,\"caption\":\"Barranco Peru\"},{\"@type\":\"BreadcrumbList\",\"@id\":\"https:\\\/\\\/dreamy.tours\\\/pt-br\\\/codigo-esnna\\\/#breadcrumb\",\"itemListElement\":[{\"@type\":\"ListItem\",\"position\":1,\"name\":\"Home\",\"item\":\"https:\\\/\\\/dreamy.tours\\\/pt-br\\\/\"},{\"@type\":\"ListItem\",\"position\":2,\"name\":\"C\u00d3DIGO ESNNA\"}]},{\"@type\":\"WebSite\",\"@id\":\"https:\\\/\\\/dreamy.tours\\\/pt-br\\\/#website\",\"url\":\"https:\\\/\\\/dreamy.tours\\\/pt-br\\\/\",\"name\":\"Dreamy Tours\",\"description\":\"\",\"publisher\":{\"@id\":\"https:\\\/\\\/dreamy.tours\\\/pt-br\\\/#organization\"},\"potentialAction\":[{\"@type\":\"SearchAction\",\"target\":{\"@type\":\"EntryPoint\",\"urlTemplate\":\"https:\\\/\\\/dreamy.tours\\\/pt-br\\\/?s={search_term_string}\"},\"query-input\":{\"@type\":\"PropertyValueSpecification\",\"valueRequired\":true,\"valueName\":\"search_term_string\"}}],\"inLanguage\":\"pt-BR\"},{\"@type\":\"Organization\",\"@id\":\"https:\\\/\\\/dreamy.tours\\\/pt-br\\\/#organization\",\"name\":\"Dreamy Tours\",\"url\":\"https:\\\/\\\/dreamy.tours\\\/pt-br\\\/\",\"logo\":{\"@type\":\"ImageObject\",\"inLanguage\":\"pt-BR\",\"@id\":\"https:\\\/\\\/dreamy.tours\\\/pt-br\\\/#\\\/schema\\\/logo\\\/image\\\/\",\"url\":\"https:\\\/\\\/dreamy.tours\\\/wp-content\\\/uploads\\\/dreamy-tour-cuadrado.jpg\",\"contentUrl\":\"https:\\\/\\\/dreamy.tours\\\/wp-content\\\/uploads\\\/dreamy-tour-cuadrado.jpg\",\"width\":696,\"height\":696,\"caption\":\"Dreamy Tours\"},\"image\":{\"@id\":\"https:\\\/\\\/dreamy.tours\\\/pt-br\\\/#\\\/schema\\\/logo\\\/image\\\/\"},\"sameAs\":[\"https:\\\/\\\/www.facebook.com\\\/dreamytours\",\"https:\\\/\\\/x.com\\\/Dreamy_tours\",\"https:\\\/\\\/www.instagram.com\\\/dreamy_tours\\\/\",\"https:\\\/\\\/www.pinterest.es\\\/dreamy_tours\\\/\",\"https:\\\/\\\/www.youtube.com\\\/channel\\\/UCGKP_C9x8GBYl7l8D0QD9Fg\"]}]}<\/script>\n<!-- \/ Yoast SEO Premium plugin. -->","yoast_head_json":{"title":"C\u00d3DIGO ESNNA - Dreamy Tours C\u00d3DIGO ESNNA","description":"Por for\u00e7a da Lei n\u00ba 28.251; Lei contra o abuso e explora\u00e7\u00e3o sexual\u201d, que incorporou os crimes usu\u00e1rio-cliente e explora\u00e7\u00e3o sexual de crian\u00e7as","robots":{"index":"index","follow":"follow","max-snippet":"max-snippet:-1","max-image-preview":"max-image-preview:large","max-video-preview":"max-video-preview:-1"},"canonical":"https:\/\/dreamy.tours\/pt-br\/codigo-esnna\/","og_locale":"pt_BR","og_type":"article","og_title":"C\u00d3DIGO ESNNA","og_description":"Por for\u00e7a da Lei n\u00ba 28.251; Lei contra o abuso e explora\u00e7\u00e3o sexual\u201d, que incorporou os crimes usu\u00e1rio-cliente e explora\u00e7\u00e3o sexual de crian\u00e7as","og_url":"https:\/\/dreamy.tours\/pt-br\/codigo-esnna\/","og_site_name":"Dreamy Tours","article_publisher":"https:\/\/www.facebook.com\/dreamytours","article_modified_time":"2025-04-15T23:43:44+00:00","og_image":[{"width":1900,"height":600,"url":"https:\/\/dreamy.tours\/wp-content\/uploads\/2021\/09\/lima-portada-tour.jpg","type":"image\/jpeg"}],"twitter_card":"summary_large_image","twitter_site":"@Dreamy_tours","twitter_misc":{"Est. tempo de leitura":"3 minutos"},"schema":{"@context":"https:\/\/schema.org","@graph":[{"@type":"WebPage","@id":"https:\/\/dreamy.tours\/pt-br\/codigo-esnna\/","url":"https:\/\/dreamy.tours\/pt-br\/codigo-esnna\/","name":"C\u00d3DIGO ESNNA - Dreamy Tours C\u00d3DIGO ESNNA","isPartOf":{"@id":"https:\/\/dreamy.tours\/pt-br\/#website"},"primaryImageOfPage":{"@id":"https:\/\/dreamy.tours\/pt-br\/codigo-esnna\/#primaryimage"},"image":{"@id":"https:\/\/dreamy.tours\/pt-br\/codigo-esnna\/#primaryimage"},"thumbnailUrl":"https:\/\/dreamy.tours\/wp-content\/uploads\/2021\/09\/lima-portada-tour.jpg","datePublished":"2022-11-09T22:33:35+00:00","dateModified":"2025-04-15T23:43:44+00:00","description":"Por for\u00e7a da Lei n\u00ba 28.251; Lei contra o abuso e explora\u00e7\u00e3o sexual\u201d, que incorporou os crimes usu\u00e1rio-cliente e explora\u00e7\u00e3o sexual de crian\u00e7as","breadcrumb":{"@id":"https:\/\/dreamy.tours\/pt-br\/codigo-esnna\/#breadcrumb"},"inLanguage":"pt-BR","potentialAction":[{"@type":"ReadAction","target":["https:\/\/dreamy.tours\/pt-br\/codigo-esnna\/"]}]},{"@type":"ImageObject","inLanguage":"pt-BR","@id":"https:\/\/dreamy.tours\/pt-br\/codigo-esnna\/#primaryimage","url":"https:\/\/dreamy.tours\/wp-content\/uploads\/2021\/09\/lima-portada-tour.jpg","contentUrl":"https:\/\/dreamy.tours\/wp-content\/uploads\/2021\/09\/lima-portada-tour.jpg","width":1900,"height":600,"caption":"Barranco Peru"},{"@type":"BreadcrumbList","@id":"https:\/\/dreamy.tours\/pt-br\/codigo-esnna\/#breadcrumb","itemListElement":[{"@type":"ListItem","position":1,"name":"Home","item":"https:\/\/dreamy.tours\/pt-br\/"},{"@type":"ListItem","position":2,"name":"C\u00d3DIGO ESNNA"}]},{"@type":"WebSite","@id":"https:\/\/dreamy.tours\/pt-br\/#website","url":"https:\/\/dreamy.tours\/pt-br\/","name":"Dreamy Tours","description":"","publisher":{"@id":"https:\/\/dreamy.tours\/pt-br\/#organization"},"potentialAction":[{"@type":"SearchAction","target":{"@type":"EntryPoint","urlTemplate":"https:\/\/dreamy.tours\/pt-br\/?s={search_term_string}"},"query-input":{"@type":"PropertyValueSpecification","valueRequired":true,"valueName":"search_term_string"}}],"inLanguage":"pt-BR"},{"@type":"Organization","@id":"https:\/\/dreamy.tours\/pt-br\/#organization","name":"Dreamy Tours","url":"https:\/\/dreamy.tours\/pt-br\/","logo":{"@type":"ImageObject","inLanguage":"pt-BR","@id":"https:\/\/dreamy.tours\/pt-br\/#\/schema\/logo\/image\/","url":"https:\/\/dreamy.tours\/wp-content\/uploads\/dreamy-tour-cuadrado.jpg","contentUrl":"https:\/\/dreamy.tours\/wp-content\/uploads\/dreamy-tour-cuadrado.jpg","width":696,"height":696,"caption":"Dreamy Tours"},"image":{"@id":"https:\/\/dreamy.tours\/pt-br\/#\/schema\/logo\/image\/"},"sameAs":["https:\/\/www.facebook.com\/dreamytours","https:\/\/x.com\/Dreamy_tours","https:\/\/www.instagram.com\/dreamy_tours\/","https:\/\/www.pinterest.es\/dreamy_tours\/","https:\/\/www.youtube.com\/channel\/UCGKP_C9x8GBYl7l8D0QD9Fg"]}]}},"coauthors":[],"author_meta":{"author_link":"https:\/\/dreamy.tours\/pt-br\/blog\/author\/admin_dt\/","display_name":"Dreamy Tours"},"relative_dates":{"created":"Publicado 3 anos atr\u00e1s","modified":"Atualizado 12 meses atr\u00e1s"},"absolute_dates":{"created":"Publicado em 9 novembro, 2022","modified":"Atualizado em 15 abril, 2025"},"absolute_dates_time":{"created":"Publicado em 9 novembro, 2022 5:33 pm","modified":"Atualizado em 15 abril, 2025 6:43 pm"},"featured_img_caption":"Barranco Peru","featured_img":"https:\/\/dreamy.tours\/wp-content\/uploads\/2021\/09\/lima-portada-tour.jpg","series_order":"","_links":{"self":[{"href":"https:\/\/dreamy.tours\/pt-br\/wp-json\/wp\/v2\/pages\/27702","targetHints":{"allow":["GET"]}}],"collection":[{"href":"https:\/\/dreamy.tours\/pt-br\/wp-json\/wp\/v2\/pages"}],"about":[{"href":"https:\/\/dreamy.tours\/pt-br\/wp-json\/wp\/v2\/types\/page"}],"author":[{"embeddable":true,"href":"https:\/\/dreamy.tours\/pt-br\/wp-json\/wp\/v2\/users\/1"}],"replies":[{"embeddable":true,"href":"https:\/\/dreamy.tours\/pt-br\/wp-json\/wp\/v2\/comments?post=27702"}],"version-history":[{"count":0,"href":"https:\/\/dreamy.tours\/pt-br\/wp-json\/wp\/v2\/pages\/27702\/revisions"}],"wp:featuredmedia":[{"embeddable":true,"href":"https:\/\/dreamy.tours\/pt-br\/wp-json\/wp\/v2\/media\/3259"}],"wp:attachment":[{"href":"https:\/\/dreamy.tours\/pt-br\/wp-json\/wp\/v2\/media?parent=27702"}],"curies":[{"name":"wp","href":"https:\/\/api.w.org\/{rel}","templated":true}]}}