{"id":27684,"date":"2022-09-16T17:31:36","date_gmt":"2022-09-16T22:31:36","guid":{"rendered":"https:\/\/dreamy.tours\/politicas-de-proteccion-de-datos-personales\/"},"modified":"2023-08-04T15:41:59","modified_gmt":"2023-08-04T20:41:59","slug":"politicas-protecao-dados-pessoais","status":"publish","type":"page","link":"https:\/\/dreamy.tours\/pt-br\/politicas-protecao-dados-pessoais\/","title":{"rendered":"Pol\u00edticas de Prote\u00e7\u00e3o de Dados Pessoais"},"content":{"rendered":"\n<p>Em cumprimento da Lei n\u00ba 29.733 -Lei de Prote\u00e7\u00e3o de Dados Pessoais- e seu Regulamento n\u00ba 003-2013-JUS, autorizo \u200b\u200be dou \u00e0 DREAMY TOURS, por tempo indeterminado, meu livre, pr\u00e9vio, expresso, inequ\u00edvoco e informado consentimento para que (por si ou atrav\u00e9s de terceiros):<\/p>\n\n\n\n<p>Recolher, tratar ou eliminar, transferir ou importar, exportar os meus dados pessoais, criar Bases de Dados, transferi-los para terceiros ligados ou n\u00e3o \u00e0 DREAMY TOURS (sejam eles parceiros comerciais ou n\u00e3o, nacionais ou estrangeiros, p\u00fablicos ou privados) com a finalidade de :<\/p>\n\n\n\n<p>(i) Conceder-me o servi\u00e7o solicitado e\/ou (ii) Informar-me sobre novos servi\u00e7os relacionados com o(s) servi\u00e7o(s) adquirido(s) e\/ou (iii) Estabelecer uma comunica\u00e7\u00e3o que me permita fornecer informa\u00e7\u00f5es relacionadas com outros servi\u00e7os, concursos e conte\u00fados que possam ser do meu interesse e\/ou ofertas e\/ou promo\u00e7\u00f5es e\/ou alian\u00e7as e\/ou publicidade, entre outros, concursos e conte\u00fados que possam ser do interesse do propriet\u00e1rio da DREAMY TOURS e\/ou qualquer outra empresa que perten\u00e7a ou podem pertencer \u00e0 DREAMY TOURS, domiciliados ou n\u00e3o no pa\u00eds (directamente e\/ou atrav\u00e9s de terceiros relacionados ou n\u00e3o relacionados) (iv) Avaliar a qualidade dos seus servi\u00e7os e\/ou (v) Determinar o n\u00edvel de satisfa\u00e7\u00e3o do cliente e \/ou Armazenar e tratar os meus dados pessoais para fins estat\u00edsticos e\/ou hist\u00f3ricos para a DREAMY TOURS e\/ou terceiros ligados ou n\u00e3o ligados e\/ou qualquer outra empresa que perten\u00e7a ou possa vir a pertencer \u00e0 DREAMY TOURS.<\/p>\n\n\n\n<p>Fui informado de que: (i) se eu n\u00e3o der este consentimento, minhas informa\u00e7\u00f5es ser\u00e3o usadas (tratadas) apenas para a execu\u00e7\u00e3o (desenvolvimento) e cumprimento do servi\u00e7o que contrato, (ii) posso revogar meu consentimento em a qualquer momento, comunicando por escrito a minha decis\u00e3o em qualquer um dos escrit\u00f3rios da DREAMY TOURS, o que n\u00e3o afetar\u00e1 a utiliza\u00e7\u00e3o dos meus dados nem o conte\u00fado das Bases de Dados para a execu\u00e7\u00e3o e cumprimento da transa\u00e7\u00e3o que celebro consigo, (iii) poder exercer os meus direitos de acesso, retifica\u00e7\u00e3o, cancelamento e oposi\u00e7\u00e3o dos meus dados de acordo com a legisla\u00e7\u00e3o em vigor.<\/p>\n","protected":false},"excerpt":{"rendered":"<p>Em cumprimento da Lei n\u00ba 29.733 -Lei de Prote\u00e7\u00e3o de Dados Pessoais- e seu Regulamento n\u00ba 003-2013-JUS, autorizo \u200b\u200be dou \u00e0 DREAMY TOURS, por t&#8230;<\/p>\n","protected":false},"author":1,"featured_media":3259,"parent":0,"menu_order":0,"comment_status":"closed","ping_status":"closed","template":"","meta":{"_acf_changed":false,"advgb_blocks_editor_width":"","advgb_blocks_columns_visual_guide":"","footnotes":""},"class_list":["post-27684","page","type-page","status-publish","has-post-thumbnail","hentry"],"acf":[],"yoast_head":"<!-- This site is optimized with the Yoast SEO Premium plugin v25.4 (Yoast SEO v27.3) - https:\/\/yoast.com\/product\/yoast-seo-premium-wordpress\/ -->\n<title>Pol\u00edticas de Prote\u00e7\u00e3o de Dados Pessoais - Dreamy Tours<\/title>\n<meta name=\"description\" content=\"En cumplimiento de la Ley N\u00b0 29733 \u2013Ley de Protecci\u00f3n de Datos Personales- y su Reglamento N\u00b0 003-2013-JUS, autorizo y otorgo a DREAMY TOURS\" \/>\n<meta name=\"robots\" content=\"index, follow, max-snippet:-1, max-image-preview:large, max-video-preview:-1\" \/>\n<link rel=\"canonical\" href=\"https:\/\/dreamy.tours\/pt-br\/politicas-protecao-dados-pessoais\/\" \/>\n<meta property=\"og:locale\" content=\"pt_BR\" \/>\n<meta property=\"og:type\" content=\"article\" \/>\n<meta property=\"og:title\" content=\"Pol\u00edticas de Prote\u00e7\u00e3o de Dados Pessoais\" \/>\n<meta property=\"og:description\" content=\"En cumplimiento de la Ley N\u00b0 29733 \u2013Ley de Protecci\u00f3n de Datos Personales- y su Reglamento N\u00b0 003-2013-JUS, autorizo y otorgo a DREAMY TOURS\" \/>\n<meta property=\"og:url\" content=\"https:\/\/dreamy.tours\/pt-br\/politicas-protecao-dados-pessoais\/\" \/>\n<meta property=\"og:site_name\" content=\"Dreamy Tours\" \/>\n<meta property=\"article:publisher\" content=\"https:\/\/www.facebook.com\/dreamytours\" \/>\n<meta property=\"article:modified_time\" content=\"2023-08-04T20:41:59+00:00\" \/>\n<meta property=\"og:image\" content=\"https:\/\/dreamy.tours\/wp-content\/uploads\/2021\/09\/lima-portada-tour.jpg\" \/>\n\t<meta property=\"og:image:width\" content=\"1900\" \/>\n\t<meta property=\"og:image:height\" content=\"600\" \/>\n\t<meta property=\"og:image:type\" content=\"image\/jpeg\" \/>\n<meta name=\"twitter:card\" content=\"summary_large_image\" \/>\n<meta name=\"twitter:site\" content=\"@Dreamy_tours\" \/>\n<meta name=\"twitter:label1\" content=\"Est. tempo de leitura\" \/>\n\t<meta name=\"twitter:data1\" content=\"2 minutos\" \/>\n<script type=\"application\/ld+json\" class=\"yoast-schema-graph\">{\"@context\":\"https:\\\/\\\/schema.org\",\"@graph\":[{\"@type\":\"WebPage\",\"@id\":\"https:\\\/\\\/dreamy.tours\\\/pt-br\\\/politicas-protecao-dados-pessoais\\\/\",\"url\":\"https:\\\/\\\/dreamy.tours\\\/pt-br\\\/politicas-protecao-dados-pessoais\\\/\",\"name\":\"Pol\u00edticas de Prote\u00e7\u00e3o de Dados Pessoais - Dreamy Tours\",\"isPartOf\":{\"@id\":\"https:\\\/\\\/dreamy.tours\\\/pt-br\\\/#website\"},\"primaryImageOfPage\":{\"@id\":\"https:\\\/\\\/dreamy.tours\\\/pt-br\\\/politicas-protecao-dados-pessoais\\\/#primaryimage\"},\"image\":{\"@id\":\"https:\\\/\\\/dreamy.tours\\\/pt-br\\\/politicas-protecao-dados-pessoais\\\/#primaryimage\"},\"thumbnailUrl\":\"https:\\\/\\\/dreamy.tours\\\/wp-content\\\/uploads\\\/2021\\\/09\\\/lima-portada-tour.jpg\",\"datePublished\":\"2022-09-16T22:31:36+00:00\",\"dateModified\":\"2023-08-04T20:41:59+00:00\",\"description\":\"En cumplimiento de la Ley N\u00b0 29733 \u2013Ley de Protecci\u00f3n de Datos Personales- y su Reglamento N\u00b0 003-2013-JUS, autorizo y otorgo a DREAMY TOURS\",\"breadcrumb\":{\"@id\":\"https:\\\/\\\/dreamy.tours\\\/pt-br\\\/politicas-protecao-dados-pessoais\\\/#breadcrumb\"},\"inLanguage\":\"pt-BR\",\"potentialAction\":[{\"@type\":\"ReadAction\",\"target\":[\"https:\\\/\\\/dreamy.tours\\\/pt-br\\\/politicas-protecao-dados-pessoais\\\/\"]}]},{\"@type\":\"ImageObject\",\"inLanguage\":\"pt-BR\",\"@id\":\"https:\\\/\\\/dreamy.tours\\\/pt-br\\\/politicas-protecao-dados-pessoais\\\/#primaryimage\",\"url\":\"https:\\\/\\\/dreamy.tours\\\/wp-content\\\/uploads\\\/2021\\\/09\\\/lima-portada-tour.jpg\",\"contentUrl\":\"https:\\\/\\\/dreamy.tours\\\/wp-content\\\/uploads\\\/2021\\\/09\\\/lima-portada-tour.jpg\",\"width\":1900,\"height\":600,\"caption\":\"Barranco Peru\"},{\"@type\":\"BreadcrumbList\",\"@id\":\"https:\\\/\\\/dreamy.tours\\\/pt-br\\\/politicas-protecao-dados-pessoais\\\/#breadcrumb\",\"itemListElement\":[{\"@type\":\"ListItem\",\"position\":1,\"name\":\"Home\",\"item\":\"https:\\\/\\\/dreamy.tours\\\/pt-br\\\/\"},{\"@type\":\"ListItem\",\"position\":2,\"name\":\"Pol\u00edticas de Prote\u00e7\u00e3o de Dados Pessoais\"}]},{\"@type\":\"WebSite\",\"@id\":\"https:\\\/\\\/dreamy.tours\\\/pt-br\\\/#website\",\"url\":\"https:\\\/\\\/dreamy.tours\\\/pt-br\\\/\",\"name\":\"Dreamy Tours\",\"description\":\"\",\"publisher\":{\"@id\":\"https:\\\/\\\/dreamy.tours\\\/pt-br\\\/#organization\"},\"potentialAction\":[{\"@type\":\"SearchAction\",\"target\":{\"@type\":\"EntryPoint\",\"urlTemplate\":\"https:\\\/\\\/dreamy.tours\\\/pt-br\\\/?s={search_term_string}\"},\"query-input\":{\"@type\":\"PropertyValueSpecification\",\"valueRequired\":true,\"valueName\":\"search_term_string\"}}],\"inLanguage\":\"pt-BR\"},{\"@type\":\"Organization\",\"@id\":\"https:\\\/\\\/dreamy.tours\\\/pt-br\\\/#organization\",\"name\":\"Dreamy Tours\",\"url\":\"https:\\\/\\\/dreamy.tours\\\/pt-br\\\/\",\"logo\":{\"@type\":\"ImageObject\",\"inLanguage\":\"pt-BR\",\"@id\":\"https:\\\/\\\/dreamy.tours\\\/pt-br\\\/#\\\/schema\\\/logo\\\/image\\\/\",\"url\":\"https:\\\/\\\/dreamy.tours\\\/wp-content\\\/uploads\\\/dreamy-tour-cuadrado.jpg\",\"contentUrl\":\"https:\\\/\\\/dreamy.tours\\\/wp-content\\\/uploads\\\/dreamy-tour-cuadrado.jpg\",\"width\":696,\"height\":696,\"caption\":\"Dreamy Tours\"},\"image\":{\"@id\":\"https:\\\/\\\/dreamy.tours\\\/pt-br\\\/#\\\/schema\\\/logo\\\/image\\\/\"},\"sameAs\":[\"https:\\\/\\\/www.facebook.com\\\/dreamytours\",\"https:\\\/\\\/x.com\\\/Dreamy_tours\",\"https:\\\/\\\/www.instagram.com\\\/dreamy_tours\\\/\",\"https:\\\/\\\/www.pinterest.es\\\/dreamy_tours\\\/\",\"https:\\\/\\\/www.youtube.com\\\/channel\\\/UCGKP_C9x8GBYl7l8D0QD9Fg\"]}]}<\/script>\n<!-- \/ Yoast SEO Premium plugin. -->","yoast_head_json":{"title":"Pol\u00edticas de Prote\u00e7\u00e3o de Dados Pessoais - Dreamy Tours","description":"En cumplimiento de la Ley N\u00b0 29733 \u2013Ley de Protecci\u00f3n de Datos Personales- y su Reglamento N\u00b0 003-2013-JUS, autorizo y otorgo a DREAMY TOURS","robots":{"index":"index","follow":"follow","max-snippet":"max-snippet:-1","max-image-preview":"max-image-preview:large","max-video-preview":"max-video-preview:-1"},"canonical":"https:\/\/dreamy.tours\/pt-br\/politicas-protecao-dados-pessoais\/","og_locale":"pt_BR","og_type":"article","og_title":"Pol\u00edticas de Prote\u00e7\u00e3o de Dados Pessoais","og_description":"En cumplimiento de la Ley N\u00b0 29733 \u2013Ley de Protecci\u00f3n de Datos Personales- y su Reglamento N\u00b0 003-2013-JUS, autorizo y otorgo a DREAMY TOURS","og_url":"https:\/\/dreamy.tours\/pt-br\/politicas-protecao-dados-pessoais\/","og_site_name":"Dreamy Tours","article_publisher":"https:\/\/www.facebook.com\/dreamytours","article_modified_time":"2023-08-04T20:41:59+00:00","og_image":[{"width":1900,"height":600,"url":"https:\/\/dreamy.tours\/wp-content\/uploads\/2021\/09\/lima-portada-tour.jpg","type":"image\/jpeg"}],"twitter_card":"summary_large_image","twitter_site":"@Dreamy_tours","twitter_misc":{"Est. tempo de leitura":"2 minutos"},"schema":{"@context":"https:\/\/schema.org","@graph":[{"@type":"WebPage","@id":"https:\/\/dreamy.tours\/pt-br\/politicas-protecao-dados-pessoais\/","url":"https:\/\/dreamy.tours\/pt-br\/politicas-protecao-dados-pessoais\/","name":"Pol\u00edticas de Prote\u00e7\u00e3o de Dados Pessoais - Dreamy Tours","isPartOf":{"@id":"https:\/\/dreamy.tours\/pt-br\/#website"},"primaryImageOfPage":{"@id":"https:\/\/dreamy.tours\/pt-br\/politicas-protecao-dados-pessoais\/#primaryimage"},"image":{"@id":"https:\/\/dreamy.tours\/pt-br\/politicas-protecao-dados-pessoais\/#primaryimage"},"thumbnailUrl":"https:\/\/dreamy.tours\/wp-content\/uploads\/2021\/09\/lima-portada-tour.jpg","datePublished":"2022-09-16T22:31:36+00:00","dateModified":"2023-08-04T20:41:59+00:00","description":"En cumplimiento de la Ley N\u00b0 29733 \u2013Ley de Protecci\u00f3n de Datos Personales- y su Reglamento N\u00b0 003-2013-JUS, autorizo y otorgo a DREAMY TOURS","breadcrumb":{"@id":"https:\/\/dreamy.tours\/pt-br\/politicas-protecao-dados-pessoais\/#breadcrumb"},"inLanguage":"pt-BR","potentialAction":[{"@type":"ReadAction","target":["https:\/\/dreamy.tours\/pt-br\/politicas-protecao-dados-pessoais\/"]}]},{"@type":"ImageObject","inLanguage":"pt-BR","@id":"https:\/\/dreamy.tours\/pt-br\/politicas-protecao-dados-pessoais\/#primaryimage","url":"https:\/\/dreamy.tours\/wp-content\/uploads\/2021\/09\/lima-portada-tour.jpg","contentUrl":"https:\/\/dreamy.tours\/wp-content\/uploads\/2021\/09\/lima-portada-tour.jpg","width":1900,"height":600,"caption":"Barranco Peru"},{"@type":"BreadcrumbList","@id":"https:\/\/dreamy.tours\/pt-br\/politicas-protecao-dados-pessoais\/#breadcrumb","itemListElement":[{"@type":"ListItem","position":1,"name":"Home","item":"https:\/\/dreamy.tours\/pt-br\/"},{"@type":"ListItem","position":2,"name":"Pol\u00edticas de Prote\u00e7\u00e3o de Dados Pessoais"}]},{"@type":"WebSite","@id":"https:\/\/dreamy.tours\/pt-br\/#website","url":"https:\/\/dreamy.tours\/pt-br\/","name":"Dreamy Tours","description":"","publisher":{"@id":"https:\/\/dreamy.tours\/pt-br\/#organization"},"potentialAction":[{"@type":"SearchAction","target":{"@type":"EntryPoint","urlTemplate":"https:\/\/dreamy.tours\/pt-br\/?s={search_term_string}"},"query-input":{"@type":"PropertyValueSpecification","valueRequired":true,"valueName":"search_term_string"}}],"inLanguage":"pt-BR"},{"@type":"Organization","@id":"https:\/\/dreamy.tours\/pt-br\/#organization","name":"Dreamy Tours","url":"https:\/\/dreamy.tours\/pt-br\/","logo":{"@type":"ImageObject","inLanguage":"pt-BR","@id":"https:\/\/dreamy.tours\/pt-br\/#\/schema\/logo\/image\/","url":"https:\/\/dreamy.tours\/wp-content\/uploads\/dreamy-tour-cuadrado.jpg","contentUrl":"https:\/\/dreamy.tours\/wp-content\/uploads\/dreamy-tour-cuadrado.jpg","width":696,"height":696,"caption":"Dreamy Tours"},"image":{"@id":"https:\/\/dreamy.tours\/pt-br\/#\/schema\/logo\/image\/"},"sameAs":["https:\/\/www.facebook.com\/dreamytours","https:\/\/x.com\/Dreamy_tours","https:\/\/www.instagram.com\/dreamy_tours\/","https:\/\/www.pinterest.es\/dreamy_tours\/","https:\/\/www.youtube.com\/channel\/UCGKP_C9x8GBYl7l8D0QD9Fg"]}]}},"coauthors":[],"author_meta":{"author_link":"https:\/\/dreamy.tours\/pt-br\/blog\/author\/admin_dt\/","display_name":"Dreamy Tours"},"relative_dates":{"created":"Publicado 4 anos atr\u00e1s","modified":"Atualizado 3 anos atr\u00e1s"},"absolute_dates":{"created":"Publicado em 16 setembro, 2022","modified":"Atualizado em 4 agosto, 2023"},"absolute_dates_time":{"created":"Publicado em 16 setembro, 2022 5:31 pm","modified":"Atualizado em 4 agosto, 2023 3:41 pm"},"featured_img_caption":"Barranco Peru","featured_img":"https:\/\/dreamy.tours\/wp-content\/uploads\/2021\/09\/lima-portada-tour.jpg","series_order":"","_links":{"self":[{"href":"https:\/\/dreamy.tours\/pt-br\/wp-json\/wp\/v2\/pages\/27684","targetHints":{"allow":["GET"]}}],"collection":[{"href":"https:\/\/dreamy.tours\/pt-br\/wp-json\/wp\/v2\/pages"}],"about":[{"href":"https:\/\/dreamy.tours\/pt-br\/wp-json\/wp\/v2\/types\/page"}],"author":[{"embeddable":true,"href":"https:\/\/dreamy.tours\/pt-br\/wp-json\/wp\/v2\/users\/1"}],"replies":[{"embeddable":true,"href":"https:\/\/dreamy.tours\/pt-br\/wp-json\/wp\/v2\/comments?post=27684"}],"version-history":[{"count":0,"href":"https:\/\/dreamy.tours\/pt-br\/wp-json\/wp\/v2\/pages\/27684\/revisions"}],"wp:featuredmedia":[{"embeddable":true,"href":"https:\/\/dreamy.tours\/pt-br\/wp-json\/wp\/v2\/media\/3259"}],"wp:attachment":[{"href":"https:\/\/dreamy.tours\/pt-br\/wp-json\/wp\/v2\/media?parent=27684"}],"curies":[{"name":"wp","href":"https:\/\/api.w.org\/{rel}","templated":true}]}}