{"id":20006,"date":"2022-02-23T10:41:57","date_gmt":"2022-02-23T15:41:57","guid":{"rendered":"https:\/\/dreamy.tours\/travel-guide-huaraz\/"},"modified":"2022-08-17T15:44:29","modified_gmt":"2022-08-17T20:44:29","slug":"guia-de-viagem-ao-huaraz","status":"publish","type":"page","link":"https:\/\/dreamy.tours\/pt-br\/guia-de-viagem-ao-huaraz\/","title":{"rendered":"GUIA DE VIAGEM AO HUARAZ"},"content":{"rendered":"\n<h2 class=\"wp-block-heading\">CIDADE DE HUARAZ<\/h2>\n\n\n\n<p>Huaraz est\u00e1 localizada no meio do Callej\u00f3n de Huaylas, \u00e9 uma das cidades mais importantes do altiplano peruano. A cidade \u00e9 visitada por entusiastas dos desportos de aventura e de alta montanha que a praticam na Cordillera Blanca e na Cordillera Huayhuash, cobertas de neve.<\/p>\n\n\n\n<p>A cidade \u00e9 vigiada pela montanha nevada de Huascar\u00e1n, e tem uma geografia privilegiada com lugares c\u00e9nicos como as montanhas nevadas, lagoas, s\u00edtios arqueol\u00f3gicos, banhos t\u00e9rmicos. Estes lugares ir\u00e3o encoraj\u00e1-lo a fazer a viagem e desfrutar desta bela cidade.<\/p>\n\n\n\n<figure class=\"wp-block-gallery has-nested-images columns-default is-cropped wp-block-gallery-1 is-layout-flex wp-block-gallery-is-layout-flex\">\n<figure class=\"wp-block-image size-large\"><img decoding=\"async\" width=\"640\" height=\"787\" data-id=\"18523\" src=\"https:\/\/dreamy.tours\/wp-content\/uploads\/2022\/02\/plaza-de-huaraz-dreamy.jpg\" alt=\"\" class=\"wp-image-18523\"\/><\/figure>\n\n\n\n<figure class=\"wp-block-image size-large\"><img decoding=\"async\" width=\"606\" height=\"606\" data-id=\"18520\" src=\"https:\/\/dreamy.tours\/wp-content\/uploads\/2022\/02\/huaraz-deperu.jpg\" alt=\"\" class=\"wp-image-18520\"\/><\/figure>\n\n\n\n<figure class=\"wp-block-image size-large\"><img decoding=\"async\" width=\"1080\" height=\"1080\" data-id=\"18547\" src=\"https:\/\/dreamy.tours\/wp-content\/uploads\/2022\/02\/HUARAZ-IGLESIA.jpg\" alt=\"\" class=\"wp-image-18547\" srcset=\"https:\/\/dreamy.tours\/wp-content\/uploads\/2022\/02\/HUARAZ-IGLESIA.jpg 1080w, https:\/\/dreamy.tours\/wp-content\/uploads\/2022\/02\/HUARAZ-IGLESIA-768x768.jpg 768w\" sizes=\"(max-width: 1080px) 100vw, 1080px\" \/><\/figure>\n<\/figure>\n\n\n\n<div class=\"wp-block-ps2id-block-target\" id=\"localiza\u00e7\u00e3o\"><\/div>\n\n\n\n<h2 class=\"wp-block-heading\">LOCALIZA\u00c7\u00c3O<\/h2>\n\n\n\n<p>A cidade de Huaraz est\u00e1 localizada no centro do Peru e a norte da cidade de Lima.<\/p>\n\n\n\n<div class=\"wp-block-ps2id-block-target\" id=\"como-chegar\"><\/div>\n\n\n\n<h2 class=\"wp-block-heading\">COMO CHEGAR AO HUARAZ DE LIMA?<\/h2>\n\n\n\n<p>Lima-Huaraz<\/p>\n\n\n\n<p>De onibus ou carro: 7 horas aproximadamente<\/p>\n\n\n\n<p>Usando a auto-estrada Pan-Americana at\u00e9 Pativilca, depois entra-se no Callej\u00f3n de Huaylas, a viagem demora aproximadamente 8 horas. H\u00e1 4 horas pela Panamericana Norte e 4 horas para a ascens\u00e3o a Huaraz.<\/p>\n\n\n\n<div class=\"wp-block-ps2id-block-target\" id=\"moeda\"><\/div>\n\n\n\n<h2 class=\"wp-block-heading\">MOEDA<\/h2>\n\n\n\n<p>Sol ( S\/ ). \u00e9 a moeda oficial do Peru.<\/p>\n\n\n\n<div class=\"wp-block-ps2id-block-target\" id=\"clima\"><\/div>\n\n\n\n<h2 class=\"wp-block-heading\">CLIMA<\/h2>\n\n\n\n<p>O Huaraz \u00e9 considerado um clima de montanha tropical temperado, caracterizado por dias soalheiros e noites frias. A temperatura mais alta \u00e9 de 24 \u00b0C e a mais baixa \u00e9 de 4 \u00b0C.<\/p>\n\n\n\n<div class=\"wp-block-ps2id-block-target\" id=\"transporte\"><\/div>\n\n\n\n<h2 class=\"wp-block-heading\">TRANSPORTE<\/h2>\n\n\n\n<div class=\"wp-block-advgb-list\"><ul class=\"advgblist-7fa87697-f457-47f7-8a4e-97ba97c41483 advgb-list advgb-list-controls-play\"><li>No Huaraz o transporte consiste em transportes p\u00fablicos que incluem mini-autocarros e autocarros. Estes s\u00e3o os que t\u00eam um percurso determinado. Estes podem ser contratados em privado para visitas guiadas \u00e0 cidade de Huaraz.<\/li><li>T\u00e1xis. &#8211; Os t\u00e1xis em Trujillo s\u00e3o uma das melhores op\u00e7\u00f5es para se deslocar durante a sua estadia em Lima.<\/li><\/ul><\/div>\n\n\n\n<div class=\"wp-block-ps2id-block-target\" id=\"Acomoda\u00e7\u00e3o\"><\/div>\n\n\n\n<h2 class=\"wp-block-heading\">HOSPEDAGEN<\/h2>\n\n\n\n<p>A melhor \u00e1rea para ficar em Huaraz \u00e9 a Plaza de Armas, e depois fazer viagens para as diferentes montanhas cobertas de neve.&nbsp;<\/p>\n\n\n\n<div class=\"wp-block-ps2id-block-target\" id=\"o-que-fazer\"><\/div>\n\n\n\n<h2 class=\"wp-block-heading\">O QUE FAZER EM HUARAZ<\/h2>\n\n\n\n<h3 class=\"wp-block-heading\">1.- Centro Hist\u00f3rico de Huaraz<\/h3>\n\n\n\n<p>Na pra\u00e7a central de Huaraz podemos apreciar a Catedral Central, o Sagrario San Sebastian, o posto de turismo e o Museu de Arqueologia que apresenta o desenvolvimento hist\u00f3rico e cultural da regi\u00e3o de Ancash. No centro hist\u00f3rico de Huaraz podemos tamb\u00e9m ver o Santu\u00e1rio do Senhor de Soledad que \u00e9 uma bela igreja localizada na pra\u00e7a de Soledad.<\/p>\n\n\n\n<p>Seria tamb\u00e9m uma boa experi\u00eancia saborear a cerveja &#8220;Sierra Andina&#8221;.<\/p>\n\n\n\n<figure class=\"wp-block-gallery has-nested-images columns-default is-cropped wp-block-gallery-2 is-layout-flex wp-block-gallery-is-layout-flex\">\n<figure class=\"wp-block-image size-large\"><img decoding=\"async\" width=\"640\" height=\"660\" data-id=\"18538\" src=\"https:\/\/dreamy.tours\/wp-content\/uploads\/2022\/02\/huaraz-2022.jpg\" alt=\"\" class=\"wp-image-18538\"\/><figcaption>Plaza de Armas de Huaraz<\/figcaption><\/figure>\n\n\n\n<figure class=\"wp-block-image size-large\"><img decoding=\"async\" width=\"1080\" height=\"1080\" data-id=\"18542\" src=\"https:\/\/dreamy.tours\/wp-content\/uploads\/2022\/02\/huaraz-dreperu.jpg\" alt=\"\" class=\"wp-image-18542\" srcset=\"https:\/\/dreamy.tours\/wp-content\/uploads\/2022\/02\/huaraz-dreperu.jpg 1080w, https:\/\/dreamy.tours\/wp-content\/uploads\/2022\/02\/huaraz-dreperu-768x768.jpg 768w\" sizes=\"(max-width: 1080px) 100vw, 1080px\" \/><figcaption>huaraz<\/figcaption><\/figure>\n\n\n\n<figure class=\"wp-block-image size-large\"><img decoding=\"async\" width=\"480\" height=\"600\" data-id=\"18535\" src=\"https:\/\/dreamy.tours\/wp-content\/uploads\/2022\/02\/santuario-senor-de-soledad-huaraz.jpg\" alt=\"\" class=\"wp-image-18535\"\/><figcaption>Santuario sr de Soledad<\/figcaption><\/figure>\n<\/figure>\n\n\n\n<h3 class=\"wp-block-heading\">2.- Chav\u00edn de Huantar<\/h3>\n\n\n\n<p>\u00c9 uma das j\u00f3ias pr\u00e9-Inca e tem mais de tr\u00eas mil anos de idade. Diz-se que Chavin de Huantar serviu de inspira\u00e7\u00e3o muitos anos mais tarde aos Incas para construir o santu\u00e1rio de Macchu Picchu, em Chavin de Huantar vamos encontrar:<\/p>\n\n\n\n<div class=\"wp-block-advgb-list\"><ul class=\"advgblist-325a6517-e93a-464f-a4d0-22844a4e912b advgb-list advgb-list-admin-generic\"><li>Cabezas Clavas. &#8211; Estas s\u00e3o esculturas de pedra representando cabe\u00e7as humanas com olhos selvagens, figuras de cobras e presas. Considera-se que a sua fun\u00e7\u00e3o era a de guardar o centro cerimonial.\u00a0<\/li><li>A Lan\u00e7a Monol\u00edtica. &#8211; Uma escultura de pedra mostrando um ser com presas felinas, m\u00e3os e p\u00e9s com garras e cabelo transformados em cobras. \u00c9 considerado um dos \u00edcones mais importantes da cultura de Chavin.\u00a0<\/li><li>O Raimondi Stele. &#8211; \u00c9 uma escultura que representa o Deus dos Staffs, uma vez que ele segura o Baculum Sagrado em cada m\u00e3o.\u00a0<\/li><\/ul><\/div>\n\n\n\n<figure class=\"wp-block-gallery has-nested-images columns-default is-cropped wp-block-gallery-3 is-layout-flex wp-block-gallery-is-layout-flex\">\n<figure class=\"wp-block-image size-large\"><img decoding=\"async\" width=\"640\" height=\"800\" data-id=\"18556\" src=\"https:\/\/dreamy.tours\/wp-content\/uploads\/2022\/02\/Chavin-de-Huantar-dremay.jpg\" alt=\"\" class=\"wp-image-18556\"\/><\/figure>\n\n\n\n<figure class=\"wp-block-image size-large\"><img decoding=\"async\" width=\"480\" height=\"600\" data-id=\"18559\" src=\"https:\/\/dreamy.tours\/wp-content\/uploads\/2022\/02\/chavin-de-huantar-huaraz.jpg\" alt=\"\" class=\"wp-image-18559\"\/><\/figure>\n\n\n\n<figure class=\"wp-block-image size-large\"><img decoding=\"async\" width=\"640\" height=\"427\" data-id=\"18553\" src=\"https:\/\/dreamy.tours\/wp-content\/uploads\/2022\/02\/museo-chavin-de-huantar.jpg\" alt=\"\" class=\"wp-image-18553\" srcset=\"https:\/\/dreamy.tours\/wp-content\/uploads\/2022\/02\/museo-chavin-de-huantar.jpg 640w, https:\/\/dreamy.tours\/wp-content\/uploads\/2022\/02\/museo-chavin-de-huantar-300x200.jpg 300w, https:\/\/dreamy.tours\/wp-content\/uploads\/2022\/02\/museo-chavin-de-huantar-570x380.jpg 570w\" sizes=\"(max-width: 640px) 100vw, 640px\" \/><\/figure>\n<\/figure>\n\n\n\n<h3 class=\"wp-block-heading\">3.- Parque Nacional de Huascaran<\/h3>\n\n\n\n<p>Est\u00e1 localizada nos Andes Centrais Peruanos, na chamada &#8220;Cordillera Blanca&#8221;. \u00c9 uma das j\u00f3ias naturais que cont\u00e9m ecossistemas not\u00e1veis e uma vasta gama de flora e fauna. Tem a montanha andina mais alta coberta de neve do Peru chamada Huascaran.<\/p>\n\n\n\n<figure class=\"wp-block-gallery has-nested-images columns-default is-cropped wp-block-gallery-4 is-layout-flex wp-block-gallery-is-layout-flex\">\n<figure class=\"wp-block-image size-large\"><img decoding=\"async\" width=\"480\" height=\"600\" data-id=\"18568\" src=\"https:\/\/dreamy.tours\/wp-content\/uploads\/2022\/02\/parque-nacional-de-huascaran-dreamy-huaraz.jpg\" alt=\"\" class=\"wp-image-18568\"\/><\/figure>\n\n\n\n<figure class=\"wp-block-image size-large\"><img decoding=\"async\" width=\"640\" height=\"800\" data-id=\"18572\" src=\"https:\/\/dreamy.tours\/wp-content\/uploads\/2022\/02\/laguna-huaraz-21.jpg\" alt=\"\" class=\"wp-image-18572\"\/><\/figure>\n\n\n\n<figure class=\"wp-block-image size-large\"><img decoding=\"async\" width=\"480\" height=\"600\" data-id=\"18565\" src=\"https:\/\/dreamy.tours\/wp-content\/uploads\/2022\/02\/parque-nacional-de-huascaran-nevado-huaras.jpg\" alt=\"\" class=\"wp-image-18565\"\/><\/figure>\n<\/figure>\n\n\n\n<h3 class=\"wp-block-heading\">4.- Lagoas<\/h3>\n\n\n\n<p>Na cidade de Huaraz encontraremos o Parque Nacional de Huascar\u00e1n, no qual existem cerca de 434 lagoas que t\u00eam uma origem glaciar. Os que t\u00eam \u00e1gua turquesa. Nas quais poder\u00e1 iniciar as viagens para os diferentes lugares do beco de Huaylas, entre os quais poderemos observar as lagoas d\u00e9.<\/p>\n\n\n\n<div class=\"wp-block-advgb-list\"><ul class=\"advgblist-4a0f479c-b791-4b96-bbde-df0fbb368ce2 advgb-list advgb-list-arrow-right-alt2\"><li>Lagoa de Querococha<\/li><li>Lagoa 69<\/li><li>Alpamayo montanha coberta de neve<\/li><li>Lagoon Paron<\/li><li>Lagoa de Llanganuco.<\/li><\/ul><\/div>\n\n\n\n<figure class=\"wp-block-gallery has-nested-images columns-default is-cropped wp-block-gallery-5 is-layout-flex wp-block-gallery-is-layout-flex\">\n<figure class=\"wp-block-image size-large\"><img decoding=\"async\" width=\"640\" height=\"668\" data-id=\"18589\" src=\"https:\/\/dreamy.tours\/wp-content\/uploads\/2022\/02\/laguna-69-huaraz-dre.jpg\" alt=\"\" class=\"wp-image-18589\"\/><\/figure>\n\n\n\n<figure class=\"wp-block-image size-large\"><img decoding=\"async\" width=\"480\" height=\"600\" data-id=\"18578\" src=\"https:\/\/dreamy.tours\/wp-content\/uploads\/2022\/02\/Laguna-Paron-d.jpg\" alt=\"\" class=\"wp-image-18578\"\/><\/figure>\n\n\n\n<figure class=\"wp-block-image size-large\"><img decoding=\"async\" width=\"640\" height=\"640\" data-id=\"18592\" src=\"https:\/\/dreamy.tours\/wp-content\/uploads\/2022\/02\/LAGUNA-LLACA-HUARAS.jpg\" alt=\"\" class=\"wp-image-18592\"\/><\/figure>\n<\/figure>\n\n\n\n<h3 class=\"wp-block-heading\">5.- Montanha Pastoruri<\/h3>\n\n\n\n<p>A montanha coberta de neve de Pastoruri \u00e9 uma montanha no centro do Peru, localizada na aldeia de Pachapaqui, faz parte da Cordilheira Branca, o seu cume atinge 5.240 m acima do n\u00edvel do mar.&nbsp; Aqui pode observar a Lagoa Patococha e os esp\u00e9cimes de Puya Raimondi.<\/p>\n\n\n\n<figure class=\"wp-block-gallery has-nested-images columns-default is-cropped wp-block-gallery-6 is-layout-flex wp-block-gallery-is-layout-flex\">\n<figure class=\"wp-block-image size-large\"><img decoding=\"async\" width=\"640\" height=\"800\" data-id=\"18601\" src=\"https:\/\/dreamy.tours\/wp-content\/uploads\/2022\/02\/nevado-pastoruri-6.jpg\" alt=\"\" class=\"wp-image-18601\"\/><\/figure>\n\n\n\n<figure class=\"wp-block-image size-large\"><img decoding=\"async\" width=\"640\" height=\"426\" data-id=\"18598\" src=\"https:\/\/dreamy.tours\/wp-content\/uploads\/2022\/02\/NEVADO-PASTORURI6.jpg\" alt=\"\" class=\"wp-image-18598\" srcset=\"https:\/\/dreamy.tours\/wp-content\/uploads\/2022\/02\/NEVADO-PASTORURI6.jpg 640w, https:\/\/dreamy.tours\/wp-content\/uploads\/2022\/02\/NEVADO-PASTORURI6-300x200.jpg 300w, https:\/\/dreamy.tours\/wp-content\/uploads\/2022\/02\/NEVADO-PASTORURI6-570x380.jpg 570w\" sizes=\"(max-width: 640px) 100vw, 640px\" \/><\/figure>\n\n\n\n<figure class=\"wp-block-image size-large\"><img decoding=\"async\" width=\"640\" height=\"800\" data-id=\"18604\" src=\"https:\/\/dreamy.tours\/wp-content\/uploads\/2022\/02\/NEVADO-PASTORURI-3-1.jpg\" alt=\"\" class=\"wp-image-18604\"\/><\/figure>\n<\/figure>\n<style class=\"advgb-styles-renderer\">.wp-block-advgb-list ul.advgblist-7fa87697-f457-47f7-8a4e-97ba97c41483 > li{font-size:16px;}.wp-block-advgb-list ul.advgblist-7fa87697-f457-47f7-8a4e-97ba97c41483 > li{padding-left:18px;margin-left:0;}.wp-block-advgb-list ul.advgblist-7fa87697-f457-47f7-8a4e-97ba97c41483 > li:before{font-size:16px;color:#ff0000;line-height:18px;margin:2px;padding:2px;margin-left:-20px}.wp-block-advgb-list ul.advgblist-325a6517-e93a-464f-a4d0-22844a4e912b > li{font-size:16px;}.wp-block-advgb-list ul.advgblist-325a6517-e93a-464f-a4d0-22844a4e912b > li{padding-left:18px;margin-left:0;}.wp-block-advgb-list ul.advgblist-325a6517-e93a-464f-a4d0-22844a4e912b > li:before{font-size:16px;color:#ff0000;line-height:18px;margin:2px;padding:2px;margin-left:-20px}.wp-block-advgb-list ul.advgblist-4a0f479c-b791-4b96-bbde-df0fbb368ce2 > li{font-size:16px;}.wp-block-advgb-list ul.advgblist-4a0f479c-b791-4b96-bbde-df0fbb368ce2 > li{padding-left:18px;margin-left:0;}.wp-block-advgb-list ul.advgblist-4a0f479c-b791-4b96-bbde-df0fbb368ce2 > li:before{font-size:16px;color:#ff0000;line-height:18px;margin:2px;padding:2px;margin-left:-20px}<\/style>","protected":false},"excerpt":{"rendered":"<p>CIDADE DE HUARAZ Huaraz est\u00e1 localizada no meio do Callej\u00f3n de Huaylas, \u00e9 uma das cidades mais importantes do altiplano peruano. A cidade \u00e9 visita&#8230;<\/p>\n","protected":false},"author":1,"featured_media":20277,"parent":0,"menu_order":0,"comment_status":"closed","ping_status":"closed","template":"page-guides.php","meta":{"_acf_changed":false,"advgb_blocks_editor_width":"","advgb_blocks_columns_visual_guide":"","footnotes":""},"class_list":["post-20006","page","type-page","status-publish","has-post-thumbnail","hentry"],"acf":[],"yoast_head":"<!-- This site is optimized with the Yoast SEO Premium plugin v25.4 (Yoast SEO v27.6) - https:\/\/yoast.com\/product\/yoast-seo-premium-wordpress\/ -->\n<title>GUIA DE VIAGEM AO HUARAZ - Dreamy Tours<\/title>\n<meta name=\"description\" content=\"Huaraz, uma bela cidade nos Andes peruanos, est\u00e1 cheia de aventura e atividades recreativas. Conhe\u00e7a este destino com o nosso guia\" \/>\n<meta name=\"robots\" content=\"index, follow, max-snippet:-1, max-image-preview:large, max-video-preview:-1\" \/>\n<link rel=\"canonical\" href=\"https:\/\/dreamy.tours\/pt-br\/guia-de-viagem-ao-huaraz\/\" \/>\n<meta property=\"og:locale\" content=\"pt_BR\" \/>\n<meta property=\"og:type\" content=\"article\" \/>\n<meta property=\"og:title\" content=\"GUIA DE VIAGEM AO HUARAZ\" \/>\n<meta property=\"og:description\" content=\"Huaraz, uma bela cidade nos Andes peruanos, est\u00e1 cheia de aventura e atividades recreativas. Conhe\u00e7a este destino com o nosso guia\" \/>\n<meta property=\"og:url\" content=\"https:\/\/dreamy.tours\/pt-br\/guia-de-viagem-ao-huaraz\/\" \/>\n<meta property=\"og:site_name\" content=\"Dreamy Tours\" \/>\n<meta property=\"article:publisher\" content=\"https:\/\/www.facebook.com\/dreamytours\" \/>\n<meta property=\"article:modified_time\" content=\"2022-08-17T20:44:29+00:00\" \/>\n<meta property=\"og:image\" content=\"https:\/\/dreamy.tours\/wp-content\/uploads\/2022\/02\/laguna-69-huaraz.jpg\" \/>\n\t<meta property=\"og:image:width\" content=\"2000\" \/>\n\t<meta property=\"og:image:height\" content=\"400\" \/>\n\t<meta property=\"og:image:type\" content=\"image\/jpeg\" \/>\n<meta name=\"twitter:card\" content=\"summary_large_image\" \/>\n<meta name=\"twitter:site\" content=\"@Dreamy_tours\" \/>\n<meta name=\"twitter:label1\" content=\"Est. tempo de leitura\" \/>\n\t<meta name=\"twitter:data1\" content=\"7 minutos\" \/>\n<script type=\"application\/ld+json\" class=\"yoast-schema-graph\">{\"@context\":\"https:\\\/\\\/schema.org\",\"@graph\":[{\"@type\":\"WebPage\",\"@id\":\"https:\\\/\\\/dreamy.tours\\\/pt-br\\\/guia-de-viagem-ao-huaraz\\\/\",\"url\":\"https:\\\/\\\/dreamy.tours\\\/pt-br\\\/guia-de-viagem-ao-huaraz\\\/\",\"name\":\"GUIA DE VIAGEM AO HUARAZ - Dreamy Tours\",\"isPartOf\":{\"@id\":\"https:\\\/\\\/dreamy.tours\\\/pt-br\\\/#website\"},\"primaryImageOfPage\":{\"@id\":\"https:\\\/\\\/dreamy.tours\\\/pt-br\\\/guia-de-viagem-ao-huaraz\\\/#primaryimage\"},\"image\":{\"@id\":\"https:\\\/\\\/dreamy.tours\\\/pt-br\\\/guia-de-viagem-ao-huaraz\\\/#primaryimage\"},\"thumbnailUrl\":\"https:\\\/\\\/dreamy.tours\\\/wp-content\\\/uploads\\\/2022\\\/02\\\/laguna-69-huaraz.jpg\",\"datePublished\":\"2022-02-23T15:41:57+00:00\",\"dateModified\":\"2022-08-17T20:44:29+00:00\",\"description\":\"Huaraz, uma bela cidade nos Andes peruanos, est\u00e1 cheia de aventura e atividades recreativas. Conhe\u00e7a este destino com o nosso guia\",\"breadcrumb\":{\"@id\":\"https:\\\/\\\/dreamy.tours\\\/pt-br\\\/guia-de-viagem-ao-huaraz\\\/#breadcrumb\"},\"inLanguage\":\"pt-BR\",\"potentialAction\":[{\"@type\":\"ReadAction\",\"target\":[\"https:\\\/\\\/dreamy.tours\\\/pt-br\\\/guia-de-viagem-ao-huaraz\\\/\"]}]},{\"@type\":\"ImageObject\",\"inLanguage\":\"pt-BR\",\"@id\":\"https:\\\/\\\/dreamy.tours\\\/pt-br\\\/guia-de-viagem-ao-huaraz\\\/#primaryimage\",\"url\":\"https:\\\/\\\/dreamy.tours\\\/wp-content\\\/uploads\\\/2022\\\/02\\\/laguna-69-huaraz.jpg\",\"contentUrl\":\"https:\\\/\\\/dreamy.tours\\\/wp-content\\\/uploads\\\/2022\\\/02\\\/laguna-69-huaraz.jpg\",\"width\":2000,\"height\":400},{\"@type\":\"BreadcrumbList\",\"@id\":\"https:\\\/\\\/dreamy.tours\\\/pt-br\\\/guia-de-viagem-ao-huaraz\\\/#breadcrumb\",\"itemListElement\":[{\"@type\":\"ListItem\",\"position\":1,\"name\":\"Home\",\"item\":\"https:\\\/\\\/dreamy.tours\\\/pt-br\\\/\"},{\"@type\":\"ListItem\",\"position\":2,\"name\":\"GUIA DE VIAGEM AO HUARAZ\"}]},{\"@type\":\"WebSite\",\"@id\":\"https:\\\/\\\/dreamy.tours\\\/pt-br\\\/#website\",\"url\":\"https:\\\/\\\/dreamy.tours\\\/pt-br\\\/\",\"name\":\"Dreamy Tours\",\"description\":\"\",\"publisher\":{\"@id\":\"https:\\\/\\\/dreamy.tours\\\/pt-br\\\/#organization\"},\"potentialAction\":[{\"@type\":\"SearchAction\",\"target\":{\"@type\":\"EntryPoint\",\"urlTemplate\":\"https:\\\/\\\/dreamy.tours\\\/pt-br\\\/?s={search_term_string}\"},\"query-input\":{\"@type\":\"PropertyValueSpecification\",\"valueRequired\":true,\"valueName\":\"search_term_string\"}}],\"inLanguage\":\"pt-BR\"},{\"@type\":\"Organization\",\"@id\":\"https:\\\/\\\/dreamy.tours\\\/pt-br\\\/#organization\",\"name\":\"Dreamy Tours\",\"url\":\"https:\\\/\\\/dreamy.tours\\\/pt-br\\\/\",\"logo\":{\"@type\":\"ImageObject\",\"inLanguage\":\"pt-BR\",\"@id\":\"https:\\\/\\\/dreamy.tours\\\/pt-br\\\/#\\\/schema\\\/logo\\\/image\\\/\",\"url\":\"https:\\\/\\\/dreamy.tours\\\/wp-content\\\/uploads\\\/dreamy-tour-cuadrado.jpg\",\"contentUrl\":\"https:\\\/\\\/dreamy.tours\\\/wp-content\\\/uploads\\\/dreamy-tour-cuadrado.jpg\",\"width\":696,\"height\":696,\"caption\":\"Dreamy Tours\"},\"image\":{\"@id\":\"https:\\\/\\\/dreamy.tours\\\/pt-br\\\/#\\\/schema\\\/logo\\\/image\\\/\"},\"sameAs\":[\"https:\\\/\\\/www.facebook.com\\\/dreamytours\",\"https:\\\/\\\/x.com\\\/Dreamy_tours\",\"https:\\\/\\\/www.instagram.com\\\/dreamy_tours\\\/\",\"https:\\\/\\\/www.pinterest.es\\\/dreamy_tours\\\/\",\"https:\\\/\\\/www.youtube.com\\\/channel\\\/UCGKP_C9x8GBYl7l8D0QD9Fg\"]}]}<\/script>\n<!-- \/ Yoast SEO Premium plugin. -->","yoast_head_json":{"title":"GUIA DE VIAGEM AO HUARAZ - Dreamy Tours","description":"Huaraz, uma bela cidade nos Andes peruanos, est\u00e1 cheia de aventura e atividades recreativas. Conhe\u00e7a este destino com o nosso guia","robots":{"index":"index","follow":"follow","max-snippet":"max-snippet:-1","max-image-preview":"max-image-preview:large","max-video-preview":"max-video-preview:-1"},"canonical":"https:\/\/dreamy.tours\/pt-br\/guia-de-viagem-ao-huaraz\/","og_locale":"pt_BR","og_type":"article","og_title":"GUIA DE VIAGEM AO HUARAZ","og_description":"Huaraz, uma bela cidade nos Andes peruanos, est\u00e1 cheia de aventura e atividades recreativas. Conhe\u00e7a este destino com o nosso guia","og_url":"https:\/\/dreamy.tours\/pt-br\/guia-de-viagem-ao-huaraz\/","og_site_name":"Dreamy Tours","article_publisher":"https:\/\/www.facebook.com\/dreamytours","article_modified_time":"2022-08-17T20:44:29+00:00","og_image":[{"width":2000,"height":400,"url":"https:\/\/dreamy.tours\/wp-content\/uploads\/2022\/02\/laguna-69-huaraz.jpg","type":"image\/jpeg"}],"twitter_card":"summary_large_image","twitter_site":"@Dreamy_tours","twitter_misc":{"Est. tempo de leitura":"7 minutos"},"schema":{"@context":"https:\/\/schema.org","@graph":[{"@type":"WebPage","@id":"https:\/\/dreamy.tours\/pt-br\/guia-de-viagem-ao-huaraz\/","url":"https:\/\/dreamy.tours\/pt-br\/guia-de-viagem-ao-huaraz\/","name":"GUIA DE VIAGEM AO HUARAZ - Dreamy Tours","isPartOf":{"@id":"https:\/\/dreamy.tours\/pt-br\/#website"},"primaryImageOfPage":{"@id":"https:\/\/dreamy.tours\/pt-br\/guia-de-viagem-ao-huaraz\/#primaryimage"},"image":{"@id":"https:\/\/dreamy.tours\/pt-br\/guia-de-viagem-ao-huaraz\/#primaryimage"},"thumbnailUrl":"https:\/\/dreamy.tours\/wp-content\/uploads\/2022\/02\/laguna-69-huaraz.jpg","datePublished":"2022-02-23T15:41:57+00:00","dateModified":"2022-08-17T20:44:29+00:00","description":"Huaraz, uma bela cidade nos Andes peruanos, est\u00e1 cheia de aventura e atividades recreativas. Conhe\u00e7a este destino com o nosso guia","breadcrumb":{"@id":"https:\/\/dreamy.tours\/pt-br\/guia-de-viagem-ao-huaraz\/#breadcrumb"},"inLanguage":"pt-BR","potentialAction":[{"@type":"ReadAction","target":["https:\/\/dreamy.tours\/pt-br\/guia-de-viagem-ao-huaraz\/"]}]},{"@type":"ImageObject","inLanguage":"pt-BR","@id":"https:\/\/dreamy.tours\/pt-br\/guia-de-viagem-ao-huaraz\/#primaryimage","url":"https:\/\/dreamy.tours\/wp-content\/uploads\/2022\/02\/laguna-69-huaraz.jpg","contentUrl":"https:\/\/dreamy.tours\/wp-content\/uploads\/2022\/02\/laguna-69-huaraz.jpg","width":2000,"height":400},{"@type":"BreadcrumbList","@id":"https:\/\/dreamy.tours\/pt-br\/guia-de-viagem-ao-huaraz\/#breadcrumb","itemListElement":[{"@type":"ListItem","position":1,"name":"Home","item":"https:\/\/dreamy.tours\/pt-br\/"},{"@type":"ListItem","position":2,"name":"GUIA DE VIAGEM AO HUARAZ"}]},{"@type":"WebSite","@id":"https:\/\/dreamy.tours\/pt-br\/#website","url":"https:\/\/dreamy.tours\/pt-br\/","name":"Dreamy Tours","description":"","publisher":{"@id":"https:\/\/dreamy.tours\/pt-br\/#organization"},"potentialAction":[{"@type":"SearchAction","target":{"@type":"EntryPoint","urlTemplate":"https:\/\/dreamy.tours\/pt-br\/?s={search_term_string}"},"query-input":{"@type":"PropertyValueSpecification","valueRequired":true,"valueName":"search_term_string"}}],"inLanguage":"pt-BR"},{"@type":"Organization","@id":"https:\/\/dreamy.tours\/pt-br\/#organization","name":"Dreamy Tours","url":"https:\/\/dreamy.tours\/pt-br\/","logo":{"@type":"ImageObject","inLanguage":"pt-BR","@id":"https:\/\/dreamy.tours\/pt-br\/#\/schema\/logo\/image\/","url":"https:\/\/dreamy.tours\/wp-content\/uploads\/dreamy-tour-cuadrado.jpg","contentUrl":"https:\/\/dreamy.tours\/wp-content\/uploads\/dreamy-tour-cuadrado.jpg","width":696,"height":696,"caption":"Dreamy Tours"},"image":{"@id":"https:\/\/dreamy.tours\/pt-br\/#\/schema\/logo\/image\/"},"sameAs":["https:\/\/www.facebook.com\/dreamytours","https:\/\/x.com\/Dreamy_tours","https:\/\/www.instagram.com\/dreamy_tours\/","https:\/\/www.pinterest.es\/dreamy_tours\/","https:\/\/www.youtube.com\/channel\/UCGKP_C9x8GBYl7l8D0QD9Fg"]}]}},"coauthors":[],"author_meta":{"author_link":"https:\/\/dreamy.tours\/pt-br\/blog\/author\/admin_dt\/","display_name":"Dreamy Tours"},"relative_dates":{"created":"Publicado 4 anos atr\u00e1s","modified":"Atualizado 4 anos atr\u00e1s"},"absolute_dates":{"created":"Publicado em 23 fevereiro, 2022","modified":"Atualizado em 17 agosto, 2022"},"absolute_dates_time":{"created":"Publicado em 23 fevereiro, 2022 10:41 am","modified":"Atualizado em 17 agosto, 2022 3:44 pm"},"featured_img_caption":"","featured_img":"https:\/\/dreamy.tours\/wp-content\/uploads\/2022\/02\/laguna-69-huaraz.jpg","series_order":"","_links":{"self":[{"href":"https:\/\/dreamy.tours\/pt-br\/wp-json\/wp\/v2\/pages\/20006","targetHints":{"allow":["GET"]}}],"collection":[{"href":"https:\/\/dreamy.tours\/pt-br\/wp-json\/wp\/v2\/pages"}],"about":[{"href":"https:\/\/dreamy.tours\/pt-br\/wp-json\/wp\/v2\/types\/page"}],"author":[{"embeddable":true,"href":"https:\/\/dreamy.tours\/pt-br\/wp-json\/wp\/v2\/users\/1"}],"replies":[{"embeddable":true,"href":"https:\/\/dreamy.tours\/pt-br\/wp-json\/wp\/v2\/comments?post=20006"}],"version-history":[{"count":0,"href":"https:\/\/dreamy.tours\/pt-br\/wp-json\/wp\/v2\/pages\/20006\/revisions"}],"wp:featuredmedia":[{"embeddable":true,"href":"https:\/\/dreamy.tours\/pt-br\/wp-json\/wp\/v2\/media\/20277"}],"wp:attachment":[{"href":"https:\/\/dreamy.tours\/pt-br\/wp-json\/wp\/v2\/media?parent=20006"}],"curies":[{"name":"wp","href":"https:\/\/api.w.org\/{rel}","templated":true}]}}