{"id":20003,"date":"2022-02-23T10:41:34","date_gmt":"2022-02-23T15:41:34","guid":{"rendered":"https:\/\/dreamy.tours\/travel-guide-puerto-maldonado\/"},"modified":"2022-08-17T15:45:49","modified_gmt":"2022-08-17T20:45:49","slug":"guia-de-viagem-a-puerto-maldonado","status":"publish","type":"page","link":"https:\/\/dreamy.tours\/pt-br\/guia-de-viagem-a-puerto-maldonado\/","title":{"rendered":"GUIA DE VIAGEM A PUERTO MALDONADO"},"content":{"rendered":"\n<h2 class=\"wp-block-heading\">CIDADE DE PUERTO MALDONADO<\/h2>\n\n\n\n<p>Puerto Maldonado \u00e9 uma mistura de vida natural e alegria urbana. A infinita cor verde natural que pode ser vista do ponto de vista tur\u00edstico \u00e9 um cen\u00e1rio perfeito para fotografias.&nbsp;<\/p>\n\n\n\n<p>Entre as atra\u00e7\u00f5es tur\u00edsticas de Puerto Maldonado encontra-se a Reserva Nacional de Tambopata-Candamo, que tem uma \u00e1rea total de 5500 hectares, onde \u00e9 poss\u00edvel reconhecer mais de 500 esp\u00e9cies diferentes de aves, bem como 1000 tipos diferentes de borboletas, mais de 1200 esp\u00e9cies diferentes de plantas, entre outros recursos naturais que aumentam o valor da Reserva.<\/p>\n\n\n\n<p>Puerto Maldonado \u00e9 sem d\u00favida uma excelente oportunidade para fazer uma agrad\u00e1vel paragem antes e depois de visitar as profundezas da selva.&nbsp;<\/p>\n\n\n\n<figure class=\"wp-block-gallery has-nested-images columns-default is-cropped wp-block-gallery-1 is-layout-flex wp-block-gallery-is-layout-flex\">\n<figure class=\"wp-block-image size-large\"><img decoding=\"async\" width=\"980\" height=\"563\" data-id=\"18790\" src=\"https:\/\/dreamy.tours\/wp-content\/uploads\/2022\/02\/Puerto-Maldonado-trek-d.jpg\" alt=\"\" class=\"wp-image-18790\" srcset=\"https:\/\/dreamy.tours\/wp-content\/uploads\/2022\/02\/Puerto-Maldonado-trek-d.jpg 980w, https:\/\/dreamy.tours\/wp-content\/uploads\/2022\/02\/Puerto-Maldonado-trek-d-768x441.jpg 768w\" sizes=\"(max-width: 980px) 100vw, 980px\" \/><figcaption>Puerto Maldonado<\/figcaption><\/figure>\n\n\n\n<figure class=\"wp-block-image size-large\"><img decoding=\"async\" width=\"480\" height=\"600\" data-id=\"18784\" src=\"https:\/\/dreamy.tours\/wp-content\/uploads\/2022\/02\/puerto-maldonado-peru-tours.jpg\" alt=\"\" class=\"wp-image-18784\"\/><figcaption>Puerto Maldonado<\/figcaption><\/figure>\n\n\n\n<figure class=\"wp-block-image size-large\"><img decoding=\"async\" width=\"640\" height=\"335\" data-id=\"18787\" src=\"https:\/\/dreamy.tours\/wp-content\/uploads\/2022\/02\/puerto-maldonado-peru-d.jpg\" alt=\"\" class=\"wp-image-18787\"\/><figcaption>Anochecer &#8211; Puerto Maldonado<\/figcaption><\/figure>\n<\/figure>\n\n\n\n<div class=\"wp-block-ps2id-block-target\" id=\"localiza\u00e7\u00e3o\"><\/div>\n\n\n\n<h2 class=\"wp-block-heading\">LOCALIZA\u00c7\u00c3O<\/h2>\n\n\n\n<p>O departamento de Madre de Dios est\u00e1 localizado na parte sudeste do Peru.<\/p>\n\n\n\n<div class=\"wp-block-ps2id-block-target\" id=\"como-chegar\"><\/div>\n\n\n\n<h2 class=\"wp-block-heading\">COMO CHEGAR AO PUERTO MALDONADO?<\/h2>\n\n\n\n<p>Aqui damos-lhe as duas op\u00e7\u00f5es de como chegar a Puerto Maldonado:<\/p>\n\n\n\n<div class=\"wp-block-advgb-list\"><ul class=\"advgblist-cf2cc5ca-99b4-466d-a455-470ac2f8726f advgb-list advgb-list-yes-alt\"><li>Por via a\u00e9rea. &#8211; Partida do Aeroporto de Lima em direc\u00e7\u00e3o a Puerto Maldonado, com uma dura\u00e7\u00e3o de aproximadamente uma hora e meia.<\/li><li>Por terra de Cusco. &#8211; Primeiro ter\u00e1 de chegar \u00e0 cidade de Cusco por via a\u00e9rea, a rota terrestre de Cusco a Puerto Maldonado tem uma dist\u00e2ncia de 465 Km e uma dura\u00e7\u00e3o de aproximadamente 10 horas.<\/li><\/ul><\/div>\n\n\n\n<div class=\"wp-block-ps2id-block-target\" id=\"moeda\"><\/div>\n\n\n\n<h2 class=\"wp-block-heading\">MOEDA<\/h2>\n\n\n\n<p>Sol ( S\/ ). \u00e9 a moeda oficial do Peru.<\/p>\n\n\n\n<div class=\"wp-block-ps2id-block-target\" id=\"clima\"><\/div>\n\n\n\n<h2 class=\"wp-block-heading\">CLIMA<\/h2>\n\n\n\n<p>O clima em Puerto Maldonado \u00e9 tropical e quente com precipita\u00e7\u00e3o moderada, a sua temperatura m\u00e1xima \u00e9 em m\u00e9dia de 35 \u00b0C em Setembro e de 29 \u00b0C em Fevereiro.<\/p>\n\n\n\n<div class=\"wp-block-ps2id-block-target\" id=\"transporte\"><\/div>\n\n\n\n<h2 class=\"wp-block-heading\">TRANSPORTES<\/h2>\n\n\n\n<div class=\"wp-block-advgb-list\"><ul class=\"advgblist-33f2820b-6468-46ff-8cde-a284a9fd4235 advgb-list advgb-list-admin-generic\"><li>O transporte urbano \u00e9 normalmente efectuado por t\u00e1xi de mota, o que lhe proporciona uma experi\u00eancia \u00fanica, uma vez que o passeio \u00e9 geralmente barulhento.<\/li><li>O transporte por barco \u00e9 feito pelo rio Tambopata, que \u00e9 considerado o maior rio da Amaz\u00f3nia peruana.<\/li><\/ul><\/div>\n\n\n\n<div class=\"wp-block-ps2id-block-target\" id=\"acomoda\u00e7\u00e3o\"><\/div>\n\n\n\n<h2 class=\"wp-block-heading\">HOSPEDAGEM<\/h2>\n\n\n\n<p>Aqui ter\u00e1 duas op\u00e7\u00f5es, ficar num Hotel na mesma cidade com todo o conforto e servi\u00e7os electr\u00f3nicos ou num Lodge nos campos que s\u00e3o normalmente r\u00fasticos.<\/p>\n\n\n\n<div class=\"wp-block-ps2id-block-target\" id=\"o-que-fazer\"><\/div>\n\n\n\n<h2 class=\"wp-block-heading\">O QUE FAZER EM PUERTO MALDONADO<\/h2>\n\n\n\n<h3 class=\"wp-block-heading\">1.-Plaza de Armas<\/h3>\n\n\n\n<p>N\u00e3o se pode dizer adeus a esta cidade sem primeiro visitar o centro da cidade, uma vez que tem uma grande variedade de \u00e1rvores nos seus arredores. Proporciona uma paisagem inigual\u00e1vel, sendo o centro de m\u00faltiplas reuni\u00f5es daqueles que vivem no local.<\/p>\n\n\n\n<figure class=\"wp-block-gallery has-nested-images columns-default is-cropped wp-block-gallery-2 is-layout-flex wp-block-gallery-is-layout-flex\">\n<figure class=\"wp-block-image size-large\"><img decoding=\"async\" width=\"480\" height=\"598\" data-id=\"18795\" src=\"https:\/\/dreamy.tours\/wp-content\/uploads\/2022\/02\/Puerto-Maldonado-peru-2022.jpg\" alt=\"\" class=\"wp-image-18795\"\/><\/figure>\n\n\n\n<figure class=\"wp-block-image size-large\"><img decoding=\"async\" width=\"960\" height=\"960\" data-id=\"18800\" src=\"https:\/\/dreamy.tours\/wp-content\/uploads\/2022\/02\/Puerto-Maldonado-peru-dreamy.jpg\" alt=\"\" class=\"wp-image-18800\" srcset=\"https:\/\/dreamy.tours\/wp-content\/uploads\/2022\/02\/Puerto-Maldonado-peru-dreamy.jpg 960w, https:\/\/dreamy.tours\/wp-content\/uploads\/2022\/02\/Puerto-Maldonado-peru-dreamy-768x768.jpg 768w\" sizes=\"(max-width: 960px) 100vw, 960px\" \/><\/figure>\n\n\n\n<figure class=\"wp-block-image size-large\"><img decoding=\"async\" width=\"640\" height=\"360\" data-id=\"18799\" src=\"https:\/\/dreamy.tours\/wp-content\/uploads\/2022\/02\/Puerto-Maldonado-peru-drean.jpg\" alt=\"\" class=\"wp-image-18799\"\/><\/figure>\n<\/figure>\n\n\n\n<h3 class=\"wp-block-heading\">2.- Reserva Nacional de Tambopata-Candamo<\/h3>\n\n\n\n<p>A Reserva Nacional de Tambopata est\u00e1 localizada a sul do rio Madre de Dios no distrito de Tambopata, \u00e9 uma reserva natural com as maiores florestas protegidas do mundo.<\/p>\n\n\n\n<p>\u00c9 o lar de uma grande variedade de esp\u00e9cies animais e vegetais, incluindo mam\u00edferos, aves, r\u00e9pteis e borboletas.<\/p>\n\n\n\n<p>Tambopata \u00e9 perfeito para descobrir a selva.<\/p>\n\n\n\n<figure class=\"wp-block-gallery has-nested-images columns-default is-cropped wp-block-gallery-3 is-layout-flex wp-block-gallery-is-layout-flex\">\n<figure class=\"wp-block-image size-large\"><img decoding=\"async\" width=\"1440\" height=\"1440\" data-id=\"18813\" src=\"https:\/\/dreamy.tours\/wp-content\/uploads\/2022\/02\/reserva-Nacional-de-Tambopata-dreamy-t.jpg\" alt=\"\" class=\"wp-image-18813\" srcset=\"https:\/\/dreamy.tours\/wp-content\/uploads\/2022\/02\/reserva-Nacional-de-Tambopata-dreamy-t.jpg 1440w, https:\/\/dreamy.tours\/wp-content\/uploads\/2022\/02\/reserva-Nacional-de-Tambopata-dreamy-t-768x768.jpg 768w\" sizes=\"(max-width: 1440px) 100vw, 1440px\" \/><\/figure>\n\n\n\n<figure class=\"wp-block-image size-large\"><img decoding=\"async\" width=\"1440\" height=\"1440\" data-id=\"18816\" src=\"https:\/\/dreamy.tours\/wp-content\/uploads\/2022\/02\/oreja-de-Mono-puerto-maldonado.jpg\" alt=\"\" class=\"wp-image-18816\" srcset=\"https:\/\/dreamy.tours\/wp-content\/uploads\/2022\/02\/oreja-de-Mono-puerto-maldonado.jpg 1440w, https:\/\/dreamy.tours\/wp-content\/uploads\/2022\/02\/oreja-de-Mono-puerto-maldonado-768x768.jpg 768w\" sizes=\"(max-width: 1440px) 100vw, 1440px\" \/><\/figure>\n\n\n\n<figure class=\"wp-block-image size-large\"><img decoding=\"async\" width=\"1440\" height=\"1440\" data-id=\"18819\" src=\"https:\/\/dreamy.tours\/wp-content\/uploads\/2022\/02\/Puerto-Maldonado-deperu.jpg\" alt=\"\" class=\"wp-image-18819\" srcset=\"https:\/\/dreamy.tours\/wp-content\/uploads\/2022\/02\/Puerto-Maldonado-deperu.jpg 1440w, https:\/\/dreamy.tours\/wp-content\/uploads\/2022\/02\/Puerto-Maldonado-deperu-768x768.jpg 768w\" sizes=\"(max-width: 1440px) 100vw, 1440px\" \/><\/figure>\n<\/figure>\n\n\n\n<h3 class=\"wp-block-heading\">3.- Fazenda Borboleta Tambopata<\/h3>\n\n\n\n<p>A Quinta Borboleta Tambopata est\u00e1 localizada perto do aeroporto de Puerto Maldonado, \u00e9 a primeira e maior exposi\u00e7\u00e3o de borboletas vivas no Peru. \u00c9 uma quinta de borboletas que s\u00e3o criadas em cativeiro.<\/p>\n\n\n\n<p>Na Quinta da Borboleta Tambopata podemos encontrar uma cafetaria r\u00fastica, um bar e uma boutique com produtos locais \u00fanicos, alberga mais de 30 esp\u00e9cies de borboletas, bem como flores, plantas nativas, medicinais e ornamentais.&nbsp;<\/p>\n\n\n\n<figure class=\"wp-block-gallery has-nested-images columns-default is-cropped wp-block-gallery-4 is-layout-flex wp-block-gallery-is-layout-flex\">\n<figure class=\"wp-block-image size-large\"><img decoding=\"async\" width=\"1080\" height=\"1080\" data-id=\"18824\" src=\"https:\/\/dreamy.tours\/wp-content\/uploads\/2022\/02\/Mariposario-dreamy-puerto-maldonado.jpg\" alt=\"\" class=\"wp-image-18824\" srcset=\"https:\/\/dreamy.tours\/wp-content\/uploads\/2022\/02\/Mariposario-dreamy-puerto-maldonado.jpg 1080w, https:\/\/dreamy.tours\/wp-content\/uploads\/2022\/02\/Mariposario-dreamy-puerto-maldonado-768x768.jpg 768w\" sizes=\"(max-width: 1080px) 100vw, 1080px\" \/><\/figure>\n\n\n\n<figure class=\"wp-block-image size-large\"><img decoding=\"async\" width=\"640\" height=\"780\" data-id=\"18825\" src=\"https:\/\/dreamy.tours\/wp-content\/uploads\/2022\/02\/Mariposario-puerto-maldonado-peru.jpg\" alt=\"\" class=\"wp-image-18825\"\/><\/figure>\n\n\n\n<figure class=\"wp-block-image size-large\"><img decoding=\"async\" width=\"1080\" height=\"1080\" data-id=\"18831\" src=\"https:\/\/dreamy.tours\/wp-content\/uploads\/2022\/02\/mariposario-puerto-maldonado-dreamy.jpg\" alt=\"\" class=\"wp-image-18831\" srcset=\"https:\/\/dreamy.tours\/wp-content\/uploads\/2022\/02\/mariposario-puerto-maldonado-dreamy.jpg 1080w, https:\/\/dreamy.tours\/wp-content\/uploads\/2022\/02\/mariposario-puerto-maldonado-dreamy-768x768.jpg 768w\" sizes=\"(max-width: 1080px) 100vw, 1080px\" \/><\/figure>\n<\/figure>\n\n\n\n<h3 class=\"wp-block-heading\">4.- Lambedor de argila de arara<\/h3>\n\n\n\n<p>A Arara Lambidela est\u00e1 localizada dentro da Reserva Nacional de Tambopata, na prov\u00edncia de Tambopata. Tal como o jogo dos sons o faz apaixonar-se pelo lugar, tamb\u00e9m o Collpa de Guacamayos Chuncho e o Colorado Macaw Clay Lick.<\/p>\n\n\n\n<p>Ccollpa em Quechua significa &#8220;Terra salgada&#8221;, ali nestas encostas desprovidas de vegeta\u00e7\u00e3o, periquitos, papagaios, papagaios e araras re\u00fanem-se em diferentes momentos para consumir a terra salgada que lhes permite digerir.<\/p>\n\n\n\n<figure class=\"wp-block-gallery has-nested-images columns-default is-cropped wp-block-gallery-5 is-layout-flex wp-block-gallery-is-layout-flex\">\n<figure class=\"wp-block-image size-large\"><img decoding=\"async\" width=\"1080\" height=\"1080\" data-id=\"18859\" src=\"https:\/\/dreamy.tours\/wp-content\/uploads\/2022\/02\/collpa-de-guacamayos-puerto-maldonado.jpg\" alt=\"\" class=\"wp-image-18859\" srcset=\"https:\/\/dreamy.tours\/wp-content\/uploads\/2022\/02\/collpa-de-guacamayos-puerto-maldonado.jpg 1080w, https:\/\/dreamy.tours\/wp-content\/uploads\/2022\/02\/collpa-de-guacamayos-puerto-maldonado-768x768.jpg 768w\" sizes=\"(max-width: 1080px) 100vw, 1080px\" \/><\/figure>\n\n\n\n<figure class=\"wp-block-image size-large\"><img decoding=\"async\" width=\"1080\" height=\"1080\" data-id=\"18856\" src=\"https:\/\/dreamy.tours\/wp-content\/uploads\/2022\/02\/Collpa-de-Guacamayos-dre.jpg\" alt=\"\" class=\"wp-image-18856\" srcset=\"https:\/\/dreamy.tours\/wp-content\/uploads\/2022\/02\/Collpa-de-Guacamayos-dre.jpg 1080w, https:\/\/dreamy.tours\/wp-content\/uploads\/2022\/02\/Collpa-de-Guacamayos-dre-768x768.jpg 768w\" sizes=\"(max-width: 1080px) 100vw, 1080px\" \/><\/figure>\n\n\n\n<figure class=\"wp-block-image size-large\"><img decoding=\"async\" width=\"1440\" height=\"1440\" data-id=\"18862\" src=\"https:\/\/dreamy.tours\/wp-content\/uploads\/2022\/02\/collpa-de-loros-puerto-maldonado-1.jpg\" alt=\"\" class=\"wp-image-18862\" srcset=\"https:\/\/dreamy.tours\/wp-content\/uploads\/2022\/02\/collpa-de-loros-puerto-maldonado-1.jpg 1440w, https:\/\/dreamy.tours\/wp-content\/uploads\/2022\/02\/collpa-de-loros-puerto-maldonado-1-768x768.jpg 768w\" sizes=\"(max-width: 1440px) 100vw, 1440px\" \/><\/figure>\n<\/figure>\n\n\n\n<h3 class=\"wp-block-heading\">5.- Lago Sandoval<\/h3>\n\n\n\n<p>Este \u00e9 um dos destinos a visitar na rota para a Reserva Nacional de Tambopata, na regi\u00e3o de Madre de Dios.<\/p>\n\n\n\n<p>Um passeio de barco no Lago Sandoval \u00e9 uma maravilha, pois pode remar atrav\u00e9s do lago enquanto desfruta da paisagem circundante, dos sons da natureza e da companhia de jacar\u00e9s negros, bem como da companhia de tartarugas.<\/p>\n\n\n\n<h3 class=\"wp-block-heading\">6.- Ilha do Macaco<\/h3>\n\n\n\n<p>Est\u00e1 localizado perto de Puerto Maldonado a cerca de 15 quil\u00f3metros da cidade de Puerto Maldonado, sendo um local de ref\u00fagio para macacos que foram recuperados pelo servi\u00e7o de pol\u00edcia para a protec\u00e7\u00e3o da vida selvagem. Aqui tamb\u00e9m se pode observar ronsoco, jacar\u00e9s negros, tartarugas, gar\u00e7as, corvos-marinhos e outras esp\u00e9cies de animais.&nbsp;&nbsp;<\/p>\n<style class=\"advgb-styles-renderer\">.wp-block-advgb-list ul.advgblist-cf2cc5ca-99b4-466d-a455-470ac2f8726f > li{font-size:16px;}.wp-block-advgb-list ul.advgblist-cf2cc5ca-99b4-466d-a455-470ac2f8726f > li{padding-left:18px;margin-left:0;}.wp-block-advgb-list ul.advgblist-cf2cc5ca-99b4-466d-a455-470ac2f8726f > li:before{font-size:16px;color:#ff0000;line-height:18px;margin:2px;padding:2px;margin-left:-20px}.wp-block-advgb-list ul.advgblist-33f2820b-6468-46ff-8cde-a284a9fd4235 > li{font-size:16px;}.wp-block-advgb-list ul.advgblist-33f2820b-6468-46ff-8cde-a284a9fd4235 > li{padding-left:18px;margin-left:0;}.wp-block-advgb-list ul.advgblist-33f2820b-6468-46ff-8cde-a284a9fd4235 > li:before{font-size:16px;color:#ff0000;line-height:18px;margin:2px;padding:2px;margin-left:-20px}<\/style>","protected":false},"excerpt":{"rendered":"<p>CIDADE DE PUERTO MALDONADO Puerto Maldonado \u00e9 uma mistura de vida natural e alegria urbana. A infinita cor verde natural que pode ser vista do ponto &#8230;<\/p>\n","protected":false},"author":1,"featured_media":20273,"parent":0,"menu_order":0,"comment_status":"closed","ping_status":"closed","template":"page-guides.php","meta":{"_acf_changed":false,"advgb_blocks_editor_width":"","advgb_blocks_columns_visual_guide":"","footnotes":""},"class_list":["post-20003","page","type-page","status-publish","has-post-thumbnail","hentry"],"acf":[],"yoast_head":"<!-- This site is optimized with the Yoast SEO Premium plugin v25.4 (Yoast SEO v27.3) - https:\/\/yoast.com\/product\/yoast-seo-premium-wordpress\/ -->\n<title>GUIA DE VIAGEM A PUERTO MALDONADO - Dreamy Tours<\/title>\n<meta name=\"description\" content=\"Guia de viagem de Puerto Maldonado, voc\u00ea encontrar\u00e1 diferentes quest\u00f5es a serem consideradas em sua pr\u00f3xima viagem \u00e0 selva peruana\" \/>\n<meta name=\"robots\" content=\"index, follow, max-snippet:-1, max-image-preview:large, max-video-preview:-1\" \/>\n<link rel=\"canonical\" href=\"https:\/\/dreamy.tours\/pt-br\/guia-de-viagem-a-puerto-maldonado\/\" \/>\n<meta property=\"og:locale\" content=\"pt_BR\" \/>\n<meta property=\"og:type\" content=\"article\" \/>\n<meta property=\"og:title\" content=\"GUIA DE VIAGEM A PUERTO MALDONADO\" \/>\n<meta property=\"og:description\" content=\"Guia de viagem de Puerto Maldonado, voc\u00ea encontrar\u00e1 diferentes quest\u00f5es a serem consideradas em sua pr\u00f3xima viagem \u00e0 selva peruana\" \/>\n<meta property=\"og:url\" content=\"https:\/\/dreamy.tours\/pt-br\/guia-de-viagem-a-puerto-maldonado\/\" \/>\n<meta property=\"og:site_name\" content=\"Dreamy Tours\" \/>\n<meta property=\"article:publisher\" content=\"https:\/\/www.facebook.com\/dreamytours\" \/>\n<meta property=\"article:modified_time\" content=\"2022-08-17T20:45:49+00:00\" \/>\n<meta property=\"og:image\" content=\"https:\/\/dreamy.tours\/wp-content\/uploads\/2022\/02\/puerto-maldonado.jpg\" \/>\n\t<meta property=\"og:image:width\" content=\"2000\" \/>\n\t<meta property=\"og:image:height\" content=\"400\" \/>\n\t<meta property=\"og:image:type\" content=\"image\/jpeg\" \/>\n<meta name=\"twitter:card\" content=\"summary_large_image\" \/>\n<meta name=\"twitter:site\" content=\"@Dreamy_tours\" \/>\n<meta name=\"twitter:label1\" content=\"Est. tempo de leitura\" \/>\n\t<meta name=\"twitter:data1\" content=\"7 minutos\" \/>\n<script type=\"application\/ld+json\" class=\"yoast-schema-graph\">{\"@context\":\"https:\\\/\\\/schema.org\",\"@graph\":[{\"@type\":\"WebPage\",\"@id\":\"https:\\\/\\\/dreamy.tours\\\/pt-br\\\/guia-de-viagem-a-puerto-maldonado\\\/\",\"url\":\"https:\\\/\\\/dreamy.tours\\\/pt-br\\\/guia-de-viagem-a-puerto-maldonado\\\/\",\"name\":\"GUIA DE VIAGEM A PUERTO MALDONADO - Dreamy Tours\",\"isPartOf\":{\"@id\":\"https:\\\/\\\/dreamy.tours\\\/pt-br\\\/#website\"},\"primaryImageOfPage\":{\"@id\":\"https:\\\/\\\/dreamy.tours\\\/pt-br\\\/guia-de-viagem-a-puerto-maldonado\\\/#primaryimage\"},\"image\":{\"@id\":\"https:\\\/\\\/dreamy.tours\\\/pt-br\\\/guia-de-viagem-a-puerto-maldonado\\\/#primaryimage\"},\"thumbnailUrl\":\"https:\\\/\\\/dreamy.tours\\\/wp-content\\\/uploads\\\/2022\\\/02\\\/puerto-maldonado.jpg\",\"datePublished\":\"2022-02-23T15:41:34+00:00\",\"dateModified\":\"2022-08-17T20:45:49+00:00\",\"description\":\"Guia de viagem de Puerto Maldonado, voc\u00ea encontrar\u00e1 diferentes quest\u00f5es a serem consideradas em sua pr\u00f3xima viagem \u00e0 selva peruana\",\"breadcrumb\":{\"@id\":\"https:\\\/\\\/dreamy.tours\\\/pt-br\\\/guia-de-viagem-a-puerto-maldonado\\\/#breadcrumb\"},\"inLanguage\":\"pt-BR\",\"potentialAction\":[{\"@type\":\"ReadAction\",\"target\":[\"https:\\\/\\\/dreamy.tours\\\/pt-br\\\/guia-de-viagem-a-puerto-maldonado\\\/\"]}]},{\"@type\":\"ImageObject\",\"inLanguage\":\"pt-BR\",\"@id\":\"https:\\\/\\\/dreamy.tours\\\/pt-br\\\/guia-de-viagem-a-puerto-maldonado\\\/#primaryimage\",\"url\":\"https:\\\/\\\/dreamy.tours\\\/wp-content\\\/uploads\\\/2022\\\/02\\\/puerto-maldonado.jpg\",\"contentUrl\":\"https:\\\/\\\/dreamy.tours\\\/wp-content\\\/uploads\\\/2022\\\/02\\\/puerto-maldonado.jpg\",\"width\":2000,\"height\":400},{\"@type\":\"BreadcrumbList\",\"@id\":\"https:\\\/\\\/dreamy.tours\\\/pt-br\\\/guia-de-viagem-a-puerto-maldonado\\\/#breadcrumb\",\"itemListElement\":[{\"@type\":\"ListItem\",\"position\":1,\"name\":\"Home\",\"item\":\"https:\\\/\\\/dreamy.tours\\\/pt-br\\\/\"},{\"@type\":\"ListItem\",\"position\":2,\"name\":\"GUIA DE VIAGEM A PUERTO MALDONADO\"}]},{\"@type\":\"WebSite\",\"@id\":\"https:\\\/\\\/dreamy.tours\\\/pt-br\\\/#website\",\"url\":\"https:\\\/\\\/dreamy.tours\\\/pt-br\\\/\",\"name\":\"Dreamy Tours\",\"description\":\"\",\"publisher\":{\"@id\":\"https:\\\/\\\/dreamy.tours\\\/pt-br\\\/#organization\"},\"potentialAction\":[{\"@type\":\"SearchAction\",\"target\":{\"@type\":\"EntryPoint\",\"urlTemplate\":\"https:\\\/\\\/dreamy.tours\\\/pt-br\\\/?s={search_term_string}\"},\"query-input\":{\"@type\":\"PropertyValueSpecification\",\"valueRequired\":true,\"valueName\":\"search_term_string\"}}],\"inLanguage\":\"pt-BR\"},{\"@type\":\"Organization\",\"@id\":\"https:\\\/\\\/dreamy.tours\\\/pt-br\\\/#organization\",\"name\":\"Dreamy Tours\",\"url\":\"https:\\\/\\\/dreamy.tours\\\/pt-br\\\/\",\"logo\":{\"@type\":\"ImageObject\",\"inLanguage\":\"pt-BR\",\"@id\":\"https:\\\/\\\/dreamy.tours\\\/pt-br\\\/#\\\/schema\\\/logo\\\/image\\\/\",\"url\":\"https:\\\/\\\/dreamy.tours\\\/wp-content\\\/uploads\\\/dreamy-tour-cuadrado.jpg\",\"contentUrl\":\"https:\\\/\\\/dreamy.tours\\\/wp-content\\\/uploads\\\/dreamy-tour-cuadrado.jpg\",\"width\":696,\"height\":696,\"caption\":\"Dreamy Tours\"},\"image\":{\"@id\":\"https:\\\/\\\/dreamy.tours\\\/pt-br\\\/#\\\/schema\\\/logo\\\/image\\\/\"},\"sameAs\":[\"https:\\\/\\\/www.facebook.com\\\/dreamytours\",\"https:\\\/\\\/x.com\\\/Dreamy_tours\",\"https:\\\/\\\/www.instagram.com\\\/dreamy_tours\\\/\",\"https:\\\/\\\/www.pinterest.es\\\/dreamy_tours\\\/\",\"https:\\\/\\\/www.youtube.com\\\/channel\\\/UCGKP_C9x8GBYl7l8D0QD9Fg\"]}]}<\/script>\n<!-- \/ Yoast SEO Premium plugin. -->","yoast_head_json":{"title":"GUIA DE VIAGEM A PUERTO MALDONADO - Dreamy Tours","description":"Guia de viagem de Puerto Maldonado, voc\u00ea encontrar\u00e1 diferentes quest\u00f5es a serem consideradas em sua pr\u00f3xima viagem \u00e0 selva peruana","robots":{"index":"index","follow":"follow","max-snippet":"max-snippet:-1","max-image-preview":"max-image-preview:large","max-video-preview":"max-video-preview:-1"},"canonical":"https:\/\/dreamy.tours\/pt-br\/guia-de-viagem-a-puerto-maldonado\/","og_locale":"pt_BR","og_type":"article","og_title":"GUIA DE VIAGEM A PUERTO MALDONADO","og_description":"Guia de viagem de Puerto Maldonado, voc\u00ea encontrar\u00e1 diferentes quest\u00f5es a serem consideradas em sua pr\u00f3xima viagem \u00e0 selva peruana","og_url":"https:\/\/dreamy.tours\/pt-br\/guia-de-viagem-a-puerto-maldonado\/","og_site_name":"Dreamy Tours","article_publisher":"https:\/\/www.facebook.com\/dreamytours","article_modified_time":"2022-08-17T20:45:49+00:00","og_image":[{"width":2000,"height":400,"url":"https:\/\/dreamy.tours\/wp-content\/uploads\/2022\/02\/puerto-maldonado.jpg","type":"image\/jpeg"}],"twitter_card":"summary_large_image","twitter_site":"@Dreamy_tours","twitter_misc":{"Est. tempo de leitura":"7 minutos"},"schema":{"@context":"https:\/\/schema.org","@graph":[{"@type":"WebPage","@id":"https:\/\/dreamy.tours\/pt-br\/guia-de-viagem-a-puerto-maldonado\/","url":"https:\/\/dreamy.tours\/pt-br\/guia-de-viagem-a-puerto-maldonado\/","name":"GUIA DE VIAGEM A PUERTO MALDONADO - Dreamy Tours","isPartOf":{"@id":"https:\/\/dreamy.tours\/pt-br\/#website"},"primaryImageOfPage":{"@id":"https:\/\/dreamy.tours\/pt-br\/guia-de-viagem-a-puerto-maldonado\/#primaryimage"},"image":{"@id":"https:\/\/dreamy.tours\/pt-br\/guia-de-viagem-a-puerto-maldonado\/#primaryimage"},"thumbnailUrl":"https:\/\/dreamy.tours\/wp-content\/uploads\/2022\/02\/puerto-maldonado.jpg","datePublished":"2022-02-23T15:41:34+00:00","dateModified":"2022-08-17T20:45:49+00:00","description":"Guia de viagem de Puerto Maldonado, voc\u00ea encontrar\u00e1 diferentes quest\u00f5es a serem consideradas em sua pr\u00f3xima viagem \u00e0 selva peruana","breadcrumb":{"@id":"https:\/\/dreamy.tours\/pt-br\/guia-de-viagem-a-puerto-maldonado\/#breadcrumb"},"inLanguage":"pt-BR","potentialAction":[{"@type":"ReadAction","target":["https:\/\/dreamy.tours\/pt-br\/guia-de-viagem-a-puerto-maldonado\/"]}]},{"@type":"ImageObject","inLanguage":"pt-BR","@id":"https:\/\/dreamy.tours\/pt-br\/guia-de-viagem-a-puerto-maldonado\/#primaryimage","url":"https:\/\/dreamy.tours\/wp-content\/uploads\/2022\/02\/puerto-maldonado.jpg","contentUrl":"https:\/\/dreamy.tours\/wp-content\/uploads\/2022\/02\/puerto-maldonado.jpg","width":2000,"height":400},{"@type":"BreadcrumbList","@id":"https:\/\/dreamy.tours\/pt-br\/guia-de-viagem-a-puerto-maldonado\/#breadcrumb","itemListElement":[{"@type":"ListItem","position":1,"name":"Home","item":"https:\/\/dreamy.tours\/pt-br\/"},{"@type":"ListItem","position":2,"name":"GUIA DE VIAGEM A PUERTO MALDONADO"}]},{"@type":"WebSite","@id":"https:\/\/dreamy.tours\/pt-br\/#website","url":"https:\/\/dreamy.tours\/pt-br\/","name":"Dreamy Tours","description":"","publisher":{"@id":"https:\/\/dreamy.tours\/pt-br\/#organization"},"potentialAction":[{"@type":"SearchAction","target":{"@type":"EntryPoint","urlTemplate":"https:\/\/dreamy.tours\/pt-br\/?s={search_term_string}"},"query-input":{"@type":"PropertyValueSpecification","valueRequired":true,"valueName":"search_term_string"}}],"inLanguage":"pt-BR"},{"@type":"Organization","@id":"https:\/\/dreamy.tours\/pt-br\/#organization","name":"Dreamy Tours","url":"https:\/\/dreamy.tours\/pt-br\/","logo":{"@type":"ImageObject","inLanguage":"pt-BR","@id":"https:\/\/dreamy.tours\/pt-br\/#\/schema\/logo\/image\/","url":"https:\/\/dreamy.tours\/wp-content\/uploads\/dreamy-tour-cuadrado.jpg","contentUrl":"https:\/\/dreamy.tours\/wp-content\/uploads\/dreamy-tour-cuadrado.jpg","width":696,"height":696,"caption":"Dreamy Tours"},"image":{"@id":"https:\/\/dreamy.tours\/pt-br\/#\/schema\/logo\/image\/"},"sameAs":["https:\/\/www.facebook.com\/dreamytours","https:\/\/x.com\/Dreamy_tours","https:\/\/www.instagram.com\/dreamy_tours\/","https:\/\/www.pinterest.es\/dreamy_tours\/","https:\/\/www.youtube.com\/channel\/UCGKP_C9x8GBYl7l8D0QD9Fg"]}]}},"coauthors":[],"author_meta":{"author_link":"https:\/\/dreamy.tours\/pt-br\/blog\/author\/admin_dt\/","display_name":"Dreamy Tours"},"relative_dates":{"created":"Publicado 4 anos atr\u00e1s","modified":"Atualizado 4 anos atr\u00e1s"},"absolute_dates":{"created":"Publicado em 23 fevereiro, 2022","modified":"Atualizado em 17 agosto, 2022"},"absolute_dates_time":{"created":"Publicado em 23 fevereiro, 2022 10:41 am","modified":"Atualizado em 17 agosto, 2022 3:45 pm"},"featured_img_caption":"","featured_img":"https:\/\/dreamy.tours\/wp-content\/uploads\/2022\/02\/puerto-maldonado.jpg","series_order":"","_links":{"self":[{"href":"https:\/\/dreamy.tours\/pt-br\/wp-json\/wp\/v2\/pages\/20003","targetHints":{"allow":["GET"]}}],"collection":[{"href":"https:\/\/dreamy.tours\/pt-br\/wp-json\/wp\/v2\/pages"}],"about":[{"href":"https:\/\/dreamy.tours\/pt-br\/wp-json\/wp\/v2\/types\/page"}],"author":[{"embeddable":true,"href":"https:\/\/dreamy.tours\/pt-br\/wp-json\/wp\/v2\/users\/1"}],"replies":[{"embeddable":true,"href":"https:\/\/dreamy.tours\/pt-br\/wp-json\/wp\/v2\/comments?post=20003"}],"version-history":[{"count":0,"href":"https:\/\/dreamy.tours\/pt-br\/wp-json\/wp\/v2\/pages\/20003\/revisions"}],"wp:featuredmedia":[{"embeddable":true,"href":"https:\/\/dreamy.tours\/pt-br\/wp-json\/wp\/v2\/media\/20273"}],"wp:attachment":[{"href":"https:\/\/dreamy.tours\/pt-br\/wp-json\/wp\/v2\/media?parent=20003"}],"curies":[{"name":"wp","href":"https:\/\/api.w.org\/{rel}","templated":true}]}}