{"id":20000,"date":"2022-02-23T10:41:07","date_gmt":"2022-02-23T15:41:07","guid":{"rendered":"https:\/\/dreamy.tours\/guia-de-viagem-a-chachapoyas\/"},"modified":"2022-08-17T15:46:30","modified_gmt":"2022-08-17T20:46:30","slug":"guia-de-viagem-a-chachapoyas","status":"publish","type":"page","link":"https:\/\/dreamy.tours\/pt-br\/guia-de-viagem-a-chachapoyas\/","title":{"rendered":"GUIA DE VIAGEM A CHACHAPOYAS"},"content":{"rendered":"\n<h2 class=\"wp-block-heading\">CIDADE DE CHACHAPOYAS<\/h2>\n\n\n\n<p>A Amaz\u00f3nia peruana \u00e9 uma das op\u00e7\u00f5es que n\u00e3o pode faltar. Est\u00e1 localizada no norte do Peru entre a Cordilheira dos Andes e a vasta selva amaz\u00f3nica.&nbsp; \u00c9 a parte central da selva peruana onde podemos encontrar o santu\u00e1rio da Virgen Asunta, al\u00e9m disso, o centro hist\u00f3rico de Chachapoyas foi declarado Patrim\u00f3nio Cultural da na\u00e7\u00e3o no dia 12 de Novembro. A Plaza de Armas tem elementos do per\u00edodo colonial, para os interessados no turismo religioso.&nbsp;<\/p>\n\n\n\n<div class=\"wp-block-ps2id-block-target\" id=\"localiza\u00e7\u00e3o\"><\/div>\n\n\n\n<h2 class=\"wp-block-heading\">LOCALIZA\u00c7\u00c3O<\/h2>\n\n\n\n<p>Chachapoyas situa-se na cordilheira dos Andes e na imensur\u00e1vel selva amaz\u00f3nica. Est\u00e1 localizado no nordeste do Peru.<\/p>\n\n\n\n<div class=\"wp-block-ps2id-block-target\" id=\"como-chegar\"><\/div>\n\n\n\n<h2 class=\"wp-block-heading\">COMO CHEGAR A CHACHAPOYAS?<\/h2>\n\n\n\n<p>Aqui est\u00e3o as duas op\u00e7\u00f5es sobre como chegar a Chachapoyas:<\/p>\n\n\n\n<div class=\"wp-block-advgb-list\"><ul class=\"advgblist-8a47f73e-8951-4b14-86fa-95d163d224d8 advgb-list advgb-list-admin-generic\"><li>Via A\u00e9rea: Para chegar \u00e0 cidade de Chachapoyas a partir de Lima, h\u00e1 voos directos com um per\u00edodo de 2 horas.\u00a0<\/li><li>Por terra: De Lima pode chegar a Chachapoyas atrav\u00e9s dos autocarros interprovinciais com uma dura\u00e7\u00e3o de viagem de 22 horas<\/li><\/ul><\/div>\n\n\n\n<div class=\"wp-block-ps2id-block-target\" id=\"moeda\"><\/div>\n\n\n\n<h2 class=\"wp-block-heading\">MOEDA<\/h2>\n\n\n\n<p>Sol ( S\/ ). \u00e9 a moeda oficial do Peru.<\/p>\n\n\n\n<div class=\"wp-block-ps2id-block-target\" id=\"clima\"><\/div>\n\n\n\n<h2 class=\"wp-block-heading\">CLIMA<\/h2>\n\n\n\n<p>O clima em Chachapoyas tem c\u00e9u mais nublado durante a tarde. Para Chachapoyas tem uma temperatura elevada de 21\u00b0C e a temperatura mais baixa \u00e9 de 7,5\u00b0C.<\/p>\n\n\n\n<div class=\"wp-block-ps2id-block-target\" id=\"transporte\"><\/div>\n\n\n\n<h2 class=\"wp-block-heading\">TRANSPORTE<\/h2>\n\n\n\n<p>O transporte em Chachapoyas \u00e9:<\/p>\n\n\n\n<div class=\"wp-block-advgb-list\"><ul class=\"advgblist-ec1f0f26-0e34-4aff-ae53-b7013050f699 advgb-list advgb-list-controls-play\"><li>O autocarro p\u00fablico, \u00e9 o transporte mais popular dentro da cidade e \u00e9 muito econ\u00f3mico.<\/li><li>T\u00e1xi. &#8211; Os t\u00e1xis s\u00e3o conduzidos por cidad\u00e3os que prestam um servi\u00e7o privado.<\/li><\/ul><\/div>\n\n\n\n<div class=\"wp-block-ps2id-block-target\" id=\"acomoda\u00e7\u00e3o\"><\/div>\n\n\n\n<h2 class=\"wp-block-heading\">LODGING<\/h2>\n\n\n\n<p>Aqui ter\u00e1 duas op\u00e7\u00f5es, ficar num Hotel na mesma cidade com todo o conforto e servi\u00e7os electr\u00f3nicos ou num Lodge nos campos que s\u00e3o geralmente r\u00fasticos.<\/p>\n\n\n\n<div class=\"wp-block-ps2id-block-target\" id=\"o-que-fazer\"><\/div>\n\n\n\n<h2 class=\"wp-block-heading\">O QUE FAZER EM CHACHAPOYAS<\/h2>\n\n\n\n<h3 class=\"wp-block-heading\">1.- Cascata de Gocta.<\/h3>\n\n\n\n<p>A cidade de Chachapoyas oferece uma vista impressionante de uma das quedas de \u00e1gua mais altas do mundo, bem como a atrac\u00e7\u00e3o mais famosa do rio Amazonas.<\/p>\n\n\n\n<p>A cidade de Chachapoyas oferece uma vista impressionante de uma das quedas de \u00e1gua mais altas do mundo, bem como a atrac\u00e7\u00e3o mais famosa do rio Amazonas.<\/p>\n\n\n\n<figure class=\"wp-block-gallery has-nested-images columns-default is-cropped wp-block-gallery-1 is-layout-flex wp-block-gallery-is-layout-flex\">\n<figure class=\"wp-block-image size-large\"><img decoding=\"async\" width=\"640\" height=\"800\" data-id=\"15619\" src=\"https:\/\/dreamy.tours\/wp-content\/uploads\/2022\/01\/catara-de-gocta-dreamy.jpg\" alt=\"\" class=\"wp-image-15619\"\/><figcaption>Cataratas de Gocta<\/figcaption><\/figure>\n\n\n\n<figure class=\"wp-block-image size-large\"><img decoding=\"async\" width=\"640\" height=\"701\" data-id=\"19621\" src=\"https:\/\/dreamy.tours\/wp-content\/uploads\/2022\/02\/desayuno-en-Gocta-dreamy.jpg\" alt=\"\" class=\"wp-image-19621\"\/><\/figure>\n\n\n\n<figure class=\"wp-block-image size-large\"><img decoding=\"async\" width=\"1080\" height=\"1350\" data-id=\"19627\" src=\"https:\/\/dreamy.tours\/wp-content\/uploads\/2022\/02\/cataratas-gocta-dreamyt.jpg\" alt=\"\" class=\"wp-image-19627\" srcset=\"https:\/\/dreamy.tours\/wp-content\/uploads\/2022\/02\/cataratas-gocta-dreamyt.jpg 1080w, https:\/\/dreamy.tours\/wp-content\/uploads\/2022\/02\/cataratas-gocta-dreamyt-768x960.jpg 768w\" sizes=\"(max-width: 1080px) 100vw, 1080px\" \/><\/figure>\n<\/figure>\n\n\n\n<h3 class=\"wp-block-heading\">2.- Fortaleza de Kuelap<\/h3>\n\n\n\n<p>Est\u00e1 localizado nos Andes do Peru, a nordeste, na prov\u00edncia de Luya. \u00c9 uma arquitectura pr\u00e9-Inca e fortaleza constru\u00edda pela cultura Chachapoyas. Forma um grupo arquitect\u00f3nico de pedra de grande dimens\u00e3o caracterizado pela sua condi\u00e7\u00e3o monumental.<\/p>\n\n\n\n<p>A plataforma estende-se por quase 600 metros e tem uma parede perimetral que em alguns pontos atinge uma altura de 16 metros.<\/p>\n\n\n\n<figure class=\"wp-block-gallery has-nested-images columns-default is-cropped wp-block-gallery-2 is-layout-flex wp-block-gallery-is-layout-flex\">\n<figure class=\"wp-block-image size-large\"><img decoding=\"async\" width=\"640\" height=\"800\" data-id=\"19636\" src=\"https:\/\/dreamy.tours\/wp-content\/uploads\/2022\/02\/kuelap-dreamy.jpg\" alt=\"\" class=\"wp-image-19636\"\/><\/figure>\n\n\n\n<figure class=\"wp-block-image size-large\"><img decoding=\"async\" width=\"640\" height=\"712\" data-id=\"19631\" src=\"https:\/\/dreamy.tours\/wp-content\/uploads\/2022\/02\/kuelap-amazanas.jpg\" alt=\"\" class=\"wp-image-19631\"\/><\/figure>\n\n\n\n<figure class=\"wp-block-image size-large\"><img decoding=\"async\" width=\"1080\" height=\"1080\" data-id=\"19632\" src=\"https:\/\/dreamy.tours\/wp-content\/uploads\/2022\/02\/kuelap-chachapoyas-dreamy.jpg\" alt=\"\" class=\"wp-image-19632\" srcset=\"https:\/\/dreamy.tours\/wp-content\/uploads\/2022\/02\/kuelap-chachapoyas-dreamy.jpg 1080w, https:\/\/dreamy.tours\/wp-content\/uploads\/2022\/02\/kuelap-chachapoyas-dreamy-768x768.jpg 768w\" sizes=\"(max-width: 1080px) 100vw, 1080px\" \/><\/figure>\n<\/figure>\n\n\n\n<h3 class=\"wp-block-heading\">3.- Sarc\u00f3fagos de Karaj\u00eda<\/h3>\n\n\n\n<p>S\u00e3o t\u00famulos com a forma de uma figura humana, \u00e9 uma tradi\u00e7\u00e3o funer\u00e1ria, que se encontram em rochas altas a 2400 metros de parede rochosa vertical e cada um deles tem uma altura aproximada de 2 metros e meio. Est\u00e3o localizados em locais de dif\u00edcil acesso, tais como grutas, penhascos e encostas \u00edngremes. O objectivo \u00e9 que os sarc\u00f3fagos n\u00e3o sejam visitados e que os corpos mumificados possam descansar em paz.&nbsp;&nbsp;<\/p>\n\n\n\n<figure class=\"wp-block-gallery has-nested-images columns-default is-cropped wp-block-gallery-3 is-layout-flex wp-block-gallery-is-layout-flex\">\n<figure class=\"wp-block-image size-large\"><img decoding=\"async\" width=\"640\" height=\"640\" data-id=\"19639\" src=\"https:\/\/dreamy.tours\/wp-content\/uploads\/2022\/02\/Sarcofagos-De-Karajia-dreamy.jpg\" alt=\"\" class=\"wp-image-19639\"\/><\/figure>\n\n\n\n<figure class=\"wp-block-image size-large\"><img decoding=\"async\" width=\"480\" height=\"600\" data-id=\"19642\" src=\"https:\/\/dreamy.tours\/wp-content\/uploads\/2022\/02\/sarcofagos-de-karajia-d.jpg\" alt=\"\" class=\"wp-image-19642\"\/><\/figure>\n<\/figure>\n\n\n\n<h3 class=\"wp-block-heading\">4.- Cascata Yumbilla<\/h3>\n\n\n\n<p>Esta cascata est\u00e1 localizada em Cuispes &#8211; Chachapoyas, o nome de Yumbilla significa &#8220;Cora\u00e7\u00e3o apaixonado&#8221;. A cascata \u00e9 considerada uma das maiores do mundo gra\u00e7as \u00e0s suas tr\u00eas quedas de \u00e1gua, que t\u00eam no total mais de 800 metros de altura, com esta altura estaria a ultrapassar a cascata Gocta. Esta cascata pertence ao circuito chamado Rota ou Vale das Cataratas.&nbsp;<\/p>\n\n\n\n<h3 class=\"wp-block-heading\">5.- Caverna de Quiocta<\/h3>\n\n\n\n<p>\u00c9 uma caverna que se situa sob uma montanha que faz parte da cordilheira andina, caracteriza-se pela humidade excessiva do solo, tem uma extens\u00e3o de 545 metros dentro da terra, \u00e9 uma obra da m\u00e3e natureza em que foram detectadas 7 salas com estalactites e estalagmites entre as quais se destaca a Caverna de Le\u00e3o, \u00e9 uma das cavernas que n\u00e3o se pode perder.&nbsp;<\/p>\n\n\n\n<h3 class=\"wp-block-heading\">6.-Ca\u00f1os de Sonche (Banhos de Sonche).<\/h3>\n\n\n\n<p>Conhecido como Huanca Urco ou Mirador de Huancas, localizado no centro populoso de Huanca, o Canyon Sonche tem uma extens\u00e3o de aproximadamente 11 quil\u00f3metros e uma profundidade de 1 quil\u00f3metro, esta maravilhosa atrac\u00e7\u00e3o foi erodida pelo rio Sonche. Neste desfiladeiro existe uma biodiversidade microbiol\u00f3gica que permite mostrar a flora e fauna, da qual a sua fauna \u00e9 composta por marsupiais e aves com falc\u00f5es.&nbsp;&nbsp;&nbsp;<\/p>\n<style class=\"advgb-styles-renderer\">.wp-block-advgb-list ul.advgblist-8a47f73e-8951-4b14-86fa-95d163d224d8 > li{font-size:16px;}.wp-block-advgb-list ul.advgblist-8a47f73e-8951-4b14-86fa-95d163d224d8 > li{padding-left:18px;margin-left:0;}.wp-block-advgb-list ul.advgblist-8a47f73e-8951-4b14-86fa-95d163d224d8 > li:before{font-size:16px;color:#ff0000;line-height:18px;margin:2px;padding:2px;margin-left:-20px}.wp-block-advgb-list ul.advgblist-ec1f0f26-0e34-4aff-ae53-b7013050f699 > li{font-size:16px;}.wp-block-advgb-list ul.advgblist-ec1f0f26-0e34-4aff-ae53-b7013050f699 > li{padding-left:18px;margin-left:0;}.wp-block-advgb-list ul.advgblist-ec1f0f26-0e34-4aff-ae53-b7013050f699 > li:before{font-size:16px;color:#ff0000;line-height:18px;margin:2px;padding:2px;margin-left:-20px}<\/style>","protected":false},"excerpt":{"rendered":"<p>CIDADE DE CHACHAPOYAS A Amaz\u00f3nia peruana \u00e9 uma das op\u00e7\u00f5es que n\u00e3o pode faltar. Est\u00e1 localizada no norte do Peru entre a Cordilheira dos Andes e &#8230;<\/p>\n","protected":false},"author":1,"featured_media":20268,"parent":0,"menu_order":0,"comment_status":"closed","ping_status":"closed","template":"page-guides.php","meta":{"_acf_changed":false,"advgb_blocks_editor_width":"","advgb_blocks_columns_visual_guide":"","footnotes":""},"class_list":["post-20000","page","type-page","status-publish","has-post-thumbnail","hentry"],"acf":[],"yoast_head":"<!-- This site is optimized with the Yoast SEO Premium plugin v25.4 (Yoast SEO v27.4) - https:\/\/yoast.com\/product\/yoast-seo-premium-wordpress\/ -->\n<title>GUIA DE VIAGEM A CHACHAPOYAS - Dreamy Tours<\/title>\n<meta name=\"description\" content=\"DREAMY TOURS traz para voc\u00ea o melhor guia de viagem de chachapoyas Saiba tudo o que h\u00e1 para saber sobre esta cidade encantadora.\" \/>\n<meta name=\"robots\" content=\"index, follow, max-snippet:-1, max-image-preview:large, max-video-preview:-1\" \/>\n<link rel=\"canonical\" href=\"https:\/\/dreamy.tours\/pt-br\/guia-de-viagem-a-chachapoyas\/\" \/>\n<meta property=\"og:locale\" content=\"pt_BR\" \/>\n<meta property=\"og:type\" content=\"article\" \/>\n<meta property=\"og:title\" content=\"GUIA DE VIAGEM A CHACHAPOYAS\" \/>\n<meta property=\"og:description\" content=\"DREAMY TOURS traz para voc\u00ea o melhor guia de viagem de chachapoyas Saiba tudo o que h\u00e1 para saber sobre esta cidade encantadora.\" \/>\n<meta property=\"og:url\" content=\"https:\/\/dreamy.tours\/pt-br\/guia-de-viagem-a-chachapoyas\/\" \/>\n<meta property=\"og:site_name\" content=\"Dreamy Tours\" \/>\n<meta property=\"article:publisher\" content=\"https:\/\/www.facebook.com\/dreamytours\" \/>\n<meta property=\"article:modified_time\" content=\"2022-08-17T20:46:30+00:00\" \/>\n<meta property=\"og:image\" content=\"https:\/\/dreamy.tours\/wp-content\/uploads\/2022\/02\/chachapoyas-1.jpg\" \/>\n\t<meta property=\"og:image:width\" content=\"2000\" \/>\n\t<meta property=\"og:image:height\" content=\"400\" \/>\n\t<meta property=\"og:image:type\" content=\"image\/jpeg\" \/>\n<meta name=\"twitter:card\" content=\"summary_large_image\" \/>\n<meta name=\"twitter:site\" content=\"@Dreamy_tours\" \/>\n<meta name=\"twitter:label1\" content=\"Est. tempo de leitura\" \/>\n\t<meta name=\"twitter:data1\" content=\"5 minutos\" \/>\n<script type=\"application\/ld+json\" class=\"yoast-schema-graph\">{\"@context\":\"https:\\\/\\\/schema.org\",\"@graph\":[{\"@type\":\"WebPage\",\"@id\":\"https:\\\/\\\/dreamy.tours\\\/pt-br\\\/guia-de-viagem-a-chachapoyas\\\/\",\"url\":\"https:\\\/\\\/dreamy.tours\\\/pt-br\\\/guia-de-viagem-a-chachapoyas\\\/\",\"name\":\"GUIA DE VIAGEM A CHACHAPOYAS - Dreamy Tours\",\"isPartOf\":{\"@id\":\"https:\\\/\\\/dreamy.tours\\\/pt-br\\\/#website\"},\"primaryImageOfPage\":{\"@id\":\"https:\\\/\\\/dreamy.tours\\\/pt-br\\\/guia-de-viagem-a-chachapoyas\\\/#primaryimage\"},\"image\":{\"@id\":\"https:\\\/\\\/dreamy.tours\\\/pt-br\\\/guia-de-viagem-a-chachapoyas\\\/#primaryimage\"},\"thumbnailUrl\":\"https:\\\/\\\/dreamy.tours\\\/wp-content\\\/uploads\\\/2022\\\/02\\\/chachapoyas-1.jpg\",\"datePublished\":\"2022-02-23T15:41:07+00:00\",\"dateModified\":\"2022-08-17T20:46:30+00:00\",\"description\":\"DREAMY TOURS traz para voc\u00ea o melhor guia de viagem de chachapoyas Saiba tudo o que h\u00e1 para saber sobre esta cidade encantadora.\",\"breadcrumb\":{\"@id\":\"https:\\\/\\\/dreamy.tours\\\/pt-br\\\/guia-de-viagem-a-chachapoyas\\\/#breadcrumb\"},\"inLanguage\":\"pt-BR\",\"potentialAction\":[{\"@type\":\"ReadAction\",\"target\":[\"https:\\\/\\\/dreamy.tours\\\/pt-br\\\/guia-de-viagem-a-chachapoyas\\\/\"]}]},{\"@type\":\"ImageObject\",\"inLanguage\":\"pt-BR\",\"@id\":\"https:\\\/\\\/dreamy.tours\\\/pt-br\\\/guia-de-viagem-a-chachapoyas\\\/#primaryimage\",\"url\":\"https:\\\/\\\/dreamy.tours\\\/wp-content\\\/uploads\\\/2022\\\/02\\\/chachapoyas-1.jpg\",\"contentUrl\":\"https:\\\/\\\/dreamy.tours\\\/wp-content\\\/uploads\\\/2022\\\/02\\\/chachapoyas-1.jpg\",\"width\":2000,\"height\":400},{\"@type\":\"BreadcrumbList\",\"@id\":\"https:\\\/\\\/dreamy.tours\\\/pt-br\\\/guia-de-viagem-a-chachapoyas\\\/#breadcrumb\",\"itemListElement\":[{\"@type\":\"ListItem\",\"position\":1,\"name\":\"Home\",\"item\":\"https:\\\/\\\/dreamy.tours\\\/pt-br\\\/\"},{\"@type\":\"ListItem\",\"position\":2,\"name\":\"GUIA DE VIAGEM A CHACHAPOYAS\"}]},{\"@type\":\"WebSite\",\"@id\":\"https:\\\/\\\/dreamy.tours\\\/pt-br\\\/#website\",\"url\":\"https:\\\/\\\/dreamy.tours\\\/pt-br\\\/\",\"name\":\"Dreamy Tours\",\"description\":\"\",\"publisher\":{\"@id\":\"https:\\\/\\\/dreamy.tours\\\/pt-br\\\/#organization\"},\"potentialAction\":[{\"@type\":\"SearchAction\",\"target\":{\"@type\":\"EntryPoint\",\"urlTemplate\":\"https:\\\/\\\/dreamy.tours\\\/pt-br\\\/?s={search_term_string}\"},\"query-input\":{\"@type\":\"PropertyValueSpecification\",\"valueRequired\":true,\"valueName\":\"search_term_string\"}}],\"inLanguage\":\"pt-BR\"},{\"@type\":\"Organization\",\"@id\":\"https:\\\/\\\/dreamy.tours\\\/pt-br\\\/#organization\",\"name\":\"Dreamy Tours\",\"url\":\"https:\\\/\\\/dreamy.tours\\\/pt-br\\\/\",\"logo\":{\"@type\":\"ImageObject\",\"inLanguage\":\"pt-BR\",\"@id\":\"https:\\\/\\\/dreamy.tours\\\/pt-br\\\/#\\\/schema\\\/logo\\\/image\\\/\",\"url\":\"https:\\\/\\\/dreamy.tours\\\/wp-content\\\/uploads\\\/dreamy-tour-cuadrado.jpg\",\"contentUrl\":\"https:\\\/\\\/dreamy.tours\\\/wp-content\\\/uploads\\\/dreamy-tour-cuadrado.jpg\",\"width\":696,\"height\":696,\"caption\":\"Dreamy Tours\"},\"image\":{\"@id\":\"https:\\\/\\\/dreamy.tours\\\/pt-br\\\/#\\\/schema\\\/logo\\\/image\\\/\"},\"sameAs\":[\"https:\\\/\\\/www.facebook.com\\\/dreamytours\",\"https:\\\/\\\/x.com\\\/Dreamy_tours\",\"https:\\\/\\\/www.instagram.com\\\/dreamy_tours\\\/\",\"https:\\\/\\\/www.pinterest.es\\\/dreamy_tours\\\/\",\"https:\\\/\\\/www.youtube.com\\\/channel\\\/UCGKP_C9x8GBYl7l8D0QD9Fg\"]}]}<\/script>\n<!-- \/ Yoast SEO Premium plugin. -->","yoast_head_json":{"title":"GUIA DE VIAGEM A CHACHAPOYAS - Dreamy Tours","description":"DREAMY TOURS traz para voc\u00ea o melhor guia de viagem de chachapoyas Saiba tudo o que h\u00e1 para saber sobre esta cidade encantadora.","robots":{"index":"index","follow":"follow","max-snippet":"max-snippet:-1","max-image-preview":"max-image-preview:large","max-video-preview":"max-video-preview:-1"},"canonical":"https:\/\/dreamy.tours\/pt-br\/guia-de-viagem-a-chachapoyas\/","og_locale":"pt_BR","og_type":"article","og_title":"GUIA DE VIAGEM A CHACHAPOYAS","og_description":"DREAMY TOURS traz para voc\u00ea o melhor guia de viagem de chachapoyas Saiba tudo o que h\u00e1 para saber sobre esta cidade encantadora.","og_url":"https:\/\/dreamy.tours\/pt-br\/guia-de-viagem-a-chachapoyas\/","og_site_name":"Dreamy Tours","article_publisher":"https:\/\/www.facebook.com\/dreamytours","article_modified_time":"2022-08-17T20:46:30+00:00","og_image":[{"width":2000,"height":400,"url":"https:\/\/dreamy.tours\/wp-content\/uploads\/2022\/02\/chachapoyas-1.jpg","type":"image\/jpeg"}],"twitter_card":"summary_large_image","twitter_site":"@Dreamy_tours","twitter_misc":{"Est. tempo de leitura":"5 minutos"},"schema":{"@context":"https:\/\/schema.org","@graph":[{"@type":"WebPage","@id":"https:\/\/dreamy.tours\/pt-br\/guia-de-viagem-a-chachapoyas\/","url":"https:\/\/dreamy.tours\/pt-br\/guia-de-viagem-a-chachapoyas\/","name":"GUIA DE VIAGEM A CHACHAPOYAS - Dreamy Tours","isPartOf":{"@id":"https:\/\/dreamy.tours\/pt-br\/#website"},"primaryImageOfPage":{"@id":"https:\/\/dreamy.tours\/pt-br\/guia-de-viagem-a-chachapoyas\/#primaryimage"},"image":{"@id":"https:\/\/dreamy.tours\/pt-br\/guia-de-viagem-a-chachapoyas\/#primaryimage"},"thumbnailUrl":"https:\/\/dreamy.tours\/wp-content\/uploads\/2022\/02\/chachapoyas-1.jpg","datePublished":"2022-02-23T15:41:07+00:00","dateModified":"2022-08-17T20:46:30+00:00","description":"DREAMY TOURS traz para voc\u00ea o melhor guia de viagem de chachapoyas Saiba tudo o que h\u00e1 para saber sobre esta cidade encantadora.","breadcrumb":{"@id":"https:\/\/dreamy.tours\/pt-br\/guia-de-viagem-a-chachapoyas\/#breadcrumb"},"inLanguage":"pt-BR","potentialAction":[{"@type":"ReadAction","target":["https:\/\/dreamy.tours\/pt-br\/guia-de-viagem-a-chachapoyas\/"]}]},{"@type":"ImageObject","inLanguage":"pt-BR","@id":"https:\/\/dreamy.tours\/pt-br\/guia-de-viagem-a-chachapoyas\/#primaryimage","url":"https:\/\/dreamy.tours\/wp-content\/uploads\/2022\/02\/chachapoyas-1.jpg","contentUrl":"https:\/\/dreamy.tours\/wp-content\/uploads\/2022\/02\/chachapoyas-1.jpg","width":2000,"height":400},{"@type":"BreadcrumbList","@id":"https:\/\/dreamy.tours\/pt-br\/guia-de-viagem-a-chachapoyas\/#breadcrumb","itemListElement":[{"@type":"ListItem","position":1,"name":"Home","item":"https:\/\/dreamy.tours\/pt-br\/"},{"@type":"ListItem","position":2,"name":"GUIA DE VIAGEM A CHACHAPOYAS"}]},{"@type":"WebSite","@id":"https:\/\/dreamy.tours\/pt-br\/#website","url":"https:\/\/dreamy.tours\/pt-br\/","name":"Dreamy Tours","description":"","publisher":{"@id":"https:\/\/dreamy.tours\/pt-br\/#organization"},"potentialAction":[{"@type":"SearchAction","target":{"@type":"EntryPoint","urlTemplate":"https:\/\/dreamy.tours\/pt-br\/?s={search_term_string}"},"query-input":{"@type":"PropertyValueSpecification","valueRequired":true,"valueName":"search_term_string"}}],"inLanguage":"pt-BR"},{"@type":"Organization","@id":"https:\/\/dreamy.tours\/pt-br\/#organization","name":"Dreamy Tours","url":"https:\/\/dreamy.tours\/pt-br\/","logo":{"@type":"ImageObject","inLanguage":"pt-BR","@id":"https:\/\/dreamy.tours\/pt-br\/#\/schema\/logo\/image\/","url":"https:\/\/dreamy.tours\/wp-content\/uploads\/dreamy-tour-cuadrado.jpg","contentUrl":"https:\/\/dreamy.tours\/wp-content\/uploads\/dreamy-tour-cuadrado.jpg","width":696,"height":696,"caption":"Dreamy Tours"},"image":{"@id":"https:\/\/dreamy.tours\/pt-br\/#\/schema\/logo\/image\/"},"sameAs":["https:\/\/www.facebook.com\/dreamytours","https:\/\/x.com\/Dreamy_tours","https:\/\/www.instagram.com\/dreamy_tours\/","https:\/\/www.pinterest.es\/dreamy_tours\/","https:\/\/www.youtube.com\/channel\/UCGKP_C9x8GBYl7l8D0QD9Fg"]}]}},"coauthors":[],"author_meta":{"author_link":"https:\/\/dreamy.tours\/pt-br\/blog\/author\/admin_dt\/","display_name":"Dreamy Tours"},"relative_dates":{"created":"Publicado 4 anos atr\u00e1s","modified":"Atualizado 4 anos atr\u00e1s"},"absolute_dates":{"created":"Publicado em 23 fevereiro, 2022","modified":"Atualizado em 17 agosto, 2022"},"absolute_dates_time":{"created":"Publicado em 23 fevereiro, 2022 10:41 am","modified":"Atualizado em 17 agosto, 2022 3:46 pm"},"featured_img_caption":"","featured_img":"https:\/\/dreamy.tours\/wp-content\/uploads\/2022\/02\/chachapoyas-1.jpg","series_order":"","_links":{"self":[{"href":"https:\/\/dreamy.tours\/pt-br\/wp-json\/wp\/v2\/pages\/20000","targetHints":{"allow":["GET"]}}],"collection":[{"href":"https:\/\/dreamy.tours\/pt-br\/wp-json\/wp\/v2\/pages"}],"about":[{"href":"https:\/\/dreamy.tours\/pt-br\/wp-json\/wp\/v2\/types\/page"}],"author":[{"embeddable":true,"href":"https:\/\/dreamy.tours\/pt-br\/wp-json\/wp\/v2\/users\/1"}],"replies":[{"embeddable":true,"href":"https:\/\/dreamy.tours\/pt-br\/wp-json\/wp\/v2\/comments?post=20000"}],"version-history":[{"count":0,"href":"https:\/\/dreamy.tours\/pt-br\/wp-json\/wp\/v2\/pages\/20000\/revisions"}],"wp:featuredmedia":[{"embeddable":true,"href":"https:\/\/dreamy.tours\/pt-br\/wp-json\/wp\/v2\/media\/20268"}],"wp:attachment":[{"href":"https:\/\/dreamy.tours\/pt-br\/wp-json\/wp\/v2\/media?parent=20000"}],"curies":[{"name":"wp","href":"https:\/\/api.w.org\/{rel}","templated":true}]}}