{"id":19983,"date":"2022-02-23T10:07:56","date_gmt":"2022-02-23T15:07:56","guid":{"rendered":"https:\/\/dreamy.tours\/travel-guide-iquitos\/"},"modified":"2025-01-21T15:59:57","modified_gmt":"2025-01-21T20:59:57","slug":"guia-de-viagem-iquitos","status":"publish","type":"page","link":"https:\/\/dreamy.tours\/pt-br\/guia-de-viagem-iquitos\/","title":{"rendered":"GUIA DE VIAGEM IQUITOS"},"content":{"rendered":"\n<h2 class=\"wp-block-heading\">CIDADE DE IQUITOS<\/h2>\n\n\n\n<p>A cidade de Iquitos est\u00e1 localizada no cora\u00e7\u00e3o da selva do Nordeste do Peru, sendo a capital de Mayas (Loreto). A cidade est\u00e1 localizada nas margens do rio Amazonas, Iquitos est\u00e1 rodeada por uma s\u00e9rie de rios e canais menores. Tem natureza abundante e grande beleza arquitect\u00f3nica.<\/p>\n\n\n\n<p>Iquitos \u00e9 reconhecido como um dos principais portos fluviais do Peru, \u00e9 conhecido como a &#8220;Isla Bonita&#8221; (Ilha Bonita).<\/p>\n\n\n\n<figure class=\"wp-block-gallery has-nested-images columns-default is-cropped wp-block-gallery-1 is-layout-flex wp-block-gallery-is-layout-flex\">\n<figure class=\"wp-block-image size-large\"><img decoding=\"async\" width=\"719\" height=\"719\" data-id=\"18965\" src=\"https:\/\/dreamy.tours\/wp-content\/uploads\/2022\/02\/plaza-de-armas-iquitos-d.jpg\" alt=\"\" class=\"wp-image-18965\"\/><\/figure>\n\n\n\n<figure class=\"wp-block-image size-large\"><img decoding=\"async\" width=\"640\" height=\"640\" data-id=\"18954\" src=\"https:\/\/dreamy.tours\/wp-content\/uploads\/2022\/02\/iquitos-dr.jpg\" alt=\"\" class=\"wp-image-18954\"\/><figcaption class=\"wp-element-caption\">Iquitos<\/figcaption><\/figure>\n\n\n\n<figure class=\"wp-block-image size-large\"><img decoding=\"async\" width=\"640\" height=\"640\" data-id=\"18957\" src=\"https:\/\/dreamy.tours\/wp-content\/uploads\/2022\/02\/barrio-de-belen-iquitos.jpg\" alt=\"\" class=\"wp-image-18957\"\/><figcaption class=\"wp-element-caption\">Iquitos<\/figcaption><\/figure>\n<\/figure>\n\n\n\n<div class=\"wp-block-ps2id-block-target\" id=\"localiza\u00e7\u00e3o\"><\/div>\n\n\n\n<h3 class=\"wp-block-heading\">LOCALIZA\u00c7\u00c3O<\/h3>\n\n\n\n<p>O distrito de Iquitos pertence \u00e0 prov\u00edncia de Maynas, no departamento de Loreto, no cora\u00e7\u00e3o da selva peruana.<\/p>\n\n\n\n<div class=\"wp-block-ps2id-block-target\" id=\"como-chegar\"><\/div>\n\n\n\n<h3 class=\"wp-block-heading\">COMO CHEGAR AO IQUITOS?<\/h3>\n\n\n\n<p>Aqui damos-lhe as duas op\u00e7\u00f5es de como chegar a Iquitos:<\/p>\n\n\n\n<p><strong>BPor via a\u00e9rea. &#8211;<\/strong> A viagem \u00e9 directa da cidade de Lima, chegando ao aeroporto internacional Coronel FAP Francisco Secad, o voo tem a dura\u00e7\u00e3o aproximada de uma hora e meia.<\/p>\n\n\n\n<div class=\"wp-block-ps2id-block-target\" id=\"moeda\"><\/div>\n\n\n\n<h3 class=\"wp-block-heading\">MOEDA<\/h3>\n\n\n\n<p>Sol ( S\/ ). \u00e9 a moeda oficial do Peru.<\/p>\n\n\n\n<div class=\"wp-block-ps2id-block-target\" id=\"clima\"><\/div>\n\n\n\n<h3 class=\"wp-block-heading\">CLIMA<\/h3>\n\n\n\n<p>O clima em Iquitos \u00e9 muito quente e nublado, durante o ano, a temperatura varia de 22\u00b0C, sendo a mais baixa a 32\u00b0C, raramente desce abaixo dos 20\u00b0C ou sobe para mais de 34\u00b0C. O m\u00eas com maior intensidade de precipita\u00e7\u00e3o \u00e9 o m\u00eas de Abril.&nbsp;<\/p>\n\n\n\n<div class=\"wp-block-ps2id-block-target\" id=\"transporte\"><\/div>\n\n\n\n<h3 class=\"wp-block-heading\">TRANSPORTES<\/h3>\n\n\n\n<ul class=\"wp-block-list\">\n<li>Autocarros. \u2013 Existem autocarros de transporte p\u00fablico conhecidos como \u201ccolectivos\u201d ou \u201cJumbos\u201d, o pre\u00e7o do colectivo \u00e9 apenas S\/. 1,00 de qualquer ponto da cidade at\u00e9 ao fim do percurso destes autocarros.\u00a0<\/li>\n\n\n\n<li>O Mototaxi. \u2013 S\u00e3o ve\u00edculos de tr\u00eas rodas, como uma mota com banco de tr\u00e1s para dois ou tr\u00eas passageiros, e s\u00e3o geralmente utilizados em toda a cidade.\u00a0\u00a0<\/li>\n\n\n\n<li>Deslizadores \u2013 Barcos \u2013 Barcos. \u2013 Os ve\u00edculos tradicionais utilizados para o transporte nos rios da selva peruana s\u00e3o as canoas, o peque peque, os deslizadores e os barcos, estes ve\u00edculos s\u00e3o dedicados ao transporte de pessoas e outros exclusivamente para o transporte de carga.\u00a0\u00a0\u00a0<\/li>\n<\/ul>\n\n\n\n<div class=\"wp-block-ps2id-block-target\" id=\"acomoda\u00e7\u00e3o\"><\/div>\n\n\n\n<h3 class=\"wp-block-heading\">LODGING<\/h3>\n\n\n\n<p>Aqui ter\u00e1 duas op\u00e7\u00f5es, ou ficar num hotel na mesma cidade com todo o conforto e servi\u00e7os electr\u00f3nicos, ou num alojamento nos campos, que s\u00e3o geralmente r\u00fasticos.<\/p>\n\n\n\n<div class=\"wp-block-ps2id-block-target\" id=\"o-que-fazer\"><\/div>\n\n\n\n<h3 class=\"wp-block-heading\">O QUE FAZER EM IQUITOS<\/h3>\n\n\n\n<h3 class=\"wp-block-heading\">1.- Reserva Nacional de Pacaya-Samiria<\/h3>\n\n\n\n<p>A Reserva Pacaya Samiria em Iquitos \u00e9 a segunda maior \u00e1rea protegida do Peru, tem uma biodiversidade com florestas tropicais inund\u00e1veis, a Reserva Nacional inclui parte de Loreto, as florestas s\u00e3o ecossistemas aut\u00f3nomos que albergam lagoas como o lago El Dorado oxbow e comunidades nativas nas quais existe turismo experimental.&nbsp;&nbsp;&nbsp;<\/p>\n\n\n\n<figure class=\"wp-block-gallery has-nested-images columns-default is-cropped wp-block-gallery-2 is-layout-flex wp-block-gallery-is-layout-flex\">\n<figure class=\"wp-block-image size-large\"><img decoding=\"async\" width=\"1080\" height=\"1080\" data-id=\"18968\" src=\"https:\/\/dreamy.tours\/wp-content\/uploads\/2022\/02\/pacaya-samiria-cayman-dreamu.jpg\" alt=\"\" class=\"wp-image-18968\" srcset=\"https:\/\/dreamy.tours\/wp-content\/uploads\/2022\/02\/pacaya-samiria-cayman-dreamu.jpg 1080w, https:\/\/dreamy.tours\/wp-content\/uploads\/2022\/02\/pacaya-samiria-cayman-dreamu-768x768.jpg 768w\" sizes=\"(max-width: 1080px) 100vw, 1080px\" \/><figcaption class=\"wp-element-caption\">Caiman &#8211; Pacaya Samiria<\/figcaption><\/figure>\n\n\n\n<figure class=\"wp-block-image size-large\"><img decoding=\"async\" width=\"640\" height=\"692\" data-id=\"18971\" src=\"https:\/\/dreamy.tours\/wp-content\/uploads\/2022\/02\/reserva-nacional-de-pacaya-samiria-dre.jpg\" alt=\"\" class=\"wp-image-18971\"\/><figcaption class=\"wp-element-caption\">Pacaya Samiria <\/figcaption><\/figure>\n\n\n\n<figure class=\"wp-block-image size-large\"><img decoding=\"async\" width=\"640\" height=\"640\" data-id=\"18974\" src=\"https:\/\/dreamy.tours\/wp-content\/uploads\/2022\/02\/pacaya-samiria-dreamy.jpg\" alt=\"\" class=\"wp-image-18974\"\/><figcaption class=\"wp-element-caption\">Pacaya Samiria<\/figcaption><\/figure>\n<\/figure>\n\n\n\n<h3 class=\"wp-block-heading\">2.- Ilha do Macaco<\/h3>\n\n\n\n<p>A Ilha do Macaco em Iquitos \u00e9 um dos lugares que n\u00e3o pode faltar, \u00e9 um dos lugares que definitivamente tem de visitar. Ao contr\u00e1rio dos jardins zool\u00f3gicos, o objectivo deste ref\u00fagio \u00e9 assistir e cuidar dos primatas em estado de vulnerabilidade, para que, uma vez recuperados, possam ser reinstalados no seu habitat natural.<\/p>\n\n\n\n<p>Aqui encontrar\u00e1 diversas esp\u00e9cies de primatas entre os quais pode encontrar macacos choro, macacos cepo, macacos le\u00e3o, titismo, maquisapas, aranhas e macacos uivadores.<\/p>\n\n\n\n<p>Para chegar \u00e0 ilha dos macacos \u00e9 necess\u00e1rio sair do porto de Nanay de barco, a viagem dura aproximadamente 30 minutos, no caminho \u00e9 poss\u00edvel observar golfinhos cor-de-rosa e araras.<\/p>\n\n\n\n<h3 class=\"wp-block-heading\">3.-Passar a p\u00e9 pela cidade de Iquitos<\/h3>\n\n\n\n<p>Na cidade de Iquitos poderemos visitar a pra\u00e7a principal onde os alde\u00f5es se encontram para um passeio, a pra\u00e7a \u00e9 composta por jardins, obeliscos dos her\u00f3is e uma fonte ornamental. Em que poderemos apreciar:<\/p>\n\n\n\n<ul class=\"wp-block-list\">\n<li>A Casa de Ferro. \u2013 \u00c9 o edif\u00edcio mais famoso da cidade de Iquitos, a estrutura \u00e9 de 2 andares, uma elegante constru\u00e7\u00e3o de chapa met\u00e1lica, formada na B\u00e9lgica enviada por todo o Atl\u00e2ntico e pela Amaz\u00f3nia e reconstru\u00edda pe\u00e7a por pe\u00e7a.\u00a0\u00a0<\/li>\n\n\n\n<li>A catedral central de Iquitos. \u2013 Est\u00e1 situada ao lado da Casa de Hierro, na Pra\u00e7a de Armas de Iquitos, declarada Patrim\u00f3nio Cultural Hist\u00f3rico da Na\u00e7\u00e3o do Peru em 1996.\u00a0<\/li>\n\n\n\n<li>O Mercado do Belen. \u2013 \u00c9 um dos locais mais movimentados onde vendem a folha de bijao, que \u00e9 utilizada para embrulhar o juane, o prato mais tradicional da Amaz\u00f3nia.<\/li>\n\n\n\n<li>Museu da Amaz\u00f3nia. \u2013 \u00c9 um lugar para apreciar e aprender sobre a nossa antropologia, principalmente dedicado \u00e0s principais comunidades da comunidade nativa da Amaz\u00f3nia.<\/li>\n\n\n\n<li>Museu do Navio Hist\u00f3rico Ayapua \u2013 Este navio de 1906 foi trazido de Hamburgo, Alemanha. \u00c9 um museu flutuante nas margens do rio Itaya, testemunha da \u00e9poca da borracha apreciada. \u00a0\u00a0\u00a0\u00a0\u00a0<\/li>\n<\/ul>\n\n\n\n<h3 class=\"wp-block-heading\">4.- Borboletario Pilpintuwasi<\/h3>\n\n\n\n<p>O Mariposario abriga numerosas esp\u00e9cies de borboletas, bem como funciona como um centro de salvamento para algumas esp\u00e9cies amaz\u00f3nicas, protegendo os animais afectados pela ind\u00fastria da ca\u00e7a furtiva. Est\u00e1 localizado 20 minutos a norte de Iquitos. Poder\u00e1 ver animais al\u00e9m das borboletas, como o macaco vermelho ou ingl\u00eas e uma variedade de esp\u00e9cies como o otorongo, a pregui\u00e7a de dois dedos, at\u00e9 mesmo um jaguar.<\/p>\n\n\n\n<h3 class=\"wp-block-heading\">5.- Reserva Comunal de Yanayacu<\/h3>\n\n\n\n<p>A Reserva Comunal est\u00e1 localizada dentro da Reserva Nacional Pacaya Samiria junto ao rio Yanayacu que \u00e9 uma palavra quechua que significa \u00c1guas Negras, isto \u00e9 devido \u00e0 queda das folhas das \u00e1rvores no rio.&nbsp; No rio podem-se ver golfinhos cor-de-rosa, jacar\u00e9s, p\u00e1ssaros e uma diversidade de animais.&nbsp;&nbsp;<\/p>\n","protected":false},"excerpt":{"rendered":"<p>CIDADE DE IQUITOS A cidade de Iquitos est\u00e1 localizada no cora\u00e7\u00e3o da selva do Nordeste do Peru, sendo a capital de Mayas (Loreto). A cidade est\u00e1 lo&#8230;<\/p>\n","protected":false},"author":4,"featured_media":20263,"parent":0,"menu_order":0,"comment_status":"closed","ping_status":"closed","template":"page-guides.php","meta":{"_acf_changed":false,"advgb_blocks_editor_width":"","advgb_blocks_columns_visual_guide":"","footnotes":""},"class_list":["post-19983","page","type-page","status-publish","has-post-thumbnail","hentry"],"acf":[],"yoast_head":"<!-- This site is optimized with the Yoast SEO Premium plugin v25.4 (Yoast SEO v27.3) - https:\/\/yoast.com\/product\/yoast-seo-premium-wordpress\/ -->\n<title>GUIA DE VIAGEM IQUITOS - Dreamy Tours<\/title>\n<meta name=\"description\" content=\"A melhor cidade da Am\u00e9rica est\u00e1 no Peru. Encontre seu itiner\u00e1rio perfeito em nosso guia de viagem a Iquitos, cercado por florestas, rios.\" \/>\n<meta name=\"robots\" content=\"index, follow, max-snippet:-1, max-image-preview:large, max-video-preview:-1\" \/>\n<link rel=\"canonical\" href=\"https:\/\/dreamy.tours\/pt-br\/guia-de-viagem-iquitos\/\" \/>\n<meta property=\"og:locale\" content=\"pt_BR\" \/>\n<meta property=\"og:type\" content=\"article\" \/>\n<meta property=\"og:title\" content=\"GUIA DE VIAGEM IQUITOS\" \/>\n<meta property=\"og:description\" content=\"A melhor cidade da Am\u00e9rica est\u00e1 no Peru. Encontre seu itiner\u00e1rio perfeito em nosso guia de viagem a Iquitos, cercado por florestas, rios.\" \/>\n<meta property=\"og:url\" content=\"https:\/\/dreamy.tours\/pt-br\/guia-de-viagem-iquitos\/\" \/>\n<meta property=\"og:site_name\" content=\"Dreamy Tours\" \/>\n<meta property=\"article:publisher\" content=\"https:\/\/www.facebook.com\/dreamytours\" \/>\n<meta property=\"article:modified_time\" content=\"2025-01-21T20:59:57+00:00\" \/>\n<meta property=\"og:image\" content=\"https:\/\/dreamy.tours\/wp-content\/uploads\/2022\/02\/Iquitos.jpg\" \/>\n\t<meta property=\"og:image:width\" content=\"2000\" \/>\n\t<meta property=\"og:image:height\" content=\"400\" \/>\n\t<meta property=\"og:image:type\" content=\"image\/jpeg\" \/>\n<meta name=\"twitter:card\" content=\"summary_large_image\" \/>\n<meta name=\"twitter:site\" content=\"@Dreamy_tours\" \/>\n<meta name=\"twitter:label1\" content=\"Est. tempo de leitura\" \/>\n\t<meta name=\"twitter:data1\" content=\"5 minutos\" \/>\n<script type=\"application\/ld+json\" class=\"yoast-schema-graph\">{\"@context\":\"https:\\\/\\\/schema.org\",\"@graph\":[{\"@type\":\"WebPage\",\"@id\":\"https:\\\/\\\/dreamy.tours\\\/pt-br\\\/guia-de-viagem-iquitos\\\/\",\"url\":\"https:\\\/\\\/dreamy.tours\\\/pt-br\\\/guia-de-viagem-iquitos\\\/\",\"name\":\"GUIA DE VIAGEM IQUITOS - Dreamy Tours\",\"isPartOf\":{\"@id\":\"https:\\\/\\\/dreamy.tours\\\/pt-br\\\/#website\"},\"primaryImageOfPage\":{\"@id\":\"https:\\\/\\\/dreamy.tours\\\/pt-br\\\/guia-de-viagem-iquitos\\\/#primaryimage\"},\"image\":{\"@id\":\"https:\\\/\\\/dreamy.tours\\\/pt-br\\\/guia-de-viagem-iquitos\\\/#primaryimage\"},\"thumbnailUrl\":\"https:\\\/\\\/dreamy.tours\\\/wp-content\\\/uploads\\\/2022\\\/02\\\/Iquitos.jpg\",\"datePublished\":\"2022-02-23T15:07:56+00:00\",\"dateModified\":\"2025-01-21T20:59:57+00:00\",\"description\":\"A melhor cidade da Am\u00e9rica est\u00e1 no Peru. Encontre seu itiner\u00e1rio perfeito em nosso guia de viagem a Iquitos, cercado por florestas, rios.\",\"breadcrumb\":{\"@id\":\"https:\\\/\\\/dreamy.tours\\\/pt-br\\\/guia-de-viagem-iquitos\\\/#breadcrumb\"},\"inLanguage\":\"pt-BR\",\"potentialAction\":[{\"@type\":\"ReadAction\",\"target\":[\"https:\\\/\\\/dreamy.tours\\\/pt-br\\\/guia-de-viagem-iquitos\\\/\"]}]},{\"@type\":\"ImageObject\",\"inLanguage\":\"pt-BR\",\"@id\":\"https:\\\/\\\/dreamy.tours\\\/pt-br\\\/guia-de-viagem-iquitos\\\/#primaryimage\",\"url\":\"https:\\\/\\\/dreamy.tours\\\/wp-content\\\/uploads\\\/2022\\\/02\\\/Iquitos.jpg\",\"contentUrl\":\"https:\\\/\\\/dreamy.tours\\\/wp-content\\\/uploads\\\/2022\\\/02\\\/Iquitos.jpg\",\"width\":2000,\"height\":400,\"caption\":\"iquitos\"},{\"@type\":\"BreadcrumbList\",\"@id\":\"https:\\\/\\\/dreamy.tours\\\/pt-br\\\/guia-de-viagem-iquitos\\\/#breadcrumb\",\"itemListElement\":[{\"@type\":\"ListItem\",\"position\":1,\"name\":\"Home\",\"item\":\"https:\\\/\\\/dreamy.tours\\\/pt-br\\\/\"},{\"@type\":\"ListItem\",\"position\":2,\"name\":\"GUIA DE VIAGEM IQUITOS\"}]},{\"@type\":\"WebSite\",\"@id\":\"https:\\\/\\\/dreamy.tours\\\/pt-br\\\/#website\",\"url\":\"https:\\\/\\\/dreamy.tours\\\/pt-br\\\/\",\"name\":\"Dreamy Tours\",\"description\":\"\",\"publisher\":{\"@id\":\"https:\\\/\\\/dreamy.tours\\\/pt-br\\\/#organization\"},\"potentialAction\":[{\"@type\":\"SearchAction\",\"target\":{\"@type\":\"EntryPoint\",\"urlTemplate\":\"https:\\\/\\\/dreamy.tours\\\/pt-br\\\/?s={search_term_string}\"},\"query-input\":{\"@type\":\"PropertyValueSpecification\",\"valueRequired\":true,\"valueName\":\"search_term_string\"}}],\"inLanguage\":\"pt-BR\"},{\"@type\":\"Organization\",\"@id\":\"https:\\\/\\\/dreamy.tours\\\/pt-br\\\/#organization\",\"name\":\"Dreamy Tours\",\"url\":\"https:\\\/\\\/dreamy.tours\\\/pt-br\\\/\",\"logo\":{\"@type\":\"ImageObject\",\"inLanguage\":\"pt-BR\",\"@id\":\"https:\\\/\\\/dreamy.tours\\\/pt-br\\\/#\\\/schema\\\/logo\\\/image\\\/\",\"url\":\"https:\\\/\\\/dreamy.tours\\\/wp-content\\\/uploads\\\/dreamy-tour-cuadrado.jpg\",\"contentUrl\":\"https:\\\/\\\/dreamy.tours\\\/wp-content\\\/uploads\\\/dreamy-tour-cuadrado.jpg\",\"width\":696,\"height\":696,\"caption\":\"Dreamy Tours\"},\"image\":{\"@id\":\"https:\\\/\\\/dreamy.tours\\\/pt-br\\\/#\\\/schema\\\/logo\\\/image\\\/\"},\"sameAs\":[\"https:\\\/\\\/www.facebook.com\\\/dreamytours\",\"https:\\\/\\\/x.com\\\/Dreamy_tours\",\"https:\\\/\\\/www.instagram.com\\\/dreamy_tours\\\/\",\"https:\\\/\\\/www.pinterest.es\\\/dreamy_tours\\\/\",\"https:\\\/\\\/www.youtube.com\\\/channel\\\/UCGKP_C9x8GBYl7l8D0QD9Fg\"]}]}<\/script>\n<!-- \/ Yoast SEO Premium plugin. -->","yoast_head_json":{"title":"GUIA DE VIAGEM IQUITOS - Dreamy Tours","description":"A melhor cidade da Am\u00e9rica est\u00e1 no Peru. Encontre seu itiner\u00e1rio perfeito em nosso guia de viagem a Iquitos, cercado por florestas, rios.","robots":{"index":"index","follow":"follow","max-snippet":"max-snippet:-1","max-image-preview":"max-image-preview:large","max-video-preview":"max-video-preview:-1"},"canonical":"https:\/\/dreamy.tours\/pt-br\/guia-de-viagem-iquitos\/","og_locale":"pt_BR","og_type":"article","og_title":"GUIA DE VIAGEM IQUITOS","og_description":"A melhor cidade da Am\u00e9rica est\u00e1 no Peru. Encontre seu itiner\u00e1rio perfeito em nosso guia de viagem a Iquitos, cercado por florestas, rios.","og_url":"https:\/\/dreamy.tours\/pt-br\/guia-de-viagem-iquitos\/","og_site_name":"Dreamy Tours","article_publisher":"https:\/\/www.facebook.com\/dreamytours","article_modified_time":"2025-01-21T20:59:57+00:00","og_image":[{"width":2000,"height":400,"url":"https:\/\/dreamy.tours\/wp-content\/uploads\/2022\/02\/Iquitos.jpg","type":"image\/jpeg"}],"twitter_card":"summary_large_image","twitter_site":"@Dreamy_tours","twitter_misc":{"Est. tempo de leitura":"5 minutos"},"schema":{"@context":"https:\/\/schema.org","@graph":[{"@type":"WebPage","@id":"https:\/\/dreamy.tours\/pt-br\/guia-de-viagem-iquitos\/","url":"https:\/\/dreamy.tours\/pt-br\/guia-de-viagem-iquitos\/","name":"GUIA DE VIAGEM IQUITOS - Dreamy Tours","isPartOf":{"@id":"https:\/\/dreamy.tours\/pt-br\/#website"},"primaryImageOfPage":{"@id":"https:\/\/dreamy.tours\/pt-br\/guia-de-viagem-iquitos\/#primaryimage"},"image":{"@id":"https:\/\/dreamy.tours\/pt-br\/guia-de-viagem-iquitos\/#primaryimage"},"thumbnailUrl":"https:\/\/dreamy.tours\/wp-content\/uploads\/2022\/02\/Iquitos.jpg","datePublished":"2022-02-23T15:07:56+00:00","dateModified":"2025-01-21T20:59:57+00:00","description":"A melhor cidade da Am\u00e9rica est\u00e1 no Peru. Encontre seu itiner\u00e1rio perfeito em nosso guia de viagem a Iquitos, cercado por florestas, rios.","breadcrumb":{"@id":"https:\/\/dreamy.tours\/pt-br\/guia-de-viagem-iquitos\/#breadcrumb"},"inLanguage":"pt-BR","potentialAction":[{"@type":"ReadAction","target":["https:\/\/dreamy.tours\/pt-br\/guia-de-viagem-iquitos\/"]}]},{"@type":"ImageObject","inLanguage":"pt-BR","@id":"https:\/\/dreamy.tours\/pt-br\/guia-de-viagem-iquitos\/#primaryimage","url":"https:\/\/dreamy.tours\/wp-content\/uploads\/2022\/02\/Iquitos.jpg","contentUrl":"https:\/\/dreamy.tours\/wp-content\/uploads\/2022\/02\/Iquitos.jpg","width":2000,"height":400,"caption":"iquitos"},{"@type":"BreadcrumbList","@id":"https:\/\/dreamy.tours\/pt-br\/guia-de-viagem-iquitos\/#breadcrumb","itemListElement":[{"@type":"ListItem","position":1,"name":"Home","item":"https:\/\/dreamy.tours\/pt-br\/"},{"@type":"ListItem","position":2,"name":"GUIA DE VIAGEM IQUITOS"}]},{"@type":"WebSite","@id":"https:\/\/dreamy.tours\/pt-br\/#website","url":"https:\/\/dreamy.tours\/pt-br\/","name":"Dreamy Tours","description":"","publisher":{"@id":"https:\/\/dreamy.tours\/pt-br\/#organization"},"potentialAction":[{"@type":"SearchAction","target":{"@type":"EntryPoint","urlTemplate":"https:\/\/dreamy.tours\/pt-br\/?s={search_term_string}"},"query-input":{"@type":"PropertyValueSpecification","valueRequired":true,"valueName":"search_term_string"}}],"inLanguage":"pt-BR"},{"@type":"Organization","@id":"https:\/\/dreamy.tours\/pt-br\/#organization","name":"Dreamy Tours","url":"https:\/\/dreamy.tours\/pt-br\/","logo":{"@type":"ImageObject","inLanguage":"pt-BR","@id":"https:\/\/dreamy.tours\/pt-br\/#\/schema\/logo\/image\/","url":"https:\/\/dreamy.tours\/wp-content\/uploads\/dreamy-tour-cuadrado.jpg","contentUrl":"https:\/\/dreamy.tours\/wp-content\/uploads\/dreamy-tour-cuadrado.jpg","width":696,"height":696,"caption":"Dreamy Tours"},"image":{"@id":"https:\/\/dreamy.tours\/pt-br\/#\/schema\/logo\/image\/"},"sameAs":["https:\/\/www.facebook.com\/dreamytours","https:\/\/x.com\/Dreamy_tours","https:\/\/www.instagram.com\/dreamy_tours\/","https:\/\/www.pinterest.es\/dreamy_tours\/","https:\/\/www.youtube.com\/channel\/UCGKP_C9x8GBYl7l8D0QD9Fg"]}]}},"coauthors":[],"author_meta":{"author_link":"https:\/\/dreamy.tours\/pt-br\/blog\/author\/dreamy_upt\/","display_name":"Bento J."},"relative_dates":{"created":"Publicado 4 anos atr\u00e1s","modified":"Atualizado 1 ano atr\u00e1s"},"absolute_dates":{"created":"Publicado em 23 fevereiro, 2022","modified":"Atualizado em 21 janeiro, 2025"},"absolute_dates_time":{"created":"Publicado em 23 fevereiro, 2022 10:07 am","modified":"Atualizado em 21 janeiro, 2025 3:59 pm"},"featured_img_caption":"iquitos","featured_img":"https:\/\/dreamy.tours\/wp-content\/uploads\/2022\/02\/Iquitos.jpg","series_order":"","_links":{"self":[{"href":"https:\/\/dreamy.tours\/pt-br\/wp-json\/wp\/v2\/pages\/19983","targetHints":{"allow":["GET"]}}],"collection":[{"href":"https:\/\/dreamy.tours\/pt-br\/wp-json\/wp\/v2\/pages"}],"about":[{"href":"https:\/\/dreamy.tours\/pt-br\/wp-json\/wp\/v2\/types\/page"}],"author":[{"embeddable":true,"href":"https:\/\/dreamy.tours\/pt-br\/wp-json\/wp\/v2\/users\/4"}],"replies":[{"embeddable":true,"href":"https:\/\/dreamy.tours\/pt-br\/wp-json\/wp\/v2\/comments?post=19983"}],"version-history":[{"count":0,"href":"https:\/\/dreamy.tours\/pt-br\/wp-json\/wp\/v2\/pages\/19983\/revisions"}],"wp:featuredmedia":[{"embeddable":true,"href":"https:\/\/dreamy.tours\/pt-br\/wp-json\/wp\/v2\/media\/20263"}],"wp:attachment":[{"href":"https:\/\/dreamy.tours\/pt-br\/wp-json\/wp\/v2\/media?parent=19983"}],"curies":[{"name":"wp","href":"https:\/\/api.w.org\/{rel}","templated":true}]}}