{"id":19980,"date":"2022-02-23T10:07:33","date_gmt":"2022-02-23T15:07:33","guid":{"rendered":"https:\/\/dreamy.tours\/travel-guide-ica\/"},"modified":"2022-08-17T15:43:44","modified_gmt":"2022-08-17T20:43:44","slug":"guia-de-viagem-ica-nazca-portugues","status":"publish","type":"page","link":"https:\/\/dreamy.tours\/pt-br\/guia-de-viagem-ica-nazca-portugues\/","title":{"rendered":"GUIA DE VIAGEM ICA \u2013 NAZCA \u2013 PORTUGUES"},"content":{"rendered":"\n<h2 class=\"wp-block-heading\"><strong>CIDADE DA ICA<\/strong><\/h2>\n\n\n\n<p>Ica \u00e9 a capital do departamento com o mesmo nome, Ica \u00e9 um dos destinos ideais para fugir. Porque em Ica as dunas dos seus enormes desertos protegem o legado cultural e hist\u00f3rico das antigas civiliza\u00e7\u00f5es, bem como a localiza\u00e7\u00e3o de um o\u00e1sis como o Huacachina.<\/p>\n\n\n\n<p>Esta regi\u00e3o fica a 4 horas de dist\u00e2ncia da cidade de Lima.&nbsp; Em Ica pode encontrar actividades no Oceano Pac\u00edfico como a visita \u00e0 Reserva Nacional de Paracas, onde se pode viajar de barco para as Ilhas Ballestas.<\/p>\n\n\n\n<figure class=\"wp-block-gallery has-nested-images columns-default is-cropped wp-block-gallery-1 is-layout-flex wp-block-gallery-is-layout-flex\">\n<figure class=\"wp-block-image size-large\"><img decoding=\"async\" width=\"480\" height=\"600\" data-id=\"19164\" src=\"https:\/\/dreamy.tours\/wp-content\/uploads\/2022\/02\/canon-de-los-perdidos-ica.jpg\" alt=\"\" class=\"wp-image-19164\"\/><figcaption>Ca\u00f1on de los Perdidos<\/figcaption><\/figure>\n\n\n\n<figure class=\"wp-block-image size-large\"><img decoding=\"async\" width=\"640\" height=\"481\" data-id=\"19167\" src=\"https:\/\/dreamy.tours\/wp-content\/uploads\/2022\/02\/palmera-de-7-cabesas-ica.jpg\" alt=\"\" class=\"wp-image-19167\"\/><figcaption>Palmeras &#8211; Ica<\/figcaption><\/figure>\n\n\n\n<figure class=\"wp-block-image size-large\"><img decoding=\"async\" width=\"480\" height=\"600\" data-id=\"19170\" src=\"https:\/\/dreamy.tours\/wp-content\/uploads\/2022\/02\/paracas-ica-peru-dp.jpg\" alt=\"\" class=\"wp-image-19170\"\/><figcaption>Paracas<\/figcaption><\/figure>\n<\/figure>\n\n\n\n<div class=\"wp-block-ps2id-block-target\" id=\"localiza\u00e7\u00e3o\"><\/div>\n\n\n\n<h2 class=\"wp-block-heading\">LOCALIZA\u00c7\u00c3O<\/h2>\n\n\n\n<p>Ica est\u00e1 localizada na parte centro-sul do Peru, capital do departamento de Ica. Fica a quatro horas da cidade de Lima.<\/p>\n\n\n\n<div class=\"wp-block-ps2id-block-target\" id=\"como-chegar\"><\/div>\n\n\n\n<h2 class=\"wp-block-heading\"><strong>C<\/strong>OMO CHEGAR \u00c0 ICA?<\/h2>\n\n\n\n<p>Para chegar \u00e0 cidade de Ica a primeira op\u00e7\u00e3o \u00e9 apanhar um autocarro e\/ou carro de Lima, Ica fica a 340Km de dist\u00e2ncia, a viagem demora aproximadamente 4 horas.&nbsp;&nbsp;&nbsp;&nbsp;<\/p>\n\n\n\n<div class=\"wp-block-ps2id-block-target\" id=\"moeda\"><\/div>\n\n\n\n<h2 class=\"wp-block-heading\">MOEDA<\/h2>\n\n\n\n<p>Sol ( S\/ ). \u00e9 a moeda oficial do Peru.<\/p>\n\n\n\n<div class=\"wp-block-ps2id-block-target\" id=\"clima\"><\/div>\n\n\n\n<h2 class=\"wp-block-heading\">CLIMA<\/h2>\n\n\n\n<p>O clima em Ica \u00e9 quente, des\u00e9rtico e seco durante o dia. Com uma temperatura m\u00e9dia de 22\u00b0C, a presen\u00e7a de paracas ou ventos fortes \u00e9 muito comum durante os meses de Ver\u00e3o.<\/p>\n\n\n\n<div class=\"wp-block-ps2id-block-target\" id=\"transporte\"><\/div>\n\n\n\n<h2 class=\"wp-block-heading\">TRANSPORTES<\/h2>\n\n\n\n<p>O transporte em Ica consiste em transporte colectivo, t\u00e1xis, motot\u00e1xi e autocarros que fazem o transporte de Lima para Ica, que fazem partidas de 10 em 10 minutos.&nbsp;<\/p>\n\n\n\n<div class=\"wp-block-ps2id-block-target\" id=\"acomoda\u00e7\u00e3o\"><\/div>\n\n\n\n<h2 class=\"wp-block-heading\">HOSPEDAGEN<\/h2>\n\n\n\n<p>Os melhores locais para ficar em Ica s\u00e3o os hot\u00e9is em Nazca, bem como os hot\u00e9is em Paracas, que s\u00e3o recomendados.<\/p>\n\n\n\n<div class=\"wp-block-ps2id-block-target\" id=\"o-que-fazer\"><\/div>\n\n\n\n<h2 class=\"wp-block-heading\">COISAS PARA FAZER NA ICA<\/h2>\n\n\n\n<h3 class=\"wp-block-heading\">1.Buggies &amp; Sandboard em Huacachina<\/h3>\n\n\n\n<p>O passeio de Buggy \u00e9 uma das actividades mais populares que n\u00e3o pode perder se fizer a viagem a Ica &#8211; Huacachina, os carros de areia levam-no a toda a velocidade pelas dunas e dunas abaixo. Ir\u00e1 fazer paragens em locais onde poder\u00e1 tirar fotografias e praticar Sandboarding.&nbsp;&nbsp;<\/p>\n\n\n\n<p>O Sandboard \u00e9 uma das actividades de aventura, que consiste em deslizar sobre as dunas de Ica como um esquiador, neste caso, em vez de nos atirar os p\u00e9s, deitamo-nos na prancha, esta actividade \u00e9 feita no deserto peruano da famosa lagoa Huacachina.&nbsp;&nbsp;&nbsp;<\/p>\n\n\n\n<figure class=\"wp-block-gallery has-nested-images columns-default is-cropped wp-block-gallery-2 is-layout-flex wp-block-gallery-is-layout-flex\">\n<figure class=\"wp-block-image size-large\"><img decoding=\"async\" width=\"480\" height=\"599\" data-id=\"19246\" src=\"https:\/\/dreamy.tours\/wp-content\/uploads\/2022\/02\/oasis-de-huacachina-dperu-1.jpg\" alt=\"\" class=\"wp-image-19246\"\/><figcaption>ica<\/figcaption><\/figure>\n\n\n\n<figure class=\"wp-block-image size-large\"><img decoding=\"async\" width=\"480\" height=\"600\" data-id=\"19252\" src=\"https:\/\/dreamy.tours\/wp-content\/uploads\/2022\/02\/SAMBOARDING-D.jpg\" alt=\"\" class=\"wp-image-19252\"\/><\/figure>\n\n\n\n<figure class=\"wp-block-image size-large\"><img decoding=\"async\" width=\"909\" height=\"1101\" data-id=\"19249\" src=\"https:\/\/dreamy.tours\/wp-content\/uploads\/2022\/02\/ica-huacachina-dreamy.jpg\" alt=\"\" class=\"wp-image-19249\" srcset=\"https:\/\/dreamy.tours\/wp-content\/uploads\/2022\/02\/ica-huacachina-dreamy.jpg 909w, https:\/\/dreamy.tours\/wp-content\/uploads\/2022\/02\/ica-huacachina-dreamy-768x930.jpg 768w\" sizes=\"(max-width: 909px) 100vw, 909px\" \/><\/figure>\n<\/figure>\n\n\n\n<h3 class=\"wp-block-heading\">2.- Passeio ao redor do o\u00e1sis &#8211; Lagoa Huacachina<\/h3>\n\n\n\n<p>O nome Huacachina Oasis significa &#8220;Mulher que chora&#8221; em Quechua, a lenda diz que esta lagoa nasceu das l\u00e1grimas de uma bela mulher de olhos verdes que chorava pela morte da sua amada.&nbsp;&nbsp;<\/p>\n\n\n\n<p>A cor da \u00e1gua da lagoa Huacachina \u00e9 verde esmeralda, que surgiu devido ao afloramento das correntes subterr\u00e2neas. \u00c9 um dos lugares mais belos da costa peruana.<\/p>\n\n\n\n<figure class=\"wp-block-gallery has-nested-images columns-default is-cropped wp-block-gallery-3 is-layout-flex wp-block-gallery-is-layout-flex\">\n<figure class=\"wp-block-image size-large\"><img decoding=\"async\" width=\"640\" height=\"750\" data-id=\"19258\" src=\"https:\/\/dreamy.tours\/wp-content\/uploads\/2022\/02\/oasis-de-huacachina-peru22.jpg\" alt=\"\" class=\"wp-image-19258\"\/><\/figure>\n\n\n\n<figure class=\"wp-block-image size-large\"><img decoding=\"async\" width=\"937\" height=\"1171\" data-id=\"19240\" src=\"https:\/\/dreamy.tours\/wp-content\/uploads\/2022\/02\/oasis-de-huacachina.jpg\" alt=\"\" class=\"wp-image-19240\" srcset=\"https:\/\/dreamy.tours\/wp-content\/uploads\/2022\/02\/oasis-de-huacachina.jpg 937w, https:\/\/dreamy.tours\/wp-content\/uploads\/2022\/02\/oasis-de-huacachina-768x960.jpg 768w\" sizes=\"(max-width: 937px) 100vw, 937px\" \/><figcaption>Oasis de Huacachina<\/figcaption><\/figure>\n\n\n\n<figure class=\"wp-block-image size-large\"><img decoding=\"async\" width=\"480\" height=\"600\" data-id=\"19263\" src=\"https:\/\/dreamy.tours\/wp-content\/uploads\/2022\/02\/oasis-de-Huacachina-dperu-2025.jpg\" alt=\"\" class=\"wp-image-19263\"\/><\/figure>\n<\/figure>\n\n\n\n<h3 class=\"wp-block-heading\">3.- Excurs\u00e3o para a Reserva Nacional de Paracas<\/h3>\n\n\n\n<p>A Reserva Nacional de Paracas \u00e9 uma das \u00e1reas que protege o nosso ecossistema marinho costeiro. Tamb\u00e9m protege v\u00e1rios vest\u00edgios arqueol\u00f3gicos da cultura de Paracas.<\/p>\n\n\n\n<p>Localizado na prov\u00edncia de Pisco, no departamento de Ica, no passeio poder\u00e1 observar figuras de candelabros relacionadas com as linhas de Nazca.<\/p>\n\n\n\n<figure class=\"wp-block-gallery has-nested-images columns-default is-cropped wp-block-gallery-4 is-layout-flex wp-block-gallery-is-layout-flex\">\n<figure class=\"wp-block-image size-large\"><img decoding=\"async\" width=\"640\" height=\"570\" data-id=\"19269\" src=\"https:\/\/dreamy.tours\/wp-content\/uploads\/2022\/02\/playa-de-Mina-paracas.jpg\" alt=\"\" class=\"wp-image-19269\"\/><figcaption>Reserva de Paracas<\/figcaption><\/figure>\n\n\n\n<figure class=\"wp-block-image size-large\"><img decoding=\"async\" width=\"640\" height=\"768\" data-id=\"19272\" src=\"https:\/\/dreamy.tours\/wp-content\/uploads\/2022\/02\/candelabro-de-paracas-nazca.jpg\" alt=\"\" class=\"wp-image-19272\"\/><figcaption>Reserva de Paracas<\/figcaption><\/figure>\n\n\n\n<figure class=\"wp-block-image size-large\"><img decoding=\"async\" width=\"750\" height=\"749\" data-id=\"19266\" src=\"https:\/\/dreamy.tours\/wp-content\/uploads\/2022\/02\/PARACAS-ICA.jpg\" alt=\"\" class=\"wp-image-19266\"\/><figcaption>Reserva de Paracas<\/figcaption><\/figure>\n<\/figure>\n\n\n\n<h3 class=\"wp-block-heading\">4.- Voo sobre as Linhas de Nazca<\/h3>\n\n\n\n<p>As Linhas de Nazca foram declaradas Patrim\u00f3nio Mundial pela Unesco. S\u00e3o antigos geoglifos encontrados nos pampas de Jumana, no deserto de Nazca, que foram criados pela cultura Nazca. S\u00e3o compostos por v\u00e1rias centenas de figuras que v\u00e3o desde desenhos simples a linhas complexas.<\/p>\n\n\n\n<figure class=\"wp-block-gallery has-nested-images columns-default is-cropped wp-block-gallery-5 is-layout-flex wp-block-gallery-is-layout-flex\">\n<figure class=\"wp-block-image size-large\"><img decoding=\"async\" width=\"640\" height=\"640\" data-id=\"19283\" src=\"https:\/\/dreamy.tours\/wp-content\/uploads\/2022\/02\/lineas-de-nazca-dreamy-y.jpg\" alt=\"\" class=\"wp-image-19283\"\/><\/figure>\n\n\n\n<figure class=\"wp-block-image size-large\"><img decoding=\"async\" width=\"640\" height=\"760\" data-id=\"19278\" src=\"https:\/\/dreamy.tours\/wp-content\/uploads\/2022\/02\/candelabro-de-paracas-lineas-de-nazca.jpg\" alt=\"\" class=\"wp-image-19278\"\/><\/figure>\n\n\n\n<figure class=\"wp-block-image size-large\"><img decoding=\"async\" width=\"640\" height=\"795\" data-id=\"19279\" src=\"https:\/\/dreamy.tours\/wp-content\/uploads\/2022\/02\/lineas-de-nazca.jpg\" alt=\"\" class=\"wp-image-19279\"\/><\/figure>\n<\/figure>\n\n\n\n<h3 class=\"wp-block-heading\">5.- Vinhedo da Rota de Pisco<\/h3>\n\n\n\n<p>Pisco \u00e9 a principal bebida do Peru, que ganhou pr\u00e9mios e reconhecimento em todo o mundo. Nesta rota visitar\u00e1 as vinhas e adegas de Chincha e Ica, sendo estes locais onde foram colhidas as primeiras vinhas trazidas pelos espanh\u00f3is.<\/p>\n\n\n\n<p>&nbsp;Al\u00e9m disso, pode desfrutar das alegres tradi\u00e7\u00f5es e gastronomia de Ica ou simplesmente beber um bom Pisco. Sa\u00fade!<\/p>\n\n\n\n<h3 class=\"wp-block-heading\">6.- Parque das Bruxas de Cachice<\/h3>\n\n\n\n<p>O parque est\u00e1 localizado na cidade de Cachiche. Diz-se que neste local existiam mulheres com poderes sobrenaturais, que utilizavam para eliminar os males do corpo e tamb\u00e9m para preparar misturas e po\u00e7\u00f5es especiais para v\u00e1rios actos de enfeiti\u00e7amento.<\/p>\n\n\n\n<p>TA bruxa mais famosa e experiente foi Julia Hernandez Chest, da qual foi feita uma est\u00e1tua de bronze no meio da aldeia.<\/p>\n\n\n\n<figure class=\"wp-block-gallery has-nested-images columns-default is-cropped wp-block-gallery-6 is-layout-flex wp-block-gallery-is-layout-flex\">\n<figure class=\"wp-block-image size-large\"><img decoding=\"async\" width=\"1440\" height=\"1440\" data-id=\"19293\" src=\"https:\/\/dreamy.tours\/wp-content\/uploads\/2022\/02\/brujas-de-cachiche-dreamy.jpg\" alt=\"\" class=\"wp-image-19293\" srcset=\"https:\/\/dreamy.tours\/wp-content\/uploads\/2022\/02\/brujas-de-cachiche-dreamy.jpg 1440w, https:\/\/dreamy.tours\/wp-content\/uploads\/2022\/02\/brujas-de-cachiche-dreamy-768x768.jpg 768w\" sizes=\"(max-width: 1440px) 100vw, 1440px\" \/><\/figure>\n\n\n\n<figure class=\"wp-block-image size-large\"><img decoding=\"async\" width=\"1080\" height=\"1080\" data-id=\"19290\" src=\"https:\/\/dreamy.tours\/wp-content\/uploads\/2022\/02\/cachiche-brujas.jpg\" alt=\"\" class=\"wp-image-19290\" srcset=\"https:\/\/dreamy.tours\/wp-content\/uploads\/2022\/02\/cachiche-brujas.jpg 1080w, https:\/\/dreamy.tours\/wp-content\/uploads\/2022\/02\/cachiche-brujas-768x768.jpg 768w\" sizes=\"(max-width: 1080px) 100vw, 1080px\" \/><\/figure>\n\n\n\n<figure class=\"wp-block-image size-large\"><img decoding=\"async\" width=\"1440\" height=\"1440\" data-id=\"19287\" src=\"https:\/\/dreamy.tours\/wp-content\/uploads\/2022\/02\/Brujas-de-Cachiche.jpg\" alt=\"\" class=\"wp-image-19287\" srcset=\"https:\/\/dreamy.tours\/wp-content\/uploads\/2022\/02\/Brujas-de-Cachiche.jpg 1440w, https:\/\/dreamy.tours\/wp-content\/uploads\/2022\/02\/Brujas-de-Cachiche-768x768.jpg 768w\" sizes=\"(max-width: 1440px) 100vw, 1440px\" \/><\/figure>\n<\/figure>\n","protected":false},"excerpt":{"rendered":"<p>CIDADE DA ICA Ica \u00e9 a capital do departamento com o mesmo nome, Ica \u00e9 um dos destinos ideais para fugir. Porque em Ica as dunas dos seus enormes des&#8230;<\/p>\n","protected":false},"author":4,"featured_media":20258,"parent":0,"menu_order":0,"comment_status":"closed","ping_status":"closed","template":"page-guides.php","meta":{"_acf_changed":false,"advgb_blocks_editor_width":"","advgb_blocks_columns_visual_guide":"","footnotes":""},"class_list":["post-19980","page","type-page","status-publish","has-post-thumbnail","hentry"],"acf":[],"yoast_head":"<!-- This site is optimized with the Yoast SEO Premium plugin v25.4 (Yoast SEO v27.4) - https:\/\/yoast.com\/product\/yoast-seo-premium-wordpress\/ -->\n<title>GUIA DE VIAGEM ICA \u2013 NAZCA \u2013 PORTUGUES - Dreamy Tours<\/title>\n<meta name=\"description\" content=\"Dreamy Tours oferece viagens para Ica e Nazca. Visite o deserto, veja os maiores geoglifos do mundo e desfrute de um luxuoso piquenique.\" \/>\n<meta name=\"robots\" content=\"index, follow, max-snippet:-1, max-image-preview:large, max-video-preview:-1\" \/>\n<link rel=\"canonical\" href=\"https:\/\/dreamy.tours\/pt-br\/guia-de-viagem-ica-nazca-portugues\/\" \/>\n<meta property=\"og:locale\" content=\"pt_BR\" \/>\n<meta property=\"og:type\" content=\"article\" \/>\n<meta property=\"og:title\" content=\"GUIA DE VIAGEM ICA \u2013 NAZCA \u2013 PORTUGUES\" \/>\n<meta property=\"og:description\" content=\"Dreamy Tours oferece viagens para Ica e Nazca. Visite o deserto, veja os maiores geoglifos do mundo e desfrute de um luxuoso piquenique.\" \/>\n<meta property=\"og:url\" content=\"https:\/\/dreamy.tours\/pt-br\/guia-de-viagem-ica-nazca-portugues\/\" \/>\n<meta property=\"og:site_name\" content=\"Dreamy Tours\" \/>\n<meta property=\"article:publisher\" content=\"https:\/\/www.facebook.com\/dreamytours\" \/>\n<meta property=\"article:modified_time\" content=\"2022-08-17T20:43:44+00:00\" \/>\n<meta property=\"og:image\" content=\"https:\/\/dreamy.tours\/wp-content\/uploads\/2022\/02\/HUACACHINA-ICA.jpg\" \/>\n\t<meta property=\"og:image:width\" content=\"2000\" \/>\n\t<meta property=\"og:image:height\" content=\"400\" \/>\n\t<meta property=\"og:image:type\" content=\"image\/jpeg\" \/>\n<meta name=\"twitter:card\" content=\"summary_large_image\" \/>\n<meta name=\"twitter:site\" content=\"@Dreamy_tours\" \/>\n<meta name=\"twitter:label1\" content=\"Est. tempo de leitura\" \/>\n\t<meta name=\"twitter:data1\" content=\"7 minutos\" \/>\n<script type=\"application\/ld+json\" class=\"yoast-schema-graph\">{\"@context\":\"https:\\\/\\\/schema.org\",\"@graph\":[{\"@type\":\"WebPage\",\"@id\":\"https:\\\/\\\/dreamy.tours\\\/pt-br\\\/guia-de-viagem-ica-nazca-portugues\\\/\",\"url\":\"https:\\\/\\\/dreamy.tours\\\/pt-br\\\/guia-de-viagem-ica-nazca-portugues\\\/\",\"name\":\"GUIA DE VIAGEM ICA \u2013 NAZCA \u2013 PORTUGUES - Dreamy Tours\",\"isPartOf\":{\"@id\":\"https:\\\/\\\/dreamy.tours\\\/pt-br\\\/#website\"},\"primaryImageOfPage\":{\"@id\":\"https:\\\/\\\/dreamy.tours\\\/pt-br\\\/guia-de-viagem-ica-nazca-portugues\\\/#primaryimage\"},\"image\":{\"@id\":\"https:\\\/\\\/dreamy.tours\\\/pt-br\\\/guia-de-viagem-ica-nazca-portugues\\\/#primaryimage\"},\"thumbnailUrl\":\"https:\\\/\\\/dreamy.tours\\\/wp-content\\\/uploads\\\/2022\\\/02\\\/HUACACHINA-ICA.jpg\",\"datePublished\":\"2022-02-23T15:07:33+00:00\",\"dateModified\":\"2022-08-17T20:43:44+00:00\",\"description\":\"Dreamy Tours oferece viagens para Ica e Nazca. Visite o deserto, veja os maiores geoglifos do mundo e desfrute de um luxuoso piquenique.\",\"breadcrumb\":{\"@id\":\"https:\\\/\\\/dreamy.tours\\\/pt-br\\\/guia-de-viagem-ica-nazca-portugues\\\/#breadcrumb\"},\"inLanguage\":\"pt-BR\",\"potentialAction\":[{\"@type\":\"ReadAction\",\"target\":[\"https:\\\/\\\/dreamy.tours\\\/pt-br\\\/guia-de-viagem-ica-nazca-portugues\\\/\"]}]},{\"@type\":\"ImageObject\",\"inLanguage\":\"pt-BR\",\"@id\":\"https:\\\/\\\/dreamy.tours\\\/pt-br\\\/guia-de-viagem-ica-nazca-portugues\\\/#primaryimage\",\"url\":\"https:\\\/\\\/dreamy.tours\\\/wp-content\\\/uploads\\\/2022\\\/02\\\/HUACACHINA-ICA.jpg\",\"contentUrl\":\"https:\\\/\\\/dreamy.tours\\\/wp-content\\\/uploads\\\/2022\\\/02\\\/HUACACHINA-ICA.jpg\",\"width\":2000,\"height\":400},{\"@type\":\"BreadcrumbList\",\"@id\":\"https:\\\/\\\/dreamy.tours\\\/pt-br\\\/guia-de-viagem-ica-nazca-portugues\\\/#breadcrumb\",\"itemListElement\":[{\"@type\":\"ListItem\",\"position\":1,\"name\":\"Home\",\"item\":\"https:\\\/\\\/dreamy.tours\\\/pt-br\\\/\"},{\"@type\":\"ListItem\",\"position\":2,\"name\":\"GUIA DE VIAGEM ICA \u2013 NAZCA \u2013 PORTUGUES\"}]},{\"@type\":\"WebSite\",\"@id\":\"https:\\\/\\\/dreamy.tours\\\/pt-br\\\/#website\",\"url\":\"https:\\\/\\\/dreamy.tours\\\/pt-br\\\/\",\"name\":\"Dreamy Tours\",\"description\":\"\",\"publisher\":{\"@id\":\"https:\\\/\\\/dreamy.tours\\\/pt-br\\\/#organization\"},\"potentialAction\":[{\"@type\":\"SearchAction\",\"target\":{\"@type\":\"EntryPoint\",\"urlTemplate\":\"https:\\\/\\\/dreamy.tours\\\/pt-br\\\/?s={search_term_string}\"},\"query-input\":{\"@type\":\"PropertyValueSpecification\",\"valueRequired\":true,\"valueName\":\"search_term_string\"}}],\"inLanguage\":\"pt-BR\"},{\"@type\":\"Organization\",\"@id\":\"https:\\\/\\\/dreamy.tours\\\/pt-br\\\/#organization\",\"name\":\"Dreamy Tours\",\"url\":\"https:\\\/\\\/dreamy.tours\\\/pt-br\\\/\",\"logo\":{\"@type\":\"ImageObject\",\"inLanguage\":\"pt-BR\",\"@id\":\"https:\\\/\\\/dreamy.tours\\\/pt-br\\\/#\\\/schema\\\/logo\\\/image\\\/\",\"url\":\"https:\\\/\\\/dreamy.tours\\\/wp-content\\\/uploads\\\/dreamy-tour-cuadrado.jpg\",\"contentUrl\":\"https:\\\/\\\/dreamy.tours\\\/wp-content\\\/uploads\\\/dreamy-tour-cuadrado.jpg\",\"width\":696,\"height\":696,\"caption\":\"Dreamy Tours\"},\"image\":{\"@id\":\"https:\\\/\\\/dreamy.tours\\\/pt-br\\\/#\\\/schema\\\/logo\\\/image\\\/\"},\"sameAs\":[\"https:\\\/\\\/www.facebook.com\\\/dreamytours\",\"https:\\\/\\\/x.com\\\/Dreamy_tours\",\"https:\\\/\\\/www.instagram.com\\\/dreamy_tours\\\/\",\"https:\\\/\\\/www.pinterest.es\\\/dreamy_tours\\\/\",\"https:\\\/\\\/www.youtube.com\\\/channel\\\/UCGKP_C9x8GBYl7l8D0QD9Fg\"]}]}<\/script>\n<!-- \/ Yoast SEO Premium plugin. -->","yoast_head_json":{"title":"GUIA DE VIAGEM ICA \u2013 NAZCA \u2013 PORTUGUES - Dreamy Tours","description":"Dreamy Tours oferece viagens para Ica e Nazca. Visite o deserto, veja os maiores geoglifos do mundo e desfrute de um luxuoso piquenique.","robots":{"index":"index","follow":"follow","max-snippet":"max-snippet:-1","max-image-preview":"max-image-preview:large","max-video-preview":"max-video-preview:-1"},"canonical":"https:\/\/dreamy.tours\/pt-br\/guia-de-viagem-ica-nazca-portugues\/","og_locale":"pt_BR","og_type":"article","og_title":"GUIA DE VIAGEM ICA \u2013 NAZCA \u2013 PORTUGUES","og_description":"Dreamy Tours oferece viagens para Ica e Nazca. Visite o deserto, veja os maiores geoglifos do mundo e desfrute de um luxuoso piquenique.","og_url":"https:\/\/dreamy.tours\/pt-br\/guia-de-viagem-ica-nazca-portugues\/","og_site_name":"Dreamy Tours","article_publisher":"https:\/\/www.facebook.com\/dreamytours","article_modified_time":"2022-08-17T20:43:44+00:00","og_image":[{"width":2000,"height":400,"url":"https:\/\/dreamy.tours\/wp-content\/uploads\/2022\/02\/HUACACHINA-ICA.jpg","type":"image\/jpeg"}],"twitter_card":"summary_large_image","twitter_site":"@Dreamy_tours","twitter_misc":{"Est. tempo de leitura":"7 minutos"},"schema":{"@context":"https:\/\/schema.org","@graph":[{"@type":"WebPage","@id":"https:\/\/dreamy.tours\/pt-br\/guia-de-viagem-ica-nazca-portugues\/","url":"https:\/\/dreamy.tours\/pt-br\/guia-de-viagem-ica-nazca-portugues\/","name":"GUIA DE VIAGEM ICA \u2013 NAZCA \u2013 PORTUGUES - Dreamy Tours","isPartOf":{"@id":"https:\/\/dreamy.tours\/pt-br\/#website"},"primaryImageOfPage":{"@id":"https:\/\/dreamy.tours\/pt-br\/guia-de-viagem-ica-nazca-portugues\/#primaryimage"},"image":{"@id":"https:\/\/dreamy.tours\/pt-br\/guia-de-viagem-ica-nazca-portugues\/#primaryimage"},"thumbnailUrl":"https:\/\/dreamy.tours\/wp-content\/uploads\/2022\/02\/HUACACHINA-ICA.jpg","datePublished":"2022-02-23T15:07:33+00:00","dateModified":"2022-08-17T20:43:44+00:00","description":"Dreamy Tours oferece viagens para Ica e Nazca. Visite o deserto, veja os maiores geoglifos do mundo e desfrute de um luxuoso piquenique.","breadcrumb":{"@id":"https:\/\/dreamy.tours\/pt-br\/guia-de-viagem-ica-nazca-portugues\/#breadcrumb"},"inLanguage":"pt-BR","potentialAction":[{"@type":"ReadAction","target":["https:\/\/dreamy.tours\/pt-br\/guia-de-viagem-ica-nazca-portugues\/"]}]},{"@type":"ImageObject","inLanguage":"pt-BR","@id":"https:\/\/dreamy.tours\/pt-br\/guia-de-viagem-ica-nazca-portugues\/#primaryimage","url":"https:\/\/dreamy.tours\/wp-content\/uploads\/2022\/02\/HUACACHINA-ICA.jpg","contentUrl":"https:\/\/dreamy.tours\/wp-content\/uploads\/2022\/02\/HUACACHINA-ICA.jpg","width":2000,"height":400},{"@type":"BreadcrumbList","@id":"https:\/\/dreamy.tours\/pt-br\/guia-de-viagem-ica-nazca-portugues\/#breadcrumb","itemListElement":[{"@type":"ListItem","position":1,"name":"Home","item":"https:\/\/dreamy.tours\/pt-br\/"},{"@type":"ListItem","position":2,"name":"GUIA DE VIAGEM ICA \u2013 NAZCA \u2013 PORTUGUES"}]},{"@type":"WebSite","@id":"https:\/\/dreamy.tours\/pt-br\/#website","url":"https:\/\/dreamy.tours\/pt-br\/","name":"Dreamy Tours","description":"","publisher":{"@id":"https:\/\/dreamy.tours\/pt-br\/#organization"},"potentialAction":[{"@type":"SearchAction","target":{"@type":"EntryPoint","urlTemplate":"https:\/\/dreamy.tours\/pt-br\/?s={search_term_string}"},"query-input":{"@type":"PropertyValueSpecification","valueRequired":true,"valueName":"search_term_string"}}],"inLanguage":"pt-BR"},{"@type":"Organization","@id":"https:\/\/dreamy.tours\/pt-br\/#organization","name":"Dreamy Tours","url":"https:\/\/dreamy.tours\/pt-br\/","logo":{"@type":"ImageObject","inLanguage":"pt-BR","@id":"https:\/\/dreamy.tours\/pt-br\/#\/schema\/logo\/image\/","url":"https:\/\/dreamy.tours\/wp-content\/uploads\/dreamy-tour-cuadrado.jpg","contentUrl":"https:\/\/dreamy.tours\/wp-content\/uploads\/dreamy-tour-cuadrado.jpg","width":696,"height":696,"caption":"Dreamy Tours"},"image":{"@id":"https:\/\/dreamy.tours\/pt-br\/#\/schema\/logo\/image\/"},"sameAs":["https:\/\/www.facebook.com\/dreamytours","https:\/\/x.com\/Dreamy_tours","https:\/\/www.instagram.com\/dreamy_tours\/","https:\/\/www.pinterest.es\/dreamy_tours\/","https:\/\/www.youtube.com\/channel\/UCGKP_C9x8GBYl7l8D0QD9Fg"]}]}},"coauthors":[],"author_meta":{"author_link":"https:\/\/dreamy.tours\/pt-br\/blog\/author\/dreamy_upt\/","display_name":"Bento J."},"relative_dates":{"created":"Publicado 4 anos atr\u00e1s","modified":"Atualizado 4 anos atr\u00e1s"},"absolute_dates":{"created":"Publicado em 23 fevereiro, 2022","modified":"Atualizado em 17 agosto, 2022"},"absolute_dates_time":{"created":"Publicado em 23 fevereiro, 2022 10:07 am","modified":"Atualizado em 17 agosto, 2022 3:43 pm"},"featured_img_caption":"","featured_img":"https:\/\/dreamy.tours\/wp-content\/uploads\/2022\/02\/HUACACHINA-ICA.jpg","series_order":"","_links":{"self":[{"href":"https:\/\/dreamy.tours\/pt-br\/wp-json\/wp\/v2\/pages\/19980","targetHints":{"allow":["GET"]}}],"collection":[{"href":"https:\/\/dreamy.tours\/pt-br\/wp-json\/wp\/v2\/pages"}],"about":[{"href":"https:\/\/dreamy.tours\/pt-br\/wp-json\/wp\/v2\/types\/page"}],"author":[{"embeddable":true,"href":"https:\/\/dreamy.tours\/pt-br\/wp-json\/wp\/v2\/users\/4"}],"replies":[{"embeddable":true,"href":"https:\/\/dreamy.tours\/pt-br\/wp-json\/wp\/v2\/comments?post=19980"}],"version-history":[{"count":0,"href":"https:\/\/dreamy.tours\/pt-br\/wp-json\/wp\/v2\/pages\/19980\/revisions"}],"wp:featuredmedia":[{"embeddable":true,"href":"https:\/\/dreamy.tours\/pt-br\/wp-json\/wp\/v2\/media\/20258"}],"wp:attachment":[{"href":"https:\/\/dreamy.tours\/pt-br\/wp-json\/wp\/v2\/media?parent=19980"}],"curies":[{"name":"wp","href":"https:\/\/api.w.org\/{rel}","templated":true}]}}