{"id":19977,"date":"2022-02-23T10:07:17","date_gmt":"2022-02-23T15:07:17","guid":{"rendered":"https:\/\/dreamy.tours\/travel-guide-puno\/"},"modified":"2025-01-21T16:06:54","modified_gmt":"2025-01-21T21:06:54","slug":"guia-de-viagem-puno","status":"publish","type":"page","link":"https:\/\/dreamy.tours\/pt-br\/guia-de-viagem-puno\/","title":{"rendered":"GUIA DE VIAGEM PUNO"},"content":{"rendered":"\n<h2 class=\"wp-block-heading\">CIDADE DE PUNO<\/h2>\n\n\n\n<p>A cidade de Puno \u00e9 um lugar cheio de atrac\u00e7\u00f5es como a casa do Lago Titicaca, de onde a lenda conta que as crian\u00e7as do Sol, Manco Capac e Mama Ocllo, emergiram das suas \u00e1guas e fundaram o Imp\u00e9rio Inca.<\/p>\n\n\n\n<p>A hist\u00f3ria da cidade de Puno est\u00e1 relacionada com a do antigo Peru.&nbsp; A cidade de Puno e o lago Titicaca s\u00e3o destinos que podem ser visitados durante todo o ano, tem s\u00edtios arqueol\u00f3gicos pr\u00e9-hisp\u00e2nicos de constru\u00e7\u00f5es circulares chamadas chullpas desde a sua origem.<\/p>\n\n\n\n<figure class=\"wp-block-gallery has-nested-images columns-default is-cropped wp-block-gallery-1 is-layout-flex wp-block-gallery-is-layout-flex\">\n<figure class=\"wp-block-image size-large\"><img decoding=\"async\" width=\"480\" height=\"600\" data-id=\"19585\" src=\"https:\/\/dreamy.tours\/wp-content\/uploads\/2022\/02\/puno-dreamy-to.jpg\" alt=\"\" class=\"wp-image-19585\"\/><\/figure>\n\n\n\n<figure class=\"wp-block-image size-large\"><img decoding=\"async\" width=\"850\" height=\"903\" data-id=\"19582\" src=\"https:\/\/dreamy.tours\/wp-content\/uploads\/2022\/02\/puno-22.jpg\" alt=\"\" class=\"wp-image-19582\" srcset=\"https:\/\/dreamy.tours\/wp-content\/uploads\/2022\/02\/puno-22.jpg 850w, https:\/\/dreamy.tours\/wp-content\/uploads\/2022\/02\/puno-22-768x816.jpg 768w\" sizes=\"(max-width: 850px) 100vw, 850px\" \/><\/figure>\n\n\n\n<figure class=\"wp-block-image size-large\"><img decoding=\"async\" width=\"640\" height=\"640\" data-id=\"19579\" src=\"https:\/\/dreamy.tours\/wp-content\/uploads\/2022\/02\/lago-titicaca-puno.jpg\" alt=\"\" class=\"wp-image-19579\"\/><\/figure>\n<\/figure>\n\n\n\n<div class=\"wp-block-ps2id-block-target\" id=\"localiza\u00e7\u00e3o\"><\/div>\n\n\n\n<h3 class=\"wp-block-heading\">LOCALIZA\u00c7\u00c3O<\/h3>\n\n\n\n<p>The department of Puno is located in the southeast of the country, bordering the cities of Arequipa and O departamento de Puno est\u00e1 localizado no sudeste do pa\u00eds, fazendo fronteira com as cidades de Arequipa e Cusco. \u00c9 o quinto maior departamento, depois de Loreto.<\/p>\n\n\n\n<div class=\"wp-block-ps2id-block-target\" id=\"como-chegar\"><\/div>\n\n\n\n<h3 class=\"wp-block-heading\">COMO CHEGAR AO PUNO?<\/h3>\n\n\n\n<p>Aqui damos-lhe as duas op\u00e7\u00f5es de como chegar a Puno:<\/p>\n\n\n\n<ul class=\"wp-block-list\">\n<li><strong>Por terra. \u2013 Para chegar a esta cidade devemos saber que Puno est\u00e1 ligado a Arequipa, Cusco e Moquegua, a partir da cidade de Lima chega-se com uma escala a Arequipa onde a viagem demora aproximadamente 17 horas.<\/strong><\/li>\n\n\n\n<li><strong>Por via a\u00e9rea. \u2013 Puno tem um aeroporto internacional chamado Inca Manco Capac, localizado em Juliaca, que recebe voos de Lima, Cusco e Arequipa. O aeroporto fica a pouco mais de uma hora de Puno.<\/strong><\/li>\n\n\n\n<li><strong>Por caminho-de-ferro. \u2013 \u00c9 uma das rotas mais marcantes, onde se pode viver uma bela experi\u00eancia devido \u00e0s suas paisagens durante toda a viagem da cidade de Cusco a Puno, com uma viagem de aproximadamente 10 horas.\u00a0<\/strong><\/li>\n<\/ul>\n\n\n\n<div class=\"wp-block-ps2id-block-target\" id=\"moeda\"><\/div>\n\n\n\n<h3 class=\"wp-block-heading\">MOEDA<\/h3>\n\n\n\n<p>Sol ( S\/ ). \u00e9 a moeda oficial do Peru.<\/p>\n\n\n\n<div class=\"wp-block-ps2id-block-target\" id=\"clima\"><\/div>\n\n\n\n<h3 class=\"wp-block-heading\">CLIMA<\/h3>\n\n\n\n<p>O clima da cidade de Puno \u00e9 frio e seco, com uma esta\u00e7\u00e3o chuvosa de 4 meses. A temperatura m\u00e9dia \u00e9 de 9\u00b0C, com dias quentes de 24\u00b0C e noites frias com temperaturas de 2 a 3\u00b0C.<\/p>\n\n\n\n<div class=\"wp-block-ps2id-block-target\" id=\"transporte\"><\/div>\n\n\n\n<h3 class=\"wp-block-heading\">TRANSPORTE<\/h3>\n\n\n\n<p>Public transport Os transportes p\u00fablicos na cidade de Puno incluem autocarros, t\u00e1xis, el\u00e9ctricos, comboios, caminhos-de-ferro suburbanos e bicicletas.<\/p>\n\n\n\n<div class=\"wp-block-ps2id-block-target\" id=\"acomoda\u00e7\u00e3o\"><\/div>\n\n\n\n<h3 class=\"wp-block-heading\">ACOMODA\u00c7\u00c3O<\/h3>\n\n\n\n<p>Aqui ter\u00e1 duas op\u00e7\u00f5es, ficar num hotel na cidade com todo o conforto e servi\u00e7os electr\u00f3nicos, ou num alojamento nos campos que s\u00e3o geralmente r\u00fasticos.<\/p>\n\n\n\n<div class=\"wp-block-ps2id-block-target\" id=\"o-que-fazer\"><\/div>\n\n\n\n<h3 class=\"wp-block-heading\">O QUE FAZER EM PUNO<\/h3>\n\n\n\n<h3 class=\"wp-block-heading\">1.- Pra\u00e7a de Armas e Catedral de Puno<\/h3>\n\n\n\n<h3 class=\"wp-block-heading\">1.- Pra\u00e7a de Armas e Catedral de Puno<\/h3>\n\n\n\n<p>A Catedral de Puno est\u00e1 situada na Plaza de Armas, que foi constru\u00edda sobre um lugar cerimonial \u201cSupay Kancha\u201d, que significa o c\u00edrculo do Diabo. O interior da fachada da catedral \u00e9 feito de prata e cont\u00e9m pinturas magn\u00edficas da escola de Cuzco. Na cidade de Puno pode visitar os seguintes locais:&nbsp;&nbsp;<\/p>\n\n\n\n<ul class=\"wp-block-list\">\n<li>Os miradouros em redor da cidade e Kuntur Wasi ou Puma Uta que oferecem uma bela vista de Puno, Lago Titicaca e seus arredores.\u00a0<\/li>\n\n\n\n<li>O Pal\u00e1cio da Justi\u00e7a Puno, que \u00e9 um edif\u00edcio de dois andares com uma fachada bege e decora\u00e7\u00f5es vermelhas.<\/li>\n\n\n\n<li>A igreja de San Juan Bautista, que cont\u00e9m a imagem da santa padroeira Virgen de la Candelaria, e tem tr\u00eas altares.<\/li>\n\n\n\n<li>Museu L\u00edtico de Pukara, que no seu interior alberga cer\u00e2mica, esculturas como mon\u00f3litos, estelas e figuras zoom\u00f3rficas, a escultura que se destaca \u00e9 a de Hatun\u00f1aqac.<\/li>\n<\/ul>\n\n\n\n<h3 class=\"wp-block-heading\">2.- Ilhas flutuantes Uros<\/h3>\n\n\n\n<p>The island of Uros is a totora reed platform, built with reed called totora that grows on the surface of Lake Titicaca. It is one of the artificial floating islands, its inhabitants are called the Uros, an ancestral people currently concentrated on the Collao plateau and in Peru. The floating islands are located in the bay of PA ilha de Uros \u00e9 uma plataforma de palhetas totora, constru\u00edda com palhetas chamadas totora que crescem na superf\u00edcie do Lago Titicaca. \u00c9 uma das ilhas flutuantes artificiais, os seus habitantes s\u00e3o chamados os Uros, um povo ancestral actualmente concentrado no planalto de Collao e no Peru. As ilhas flutuantes est\u00e3o situadas na ba\u00eda de Puno.<\/p>\n\n\n\n<figure class=\"wp-block-gallery has-nested-images columns-default is-cropped wp-block-gallery-2 is-layout-flex wp-block-gallery-is-layout-flex\">\n<figure class=\"wp-block-image size-large\"><img decoding=\"async\" width=\"640\" height=\"389\" data-id=\"19594\" src=\"https:\/\/dreamy.tours\/wp-content\/uploads\/2022\/02\/isla-uros-dreamy.jpg\" alt=\"\" class=\"wp-image-19594\"\/><\/figure>\n\n\n\n<figure class=\"wp-block-image size-large\"><img decoding=\"async\" width=\"640\" height=\"399\" data-id=\"19588\" src=\"https:\/\/dreamy.tours\/wp-content\/uploads\/2022\/02\/la-isla-los-uros-dreamy.jpg\" alt=\"\" class=\"wp-image-19588\"\/><\/figure>\n\n\n\n<figure class=\"wp-block-image size-large\"><img decoding=\"async\" width=\"640\" height=\"399\" data-id=\"19591\" src=\"https:\/\/dreamy.tours\/wp-content\/uploads\/2022\/02\/los-uros-isal.jpg\" alt=\"\" class=\"wp-image-19591\"\/><\/figure>\n<\/figure>\n\n\n\n<h3 class=\"wp-block-heading\">3.- Ilhas Taquile e Amantani<\/h3>\n\n\n\n<p>The islands are a surface of land located on Lake Titicaca, whose inhabitants are basically dedicated to As ilhas s\u00e3o uma superf\u00edcie de terra localizada no Lago Titicaca, cujos habitantes s\u00e3o basicamente dedicados \u00e0 agricultura.<\/p>\n\n\n\n<ul class=\"wp-block-list\">\n<li>Ilha Taquile. \u2013 localizada no Lago Titicaca com uma \u00e1rea de 5,72 km, habitada por fam\u00edlias Quechua, que se dedicam principalmente \u00e0 agricultura e \u00e0 pesca enquanto as mulheres se dedicam \u00e0 tecelagem. A ilha de Taquile est\u00e1 situada a 35 km, a 3 horas de barco do porto da cidade de Puno.<\/li>\n\n\n\n<li>Ilha Amantani \u2013 Est\u00e1 localizada no Lago Titicaca e os seus habitantes s\u00e3o aymaras que trabalham basicamente na agricultura.\u00a0 Est\u00e3o concentrados na aldeia de Amantani. Tal como em Taquile, os habitantes oferecem um turismo experimental nas comunidades nativas.<\/li>\n<\/ul>\n\n\n\n<figure class=\"wp-block-gallery has-nested-images columns-default is-cropped wp-block-gallery-3 is-layout-flex wp-block-gallery-is-layout-flex\">\n<figure class=\"wp-block-image size-large\"><img decoding=\"async\" width=\"480\" height=\"600\" data-id=\"19600\" src=\"https:\/\/dreamy.tours\/wp-content\/uploads\/2022\/02\/ISLA-TAQUILE-DPERU.jpg\" alt=\"\" class=\"wp-image-19600\"\/><\/figure>\n\n\n\n<figure class=\"wp-block-image size-large\"><img decoding=\"async\" width=\"640\" height=\"692\" data-id=\"19597\" src=\"https:\/\/dreamy.tours\/wp-content\/uploads\/2022\/02\/taquile-punp.jpg\" alt=\"\" class=\"wp-image-19597\"\/><\/figure>\n\n\n\n<figure class=\"wp-block-image size-large\"><img decoding=\"async\" width=\"480\" height=\"600\" data-id=\"19603\" src=\"https:\/\/dreamy.tours\/wp-content\/uploads\/2022\/02\/isla-Amantani-dreamy-t.jpg\" alt=\"\" class=\"wp-image-19603\"\/><\/figure>\n<\/figure>\n\n\n\n<h3 class=\"wp-block-heading\">4.- Chullpas de Sillustani.<\/h3>\n\n\n\n<p>As chullpas est\u00e3o localizadas a 34 quil\u00f3metros de Puno, na lagoa de Umayo. Sillustani tem cerca de 90 chullpas com a forma de um cone invertido. De acordo com a hist\u00f3ria contam que os cad\u00e1veres antes de serem colocados nos t\u00famulos, estes foram mumificados em posi\u00e7\u00e3o fetal, que eram os representantes m\u00e1ximos do imp\u00e9rio Inca.<\/p>\n\n\n\n<figure class=\"wp-block-gallery has-nested-images columns-default is-cropped wp-block-gallery-4 is-layout-flex wp-block-gallery-is-layout-flex\">\n<figure class=\"wp-block-image size-large\"><img decoding=\"async\" width=\"480\" height=\"600\" data-id=\"19606\" src=\"https:\/\/dreamy.tours\/wp-content\/uploads\/2022\/02\/sillustani-puno-d.jpg\" alt=\"\" class=\"wp-image-19606\"\/><\/figure>\n\n\n\n<figure class=\"wp-block-image size-large\"><img decoding=\"async\" width=\"640\" height=\"800\" data-id=\"19608\" src=\"https:\/\/dreamy.tours\/wp-content\/uploads\/2022\/02\/sillustani-dreamy.jpg\" alt=\"\" class=\"wp-image-19608\"\/><\/figure>\n\n\n\n<figure class=\"wp-block-image size-large\"><img decoding=\"async\" width=\"1080\" height=\"1080\" data-id=\"19612\" src=\"https:\/\/dreamy.tours\/wp-content\/uploads\/2022\/02\/chullpas-de-sillustani-juliaca-puno.jpg\" alt=\"\" class=\"wp-image-19612\" srcset=\"https:\/\/dreamy.tours\/wp-content\/uploads\/2022\/02\/chullpas-de-sillustani-juliaca-puno.jpg 1080w, https:\/\/dreamy.tours\/wp-content\/uploads\/2022\/02\/chullpas-de-sillustani-juliaca-puno-768x768.jpg 768w\" sizes=\"(max-width: 1080px) 100vw, 1080px\" \/><\/figure>\n<\/figure>\n\n\n\n<h3 class=\"wp-block-heading\">5.- Ilha do Sol<\/h3>\n\n\n\n<p>TA Ilha do Sol est\u00e1 localizada na cidade de Copacabana, a cerca de tr\u00eas horas de Puno. Os locais recomendados a visitar s\u00e3o as ru\u00ednas de Challa, o templo de Pilcocaina, e pode visitar a cidade submersa.&nbsp;&nbsp; E muitos outros s\u00edtios interessantes, dos quais ir\u00e1 levar uma valiosa recorda\u00e7\u00e3o hist\u00f3rica.<\/p>\n\n\n\n<figure class=\"wp-block-gallery has-nested-images columns-default is-cropped wp-block-gallery-5 is-layout-flex wp-block-gallery-is-layout-flex\">\n<figure class=\"wp-block-image size-large\"><img decoding=\"async\" width=\"800\" height=\"600\" data-id=\"19307\" src=\"https:\/\/dreamy.tours\/wp-content\/uploads\/2022\/02\/isla-del-sol-puno.jpg\" alt=\"\" class=\"wp-image-19307\" srcset=\"https:\/\/dreamy.tours\/wp-content\/uploads\/2022\/02\/isla-del-sol-puno.jpg 800w, https:\/\/dreamy.tours\/wp-content\/uploads\/2022\/02\/isla-del-sol-puno-768x576.jpg 768w\" sizes=\"(max-width: 800px) 100vw, 800px\" \/><\/figure>\n\n\n\n<figure class=\"wp-block-image size-large\"><img decoding=\"async\" width=\"800\" height=\"450\" data-id=\"19310\" src=\"https:\/\/dreamy.tours\/wp-content\/uploads\/2022\/02\/isla-del-sol-puno-2.jpg\" alt=\"\" class=\"wp-image-19310\" srcset=\"https:\/\/dreamy.tours\/wp-content\/uploads\/2022\/02\/isla-del-sol-puno-2.jpg 800w, https:\/\/dreamy.tours\/wp-content\/uploads\/2022\/02\/isla-del-sol-puno-2-768x432.jpg 768w\" sizes=\"(max-width: 800px) 100vw, 800px\" \/><\/figure>\n\n\n\n<figure class=\"wp-block-image size-large\"><img decoding=\"async\" width=\"800\" height=\"530\" data-id=\"19313\" src=\"https:\/\/dreamy.tours\/wp-content\/uploads\/2022\/02\/isla-del-sol-puno-1.jpg\" alt=\"\" class=\"wp-image-19313\" srcset=\"https:\/\/dreamy.tours\/wp-content\/uploads\/2022\/02\/isla-del-sol-puno-1.jpg 800w, https:\/\/dreamy.tours\/wp-content\/uploads\/2022\/02\/isla-del-sol-puno-1-768x509.jpg 768w, https:\/\/dreamy.tours\/wp-content\/uploads\/2022\/02\/isla-del-sol-puno-1-300x200.jpg 300w\" sizes=\"(max-width: 800px) 100vw, 800px\" \/><\/figure>\n<\/figure>\n","protected":false},"excerpt":{"rendered":"<p>CIDADE DE PUNO A cidade de Puno \u00e9 um lugar cheio de atrac\u00e7\u00f5es como a casa do Lago Titicaca, de onde a lenda conta que as crian\u00e7as do Sol, Manco Ca&#8230;<\/p>\n","protected":false},"author":4,"featured_media":20254,"parent":0,"menu_order":0,"comment_status":"closed","ping_status":"closed","template":"page-guides.php","meta":{"_acf_changed":false,"advgb_blocks_editor_width":"","advgb_blocks_columns_visual_guide":"","footnotes":""},"class_list":["post-19977","page","type-page","status-publish","has-post-thumbnail","hentry"],"acf":[],"yoast_head":"<!-- This site is optimized with the Yoast SEO Premium plugin v25.4 (Yoast SEO v27.4) - https:\/\/yoast.com\/product\/yoast-seo-premium-wordpress\/ -->\n<title>Guia de Viagem Puno - Dreamy Tours<\/title>\n<meta name=\"description\" content=\"Puno tem muito a oferecer, da rica gastronomia \u00e0 cultura vibrante. Visite a Ilha de Uros, Amatani, Taquile e muito mais.\" \/>\n<meta name=\"robots\" content=\"index, follow, max-snippet:-1, max-image-preview:large, max-video-preview:-1\" \/>\n<link rel=\"canonical\" href=\"https:\/\/dreamy.tours\/pt-br\/guia-de-viagem-puno\/\" \/>\n<meta property=\"og:locale\" content=\"pt_BR\" \/>\n<meta property=\"og:type\" content=\"article\" \/>\n<meta property=\"og:title\" content=\"GUIA DE VIAGEM PUNO\" \/>\n<meta property=\"og:description\" content=\"Puno tem muito a oferecer, da rica gastronomia \u00e0 cultura vibrante. Visite a Ilha de Uros, Amatani, Taquile e muito mais.\" \/>\n<meta property=\"og:url\" content=\"https:\/\/dreamy.tours\/pt-br\/guia-de-viagem-puno\/\" \/>\n<meta property=\"og:site_name\" content=\"Dreamy Tours\" \/>\n<meta property=\"article:publisher\" content=\"https:\/\/www.facebook.com\/dreamytours\" \/>\n<meta property=\"article:modified_time\" content=\"2025-01-21T21:06:54+00:00\" \/>\n<meta property=\"og:image\" content=\"https:\/\/dreamy.tours\/wp-content\/uploads\/2022\/02\/puno.jpg\" \/>\n\t<meta property=\"og:image:width\" content=\"2000\" \/>\n\t<meta property=\"og:image:height\" content=\"400\" \/>\n\t<meta property=\"og:image:type\" content=\"image\/jpeg\" \/>\n<meta name=\"twitter:card\" content=\"summary_large_image\" \/>\n<meta name=\"twitter:site\" content=\"@Dreamy_tours\" \/>\n<meta name=\"twitter:label1\" content=\"Est. tempo de leitura\" \/>\n\t<meta name=\"twitter:data1\" content=\"7 minutos\" \/>\n<script type=\"application\/ld+json\" class=\"yoast-schema-graph\">{\"@context\":\"https:\\\/\\\/schema.org\",\"@graph\":[{\"@type\":\"WebPage\",\"@id\":\"https:\\\/\\\/dreamy.tours\\\/pt-br\\\/guia-de-viagem-puno\\\/\",\"url\":\"https:\\\/\\\/dreamy.tours\\\/pt-br\\\/guia-de-viagem-puno\\\/\",\"name\":\"Guia de Viagem Puno - Dreamy Tours\",\"isPartOf\":{\"@id\":\"https:\\\/\\\/dreamy.tours\\\/pt-br\\\/#website\"},\"primaryImageOfPage\":{\"@id\":\"https:\\\/\\\/dreamy.tours\\\/pt-br\\\/guia-de-viagem-puno\\\/#primaryimage\"},\"image\":{\"@id\":\"https:\\\/\\\/dreamy.tours\\\/pt-br\\\/guia-de-viagem-puno\\\/#primaryimage\"},\"thumbnailUrl\":\"https:\\\/\\\/dreamy.tours\\\/wp-content\\\/uploads\\\/2022\\\/02\\\/puno.jpg\",\"datePublished\":\"2022-02-23T15:07:17+00:00\",\"dateModified\":\"2025-01-21T21:06:54+00:00\",\"description\":\"Puno tem muito a oferecer, da rica gastronomia \u00e0 cultura vibrante. Visite a Ilha de Uros, Amatani, Taquile e muito mais.\",\"breadcrumb\":{\"@id\":\"https:\\\/\\\/dreamy.tours\\\/pt-br\\\/guia-de-viagem-puno\\\/#breadcrumb\"},\"inLanguage\":\"pt-BR\",\"potentialAction\":[{\"@type\":\"ReadAction\",\"target\":[\"https:\\\/\\\/dreamy.tours\\\/pt-br\\\/guia-de-viagem-puno\\\/\"]}]},{\"@type\":\"ImageObject\",\"inLanguage\":\"pt-BR\",\"@id\":\"https:\\\/\\\/dreamy.tours\\\/pt-br\\\/guia-de-viagem-puno\\\/#primaryimage\",\"url\":\"https:\\\/\\\/dreamy.tours\\\/wp-content\\\/uploads\\\/2022\\\/02\\\/puno.jpg\",\"contentUrl\":\"https:\\\/\\\/dreamy.tours\\\/wp-content\\\/uploads\\\/2022\\\/02\\\/puno.jpg\",\"width\":2000,\"height\":400},{\"@type\":\"BreadcrumbList\",\"@id\":\"https:\\\/\\\/dreamy.tours\\\/pt-br\\\/guia-de-viagem-puno\\\/#breadcrumb\",\"itemListElement\":[{\"@type\":\"ListItem\",\"position\":1,\"name\":\"Home\",\"item\":\"https:\\\/\\\/dreamy.tours\\\/pt-br\\\/\"},{\"@type\":\"ListItem\",\"position\":2,\"name\":\"GUIA DE VIAGEM PUNO\"}]},{\"@type\":\"WebSite\",\"@id\":\"https:\\\/\\\/dreamy.tours\\\/pt-br\\\/#website\",\"url\":\"https:\\\/\\\/dreamy.tours\\\/pt-br\\\/\",\"name\":\"Dreamy Tours\",\"description\":\"\",\"publisher\":{\"@id\":\"https:\\\/\\\/dreamy.tours\\\/pt-br\\\/#organization\"},\"potentialAction\":[{\"@type\":\"SearchAction\",\"target\":{\"@type\":\"EntryPoint\",\"urlTemplate\":\"https:\\\/\\\/dreamy.tours\\\/pt-br\\\/?s={search_term_string}\"},\"query-input\":{\"@type\":\"PropertyValueSpecification\",\"valueRequired\":true,\"valueName\":\"search_term_string\"}}],\"inLanguage\":\"pt-BR\"},{\"@type\":\"Organization\",\"@id\":\"https:\\\/\\\/dreamy.tours\\\/pt-br\\\/#organization\",\"name\":\"Dreamy Tours\",\"url\":\"https:\\\/\\\/dreamy.tours\\\/pt-br\\\/\",\"logo\":{\"@type\":\"ImageObject\",\"inLanguage\":\"pt-BR\",\"@id\":\"https:\\\/\\\/dreamy.tours\\\/pt-br\\\/#\\\/schema\\\/logo\\\/image\\\/\",\"url\":\"https:\\\/\\\/dreamy.tours\\\/wp-content\\\/uploads\\\/dreamy-tour-cuadrado.jpg\",\"contentUrl\":\"https:\\\/\\\/dreamy.tours\\\/wp-content\\\/uploads\\\/dreamy-tour-cuadrado.jpg\",\"width\":696,\"height\":696,\"caption\":\"Dreamy Tours\"},\"image\":{\"@id\":\"https:\\\/\\\/dreamy.tours\\\/pt-br\\\/#\\\/schema\\\/logo\\\/image\\\/\"},\"sameAs\":[\"https:\\\/\\\/www.facebook.com\\\/dreamytours\",\"https:\\\/\\\/x.com\\\/Dreamy_tours\",\"https:\\\/\\\/www.instagram.com\\\/dreamy_tours\\\/\",\"https:\\\/\\\/www.pinterest.es\\\/dreamy_tours\\\/\",\"https:\\\/\\\/www.youtube.com\\\/channel\\\/UCGKP_C9x8GBYl7l8D0QD9Fg\"]}]}<\/script>\n<!-- \/ Yoast SEO Premium plugin. -->","yoast_head_json":{"title":"Guia de Viagem Puno - Dreamy Tours","description":"Puno tem muito a oferecer, da rica gastronomia \u00e0 cultura vibrante. Visite a Ilha de Uros, Amatani, Taquile e muito mais.","robots":{"index":"index","follow":"follow","max-snippet":"max-snippet:-1","max-image-preview":"max-image-preview:large","max-video-preview":"max-video-preview:-1"},"canonical":"https:\/\/dreamy.tours\/pt-br\/guia-de-viagem-puno\/","og_locale":"pt_BR","og_type":"article","og_title":"GUIA DE VIAGEM PUNO","og_description":"Puno tem muito a oferecer, da rica gastronomia \u00e0 cultura vibrante. Visite a Ilha de Uros, Amatani, Taquile e muito mais.","og_url":"https:\/\/dreamy.tours\/pt-br\/guia-de-viagem-puno\/","og_site_name":"Dreamy Tours","article_publisher":"https:\/\/www.facebook.com\/dreamytours","article_modified_time":"2025-01-21T21:06:54+00:00","og_image":[{"width":2000,"height":400,"url":"https:\/\/dreamy.tours\/wp-content\/uploads\/2022\/02\/puno.jpg","type":"image\/jpeg"}],"twitter_card":"summary_large_image","twitter_site":"@Dreamy_tours","twitter_misc":{"Est. tempo de leitura":"7 minutos"},"schema":{"@context":"https:\/\/schema.org","@graph":[{"@type":"WebPage","@id":"https:\/\/dreamy.tours\/pt-br\/guia-de-viagem-puno\/","url":"https:\/\/dreamy.tours\/pt-br\/guia-de-viagem-puno\/","name":"Guia de Viagem Puno - Dreamy Tours","isPartOf":{"@id":"https:\/\/dreamy.tours\/pt-br\/#website"},"primaryImageOfPage":{"@id":"https:\/\/dreamy.tours\/pt-br\/guia-de-viagem-puno\/#primaryimage"},"image":{"@id":"https:\/\/dreamy.tours\/pt-br\/guia-de-viagem-puno\/#primaryimage"},"thumbnailUrl":"https:\/\/dreamy.tours\/wp-content\/uploads\/2022\/02\/puno.jpg","datePublished":"2022-02-23T15:07:17+00:00","dateModified":"2025-01-21T21:06:54+00:00","description":"Puno tem muito a oferecer, da rica gastronomia \u00e0 cultura vibrante. Visite a Ilha de Uros, Amatani, Taquile e muito mais.","breadcrumb":{"@id":"https:\/\/dreamy.tours\/pt-br\/guia-de-viagem-puno\/#breadcrumb"},"inLanguage":"pt-BR","potentialAction":[{"@type":"ReadAction","target":["https:\/\/dreamy.tours\/pt-br\/guia-de-viagem-puno\/"]}]},{"@type":"ImageObject","inLanguage":"pt-BR","@id":"https:\/\/dreamy.tours\/pt-br\/guia-de-viagem-puno\/#primaryimage","url":"https:\/\/dreamy.tours\/wp-content\/uploads\/2022\/02\/puno.jpg","contentUrl":"https:\/\/dreamy.tours\/wp-content\/uploads\/2022\/02\/puno.jpg","width":2000,"height":400},{"@type":"BreadcrumbList","@id":"https:\/\/dreamy.tours\/pt-br\/guia-de-viagem-puno\/#breadcrumb","itemListElement":[{"@type":"ListItem","position":1,"name":"Home","item":"https:\/\/dreamy.tours\/pt-br\/"},{"@type":"ListItem","position":2,"name":"GUIA DE VIAGEM PUNO"}]},{"@type":"WebSite","@id":"https:\/\/dreamy.tours\/pt-br\/#website","url":"https:\/\/dreamy.tours\/pt-br\/","name":"Dreamy Tours","description":"","publisher":{"@id":"https:\/\/dreamy.tours\/pt-br\/#organization"},"potentialAction":[{"@type":"SearchAction","target":{"@type":"EntryPoint","urlTemplate":"https:\/\/dreamy.tours\/pt-br\/?s={search_term_string}"},"query-input":{"@type":"PropertyValueSpecification","valueRequired":true,"valueName":"search_term_string"}}],"inLanguage":"pt-BR"},{"@type":"Organization","@id":"https:\/\/dreamy.tours\/pt-br\/#organization","name":"Dreamy Tours","url":"https:\/\/dreamy.tours\/pt-br\/","logo":{"@type":"ImageObject","inLanguage":"pt-BR","@id":"https:\/\/dreamy.tours\/pt-br\/#\/schema\/logo\/image\/","url":"https:\/\/dreamy.tours\/wp-content\/uploads\/dreamy-tour-cuadrado.jpg","contentUrl":"https:\/\/dreamy.tours\/wp-content\/uploads\/dreamy-tour-cuadrado.jpg","width":696,"height":696,"caption":"Dreamy Tours"},"image":{"@id":"https:\/\/dreamy.tours\/pt-br\/#\/schema\/logo\/image\/"},"sameAs":["https:\/\/www.facebook.com\/dreamytours","https:\/\/x.com\/Dreamy_tours","https:\/\/www.instagram.com\/dreamy_tours\/","https:\/\/www.pinterest.es\/dreamy_tours\/","https:\/\/www.youtube.com\/channel\/UCGKP_C9x8GBYl7l8D0QD9Fg"]}]}},"coauthors":[],"author_meta":{"author_link":"https:\/\/dreamy.tours\/pt-br\/blog\/author\/dreamy_upt\/","display_name":"Bento J."},"relative_dates":{"created":"Publicado 4 anos atr\u00e1s","modified":"Atualizado 1 ano atr\u00e1s"},"absolute_dates":{"created":"Publicado em 23 fevereiro, 2022","modified":"Atualizado em 21 janeiro, 2025"},"absolute_dates_time":{"created":"Publicado em 23 fevereiro, 2022 10:07 am","modified":"Atualizado em 21 janeiro, 2025 4:06 pm"},"featured_img_caption":"","featured_img":"https:\/\/dreamy.tours\/wp-content\/uploads\/2022\/02\/puno.jpg","series_order":"","_links":{"self":[{"href":"https:\/\/dreamy.tours\/pt-br\/wp-json\/wp\/v2\/pages\/19977","targetHints":{"allow":["GET"]}}],"collection":[{"href":"https:\/\/dreamy.tours\/pt-br\/wp-json\/wp\/v2\/pages"}],"about":[{"href":"https:\/\/dreamy.tours\/pt-br\/wp-json\/wp\/v2\/types\/page"}],"author":[{"embeddable":true,"href":"https:\/\/dreamy.tours\/pt-br\/wp-json\/wp\/v2\/users\/4"}],"replies":[{"embeddable":true,"href":"https:\/\/dreamy.tours\/pt-br\/wp-json\/wp\/v2\/comments?post=19977"}],"version-history":[{"count":0,"href":"https:\/\/dreamy.tours\/pt-br\/wp-json\/wp\/v2\/pages\/19977\/revisions"}],"wp:featuredmedia":[{"embeddable":true,"href":"https:\/\/dreamy.tours\/pt-br\/wp-json\/wp\/v2\/media\/20254"}],"wp:attachment":[{"href":"https:\/\/dreamy.tours\/pt-br\/wp-json\/wp\/v2\/media?parent=19977"}],"curies":[{"name":"wp","href":"https:\/\/api.w.org\/{rel}","templated":true}]}}