{"id":19969,"date":"2022-02-23T10:05:44","date_gmt":"2022-02-23T15:05:44","guid":{"rendered":"https:\/\/dreamy.tours\/travel-guide-arequipa\/"},"modified":"2025-05-27T17:57:26","modified_gmt":"2025-05-27T22:57:26","slug":"guia-de-viagem-a-arequipa","status":"publish","type":"page","link":"https:\/\/dreamy.tours\/pt-br\/guia-de-viagem-a-arequipa\/","title":{"rendered":"GUIA DE VIAGEM A AREQUIPA"},"content":{"rendered":"\n<h2 class=\"wp-block-heading\">CIDADE DE AREQUIPA<\/h2>\n\n\n\n<p>A cidade de Arequipa \u00e9 a cidade mais povoada depois de Lima, \u00e9 conhecida como a cidade branca de Arequipa, que est\u00e1 escondida na aldeia de Nuestra Se\u00f1ora de la Asunta. Arequipa \u00e9 guardado pela atra\u00e7\u00e3o natural mais imponente, o Vulc\u00e3o Misti.&nbsp; Em Arequipa pode praticar trekking, alpinismo, canoagem ou BTT no Vale do Colca, o Canyon do Colca \u00e9 um dos mais profundos do mundo, onde se pode apreciar o rei dos c\u00e9us dos Andes peruanos, &#8220;The Majestic Condor&#8221;.<\/p>\n\n\n\n<figure class=\"wp-block-gallery has-nested-images columns-default is-cropped wp-block-gallery-1 is-layout-flex wp-block-gallery-is-layout-flex\">\n<figure class=\"wp-block-image size-large\"><img decoding=\"async\" width=\"640\" height=\"795\" data-id=\"19827\" src=\"https:\/\/dreamy.tours\/wp-content\/uploads\/2022\/02\/arequipa-peru-dreamy.jpg\" alt=\"\" class=\"wp-image-19827\"\/><\/figure>\n\n\n\n<figure class=\"wp-block-image size-large\"><img decoding=\"async\" width=\"480\" height=\"600\" data-id=\"19821\" src=\"https:\/\/dreamy.tours\/wp-content\/uploads\/2022\/02\/monasterio-de-santa-catalina-arequipa-2.jpg\" alt=\"\" class=\"wp-image-19821\"\/><\/figure>\n\n\n\n<figure class=\"wp-block-image size-large\"><img decoding=\"async\" width=\"480\" height=\"600\" data-id=\"19824\" src=\"https:\/\/dreamy.tours\/wp-content\/uploads\/2022\/02\/arequipa-deperu.jpg\" alt=\"\" class=\"wp-image-19824\"\/><\/figure>\n<\/figure>\n\n\n\n<div class=\"wp-block-ps2id-block-target\" id=\"localiza\u00e7\u00e3o\"><\/div>\n\n\n\n<h3 class=\"wp-block-heading\">LOCALIZA\u00c7\u00c3O<\/h3>\n\n\n\n<p>Arequipa est\u00e1 localizada no Sudeste do Peru, a uma altitude de 2.332 m.a.s.l., Arequipa faz fronteira a leste com os departamentos de Puno e Moquegua. Ao norte com os departamentos de Ica, Ayacucho, Apur\u00edmac e Cusco.&nbsp;&nbsp;&nbsp;<\/p>\n\n\n\n<div class=\"wp-block-ps2id-block-target\" id=\"como-chegar\"><\/div>\n\n\n\n<h3 class=\"wp-block-heading\">COMO CHEGAR A AREQUIPA?<\/h3>\n\n\n\n<p>Aqui damos-lhe as duas op\u00e7\u00f5es de como chegar a Arequipa.<\/p>\n\n\n\n<ul class=\"wp-block-list\">\n<li>Por via a\u00e9rea. \u2013 A cidade de Arequipa tem o aeroporto FAP Alfredo Rodriguez Ballon, onde h\u00e1 voos di\u00e1rios a partir de Lima, Cusco e Juliaca (Puno).&nbsp;<\/li>\n\n\n\n<li>Por terra. \u2013 Arequipa est\u00e1 ligada ao sul do Peru atrav\u00e9s da Estrada Panamericana do Sul (N1), que vai para sul at\u00e9 Tacna e Chile. A dist\u00e2ncia de Lima a Arequipa por terra \u00e9 de aproximadamente 15 horas.<\/li>\n<\/ul>\n\n\n\n<div class=\"wp-block-ps2id-block-target\" id=\"moeda\"><\/div>\n\n\n\n<h3 class=\"wp-block-heading\">MOEDA<\/h3>\n\n\n\n<p>Sol ( S\/ ). \u00e9 a moeda oficial do Peru.<\/p>\n\n\n\n<div class=\"wp-block-ps2id-block-target\" id=\"clima\"><\/div>\n\n\n\n<h3 class=\"wp-block-heading\">CLIMA<\/h3>\n\n\n\n<p>O clima em Arequipa tem ver\u00f5es curtos, \u00e1ridos e parcialmente nublados. Durante o ano, a temperatura varia geralmente de 9\u00b0C a 23\u00b0C e raramente desce abaixo de 7\u00b0C ou sobe acima de 25\u00b0C. A melhor \u00e9poca do ano para visitar Arequipa \u00e9 de princ\u00edpios de Abril a princ\u00edpios de Dezembro.<\/p>\n\n\n\n<div class=\"wp-block-ps2id-block-target\" id=\"transporte\"><\/div>\n\n\n\n<h3 class=\"wp-block-heading\">TRANSPORTE<\/h3>\n\n\n\n<p>O transporte \u00e9 constitu\u00eddo por v\u00e1rios sistemas. Os transportes p\u00fablicos em Arequipa consistem em autocarros, autocarros e t\u00e1xis.<\/p>\n\n\n\n<div class=\"wp-block-ps2id-block-target\" id=\"acomoda\u00e7\u00e3o\"><\/div>\n\n\n\n<h3 class=\"wp-block-heading\">ACOMODA\u00c7\u00c3O<\/h3>\n\n\n\n<p>A melhor zona para ficar em Arequipa \u00e9 o centro hist\u00f3rico da cidade. Onde se situa a Pra\u00e7a de Armas de Arequipa, junto \u00e0 Catedral de Arequipa.&nbsp;&nbsp;&nbsp;<\/p>\n\n\n\n<div class=\"wp-block-ps2id-block-target\" id=\"o-que-fazer\"><\/div>\n\n\n\n<h3 class=\"wp-block-heading\">O QUE FAZER EM AREQUIPA<\/h3>\n\n\n\n<h3 class=\"wp-block-heading\">1.-Plaza de Armas &#8211; Centro Hist\u00f3rico<\/h3>\n\n\n\n<p>A cidade de Arequipa, tem um centro hist\u00f3rico com edif\u00edcios de pedra vulc\u00e2nica branca, a Plaza de Armas \u00e9 rodeada por igrejas, museus, hot\u00e9is e restaurantes no terra\u00e7o, entre os quais se encontra o nosso terra\u00e7o.<\/p>\n\n\n\n<ul class=\"wp-block-list\">\n<li>O mosteiro de Santa Catalina. \u2013 O mosteiro tem paredes vermelhas, que eram geradas pelos pigmentos que estavam na moda na altura em que a decora\u00e7\u00e3o do convento era feita. Diz-se que em tempos antigos era um centro para freiras onde as ruas eram perfeitamente delimitadas, as freiras superiores viviam de um lado do convento enquanto as novi\u00e7as viviam do outro.<\/li>\n\n\n\n<li>A Catedral de Arequipa. \u2013 Dentro da Catedral de Arequipa, encontrar\u00e1 pe\u00e7as de ouro, ornamentos, pinturas e uma visita \u00e0 torre sineira da Catedral, de onde poder\u00e1 ver a cidade e os vulc\u00f5es.<\/li>\n\n\n\n<li>A igreja de La Compa\u00f1\u00eda. \u2013 A igreja foi constru\u00edda em 1578, que entrou em colapso no terramoto de 1582. Anos mais tarde come\u00e7ou a segunda constru\u00e7\u00e3o da igreja, com os mesmos planos que a primeira, ap\u00f3s o que teve mais dois colapsos e reconstru\u00e7\u00f5es, de modo que em 1960. Pelos jesu\u00edtas para fins religiosos, bem como para habita\u00e7\u00e3o.<\/li>\n\n\n\n<li>Complexo de S\u00e3o Francisco de As\u00eds. \u2013 Foi constru\u00eddo no s\u00e9culo XVI, est\u00e1 localizado perto da Plaza de Armas da Cidade Branca. Nas suas paredes exteriores encontram-se figuras da Imaculada Concei\u00e7\u00e3o, S\u00e3o Francisco de Asis e Santo Domingo de Guzman esculpidas em relevo.<\/li>\n\n\n\n<li>O museu dos Santu\u00e1rios Andinos e da M\u00famia Juanita. -O museu dos Santu\u00e1rios Andinos \u00e9 um dos principais museus da regi\u00e3o de Arequipa, que \u00e9 administrado pela Universidade Cat\u00f3lica Santa Maria. No qual \u00e9 encontrado o corpo de \u201cJuanita, a menina de Ampato\u201d, aquele que vem do Ampato nevado, cuja descoberta teve lugar entre 1993 -1994, encontrando-a com as suas oferendas e enxoval funer\u00e1rio.&nbsp;<\/li>\n<\/ul>\n\n\n\n<figure class=\"wp-block-gallery has-nested-images columns-default is-cropped wp-block-gallery-2 is-layout-flex wp-block-gallery-is-layout-flex\">\n<figure class=\"wp-block-image size-large\"><img decoding=\"async\" width=\"480\" height=\"599\" data-id=\"19837\" src=\"https:\/\/dreamy.tours\/wp-content\/uploads\/2022\/02\/plaza-de-armas-de-arequipa-2022.jpg\" alt=\"\" class=\"wp-image-19837\"\/><\/figure>\n\n\n\n<figure class=\"wp-block-image size-large\"><img decoding=\"async\" width=\"480\" height=\"600\" data-id=\"19834\" src=\"https:\/\/dreamy.tours\/wp-content\/uploads\/2022\/02\/catedral-basilica-de-santa-maria-arequipa.jpg\" alt=\"\" class=\"wp-image-19834\"\/><\/figure>\n\n\n\n<figure class=\"wp-block-image size-large\"><img decoding=\"async\" width=\"480\" height=\"600\" data-id=\"19840\" src=\"https:\/\/dreamy.tours\/wp-content\/uploads\/2022\/02\/catedral-de-arequipa-d.jpg\" alt=\"\" class=\"wp-image-19840\"\/><\/figure>\n<\/figure>\n\n\n\n<h3 class=\"wp-block-heading\">2.-Pontos de vista em Arequipa<\/h3>\n\n\n\n<p>The city has in its surroundings different amazing natural landscapes, imposing volcanoes and a beautiful aA cidade tem nas suas arredores paisagens naturais diferentes, vulc\u00f5es imponentes e uma bela arquitetura, por esta raz\u00e3o a exist\u00eancia dos miradouros em Arequipa. Entre as principais que temos.<\/p>\n\n\n\n<ul class=\"wp-block-list\">\n<li><strong>Ponto de vista de Yanahuara.-&nbsp;<\/strong>\u00c9 o ponto de vista mais conhecido de Arequipa est\u00e1 localizado no distrito de Yanahuara, de onde se tem uma vista privilegiada da cidade e do vulc\u00e3o Misti, a sua constru\u00e7\u00e3o tem 9 arcos que escreveram frases dedicadas \u00e0 cidade e aos Arequipe\u00f1os.&nbsp;<\/li>\n\n\n\n<li><strong>Ponto de vista Sachaca .-<\/strong>&nbsp;\u00c9 talvez a op\u00e7\u00e3o mais ideal para ver lugares bonitos como os 3 vulc\u00f5es que a cidade tem, El Misti, El Chachani e Pichu Pichu. O miradouro tem uma estrutura formada por cinco andares de uma colina.&nbsp;<\/li>\n\n\n\n<li><strong>Ponto de vista de La Rinconada. \u2013&nbsp;<\/strong>O miradouro La Rinconada, est\u00e1 situado na cidade de Carmen Alto, a 6 quil\u00f3metros da Pra\u00e7a de Armas de Arequipa, no local tamb\u00e9m pode ser cativado pela presen\u00e7a de Llamas e Alpacas.<\/li>\n\n\n\n<li><strong>Ponto de vista de Patapampa.-<\/strong>&nbsp;Neste ponto de vista poderemos observar e apreciar picos cobertos de neve como o Walka Walka, o Ampato e o Sabancaya. No local encontraremos tamb\u00e9m forma\u00e7\u00f5es rochosas conhecidas como apachetas.<\/li>\n<\/ul>\n\n\n\n<figure class=\"wp-block-gallery has-nested-images columns-default is-cropped wp-block-gallery-3 is-layout-flex wp-block-gallery-is-layout-flex\">\n<figure class=\"wp-block-image size-large\"><img decoding=\"async\" width=\"480\" height=\"600\" data-id=\"19852\" src=\"https:\/\/dreamy.tours\/wp-content\/uploads\/2022\/02\/mirador-de-yanahuara-arequipa.jpg\" alt=\"\" class=\"wp-image-19852\"\/><\/figure>\n\n\n\n<figure class=\"wp-block-image size-large\"><img decoding=\"async\" width=\"480\" height=\"600\" data-id=\"19849\" src=\"https:\/\/dreamy.tours\/wp-content\/uploads\/2022\/02\/mirador-de-yanahuara-dreamy-peru.jpg\" alt=\"\" class=\"wp-image-19849\"\/><\/figure>\n\n\n\n<figure class=\"wp-block-image size-large\"><img decoding=\"async\" width=\"640\" height=\"800\" data-id=\"19865\" src=\"https:\/\/dreamy.tours\/wp-content\/uploads\/2022\/02\/mirador-de-yanahuara-dreamy-tours-arequipa.jpg\" alt=\"\" class=\"wp-image-19865\"\/><\/figure>\n<\/figure>\n\n\n\n<h3 class=\"wp-block-heading\">3.- O Canyon de Colca<\/h3>\n\n\n\n<p>Est\u00e1 localizado no Vale do Colca, \u00e9 um dos lugares mais visitados da regi\u00e3o de Arequipa e Peru. No Canyon do Colca pode praticar trekking e rafting ou mountain bike, e pode ver a incr\u00edvel paisagem cheia de vegeta\u00e7\u00e3o, at\u00e9 chegar a um dos pontos mais altos do Colca, onde de um ponto de vista tur\u00edstico se esperam as apar\u00eancias dos majestosos condores, que s\u00e3o as maiores aves andinas do mundo.&nbsp;&nbsp;<\/p>\n\n\n\n<p>As aldeias de Sibayo, Yanque, Callalli e Coporaque est\u00e3o localizadas no Canyon de Colca. Estas aldeias t\u00eam costumes ancestrais, residentes amig\u00e1veis e um estilo de vida herdado dos seus antepassados.&nbsp; Oferecem alojamento nas suas casas, participam nas suas actividades culturais no turismo rural.<\/p>\n\n\n\n<figure class=\"wp-block-gallery has-nested-images columns-default is-cropped wp-block-gallery-4 is-layout-flex wp-block-gallery-is-layout-flex\">\n<figure class=\"wp-block-image size-large\"><img decoding=\"async\" width=\"480\" height=\"600\" data-id=\"19877\" src=\"https:\/\/dreamy.tours\/wp-content\/uploads\/2022\/02\/canon-de-colca-dreamy-t.jpg\" alt=\"\" class=\"wp-image-19877\"\/><\/figure>\n\n\n\n<figure class=\"wp-block-image size-large\"><img decoding=\"async\" width=\"480\" height=\"600\" data-id=\"19912\" src=\"https:\/\/dreamy.tours\/wp-content\/uploads\/2022\/02\/mirador-canon-de-colca-de-dp-1.jpg\" alt=\"\" class=\"wp-image-19912\"\/><\/figure>\n\n\n\n<figure class=\"wp-block-image size-large\"><img decoding=\"async\" width=\"640\" height=\"800\" data-id=\"19880\" src=\"https:\/\/dreamy.tours\/wp-content\/uploads\/2022\/02\/arequipa-canon-de-colca-ruta.jpg\" alt=\"\" class=\"wp-image-19880\"\/><\/figure>\n<\/figure>\n\n\n\n<h3 class=\"wp-block-heading\">4.- Escalada do Vulc\u00e3o Misti<\/h3>\n\n\n\n<p>\u00c9 o s\u00edmbolo mais popular da cidade de Arequipa, o resultado das erup\u00e7\u00f5es deste vulc\u00e3o \u00e9 o sillar, uma pedra de cor branca, que era usada nos tempos coloniais para construir casas e que d\u00e1 a este lugar o seu tom leve. Actualmente, o vulc\u00e3o Misti \u00e9 considerado como activo.&nbsp;<\/p>\n\n\n\n<figure class=\"wp-block-gallery has-nested-images columns-default is-cropped wp-block-gallery-5 is-layout-flex wp-block-gallery-is-layout-flex\">\n<figure class=\"wp-block-image size-large\"><img decoding=\"async\" width=\"960\" height=\"960\" data-id=\"19893\" src=\"https:\/\/dreamy.tours\/wp-content\/uploads\/2022\/02\/volcan-misti-dreamy-toud.jpg\" alt=\"\" class=\"wp-image-19893\" srcset=\"https:\/\/dreamy.tours\/wp-content\/uploads\/2022\/02\/volcan-misti-dreamy-toud.jpg 960w, https:\/\/dreamy.tours\/wp-content\/uploads\/2022\/02\/volcan-misti-dreamy-toud-768x768.jpg 768w\" sizes=\"(max-width: 960px) 100vw, 960px\" \/><\/figure>\n\n\n\n<figure class=\"wp-block-image size-large\"><img decoding=\"async\" width=\"480\" height=\"600\" data-id=\"19889\" src=\"https:\/\/dreamy.tours\/wp-content\/uploads\/2022\/02\/volcan-miste-dreamy.jpg\" alt=\"\" class=\"wp-image-19889\"\/><\/figure>\n\n\n\n<figure class=\"wp-block-image size-large\"><img decoding=\"async\" width=\"640\" height=\"515\" data-id=\"19888\" src=\"https:\/\/dreamy.tours\/wp-content\/uploads\/2022\/02\/volca-de-misti-d.jpg\" alt=\"\" class=\"wp-image-19888\"\/><\/figure>\n<\/figure>\n\n\n\n<h3 class=\"wp-block-heading\">5.- Reserva Nacional de Salina e Aguada Blanca<\/h3>\n\n\n\n<p>Foi criada em 1979 para a protec\u00e7\u00e3o das vicunhas. A \u00e1rea inclui v\u00e1rios vulc\u00f5es e montanhas cobertas de neve como Misti, Pichu Pichu, Chachani, Tacune e Ubinas, montanhas e lagoas incluindo a Lagoa de Salinas, que se caracteriza pelas suas \u00e1guas salobras e \u00e9 rodeada por turfeiras e p\u00e2ntanos.&nbsp;<\/p>\n\n\n\n<figure class=\"wp-block-gallery has-nested-images columns-default is-cropped wp-block-gallery-6 is-layout-flex wp-block-gallery-is-layout-flex\">\n<figure class=\"wp-block-image size-large\"><img decoding=\"async\" width=\"480\" height=\"599\" data-id=\"19897\" src=\"https:\/\/dreamy.tours\/wp-content\/uploads\/2022\/02\/laguna-salinas-arequipa-dre.jpg\" alt=\"\" class=\"wp-image-19897\"\/><\/figure>\n\n\n\n<figure class=\"wp-block-image size-large\"><img decoding=\"async\" width=\"640\" height=\"518\" data-id=\"19900\" src=\"https:\/\/dreamy.tours\/wp-content\/uploads\/2022\/02\/Laguna-Salinas-Arequipa.jpg\" alt=\"\" class=\"wp-image-19900\"\/><\/figure>\n\n\n\n<figure class=\"wp-block-image size-full\"><img decoding=\"async\" width=\"1080\" height=\"1080\" data-id=\"37171\" src=\"https:\/\/dreamy.tours\/wp-content\/uploads\/reserva-nacional-salinas-y-aguadas-canon-de-colca.webp\" alt=\"\" class=\"wp-image-37171\" srcset=\"https:\/\/dreamy.tours\/wp-content\/uploads\/reserva-nacional-salinas-y-aguadas-canon-de-colca.webp 1080w, https:\/\/dreamy.tours\/wp-content\/uploads\/reserva-nacional-salinas-y-aguadas-canon-de-colca-768x768.webp 768w, https:\/\/dreamy.tours\/wp-content\/uploads\/reserva-nacional-salinas-y-aguadas-canon-de-colca-500x500.webp 500w\" sizes=\"(max-width: 1080px) 100vw, 1080px\" \/><\/figure>\n<\/figure>\n","protected":false},"excerpt":{"rendered":"<p>CIDADE DE AREQUIPA A cidade de Arequipa \u00e9 a cidade mais povoada depois de Lima, \u00e9 conhecida como a cidade branca de Arequipa, que est\u00e1 escondida na&#8230;<\/p>\n","protected":false},"author":4,"featured_media":20249,"parent":0,"menu_order":0,"comment_status":"closed","ping_status":"closed","template":"page-guides.php","meta":{"_acf_changed":false,"advgb_blocks_editor_width":"","advgb_blocks_columns_visual_guide":"","footnotes":""},"class_list":["post-19969","page","type-page","status-publish","has-post-thumbnail","hentry"],"acf":[],"yoast_head":"<!-- This site is optimized with the Yoast SEO Premium plugin v25.4 (Yoast SEO v27.4) - https:\/\/yoast.com\/product\/yoast-seo-premium-wordpress\/ -->\n<title>Guia de viajem a Arequipa - Dreamy Tours<\/title>\n<meta name=\"description\" content=\"Na cidade de Arequipa \u00e9 conhecida como a cidade branca, que se esconde no povoado de Nuestra Se\u00f1ora de la Asunta.\" \/>\n<meta name=\"robots\" content=\"index, follow, max-snippet:-1, max-image-preview:large, max-video-preview:-1\" \/>\n<link rel=\"canonical\" href=\"https:\/\/dreamy.tours\/pt-br\/guia-de-viagem-a-arequipa\/\" \/>\n<meta property=\"og:locale\" content=\"pt_BR\" \/>\n<meta property=\"og:type\" content=\"article\" \/>\n<meta property=\"og:title\" content=\"GUIA DE VIAGEM A AREQUIPA\" \/>\n<meta property=\"og:description\" content=\"Na cidade de Arequipa \u00e9 conhecida como a cidade branca, que se esconde no povoado de Nuestra Se\u00f1ora de la Asunta.\" \/>\n<meta property=\"og:url\" content=\"https:\/\/dreamy.tours\/pt-br\/guia-de-viagem-a-arequipa\/\" \/>\n<meta property=\"og:site_name\" content=\"Dreamy Tours\" \/>\n<meta property=\"article:publisher\" content=\"https:\/\/www.facebook.com\/dreamytours\" \/>\n<meta property=\"article:modified_time\" content=\"2025-05-27T22:57:26+00:00\" \/>\n<meta property=\"og:image\" content=\"https:\/\/dreamy.tours\/wp-content\/uploads\/2022\/02\/misti-arequipa.jpg\" \/>\n\t<meta property=\"og:image:width\" content=\"2000\" \/>\n\t<meta property=\"og:image:height\" content=\"400\" \/>\n\t<meta property=\"og:image:type\" content=\"image\/jpeg\" \/>\n<meta name=\"twitter:card\" content=\"summary_large_image\" \/>\n<meta name=\"twitter:site\" content=\"@Dreamy_tours\" \/>\n<meta name=\"twitter:label1\" content=\"Est. tempo de leitura\" \/>\n\t<meta name=\"twitter:data1\" content=\"9 minutos\" \/>\n<script type=\"application\/ld+json\" class=\"yoast-schema-graph\">{\"@context\":\"https:\\\/\\\/schema.org\",\"@graph\":[{\"@type\":\"WebPage\",\"@id\":\"https:\\\/\\\/dreamy.tours\\\/pt-br\\\/guia-de-viagem-a-arequipa\\\/\",\"url\":\"https:\\\/\\\/dreamy.tours\\\/pt-br\\\/guia-de-viagem-a-arequipa\\\/\",\"name\":\"Guia de viajem a Arequipa - Dreamy Tours\",\"isPartOf\":{\"@id\":\"https:\\\/\\\/dreamy.tours\\\/pt-br\\\/#website\"},\"primaryImageOfPage\":{\"@id\":\"https:\\\/\\\/dreamy.tours\\\/pt-br\\\/guia-de-viagem-a-arequipa\\\/#primaryimage\"},\"image\":{\"@id\":\"https:\\\/\\\/dreamy.tours\\\/pt-br\\\/guia-de-viagem-a-arequipa\\\/#primaryimage\"},\"thumbnailUrl\":\"https:\\\/\\\/dreamy.tours\\\/wp-content\\\/uploads\\\/2022\\\/02\\\/misti-arequipa.jpg\",\"datePublished\":\"2022-02-23T15:05:44+00:00\",\"dateModified\":\"2025-05-27T22:57:26+00:00\",\"description\":\"Na cidade de Arequipa \u00e9 conhecida como a cidade branca, que se esconde no povoado de Nuestra Se\u00f1ora de la Asunta.\",\"breadcrumb\":{\"@id\":\"https:\\\/\\\/dreamy.tours\\\/pt-br\\\/guia-de-viagem-a-arequipa\\\/#breadcrumb\"},\"inLanguage\":\"pt-BR\",\"potentialAction\":[{\"@type\":\"ReadAction\",\"target\":[\"https:\\\/\\\/dreamy.tours\\\/pt-br\\\/guia-de-viagem-a-arequipa\\\/\"]}]},{\"@type\":\"ImageObject\",\"inLanguage\":\"pt-BR\",\"@id\":\"https:\\\/\\\/dreamy.tours\\\/pt-br\\\/guia-de-viagem-a-arequipa\\\/#primaryimage\",\"url\":\"https:\\\/\\\/dreamy.tours\\\/wp-content\\\/uploads\\\/2022\\\/02\\\/misti-arequipa.jpg\",\"contentUrl\":\"https:\\\/\\\/dreamy.tours\\\/wp-content\\\/uploads\\\/2022\\\/02\\\/misti-arequipa.jpg\",\"width\":2000,\"height\":400},{\"@type\":\"BreadcrumbList\",\"@id\":\"https:\\\/\\\/dreamy.tours\\\/pt-br\\\/guia-de-viagem-a-arequipa\\\/#breadcrumb\",\"itemListElement\":[{\"@type\":\"ListItem\",\"position\":1,\"name\":\"Home\",\"item\":\"https:\\\/\\\/dreamy.tours\\\/pt-br\\\/\"},{\"@type\":\"ListItem\",\"position\":2,\"name\":\"GUIA DE VIAGEM A AREQUIPA\"}]},{\"@type\":\"WebSite\",\"@id\":\"https:\\\/\\\/dreamy.tours\\\/pt-br\\\/#website\",\"url\":\"https:\\\/\\\/dreamy.tours\\\/pt-br\\\/\",\"name\":\"Dreamy Tours\",\"description\":\"\",\"publisher\":{\"@id\":\"https:\\\/\\\/dreamy.tours\\\/pt-br\\\/#organization\"},\"potentialAction\":[{\"@type\":\"SearchAction\",\"target\":{\"@type\":\"EntryPoint\",\"urlTemplate\":\"https:\\\/\\\/dreamy.tours\\\/pt-br\\\/?s={search_term_string}\"},\"query-input\":{\"@type\":\"PropertyValueSpecification\",\"valueRequired\":true,\"valueName\":\"search_term_string\"}}],\"inLanguage\":\"pt-BR\"},{\"@type\":\"Organization\",\"@id\":\"https:\\\/\\\/dreamy.tours\\\/pt-br\\\/#organization\",\"name\":\"Dreamy Tours\",\"url\":\"https:\\\/\\\/dreamy.tours\\\/pt-br\\\/\",\"logo\":{\"@type\":\"ImageObject\",\"inLanguage\":\"pt-BR\",\"@id\":\"https:\\\/\\\/dreamy.tours\\\/pt-br\\\/#\\\/schema\\\/logo\\\/image\\\/\",\"url\":\"https:\\\/\\\/dreamy.tours\\\/wp-content\\\/uploads\\\/dreamy-tour-cuadrado.jpg\",\"contentUrl\":\"https:\\\/\\\/dreamy.tours\\\/wp-content\\\/uploads\\\/dreamy-tour-cuadrado.jpg\",\"width\":696,\"height\":696,\"caption\":\"Dreamy Tours\"},\"image\":{\"@id\":\"https:\\\/\\\/dreamy.tours\\\/pt-br\\\/#\\\/schema\\\/logo\\\/image\\\/\"},\"sameAs\":[\"https:\\\/\\\/www.facebook.com\\\/dreamytours\",\"https:\\\/\\\/x.com\\\/Dreamy_tours\",\"https:\\\/\\\/www.instagram.com\\\/dreamy_tours\\\/\",\"https:\\\/\\\/www.pinterest.es\\\/dreamy_tours\\\/\",\"https:\\\/\\\/www.youtube.com\\\/channel\\\/UCGKP_C9x8GBYl7l8D0QD9Fg\"]}]}<\/script>\n<!-- \/ Yoast SEO Premium plugin. -->","yoast_head_json":{"title":"Guia de viajem a Arequipa - Dreamy Tours","description":"Na cidade de Arequipa \u00e9 conhecida como a cidade branca, que se esconde no povoado de Nuestra Se\u00f1ora de la Asunta.","robots":{"index":"index","follow":"follow","max-snippet":"max-snippet:-1","max-image-preview":"max-image-preview:large","max-video-preview":"max-video-preview:-1"},"canonical":"https:\/\/dreamy.tours\/pt-br\/guia-de-viagem-a-arequipa\/","og_locale":"pt_BR","og_type":"article","og_title":"GUIA DE VIAGEM A AREQUIPA","og_description":"Na cidade de Arequipa \u00e9 conhecida como a cidade branca, que se esconde no povoado de Nuestra Se\u00f1ora de la Asunta.","og_url":"https:\/\/dreamy.tours\/pt-br\/guia-de-viagem-a-arequipa\/","og_site_name":"Dreamy Tours","article_publisher":"https:\/\/www.facebook.com\/dreamytours","article_modified_time":"2025-05-27T22:57:26+00:00","og_image":[{"width":2000,"height":400,"url":"https:\/\/dreamy.tours\/wp-content\/uploads\/2022\/02\/misti-arequipa.jpg","type":"image\/jpeg"}],"twitter_card":"summary_large_image","twitter_site":"@Dreamy_tours","twitter_misc":{"Est. tempo de leitura":"9 minutos"},"schema":{"@context":"https:\/\/schema.org","@graph":[{"@type":"WebPage","@id":"https:\/\/dreamy.tours\/pt-br\/guia-de-viagem-a-arequipa\/","url":"https:\/\/dreamy.tours\/pt-br\/guia-de-viagem-a-arequipa\/","name":"Guia de viajem a Arequipa - Dreamy Tours","isPartOf":{"@id":"https:\/\/dreamy.tours\/pt-br\/#website"},"primaryImageOfPage":{"@id":"https:\/\/dreamy.tours\/pt-br\/guia-de-viagem-a-arequipa\/#primaryimage"},"image":{"@id":"https:\/\/dreamy.tours\/pt-br\/guia-de-viagem-a-arequipa\/#primaryimage"},"thumbnailUrl":"https:\/\/dreamy.tours\/wp-content\/uploads\/2022\/02\/misti-arequipa.jpg","datePublished":"2022-02-23T15:05:44+00:00","dateModified":"2025-05-27T22:57:26+00:00","description":"Na cidade de Arequipa \u00e9 conhecida como a cidade branca, que se esconde no povoado de Nuestra Se\u00f1ora de la Asunta.","breadcrumb":{"@id":"https:\/\/dreamy.tours\/pt-br\/guia-de-viagem-a-arequipa\/#breadcrumb"},"inLanguage":"pt-BR","potentialAction":[{"@type":"ReadAction","target":["https:\/\/dreamy.tours\/pt-br\/guia-de-viagem-a-arequipa\/"]}]},{"@type":"ImageObject","inLanguage":"pt-BR","@id":"https:\/\/dreamy.tours\/pt-br\/guia-de-viagem-a-arequipa\/#primaryimage","url":"https:\/\/dreamy.tours\/wp-content\/uploads\/2022\/02\/misti-arequipa.jpg","contentUrl":"https:\/\/dreamy.tours\/wp-content\/uploads\/2022\/02\/misti-arequipa.jpg","width":2000,"height":400},{"@type":"BreadcrumbList","@id":"https:\/\/dreamy.tours\/pt-br\/guia-de-viagem-a-arequipa\/#breadcrumb","itemListElement":[{"@type":"ListItem","position":1,"name":"Home","item":"https:\/\/dreamy.tours\/pt-br\/"},{"@type":"ListItem","position":2,"name":"GUIA DE VIAGEM A AREQUIPA"}]},{"@type":"WebSite","@id":"https:\/\/dreamy.tours\/pt-br\/#website","url":"https:\/\/dreamy.tours\/pt-br\/","name":"Dreamy Tours","description":"","publisher":{"@id":"https:\/\/dreamy.tours\/pt-br\/#organization"},"potentialAction":[{"@type":"SearchAction","target":{"@type":"EntryPoint","urlTemplate":"https:\/\/dreamy.tours\/pt-br\/?s={search_term_string}"},"query-input":{"@type":"PropertyValueSpecification","valueRequired":true,"valueName":"search_term_string"}}],"inLanguage":"pt-BR"},{"@type":"Organization","@id":"https:\/\/dreamy.tours\/pt-br\/#organization","name":"Dreamy Tours","url":"https:\/\/dreamy.tours\/pt-br\/","logo":{"@type":"ImageObject","inLanguage":"pt-BR","@id":"https:\/\/dreamy.tours\/pt-br\/#\/schema\/logo\/image\/","url":"https:\/\/dreamy.tours\/wp-content\/uploads\/dreamy-tour-cuadrado.jpg","contentUrl":"https:\/\/dreamy.tours\/wp-content\/uploads\/dreamy-tour-cuadrado.jpg","width":696,"height":696,"caption":"Dreamy Tours"},"image":{"@id":"https:\/\/dreamy.tours\/pt-br\/#\/schema\/logo\/image\/"},"sameAs":["https:\/\/www.facebook.com\/dreamytours","https:\/\/x.com\/Dreamy_tours","https:\/\/www.instagram.com\/dreamy_tours\/","https:\/\/www.pinterest.es\/dreamy_tours\/","https:\/\/www.youtube.com\/channel\/UCGKP_C9x8GBYl7l8D0QD9Fg"]}]}},"coauthors":[],"author_meta":{"author_link":"https:\/\/dreamy.tours\/pt-br\/blog\/author\/dreamy_upt\/","display_name":"Bento J."},"relative_dates":{"created":"Publicado 4 anos atr\u00e1s","modified":"Atualizado 11 meses atr\u00e1s"},"absolute_dates":{"created":"Publicado em 23 fevereiro, 2022","modified":"Atualizado em 27 maio, 2025"},"absolute_dates_time":{"created":"Publicado em 23 fevereiro, 2022 10:05 am","modified":"Atualizado em 27 maio, 2025 5:57 pm"},"featured_img_caption":"","featured_img":"https:\/\/dreamy.tours\/wp-content\/uploads\/2022\/02\/misti-arequipa.jpg","series_order":"","_links":{"self":[{"href":"https:\/\/dreamy.tours\/pt-br\/wp-json\/wp\/v2\/pages\/19969","targetHints":{"allow":["GET"]}}],"collection":[{"href":"https:\/\/dreamy.tours\/pt-br\/wp-json\/wp\/v2\/pages"}],"about":[{"href":"https:\/\/dreamy.tours\/pt-br\/wp-json\/wp\/v2\/types\/page"}],"author":[{"embeddable":true,"href":"https:\/\/dreamy.tours\/pt-br\/wp-json\/wp\/v2\/users\/4"}],"replies":[{"embeddable":true,"href":"https:\/\/dreamy.tours\/pt-br\/wp-json\/wp\/v2\/comments?post=19969"}],"version-history":[{"count":0,"href":"https:\/\/dreamy.tours\/pt-br\/wp-json\/wp\/v2\/pages\/19969\/revisions"}],"wp:featuredmedia":[{"embeddable":true,"href":"https:\/\/dreamy.tours\/pt-br\/wp-json\/wp\/v2\/media\/20249"}],"wp:attachment":[{"href":"https:\/\/dreamy.tours\/pt-br\/wp-json\/wp\/v2\/media?parent=19969"}],"curies":[{"name":"wp","href":"https:\/\/api.w.org\/{rel}","templated":true}]}}