{"id":190,"date":"2021-08-11T11:24:49","date_gmt":"2021-08-11T16:24:49","guid":{"rendered":"https:\/\/dreamy.tours\/home\/"},"modified":"2026-02-24T14:24:06","modified_gmt":"2026-02-24T19:24:06","slug":"home","status":"publish","type":"page","link":"https:\/\/dreamy.tours\/pt-br\/","title":{"rendered":"DREAMY TOURS PERU EXCURS\u00d5ES"},"content":{"rendered":"\n<div class=\"wp-block-advgb-columns advgb-columns-wrapper\" id=\"advgb-cols-26339d26-7169-4114-95a0-00ac603b899e\"><div class=\"advgb-columns-container\"><div class=\"advgb-columns advgb-columns-row advgb-is-mobile advgb-columns-2 layout-12-12 mbl-layout-stacked gutter-30 vgutter-10\">\n<div class=\"wp-block-advgb-column advgb-column advgb-is-half-tablet advgb-is-full-mobile\" id=\"advgb-col-d058d4b8-5a2d-4532-aedc-32d3278c057e\"><div class=\"advgb-column-inner\" style=\"border-style:none;border-width:1px\">\n<h2 class=\"wp-block-heading line2\" id=\"h-dreamy-tours-peru-viagens-e-experiencias-inesqueciveis\" style=\"font-size:30px\"><strong>Dreamy Tours Peru \u2013 Viagens E Experi\u00eancias Inesquec\u00edveis<\/strong><\/h2>\n\n\n\n<div style=\"height:40px\" aria-hidden=\"true\" class=\"wp-block-spacer\"><\/div>\n\n\n\n<p>Na <strong>DREAMY TOURS<\/strong>, somos especialistas em criar momentos \u00fanicos por meio de <strong>viagens para o Peru<\/strong> cuidadosamente planejadas. Oferecemos desde lua de mel rom\u00e2ntica e trilhas de aventura at\u00e9 experi\u00eancias culturais aut\u00eanticas e <strong>viagem de luxo para o Peru e Bol\u00edvia<\/strong>, nos destinos mais fascinantes dos Andes.<\/p>\n\n\n\n<p>Nossa paix\u00e3o vai al\u00e9m do turismo tradicional. Trabalhamos com excel\u00eancia, atendimento personalizado, compromisso com qualidade e seguran\u00e7a, al\u00e9m de inova\u00e7\u00e3o constante em nossos <strong>pacotes para o Peru<\/strong>.<\/p>\n\n\n\n<p>Temos orgulho de incentivar o <strong>turismo respons\u00e1vel no Peru<\/strong>, valorizando as comunidades locais e preservando o meio ambiente, para que cada experi\u00eancia seja memor\u00e1vel do in\u00edcio ao fim.<\/p>\n\n\n\n<p>Se voc\u00ea est\u00e1 planejando um <strong>tour para Machu Picchu<\/strong>, um <strong>pacote de viagem para o Peru personalizado<\/strong> ou um roteiro especial pelo <strong>Vale Sagrado e Lago Titicaca<\/strong>, nossa equipe desenvolve cada detalhe de acordo com seu perfil de viajante. Desde <strong>roteiros privativos no Peru<\/strong> at\u00e9 <strong>pacotes Am\u00e9rica do Sul<\/strong>, unimos conforto, autenticidade e organiza\u00e7\u00e3o eficiente para que suas <strong>f\u00e9rias no Peru<\/strong> se transformem em uma experi\u00eancia verdadeiramente extraordin\u00e1ria.<\/p>\n<\/div><\/div>\n\n\n\n<div class=\"wp-block-advgb-column advgb-column advgb-is-half-tablet advgb-is-full-mobile\" id=\"advgb-col-d46ba598-d6b8-43a1-9e9f-b5ea0bf125a9\"><div class=\"advgb-column-inner\" style=\"border-style:none;border-width:1px\">\n<figure class=\"wp-block-image size-full rounded\"><img decoding=\"async\" width=\"1280\" height=\"960\" src=\"https:\/\/dreamy.tours\/wp-content\/uploads\/Equipo-Dreamy-tours-2.jpg\" alt=\"\" class=\"wp-image-45228\" srcset=\"https:\/\/dreamy.tours\/wp-content\/uploads\/Equipo-Dreamy-tours-2.jpg 1280w, https:\/\/dreamy.tours\/wp-content\/uploads\/Equipo-Dreamy-tours-2-768x576.jpg 768w\" sizes=\"(max-width: 1280px) 100vw, 1280px\" \/><\/figure>\n<\/div><\/div>\n<\/div><\/div><\/div>\n<style class=\"advgb-styles-renderer\">#advgb-col-d058d4b8-5a2d-4532-aedc-32d3278c057e>.advgb-column-inner{margin-top:10px;margin-right:10px;margin-bottom:10px;margin-left:10px;}@media screen and (max-width: 1023px) {#advgb-col-d058d4b8-5a2d-4532-aedc-32d3278c057e>.advgb-column-inner{}}@media screen and (max-width: 767px) {#advgb-col-d058d4b8-5a2d-4532-aedc-32d3278c057e>.advgb-column-inner{}}#advgb-col-d46ba598-d6b8-43a1-9e9f-b5ea0bf125a9>.advgb-column-inner{padding-top:10px;padding-right:10px;padding-bottom:10px;padding-left:10px;}@media screen and (max-width: 1023px) {#advgb-col-d46ba598-d6b8-43a1-9e9f-b5ea0bf125a9>.advgb-column-inner{}}@media screen and (max-width: 767px) {#advgb-col-d46ba598-d6b8-43a1-9e9f-b5ea0bf125a9>.advgb-column-inner{}}#advgb-cols-26339d26-7169-4114-95a0-00ac603b899e{}@media screen and (max-width: 1023px) {#advgb-cols-26339d26-7169-4114-95a0-00ac603b899e{}}@media screen and (max-width: 767px) {#advgb-cols-26339d26-7169-4114-95a0-00ac603b899e{}}#advgb-col-d058d4b8-5a2d-4532-aedc-32d3278c057e>.advgb-column-inner{margin-top:10px;margin-right:10px;margin-bottom:10px;margin-left:10px;}@media screen and (max-width: 1023px) {#advgb-col-d058d4b8-5a2d-4532-aedc-32d3278c057e>.advgb-column-inner{}}@media screen and (max-width: 767px) {#advgb-col-d058d4b8-5a2d-4532-aedc-32d3278c057e>.advgb-column-inner{}}#advgb-col-d46ba598-d6b8-43a1-9e9f-b5ea0bf125a9>.advgb-column-inner{padding-top:10px;padding-right:10px;padding-bottom:10px;padding-left:10px;}@media screen and (max-width: 1023px) {#advgb-col-d46ba598-d6b8-43a1-9e9f-b5ea0bf125a9>.advgb-column-inner{}}@media screen and (max-width: 767px) {#advgb-col-d46ba598-d6b8-43a1-9e9f-b5ea0bf125a9>.advgb-column-inner{}}<\/style>","protected":false},"excerpt":{"rendered":"<p>DREAMY TOURS, distingue-se por prestar um servi\u00e7o diferente e fora do tradicional bem como na organiza\u00e7\u00e3o e Excurs\u00f5es. Machu Picchu<\/p>\n","protected":false},"author":1,"featured_media":29954,"parent":0,"menu_order":0,"comment_status":"closed","ping_status":"closed","template":"","meta":{"_acf_changed":false,"advgb_blocks_editor_width":"","advgb_blocks_columns_visual_guide":"","footnotes":""},"class_list":["post-190","page","type-page","status-publish","has-post-thumbnail","hentry"],"acf":[],"yoast_head":"<!-- This site is optimized with the Yoast SEO Premium plugin v25.4 (Yoast SEO v27.4) - https:\/\/yoast.com\/product\/yoast-seo-premium-wordpress\/ -->\n<title>Dreamy Tours | Pacotes &amp; Excurs\u00f5es Machu Picchu - Per\u00fa<\/title>\n<meta name=\"description\" content=\"DREAMY TOURS, distingue-se por prestar um servi\u00e7o diferente e fora do tradicional bem como na organiza\u00e7\u00e3o e Excurs\u00f5es. Machu Picchu\" \/>\n<meta name=\"robots\" content=\"index, follow, max-snippet:-1, max-image-preview:large, max-video-preview:-1\" \/>\n<link rel=\"canonical\" href=\"https:\/\/dreamy.tours\/pt-br\/\" \/>\n<meta property=\"og:locale\" content=\"pt_BR\" \/>\n<meta property=\"og:type\" content=\"article\" \/>\n<meta property=\"og:title\" content=\"DREAMY TOURS PERU EXCURS\u00d5ES\" \/>\n<meta property=\"og:description\" content=\"DREAMY TOURS, distingue-se por prestar um servi\u00e7o diferente e fora do tradicional bem como na organiza\u00e7\u00e3o e Excurs\u00f5es. Machu Picchu\" \/>\n<meta property=\"og:url\" content=\"https:\/\/dreamy.tours\/pt-br\/\" \/>\n<meta property=\"og:site_name\" content=\"Dreamy Tours\" \/>\n<meta property=\"article:publisher\" content=\"https:\/\/www.facebook.com\/dreamytours\" \/>\n<meta property=\"article:modified_time\" content=\"2026-02-24T19:24:06+00:00\" \/>\n<meta property=\"og:image\" content=\"https:\/\/dreamy.tours\/wp-content\/uploads\/MachuPicchu-s.webp\" \/>\n\t<meta property=\"og:image:width\" content=\"1500\" \/>\n\t<meta property=\"og:image:height\" content=\"844\" \/>\n\t<meta property=\"og:image:type\" content=\"image\/webp\" \/>\n<meta name=\"twitter:card\" content=\"summary_large_image\" \/>\n<meta name=\"twitter:site\" content=\"@Dreamy_tours\" \/>\n<meta name=\"twitter:label1\" content=\"Est. tempo de leitura\" \/>\n\t<meta name=\"twitter:data1\" content=\"1 minuto\" \/>\n<script type=\"application\/ld+json\" class=\"yoast-schema-graph\">{\"@context\":\"https:\\\/\\\/schema.org\",\"@graph\":[{\"@type\":\"WebPage\",\"@id\":\"https:\\\/\\\/dreamy.tours\\\/pt-br\\\/\",\"url\":\"https:\\\/\\\/dreamy.tours\\\/pt-br\\\/\",\"name\":\"Dreamy Tours | Pacotes & Excurs\u00f5es Machu Picchu - Per\u00fa\",\"isPartOf\":{\"@id\":\"https:\\\/\\\/dreamy.tours\\\/pt-br\\\/#website\"},\"primaryImageOfPage\":{\"@id\":\"https:\\\/\\\/dreamy.tours\\\/pt-br\\\/#primaryimage\"},\"image\":{\"@id\":\"https:\\\/\\\/dreamy.tours\\\/pt-br\\\/#primaryimage\"},\"thumbnailUrl\":\"https:\\\/\\\/dreamy.tours\\\/wp-content\\\/uploads\\\/MachuPicchu-s.webp\",\"datePublished\":\"2021-08-11T16:24:49+00:00\",\"dateModified\":\"2026-02-24T19:24:06+00:00\",\"description\":\"DREAMY TOURS, distingue-se por prestar um servi\u00e7o diferente e fora do tradicional bem como na organiza\u00e7\u00e3o e Excurs\u00f5es. Machu Picchu\",\"breadcrumb\":{\"@id\":\"https:\\\/\\\/dreamy.tours\\\/pt-br\\\/#breadcrumb\"},\"inLanguage\":\"pt-BR\",\"potentialAction\":[{\"@type\":\"ReadAction\",\"target\":[\"https:\\\/\\\/dreamy.tours\\\/pt-br\\\/\"]}]},{\"@type\":\"ImageObject\",\"inLanguage\":\"pt-BR\",\"@id\":\"https:\\\/\\\/dreamy.tours\\\/pt-br\\\/#primaryimage\",\"url\":\"https:\\\/\\\/dreamy.tours\\\/wp-content\\\/uploads\\\/MachuPicchu-s.webp\",\"contentUrl\":\"https:\\\/\\\/dreamy.tours\\\/wp-content\\\/uploads\\\/MachuPicchu-s.webp\",\"width\":1500,\"height\":844,\"caption\":\"Machu Picchu\"},{\"@type\":\"BreadcrumbList\",\"@id\":\"https:\\\/\\\/dreamy.tours\\\/pt-br\\\/#breadcrumb\",\"itemListElement\":[{\"@type\":\"ListItem\",\"position\":1,\"name\":\"Home\",\"item\":\"https:\\\/\\\/dreamy.tours\\\/pt-br\\\/\"},{\"@type\":\"ListItem\",\"position\":2,\"name\":\"DREAMY TOURS PERU EXCURS\u00d5ES\"}]},{\"@type\":\"WebSite\",\"@id\":\"https:\\\/\\\/dreamy.tours\\\/pt-br\\\/#website\",\"url\":\"https:\\\/\\\/dreamy.tours\\\/pt-br\\\/\",\"name\":\"Dreamy Tours\",\"description\":\"\",\"publisher\":{\"@id\":\"https:\\\/\\\/dreamy.tours\\\/pt-br\\\/#organization\"},\"potentialAction\":[{\"@type\":\"SearchAction\",\"target\":{\"@type\":\"EntryPoint\",\"urlTemplate\":\"https:\\\/\\\/dreamy.tours\\\/pt-br\\\/?s={search_term_string}\"},\"query-input\":{\"@type\":\"PropertyValueSpecification\",\"valueRequired\":true,\"valueName\":\"search_term_string\"}}],\"inLanguage\":\"pt-BR\"},{\"@type\":\"Organization\",\"@id\":\"https:\\\/\\\/dreamy.tours\\\/pt-br\\\/#organization\",\"name\":\"Dreamy Tours\",\"url\":\"https:\\\/\\\/dreamy.tours\\\/pt-br\\\/\",\"logo\":{\"@type\":\"ImageObject\",\"inLanguage\":\"pt-BR\",\"@id\":\"https:\\\/\\\/dreamy.tours\\\/pt-br\\\/#\\\/schema\\\/logo\\\/image\\\/\",\"url\":\"https:\\\/\\\/dreamy.tours\\\/wp-content\\\/uploads\\\/dreamy-tour-cuadrado.jpg\",\"contentUrl\":\"https:\\\/\\\/dreamy.tours\\\/wp-content\\\/uploads\\\/dreamy-tour-cuadrado.jpg\",\"width\":696,\"height\":696,\"caption\":\"Dreamy Tours\"},\"image\":{\"@id\":\"https:\\\/\\\/dreamy.tours\\\/pt-br\\\/#\\\/schema\\\/logo\\\/image\\\/\"},\"sameAs\":[\"https:\\\/\\\/www.facebook.com\\\/dreamytours\",\"https:\\\/\\\/x.com\\\/Dreamy_tours\",\"https:\\\/\\\/www.instagram.com\\\/dreamy_tours\\\/\",\"https:\\\/\\\/www.pinterest.es\\\/dreamy_tours\\\/\",\"https:\\\/\\\/www.youtube.com\\\/channel\\\/UCGKP_C9x8GBYl7l8D0QD9Fg\"]}]}<\/script>\n<!-- \/ Yoast SEO Premium plugin. -->","yoast_head_json":{"title":"Dreamy Tours | Pacotes & Excurs\u00f5es Machu Picchu - Per\u00fa","description":"DREAMY TOURS, distingue-se por prestar um servi\u00e7o diferente e fora do tradicional bem como na organiza\u00e7\u00e3o e Excurs\u00f5es. Machu Picchu","robots":{"index":"index","follow":"follow","max-snippet":"max-snippet:-1","max-image-preview":"max-image-preview:large","max-video-preview":"max-video-preview:-1"},"canonical":"https:\/\/dreamy.tours\/pt-br\/","og_locale":"pt_BR","og_type":"article","og_title":"DREAMY TOURS PERU EXCURS\u00d5ES","og_description":"DREAMY TOURS, distingue-se por prestar um servi\u00e7o diferente e fora do tradicional bem como na organiza\u00e7\u00e3o e Excurs\u00f5es. Machu Picchu","og_url":"https:\/\/dreamy.tours\/pt-br\/","og_site_name":"Dreamy Tours","article_publisher":"https:\/\/www.facebook.com\/dreamytours","article_modified_time":"2026-02-24T19:24:06+00:00","og_image":[{"width":1500,"height":844,"url":"https:\/\/dreamy.tours\/wp-content\/uploads\/MachuPicchu-s.webp","type":"image\/webp"}],"twitter_card":"summary_large_image","twitter_site":"@Dreamy_tours","twitter_misc":{"Est. tempo de leitura":"1 minuto"},"schema":{"@context":"https:\/\/schema.org","@graph":[{"@type":"WebPage","@id":"https:\/\/dreamy.tours\/pt-br\/","url":"https:\/\/dreamy.tours\/pt-br\/","name":"Dreamy Tours | Pacotes & Excurs\u00f5es Machu Picchu - Per\u00fa","isPartOf":{"@id":"https:\/\/dreamy.tours\/pt-br\/#website"},"primaryImageOfPage":{"@id":"https:\/\/dreamy.tours\/pt-br\/#primaryimage"},"image":{"@id":"https:\/\/dreamy.tours\/pt-br\/#primaryimage"},"thumbnailUrl":"https:\/\/dreamy.tours\/wp-content\/uploads\/MachuPicchu-s.webp","datePublished":"2021-08-11T16:24:49+00:00","dateModified":"2026-02-24T19:24:06+00:00","description":"DREAMY TOURS, distingue-se por prestar um servi\u00e7o diferente e fora do tradicional bem como na organiza\u00e7\u00e3o e Excurs\u00f5es. Machu Picchu","breadcrumb":{"@id":"https:\/\/dreamy.tours\/pt-br\/#breadcrumb"},"inLanguage":"pt-BR","potentialAction":[{"@type":"ReadAction","target":["https:\/\/dreamy.tours\/pt-br\/"]}]},{"@type":"ImageObject","inLanguage":"pt-BR","@id":"https:\/\/dreamy.tours\/pt-br\/#primaryimage","url":"https:\/\/dreamy.tours\/wp-content\/uploads\/MachuPicchu-s.webp","contentUrl":"https:\/\/dreamy.tours\/wp-content\/uploads\/MachuPicchu-s.webp","width":1500,"height":844,"caption":"Machu Picchu"},{"@type":"BreadcrumbList","@id":"https:\/\/dreamy.tours\/pt-br\/#breadcrumb","itemListElement":[{"@type":"ListItem","position":1,"name":"Home","item":"https:\/\/dreamy.tours\/pt-br\/"},{"@type":"ListItem","position":2,"name":"DREAMY TOURS PERU EXCURS\u00d5ES"}]},{"@type":"WebSite","@id":"https:\/\/dreamy.tours\/pt-br\/#website","url":"https:\/\/dreamy.tours\/pt-br\/","name":"Dreamy Tours","description":"","publisher":{"@id":"https:\/\/dreamy.tours\/pt-br\/#organization"},"potentialAction":[{"@type":"SearchAction","target":{"@type":"EntryPoint","urlTemplate":"https:\/\/dreamy.tours\/pt-br\/?s={search_term_string}"},"query-input":{"@type":"PropertyValueSpecification","valueRequired":true,"valueName":"search_term_string"}}],"inLanguage":"pt-BR"},{"@type":"Organization","@id":"https:\/\/dreamy.tours\/pt-br\/#organization","name":"Dreamy Tours","url":"https:\/\/dreamy.tours\/pt-br\/","logo":{"@type":"ImageObject","inLanguage":"pt-BR","@id":"https:\/\/dreamy.tours\/pt-br\/#\/schema\/logo\/image\/","url":"https:\/\/dreamy.tours\/wp-content\/uploads\/dreamy-tour-cuadrado.jpg","contentUrl":"https:\/\/dreamy.tours\/wp-content\/uploads\/dreamy-tour-cuadrado.jpg","width":696,"height":696,"caption":"Dreamy Tours"},"image":{"@id":"https:\/\/dreamy.tours\/pt-br\/#\/schema\/logo\/image\/"},"sameAs":["https:\/\/www.facebook.com\/dreamytours","https:\/\/x.com\/Dreamy_tours","https:\/\/www.instagram.com\/dreamy_tours\/","https:\/\/www.pinterest.es\/dreamy_tours\/","https:\/\/www.youtube.com\/channel\/UCGKP_C9x8GBYl7l8D0QD9Fg"]}]}},"coauthors":[],"author_meta":{"author_link":"https:\/\/dreamy.tours\/pt-br\/blog\/author\/admin_dt\/","display_name":"Dreamy Tours"},"relative_dates":{"created":"Publicado 5 anos atr\u00e1s","modified":"Atualizado 2 meses atr\u00e1s"},"absolute_dates":{"created":"Publicado em 11 agosto, 2021","modified":"Atualizado em 24 fevereiro, 2026"},"absolute_dates_time":{"created":"Publicado em 11 agosto, 2021 11:24 am","modified":"Atualizado em 24 fevereiro, 2026 2:24 pm"},"featured_img_caption":"Machu Picchu","featured_img":"https:\/\/dreamy.tours\/wp-content\/uploads\/MachuPicchu-s.webp","series_order":"","_links":{"self":[{"href":"https:\/\/dreamy.tours\/pt-br\/wp-json\/wp\/v2\/pages\/190","targetHints":{"allow":["GET"]}}],"collection":[{"href":"https:\/\/dreamy.tours\/pt-br\/wp-json\/wp\/v2\/pages"}],"about":[{"href":"https:\/\/dreamy.tours\/pt-br\/wp-json\/wp\/v2\/types\/page"}],"author":[{"embeddable":true,"href":"https:\/\/dreamy.tours\/pt-br\/wp-json\/wp\/v2\/users\/1"}],"replies":[{"embeddable":true,"href":"https:\/\/dreamy.tours\/pt-br\/wp-json\/wp\/v2\/comments?post=190"}],"version-history":[{"count":0,"href":"https:\/\/dreamy.tours\/pt-br\/wp-json\/wp\/v2\/pages\/190\/revisions"}],"wp:featuredmedia":[{"embeddable":true,"href":"https:\/\/dreamy.tours\/pt-br\/wp-json\/wp\/v2\/media\/29954"}],"wp:attachment":[{"href":"https:\/\/dreamy.tours\/pt-br\/wp-json\/wp\/v2\/media?parent=190"}],"curies":[{"name":"wp","href":"https:\/\/api.w.org\/{rel}","templated":true}]}}