{"id":17757,"date":"2022-02-08T11:13:25","date_gmt":"2022-02-08T16:13:25","guid":{"rendered":"https:\/\/dreamy.tours\/?page_id=17757"},"modified":"2025-01-21T16:05:06","modified_gmt":"2025-01-21T21:05:06","slug":"guia-de-viagem-para-machu-picchu","status":"publish","type":"page","link":"https:\/\/dreamy.tours\/pt-br\/guia-de-viagem-para-machu-picchu\/","title":{"rendered":"Guia de viagem para Machu Picchu"},"content":{"rendered":"\n<h2 class=\"wp-block-heading\" id=\"machu-picchu\">MACHU PICCHU<\/h2>\n\n\n\n<p>Esta antiga cidade inca \u00e9 um dos tesouros mais preciosos do Peru. Foi constru\u00eddo em meados do s\u00e9culo XV e acredita-se que tenha sido uma das resid\u00eancias do nono Inca de Tahuantinsuyo, Pachacutec, embora tamb\u00e9m contenha os restos de um santu\u00e1rio.<\/p>\n\n\n\n<p>Como \u00e9 sabido, Machu Picchu foi escolhida como uma das 7 Maravilhas do Mundo e \u00e9 um destino fixo para os viajantes na Am\u00e9rica do Sul. Com boas raz\u00f5es, est\u00e1 maravilha da arquitetura e paisagens incr\u00edveis deve estar na lista de destinos a visitar por cada viajante.<\/p>\n\n\n\n<figure class=\"wp-block-gallery has-nested-images columns-default is-cropped wp-block-gallery-1 is-layout-flex wp-block-gallery-is-layout-flex\">\n<figure class=\"wp-block-image size-large\"><img decoding=\"async\" width=\"640\" height=\"792\" data-id=\"16919\" src=\"https:\/\/dreamy.tours\/wp-content\/uploads\/2022\/02\/MACHU-PICCHU-2022DPER.jpg\" alt=\"\" class=\"wp-image-16919\" srcset=\"https:\/\/dreamy.tours\/wp-content\/uploads\/2022\/02\/MACHU-PICCHU-2022DPER.jpg 640w, https:\/\/dreamy.tours\/wp-content\/uploads\/2022\/02\/MACHU-PICCHU-2022DPER-16x20.jpg 16w\" sizes=\"(max-width: 640px) 100vw, 640px\" \/><figcaption class=\"wp-element-caption\">Machu Picchu<\/figcaption><\/figure>\n\n\n\n<figure class=\"wp-block-image size-large\"><img decoding=\"async\" width=\"640\" height=\"497\" data-id=\"16922\" src=\"https:\/\/dreamy.tours\/wp-content\/uploads\/2022\/02\/mACHU-PICCHU-D22.jpg\" alt=\"\" class=\"wp-image-16922\" srcset=\"https:\/\/dreamy.tours\/wp-content\/uploads\/2022\/02\/mACHU-PICCHU-D22.jpg 640w, https:\/\/dreamy.tours\/wp-content\/uploads\/2022\/02\/mACHU-PICCHU-D22-20x16.jpg 20w\" sizes=\"(max-width: 640px) 100vw, 640px\" \/><figcaption class=\"wp-element-caption\">Machu Picchu<\/figcaption><\/figure>\n\n\n\n<figure class=\"wp-block-image size-large\"><img decoding=\"async\" width=\"1440\" height=\"1440\" data-id=\"16925\" src=\"https:\/\/dreamy.tours\/wp-content\/uploads\/2022\/02\/Machu-Picchu-22-dpo.jpg\" alt=\"\" class=\"wp-image-16925\" srcset=\"https:\/\/dreamy.tours\/wp-content\/uploads\/2022\/02\/Machu-Picchu-22-dpo.jpg 1440w, https:\/\/dreamy.tours\/wp-content\/uploads\/2022\/02\/Machu-Picchu-22-dpo-768x768.jpg 768w, https:\/\/dreamy.tours\/wp-content\/uploads\/2022\/02\/Machu-Picchu-22-dpo-20x20.jpg 20w\" sizes=\"(max-width: 1440px) 100vw, 1440px\" \/><figcaption class=\"wp-element-caption\">Machu Picchu<\/figcaption><\/figure>\n<\/figure>\n\n\n\n<h3 class=\"wp-block-heading\" id=\"localizacao\">LOCALIZA\u00c7\u00c3O.<\/h3>\n\n\n\n<p>A cidadela de Machu Picchu foi constru\u00edda pelo Imp\u00e9rio Inca e est\u00e1 situada na incr\u00edvel Cordilheira dos Andes, rodeada por belas florestas de nuvens e paisagens de montanha.<\/p>\n\n\n\n<h3 class=\"wp-block-heading\" id=\"altitude\">ALTITUDE<\/h3>\n\n\n\n<p>Machu Picchu est\u00e1 situada a 2.430 metros acima do n\u00edvel do mar. Cusco, no entanto, est\u00e1 a 3.400 metros.<\/p>\n\n\n\n<h3 class=\"wp-block-heading\" id=\"como-chegar-a-machu-picchu\">Como chegar a Machu Picchu?<\/h3>\n\n\n\n<p>Estas s\u00e3o as formas de chegar a Machu Picchu<\/p>\n\n\n\n<ul class=\"wp-block-list\">\n<li>De tren para Machu Picchu<\/li>\n\n\n\n<li>Caminhando pela Trilha Inca (Trilha Inka).<\/li>\n\n\n\n<li>Fazendo as trilhas alternativas. (Salkantay, Lares, Inca Jungle e mais).<\/li>\n<\/ul>\n\n\n\n<h3 class=\"wp-block-heading\" id=\"quando-viajar-para-machu-picchu\">Quando viajar para Machu Picchu?<\/h3>\n\n\n\n<p>Pode viajar para Machu Picchu durante todo o ano, considerando as esta\u00e7\u00f5es: esta\u00e7\u00e3o seca e esta\u00e7\u00e3o chuvosa (esta\u00e7\u00e3o baixa e alta).<\/p>\n\n\n\n<ul class=\"wp-block-list\">\n<li>A \u00e9poca das chuvas decorre de Mar\u00e7o a Dezembro.<\/li>\n\n\n\n<li>\u00c9 considerada a esta\u00e7\u00e3o seca de Abril a Novembro.<\/li>\n<\/ul>\n\n\n\n<h3 class=\"wp-block-heading\" id=\"transportes\">Transportes<\/h3>\n\n\n\n<p>O meio de transporte que pode utilizar para visitar a cidadela de Machu Picchu \u00e9<\/p>\n\n\n\n<ul class=\"wp-block-list\">\n<li>Carro<\/li>\n\n\n\n<li>Trem<\/li>\n\n\n\n<li>Caminhada<\/li>\n<\/ul>\n\n\n\n<h3 class=\"wp-block-heading\" id=\"alojamento\">Alojamento<\/h3>\n\n\n\n<p>Durante a sua estadia em Aguas Calientes vila Machu Picchu pueblo), pode passar a noite num alojamento \u00e0 sua escolha. Por favor, pergunte-nos.<\/p>\n\n\n\n<h3 class=\"wp-block-heading\" id=\"onde-comer\">Onde comer<\/h3>\n\n\n\n<p>Na vila de Aguas Calientes-MachuPicchu vila, encontrar\u00e1 uma variedade de restaurantes onde poder\u00e1 apreciar os pratos requintados da sua escolha. Consultar.<\/p>\n\n\n\n<h3 class=\"wp-block-heading\" id=\"comida-tipica-em-machu-picchu\">Comida t\u00edpica em Machu Picchu.<\/h3>\n\n\n\n<p>Considerada como uma das melhores do mundo, a gastronomia peruana \u00e9 cada vez mais valorizada. Na vila Aguas Calientes-Machu Picchu pueblo, os pratos mais consumidos s\u00e3o o Cuy al horno, Chicharr\u00f3n con mote, sopas, sobremesas, carne Alpaca e mais variedades, pedidos \u00e0 sua escolha.<\/p>\n\n\n\n<figure class=\"wp-block-gallery has-nested-images columns-default is-cropped wp-block-gallery-2 is-layout-flex wp-block-gallery-is-layout-flex\">\n<figure class=\"wp-block-image size-large\"><img decoding=\"async\" width=\"1024\" height=\"1024\" data-id=\"16905\" src=\"https:\/\/dreamy.tours\/wp-content\/uploads\/2022\/02\/gastronomia-cuy.jpg\" alt=\"\" class=\"wp-image-16905\" srcset=\"https:\/\/dreamy.tours\/wp-content\/uploads\/2022\/02\/gastronomia-cuy.jpg 1024w, https:\/\/dreamy.tours\/wp-content\/uploads\/2022\/02\/gastronomia-cuy-768x768.jpg 768w, https:\/\/dreamy.tours\/wp-content\/uploads\/2022\/02\/gastronomia-cuy-20x20.jpg 20w\" sizes=\"(max-width: 1024px) 100vw, 1024px\" \/><\/figure>\n\n\n\n<figure class=\"wp-block-image size-large\"><img decoding=\"async\" width=\"864\" height=\"864\" data-id=\"16910\" src=\"https:\/\/dreamy.tours\/wp-content\/uploads\/2022\/02\/asado-de-tira-con-langostinos-gastronomia-1.jpg\" alt=\"\" class=\"wp-image-16910\" srcset=\"https:\/\/dreamy.tours\/wp-content\/uploads\/2022\/02\/asado-de-tira-con-langostinos-gastronomia-1.jpg 864w, https:\/\/dreamy.tours\/wp-content\/uploads\/2022\/02\/asado-de-tira-con-langostinos-gastronomia-1-768x768.jpg 768w, https:\/\/dreamy.tours\/wp-content\/uploads\/2022\/02\/asado-de-tira-con-langostinos-gastronomia-1-20x20.jpg 20w\" sizes=\"(max-width: 864px) 100vw, 864px\" \/><\/figure>\n<\/figure>\n\n\n\n<h3 class=\"wp-block-heading\" id=\"como-se-preparar-para-o-trekking-e-as-caminhadas\">Como se preparar para o trekking e as caminhadas.<\/h3>\n\n\n\n<ul class=\"wp-block-list\">\n<li>Aclimatar-se na cidade de Cusco durante 1 dia, fazer exerc\u00edcios de trekking.<\/li>\n\n\n\n<li>Usar roupa adequada, isto de acordo com a caminhada da sua escolha.<\/li>\n<\/ul>\n\n\n\n<h3 class=\"wp-block-heading\" id=\"o-que-trazer-para-a-caminhada-ate-machu-picchu\">O que trazer para a caminhada at\u00e9 Machu Picchu?<\/h3>\n\n\n\n<ul class=\"wp-block-list\">\n<li>\u00c1gua.<\/li>\n\n\n\n<li>Chap\u00e9u, \u00f3culos de sol e prote\u00e7\u00e3o solar.<\/li>\n\n\n\n<li>Vara de caminhada com ponta de borracha.<\/li>\n\n\n\n<li>Repelente de insectos.<\/li>\n\n\n\n<li>Poncho de chuva.<\/li>\n\n\n\n<li>Petiscos.<\/li>\n\n\n\n<li>Passaporte ou bilhete de identidade.<\/li>\n\n\n\n<li>C\u00e2mara fotogr\u00e1fica.<\/li>\n\n\n\n<li>Mochila pequena.<\/li>\n\n\n\n<li>Sapatos de caminhadas confort\u00e1veis.<\/li>\n<\/ul>\n","protected":false},"excerpt":{"rendered":"<p>MACHU PICCHU Esta antiga cidade inca \u00e9 um dos tesouros mais preciosos do Peru. Foi constru\u00eddo em meados do s\u00e9culo XV e acredita-se que tenha sido u&#8230;<\/p>\n","protected":false},"author":4,"featured_media":30987,"parent":0,"menu_order":0,"comment_status":"closed","ping_status":"closed","template":"","meta":{"_acf_changed":false,"advgb_blocks_editor_width":"","advgb_blocks_columns_visual_guide":"","footnotes":""},"class_list":["post-17757","page","type-page","status-publish","has-post-thumbnail","hentry"],"acf":[],"yoast_head":"<!-- This site is optimized with the Yoast SEO Premium plugin v25.4 (Yoast SEO v27.4) - https:\/\/yoast.com\/product\/yoast-seo-premium-wordpress\/ -->\n<title>Guia de viagem para Machu Picchu - Dreamy Tours<\/title>\n<meta name=\"description\" content=\"N\u00e3o perca a oportunidade de visitar a famosa cidadela de Machu Picchu, reserve j\u00e1 o seu passeio com a Dreamy Tours!\" \/>\n<meta name=\"robots\" content=\"index, follow, max-snippet:-1, max-image-preview:large, max-video-preview:-1\" \/>\n<link rel=\"canonical\" href=\"https:\/\/dreamy.tours\/pt-br\/guia-de-viagem-para-machu-picchu\/\" \/>\n<meta property=\"og:locale\" content=\"pt_BR\" \/>\n<meta property=\"og:type\" content=\"article\" \/>\n<meta property=\"og:title\" content=\"Guia de viagem para Machu Picchu\" \/>\n<meta property=\"og:description\" content=\"N\u00e3o perca a oportunidade de visitar a famosa cidadela de Machu Picchu, reserve j\u00e1 o seu passeio com a Dreamy Tours!\" \/>\n<meta property=\"og:url\" content=\"https:\/\/dreamy.tours\/pt-br\/guia-de-viagem-para-machu-picchu\/\" \/>\n<meta property=\"og:site_name\" content=\"Dreamy Tours\" \/>\n<meta property=\"article:publisher\" content=\"https:\/\/www.facebook.com\/dreamytours\" \/>\n<meta property=\"article:modified_time\" content=\"2025-01-21T21:05:06+00:00\" \/>\n<meta property=\"og:image\" content=\"https:\/\/dreamy.tours\/wp-content\/uploads\/machupicchu-2-dias.webp\" \/>\n\t<meta property=\"og:image:width\" content=\"1600\" \/>\n\t<meta property=\"og:image:height\" content=\"800\" \/>\n\t<meta property=\"og:image:type\" content=\"image\/webp\" \/>\n<meta name=\"twitter:card\" content=\"summary_large_image\" \/>\n<meta name=\"twitter:site\" content=\"@Dreamy_tours\" \/>\n<meta name=\"twitter:label1\" content=\"Est. tempo de leitura\" \/>\n\t<meta name=\"twitter:data1\" content=\"3 minutos\" \/>\n<script type=\"application\/ld+json\" class=\"yoast-schema-graph\">{\"@context\":\"https:\\\/\\\/schema.org\",\"@graph\":[{\"@type\":\"WebPage\",\"@id\":\"https:\\\/\\\/dreamy.tours\\\/pt-br\\\/guia-de-viagem-para-machu-picchu\\\/\",\"url\":\"https:\\\/\\\/dreamy.tours\\\/pt-br\\\/guia-de-viagem-para-machu-picchu\\\/\",\"name\":\"Guia de viagem para Machu Picchu - Dreamy Tours\",\"isPartOf\":{\"@id\":\"https:\\\/\\\/dreamy.tours\\\/pt-br\\\/#website\"},\"primaryImageOfPage\":{\"@id\":\"https:\\\/\\\/dreamy.tours\\\/pt-br\\\/guia-de-viagem-para-machu-picchu\\\/#primaryimage\"},\"image\":{\"@id\":\"https:\\\/\\\/dreamy.tours\\\/pt-br\\\/guia-de-viagem-para-machu-picchu\\\/#primaryimage\"},\"thumbnailUrl\":\"https:\\\/\\\/dreamy.tours\\\/wp-content\\\/uploads\\\/machupicchu-2-dias.webp\",\"datePublished\":\"2022-02-08T16:13:25+00:00\",\"dateModified\":\"2025-01-21T21:05:06+00:00\",\"description\":\"N\u00e3o perca a oportunidade de visitar a famosa cidadela de Machu Picchu, reserve j\u00e1 o seu passeio com a Dreamy Tours!\",\"breadcrumb\":{\"@id\":\"https:\\\/\\\/dreamy.tours\\\/pt-br\\\/guia-de-viagem-para-machu-picchu\\\/#breadcrumb\"},\"inLanguage\":\"pt-BR\",\"potentialAction\":[{\"@type\":\"ReadAction\",\"target\":[\"https:\\\/\\\/dreamy.tours\\\/pt-br\\\/guia-de-viagem-para-machu-picchu\\\/\"]}]},{\"@type\":\"ImageObject\",\"inLanguage\":\"pt-BR\",\"@id\":\"https:\\\/\\\/dreamy.tours\\\/pt-br\\\/guia-de-viagem-para-machu-picchu\\\/#primaryimage\",\"url\":\"https:\\\/\\\/dreamy.tours\\\/wp-content\\\/uploads\\\/machupicchu-2-dias.webp\",\"contentUrl\":\"https:\\\/\\\/dreamy.tours\\\/wp-content\\\/uploads\\\/machupicchu-2-dias.webp\",\"width\":1600,\"height\":800,\"caption\":\"Viajante com camisa polo da Dreamy Tours apreciando a vista panor\u00e2mica de Machu Picchu, a maravilha inca cercada por montanhas e uma natureza de tirar o f\u00f4lego.\"},{\"@type\":\"BreadcrumbList\",\"@id\":\"https:\\\/\\\/dreamy.tours\\\/pt-br\\\/guia-de-viagem-para-machu-picchu\\\/#breadcrumb\",\"itemListElement\":[{\"@type\":\"ListItem\",\"position\":1,\"name\":\"Home\",\"item\":\"https:\\\/\\\/dreamy.tours\\\/pt-br\\\/\"},{\"@type\":\"ListItem\",\"position\":2,\"name\":\"Guia de viagem para Machu Picchu\"}]},{\"@type\":\"WebSite\",\"@id\":\"https:\\\/\\\/dreamy.tours\\\/pt-br\\\/#website\",\"url\":\"https:\\\/\\\/dreamy.tours\\\/pt-br\\\/\",\"name\":\"Dreamy Tours\",\"description\":\"\",\"publisher\":{\"@id\":\"https:\\\/\\\/dreamy.tours\\\/pt-br\\\/#organization\"},\"potentialAction\":[{\"@type\":\"SearchAction\",\"target\":{\"@type\":\"EntryPoint\",\"urlTemplate\":\"https:\\\/\\\/dreamy.tours\\\/pt-br\\\/?s={search_term_string}\"},\"query-input\":{\"@type\":\"PropertyValueSpecification\",\"valueRequired\":true,\"valueName\":\"search_term_string\"}}],\"inLanguage\":\"pt-BR\"},{\"@type\":\"Organization\",\"@id\":\"https:\\\/\\\/dreamy.tours\\\/pt-br\\\/#organization\",\"name\":\"Dreamy Tours\",\"url\":\"https:\\\/\\\/dreamy.tours\\\/pt-br\\\/\",\"logo\":{\"@type\":\"ImageObject\",\"inLanguage\":\"pt-BR\",\"@id\":\"https:\\\/\\\/dreamy.tours\\\/pt-br\\\/#\\\/schema\\\/logo\\\/image\\\/\",\"url\":\"https:\\\/\\\/dreamy.tours\\\/wp-content\\\/uploads\\\/dreamy-tour-cuadrado.jpg\",\"contentUrl\":\"https:\\\/\\\/dreamy.tours\\\/wp-content\\\/uploads\\\/dreamy-tour-cuadrado.jpg\",\"width\":696,\"height\":696,\"caption\":\"Dreamy Tours\"},\"image\":{\"@id\":\"https:\\\/\\\/dreamy.tours\\\/pt-br\\\/#\\\/schema\\\/logo\\\/image\\\/\"},\"sameAs\":[\"https:\\\/\\\/www.facebook.com\\\/dreamytours\",\"https:\\\/\\\/x.com\\\/Dreamy_tours\",\"https:\\\/\\\/www.instagram.com\\\/dreamy_tours\\\/\",\"https:\\\/\\\/www.pinterest.es\\\/dreamy_tours\\\/\",\"https:\\\/\\\/www.youtube.com\\\/channel\\\/UCGKP_C9x8GBYl7l8D0QD9Fg\"]}]}<\/script>\n<!-- \/ Yoast SEO Premium plugin. -->","yoast_head_json":{"title":"Guia de viagem para Machu Picchu - Dreamy Tours","description":"N\u00e3o perca a oportunidade de visitar a famosa cidadela de Machu Picchu, reserve j\u00e1 o seu passeio com a Dreamy Tours!","robots":{"index":"index","follow":"follow","max-snippet":"max-snippet:-1","max-image-preview":"max-image-preview:large","max-video-preview":"max-video-preview:-1"},"canonical":"https:\/\/dreamy.tours\/pt-br\/guia-de-viagem-para-machu-picchu\/","og_locale":"pt_BR","og_type":"article","og_title":"Guia de viagem para Machu Picchu","og_description":"N\u00e3o perca a oportunidade de visitar a famosa cidadela de Machu Picchu, reserve j\u00e1 o seu passeio com a Dreamy Tours!","og_url":"https:\/\/dreamy.tours\/pt-br\/guia-de-viagem-para-machu-picchu\/","og_site_name":"Dreamy Tours","article_publisher":"https:\/\/www.facebook.com\/dreamytours","article_modified_time":"2025-01-21T21:05:06+00:00","og_image":[{"width":1600,"height":800,"url":"https:\/\/dreamy.tours\/wp-content\/uploads\/machupicchu-2-dias.webp","type":"image\/webp"}],"twitter_card":"summary_large_image","twitter_site":"@Dreamy_tours","twitter_misc":{"Est. tempo de leitura":"3 minutos"},"schema":{"@context":"https:\/\/schema.org","@graph":[{"@type":"WebPage","@id":"https:\/\/dreamy.tours\/pt-br\/guia-de-viagem-para-machu-picchu\/","url":"https:\/\/dreamy.tours\/pt-br\/guia-de-viagem-para-machu-picchu\/","name":"Guia de viagem para Machu Picchu - Dreamy Tours","isPartOf":{"@id":"https:\/\/dreamy.tours\/pt-br\/#website"},"primaryImageOfPage":{"@id":"https:\/\/dreamy.tours\/pt-br\/guia-de-viagem-para-machu-picchu\/#primaryimage"},"image":{"@id":"https:\/\/dreamy.tours\/pt-br\/guia-de-viagem-para-machu-picchu\/#primaryimage"},"thumbnailUrl":"https:\/\/dreamy.tours\/wp-content\/uploads\/machupicchu-2-dias.webp","datePublished":"2022-02-08T16:13:25+00:00","dateModified":"2025-01-21T21:05:06+00:00","description":"N\u00e3o perca a oportunidade de visitar a famosa cidadela de Machu Picchu, reserve j\u00e1 o seu passeio com a Dreamy Tours!","breadcrumb":{"@id":"https:\/\/dreamy.tours\/pt-br\/guia-de-viagem-para-machu-picchu\/#breadcrumb"},"inLanguage":"pt-BR","potentialAction":[{"@type":"ReadAction","target":["https:\/\/dreamy.tours\/pt-br\/guia-de-viagem-para-machu-picchu\/"]}]},{"@type":"ImageObject","inLanguage":"pt-BR","@id":"https:\/\/dreamy.tours\/pt-br\/guia-de-viagem-para-machu-picchu\/#primaryimage","url":"https:\/\/dreamy.tours\/wp-content\/uploads\/machupicchu-2-dias.webp","contentUrl":"https:\/\/dreamy.tours\/wp-content\/uploads\/machupicchu-2-dias.webp","width":1600,"height":800,"caption":"Viajante com camisa polo da Dreamy Tours apreciando a vista panor\u00e2mica de Machu Picchu, a maravilha inca cercada por montanhas e uma natureza de tirar o f\u00f4lego."},{"@type":"BreadcrumbList","@id":"https:\/\/dreamy.tours\/pt-br\/guia-de-viagem-para-machu-picchu\/#breadcrumb","itemListElement":[{"@type":"ListItem","position":1,"name":"Home","item":"https:\/\/dreamy.tours\/pt-br\/"},{"@type":"ListItem","position":2,"name":"Guia de viagem para Machu Picchu"}]},{"@type":"WebSite","@id":"https:\/\/dreamy.tours\/pt-br\/#website","url":"https:\/\/dreamy.tours\/pt-br\/","name":"Dreamy Tours","description":"","publisher":{"@id":"https:\/\/dreamy.tours\/pt-br\/#organization"},"potentialAction":[{"@type":"SearchAction","target":{"@type":"EntryPoint","urlTemplate":"https:\/\/dreamy.tours\/pt-br\/?s={search_term_string}"},"query-input":{"@type":"PropertyValueSpecification","valueRequired":true,"valueName":"search_term_string"}}],"inLanguage":"pt-BR"},{"@type":"Organization","@id":"https:\/\/dreamy.tours\/pt-br\/#organization","name":"Dreamy Tours","url":"https:\/\/dreamy.tours\/pt-br\/","logo":{"@type":"ImageObject","inLanguage":"pt-BR","@id":"https:\/\/dreamy.tours\/pt-br\/#\/schema\/logo\/image\/","url":"https:\/\/dreamy.tours\/wp-content\/uploads\/dreamy-tour-cuadrado.jpg","contentUrl":"https:\/\/dreamy.tours\/wp-content\/uploads\/dreamy-tour-cuadrado.jpg","width":696,"height":696,"caption":"Dreamy Tours"},"image":{"@id":"https:\/\/dreamy.tours\/pt-br\/#\/schema\/logo\/image\/"},"sameAs":["https:\/\/www.facebook.com\/dreamytours","https:\/\/x.com\/Dreamy_tours","https:\/\/www.instagram.com\/dreamy_tours\/","https:\/\/www.pinterest.es\/dreamy_tours\/","https:\/\/www.youtube.com\/channel\/UCGKP_C9x8GBYl7l8D0QD9Fg"]}]}},"coauthors":[],"author_meta":{"author_link":"https:\/\/dreamy.tours\/pt-br\/blog\/author\/dreamy_upt\/","display_name":"Bento J."},"relative_dates":{"created":"Publicado 4 anos atr\u00e1s","modified":"Atualizado 1 ano atr\u00e1s"},"absolute_dates":{"created":"Publicado em 8 fevereiro, 2022","modified":"Atualizado em 21 janeiro, 2025"},"absolute_dates_time":{"created":"Publicado em 8 fevereiro, 2022 11:13 am","modified":"Atualizado em 21 janeiro, 2025 4:05 pm"},"featured_img_caption":"","featured_img":"https:\/\/dreamy.tours\/wp-content\/uploads\/machupicchu-2-dias.webp","series_order":"","_links":{"self":[{"href":"https:\/\/dreamy.tours\/pt-br\/wp-json\/wp\/v2\/pages\/17757","targetHints":{"allow":["GET"]}}],"collection":[{"href":"https:\/\/dreamy.tours\/pt-br\/wp-json\/wp\/v2\/pages"}],"about":[{"href":"https:\/\/dreamy.tours\/pt-br\/wp-json\/wp\/v2\/types\/page"}],"author":[{"embeddable":true,"href":"https:\/\/dreamy.tours\/pt-br\/wp-json\/wp\/v2\/users\/4"}],"replies":[{"embeddable":true,"href":"https:\/\/dreamy.tours\/pt-br\/wp-json\/wp\/v2\/comments?post=17757"}],"version-history":[{"count":0,"href":"https:\/\/dreamy.tours\/pt-br\/wp-json\/wp\/v2\/pages\/17757\/revisions"}],"wp:featuredmedia":[{"embeddable":true,"href":"https:\/\/dreamy.tours\/pt-br\/wp-json\/wp\/v2\/media\/30987"}],"wp:attachment":[{"href":"https:\/\/dreamy.tours\/pt-br\/wp-json\/wp\/v2\/media?parent=17757"}],"curies":[{"name":"wp","href":"https:\/\/api.w.org\/{rel}","templated":true}]}}