{"id":10344,"date":"2021-10-27T10:56:00","date_gmt":"2021-10-27T15:56:00","guid":{"rendered":"https:\/\/dreamy.tours\/?page_id=10344"},"modified":"2023-07-27T18:11:41","modified_gmt":"2023-07-27T23:11:41","slug":"chavin-huantar-lagoa-querococcha","status":"publish","type":"page","link":"https:\/\/dreamy.tours\/pt-br\/huaraz\/chavin-huantar-lagoa-querococcha\/","title":{"rendered":"Chavin de Huantar \u2013 Lagoa de Querococcha"},"content":{"rendered":"\n<p>Com esse passeio, tour a Chavin de Huantar, recue no tempo e descubra os mist\u00e9rios da antiga civiliza\u00e7\u00e3o Chavin. Visite as Ru\u00ednas Ocultas de Huaraz.<\/p>\n\n\n\n<p>Chavin de Huantar era o centro administrativo e religioso da cultura Chavin, foi declarado Patrim\u00f4nio Mundial a 6 de dezembro de 1985.<\/p>\n\n\n\n<p>Explore este fascinante povoado pr\u00e9-colombiano e veja como reflete um rico patrim\u00f4nio cultural com uma excurs\u00e3o de Huaraz.<\/p>\n\n\n\n<p>Este centro administrativo e religioso foi constru\u00eddo com grandes blocos de pedra.<\/p>\n\n\n\n<figure class=\"wp-block-table\"><table><tbody><tr><td><img decoding=\"async\" alt=\"icon clock\" src=\"https:\/\/dreamy.tours\/wp-content\/themes\/dreamytours\/img\/clock.svg\" style=\"width: 25px;\"> <strong>Dura\u00e7\u00e3o<\/strong>: 1 Dia<\/td><td><img decoding=\"async\" alt=\"icon altitude\" src=\"https:\/\/dreamy.tours\/wp-content\/themes\/dreamytours\/img\/altitude.svg\" style=\"width: 25px;\"> <strong>Altitude:<\/strong> 3.137 m.a.s.l.<\/td><\/tr><tr><td><img decoding=\"async\" alt=\"icon mountain\" src=\"https:\/\/dreamy.tours\/wp-content\/themes\/dreamytours\/img\/mountain.svg\" style=\"width: 25px;\"> <strong>Dificuldade: <\/strong>Intermedi\u00e1rio<\/td><td><img decoding=\"async\" alt=\"icon calendar\" src=\"https:\/\/dreamy.tours\/wp-content\/themes\/dreamytours\/img\/calendar.svg\" style=\"width: 25px;\"> <strong>Temporada: <\/strong>Ano inteiro<\/td><\/tr><\/tbody><\/table><\/figure>\n\n\n<div class=\"wp-block-image\">\n<figure class=\"aligncenter size-full is-resized advgb-dyn-b3780199\"><a href=\"https:\/\/api.whatsapp.com\/send\/?phone=51969787221&amp;text&amp;app_absent=0\" target=\"_blank\" rel=\"noopener\"><img decoding=\"async\" src=\"https:\/\/dreamy.tours\/wp-content\/uploads\/2021\/09\/boton-whatsapp.png\" alt=\"boton whatsapp\" class=\"wp-image-2224\" width=\"181\" height=\"46\"\/><\/a><\/figure>\n<\/div>\n\n<div class=\"responsive-tabs\">\n<h2 class=\"tabtitle\"><span class=\"fa fa-list-alt\"><\/span>Itiner\u00e1rio<\/h2>\n<div class=\"tabcontent\">\n\n\n\n\n<h2 class=\"wp-block-heading advgb-dyn-bb045dcb\">Calend\u00e1rio:<\/h2>\n\n\n\n<div class=\"wp-block-advgb-list advgb-dyn-cdde750b\"><ul class=\"advgblist-ae4a2a09-55d6-4925-91ad-a7621a83ceb7 advgb-list advgb-list-controls-play\">\n<li>Sa\u00edda 09: 00 da manh\u00e3.<\/li>\n\n\n\n<li>Retorno: 19:00 h aprox.<\/li>\n\n\n\n<li>Dura\u00e7\u00e3o: 10 horas.<\/li>\n<\/ul><\/div>\n\n\n\n<h2 class=\"wp-block-heading advgb-dyn-3868e399\">Durante o passeio voc\u00ea visitara:<\/h2>\n\n\n\n<div class=\"wp-block-advgb-list advgb-dyn-e48e85a7\"><ul class=\"advgblist-20af007d-2d6f-4259-a82c-fbaf0d1396a8 advgb-list advgb-list-arrow-right-alt2\">\n<li>Lagoa de Querococha.<\/li>\n\n\n\n<li>Templo de Chavin. <\/li>\n<\/ul><\/div>\n\n\n\n<p>Nossa excurs\u00e3o come\u00e7a com a retirada de seu hotel \u00e0s 8.50 da manh\u00e3, durante nosso passeio observaremos: a lata de Recuy, Ticapampa, cata, La Laguna de Querococha, cruzaremos a cordilheira branca atrav\u00e9s do t\u00fanel de Cahuish e desceremos at\u00e9 chegarmos a Chavin.<\/p>\n\n\n\n<p>Visitaremos as instala\u00e7\u00f5es do Monumento Arqueol\u00f3gico de Chavin de Huantar, apreciaremos a cabe\u00e7a pregada, o Lazon de Chavin, o P\u00f3rtico de las Falconidad, a rede de galerias subterr\u00e2neas e o Museu Nacional.<\/p>\n\n\n\n<p>Finalmente voltamos \u00e0 Huaraz.<\/p>\n\n\n\n<\/div><h2 class=\"tabtitle\"><span class=\"fa fa-list-ol\"><\/span>Inclui<\/h2>\n<div class=\"tabcontent\">\n\n\n\n\n<h3 class=\"wp-block-heading advgb-dyn-0a3f2748\">TOUR INCLU\u00cd<\/h3>\n\n\n\n<p>*Traslado do hotel<\/p>\n\n\n\n<p>*Servi\u00e7o de tour privado ou compartilhado<\/p>\n\n\n\n<p>*Guia tur\u00edstico oficial em espanhol \u2014 ingl\u00eas.<\/p>\n\n\n\n<p>*Ingresso para os lugares a visitar.<\/p>\n\n\n\n<p>*Transporte tur\u00edstico.<\/p>\n\n\n\n<p>*Kit de primeiros socorros e bal\u00e3o de oxig\u00eanio.<\/p>\n\n\n\n<h3 class=\"wp-block-heading advgb-dyn-ac78c1d3\">N\u00c3O INCLUI<\/h3>\n\n\n\n<p>*Almo\u00e7o<\/p>\n\n\n\n<p>*Outros servi\u00e7os n\u00e3o especificados.<\/p>\n\n\n\n<h3 class=\"wp-block-heading advgb-dyn-3d74a866\">FALE CONOSCO<\/h3>\n\n\n\n<p>info@dreamy.tours<\/p>\n\n\n\n<p>reserve@dreamy.tours<\/p>\n\n\n\n<div class=\"wp-block-buttons is-horizontal is-content-justification-center is-layout-flex wp-container-core-buttons-is-layout-499968f5 wp-block-buttons-is-layout-flex\">\n<div class=\"wp-block-button advgb-dyn-b0d92f45\"><a class=\"wp-block-button__link has-white-color has-text-color has-background wp-element-button\" href=\"https:\/\/dreamy.tours\/pt-br\/politicas-da-empresa\/\" style=\"background-color:#f81845\">POL\u00cdTICAS DA EMPRESA<\/a><\/div>\n<\/div>\n\n\n\n<\/div><h2 class=\"tabtitle\"><span class=\"fa fa-book\"><\/span>Mais informa\u00e7\u00e3o<\/h2>\n<div class=\"tabcontent\">\n\n\n\n\n<h4 class=\"wp-block-heading advgb-dyn-f9731266\">CHAVIN DE HUANTAR<\/h4>\n\n\n\n<p>Chav\u00edn de Hu\u00e1ntar \u00e9 um complexo arqueol\u00f3gico constru\u00eddo pela cultura Chav\u00edn entre os s\u00e9culos II e I a.C. e utilizado at\u00e9 200 a.C., quando foi abandonado. O complexo arqueol\u00f3gico de Chav\u00edn de Hu\u00e1ntar \u00e9 o mais importante do departamento de Ancash, no centro do Peru.<\/p>\n\n\n\n<h4 class=\"wp-block-heading advgb-dyn-b332d1ff\">LOCALIZA\u00c7\u00c3O<\/h4>\n\n\n\n<p>O S\u00edtio Arqueol\u00f3gico Chav\u00edn est\u00e1 localizado na prov\u00edncia de Huari, Regi\u00e3o de Ancash. Foi um importante centro cerimonial e religioso que atraiu pessoas de diferentes partes do mundo andino para adorar os deuses que ali viviam.<\/p>\n\n\n\n<h4 class=\"wp-block-heading advgb-dyn-ca946dcf\">O que ver em Chavin de Huantar?<\/h4>\n\n\n\n<p>Suas estruturas, em forma de pir\u00e2mide truncada, s\u00e3o constru\u00eddas de pedra e argamassa de barro. Dentro voc\u00ea ainda pode apreciar o monol\u00edtico Lanzon, uma pedra esculpida de 4,54 m. de altura na qual est\u00e1 representada uma divindade antropom\u00f3rfica, possivelmente a mais importante do pante\u00e3o de Chavin.<\/p>\n\n\n\n<h4 class=\"wp-block-heading advgb-dyn-1d4f0439\">Quando ir para Chav\u00edn de Huantar?<\/h4>\n\n\n\n<p>A melhor \u00e9poca para ir \u00e9 durante a esta\u00e7\u00e3o seca, de abril at\u00e9 o final de setembro. Em outubro as chuvas come\u00e7am a cair, mas mesmo assim, por ser um lugar seco, n\u00e3o h\u00e1 problema para visit\u00e1-lo, exceto pela possibilidade de ter alguns problemas nos t\u00faneis de acesso.<\/p>\n\n\n\n<h4 class=\"wp-block-heading advgb-dyn-91e98d98\">Lagoa de Querococcha<\/h4>\n\n\n\n<div class=\"wp-block-advgb-list advgb-dyn-34ec0c08\"><ul class=\"advgblist-bfe875a6-9130-4532-95fd-f212374a0bdf advgb-list advgb-list-yes-alt\">\n<li>Localizada a 48 km da cidade de Huaraz (1 hora e 30 minutos), a uma altitude de 3980 m.a.s.l., na estrada para a cidade de Chavin.<\/li>\n\n\n\n<li>A visita a esta lagoa est\u00e1 inclu\u00edda no passeio ao Monumento Arqueol\u00f3gico de Chav\u00edn.<\/li>\n\n\n\n<li>A vegeta\u00e7\u00e3o da Lagoa Queroccocha \u00e9 composta de canas totora e diferentes variedades de gram\u00edneas.<\/li>\n<\/ul><\/div>\n\n\n\n<\/div><h2 class=\"tabtitle\"><span class=\"fa fa-money\"><\/span>Pre\u00e7os<\/h2>\n<div class=\"tabcontent\">\n\n\n\n\n<h3 class=\"wp-block-heading advgb-dyn-5332b508\">QUANTO CUSTA?<\/h3>\n\n\n\n<p>Temos pre\u00e7os alternativos para atender todos os or\u00e7amentos, pre\u00e7os por pessoa, expressos em d\u00f3lares americanos.<\/p>\n\n\n\n<p>Fa\u00e7a suas cota\u00e7\u00f5es e reservas pelo e-mail info@dreamy.tours, voc\u00ea pode entrar em contato com um de nossos executivos de vendas para os n\u00fameros de telefone abaixo, teremos prazer em atend\u00ea-lo.<\/p>\n\n\n\n<p><strong><strong><strong>Celular \u2013 WhatsApp:<\/strong> +51 969 787 221<br><strong>Celular \u2013 WhatsApp:<\/strong> +51 986 994 218<\/strong><\/strong><\/p>\n\n\n\n<h4 class=\"wp-block-heading advgb-dyn-4775cbf7\">COMO FAZER A RESERVA?<\/h4>\n\n\n\n<p>Para iniciar o processo de sua reserva, envie-nos as seguintes informa\u00e7\u00f5es:<\/p>\n\n\n\n<div class=\"wp-block-advgb-list advgb-dyn-d23e15ff\"><ul class=\"advgblist-1231ea0d-bb1d-440b-bfab-3f29ec9bcbd2 advgb-list advgb-list-admin-post\">\n<li>Nome e sobrenome:<\/li>\n\n\n\n<li>N\u00famero do passaporte:<\/li>\n\n\n\n<li>Nacionalidade:<\/li>\n\n\n\n<li>Data de nascimento:<\/li>\n\n\n\n<li>Data de nascimento: Sexo:<\/li>\n\n\n\n<li>N\u00famero de telefone:<\/li>\n\n\n\n<li>\u00c9 muito importante que suas informa\u00e7\u00f5es sobre seu hotel na cidade de Cusco, para que possamos busc\u00e1-lo l\u00e1 no in\u00edcio do passeio.<\/li>\n<\/ul><\/div>\n\n\n\n<p><strong><strong>Para confirmar reservas, exigimos 50% do pagamento com anteced\u00eancia e os outros 50% podem ser pagos na chegada ao seu destino.<\/strong><\/strong><\/p>\n\n\n\n<h4 class=\"wp-block-heading advgb-dyn-283947d6\" id=\"h-m-todos-de-pago\">FORMAS DE PAGAMENTO<\/h4>\n\n\n\n<div class=\"wp-block-advgb-list advgb-dyn-b6e2586c\"><ul class=\"advgblist-5e832a39-3346-458f-982b-707f7feead8e advgb-list advgb-list-admin-post\">\n<li>IZIPAY<\/li>\n\n\n\n<li>PAYPAL<\/li>\n\n\n\n<li>WESTER UNION<\/li>\n\n\n\n<li>MONEYGRAM<\/li>\n\n\n\n<li>TRANSFER\u00caNCIA BANCARIA PARA O NOSSO BANCO NO PERU<\/li>\n<\/ul><\/div>\n\n\n\n<div class=\"wp-block-buttons is-horizontal is-content-justification-center is-layout-flex wp-container-core-buttons-is-layout-499968f5 wp-block-buttons-is-layout-flex\">\n<div class=\"wp-block-button is-style-fill advgb-dyn-7e40130f\"><a class=\"wp-block-button__link has-white-color has-text-color has-background wp-element-button\" href=\"https:\/\/dreamy.tours\/pt-br\/metodos-de-pagamento\/\" style=\"border-radius:4px;background-color:#f81845\" target=\"_blank\" rel=\"noreferrer noopener\">Detalhes da forma de pagamento aqui<\/a><\/div>\n<\/div>\n\n\n<\/div><\/div>\n<style class=\"advgb-styles-renderer\">.wp-block-advgb-list ul.advgblist-ae4a2a09-55d6-4925-91ad-a7621a83ceb7 > li{font-size:16px;}.wp-block-advgb-list ul.advgblist-ae4a2a09-55d6-4925-91ad-a7621a83ceb7 > li{padding-left:18px;margin-left:0;}.wp-block-advgb-list ul.advgblist-ae4a2a09-55d6-4925-91ad-a7621a83ceb7 > li:before{font-size:16px;color:#ff0000;line-height:18px;margin:2px;padding:2px;margin-left:-20px}.wp-block-advgb-list ul.advgblist-20af007d-2d6f-4259-a82c-fbaf0d1396a8 > li{font-size:16px;}.wp-block-advgb-list ul.advgblist-20af007d-2d6f-4259-a82c-fbaf0d1396a8 > li{padding-left:18px;margin-left:0;}.wp-block-advgb-list ul.advgblist-20af007d-2d6f-4259-a82c-fbaf0d1396a8 > li:before{font-size:16px;color:#ff0000;line-height:18px;margin:2px;padding:2px;margin-left:-20px}.wp-block-advgb-list ul.advgblist-bfe875a6-9130-4532-95fd-f212374a0bdf > li{font-size:16px;}.wp-block-advgb-list ul.advgblist-bfe875a6-9130-4532-95fd-f212374a0bdf > li{padding-left:18px;margin-left:0;}.wp-block-advgb-list ul.advgblist-bfe875a6-9130-4532-95fd-f212374a0bdf > li:before{font-size:16px;color:#ff0000;line-height:18px;margin:2px;padding:2px;margin-left:-20px}.wp-block-advgb-list ul.advgblist-1231ea0d-bb1d-440b-bfab-3f29ec9bcbd2 > li{font-size:16px;}.wp-block-advgb-list ul.advgblist-1231ea0d-bb1d-440b-bfab-3f29ec9bcbd2 > li{padding-left:18px;margin-left:0;}.wp-block-advgb-list ul.advgblist-1231ea0d-bb1d-440b-bfab-3f29ec9bcbd2 > li:before{font-size:16px;color:#cf2e2e;line-height:18px;margin:2px;padding:2px;margin-left:-20px}.wp-block-advgb-list ul.advgblist-5e832a39-3346-458f-982b-707f7feead8e > li{font-size:16px;}.wp-block-advgb-list ul.advgblist-5e832a39-3346-458f-982b-707f7feead8e > li{padding-left:18px;margin-left:0;}.wp-block-advgb-list ul.advgblist-5e832a39-3346-458f-982b-707f7feead8e > li:before{font-size:16px;color:#cf2e2e;line-height:18px;margin:2px;padding:2px;margin-left:-20px}<\/style>","protected":false},"excerpt":{"rendered":"<p>Pacote: Lima, Cusco e Puno 9 Dias \/ 8 Noites. Este Pacote Voc\u00ea visitar\u00e1 os principais pontos do pa\u00eds, iniciando pela capital, Lima .<\/p>\n","protected":false},"author":4,"featured_media":3609,"parent":4350,"menu_order":0,"comment_status":"closed","ping_status":"closed","template":"page-tours.php","meta":{"_acf_changed":false,"advgb_blocks_editor_width":"","advgb_blocks_columns_visual_guide":"","footnotes":""},"class_list":["post-10344","page","type-page","status-publish","has-post-thumbnail","hentry"],"acf":[],"yoast_head":"<!-- This site is optimized with the Yoast SEO Premium plugin v25.4 (Yoast SEO v27.4) - https:\/\/yoast.com\/product\/yoast-seo-premium-wordpress\/ -->\n<title>Chavin de Huantar \u2013 Lagoa de Querococcha - Dreamy Tours<\/title>\n<meta name=\"description\" content=\"Com esse passeio, tour a Chavin de Huantar, recue no tempo e descubra os mist\u00e9rios da antiga civiliza\u00e7\u00e3o Chavin. Visite as Ru\u00ednas..\" \/>\n<meta name=\"robots\" content=\"index, follow, max-snippet:-1, max-image-preview:large, max-video-preview:-1\" \/>\n<link rel=\"canonical\" href=\"https:\/\/dreamy.tours\/pt-br\/huaraz\/chavin-huantar-lagoa-querococcha\/\" \/>\n<meta property=\"og:locale\" content=\"pt_BR\" \/>\n<meta property=\"og:type\" content=\"article\" \/>\n<meta property=\"og:title\" content=\"Chavin de Huantar \u2013 Lagoa de Querococcha\" \/>\n<meta property=\"og:description\" content=\"Com esse passeio, tour a Chavin de Huantar, recue no tempo e descubra os mist\u00e9rios da antiga civiliza\u00e7\u00e3o Chavin. Visite as Ru\u00ednas..\" \/>\n<meta property=\"og:url\" content=\"https:\/\/dreamy.tours\/pt-br\/huaraz\/chavin-huantar-lagoa-querococcha\/\" \/>\n<meta property=\"og:site_name\" content=\"Dreamy Tours\" \/>\n<meta property=\"article:publisher\" content=\"https:\/\/www.facebook.com\/dreamytours\" \/>\n<meta property=\"article:modified_time\" content=\"2023-07-27T23:11:41+00:00\" \/>\n<meta property=\"og:image\" content=\"https:\/\/dreamy.tours\/wp-content\/uploads\/2021\/09\/Laguna-de-Querococcha-chavin-.jpg\" \/>\n\t<meta property=\"og:image:width\" content=\"1100\" \/>\n\t<meta property=\"og:image:height\" content=\"400\" \/>\n\t<meta property=\"og:image:type\" content=\"image\/jpeg\" \/>\n<meta name=\"twitter:card\" content=\"summary_large_image\" \/>\n<meta name=\"twitter:site\" content=\"@Dreamy_tours\" \/>\n<meta name=\"twitter:label1\" content=\"Est. tempo de leitura\" \/>\n\t<meta name=\"twitter:data1\" content=\"5 minutos\" \/>\n<script type=\"application\/ld+json\" class=\"yoast-schema-graph\">{\"@context\":\"https:\\\/\\\/schema.org\",\"@graph\":[{\"@type\":\"WebPage\",\"@id\":\"https:\\\/\\\/dreamy.tours\\\/pt-br\\\/huaraz\\\/chavin-huantar-lagoa-querococcha\\\/\",\"url\":\"https:\\\/\\\/dreamy.tours\\\/pt-br\\\/huaraz\\\/chavin-huantar-lagoa-querococcha\\\/\",\"name\":\"Chavin de Huantar \u2013 Lagoa de Querococcha - Dreamy Tours\",\"isPartOf\":{\"@id\":\"https:\\\/\\\/dreamy.tours\\\/pt-br\\\/#website\"},\"primaryImageOfPage\":{\"@id\":\"https:\\\/\\\/dreamy.tours\\\/pt-br\\\/huaraz\\\/chavin-huantar-lagoa-querococcha\\\/#primaryimage\"},\"image\":{\"@id\":\"https:\\\/\\\/dreamy.tours\\\/pt-br\\\/huaraz\\\/chavin-huantar-lagoa-querococcha\\\/#primaryimage\"},\"thumbnailUrl\":\"https:\\\/\\\/dreamy.tours\\\/wp-content\\\/uploads\\\/2021\\\/09\\\/Laguna-de-Querococcha-chavin-.jpg\",\"datePublished\":\"2021-10-27T15:56:00+00:00\",\"dateModified\":\"2023-07-27T23:11:41+00:00\",\"description\":\"Com esse passeio, tour a Chavin de Huantar, recue no tempo e descubra os mist\u00e9rios da antiga civiliza\u00e7\u00e3o Chavin. Visite as Ru\u00ednas..\",\"breadcrumb\":{\"@id\":\"https:\\\/\\\/dreamy.tours\\\/pt-br\\\/huaraz\\\/chavin-huantar-lagoa-querococcha\\\/#breadcrumb\"},\"inLanguage\":\"pt-BR\",\"potentialAction\":[{\"@type\":\"ReadAction\",\"target\":[\"https:\\\/\\\/dreamy.tours\\\/pt-br\\\/huaraz\\\/chavin-huantar-lagoa-querococcha\\\/\"]}]},{\"@type\":\"ImageObject\",\"inLanguage\":\"pt-BR\",\"@id\":\"https:\\\/\\\/dreamy.tours\\\/pt-br\\\/huaraz\\\/chavin-huantar-lagoa-querococcha\\\/#primaryimage\",\"url\":\"https:\\\/\\\/dreamy.tours\\\/wp-content\\\/uploads\\\/2021\\\/09\\\/Laguna-de-Querococcha-chavin-.jpg\",\"contentUrl\":\"https:\\\/\\\/dreamy.tours\\\/wp-content\\\/uploads\\\/2021\\\/09\\\/Laguna-de-Querococcha-chavin-.jpg\",\"width\":1100,\"height\":400,\"caption\":\"Laguna Querococcha - Huaraz\"},{\"@type\":\"BreadcrumbList\",\"@id\":\"https:\\\/\\\/dreamy.tours\\\/pt-br\\\/huaraz\\\/chavin-huantar-lagoa-querococcha\\\/#breadcrumb\",\"itemListElement\":[{\"@type\":\"ListItem\",\"position\":1,\"name\":\"Home\",\"item\":\"https:\\\/\\\/dreamy.tours\\\/pt-br\\\/\"},{\"@type\":\"ListItem\",\"position\":2,\"name\":\"Passeios em Huaraz\",\"item\":\"https:\\\/\\\/dreamy.tours\\\/pt-br\\\/huaraz\\\/\"},{\"@type\":\"ListItem\",\"position\":3,\"name\":\"Chavin de Huantar \u2013 Lagoa de Querococcha\"}]},{\"@type\":\"WebSite\",\"@id\":\"https:\\\/\\\/dreamy.tours\\\/pt-br\\\/#website\",\"url\":\"https:\\\/\\\/dreamy.tours\\\/pt-br\\\/\",\"name\":\"Dreamy Tours\",\"description\":\"\",\"publisher\":{\"@id\":\"https:\\\/\\\/dreamy.tours\\\/pt-br\\\/#organization\"},\"potentialAction\":[{\"@type\":\"SearchAction\",\"target\":{\"@type\":\"EntryPoint\",\"urlTemplate\":\"https:\\\/\\\/dreamy.tours\\\/pt-br\\\/?s={search_term_string}\"},\"query-input\":{\"@type\":\"PropertyValueSpecification\",\"valueRequired\":true,\"valueName\":\"search_term_string\"}}],\"inLanguage\":\"pt-BR\"},{\"@type\":\"Organization\",\"@id\":\"https:\\\/\\\/dreamy.tours\\\/pt-br\\\/#organization\",\"name\":\"Dreamy Tours\",\"url\":\"https:\\\/\\\/dreamy.tours\\\/pt-br\\\/\",\"logo\":{\"@type\":\"ImageObject\",\"inLanguage\":\"pt-BR\",\"@id\":\"https:\\\/\\\/dreamy.tours\\\/pt-br\\\/#\\\/schema\\\/logo\\\/image\\\/\",\"url\":\"https:\\\/\\\/dreamy.tours\\\/wp-content\\\/uploads\\\/dreamy-tour-cuadrado.jpg\",\"contentUrl\":\"https:\\\/\\\/dreamy.tours\\\/wp-content\\\/uploads\\\/dreamy-tour-cuadrado.jpg\",\"width\":696,\"height\":696,\"caption\":\"Dreamy Tours\"},\"image\":{\"@id\":\"https:\\\/\\\/dreamy.tours\\\/pt-br\\\/#\\\/schema\\\/logo\\\/image\\\/\"},\"sameAs\":[\"https:\\\/\\\/www.facebook.com\\\/dreamytours\",\"https:\\\/\\\/x.com\\\/Dreamy_tours\",\"https:\\\/\\\/www.instagram.com\\\/dreamy_tours\\\/\",\"https:\\\/\\\/www.pinterest.es\\\/dreamy_tours\\\/\",\"https:\\\/\\\/www.youtube.com\\\/channel\\\/UCGKP_C9x8GBYl7l8D0QD9Fg\"]}]}<\/script>\n<!-- \/ Yoast SEO Premium plugin. -->","yoast_head_json":{"title":"Chavin de Huantar \u2013 Lagoa de Querococcha - Dreamy Tours","description":"Com esse passeio, tour a Chavin de Huantar, recue no tempo e descubra os mist\u00e9rios da antiga civiliza\u00e7\u00e3o Chavin. Visite as Ru\u00ednas..","robots":{"index":"index","follow":"follow","max-snippet":"max-snippet:-1","max-image-preview":"max-image-preview:large","max-video-preview":"max-video-preview:-1"},"canonical":"https:\/\/dreamy.tours\/pt-br\/huaraz\/chavin-huantar-lagoa-querococcha\/","og_locale":"pt_BR","og_type":"article","og_title":"Chavin de Huantar \u2013 Lagoa de Querococcha","og_description":"Com esse passeio, tour a Chavin de Huantar, recue no tempo e descubra os mist\u00e9rios da antiga civiliza\u00e7\u00e3o Chavin. Visite as Ru\u00ednas..","og_url":"https:\/\/dreamy.tours\/pt-br\/huaraz\/chavin-huantar-lagoa-querococcha\/","og_site_name":"Dreamy Tours","article_publisher":"https:\/\/www.facebook.com\/dreamytours","article_modified_time":"2023-07-27T23:11:41+00:00","og_image":[{"width":1100,"height":400,"url":"https:\/\/dreamy.tours\/wp-content\/uploads\/2021\/09\/Laguna-de-Querococcha-chavin-.jpg","type":"image\/jpeg"}],"twitter_card":"summary_large_image","twitter_site":"@Dreamy_tours","twitter_misc":{"Est. tempo de leitura":"5 minutos"},"schema":{"@context":"https:\/\/schema.org","@graph":[{"@type":"WebPage","@id":"https:\/\/dreamy.tours\/pt-br\/huaraz\/chavin-huantar-lagoa-querococcha\/","url":"https:\/\/dreamy.tours\/pt-br\/huaraz\/chavin-huantar-lagoa-querococcha\/","name":"Chavin de Huantar \u2013 Lagoa de Querococcha - Dreamy Tours","isPartOf":{"@id":"https:\/\/dreamy.tours\/pt-br\/#website"},"primaryImageOfPage":{"@id":"https:\/\/dreamy.tours\/pt-br\/huaraz\/chavin-huantar-lagoa-querococcha\/#primaryimage"},"image":{"@id":"https:\/\/dreamy.tours\/pt-br\/huaraz\/chavin-huantar-lagoa-querococcha\/#primaryimage"},"thumbnailUrl":"https:\/\/dreamy.tours\/wp-content\/uploads\/2021\/09\/Laguna-de-Querococcha-chavin-.jpg","datePublished":"2021-10-27T15:56:00+00:00","dateModified":"2023-07-27T23:11:41+00:00","description":"Com esse passeio, tour a Chavin de Huantar, recue no tempo e descubra os mist\u00e9rios da antiga civiliza\u00e7\u00e3o Chavin. Visite as Ru\u00ednas..","breadcrumb":{"@id":"https:\/\/dreamy.tours\/pt-br\/huaraz\/chavin-huantar-lagoa-querococcha\/#breadcrumb"},"inLanguage":"pt-BR","potentialAction":[{"@type":"ReadAction","target":["https:\/\/dreamy.tours\/pt-br\/huaraz\/chavin-huantar-lagoa-querococcha\/"]}]},{"@type":"ImageObject","inLanguage":"pt-BR","@id":"https:\/\/dreamy.tours\/pt-br\/huaraz\/chavin-huantar-lagoa-querococcha\/#primaryimage","url":"https:\/\/dreamy.tours\/wp-content\/uploads\/2021\/09\/Laguna-de-Querococcha-chavin-.jpg","contentUrl":"https:\/\/dreamy.tours\/wp-content\/uploads\/2021\/09\/Laguna-de-Querococcha-chavin-.jpg","width":1100,"height":400,"caption":"Laguna Querococcha - Huaraz"},{"@type":"BreadcrumbList","@id":"https:\/\/dreamy.tours\/pt-br\/huaraz\/chavin-huantar-lagoa-querococcha\/#breadcrumb","itemListElement":[{"@type":"ListItem","position":1,"name":"Home","item":"https:\/\/dreamy.tours\/pt-br\/"},{"@type":"ListItem","position":2,"name":"Passeios em Huaraz","item":"https:\/\/dreamy.tours\/pt-br\/huaraz\/"},{"@type":"ListItem","position":3,"name":"Chavin de Huantar \u2013 Lagoa de Querococcha"}]},{"@type":"WebSite","@id":"https:\/\/dreamy.tours\/pt-br\/#website","url":"https:\/\/dreamy.tours\/pt-br\/","name":"Dreamy Tours","description":"","publisher":{"@id":"https:\/\/dreamy.tours\/pt-br\/#organization"},"potentialAction":[{"@type":"SearchAction","target":{"@type":"EntryPoint","urlTemplate":"https:\/\/dreamy.tours\/pt-br\/?s={search_term_string}"},"query-input":{"@type":"PropertyValueSpecification","valueRequired":true,"valueName":"search_term_string"}}],"inLanguage":"pt-BR"},{"@type":"Organization","@id":"https:\/\/dreamy.tours\/pt-br\/#organization","name":"Dreamy Tours","url":"https:\/\/dreamy.tours\/pt-br\/","logo":{"@type":"ImageObject","inLanguage":"pt-BR","@id":"https:\/\/dreamy.tours\/pt-br\/#\/schema\/logo\/image\/","url":"https:\/\/dreamy.tours\/wp-content\/uploads\/dreamy-tour-cuadrado.jpg","contentUrl":"https:\/\/dreamy.tours\/wp-content\/uploads\/dreamy-tour-cuadrado.jpg","width":696,"height":696,"caption":"Dreamy Tours"},"image":{"@id":"https:\/\/dreamy.tours\/pt-br\/#\/schema\/logo\/image\/"},"sameAs":["https:\/\/www.facebook.com\/dreamytours","https:\/\/x.com\/Dreamy_tours","https:\/\/www.instagram.com\/dreamy_tours\/","https:\/\/www.pinterest.es\/dreamy_tours\/","https:\/\/www.youtube.com\/channel\/UCGKP_C9x8GBYl7l8D0QD9Fg"]}]}},"coauthors":[],"author_meta":{"author_link":"https:\/\/dreamy.tours\/pt-br\/blog\/author\/dreamy_upt\/","display_name":"Bento J."},"relative_dates":{"created":"Publicado 4 anos atr\u00e1s","modified":"Atualizado 3 anos atr\u00e1s"},"absolute_dates":{"created":"Publicado em 27 outubro, 2021","modified":"Atualizado em 27 julho, 2023"},"absolute_dates_time":{"created":"Publicado em 27 outubro, 2021 10:56 am","modified":"Atualizado em 27 julho, 2023 6:11 pm"},"featured_img_caption":"Laguna Querococcha - Huaraz","featured_img":"https:\/\/dreamy.tours\/wp-content\/uploads\/2021\/09\/Laguna-de-Querococcha-chavin-.jpg","series_order":"","_links":{"self":[{"href":"https:\/\/dreamy.tours\/pt-br\/wp-json\/wp\/v2\/pages\/10344","targetHints":{"allow":["GET"]}}],"collection":[{"href":"https:\/\/dreamy.tours\/pt-br\/wp-json\/wp\/v2\/pages"}],"about":[{"href":"https:\/\/dreamy.tours\/pt-br\/wp-json\/wp\/v2\/types\/page"}],"author":[{"embeddable":true,"href":"https:\/\/dreamy.tours\/pt-br\/wp-json\/wp\/v2\/users\/4"}],"replies":[{"embeddable":true,"href":"https:\/\/dreamy.tours\/pt-br\/wp-json\/wp\/v2\/comments?post=10344"}],"version-history":[{"count":0,"href":"https:\/\/dreamy.tours\/pt-br\/wp-json\/wp\/v2\/pages\/10344\/revisions"}],"up":[{"embeddable":true,"href":"https:\/\/dreamy.tours\/pt-br\/wp-json\/wp\/v2\/pages\/4350"}],"wp:featuredmedia":[{"embeddable":true,"href":"https:\/\/dreamy.tours\/pt-br\/wp-json\/wp\/v2\/media\/3609"}],"wp:attachment":[{"href":"https:\/\/dreamy.tours\/pt-br\/wp-json\/wp\/v2\/media?parent=10344"}],"curies":[{"name":"wp","href":"https:\/\/api.w.org\/{rel}","templated":true}]}}