{"id":7406,"date":"2021-10-05T16:28:15","date_gmt":"2021-10-05T21:28:15","guid":{"rendered":"https:\/\/dreamy.tours\/company-policies\/"},"modified":"2023-03-08T17:18:37","modified_gmt":"2023-03-08T22:18:37","slug":"politicas-terminos-condiciones","status":"publish","type":"page","link":"https:\/\/dreamy.tours\/es\/politicas-terminos-condiciones\/","title":{"rendered":"Politicas, Terminos &#038; Condiciones"},"content":{"rendered":"\n<p>\u201cEl sistema peruano de servicios y producciones es diferente al de su pa\u00eds, le recomendamos que lo lea atentamente\u201d.<\/p>\n\n\n\n<h2 class=\"wp-block-heading\">POLITICAS DE PROGRAMACI\u00d3N (SOFTWARE)<\/h2>\n\n\n\n<p>Los programas de actividades se planifican con sumo cuidado, aunque, por motivos operativos, puede ser necesario cambiar el orden de los activados en el itinerario o la ruta concreta (conocimiento previo del cliente) y, aunque estos casos pueden ser excepcionales, el itinerario en general, solo debe tomarse como una gu\u00eda b\u00e1sica.<\/p>\n\n\n\n<h2 class=\"wp-block-heading\">RESPONSABILIDAD<\/h2>\n\n\n\n<h3 class=\"wp-block-heading\">DE LA AGENCIA:<\/h3>\n\n\n\n<p>En todos los viajes, Dreamy Tours act\u00faa en nombre de nuestros clientes, organizando los medios de transporte necesarios, alojamiento u otros servicios tur\u00edsticos en su nombre.<\/p>\n\n\n\n<ul class=\"has-16-font-size wp-block-list\">\n<li class=\"advgb-dyn-f237cf2e\">En casos de accidentes, p\u00e9rdidas, retrasos o interferencias durante el recorrido, causas de fuerza mayor u otros eventos, la agencia no asume la responsabilidad, especialmente en lo que respecta a programas u horarios.<\/li>\n\n\n\n<li class=\"advgb-dyn-9a7a23e0\">Dreamy Tours por razones de seguridad se reserva el derecho de alterar o cancelar el itinerario de viaje, en caso de presentarse las siguientes coyunturas: fen\u00f3menos naturales, problemas pol\u00edticos, epidemias y \/ o circunstancias ajenas a nuestra organizaci\u00f3n.\u00a0En estos casos, no habr\u00e1 devoluci\u00f3n de dinero por parte de la empresa.<\/li>\n\n\n\n<li class=\"advgb-dyn-594ea4a3\">Por la seguridad del grupo, la agencia se reserva el derecho de limitar la participaci\u00f3n de todo pasajero a las actividades que se consideren oportunas, esto con la intenci\u00f3n de salvaguardar la vida de sus clientes.<\/li>\n\n\n\n<li class=\"advgb-dyn-4280adbf\">Durante el desarrollo del tour contratado, la agencia no se responsabiliza por enfermedades contra\u00eddas, discapacidades f\u00edsicas o mentales que pudiera poner en peligro la integridad del pasajero o terceros que impliquen una limitaci\u00f3n \/ Impedimento en la prestaci\u00f3n del servicio tur\u00edstico. Por lo tanto, la empresa NO reconocer\u00e1 ning\u00fan reclamo o devoluci\u00f3n por los conceptos mencionados, incluyendo los casos en los que no se manifiesta ning\u00fan problema en condiciones normales.<\/li>\n<\/ul>\n\n\n\n<h3 class=\"wp-block-heading\">DEL PASAJERO:<\/h3>\n\n\n\n<p>Es responsabilidad del pasajero contar con todos los requisitos necesarios para su viaje,<br>tales como:<\/p>\n\n\n\n<ul class=\"wp-block-list\">\n<li>Visas<\/li>\n\n\n\n<li>Pasaportes<\/li>\n\n\n\n<li>Tarjeta actualizada de ISIC (en caso de ser estudiante)<\/li>\n\n\n\n<li>Tarjeta migratoria andina (TAM) emitida por el Departamento de Migraci\u00f3n<\/li>\n\n\n\n<li>Vacunas<\/li>\n\n\n\n<li>Autorizaciones para menores de edad<\/li>\n\n\n\n<li>Entre otros.<\/li>\n<\/ul>\n\n\n\n<p>En caso de no contar con ellos, puede ocasionar retrasos, cancelaciones de servicios, pago de impuestos (IGV), entre otros contratiempos.<\/p>\n\n\n\n<ul class=\"wp-block-list\">\n<li>El viajero debe informar a la empresa la existencia de las limitaciones mencionadas antes de contratar los servicios de la agencia con el fin de recomendar SERVICIOS\/ITINERARIOS ESPECIFICOS que aborden los impedimentos mencionados.<\/li>\n\n\n\n<li>Antes de contratar los servicios de la agencia, el pasajero deber\u00e1 informar con anterioridad la existencia de las limitaciones mencionadas, para que se le pueda brindar asesoramiento\/servicios espec\u00edficos que no aborden los impedimentos mencionados.<\/li>\n\n\n\n<li>En caso de que el pasajero se encuentre en estado de ebriedad y represente un riesgo potencial para \u00e9l mismo y la integridad del grupo (con previa evaluaci\u00f3n del gu\u00eda al inicio del recorrido) no podr\u00e1 realizar el tour por lo mismo que ser\u00eda una amenaza para la salud del grupo y del propio pasajero.<\/li>\n<\/ul>\n\n\n\n<h3 class=\"wp-block-heading\">POL\u00cdTICAS SOBRE LA APLICACI\u00d3N DE TARIFAS<\/h3>\n\n\n\n<ul class=\"wp-block-list\">\n<li>Todas las tarifas est\u00e1n expresadas en d\u00f3lares estadounidenses (opcional para cambio de moneda) y est\u00e1n programadas por persona.<\/li>\n\n\n\n<li>Todas nuestras tarifas est\u00e1n sujetas a disponibilidad y cambios.<\/li>\n\n\n\n<li>Los ni\u00f1os menores de 02 y 11 meses se consideran INF (beb\u00e9s), no pagan por ning\u00fan servicio y no tienen derecho a comida, cama o asiento en las salidas.<\/li>\n\n\n\n<li>Los ni\u00f1os de 3 a 10 a\u00f1os y 11 meses se consideran CHD (ni\u00f1o), tienen una tarifa especial y comparten habitaci\u00f3n con sus padres.<\/li>\n\n\n\n<li>Mayores de 11 a\u00f1os considerados adultos.<\/li>\n\n\n\n<li>Los menores deben viajar con documento de identidad.<\/li>\n\n\n\n<li>Las tarifas no se aplican para eventos festivos, tales como: Semana Santa, puentes, Navidad, A\u00f1o Nuevo o celebraciones nacionales.<\/li>\n<\/ul>\n\n\n\n<h3 class=\"wp-block-heading\">POLITICAS DE RESERVAS, DEP\u00d3SITOS Y ANULACI\u00d3N<\/h3>\n\n\n\n<p>En caso no exista confirmaci\u00f3n por escrito y cancelaci\u00f3n del monto acordado por el viajero o cualquier otra empresa mediadora en su compra, NO se podr\u00e1 considerar reserva alguna.\u00a0Asimismo, en algunos casos especiales e incluso habiendo realizado el respectivo dep\u00f3sito monetario, se debe esperar la reconfirmaci\u00f3n de la reserva debido a las restricciones o condiciones reglamentarias en el pa\u00eds de un prestador de servicios.<\/p>\n\n\n\n<ol class=\"wp-block-list\">\n<li>El precio de los servicios tur\u00edsticos y \/ o paquetes ofrecidos por nuestra empresa est\u00e1n expresados \u200b\u200ben d\u00f3lares estadounidenses, cuyo valor final ser\u00e1 acordado entre el cliente y nuestro departamento de reservas a trav\u00e9s del correo electr\u00f3nico, info@dreamy.tours.<\/li>\n\n\n\n<li>Todas las reservas deben realizarse por correo electr\u00f3nico a info@dreamy.tours.\n<ul class=\"wp-block-list\">\n<li>Nombres y Apellidos<\/li>\n\n\n\n<li>N\u00fameros de pasaporte<\/li>\n\n\n\n<li>Nacionalidad<\/li>\n\n\n\n<li>Fecha de nacimiento.<\/li>\n<\/ul>\n<\/li>\n\n\n\n<li>Se aceptar\u00e1n cambios de reserva, itinerario, fechas y participantes seg\u00fan disponibilidad y el correspondiente pago de multas y gastos administrativos.<\/li>\n\n\n\n<li>Para todas las solicitudes de Paquete de viajes, Camino Inca y\/u otros Caminos alternativos, se requiere un dep\u00f3sito de USD 150.00. As\u00ed mismo el saldo restante se podr\u00e1 pagar en la oficina de Dreamy Tours o depositar a la cuenta del banco faltando 48 horas de iniciar el itinerario de viaje.<\/li>\n\n\n\n<li>Para el descuento como estudiante: Se requiere una copia escaneada de la tarjeta de estudiante (ISIC), este debe ser v\u00e1lido de 6 meses en adelante, por la temporada que desea hacer el camino inca y\/u otros servicios. En caso de no recibir la copia del carnet de estudiante (ISIC), junto con el formulario de reserva, la agencia proceder\u00e1 a hacer la compra del ingreso como adulto.<\/li>\n\n\n\n<li>El cliente puede cancelar la reserva del paquete en cualquier momento, la cancelaci\u00f3n deber\u00e1 ser solicitada al siguiente email: info@dreamy.tours. Y de acuerdo a nuestra pol\u00edtica de cancelaci\u00f3n, se aplicar\u00e1 el porcentaje que se muestra a continuaci\u00f3n:<\/li>\n<\/ol>\n\n\n\n<div class=\"wp-block-columns is-layout-flex wp-container-core-columns-is-layout-9d6595d7 wp-block-columns-is-layout-flex\">\n<div class=\"wp-block-column is-layout-flow wp-block-column-is-layout-flow\" style=\"flex-basis:100%\">\n<figure class=\"wp-block-table\"><table><tbody><tr><td>+-30 D\u00edas<\/td><td>PAQUETE DE VIAJE Y\/O INCA TRAIL \/ RUTAS ALTERNAS, el costo de anulaci\u00f3n es $150.00<\/td><\/tr><tr><td>15-10 days<\/td><td>PAQUETE DE VIAJE Y\/O INCA TRAIL \/ RUTAS ALTERNAS, el costo de anulaci\u00f3n es 60% del Costo total.<\/td><\/tr><tr><td>9-7 days<\/td><td>PAQUETE DE VIAJE Y\/O INCA TRAIL \/ RUTAS ALTERNAS, el costo de anulaci\u00f3n es 80% del Costo total.<\/td><\/tr><tr><td>6 days <\/td><td>PAQUETE DE VIAJE Y\/O INCA TRAIL \/ RUTAS ALTERNAS, el costo de anulaci\u00f3n es 100% del Costo total.<\/td><\/tr><\/tbody><\/table><\/figure>\n<\/div>\n<\/div>\n\n\n\n<p>En caso de presentarse una reprogramaci\u00f3n o reembolso se presentan las siguientes<br>pol\u00edticas:<\/p>\n\n\n\n<ul class=\"wp-block-list\">\n<li>Los reembolsos se efectuar\u00e1n de acuerdo al contrato de servicio brindado al momento de pactar la venta.<\/li>\n\n\n\n<li>Las tarifas preferenciales NO est\u00e1n sujetas a reembolsos ni a cambios.<\/li>\n\n\n\n<li>De acuerdo a nuestras pol\u00edticas, el prepago que se solicita de USD 150.00\u00a0por persona no es reembolsable.<\/li>\n\n\n\n<li>Los programas en fechas especiales, Semana Santa, Fiestas Patrias, A\u00f1o Nuevo, feriados largos, bloqueos y otros como ofertas especiales, etc., se reservar\u00e1n previo prepago descrito en cada uno de las cotizaciones de los programas en condici\u00f3n de no reembolsable.<\/li>\n<\/ul>\n","protected":false},"excerpt":{"rendered":"<p>\u201cEl sistema peruano de servicios y producciones es diferente al de su pa\u00eds, le recomendamos que lo lea atentamente\u201d. POLITICAS DE PROGRAMACI\u00d3N (&#8230;<\/p>\n","protected":false},"author":1,"featured_media":3257,"parent":0,"menu_order":0,"comment_status":"closed","ping_status":"closed","template":"","meta":{"_acf_changed":false,"advgb_blocks_editor_width":"","advgb_blocks_columns_visual_guide":"","footnotes":""},"class_list":["post-7406","page","type-page","status-publish","has-post-thumbnail","hentry"],"acf":[],"yoast_head":"<!-- This site is optimized with the Yoast SEO Premium plugin v25.4 (Yoast SEO v27.4) - https:\/\/yoast.com\/product\/yoast-seo-premium-wordpress\/ -->\n<title>Politicas de Compa\u00f1ia | Dreamy Tours<\/title>\n<meta name=\"description\" content=\"El sistema peruano de servicios y producciones es diferente al de su pa\u00eds, le recomendamos que lo lea atentamente nuestras pol\u00edticas.\" \/>\n<meta name=\"robots\" content=\"index, follow, max-snippet:-1, max-image-preview:large, max-video-preview:-1\" \/>\n<link rel=\"canonical\" href=\"https:\/\/dreamy.tours\/es\/politicas-terminos-condiciones\/\" \/>\n<meta property=\"og:locale\" content=\"es_ES\" \/>\n<meta property=\"og:type\" content=\"article\" \/>\n<meta property=\"og:title\" content=\"Politicas, Terminos &amp; Condiciones\" \/>\n<meta property=\"og:description\" content=\"El sistema peruano de servicios y producciones es diferente al de su pa\u00eds, le recomendamos que lo lea atentamente nuestras pol\u00edticas.\" \/>\n<meta property=\"og:url\" content=\"https:\/\/dreamy.tours\/es\/politicas-terminos-condiciones\/\" \/>\n<meta property=\"og:site_name\" content=\"Dreamy Tours\" \/>\n<meta property=\"article:publisher\" content=\"https:\/\/www.facebook.com\/dreamytours\" \/>\n<meta property=\"article:modified_time\" content=\"2023-03-08T22:18:37+00:00\" \/>\n<meta property=\"og:image\" content=\"https:\/\/dreamy.tours\/wp-content\/uploads\/2021\/09\/lima-portada-tour.jpg\" \/>\n\t<meta property=\"og:image:width\" content=\"1900\" \/>\n\t<meta property=\"og:image:height\" content=\"600\" \/>\n\t<meta property=\"og:image:type\" content=\"image\/jpeg\" \/>\n<meta name=\"twitter:card\" content=\"summary_large_image\" \/>\n<meta name=\"twitter:site\" content=\"@Dreamy_tours\" \/>\n<meta name=\"twitter:label1\" content=\"Tiempo de lectura\" \/>\n\t<meta name=\"twitter:data1\" content=\"4 minutos\" \/>\n<script type=\"application\/ld+json\" class=\"yoast-schema-graph\">{\"@context\":\"https:\\\/\\\/schema.org\",\"@graph\":[{\"@type\":\"WebPage\",\"@id\":\"https:\\\/\\\/dreamy.tours\\\/es\\\/politicas-terminos-condiciones\\\/\",\"url\":\"https:\\\/\\\/dreamy.tours\\\/es\\\/politicas-terminos-condiciones\\\/\",\"name\":\"Politicas de Compa\u00f1ia | Dreamy Tours\",\"isPartOf\":{\"@id\":\"https:\\\/\\\/dreamy.tours\\\/es\\\/#website\"},\"primaryImageOfPage\":{\"@id\":\"https:\\\/\\\/dreamy.tours\\\/es\\\/politicas-terminos-condiciones\\\/#primaryimage\"},\"image\":{\"@id\":\"https:\\\/\\\/dreamy.tours\\\/es\\\/politicas-terminos-condiciones\\\/#primaryimage\"},\"thumbnailUrl\":\"https:\\\/\\\/dreamy.tours\\\/wp-content\\\/uploads\\\/2021\\\/09\\\/lima-portada-tour.jpg\",\"datePublished\":\"2021-10-05T21:28:15+00:00\",\"dateModified\":\"2023-03-08T22:18:37+00:00\",\"description\":\"El sistema peruano de servicios y producciones es diferente al de su pa\u00eds, le recomendamos que lo lea atentamente nuestras pol\u00edticas.\",\"breadcrumb\":{\"@id\":\"https:\\\/\\\/dreamy.tours\\\/es\\\/politicas-terminos-condiciones\\\/#breadcrumb\"},\"inLanguage\":\"es\",\"potentialAction\":[{\"@type\":\"ReadAction\",\"target\":[\"https:\\\/\\\/dreamy.tours\\\/es\\\/politicas-terminos-condiciones\\\/\"]}]},{\"@type\":\"ImageObject\",\"inLanguage\":\"es\",\"@id\":\"https:\\\/\\\/dreamy.tours\\\/es\\\/politicas-terminos-condiciones\\\/#primaryimage\",\"url\":\"https:\\\/\\\/dreamy.tours\\\/wp-content\\\/uploads\\\/2021\\\/09\\\/lima-portada-tour.jpg\",\"contentUrl\":\"https:\\\/\\\/dreamy.tours\\\/wp-content\\\/uploads\\\/2021\\\/09\\\/lima-portada-tour.jpg\",\"width\":1900,\"height\":600,\"caption\":\"Barranco Peru\"},{\"@type\":\"BreadcrumbList\",\"@id\":\"https:\\\/\\\/dreamy.tours\\\/es\\\/politicas-terminos-condiciones\\\/#breadcrumb\",\"itemListElement\":[{\"@type\":\"ListItem\",\"position\":1,\"name\":\"Home\",\"item\":\"https:\\\/\\\/dreamy.tours\\\/es\\\/\"},{\"@type\":\"ListItem\",\"position\":2,\"name\":\"Politicas, Terminos &#038; Condiciones\"}]},{\"@type\":\"WebSite\",\"@id\":\"https:\\\/\\\/dreamy.tours\\\/es\\\/#website\",\"url\":\"https:\\\/\\\/dreamy.tours\\\/es\\\/\",\"name\":\"Dreamy Tours\",\"description\":\"\",\"publisher\":{\"@id\":\"https:\\\/\\\/dreamy.tours\\\/es\\\/#organization\"},\"potentialAction\":[{\"@type\":\"SearchAction\",\"target\":{\"@type\":\"EntryPoint\",\"urlTemplate\":\"https:\\\/\\\/dreamy.tours\\\/es\\\/?s={search_term_string}\"},\"query-input\":{\"@type\":\"PropertyValueSpecification\",\"valueRequired\":true,\"valueName\":\"search_term_string\"}}],\"inLanguage\":\"es\"},{\"@type\":\"Organization\",\"@id\":\"https:\\\/\\\/dreamy.tours\\\/es\\\/#organization\",\"name\":\"Dreamy Tours\",\"url\":\"https:\\\/\\\/dreamy.tours\\\/es\\\/\",\"logo\":{\"@type\":\"ImageObject\",\"inLanguage\":\"es\",\"@id\":\"https:\\\/\\\/dreamy.tours\\\/es\\\/#\\\/schema\\\/logo\\\/image\\\/\",\"url\":\"https:\\\/\\\/dreamy.tours\\\/wp-content\\\/uploads\\\/dreamy-tour-cuadrado.jpg\",\"contentUrl\":\"https:\\\/\\\/dreamy.tours\\\/wp-content\\\/uploads\\\/dreamy-tour-cuadrado.jpg\",\"width\":696,\"height\":696,\"caption\":\"Dreamy Tours\"},\"image\":{\"@id\":\"https:\\\/\\\/dreamy.tours\\\/es\\\/#\\\/schema\\\/logo\\\/image\\\/\"},\"sameAs\":[\"https:\\\/\\\/www.facebook.com\\\/dreamytours\",\"https:\\\/\\\/x.com\\\/Dreamy_tours\",\"https:\\\/\\\/www.instagram.com\\\/dreamy_tours\\\/\",\"https:\\\/\\\/www.pinterest.es\\\/dreamy_tours\\\/\",\"https:\\\/\\\/www.youtube.com\\\/channel\\\/UCGKP_C9x8GBYl7l8D0QD9Fg\"]}]}<\/script>\n<!-- \/ Yoast SEO Premium plugin. -->","yoast_head_json":{"title":"Politicas de Compa\u00f1ia | Dreamy Tours","description":"El sistema peruano de servicios y producciones es diferente al de su pa\u00eds, le recomendamos que lo lea atentamente nuestras pol\u00edticas.","robots":{"index":"index","follow":"follow","max-snippet":"max-snippet:-1","max-image-preview":"max-image-preview:large","max-video-preview":"max-video-preview:-1"},"canonical":"https:\/\/dreamy.tours\/es\/politicas-terminos-condiciones\/","og_locale":"es_ES","og_type":"article","og_title":"Politicas, Terminos & Condiciones","og_description":"El sistema peruano de servicios y producciones es diferente al de su pa\u00eds, le recomendamos que lo lea atentamente nuestras pol\u00edticas.","og_url":"https:\/\/dreamy.tours\/es\/politicas-terminos-condiciones\/","og_site_name":"Dreamy Tours","article_publisher":"https:\/\/www.facebook.com\/dreamytours","article_modified_time":"2023-03-08T22:18:37+00:00","og_image":[{"width":1900,"height":600,"url":"https:\/\/dreamy.tours\/wp-content\/uploads\/2021\/09\/lima-portada-tour.jpg","type":"image\/jpeg"}],"twitter_card":"summary_large_image","twitter_site":"@Dreamy_tours","twitter_misc":{"Tiempo de lectura":"4 minutos"},"schema":{"@context":"https:\/\/schema.org","@graph":[{"@type":"WebPage","@id":"https:\/\/dreamy.tours\/es\/politicas-terminos-condiciones\/","url":"https:\/\/dreamy.tours\/es\/politicas-terminos-condiciones\/","name":"Politicas de Compa\u00f1ia | Dreamy Tours","isPartOf":{"@id":"https:\/\/dreamy.tours\/es\/#website"},"primaryImageOfPage":{"@id":"https:\/\/dreamy.tours\/es\/politicas-terminos-condiciones\/#primaryimage"},"image":{"@id":"https:\/\/dreamy.tours\/es\/politicas-terminos-condiciones\/#primaryimage"},"thumbnailUrl":"https:\/\/dreamy.tours\/wp-content\/uploads\/2021\/09\/lima-portada-tour.jpg","datePublished":"2021-10-05T21:28:15+00:00","dateModified":"2023-03-08T22:18:37+00:00","description":"El sistema peruano de servicios y producciones es diferente al de su pa\u00eds, le recomendamos que lo lea atentamente nuestras pol\u00edticas.","breadcrumb":{"@id":"https:\/\/dreamy.tours\/es\/politicas-terminos-condiciones\/#breadcrumb"},"inLanguage":"es","potentialAction":[{"@type":"ReadAction","target":["https:\/\/dreamy.tours\/es\/politicas-terminos-condiciones\/"]}]},{"@type":"ImageObject","inLanguage":"es","@id":"https:\/\/dreamy.tours\/es\/politicas-terminos-condiciones\/#primaryimage","url":"https:\/\/dreamy.tours\/wp-content\/uploads\/2021\/09\/lima-portada-tour.jpg","contentUrl":"https:\/\/dreamy.tours\/wp-content\/uploads\/2021\/09\/lima-portada-tour.jpg","width":1900,"height":600,"caption":"Barranco Peru"},{"@type":"BreadcrumbList","@id":"https:\/\/dreamy.tours\/es\/politicas-terminos-condiciones\/#breadcrumb","itemListElement":[{"@type":"ListItem","position":1,"name":"Home","item":"https:\/\/dreamy.tours\/es\/"},{"@type":"ListItem","position":2,"name":"Politicas, Terminos &#038; Condiciones"}]},{"@type":"WebSite","@id":"https:\/\/dreamy.tours\/es\/#website","url":"https:\/\/dreamy.tours\/es\/","name":"Dreamy Tours","description":"","publisher":{"@id":"https:\/\/dreamy.tours\/es\/#organization"},"potentialAction":[{"@type":"SearchAction","target":{"@type":"EntryPoint","urlTemplate":"https:\/\/dreamy.tours\/es\/?s={search_term_string}"},"query-input":{"@type":"PropertyValueSpecification","valueRequired":true,"valueName":"search_term_string"}}],"inLanguage":"es"},{"@type":"Organization","@id":"https:\/\/dreamy.tours\/es\/#organization","name":"Dreamy Tours","url":"https:\/\/dreamy.tours\/es\/","logo":{"@type":"ImageObject","inLanguage":"es","@id":"https:\/\/dreamy.tours\/es\/#\/schema\/logo\/image\/","url":"https:\/\/dreamy.tours\/wp-content\/uploads\/dreamy-tour-cuadrado.jpg","contentUrl":"https:\/\/dreamy.tours\/wp-content\/uploads\/dreamy-tour-cuadrado.jpg","width":696,"height":696,"caption":"Dreamy Tours"},"image":{"@id":"https:\/\/dreamy.tours\/es\/#\/schema\/logo\/image\/"},"sameAs":["https:\/\/www.facebook.com\/dreamytours","https:\/\/x.com\/Dreamy_tours","https:\/\/www.instagram.com\/dreamy_tours\/","https:\/\/www.pinterest.es\/dreamy_tours\/","https:\/\/www.youtube.com\/channel\/UCGKP_C9x8GBYl7l8D0QD9Fg"]}]}},"coauthors":[],"author_meta":{"author_link":"https:\/\/dreamy.tours\/es\/blog\/author\/admin_dt\/","display_name":"Dreamy Tours"},"relative_dates":{"created":"Publicado 5 a\u00f1os hace","modified":"Actualizado 3 a\u00f1os hace"},"absolute_dates":{"created":"Publicado el 5 octubre, 2021","modified":"Actualizado el 8 marzo, 2023"},"absolute_dates_time":{"created":"Publicado el 5 octubre, 2021 4:28 pm","modified":"Actualizado el 8 marzo, 2023 5:18 pm"},"featured_img_caption":"Barranco Peru","featured_img":"https:\/\/dreamy.tours\/wp-content\/uploads\/2021\/09\/lima-portada-tour.jpg","series_order":"","_links":{"self":[{"href":"https:\/\/dreamy.tours\/es\/wp-json\/wp\/v2\/pages\/7406","targetHints":{"allow":["GET"]}}],"collection":[{"href":"https:\/\/dreamy.tours\/es\/wp-json\/wp\/v2\/pages"}],"about":[{"href":"https:\/\/dreamy.tours\/es\/wp-json\/wp\/v2\/types\/page"}],"author":[{"embeddable":true,"href":"https:\/\/dreamy.tours\/es\/wp-json\/wp\/v2\/users\/1"}],"replies":[{"embeddable":true,"href":"https:\/\/dreamy.tours\/es\/wp-json\/wp\/v2\/comments?post=7406"}],"version-history":[{"count":0,"href":"https:\/\/dreamy.tours\/es\/wp-json\/wp\/v2\/pages\/7406\/revisions"}],"wp:featuredmedia":[{"embeddable":true,"href":"https:\/\/dreamy.tours\/es\/wp-json\/wp\/v2\/media\/3257"}],"wp:attachment":[{"href":"https:\/\/dreamy.tours\/es\/wp-json\/wp\/v2\/media?parent=7406"}],"curies":[{"name":"wp","href":"https:\/\/api.w.org\/{rel}","templated":true}]}}