{"id":42497,"date":"2025-10-17T18:53:30","date_gmt":"2025-10-17T23:53:30","guid":{"rendered":"https:\/\/dreamy.tours\/?page_id=42497"},"modified":"2025-10-22T15:35:53","modified_gmt":"2025-10-22T20:35:53","slug":"entrega-de-utiles-escolares","status":"publish","type":"page","link":"https:\/\/dreamy.tours\/es\/proyecto-social\/entrega-de-utiles-escolares\/","title":{"rendered":"Entrega de Utiles Escolares"},"content":{"rendered":"\n<p>En <strong>Dreamy Tours<\/strong> creemos que cada ni\u00f1o merece comenzar el a\u00f1o escolar con ilusi\u00f3n y las herramientas necesarias para aprender. Desde hace varios a\u00f1os, nuestro equipo se une para llevar <strong>\u00fatiles escolares, mochilas y materiales educativos<\/strong> a ni\u00f1os de comunidades rurales del Cusco y del Valle Sagrado.<\/p>\n\n\n\n<p>Esta iniciativa naci\u00f3 del deseo de <strong>apoyar la educaci\u00f3n y motivar a los m\u00e1s peque\u00f1os<\/strong> a seguir so\u00f1ando. Cada entrega es una oportunidad para compartir sonrisas, esperanza y recordar que la educaci\u00f3n es el camino hacia un futuro mejor.<\/p>\n\n\n\n<p>M\u00e1s que entregar materiales, buscamos <strong>sembrar confianza y alegr\u00eda<\/strong> en cada ni\u00f1o, reafirmando nuestro compromiso con las comunidades que siempre nos reciben con los brazos abiertos. En Dreamy Tours seguimos creyendo que un peque\u00f1o gesto puede <strong>cambiar muchas historias<\/strong>.<\/p>\n\n\n\n<div class=\"wp-block-advgb-columns advgb-columns-wrapper\" id=\"advgb-cols-08a6f852-9b12-4977-a50f-4674ee23ebfa\"><div class=\"advgb-columns-container\"><div class=\"advgb-columns advgb-columns-row advgb-is-mobile advgb-columns-1 layout-100 mbl-layout-stacked vgutter-10\">\n<div class=\"wp-block-advgb-column advgb-column\" id=\"advgb-col-0b795908-062d-435a-a584-6f3edbe844c4\"><div class=\"advgb-column-inner\" style=\"border-style:solid;border-width:1px;border-radius:5px\">\n<figure class=\"wp-block-gallery has-nested-images columns-default is-cropped wp-block-gallery-1 is-layout-flex wp-block-gallery-is-layout-flex\">\n<figure class=\"wp-block-image size-large\"><img decoding=\"async\" width=\"1200\" height=\"686\" data-id=\"42499\" src=\"https:\/\/dreamy.tours\/wp-content\/uploads\/utiles-5.webp\" alt=\"\" class=\"wp-image-42499\" srcset=\"https:\/\/dreamy.tours\/wp-content\/uploads\/utiles-5.webp 1200w, https:\/\/dreamy.tours\/wp-content\/uploads\/utiles-5-768x439.webp 768w\" sizes=\"(max-width: 1200px) 100vw, 1200px\" \/><\/figure>\n\n\n\n<figure class=\"wp-block-image size-large\"><img decoding=\"async\" width=\"1200\" height=\"686\" data-id=\"42504\" src=\"https:\/\/dreamy.tours\/wp-content\/uploads\/utiles-4.webp\" alt=\"\" class=\"wp-image-42504\" srcset=\"https:\/\/dreamy.tours\/wp-content\/uploads\/utiles-4.webp 1200w, https:\/\/dreamy.tours\/wp-content\/uploads\/utiles-4-768x439.webp 768w\" sizes=\"(max-width: 1200px) 100vw, 1200px\" \/><\/figure>\n\n\n\n<figure class=\"wp-block-image size-large\"><img decoding=\"async\" width=\"1200\" height=\"686\" data-id=\"42505\" src=\"https:\/\/dreamy.tours\/wp-content\/uploads\/utiles-3.webp\" alt=\"\" class=\"wp-image-42505\" srcset=\"https:\/\/dreamy.tours\/wp-content\/uploads\/utiles-3.webp 1200w, https:\/\/dreamy.tours\/wp-content\/uploads\/utiles-3-768x439.webp 768w\" sizes=\"(max-width: 1200px) 100vw, 1200px\" \/><\/figure>\n\n\n\n<figure class=\"wp-block-image size-large\"><img decoding=\"async\" width=\"1200\" height=\"686\" data-id=\"42509\" src=\"https:\/\/dreamy.tours\/wp-content\/uploads\/utiles-2.webp\" alt=\"\" class=\"wp-image-42509\" srcset=\"https:\/\/dreamy.tours\/wp-content\/uploads\/utiles-2.webp 1200w, https:\/\/dreamy.tours\/wp-content\/uploads\/utiles-2-768x439.webp 768w\" sizes=\"(max-width: 1200px) 100vw, 1200px\" \/><\/figure>\n\n\n\n<figure class=\"wp-block-image size-large\"><img decoding=\"async\" width=\"1200\" height=\"686\" data-id=\"42503\" src=\"https:\/\/dreamy.tours\/wp-content\/uploads\/utiles-1.webp\" alt=\"\" class=\"wp-image-42503\" srcset=\"https:\/\/dreamy.tours\/wp-content\/uploads\/utiles-1.webp 1200w, https:\/\/dreamy.tours\/wp-content\/uploads\/utiles-1-768x439.webp 768w\" sizes=\"(max-width: 1200px) 100vw, 1200px\" \/><\/figure>\n\n\n\n<figure class=\"wp-block-image size-large\"><img decoding=\"async\" width=\"1200\" height=\"686\" data-id=\"42502\" src=\"https:\/\/dreamy.tours\/wp-content\/uploads\/utiles.webp\" alt=\"\" class=\"wp-image-42502\" srcset=\"https:\/\/dreamy.tours\/wp-content\/uploads\/utiles.webp 1200w, https:\/\/dreamy.tours\/wp-content\/uploads\/utiles-768x439.webp 768w\" sizes=\"(max-width: 1200px) 100vw, 1200px\" \/><\/figure>\n<\/figure>\n<\/div><\/div>\n<\/div><\/div><\/div>\n<style class=\"advgb-styles-renderer\">#advgb-col-0b795908-062d-435a-a584-6f3edbe844c4>.advgb-column-inner{padding-top:5px;padding-right:5px;padding-bottom:5px;padding-left:5px;}@media screen and (max-width: 1023px) {#advgb-col-0b795908-062d-435a-a584-6f3edbe844c4>.advgb-column-inner{}}@media screen and (max-width: 767px) {#advgb-col-0b795908-062d-435a-a584-6f3edbe844c4>.advgb-column-inner{}}#advgb-cols-08a6f852-9b12-4977-a50f-4674ee23ebfa{}@media screen and (max-width: 1023px) {#advgb-cols-08a6f852-9b12-4977-a50f-4674ee23ebfa{}}@media screen and (max-width: 767px) {#advgb-cols-08a6f852-9b12-4977-a50f-4674ee23ebfa{}}#advgb-col-0b795908-062d-435a-a584-6f3edbe844c4>.advgb-column-inner{padding-top:5px;padding-right:5px;padding-bottom:5px;padding-left:5px;}@media screen and (max-width: 1023px) {#advgb-col-0b795908-062d-435a-a584-6f3edbe844c4>.advgb-column-inner{}}@media screen and (max-width: 767px) {#advgb-col-0b795908-062d-435a-a584-6f3edbe844c4>.advgb-column-inner{}}<\/style>","protected":false},"excerpt":{"rendered":"<p>En Dreamy Tours creemos que cada ni\u00f1o merece comenzar el a\u00f1o escolar con ilusi\u00f3n y las herramientas necesarias para aprender. Desde hace varios a\u00f1&#8230;<\/p>\n","protected":false},"author":5,"featured_media":42517,"parent":42428,"menu_order":0,"comment_status":"closed","ping_status":"closed","template":"","meta":{"_acf_changed":false,"advgb_blocks_editor_width":"","advgb_blocks_columns_visual_guide":"","footnotes":""},"class_list":["post-42497","page","type-page","status-publish","has-post-thumbnail","hentry"],"acf":[],"yoast_head":"<!-- This site is optimized with the Yoast SEO Premium plugin v25.4 (Yoast SEO v27.4) - https:\/\/yoast.com\/product\/yoast-seo-premium-wordpress\/ -->\n<title>Entrega de Utiles Escolares - Dreamy Tours<\/title>\n<meta name=\"description\" content=\"Entraga de Utiles Escolares, en Dreamy Tours llevamos \u00fatiles escolares y mochilas a ni\u00f1os de comunidades rurales del Cusco. Apoyamos la educaci\u00f3n\" \/>\n<meta name=\"robots\" content=\"index, follow, max-snippet:-1, max-image-preview:large, max-video-preview:-1\" \/>\n<link rel=\"canonical\" href=\"https:\/\/dreamy.tours\/es\/proyecto-social\/entrega-de-utiles-escolares\/\" \/>\n<meta property=\"og:locale\" content=\"es_ES\" \/>\n<meta property=\"og:type\" content=\"article\" \/>\n<meta property=\"og:title\" content=\"Entrega de Utiles Escolares\" \/>\n<meta property=\"og:description\" content=\"Entraga de Utiles Escolares, en Dreamy Tours llevamos \u00fatiles escolares y mochilas a ni\u00f1os de comunidades rurales del Cusco. Apoyamos la educaci\u00f3n\" \/>\n<meta property=\"og:url\" content=\"https:\/\/dreamy.tours\/es\/proyecto-social\/entrega-de-utiles-escolares\/\" \/>\n<meta property=\"og:site_name\" content=\"Dreamy Tours\" \/>\n<meta property=\"article:publisher\" content=\"https:\/\/www.facebook.com\/dreamytours\" \/>\n<meta property=\"article:modified_time\" content=\"2025-10-22T20:35:53+00:00\" \/>\n<meta property=\"og:image\" content=\"https:\/\/dreamy.tours\/wp-content\/uploads\/proyecto-utiles-escolares.webp\" \/>\n\t<meta property=\"og:image:width\" content=\"2000\" \/>\n\t<meta property=\"og:image:height\" content=\"400\" \/>\n\t<meta property=\"og:image:type\" content=\"image\/webp\" \/>\n<meta name=\"twitter:card\" content=\"summary_large_image\" \/>\n<meta name=\"twitter:site\" content=\"@Dreamy_tours\" \/>\n<meta name=\"twitter:label1\" content=\"Tiempo de lectura\" \/>\n\t<meta name=\"twitter:data1\" content=\"1 minuto\" \/>\n<script type=\"application\/ld+json\" class=\"yoast-schema-graph\">{\"@context\":\"https:\\\/\\\/schema.org\",\"@graph\":[{\"@type\":\"WebPage\",\"@id\":\"https:\\\/\\\/dreamy.tours\\\/es\\\/proyecto-social\\\/entrega-de-utiles-escolares\\\/\",\"url\":\"https:\\\/\\\/dreamy.tours\\\/es\\\/proyecto-social\\\/entrega-de-utiles-escolares\\\/\",\"name\":\"Entrega de Utiles Escolares - Dreamy Tours\",\"isPartOf\":{\"@id\":\"https:\\\/\\\/dreamy.tours\\\/es\\\/#website\"},\"primaryImageOfPage\":{\"@id\":\"https:\\\/\\\/dreamy.tours\\\/es\\\/proyecto-social\\\/entrega-de-utiles-escolares\\\/#primaryimage\"},\"image\":{\"@id\":\"https:\\\/\\\/dreamy.tours\\\/es\\\/proyecto-social\\\/entrega-de-utiles-escolares\\\/#primaryimage\"},\"thumbnailUrl\":\"https:\\\/\\\/dreamy.tours\\\/wp-content\\\/uploads\\\/proyecto-utiles-escolares.webp\",\"datePublished\":\"2025-10-17T23:53:30+00:00\",\"dateModified\":\"2025-10-22T20:35:53+00:00\",\"description\":\"Entraga de Utiles Escolares, en Dreamy Tours llevamos \u00fatiles escolares y mochilas a ni\u00f1os de comunidades rurales del Cusco. Apoyamos la educaci\u00f3n\",\"breadcrumb\":{\"@id\":\"https:\\\/\\\/dreamy.tours\\\/es\\\/proyecto-social\\\/entrega-de-utiles-escolares\\\/#breadcrumb\"},\"inLanguage\":\"es\",\"potentialAction\":[{\"@type\":\"ReadAction\",\"target\":[\"https:\\\/\\\/dreamy.tours\\\/es\\\/proyecto-social\\\/entrega-de-utiles-escolares\\\/\"]}]},{\"@type\":\"ImageObject\",\"inLanguage\":\"es\",\"@id\":\"https:\\\/\\\/dreamy.tours\\\/es\\\/proyecto-social\\\/entrega-de-utiles-escolares\\\/#primaryimage\",\"url\":\"https:\\\/\\\/dreamy.tours\\\/wp-content\\\/uploads\\\/proyecto-utiles-escolares.webp\",\"contentUrl\":\"https:\\\/\\\/dreamy.tours\\\/wp-content\\\/uploads\\\/proyecto-utiles-escolares.webp\",\"width\":2000,\"height\":400},{\"@type\":\"BreadcrumbList\",\"@id\":\"https:\\\/\\\/dreamy.tours\\\/es\\\/proyecto-social\\\/entrega-de-utiles-escolares\\\/#breadcrumb\",\"itemListElement\":[{\"@type\":\"ListItem\",\"position\":1,\"name\":\"Home\",\"item\":\"https:\\\/\\\/dreamy.tours\\\/es\\\/\"},{\"@type\":\"ListItem\",\"position\":2,\"name\":\"Proyecto Social &#8211; Turismo con Prop\u00f3sito\",\"item\":\"https:\\\/\\\/dreamy.tours\\\/es\\\/proyecto-social\\\/\"},{\"@type\":\"ListItem\",\"position\":3,\"name\":\"Entrega de Utiles Escolares\"}]},{\"@type\":\"WebSite\",\"@id\":\"https:\\\/\\\/dreamy.tours\\\/es\\\/#website\",\"url\":\"https:\\\/\\\/dreamy.tours\\\/es\\\/\",\"name\":\"Dreamy Tours\",\"description\":\"\",\"publisher\":{\"@id\":\"https:\\\/\\\/dreamy.tours\\\/es\\\/#organization\"},\"potentialAction\":[{\"@type\":\"SearchAction\",\"target\":{\"@type\":\"EntryPoint\",\"urlTemplate\":\"https:\\\/\\\/dreamy.tours\\\/es\\\/?s={search_term_string}\"},\"query-input\":{\"@type\":\"PropertyValueSpecification\",\"valueRequired\":true,\"valueName\":\"search_term_string\"}}],\"inLanguage\":\"es\"},{\"@type\":\"Organization\",\"@id\":\"https:\\\/\\\/dreamy.tours\\\/es\\\/#organization\",\"name\":\"Dreamy Tours\",\"url\":\"https:\\\/\\\/dreamy.tours\\\/es\\\/\",\"logo\":{\"@type\":\"ImageObject\",\"inLanguage\":\"es\",\"@id\":\"https:\\\/\\\/dreamy.tours\\\/es\\\/#\\\/schema\\\/logo\\\/image\\\/\",\"url\":\"https:\\\/\\\/dreamy.tours\\\/wp-content\\\/uploads\\\/dreamy-tour-cuadrado.jpg\",\"contentUrl\":\"https:\\\/\\\/dreamy.tours\\\/wp-content\\\/uploads\\\/dreamy-tour-cuadrado.jpg\",\"width\":696,\"height\":696,\"caption\":\"Dreamy Tours\"},\"image\":{\"@id\":\"https:\\\/\\\/dreamy.tours\\\/es\\\/#\\\/schema\\\/logo\\\/image\\\/\"},\"sameAs\":[\"https:\\\/\\\/www.facebook.com\\\/dreamytours\",\"https:\\\/\\\/x.com\\\/Dreamy_tours\",\"https:\\\/\\\/www.instagram.com\\\/dreamy_tours\\\/\",\"https:\\\/\\\/www.pinterest.es\\\/dreamy_tours\\\/\",\"https:\\\/\\\/www.youtube.com\\\/channel\\\/UCGKP_C9x8GBYl7l8D0QD9Fg\"]}]}<\/script>\n<!-- \/ Yoast SEO Premium plugin. -->","yoast_head_json":{"title":"Entrega de Utiles Escolares - Dreamy Tours","description":"Entraga de Utiles Escolares, en Dreamy Tours llevamos \u00fatiles escolares y mochilas a ni\u00f1os de comunidades rurales del Cusco. Apoyamos la educaci\u00f3n","robots":{"index":"index","follow":"follow","max-snippet":"max-snippet:-1","max-image-preview":"max-image-preview:large","max-video-preview":"max-video-preview:-1"},"canonical":"https:\/\/dreamy.tours\/es\/proyecto-social\/entrega-de-utiles-escolares\/","og_locale":"es_ES","og_type":"article","og_title":"Entrega de Utiles Escolares","og_description":"Entraga de Utiles Escolares, en Dreamy Tours llevamos \u00fatiles escolares y mochilas a ni\u00f1os de comunidades rurales del Cusco. Apoyamos la educaci\u00f3n","og_url":"https:\/\/dreamy.tours\/es\/proyecto-social\/entrega-de-utiles-escolares\/","og_site_name":"Dreamy Tours","article_publisher":"https:\/\/www.facebook.com\/dreamytours","article_modified_time":"2025-10-22T20:35:53+00:00","og_image":[{"width":2000,"height":400,"url":"https:\/\/dreamy.tours\/wp-content\/uploads\/proyecto-utiles-escolares.webp","type":"image\/webp"}],"twitter_card":"summary_large_image","twitter_site":"@Dreamy_tours","twitter_misc":{"Tiempo de lectura":"1 minuto"},"schema":{"@context":"https:\/\/schema.org","@graph":[{"@type":"WebPage","@id":"https:\/\/dreamy.tours\/es\/proyecto-social\/entrega-de-utiles-escolares\/","url":"https:\/\/dreamy.tours\/es\/proyecto-social\/entrega-de-utiles-escolares\/","name":"Entrega de Utiles Escolares - Dreamy Tours","isPartOf":{"@id":"https:\/\/dreamy.tours\/es\/#website"},"primaryImageOfPage":{"@id":"https:\/\/dreamy.tours\/es\/proyecto-social\/entrega-de-utiles-escolares\/#primaryimage"},"image":{"@id":"https:\/\/dreamy.tours\/es\/proyecto-social\/entrega-de-utiles-escolares\/#primaryimage"},"thumbnailUrl":"https:\/\/dreamy.tours\/wp-content\/uploads\/proyecto-utiles-escolares.webp","datePublished":"2025-10-17T23:53:30+00:00","dateModified":"2025-10-22T20:35:53+00:00","description":"Entraga de Utiles Escolares, en Dreamy Tours llevamos \u00fatiles escolares y mochilas a ni\u00f1os de comunidades rurales del Cusco. Apoyamos la educaci\u00f3n","breadcrumb":{"@id":"https:\/\/dreamy.tours\/es\/proyecto-social\/entrega-de-utiles-escolares\/#breadcrumb"},"inLanguage":"es","potentialAction":[{"@type":"ReadAction","target":["https:\/\/dreamy.tours\/es\/proyecto-social\/entrega-de-utiles-escolares\/"]}]},{"@type":"ImageObject","inLanguage":"es","@id":"https:\/\/dreamy.tours\/es\/proyecto-social\/entrega-de-utiles-escolares\/#primaryimage","url":"https:\/\/dreamy.tours\/wp-content\/uploads\/proyecto-utiles-escolares.webp","contentUrl":"https:\/\/dreamy.tours\/wp-content\/uploads\/proyecto-utiles-escolares.webp","width":2000,"height":400},{"@type":"BreadcrumbList","@id":"https:\/\/dreamy.tours\/es\/proyecto-social\/entrega-de-utiles-escolares\/#breadcrumb","itemListElement":[{"@type":"ListItem","position":1,"name":"Home","item":"https:\/\/dreamy.tours\/es\/"},{"@type":"ListItem","position":2,"name":"Proyecto Social &#8211; Turismo con Prop\u00f3sito","item":"https:\/\/dreamy.tours\/es\/proyecto-social\/"},{"@type":"ListItem","position":3,"name":"Entrega de Utiles Escolares"}]},{"@type":"WebSite","@id":"https:\/\/dreamy.tours\/es\/#website","url":"https:\/\/dreamy.tours\/es\/","name":"Dreamy Tours","description":"","publisher":{"@id":"https:\/\/dreamy.tours\/es\/#organization"},"potentialAction":[{"@type":"SearchAction","target":{"@type":"EntryPoint","urlTemplate":"https:\/\/dreamy.tours\/es\/?s={search_term_string}"},"query-input":{"@type":"PropertyValueSpecification","valueRequired":true,"valueName":"search_term_string"}}],"inLanguage":"es"},{"@type":"Organization","@id":"https:\/\/dreamy.tours\/es\/#organization","name":"Dreamy Tours","url":"https:\/\/dreamy.tours\/es\/","logo":{"@type":"ImageObject","inLanguage":"es","@id":"https:\/\/dreamy.tours\/es\/#\/schema\/logo\/image\/","url":"https:\/\/dreamy.tours\/wp-content\/uploads\/dreamy-tour-cuadrado.jpg","contentUrl":"https:\/\/dreamy.tours\/wp-content\/uploads\/dreamy-tour-cuadrado.jpg","width":696,"height":696,"caption":"Dreamy Tours"},"image":{"@id":"https:\/\/dreamy.tours\/es\/#\/schema\/logo\/image\/"},"sameAs":["https:\/\/www.facebook.com\/dreamytours","https:\/\/x.com\/Dreamy_tours","https:\/\/www.instagram.com\/dreamy_tours\/","https:\/\/www.pinterest.es\/dreamy_tours\/","https:\/\/www.youtube.com\/channel\/UCGKP_C9x8GBYl7l8D0QD9Fg"]}]}},"coauthors":[],"author_meta":{"author_link":"https:\/\/dreamy.tours\/es\/blog\/author\/dreamy_t\/","display_name":"Clara M"},"relative_dates":{"created":"Publicado 6 meses hace","modified":"Actualizado 6 meses hace"},"absolute_dates":{"created":"Publicado el 17 octubre, 2025","modified":"Actualizado el 22 octubre, 2025"},"absolute_dates_time":{"created":"Publicado el 17 octubre, 2025 6:53 pm","modified":"Actualizado el 22 octubre, 2025 3:35 pm"},"featured_img_caption":"","featured_img":"https:\/\/dreamy.tours\/wp-content\/uploads\/proyecto-utiles-escolares.webp","series_order":"","_links":{"self":[{"href":"https:\/\/dreamy.tours\/es\/wp-json\/wp\/v2\/pages\/42497","targetHints":{"allow":["GET"]}}],"collection":[{"href":"https:\/\/dreamy.tours\/es\/wp-json\/wp\/v2\/pages"}],"about":[{"href":"https:\/\/dreamy.tours\/es\/wp-json\/wp\/v2\/types\/page"}],"author":[{"embeddable":true,"href":"https:\/\/dreamy.tours\/es\/wp-json\/wp\/v2\/users\/5"}],"replies":[{"embeddable":true,"href":"https:\/\/dreamy.tours\/es\/wp-json\/wp\/v2\/comments?post=42497"}],"version-history":[{"count":0,"href":"https:\/\/dreamy.tours\/es\/wp-json\/wp\/v2\/pages\/42497\/revisions"}],"up":[{"embeddable":true,"href":"https:\/\/dreamy.tours\/es\/wp-json\/wp\/v2\/pages\/42428"}],"wp:featuredmedia":[{"embeddable":true,"href":"https:\/\/dreamy.tours\/es\/wp-json\/wp\/v2\/media\/42517"}],"wp:attachment":[{"href":"https:\/\/dreamy.tours\/es\/wp-json\/wp\/v2\/media?parent=42497"}],"curies":[{"name":"wp","href":"https:\/\/api.w.org\/{rel}","templated":true}]}}