{"id":3594,"date":"2021-09-11T13:57:33","date_gmt":"2021-09-11T18:57:33","guid":{"rendered":"https:\/\/dreamy.tours\/?page_id=3594"},"modified":"2023-08-02T16:14:29","modified_gmt":"2023-08-02T21:14:29","slug":"chavin-de-huantar-full-day","status":"publish","type":"page","link":"https:\/\/dreamy.tours\/es\/huaraz\/chavin-de-huantar-full-day\/","title":{"rendered":"Chavin de Huantar &#8211; Laguna de Querococcha Full Day"},"content":{"rendered":"\n<p>Con el tour<strong> Chavin de Huantar<\/strong>, retroceda en el tiempo y descubra los misterios de la antigua civilizaci\u00f3n Chavin. Visite las Ruinas Escondidas de Huaraz.<\/p>\n\n\n\n<p><strong>Chavin de Huantar<\/strong> fue el centro administrativo y religioso de la <a href=\"https:\/\/dreamy.tours\/es\/cultura-peruana\/\">cultura de chav\u00edn,<\/a> fue declarado como patrimonio cultural de la humanidad el 06 de diciembre de 1985.<\/p>\n\n\n\n<p>Explore este fascinante asentamiento precolombino y vea c\u00f3mo refleja un rico patrimonio cultural con una excursi\u00f3n desde <strong>Huaraz<\/strong>.<\/p>\n\n\n\n<figure class=\"wp-block-table\"><table><tbody><tr><td><img decoding=\"async\" alt=\"icon clock\" src=\"https:\/\/dreamy.tours\/wp-content\/themes\/dreamytours\/img\/clock.svg\" style=\"width: 25px;\"> <strong>Duraci\u00f3n<\/strong>: 1 Dia<\/td><td><img decoding=\"async\" alt=\"icon altitude\" src=\"https:\/\/dreamy.tours\/wp-content\/themes\/dreamytours\/img\/altitude.svg\" style=\"width: 25px;\"> <strong>Altitud:<\/strong> 3.137&nbsp; m.s.n.m.<\/td><\/tr><tr><td><img decoding=\"async\" alt=\"icon mountain\" src=\"https:\/\/dreamy.tours\/wp-content\/themes\/dreamytours\/img\/mountain.svg\" style=\"width: 25px;\"> <strong>Dificultad: <\/strong>intermedia<\/td><td><img decoding=\"async\" alt=\"icon calendar\" src=\"https:\/\/dreamy.tours\/wp-content\/themes\/dreamytours\/img\/calendar.svg\" style=\"width: 25px;\"> <strong>Temporada: <\/strong>Todo el A\u00f1o<\/td><\/tr><\/tbody><\/table><\/figure>\n\n\n<div class=\"responsive-tabs\">\n<h2 class=\"tabtitle\"><span class=\"fa fa-list-alt\"><\/span>Itinerario<\/h2>\n<div class=\"tabcontent\">\n\n\n\n\n<h4 class=\"wp-block-heading advgb-dyn-e253f4a1\">Horarios:<\/h4>\n\n\n\n<div class=\"wp-block-advgb-list advgb-dyn-9e5524f3\"><ul class=\"advgblist-1a962649-46ce-4725-b552-61c3cd9d2455 advgb-list advgb-list-controls-play\">\n<li>Salida 09: 00 am<\/li>\n\n\n\n<li>Retorno: 07:00 pm aprox.<\/li>\n\n\n\n<li>Duraci\u00f3n: 10 horas<\/li>\n<\/ul><\/div>\n\n\n\n<h4 class=\"wp-block-heading advgb-dyn-80b16644\">Durante nuestro recorrido visita:<\/h4>\n\n\n\n<div class=\"wp-block-advgb-list advgb-dyn-d9a4d07b\"><ul class=\"advgblist-cc451084-ad7e-48ec-b024-34305ee2f710 advgb-list advgb-list-yes\">\n<li>Laguna de Querococha.<\/li>\n\n\n\n<li>Templo de Chav\u00edn.ante nuestro recorrido visita:<\/li>\n<\/ul><\/div>\n\n\n\n<p>Nuestro tour empieza con el recojo de su hotel a horas 8.50 am, durante nuestro recorrido observaremos: el puedo de Recuy, Ticapampa, cata, La Laguna de Querococha, atravesaremos la cordillera blanca por el t\u00fanel de Cahuish y descenderemos hasta llegar a <strong>Chav\u00edn<\/strong>.<\/p>\n\n\n\n<p>Visitaremos las instalaciones de Monumento Arqueologico de <strong>Chavin de Huantar<\/strong>, asi mismo apreciamos la cabeza clava, el Laz\u00f3n de Chav\u00edn, el P\u00f3rtico de las Falconidad, red de galer\u00edas subterr\u00e1neas y museo Nacional.<\/p>\n\n\n\n<p>Finalmente retornamos a Huaraz.<\/p>\n\n\n\n<\/div><h2 class=\"tabtitle\"><span class=\"fa fa-list-ol\"><\/span>Incluye<\/h2>\n<div class=\"tabcontent\">\n\n\n\n\n<h3 class=\"wp-block-heading advgb-dyn-a519cc08\">TOUR INCLUYE<\/h3>\n\n\n\n<div class=\"wp-block-advgb-list advgb-dyn-28c524a5\"><ul class=\"advgblist-96473f10-7c53-4526-a57c-a47ff449f8ab advgb-list advgb-list-yes\">\n<li>Recojo del Hotel<\/li>\n\n\n\n<li>Servicio de tours en compartido o Privado<\/li>\n\n\n\n<li>Guiad oficial de turismo en espa\u00f1ol \u2013 ingles<\/li>\n\n\n\n<li>Ticket de ingreso a los lugares a visitar.<\/li>\n\n\n\n<li>Transporte tur\u00edstico<\/li>\n\n\n\n<li>Botiqu\u00edn de primeros auxilios y bal\u00f3n de oxigeno<\/li>\n<\/ul><\/div>\n\n\n\n<h3 class=\"wp-block-heading advgb-dyn-60b64e18\">TOUR NO INCLUYE<\/h3>\n\n\n\n<div class=\"wp-block-advgb-list advgb-dyn-10fad7cd\"><ul class=\"advgblist-4c4394a3-5102-481a-b6f0-883f6996f52c advgb-list advgb-list-no\">\n<li>Almuerzo<\/li>\n\n\n\n<li>Otros servicios no especificados.<\/li>\n<\/ul><\/div>\n\n\n\n<h2 class=\"wp-block-heading advgb-dyn-dfd09ab6\">CONTACT US<\/h2>\n\n\n\n<div class=\"wp-block-advgb-list advgb-dyn-e335af27\"><ul class=\"advgblist-daab6d4e-c7f4-4fd8-80ed-fc40010d9f6c advgb-list advgb-list-arrow-right-alt2\">\n<li>info@dreamy.tours<\/li>\n\n\n\n<li>reserve@dreamy.tours<\/li>\n<\/ul><\/div>\n\n\n\n<div class=\"wp-block-buttons is-horizontal is-content-justification-center is-layout-flex wp-container-core-buttons-is-layout-499968f5 wp-block-buttons-is-layout-flex\">\n<div class=\"wp-block-button advgb-dyn-cc248a77\"><a class=\"wp-block-button__link has-white-color has-text-color has-background wp-element-button\" href=\"https:\/\/dreamy.tours\/es\/politicas-de-compania\/\" style=\"background-color:#f81845\">POLITICAS DE COMPA\u00d1IA<\/a><\/div>\n<\/div>\n\n\n\n<\/div><h2 class=\"tabtitle\"><span class=\"fa fa-book\"><\/span>M\u00e1s Informaci\u00f3n<\/h2>\n<div class=\"tabcontent\">\n\n\n\n\n<h3 class=\"wp-block-heading advgb-dyn-2818e28c\">CHAVIN DE HUANTAR<\/h3>\n\n\n\n<p>Chav\u00edn de Hu\u00e1ntar es un complejo arqueol\u00f3gico construido por la cultura chav\u00edn entre los siglos II y I antes de Cristo y utilizado hasta el 200 a. C., cuando fue abandonado. El complejo arqueol\u00f3gico de Chav\u00edn de Hu\u00e1ntar es el m\u00e1s importante del departamento de \u00c1ncash, en la zona central de Per\u00fa.<\/p>\n\n\n\n<h3 class=\"wp-block-heading advgb-dyn-fbb6aa86\">UBICACI\u00d3N<\/h3>\n\n\n\n<p>El Sitio Arqueol\u00f3gico&nbsp;<strong>Chav\u00edn se ubica<\/strong>&nbsp;en la provincia de Huari, Regi\u00f3n Ancash. Fue un importante centro ceremonial y religioso que atrajo gente de diversas partes del mundo andino a rendir culto a los dioses que moraban en \u00e9l.<\/p>\n\n\n\n<h3 class=\"wp-block-heading advgb-dyn-9e458a6f\">\u00bfQue ver en Chavin de Huantar?<\/h3>\n\n\n\n<p>Sus estructuras, de forma de pir\u00e1mide trunca, est\u00e1n construidas a base de piedra y argamasa de barro. En su interior a\u00fan puede apreciarse el <strong>Lanz\u00f3n monol\u00edtico<\/strong>, piedra tallada de 4,54 m. de altura en la que se observa representada una divinidad antropomorfa, posiblemente la m\u00e1s importante del pante\u00f3n chav\u00edn.<\/p>\n\n\n\n<h3 class=\"wp-block-heading advgb-dyn-c63da9dc\">\u00bfCu\u00e1ndo ir a Chav\u00edn de Huantar?<\/h3>\n\n\n\n<p>La mejor \u00e9poca es hacerlo en temporada seca, que abarca los meses Abril hasta finales de Septiembre. En Octubre comienzan las lluvias a\u00fan as\u00ed al ser un lugar seco no hay problema para visitarlo a excepci\u00f3n de poder tener alg\u00fan problema en los t\u00faneles de acceso.<\/p>\n\n\n\n<h3 class=\"wp-block-heading advgb-dyn-2490f659\">Laguna de Querococcha<\/h3>\n\n\n\n<div class=\"wp-block-advgb-list advgb-dyn-9dc395d0\"><ul class=\"advgblist-d6048f82-1750-4c39-904a-3e2588358d41 advgb-list advgb-list-yes-alt\">\n<li>Ubicada a 48 km de la ciudad de Huaraz (1 hora 30 minutos), a una altitud de 3980 m.s.n.m. en la ruta con destino a la localidad de Chav\u00edn.<\/li>\n\n\n\n<li>La visita a esta laguna se incluye dentro del tour al Monumento Arqueol\u00f3gico de Chav\u00edn.<\/li>\n\n\n\n<li>La vegetaci\u00f3n de la Laguna de Queroccocha, est\u00e1 compuesta por totora y diferentes variedades de gram\u00edneas.<\/li>\n<\/ul><\/div>\n\n\n\n<\/div><h2 class=\"tabtitle\"><span class=\"fa fa-money\"><\/span>Precios<\/h2>\n<div class=\"tabcontent\">\n\n\n\n\n<h3 class=\"wp-block-heading advgb-dyn-3f3cf632\">\u00bfCU\u00c1NTO CUESTA?<\/h3>\n\n\n\n<p>Tenemos alternativas de precios que se acomodan a todos los presupuestos, precios por personas, expresado en D\u00f3lares Americanos.<\/p>\n\n\n\n<p>Realice sus cotizaciones y reservas el email <a href=\"mailto:info@dreamy.tours\">info@dreamy.tours<\/a>, tambi\u00e9n puede comunicarse con uno de nuestros ejecutivos de ventas a los tel\u00e9fonos detallados l\u00edneas abajo, estaremos gustosos en atenderles.<\/p>\n\n\n\n<ul class=\"wp-block-list\">\n<li><strong>Celular &#8211; WhatsApp:<\/strong> +51 969 787 221<\/li>\n\n\n\n<li><strong>Celular &#8211; WhatsApp:<\/strong> +51 986 994 218<\/li>\n<\/ul>\n\n\n\n<h4 class=\"wp-block-heading advgb-dyn-d97488ed\">\u00bfCOMO RESERVAR?<\/h4>\n\n\n\n<p>Para iniciar los tr\u00e1mites de su reserva por favor necesitamos que nos env\u00ede la siguiente informaci\u00f3n:<\/p>\n\n\n\n<div class=\"wp-block-advgb-list advgb-dyn-1ad999fe\"><ul class=\"advgblist-01ce60a1-ab46-49d7-960b-ab2969ede03e advgb-list advgb-list-admin-post\">\n<li>Nombre y apellidos:<\/li>\n\n\n\n<li>Nro. De pasaporte:<\/li>\n\n\n\n<li>Nacionalidad:<\/li>\n\n\n\n<li>Fecha de nacimiento:<\/li>\n\n\n\n<li>Sexo:<\/li>\n\n\n\n<li>Tel\u00e9fono:<\/li>\n\n\n\n<li>Es muy importante su informaci\u00f3n sobre su hotel en la ciudad del Cusco, para poder recogerlo all\u00ed al momento de comenzar el tour.<\/li>\n<\/ul><\/div>\n\n\n\n<p><strong>Para confirmar las reservas se requiere un 50% del pago por adelantado y el otro 50% podr\u00e1 pagarlo a la llegada de su destino.<\/strong><\/p>\n\n\n\n<h4 class=\"wp-block-heading advgb-dyn-abf9e948\" id=\"h-m-todos-de-pago\">M\u00c9TODOS DE PAGO<\/h4>\n\n\n\n<div class=\"wp-block-advgb-list advgb-dyn-6aade1ae\"><ul class=\"advgblist-3d704edc-7a7c-48be-913c-10700ad56a45 advgb-list advgb-list-admin-post\">\n<li class=\"advgb-dyn-d732a276\">IZIPAY<\/li>\n\n\n\n<li class=\"advgb-dyn-ecf87d6e\">PAYPAL<\/li>\n\n\n\n<li class=\"advgb-dyn-4b7a63be\">WESTER UNION<\/li>\n\n\n\n<li class=\"advgb-dyn-589be940\">TRANSFERENCIA A NUESTRA CUENTA BANCARIA<\/li>\n\n\n\n<li class=\"advgb-dyn-903cc962\">MONEYGRAM<\/li>\n<\/ul><\/div>\n\n\n\n<div class=\"wp-block-buttons is-horizontal is-content-justification-center is-layout-flex wp-container-core-buttons-is-layout-499968f5 wp-block-buttons-is-layout-flex\">\n<div class=\"wp-block-button is-style-fill advgb-dyn-c2a94777\"><a class=\"wp-block-button__link has-white-color has-text-color has-background wp-element-button\" href=\"https:\/\/dreamy.tours\/es\/metodos-de-pago\/\" style=\"border-radius:4px;background-color:#f81845\" target=\"_blank\" rel=\"noreferrer noopener\">Detalles de Metodos de Pago Aqu\u00ed<\/a><\/div>\n<\/div>\n\n\n\n<\/div><h2 class=\"tabtitle\"><span class=\"fa fa-map-marker\"><\/span>Mapa<\/h2>\n<div class=\"tabcontent\">\n\n\n\n<\/div><\/div>\n<style class=\"advgb-styles-renderer\">.wp-block-advgb-list ul.advgblist-1a962649-46ce-4725-b552-61c3cd9d2455 > li{font-size:16px;}.wp-block-advgb-list ul.advgblist-1a962649-46ce-4725-b552-61c3cd9d2455 > li{padding-left:18px;margin-left:0;}.wp-block-advgb-list ul.advgblist-1a962649-46ce-4725-b552-61c3cd9d2455 > li:before{font-size:16px;color:#ff0000;line-height:18px;margin:2px;padding:2px;margin-left:-20px}.wp-block-advgb-list ul.advgblist-cc451084-ad7e-48ec-b024-34305ee2f710 > li{font-size:16px;}.wp-block-advgb-list ul.advgblist-cc451084-ad7e-48ec-b024-34305ee2f710 > li{padding-left:18px;margin-left:0;}.wp-block-advgb-list ul.advgblist-cc451084-ad7e-48ec-b024-34305ee2f710 > li:before{font-size:16px;color:#ff0000;line-height:18px;margin:2px;padding:2px;margin-left:-20px}.wp-block-advgb-list ul.advgblist-96473f10-7c53-4526-a57c-a47ff449f8ab > li{font-size:16px;}.wp-block-advgb-list ul.advgblist-96473f10-7c53-4526-a57c-a47ff449f8ab > li{padding-left:18px;margin-left:0;}.wp-block-advgb-list ul.advgblist-96473f10-7c53-4526-a57c-a47ff449f8ab > li:before{font-size:16px;color:#ff0000;line-height:18px;margin:2px;padding:2px;margin-left:-20px}.wp-block-advgb-list ul.advgblist-4c4394a3-5102-481a-b6f0-883f6996f52c > li{font-size:16px;}.wp-block-advgb-list ul.advgblist-4c4394a3-5102-481a-b6f0-883f6996f52c > li{padding-left:18px;margin-left:0;}.wp-block-advgb-list ul.advgblist-4c4394a3-5102-481a-b6f0-883f6996f52c > li:before{font-size:16px;color:#ff0000;line-height:18px;margin:2px;padding:2px;margin-left:-20px}.wp-block-advgb-list ul.advgblist-daab6d4e-c7f4-4fd8-80ed-fc40010d9f6c > li{font-size:16px;}.wp-block-advgb-list ul.advgblist-daab6d4e-c7f4-4fd8-80ed-fc40010d9f6c > li{padding-left:18px;margin-left:0;}.wp-block-advgb-list ul.advgblist-daab6d4e-c7f4-4fd8-80ed-fc40010d9f6c > li:before{font-size:16px;color:#ff0000;line-height:18px;margin:2px;padding:2px;margin-left:-20px}.wp-block-advgb-list ul.advgblist-d6048f82-1750-4c39-904a-3e2588358d41 > li{font-size:16px;}.wp-block-advgb-list ul.advgblist-d6048f82-1750-4c39-904a-3e2588358d41 > li{padding-left:18px;margin-left:0;}.wp-block-advgb-list ul.advgblist-d6048f82-1750-4c39-904a-3e2588358d41 > li:before{font-size:16px;color:#ff0000;line-height:18px;margin:2px;padding:2px;margin-left:-20px}.wp-block-advgb-list ul.advgblist-01ce60a1-ab46-49d7-960b-ab2969ede03e > li{font-size:16px;}.wp-block-advgb-list ul.advgblist-01ce60a1-ab46-49d7-960b-ab2969ede03e > li{padding-left:18px;margin-left:0;}.wp-block-advgb-list ul.advgblist-01ce60a1-ab46-49d7-960b-ab2969ede03e > li:before{font-size:16px;color:#cf2e2e;line-height:18px;margin:2px;padding:2px;margin-left:-20px}.wp-block-advgb-list ul.advgblist-3d704edc-7a7c-48be-913c-10700ad56a45 > li{font-size:16px;}.wp-block-advgb-list ul.advgblist-3d704edc-7a7c-48be-913c-10700ad56a45 > li{padding-left:18px;margin-left:0;}.wp-block-advgb-list ul.advgblist-3d704edc-7a7c-48be-913c-10700ad56a45 > li:before{font-size:16px;color:#cf2e2e;line-height:18px;margin:2px;padding:2px;margin-left:-20px}<\/style>","protected":false},"excerpt":{"rendered":"<p>Con el tour Chavin de Huantar, retroceda en el tiempo y descubra los misterios de la antigua civilizaci\u00f3n Chavin, Explore este fascinante<\/p>\n","protected":false},"author":3,"featured_media":3613,"parent":2702,"menu_order":0,"comment_status":"closed","ping_status":"closed","template":"page-tours.php","meta":{"_acf_changed":false,"advgb_blocks_editor_width":"","advgb_blocks_columns_visual_guide":"","footnotes":""},"class_list":["post-3594","page","type-page","status-publish","has-post-thumbnail","hentry"],"acf":[],"yoast_head":"<!-- This site is optimized with the Yoast SEO Premium plugin v25.4 (Yoast SEO v27.4) - https:\/\/yoast.com\/product\/yoast-seo-premium-wordpress\/ -->\n<title>Chavin de Huantar | Huaraz Peru | Dreamy Tours<\/title>\n<meta name=\"description\" content=\"Con el tour Chavin de Huantar, retroceda en el tiempo y descubra los misterios de la antigua civilizaci\u00f3n Chavin, Explore este fascinante\" \/>\n<meta name=\"robots\" content=\"index, follow, max-snippet:-1, max-image-preview:large, max-video-preview:-1\" \/>\n<link rel=\"canonical\" href=\"https:\/\/dreamy.tours\/es\/huaraz\/chavin-de-huantar-full-day\/\" \/>\n<meta property=\"og:locale\" content=\"es_ES\" \/>\n<meta property=\"og:type\" content=\"article\" \/>\n<meta property=\"og:title\" content=\"Chavin de Huantar - Laguna de Querococcha Full Day\" \/>\n<meta property=\"og:description\" content=\"Con el tour Chavin de Huantar, retroceda en el tiempo y descubra los misterios de la antigua civilizaci\u00f3n Chavin, Explore este fascinante\" \/>\n<meta property=\"og:url\" content=\"https:\/\/dreamy.tours\/es\/huaraz\/chavin-de-huantar-full-day\/\" \/>\n<meta property=\"og:site_name\" content=\"Dreamy Tours\" \/>\n<meta property=\"article:publisher\" content=\"https:\/\/www.facebook.com\/dreamytours\" \/>\n<meta property=\"article:modified_time\" content=\"2023-08-02T21:14:29+00:00\" \/>\n<meta property=\"og:image\" content=\"https:\/\/dreamy.tours\/wp-content\/uploads\/2021\/09\/Chavin-de-Huantar-dremay.jpg\" \/>\n\t<meta property=\"og:image:width\" content=\"640\" \/>\n\t<meta property=\"og:image:height\" content=\"800\" \/>\n\t<meta property=\"og:image:type\" content=\"image\/jpeg\" \/>\n<meta name=\"twitter:card\" content=\"summary_large_image\" \/>\n<meta name=\"twitter:site\" content=\"@Dreamy_tours\" \/>\n<meta name=\"twitter:label1\" content=\"Tiempo de lectura\" \/>\n\t<meta name=\"twitter:data1\" content=\"5 minutos\" \/>\n<script type=\"application\/ld+json\" class=\"yoast-schema-graph\">{\"@context\":\"https:\\\/\\\/schema.org\",\"@graph\":[{\"@type\":\"WebPage\",\"@id\":\"https:\\\/\\\/dreamy.tours\\\/es\\\/huaraz\\\/chavin-de-huantar-full-day\\\/\",\"url\":\"https:\\\/\\\/dreamy.tours\\\/es\\\/huaraz\\\/chavin-de-huantar-full-day\\\/\",\"name\":\"Chavin de Huantar | Huaraz Peru | Dreamy Tours\",\"isPartOf\":{\"@id\":\"https:\\\/\\\/dreamy.tours\\\/es\\\/#website\"},\"primaryImageOfPage\":{\"@id\":\"https:\\\/\\\/dreamy.tours\\\/es\\\/huaraz\\\/chavin-de-huantar-full-day\\\/#primaryimage\"},\"image\":{\"@id\":\"https:\\\/\\\/dreamy.tours\\\/es\\\/huaraz\\\/chavin-de-huantar-full-day\\\/#primaryimage\"},\"thumbnailUrl\":\"https:\\\/\\\/dreamy.tours\\\/wp-content\\\/uploads\\\/2021\\\/09\\\/Chavin-de-Huantar-dremay.jpg\",\"datePublished\":\"2021-09-11T18:57:33+00:00\",\"dateModified\":\"2023-08-02T21:14:29+00:00\",\"description\":\"Con el tour Chavin de Huantar, retroceda en el tiempo y descubra los misterios de la antigua civilizaci\u00f3n Chavin, Explore este fascinante\",\"breadcrumb\":{\"@id\":\"https:\\\/\\\/dreamy.tours\\\/es\\\/huaraz\\\/chavin-de-huantar-full-day\\\/#breadcrumb\"},\"inLanguage\":\"es\",\"potentialAction\":[{\"@type\":\"ReadAction\",\"target\":[\"https:\\\/\\\/dreamy.tours\\\/es\\\/huaraz\\\/chavin-de-huantar-full-day\\\/\"]}]},{\"@type\":\"ImageObject\",\"inLanguage\":\"es\",\"@id\":\"https:\\\/\\\/dreamy.tours\\\/es\\\/huaraz\\\/chavin-de-huantar-full-day\\\/#primaryimage\",\"url\":\"https:\\\/\\\/dreamy.tours\\\/wp-content\\\/uploads\\\/2021\\\/09\\\/Chavin-de-Huantar-dremay.jpg\",\"contentUrl\":\"https:\\\/\\\/dreamy.tours\\\/wp-content\\\/uploads\\\/2021\\\/09\\\/Chavin-de-Huantar-dremay.jpg\",\"width\":640,\"height\":800},{\"@type\":\"BreadcrumbList\",\"@id\":\"https:\\\/\\\/dreamy.tours\\\/es\\\/huaraz\\\/chavin-de-huantar-full-day\\\/#breadcrumb\",\"itemListElement\":[{\"@type\":\"ListItem\",\"position\":1,\"name\":\"Home\",\"item\":\"https:\\\/\\\/dreamy.tours\\\/es\\\/\"},{\"@type\":\"ListItem\",\"position\":2,\"name\":\"Tours en Huaraz\",\"item\":\"https:\\\/\\\/dreamy.tours\\\/es\\\/huaraz\\\/\"},{\"@type\":\"ListItem\",\"position\":3,\"name\":\"Chavin de Huantar &#8211; Laguna de Querococcha Full Day\"}]},{\"@type\":\"WebSite\",\"@id\":\"https:\\\/\\\/dreamy.tours\\\/es\\\/#website\",\"url\":\"https:\\\/\\\/dreamy.tours\\\/es\\\/\",\"name\":\"Dreamy Tours\",\"description\":\"\",\"publisher\":{\"@id\":\"https:\\\/\\\/dreamy.tours\\\/es\\\/#organization\"},\"potentialAction\":[{\"@type\":\"SearchAction\",\"target\":{\"@type\":\"EntryPoint\",\"urlTemplate\":\"https:\\\/\\\/dreamy.tours\\\/es\\\/?s={search_term_string}\"},\"query-input\":{\"@type\":\"PropertyValueSpecification\",\"valueRequired\":true,\"valueName\":\"search_term_string\"}}],\"inLanguage\":\"es\"},{\"@type\":\"Organization\",\"@id\":\"https:\\\/\\\/dreamy.tours\\\/es\\\/#organization\",\"name\":\"Dreamy Tours\",\"url\":\"https:\\\/\\\/dreamy.tours\\\/es\\\/\",\"logo\":{\"@type\":\"ImageObject\",\"inLanguage\":\"es\",\"@id\":\"https:\\\/\\\/dreamy.tours\\\/es\\\/#\\\/schema\\\/logo\\\/image\\\/\",\"url\":\"https:\\\/\\\/dreamy.tours\\\/wp-content\\\/uploads\\\/dreamy-tour-cuadrado.jpg\",\"contentUrl\":\"https:\\\/\\\/dreamy.tours\\\/wp-content\\\/uploads\\\/dreamy-tour-cuadrado.jpg\",\"width\":696,\"height\":696,\"caption\":\"Dreamy Tours\"},\"image\":{\"@id\":\"https:\\\/\\\/dreamy.tours\\\/es\\\/#\\\/schema\\\/logo\\\/image\\\/\"},\"sameAs\":[\"https:\\\/\\\/www.facebook.com\\\/dreamytours\",\"https:\\\/\\\/x.com\\\/Dreamy_tours\",\"https:\\\/\\\/www.instagram.com\\\/dreamy_tours\\\/\",\"https:\\\/\\\/www.pinterest.es\\\/dreamy_tours\\\/\",\"https:\\\/\\\/www.youtube.com\\\/channel\\\/UCGKP_C9x8GBYl7l8D0QD9Fg\"]}]}<\/script>\n<!-- \/ Yoast SEO Premium plugin. -->","yoast_head_json":{"title":"Chavin de Huantar | Huaraz Peru | Dreamy Tours","description":"Con el tour Chavin de Huantar, retroceda en el tiempo y descubra los misterios de la antigua civilizaci\u00f3n Chavin, Explore este fascinante","robots":{"index":"index","follow":"follow","max-snippet":"max-snippet:-1","max-image-preview":"max-image-preview:large","max-video-preview":"max-video-preview:-1"},"canonical":"https:\/\/dreamy.tours\/es\/huaraz\/chavin-de-huantar-full-day\/","og_locale":"es_ES","og_type":"article","og_title":"Chavin de Huantar - Laguna de Querococcha Full Day","og_description":"Con el tour Chavin de Huantar, retroceda en el tiempo y descubra los misterios de la antigua civilizaci\u00f3n Chavin, Explore este fascinante","og_url":"https:\/\/dreamy.tours\/es\/huaraz\/chavin-de-huantar-full-day\/","og_site_name":"Dreamy Tours","article_publisher":"https:\/\/www.facebook.com\/dreamytours","article_modified_time":"2023-08-02T21:14:29+00:00","og_image":[{"width":640,"height":800,"url":"https:\/\/dreamy.tours\/wp-content\/uploads\/2021\/09\/Chavin-de-Huantar-dremay.jpg","type":"image\/jpeg"}],"twitter_card":"summary_large_image","twitter_site":"@Dreamy_tours","twitter_misc":{"Tiempo de lectura":"5 minutos"},"schema":{"@context":"https:\/\/schema.org","@graph":[{"@type":"WebPage","@id":"https:\/\/dreamy.tours\/es\/huaraz\/chavin-de-huantar-full-day\/","url":"https:\/\/dreamy.tours\/es\/huaraz\/chavin-de-huantar-full-day\/","name":"Chavin de Huantar | Huaraz Peru | Dreamy Tours","isPartOf":{"@id":"https:\/\/dreamy.tours\/es\/#website"},"primaryImageOfPage":{"@id":"https:\/\/dreamy.tours\/es\/huaraz\/chavin-de-huantar-full-day\/#primaryimage"},"image":{"@id":"https:\/\/dreamy.tours\/es\/huaraz\/chavin-de-huantar-full-day\/#primaryimage"},"thumbnailUrl":"https:\/\/dreamy.tours\/wp-content\/uploads\/2021\/09\/Chavin-de-Huantar-dremay.jpg","datePublished":"2021-09-11T18:57:33+00:00","dateModified":"2023-08-02T21:14:29+00:00","description":"Con el tour Chavin de Huantar, retroceda en el tiempo y descubra los misterios de la antigua civilizaci\u00f3n Chavin, Explore este fascinante","breadcrumb":{"@id":"https:\/\/dreamy.tours\/es\/huaraz\/chavin-de-huantar-full-day\/#breadcrumb"},"inLanguage":"es","potentialAction":[{"@type":"ReadAction","target":["https:\/\/dreamy.tours\/es\/huaraz\/chavin-de-huantar-full-day\/"]}]},{"@type":"ImageObject","inLanguage":"es","@id":"https:\/\/dreamy.tours\/es\/huaraz\/chavin-de-huantar-full-day\/#primaryimage","url":"https:\/\/dreamy.tours\/wp-content\/uploads\/2021\/09\/Chavin-de-Huantar-dremay.jpg","contentUrl":"https:\/\/dreamy.tours\/wp-content\/uploads\/2021\/09\/Chavin-de-Huantar-dremay.jpg","width":640,"height":800},{"@type":"BreadcrumbList","@id":"https:\/\/dreamy.tours\/es\/huaraz\/chavin-de-huantar-full-day\/#breadcrumb","itemListElement":[{"@type":"ListItem","position":1,"name":"Home","item":"https:\/\/dreamy.tours\/es\/"},{"@type":"ListItem","position":2,"name":"Tours en Huaraz","item":"https:\/\/dreamy.tours\/es\/huaraz\/"},{"@type":"ListItem","position":3,"name":"Chavin de Huantar &#8211; Laguna de Querococcha Full Day"}]},{"@type":"WebSite","@id":"https:\/\/dreamy.tours\/es\/#website","url":"https:\/\/dreamy.tours\/es\/","name":"Dreamy Tours","description":"","publisher":{"@id":"https:\/\/dreamy.tours\/es\/#organization"},"potentialAction":[{"@type":"SearchAction","target":{"@type":"EntryPoint","urlTemplate":"https:\/\/dreamy.tours\/es\/?s={search_term_string}"},"query-input":{"@type":"PropertyValueSpecification","valueRequired":true,"valueName":"search_term_string"}}],"inLanguage":"es"},{"@type":"Organization","@id":"https:\/\/dreamy.tours\/es\/#organization","name":"Dreamy Tours","url":"https:\/\/dreamy.tours\/es\/","logo":{"@type":"ImageObject","inLanguage":"es","@id":"https:\/\/dreamy.tours\/es\/#\/schema\/logo\/image\/","url":"https:\/\/dreamy.tours\/wp-content\/uploads\/dreamy-tour-cuadrado.jpg","contentUrl":"https:\/\/dreamy.tours\/wp-content\/uploads\/dreamy-tour-cuadrado.jpg","width":696,"height":696,"caption":"Dreamy Tours"},"image":{"@id":"https:\/\/dreamy.tours\/es\/#\/schema\/logo\/image\/"},"sameAs":["https:\/\/www.facebook.com\/dreamytours","https:\/\/x.com\/Dreamy_tours","https:\/\/www.instagram.com\/dreamy_tours\/","https:\/\/www.pinterest.es\/dreamy_tours\/","https:\/\/www.youtube.com\/channel\/UCGKP_C9x8GBYl7l8D0QD9Fg"]}]}},"coauthors":[],"author_meta":{"author_link":"https:\/\/dreamy.tours\/es\/blog\/author\/dreamy_editor\/","display_name":"dreamy_editor"},"relative_dates":{"created":"Publicado 5 a\u00f1os hace","modified":"Actualizado 3 a\u00f1os hace"},"absolute_dates":{"created":"Publicado el 11 septiembre, 2021","modified":"Actualizado el 2 agosto, 2023"},"absolute_dates_time":{"created":"Publicado el 11 septiembre, 2021 1:57 pm","modified":"Actualizado el 2 agosto, 2023 4:14 pm"},"featured_img_caption":"","featured_img":"https:\/\/dreamy.tours\/wp-content\/uploads\/2021\/09\/Chavin-de-Huantar-dremay.jpg","series_order":"","_links":{"self":[{"href":"https:\/\/dreamy.tours\/es\/wp-json\/wp\/v2\/pages\/3594","targetHints":{"allow":["GET"]}}],"collection":[{"href":"https:\/\/dreamy.tours\/es\/wp-json\/wp\/v2\/pages"}],"about":[{"href":"https:\/\/dreamy.tours\/es\/wp-json\/wp\/v2\/types\/page"}],"author":[{"embeddable":true,"href":"https:\/\/dreamy.tours\/es\/wp-json\/wp\/v2\/users\/3"}],"replies":[{"embeddable":true,"href":"https:\/\/dreamy.tours\/es\/wp-json\/wp\/v2\/comments?post=3594"}],"version-history":[{"count":0,"href":"https:\/\/dreamy.tours\/es\/wp-json\/wp\/v2\/pages\/3594\/revisions"}],"up":[{"embeddable":true,"href":"https:\/\/dreamy.tours\/es\/wp-json\/wp\/v2\/pages\/2702"}],"wp:featuredmedia":[{"embeddable":true,"href":"https:\/\/dreamy.tours\/es\/wp-json\/wp\/v2\/media\/3613"}],"wp:attachment":[{"href":"https:\/\/dreamy.tours\/es\/wp-json\/wp\/v2\/media?parent=3594"}],"curies":[{"name":"wp","href":"https:\/\/api.w.org\/{rel}","templated":true}]}}