{"id":24201,"date":"2022-11-25T17:38:59","date_gmt":"2022-11-25T22:38:59","guid":{"rendered":"https:\/\/dreamy.tours\/?page_id=24201"},"modified":"2025-11-20T15:10:13","modified_gmt":"2025-11-20T20:10:13","slug":"disponibilidad-camino-inca","status":"publish","type":"page","link":"https:\/\/dreamy.tours\/es\/disponibilidad-camino-inca\/","title":{"rendered":"Disponibilidad Camino Inca 2026"},"content":{"rendered":"\n<div class=\"wp-block-columns is-layout-flex wp-container-core-columns-is-layout-9d6595d7 wp-block-columns-is-layout-flex\">\n<div class=\"wp-block-column is-layout-flow wp-block-column-is-layout-flow\" style=\"flex-basis:60%\">\n<div id=\"reduced-root\"> <\/div>\n<\/div>\n\n\n\n<div class=\"wp-block-column is-layout-flow wp-block-column-is-layout-flow\" style=\"flex-basis:40%\">\n<p>El Camino Inca es uno de los destinos m\u00e1s ic\u00f3nicos para los amantes del trekking en el mundo, combinando belleza natural, arqueolog\u00eda inca y una experiencia cultural \u00fanica. Sin embargo, su alta demanda y las estrictas regulaciones hacen que la disponibilidad sea un tema central para quienes desean realizar esta traves\u00eda.<\/p>\n\n\n\n<h3 class=\"wp-block-heading\" id=\"h-por-que-es-limitada-la-disponibilidad-del-camino-inca\"><strong>\u00bfPor qu\u00e9 es limitada la disponibilidad del Camino Inca?<\/strong><\/h3>\n\n\n\n<ol class=\"wp-block-list\">\n<li><strong>Regulaciones del Gobierno Peruano<\/strong>\n<ul class=\"wp-block-list\">\n<li>Para proteger la ruta y el medio ambiente, el gobierno ha limitado el n\u00famero de permisos diarios a 500 personas, incluyendo gu\u00edas, porteadores y turistas.<\/li>\n\n\n\n<li>Este l\u00edmite es supervisado estrictamente por el Ministerio de Cultura del Per\u00fa.<\/li>\n<\/ul>\n<\/li>\n\n\n\n<li><strong><strong>Temporada alta y baja<\/strong><\/strong>\n<ul class=\"wp-block-list\">\n<li><strong>Temporada alta (mayo a septiembre):<\/strong> La disponibilidad se agota r\u00e1pidamente debido a las condiciones clim\u00e1ticas ideales.<\/li>\n\n\n\n<li><strong>Temporada baja (octubre a abril):<\/strong> Aunque hay menos demanda, el mes de febrero est\u00e1 completamente cerrado por mantenimiento.<\/li>\n<\/ul>\n<\/li>\n\n\n\n<li><strong><strong>Requisitos de reserva anticipada<\/strong><\/strong>\n<ul class=\"wp-block-list\">\n<li>Los permisos para el Camino Inca suelen agotarse con 6 meses de anticipaci\u00f3n, especialmente para los meses m\u00e1s populares.<\/li>\n<\/ul>\n<\/li>\n\n\n\n<li><strong>Precisamos:<\/strong>\n<ul class=\"wp-block-list\">\n<li>Pasaporte original vigente o documento de identidad<\/li>\n\n\n\n<li>N\u00famero de tel\u00e9fono<\/li>\n\n\n\n<li>Seguro de viaje internacional<\/li>\n\n\n\n<li>Este l\u00edmite es supervisado estrictamente por el Ministerio de Cultura del Per\u00fa.<\/li>\n<\/ul>\n<\/li>\n<\/ol>\n<\/div>\n<\/div>\n\n\n\n<h2 class=\"wp-block-heading has-text-align-center line\" id=\"h-tours-camino-inca-a-machu-picchu\">Tours Camino Inca a Machu Picchu<\/h2>\n\n\n\n<div style=\"height:44px\" aria-hidden=\"true\" class=\"wp-block-spacer\"><\/div>\n\n\n\n<!--Markup for Testimonial-->\n\n<div id=\"tour-block_9c7f2208625812b0dc04934d6bc721b5\" class=\"tour mb-10 mt-7\">\n\n<div class=\"grid  grid-cols-1 sm:grid-cols-2 md:grid-cols-2 xl:grid-cols-3 gap-4\">\n                                                                         <div class=\"shadow-md box-treks border rounded-t-md\">\n                                                                                                      <div class=\"overflow-hidden rounded-t-md\">\n                                                    <img decoding=\"async\" src=\"https:\/\/dreamy.tours\/wp-content\/uploads\/camino-inca-4-dias-2.webp\" class=\"img-fluid rounded-tr-md rounded-tl-md w-full transform duration-200 hover:scale-110 cursor-pointer z-40\" alt=\"\" title=\"camino inca 4 dias\"> \n                                                    <\/div>\n                                                <div class=\"p-3\">\n                                                    \n                                                        <h3 class=\"bg-drcolor !text-center py-1 -mt-8 relative rounded-lg !text-base !mb-2 !capitalize\"><a class=\"text-white\" href=\"https:\/\/dreamy.tours\/es\/camino-inca\/camino-inca-machu-picchu-4-dias\/\">Camino Inca 4 D\u00edas \/ 3 Noches<\/a><\/h3>\n                                                    <div class=\"pb-2\">\n                                                        <p>El Camino Inca Cl\u00e1sico a Machu Picchu de 4 D\u00edas es uno de los senderos de trekking m\u00e1s reconocidos mundialmente, y eso es por muy buenas razones. Ser\u00e1s desafiado durante esta caminata, pero podr\u00e1s ver<\/p>\n                                                    <\/div>\n                                              \n                                                    <div class=\"flex  justify-center\">\n                                                        \n                                                        <div class=\"flex items-center\"> \n                                                            \n                                                                                                                            <a href=\"https:\/\/dreamy.tours\/es\/camino-inca\/camino-inca-machu-picchu-4-dias\/\" class=\"hover:bg-drcolor px-4 rounded-md py-2 bg-dcolor  text-white block\">Ver Itinerario<\/a> \n                                                                                                                    <\/div>\n                                                    <\/div>\n                                                <\/div>\n                                            <\/div>  \n                                                                                         <div class=\"shadow-md box-treks border rounded-t-md\">\n                                                                                                      <div class=\"overflow-hidden rounded-t-md\">\n                                                    <img decoding=\"async\" src=\"https:\/\/dreamy.tours\/wp-content\/uploads\/camino-inca-2-dias.webp\" class=\"img-fluid rounded-tr-md rounded-tl-md w-full transform duration-200 hover:scale-110 cursor-pointer z-40\" alt=\"\" title=\"camino inca 2 dias\"> \n                                                    <\/div>\n                                                <div class=\"p-3\">\n                                                    \n                                                        <h3 class=\"bg-drcolor !text-center py-1 -mt-8 relative rounded-lg !text-base !mb-2 !capitalize\"><a class=\"text-white\" href=\"https:\/\/dreamy.tours\/es\/camino-inca\/camino-inca-a-machu-picchu-2-dias\/\">Camino Inca Corto Machu Picchu 2 D\u00edas<\/a><\/h3>\n                                                    <div class=\"pb-2\">\n                                                        <p>El Camino Inca Corto a Machu Picchu es una experiencia extraordinaria de 2 d\u00edas que captura la esencia del legendario sendero inca, dise\u00f1ada especialmente para viajeros que, aun con tiempo limitado, buscan vivir una aventura<\/p>\n                                                    <\/div>\n                                              \n                                                    <div class=\"flex  justify-center\">\n                                                        \n                                                        <div class=\"flex items-center\"> \n                                                            \n                                                                                                                            <a href=\"https:\/\/dreamy.tours\/es\/camino-inca\/camino-inca-a-machu-picchu-2-dias\/\" class=\"hover:bg-drcolor px-4 rounded-md py-2 bg-dcolor  text-white block\">Ver Itinerario<\/a> \n                                                                                                                    <\/div>\n                                                    <\/div>\n                                                <\/div>\n                                            <\/div>  \n                                                                                         <div class=\"shadow-md box-treks border rounded-t-md\">\n                                                                                                      <div class=\"overflow-hidden rounded-t-md\">\n                                                    <img decoding=\"async\" src=\"https:\/\/dreamy.tours\/wp-content\/uploads\/Tour-Camino-Inca-Full-Day-Privado.webp\" class=\"img-fluid rounded-tr-md rounded-tl-md w-full transform duration-200 hover:scale-110 cursor-pointer z-40\" alt=\"\" title=\"Tour Camino Inca Full Day Privado\"> \n                                                    <\/div>\n                                                <div class=\"p-3\">\n                                                    \n                                                        <h3 class=\"bg-drcolor !text-center py-1 -mt-8 relative rounded-lg !text-base !mb-2 !capitalize\"><a class=\"text-white\" href=\"https:\/\/dreamy.tours\/es\/camino-inca\/camino-inca-full-day-privado\/\">Tour Camino Inca Full Day \u2013 Privado<\/a><\/h3>\n                                                    <div class=\"pb-2\">\n                                                        <p>Bienvenidos, aventureros, a una experiencia \u00fanica e inolvidable en el coraz\u00f3n de los Andes peruanos. Prep\u00e1rense para sumergirse en la rica historia y la cultura milenaria del antiguo Imperio Inca a trav\u00e9s de nuestro Tour<\/p>\n                                                    <\/div>\n                                              \n                                                    <div class=\"flex  justify-center\">\n                                                        \n                                                        <div class=\"flex items-center\"> \n                                                            \n                                                                                                                            <a href=\"https:\/\/dreamy.tours\/es\/camino-inca\/camino-inca-full-day-privado\/\" class=\"hover:bg-drcolor px-4 rounded-md py-2 bg-dcolor  text-white block\">Ver Itinerario<\/a> \n                                                                                                                    <\/div>\n                                                    <\/div>\n                                                <\/div>\n                                            <\/div>  \n                                            <\/div>\n<\/div>\n\n\n\n<ol class=\"wp-block-list\">\n<li><strong><strong>Pago de Reserva<\/strong><\/strong>\n<ul class=\"wp-block-list\">\n<li>El pago de la reserva es un paso fundamental para asegurar tu cupo en el Camino Inca. A continuaci\u00f3n, se detallan las condiciones generales:<\/li>\n\n\n\n<li><strong>Dep\u00f3sito inicial:<\/strong><\/li>\n\n\n\n<li>Es obligatorio realizar un pago anticipado para confirmar la reserva de $200.00 Dolores por persona<\/li>\n\n\n\n<li>El dep\u00f3sito garantiza la emisi\u00f3n del permiso, que es gestionado directamente por la agencia autorizada.<\/li>\n\n\n\n<li><strong>Condiciones del pago:<\/strong><\/li>\n\n\n\n<li>El dep\u00f3sito es no reembolsable, ya que los permisos son emitidos en tiempo real y asignados a un nombre espec\u00edfico.<\/li>\n\n\n\n<li>El saldo pendiente debe ser abonado al menos 5 d\u00edas antes de la fecha de salida y puede realizarse en efectivo. En caso de optar por el pago con tarjeta, se aplicar\u00e1 un cargo adicional del 6% correspondiente a la comisi\u00f3n bancaria.<\/li>\n<\/ul>\n<\/li>\n\n\n\n<li><strong><strong>M\u00e9todos de pago aceptados:<\/strong><\/strong>\n<ul class=\"wp-block-list\">\n<li>Transferencias bancarias.<\/li>\n\n\n\n<li>Pagos con tarjeta de cr\u00e9dito o d\u00e9bito (pueden incluir comisiones adicionales).<\/li>\n\n\n\n<li>Plataformas digitales de pago (PayPal, Link de pagos, entre otras).<\/li>\n<\/ul>\n<\/li>\n\n\n\n<li><strong><strong>Confirmaci\u00f3n de la reserva:<\/strong><\/strong>\n<ul class=\"wp-block-list\">\n<li>Una vez recibido el pago, la agencia emitir\u00e1 el permiso oficial en el sistema del Ministerio de Cultura.<\/li>\n\n\n\n<li>Se enviar\u00e1 un comprobante o confirmaci\u00f3n por correo electr\u00f3nico con los datos del permiso y del itinerario.<\/li>\n<\/ul>\n<\/li>\n<\/ol>\n\n\n\n<p><\/p>\n\n\n\n<p><\/p>\n","protected":false},"excerpt":{"rendered":"<p>El Camino Inca es uno de los destinos m\u00e1s ic\u00f3nicos para los amantes del trekking en el mundo, combinando belleza natural, arqueolog\u00eda inca y una ex&#8230;<\/p>\n","protected":false},"author":1,"featured_media":12937,"parent":0,"menu_order":0,"comment_status":"closed","ping_status":"closed","template":"page-calendar.php","meta":{"_acf_changed":false,"advgb_blocks_editor_width":"","advgb_blocks_columns_visual_guide":"","footnotes":""},"class_list":["post-24201","page","type-page","status-publish","has-post-thumbnail","hentry"],"acf":[],"yoast_head":"<!-- This site is optimized with the Yoast SEO Premium plugin v25.4 (Yoast SEO v27.3) - https:\/\/yoast.com\/product\/yoast-seo-premium-wordpress\/ -->\n<title>Disponibilidad Camino Inca 2026 - Dreamy Tours<\/title>\n<meta name=\"description\" content=\"Consulta la disponibilidad del Camino Inca 2026 en tiempo real. Revisa fechas abiertas, permisos oficiales y asegura tu cupo para vivir esta ruta legendaria hacia Machu Picchu.\" \/>\n<meta name=\"robots\" content=\"index, follow, max-snippet:-1, max-image-preview:large, max-video-preview:-1\" \/>\n<link rel=\"canonical\" href=\"https:\/\/dreamy.tours\/es\/disponibilidad-camino-inca\/\" \/>\n<meta property=\"og:locale\" content=\"es_ES\" \/>\n<meta property=\"og:type\" content=\"article\" \/>\n<meta property=\"og:title\" content=\"Disponibilidad Camino Inca 2026\" \/>\n<meta property=\"og:description\" content=\"Consulta la disponibilidad del Camino Inca 2026 en tiempo real. Revisa fechas abiertas, permisos oficiales y asegura tu cupo para vivir esta ruta legendaria hacia Machu Picchu.\" \/>\n<meta property=\"og:url\" content=\"https:\/\/dreamy.tours\/es\/disponibilidad-camino-inca\/\" \/>\n<meta property=\"og:site_name\" content=\"Dreamy Tours\" \/>\n<meta property=\"article:publisher\" content=\"https:\/\/www.facebook.com\/dreamytours\" \/>\n<meta property=\"article:modified_time\" content=\"2025-11-20T20:10:13+00:00\" \/>\n<meta property=\"og:image\" content=\"https:\/\/dreamy.tours\/wp-content\/uploads\/2021\/12\/MachuPicchu.jpg\" \/>\n\t<meta property=\"og:image:width\" content=\"2048\" \/>\n\t<meta property=\"og:image:height\" content=\"1367\" \/>\n\t<meta property=\"og:image:type\" content=\"image\/jpeg\" \/>\n<meta name=\"twitter:card\" content=\"summary_large_image\" \/>\n<meta name=\"twitter:site\" content=\"@Dreamy_tours\" \/>\n<meta name=\"twitter:label1\" content=\"Tiempo de lectura\" \/>\n\t<meta name=\"twitter:data1\" content=\"2 minutos\" \/>\n<script type=\"application\/ld+json\" class=\"yoast-schema-graph\">{\"@context\":\"https:\\\/\\\/schema.org\",\"@graph\":[{\"@type\":\"WebPage\",\"@id\":\"https:\\\/\\\/dreamy.tours\\\/es\\\/disponibilidad-camino-inca\\\/\",\"url\":\"https:\\\/\\\/dreamy.tours\\\/es\\\/disponibilidad-camino-inca\\\/\",\"name\":\"Disponibilidad Camino Inca 2026 - Dreamy Tours\",\"isPartOf\":{\"@id\":\"https:\\\/\\\/dreamy.tours\\\/es\\\/#website\"},\"primaryImageOfPage\":{\"@id\":\"https:\\\/\\\/dreamy.tours\\\/es\\\/disponibilidad-camino-inca\\\/#primaryimage\"},\"image\":{\"@id\":\"https:\\\/\\\/dreamy.tours\\\/es\\\/disponibilidad-camino-inca\\\/#primaryimage\"},\"thumbnailUrl\":\"https:\\\/\\\/dreamy.tours\\\/wp-content\\\/uploads\\\/2021\\\/12\\\/MachuPicchu.jpg\",\"datePublished\":\"2022-11-25T22:38:59+00:00\",\"dateModified\":\"2025-11-20T20:10:13+00:00\",\"description\":\"Consulta la disponibilidad del Camino Inca 2026 en tiempo real. Revisa fechas abiertas, permisos oficiales y asegura tu cupo para vivir esta ruta legendaria hacia Machu Picchu.\",\"breadcrumb\":{\"@id\":\"https:\\\/\\\/dreamy.tours\\\/es\\\/disponibilidad-camino-inca\\\/#breadcrumb\"},\"inLanguage\":\"es\",\"potentialAction\":[{\"@type\":\"ReadAction\",\"target\":[\"https:\\\/\\\/dreamy.tours\\\/es\\\/disponibilidad-camino-inca\\\/\"]}]},{\"@type\":\"ImageObject\",\"inLanguage\":\"es\",\"@id\":\"https:\\\/\\\/dreamy.tours\\\/es\\\/disponibilidad-camino-inca\\\/#primaryimage\",\"url\":\"https:\\\/\\\/dreamy.tours\\\/wp-content\\\/uploads\\\/2021\\\/12\\\/MachuPicchu.jpg\",\"contentUrl\":\"https:\\\/\\\/dreamy.tours\\\/wp-content\\\/uploads\\\/2021\\\/12\\\/MachuPicchu.jpg\",\"width\":2048,\"height\":1367,\"caption\":\"Machu Picchu - Cusco Per\u00fa\"},{\"@type\":\"BreadcrumbList\",\"@id\":\"https:\\\/\\\/dreamy.tours\\\/es\\\/disponibilidad-camino-inca\\\/#breadcrumb\",\"itemListElement\":[{\"@type\":\"ListItem\",\"position\":1,\"name\":\"Home\",\"item\":\"https:\\\/\\\/dreamy.tours\\\/es\\\/\"},{\"@type\":\"ListItem\",\"position\":2,\"name\":\"Disponibilidad Camino Inca 2026\"}]},{\"@type\":\"WebSite\",\"@id\":\"https:\\\/\\\/dreamy.tours\\\/es\\\/#website\",\"url\":\"https:\\\/\\\/dreamy.tours\\\/es\\\/\",\"name\":\"Dreamy Tours\",\"description\":\"\",\"publisher\":{\"@id\":\"https:\\\/\\\/dreamy.tours\\\/es\\\/#organization\"},\"potentialAction\":[{\"@type\":\"SearchAction\",\"target\":{\"@type\":\"EntryPoint\",\"urlTemplate\":\"https:\\\/\\\/dreamy.tours\\\/es\\\/?s={search_term_string}\"},\"query-input\":{\"@type\":\"PropertyValueSpecification\",\"valueRequired\":true,\"valueName\":\"search_term_string\"}}],\"inLanguage\":\"es\"},{\"@type\":\"Organization\",\"@id\":\"https:\\\/\\\/dreamy.tours\\\/es\\\/#organization\",\"name\":\"Dreamy Tours\",\"url\":\"https:\\\/\\\/dreamy.tours\\\/es\\\/\",\"logo\":{\"@type\":\"ImageObject\",\"inLanguage\":\"es\",\"@id\":\"https:\\\/\\\/dreamy.tours\\\/es\\\/#\\\/schema\\\/logo\\\/image\\\/\",\"url\":\"https:\\\/\\\/dreamy.tours\\\/wp-content\\\/uploads\\\/dreamy-tour-cuadrado.jpg\",\"contentUrl\":\"https:\\\/\\\/dreamy.tours\\\/wp-content\\\/uploads\\\/dreamy-tour-cuadrado.jpg\",\"width\":696,\"height\":696,\"caption\":\"Dreamy Tours\"},\"image\":{\"@id\":\"https:\\\/\\\/dreamy.tours\\\/es\\\/#\\\/schema\\\/logo\\\/image\\\/\"},\"sameAs\":[\"https:\\\/\\\/www.facebook.com\\\/dreamytours\",\"https:\\\/\\\/x.com\\\/Dreamy_tours\",\"https:\\\/\\\/www.instagram.com\\\/dreamy_tours\\\/\",\"https:\\\/\\\/www.pinterest.es\\\/dreamy_tours\\\/\",\"https:\\\/\\\/www.youtube.com\\\/channel\\\/UCGKP_C9x8GBYl7l8D0QD9Fg\"]}]}<\/script>\n<!-- \/ Yoast SEO Premium plugin. -->","yoast_head_json":{"title":"Disponibilidad Camino Inca 2026 - Dreamy Tours","description":"Consulta la disponibilidad del Camino Inca 2026 en tiempo real. Revisa fechas abiertas, permisos oficiales y asegura tu cupo para vivir esta ruta legendaria hacia Machu Picchu.","robots":{"index":"index","follow":"follow","max-snippet":"max-snippet:-1","max-image-preview":"max-image-preview:large","max-video-preview":"max-video-preview:-1"},"canonical":"https:\/\/dreamy.tours\/es\/disponibilidad-camino-inca\/","og_locale":"es_ES","og_type":"article","og_title":"Disponibilidad Camino Inca 2026","og_description":"Consulta la disponibilidad del Camino Inca 2026 en tiempo real. Revisa fechas abiertas, permisos oficiales y asegura tu cupo para vivir esta ruta legendaria hacia Machu Picchu.","og_url":"https:\/\/dreamy.tours\/es\/disponibilidad-camino-inca\/","og_site_name":"Dreamy Tours","article_publisher":"https:\/\/www.facebook.com\/dreamytours","article_modified_time":"2025-11-20T20:10:13+00:00","og_image":[{"width":2048,"height":1367,"url":"https:\/\/dreamy.tours\/wp-content\/uploads\/2021\/12\/MachuPicchu.jpg","type":"image\/jpeg"}],"twitter_card":"summary_large_image","twitter_site":"@Dreamy_tours","twitter_misc":{"Tiempo de lectura":"2 minutos"},"schema":{"@context":"https:\/\/schema.org","@graph":[{"@type":"WebPage","@id":"https:\/\/dreamy.tours\/es\/disponibilidad-camino-inca\/","url":"https:\/\/dreamy.tours\/es\/disponibilidad-camino-inca\/","name":"Disponibilidad Camino Inca 2026 - Dreamy Tours","isPartOf":{"@id":"https:\/\/dreamy.tours\/es\/#website"},"primaryImageOfPage":{"@id":"https:\/\/dreamy.tours\/es\/disponibilidad-camino-inca\/#primaryimage"},"image":{"@id":"https:\/\/dreamy.tours\/es\/disponibilidad-camino-inca\/#primaryimage"},"thumbnailUrl":"https:\/\/dreamy.tours\/wp-content\/uploads\/2021\/12\/MachuPicchu.jpg","datePublished":"2022-11-25T22:38:59+00:00","dateModified":"2025-11-20T20:10:13+00:00","description":"Consulta la disponibilidad del Camino Inca 2026 en tiempo real. Revisa fechas abiertas, permisos oficiales y asegura tu cupo para vivir esta ruta legendaria hacia Machu Picchu.","breadcrumb":{"@id":"https:\/\/dreamy.tours\/es\/disponibilidad-camino-inca\/#breadcrumb"},"inLanguage":"es","potentialAction":[{"@type":"ReadAction","target":["https:\/\/dreamy.tours\/es\/disponibilidad-camino-inca\/"]}]},{"@type":"ImageObject","inLanguage":"es","@id":"https:\/\/dreamy.tours\/es\/disponibilidad-camino-inca\/#primaryimage","url":"https:\/\/dreamy.tours\/wp-content\/uploads\/2021\/12\/MachuPicchu.jpg","contentUrl":"https:\/\/dreamy.tours\/wp-content\/uploads\/2021\/12\/MachuPicchu.jpg","width":2048,"height":1367,"caption":"Machu Picchu - Cusco Per\u00fa"},{"@type":"BreadcrumbList","@id":"https:\/\/dreamy.tours\/es\/disponibilidad-camino-inca\/#breadcrumb","itemListElement":[{"@type":"ListItem","position":1,"name":"Home","item":"https:\/\/dreamy.tours\/es\/"},{"@type":"ListItem","position":2,"name":"Disponibilidad Camino Inca 2026"}]},{"@type":"WebSite","@id":"https:\/\/dreamy.tours\/es\/#website","url":"https:\/\/dreamy.tours\/es\/","name":"Dreamy Tours","description":"","publisher":{"@id":"https:\/\/dreamy.tours\/es\/#organization"},"potentialAction":[{"@type":"SearchAction","target":{"@type":"EntryPoint","urlTemplate":"https:\/\/dreamy.tours\/es\/?s={search_term_string}"},"query-input":{"@type":"PropertyValueSpecification","valueRequired":true,"valueName":"search_term_string"}}],"inLanguage":"es"},{"@type":"Organization","@id":"https:\/\/dreamy.tours\/es\/#organization","name":"Dreamy Tours","url":"https:\/\/dreamy.tours\/es\/","logo":{"@type":"ImageObject","inLanguage":"es","@id":"https:\/\/dreamy.tours\/es\/#\/schema\/logo\/image\/","url":"https:\/\/dreamy.tours\/wp-content\/uploads\/dreamy-tour-cuadrado.jpg","contentUrl":"https:\/\/dreamy.tours\/wp-content\/uploads\/dreamy-tour-cuadrado.jpg","width":696,"height":696,"caption":"Dreamy Tours"},"image":{"@id":"https:\/\/dreamy.tours\/es\/#\/schema\/logo\/image\/"},"sameAs":["https:\/\/www.facebook.com\/dreamytours","https:\/\/x.com\/Dreamy_tours","https:\/\/www.instagram.com\/dreamy_tours\/","https:\/\/www.pinterest.es\/dreamy_tours\/","https:\/\/www.youtube.com\/channel\/UCGKP_C9x8GBYl7l8D0QD9Fg"]}]}},"coauthors":[],"author_meta":{"author_link":"https:\/\/dreamy.tours\/es\/blog\/author\/admin_dt\/","display_name":"Dreamy Tours"},"relative_dates":{"created":"Publicado 3 a\u00f1os hace","modified":"Actualizado 5 meses hace"},"absolute_dates":{"created":"Publicado el 25 noviembre, 2022","modified":"Actualizado el 20 noviembre, 2025"},"absolute_dates_time":{"created":"Publicado el 25 noviembre, 2022 5:38 pm","modified":"Actualizado el 20 noviembre, 2025 3:10 pm"},"featured_img_caption":"Machu Picchu - Cusco Per\u00fa ","featured_img":"https:\/\/dreamy.tours\/wp-content\/uploads\/2021\/12\/MachuPicchu.jpg","series_order":"","_links":{"self":[{"href":"https:\/\/dreamy.tours\/es\/wp-json\/wp\/v2\/pages\/24201","targetHints":{"allow":["GET"]}}],"collection":[{"href":"https:\/\/dreamy.tours\/es\/wp-json\/wp\/v2\/pages"}],"about":[{"href":"https:\/\/dreamy.tours\/es\/wp-json\/wp\/v2\/types\/page"}],"author":[{"embeddable":true,"href":"https:\/\/dreamy.tours\/es\/wp-json\/wp\/v2\/users\/1"}],"replies":[{"embeddable":true,"href":"https:\/\/dreamy.tours\/es\/wp-json\/wp\/v2\/comments?post=24201"}],"version-history":[{"count":0,"href":"https:\/\/dreamy.tours\/es\/wp-json\/wp\/v2\/pages\/24201\/revisions"}],"wp:featuredmedia":[{"embeddable":true,"href":"https:\/\/dreamy.tours\/es\/wp-json\/wp\/v2\/media\/12937"}],"wp:attachment":[{"href":"https:\/\/dreamy.tours\/es\/wp-json\/wp\/v2\/media?parent=24201"}],"curies":[{"name":"wp","href":"https:\/\/api.w.org\/{rel}","templated":true}]}}