{"id":24156,"date":"2022-11-09T17:33:35","date_gmt":"2022-11-09T22:33:35","guid":{"rendered":"https:\/\/dreamy.tours\/?page_id=24156"},"modified":"2025-07-07T15:46:07","modified_gmt":"2025-07-07T20:46:07","slug":"codigo-esnna","status":"publish","type":"page","link":"https:\/\/dreamy.tours\/es\/codigo-esnna\/","title":{"rendered":"C\u00f3digo Esnna"},"content":{"rendered":"\n<h2 class=\"wp-block-heading has-text-align-center\">C\u00d3DIGO DE CONDUCTA EN CONTRA DE LA EXPLOTACI\u00d3N SEXUAL DE NI\u00d1AS, NI\u00d1OS Y ADOLESCENTES<\/h2>\n\n\n\n<p>En virtud de la Ley N\u00ba 28251; Ley contra el abuso y la explotaci\u00f3n sexual\u201d, que incorpor\u00f3 los delitos de usuario \u2013 cliente y explotaci\u00f3n sexual de ni\u00f1os, ni\u00f1as y adolescentes en el \u00e1mbito del turismo; consideramos los COMPROMISOS M\u00cdNIMOS QUE DEBEN ASUMIR TODOS LOS PRESTADORES DE SERVICIOS TUR\u00cdSTICOS Con el fin de contrarrestar la explotaci\u00f3n sexual de ni\u00f1os, ni\u00f1as y adolescentes en viajes y turismo, los prestadores de servicios tur\u00edsticos adoptar\u00e1n un C\u00f3digo de Conducta que deber\u00e1n observar sus representantes legales, directores, administradores, empleados y contratistas vinculados a la prestaci\u00f3n de servicios tur\u00edsticos, con el fin de hacer efectivas las obligaciones contempladas la ley 28251, as\u00ed como a prevenir las conductas tipificadas en la misma ley e igualmente que incorpore las siguientes medidas m\u00ednimas de control:<\/p>\n\n\n\n<div class=\"wp-block-advgb-list\"><ul class=\"advgblist-c8a816e6-1b63-4c64-b681-db8257da2e1e advgb-list advgb-list-admin-post\">\n<li>Abstenerse de ofrecer en los programas de promoci\u00f3n tur\u00edstica y en los planes tur\u00edsticos, expresa o subrepticiamente, planes de explotaci\u00f3n sexual de ni\u00f1os, ni\u00f1as y adolescentes.<\/li>\n\n\n\n<li>Abstenerse de dar informaci\u00f3n a los turistas, directamente o por interpuesta persona acerca de lugares desde donde se coordinen o donde practique explotaci\u00f3n sexual comercial de ni\u00f1os, ni\u00f1as y adolescentes.<\/li>\n\n\n\n<li>Abstenerse de conducir a los turistas, directamente o a trav\u00e9s de terceros a establecimientos o lugares donde se practique la explotaci\u00f3n sexual comercial de ni\u00f1os, ni\u00f1as, as\u00ed como conducir a estos a los sitios donde se encuentran hospedados los turistas, incluso si se trata de barcos localizados en Altamar, con fines de explotaci\u00f3n sexual comercial de ni\u00f1os, ni\u00f1as y adolescentes.<\/li>\n\n\n\n<li>Abstenerse de facilitar veh\u00edculos en rutas tur\u00edsticas con fines de explotaci\u00f3n o de abuso sexual con ni\u00f1os, ni\u00f1as y adolescentes Impedir el ingreso de ni\u00f1os, ni\u00f1as y adolescentes a los hoteles o lugares de alojamiento y hospedaje, bares, negocios similares y dem\u00e1s establecimientos en los que se presten servicios tur\u00edsticos, con fines de explotaci\u00f3n o de abuso sexual.<\/li>\n\n\n\n<li>Adoptar las medidas tendientes a impedir que el personal vinculado a cualquier t\u00edtulo con la empresa ofrezca servicios tur\u00edsticos que permitan actividad sexual con ni\u00f1os, ni\u00f1as y adolescentes.<\/li>\n\n\n\n<li>Denunciar ante el MINCETUR y dem\u00e1s autoridades competentes, los hechos de que hubiere tenido conocimiento por cualquier medio, as\u00ed como la existencia de lugares, relacionados con explotaci\u00f3n sexual de ni\u00f1os, ni\u00f1as y adolescentes y asegurar que al interior de la empresa existan canales para la denuncia correspondiente ante las autoridades competentes.<\/li>\n\n\n\n<li>Dise\u00f1ar y divulgar al interior de la empresa y con sus proveedores de bienes y servicios, una pol\u00edtica en la que el prestador establezca medidas para prevenir y contrarrestar toda forma de explotaci\u00f3n sexual de ni\u00f1os, ni\u00f1as y adolescentes en viajes y turismo.<\/li>\n\n\n\n<li>Capacitar a todo el personal vinculado a la empresa, frente al tema de prevenci\u00f3n de la explotaci\u00f3n sexual comercial de ni\u00f1os, ni\u00f1as y adolescentes.<\/li>\n\n\n\n<li>Informar a sus usuarios sobre las consecuencias legales en Per\u00fa de la explotaci\u00f3n y el abuso sexual de ni\u00f1os, ni\u00f1as y adolescentes.<\/li>\n\n\n\n<li>Fijar en lugar visible para los empleados del establecimiento o establecimientos de comercio el presente C\u00f3digo de Conducta y los dem\u00e1s compromisos y medidas que el prestador desee asumir con el fin de proteger a los ni\u00f1os y los adolescentes. \u201cEn desarrollo de lo dispuesto a la Ley N\u00ba 28251, la agencia advierte al turista que la explotaci\u00f3n y el abuso sexual de menores de edad en el pa\u00eds son sancionados penal y administrativamente, conforme a las leyes vigentes.\u201d<\/li>\n<\/ul><\/div>\n\n\n\n<p><\/p>\n\n\n\n<figure class=\"wp-block-gallery has-nested-images columns-default is-cropped wp-block-gallery-1 is-layout-flex wp-block-gallery-is-layout-flex\">\n<figure data-wp-context=\"{&quot;imageId&quot;:&quot;69d49171e0b6f&quot;}\" data-wp-interactive=\"core\/image\" data-wp-key=\"69d49171e0b6f\" class=\"wp-block-image size-large wp-lightbox-container\"><img decoding=\"async\" width=\"1500\" height=\"2112\" data-wp-class--hide=\"state.isContentHidden\" data-wp-class--show=\"state.isContentVisible\" data-wp-init=\"callbacks.setButtonStyles\" data-wp-on--click=\"actions.showLightbox\" data-wp-on--load=\"callbacks.setButtonStyles\" data-wp-on-window--resize=\"callbacks.setButtonStyles\" data-id=\"24159\" src=\"https:\/\/dreamy.tours\/wp-content\/uploads\/2022\/11\/esnna.jpg\" alt=\"C\u00d3DIGO DE CONDUCTA EN CONTRA DE LA EXPLOTACI\u00d3N SEXUAL DE NI\u00d1AS, NI\u00d1OS Y ADOLESCENTES\" class=\"wp-image-24159\" srcset=\"https:\/\/dreamy.tours\/wp-content\/uploads\/2022\/11\/esnna.jpg 1500w, https:\/\/dreamy.tours\/wp-content\/uploads\/2022\/11\/esnna-768x1081.jpg 768w, https:\/\/dreamy.tours\/wp-content\/uploads\/2022\/11\/esnna-1091x1536.jpg 1091w, https:\/\/dreamy.tours\/wp-content\/uploads\/2022\/11\/esnna-1455x2048.jpg 1455w\" sizes=\"(max-width: 1500px) 100vw, 1500px\" \/><button\n\t\t\tclass=\"lightbox-trigger\"\n\t\t\ttype=\"button\"\n\t\t\taria-haspopup=\"dialog\"\n\t\t\taria-label=\"Agrandar\"\n\t\t\tdata-wp-init=\"callbacks.initTriggerButton\"\n\t\t\tdata-wp-on--click=\"actions.showLightbox\"\n\t\t\tdata-wp-style--right=\"state.imageButtonRight\"\n\t\t\tdata-wp-style--top=\"state.imageButtonTop\"\n\t\t>\n\t\t\t<svg xmlns=\"http:\/\/www.w3.org\/2000\/svg\" width=\"12\" height=\"12\" fill=\"none\" viewBox=\"0 0 12 12\">\n\t\t\t\t<path fill=\"#fff\" d=\"M2 0a2 2 0 0 0-2 2v2h1.5V2a.5.5 0 0 1 .5-.5h2V0H2Zm2 10.5H2a.5.5 0 0 1-.5-.5V8H0v2a2 2 0 0 0 2 2h2v-1.5ZM8 12v-1.5h2a.5.5 0 0 0 .5-.5V8H12v2a2 2 0 0 1-2 2H8Zm2-12a2 2 0 0 1 2 2v2h-1.5V2a.5.5 0 0 0-.5-.5H8V0h2Z\" \/>\n\t\t\t<\/svg>\n\t\t<\/button><\/figure>\n\n\n\n<figure data-wp-context=\"{&quot;imageId&quot;:&quot;69d49171e1154&quot;}\" data-wp-interactive=\"core\/image\" data-wp-key=\"69d49171e1154\" class=\"wp-block-image size-large wp-lightbox-container\"><img decoding=\"async\" width=\"597\" height=\"482\" data-wp-class--hide=\"state.isContentHidden\" data-wp-class--show=\"state.isContentVisible\" data-wp-init=\"callbacks.setButtonStyles\" data-wp-on--click=\"actions.showLightbox\" data-wp-on--load=\"callbacks.setButtonStyles\" data-wp-on-window--resize=\"callbacks.setButtonStyles\" data-id=\"24162\" src=\"https:\/\/dreamy.tours\/wp-content\/uploads\/2022\/11\/codigo-esnna.png.webp\" alt=\"C\u00d3DIGO DE CONDUCTA EN CONTRA DE LA EXPLOTACI\u00d3N SEXUAL DE NI\u00d1AS, NI\u00d1OS Y ADOLESCENTES\" class=\"wp-image-24162\"\/><button\n\t\t\tclass=\"lightbox-trigger\"\n\t\t\ttype=\"button\"\n\t\t\taria-haspopup=\"dialog\"\n\t\t\taria-label=\"Agrandar\"\n\t\t\tdata-wp-init=\"callbacks.initTriggerButton\"\n\t\t\tdata-wp-on--click=\"actions.showLightbox\"\n\t\t\tdata-wp-style--right=\"state.imageButtonRight\"\n\t\t\tdata-wp-style--top=\"state.imageButtonTop\"\n\t\t>\n\t\t\t<svg xmlns=\"http:\/\/www.w3.org\/2000\/svg\" width=\"12\" height=\"12\" fill=\"none\" viewBox=\"0 0 12 12\">\n\t\t\t\t<path fill=\"#fff\" d=\"M2 0a2 2 0 0 0-2 2v2h1.5V2a.5.5 0 0 1 .5-.5h2V0H2Zm2 10.5H2a.5.5 0 0 1-.5-.5V8H0v2a2 2 0 0 0 2 2h2v-1.5ZM8 12v-1.5h2a.5.5 0 0 0 .5-.5V8H12v2a2 2 0 0 1-2 2H8Zm2-12a2 2 0 0 1 2 2v2h-1.5V2a.5.5 0 0 0-.5-.5H8V0h2Z\" \/>\n\t\t\t<\/svg>\n\t\t<\/button><\/figure>\n<\/figure>\n\n\n\n<p><\/p>\n<style class=\"advgb-styles-renderer\">.wp-block-advgb-list ul.advgblist-c8a816e6-1b63-4c64-b681-db8257da2e1e > li{font-size:16px;}.wp-block-advgb-list ul.advgblist-c8a816e6-1b63-4c64-b681-db8257da2e1e > li{padding-left:18px;margin-left:0;}.wp-block-advgb-list ul.advgblist-c8a816e6-1b63-4c64-b681-db8257da2e1e > li:before{font-size:16px;color:#eb6446;line-height:18px;margin:2px;padding:2px;margin-left:-20px}<\/style>","protected":false},"excerpt":{"rendered":"<p>C\u00d3DIGO DE CONDUCTA EN CONTRA DE LA EXPLOTACI\u00d3N SEXUAL DE NI\u00d1AS, NI\u00d1OS Y ADOLESCENTES En virtud de la Ley N\u00ba 28251; Ley contra el abuso y la explo&#8230;<\/p>\n","protected":false},"author":1,"featured_media":3257,"parent":0,"menu_order":0,"comment_status":"closed","ping_status":"closed","template":"","meta":{"_acf_changed":false,"advgb_blocks_editor_width":"","advgb_blocks_columns_visual_guide":"","footnotes":""},"class_list":["post-24156","page","type-page","status-publish","has-post-thumbnail","hentry"],"acf":[],"yoast_head":"<!-- This site is optimized with the Yoast SEO Premium plugin v25.4 (Yoast SEO v27.3) - https:\/\/yoast.com\/product\/yoast-seo-premium-wordpress\/ -->\n<title>C\u00f3digo Esnna - Dreamy Tours<\/title>\n<meta name=\"description\" content=\"En virtud de la Ley N\u00b0 28251; Ley contra el abuso y la explotaci\u00f3n sexual\u201d, que incorpor\u00f3 los delitos de usuario-cliente y la explotaci\u00f3n sexual.\" \/>\n<meta name=\"robots\" content=\"index, follow, max-snippet:-1, max-image-preview:large, max-video-preview:-1\" \/>\n<link rel=\"canonical\" href=\"https:\/\/dreamy.tours\/es\/codigo-esnna\/\" \/>\n<meta property=\"og:locale\" content=\"es_ES\" \/>\n<meta property=\"og:type\" content=\"article\" \/>\n<meta property=\"og:title\" content=\"C\u00f3digo Esnna\" \/>\n<meta property=\"og:description\" content=\"En virtud de la Ley N\u00b0 28251; Ley contra el abuso y la explotaci\u00f3n sexual\u201d, que incorpor\u00f3 los delitos de usuario-cliente y la explotaci\u00f3n sexual.\" \/>\n<meta property=\"og:url\" content=\"https:\/\/dreamy.tours\/es\/codigo-esnna\/\" \/>\n<meta property=\"og:site_name\" content=\"Dreamy Tours\" \/>\n<meta property=\"article:publisher\" content=\"https:\/\/www.facebook.com\/dreamytours\" \/>\n<meta property=\"article:modified_time\" content=\"2025-07-07T20:46:07+00:00\" \/>\n<meta property=\"og:image\" content=\"https:\/\/dreamy.tours\/wp-content\/uploads\/2021\/09\/lima-portada-tour.jpg\" \/>\n\t<meta property=\"og:image:width\" content=\"1900\" \/>\n\t<meta property=\"og:image:height\" content=\"600\" \/>\n\t<meta property=\"og:image:type\" content=\"image\/jpeg\" \/>\n<meta name=\"twitter:card\" content=\"summary_large_image\" \/>\n<meta name=\"twitter:site\" content=\"@Dreamy_tours\" \/>\n<meta name=\"twitter:label1\" content=\"Tiempo de lectura\" \/>\n\t<meta name=\"twitter:data1\" content=\"3 minutos\" \/>\n<script type=\"application\/ld+json\" class=\"yoast-schema-graph\">{\"@context\":\"https:\\\/\\\/schema.org\",\"@graph\":[{\"@type\":\"WebPage\",\"@id\":\"https:\\\/\\\/dreamy.tours\\\/es\\\/codigo-esnna\\\/\",\"url\":\"https:\\\/\\\/dreamy.tours\\\/es\\\/codigo-esnna\\\/\",\"name\":\"C\u00f3digo Esnna - Dreamy Tours\",\"isPartOf\":{\"@id\":\"https:\\\/\\\/dreamy.tours\\\/es\\\/#website\"},\"primaryImageOfPage\":{\"@id\":\"https:\\\/\\\/dreamy.tours\\\/es\\\/codigo-esnna\\\/#primaryimage\"},\"image\":{\"@id\":\"https:\\\/\\\/dreamy.tours\\\/es\\\/codigo-esnna\\\/#primaryimage\"},\"thumbnailUrl\":\"https:\\\/\\\/dreamy.tours\\\/wp-content\\\/uploads\\\/2021\\\/09\\\/lima-portada-tour.jpg\",\"datePublished\":\"2022-11-09T22:33:35+00:00\",\"dateModified\":\"2025-07-07T20:46:07+00:00\",\"description\":\"En virtud de la Ley N\u00b0 28251; Ley contra el abuso y la explotaci\u00f3n sexual\u201d, que incorpor\u00f3 los delitos de usuario-cliente y la explotaci\u00f3n sexual.\",\"breadcrumb\":{\"@id\":\"https:\\\/\\\/dreamy.tours\\\/es\\\/codigo-esnna\\\/#breadcrumb\"},\"inLanguage\":\"es\",\"potentialAction\":[{\"@type\":\"ReadAction\",\"target\":[\"https:\\\/\\\/dreamy.tours\\\/es\\\/codigo-esnna\\\/\"]}]},{\"@type\":\"ImageObject\",\"inLanguage\":\"es\",\"@id\":\"https:\\\/\\\/dreamy.tours\\\/es\\\/codigo-esnna\\\/#primaryimage\",\"url\":\"https:\\\/\\\/dreamy.tours\\\/wp-content\\\/uploads\\\/2021\\\/09\\\/lima-portada-tour.jpg\",\"contentUrl\":\"https:\\\/\\\/dreamy.tours\\\/wp-content\\\/uploads\\\/2021\\\/09\\\/lima-portada-tour.jpg\",\"width\":1900,\"height\":600,\"caption\":\"Barranco Peru\"},{\"@type\":\"BreadcrumbList\",\"@id\":\"https:\\\/\\\/dreamy.tours\\\/es\\\/codigo-esnna\\\/#breadcrumb\",\"itemListElement\":[{\"@type\":\"ListItem\",\"position\":1,\"name\":\"Home\",\"item\":\"https:\\\/\\\/dreamy.tours\\\/es\\\/\"},{\"@type\":\"ListItem\",\"position\":2,\"name\":\"C\u00f3digo Esnna\"}]},{\"@type\":\"WebSite\",\"@id\":\"https:\\\/\\\/dreamy.tours\\\/es\\\/#website\",\"url\":\"https:\\\/\\\/dreamy.tours\\\/es\\\/\",\"name\":\"Dreamy Tours\",\"description\":\"\",\"publisher\":{\"@id\":\"https:\\\/\\\/dreamy.tours\\\/es\\\/#organization\"},\"potentialAction\":[{\"@type\":\"SearchAction\",\"target\":{\"@type\":\"EntryPoint\",\"urlTemplate\":\"https:\\\/\\\/dreamy.tours\\\/es\\\/?s={search_term_string}\"},\"query-input\":{\"@type\":\"PropertyValueSpecification\",\"valueRequired\":true,\"valueName\":\"search_term_string\"}}],\"inLanguage\":\"es\"},{\"@type\":\"Organization\",\"@id\":\"https:\\\/\\\/dreamy.tours\\\/es\\\/#organization\",\"name\":\"Dreamy Tours\",\"url\":\"https:\\\/\\\/dreamy.tours\\\/es\\\/\",\"logo\":{\"@type\":\"ImageObject\",\"inLanguage\":\"es\",\"@id\":\"https:\\\/\\\/dreamy.tours\\\/es\\\/#\\\/schema\\\/logo\\\/image\\\/\",\"url\":\"https:\\\/\\\/dreamy.tours\\\/wp-content\\\/uploads\\\/dreamy-tour-cuadrado.jpg\",\"contentUrl\":\"https:\\\/\\\/dreamy.tours\\\/wp-content\\\/uploads\\\/dreamy-tour-cuadrado.jpg\",\"width\":696,\"height\":696,\"caption\":\"Dreamy Tours\"},\"image\":{\"@id\":\"https:\\\/\\\/dreamy.tours\\\/es\\\/#\\\/schema\\\/logo\\\/image\\\/\"},\"sameAs\":[\"https:\\\/\\\/www.facebook.com\\\/dreamytours\",\"https:\\\/\\\/x.com\\\/Dreamy_tours\",\"https:\\\/\\\/www.instagram.com\\\/dreamy_tours\\\/\",\"https:\\\/\\\/www.pinterest.es\\\/dreamy_tours\\\/\",\"https:\\\/\\\/www.youtube.com\\\/channel\\\/UCGKP_C9x8GBYl7l8D0QD9Fg\"]}]}<\/script>\n<!-- \/ Yoast SEO Premium plugin. -->","yoast_head_json":{"title":"C\u00f3digo Esnna - Dreamy Tours","description":"En virtud de la Ley N\u00b0 28251; Ley contra el abuso y la explotaci\u00f3n sexual\u201d, que incorpor\u00f3 los delitos de usuario-cliente y la explotaci\u00f3n sexual.","robots":{"index":"index","follow":"follow","max-snippet":"max-snippet:-1","max-image-preview":"max-image-preview:large","max-video-preview":"max-video-preview:-1"},"canonical":"https:\/\/dreamy.tours\/es\/codigo-esnna\/","og_locale":"es_ES","og_type":"article","og_title":"C\u00f3digo Esnna","og_description":"En virtud de la Ley N\u00b0 28251; Ley contra el abuso y la explotaci\u00f3n sexual\u201d, que incorpor\u00f3 los delitos de usuario-cliente y la explotaci\u00f3n sexual.","og_url":"https:\/\/dreamy.tours\/es\/codigo-esnna\/","og_site_name":"Dreamy Tours","article_publisher":"https:\/\/www.facebook.com\/dreamytours","article_modified_time":"2025-07-07T20:46:07+00:00","og_image":[{"width":1900,"height":600,"url":"https:\/\/dreamy.tours\/wp-content\/uploads\/2021\/09\/lima-portada-tour.jpg","type":"image\/jpeg"}],"twitter_card":"summary_large_image","twitter_site":"@Dreamy_tours","twitter_misc":{"Tiempo de lectura":"3 minutos"},"schema":{"@context":"https:\/\/schema.org","@graph":[{"@type":"WebPage","@id":"https:\/\/dreamy.tours\/es\/codigo-esnna\/","url":"https:\/\/dreamy.tours\/es\/codigo-esnna\/","name":"C\u00f3digo Esnna - Dreamy Tours","isPartOf":{"@id":"https:\/\/dreamy.tours\/es\/#website"},"primaryImageOfPage":{"@id":"https:\/\/dreamy.tours\/es\/codigo-esnna\/#primaryimage"},"image":{"@id":"https:\/\/dreamy.tours\/es\/codigo-esnna\/#primaryimage"},"thumbnailUrl":"https:\/\/dreamy.tours\/wp-content\/uploads\/2021\/09\/lima-portada-tour.jpg","datePublished":"2022-11-09T22:33:35+00:00","dateModified":"2025-07-07T20:46:07+00:00","description":"En virtud de la Ley N\u00b0 28251; Ley contra el abuso y la explotaci\u00f3n sexual\u201d, que incorpor\u00f3 los delitos de usuario-cliente y la explotaci\u00f3n sexual.","breadcrumb":{"@id":"https:\/\/dreamy.tours\/es\/codigo-esnna\/#breadcrumb"},"inLanguage":"es","potentialAction":[{"@type":"ReadAction","target":["https:\/\/dreamy.tours\/es\/codigo-esnna\/"]}]},{"@type":"ImageObject","inLanguage":"es","@id":"https:\/\/dreamy.tours\/es\/codigo-esnna\/#primaryimage","url":"https:\/\/dreamy.tours\/wp-content\/uploads\/2021\/09\/lima-portada-tour.jpg","contentUrl":"https:\/\/dreamy.tours\/wp-content\/uploads\/2021\/09\/lima-portada-tour.jpg","width":1900,"height":600,"caption":"Barranco Peru"},{"@type":"BreadcrumbList","@id":"https:\/\/dreamy.tours\/es\/codigo-esnna\/#breadcrumb","itemListElement":[{"@type":"ListItem","position":1,"name":"Home","item":"https:\/\/dreamy.tours\/es\/"},{"@type":"ListItem","position":2,"name":"C\u00f3digo Esnna"}]},{"@type":"WebSite","@id":"https:\/\/dreamy.tours\/es\/#website","url":"https:\/\/dreamy.tours\/es\/","name":"Dreamy Tours","description":"","publisher":{"@id":"https:\/\/dreamy.tours\/es\/#organization"},"potentialAction":[{"@type":"SearchAction","target":{"@type":"EntryPoint","urlTemplate":"https:\/\/dreamy.tours\/es\/?s={search_term_string}"},"query-input":{"@type":"PropertyValueSpecification","valueRequired":true,"valueName":"search_term_string"}}],"inLanguage":"es"},{"@type":"Organization","@id":"https:\/\/dreamy.tours\/es\/#organization","name":"Dreamy Tours","url":"https:\/\/dreamy.tours\/es\/","logo":{"@type":"ImageObject","inLanguage":"es","@id":"https:\/\/dreamy.tours\/es\/#\/schema\/logo\/image\/","url":"https:\/\/dreamy.tours\/wp-content\/uploads\/dreamy-tour-cuadrado.jpg","contentUrl":"https:\/\/dreamy.tours\/wp-content\/uploads\/dreamy-tour-cuadrado.jpg","width":696,"height":696,"caption":"Dreamy Tours"},"image":{"@id":"https:\/\/dreamy.tours\/es\/#\/schema\/logo\/image\/"},"sameAs":["https:\/\/www.facebook.com\/dreamytours","https:\/\/x.com\/Dreamy_tours","https:\/\/www.instagram.com\/dreamy_tours\/","https:\/\/www.pinterest.es\/dreamy_tours\/","https:\/\/www.youtube.com\/channel\/UCGKP_C9x8GBYl7l8D0QD9Fg"]}]}},"coauthors":[],"author_meta":{"author_link":"https:\/\/dreamy.tours\/es\/blog\/author\/admin_dt\/","display_name":"Dreamy Tours"},"relative_dates":{"created":"Publicado 3 a\u00f1os hace","modified":"Actualizado 9 meses hace"},"absolute_dates":{"created":"Publicado el 9 noviembre, 2022","modified":"Actualizado el 7 julio, 2025"},"absolute_dates_time":{"created":"Publicado el 9 noviembre, 2022 5:33 pm","modified":"Actualizado el 7 julio, 2025 3:46 pm"},"featured_img_caption":"Barranco Peru","featured_img":"https:\/\/dreamy.tours\/wp-content\/uploads\/2021\/09\/lima-portada-tour.jpg","series_order":"","_links":{"self":[{"href":"https:\/\/dreamy.tours\/es\/wp-json\/wp\/v2\/pages\/24156","targetHints":{"allow":["GET"]}}],"collection":[{"href":"https:\/\/dreamy.tours\/es\/wp-json\/wp\/v2\/pages"}],"about":[{"href":"https:\/\/dreamy.tours\/es\/wp-json\/wp\/v2\/types\/page"}],"author":[{"embeddable":true,"href":"https:\/\/dreamy.tours\/es\/wp-json\/wp\/v2\/users\/1"}],"replies":[{"embeddable":true,"href":"https:\/\/dreamy.tours\/es\/wp-json\/wp\/v2\/comments?post=24156"}],"version-history":[{"count":0,"href":"https:\/\/dreamy.tours\/es\/wp-json\/wp\/v2\/pages\/24156\/revisions"}],"wp:featuredmedia":[{"embeddable":true,"href":"https:\/\/dreamy.tours\/es\/wp-json\/wp\/v2\/media\/3257"}],"wp:attachment":[{"href":"https:\/\/dreamy.tours\/es\/wp-json\/wp\/v2\/media?parent=24156"}],"curies":[{"name":"wp","href":"https:\/\/api.w.org\/{rel}","templated":true}]}}