{"id":23161,"date":"2022-09-16T17:31:36","date_gmt":"2022-09-16T22:31:36","guid":{"rendered":"https:\/\/dreamy.tours\/?page_id=23161"},"modified":"2023-08-04T15:37:27","modified_gmt":"2023-08-04T20:37:27","slug":"politicas-de-proteccion-de-datos-personales","status":"publish","type":"page","link":"https:\/\/dreamy.tours\/es\/politicas-de-proteccion-de-datos-personales\/","title":{"rendered":"Pol\u00edticas de Protecci\u00f3n de Datos Personales"},"content":{"rendered":"\n<p>En cumplimiento de la Ley N\u00b0 29733 \u2013Ley de Protecci\u00f3n de Datos Personales- y su Reglamento N\u00b0 003-2013-JUS, autorizo y otorgo a DREAMY TOURS, de manera indefinida, mi consentimiento libre, previo, expreso, inequ\u00edvoco e informado para que (por s\u00ed mismo o a trav\u00e9s de terceros): <\/p>\n\n\n\n<p>Recopile, de tratamiento o suprima , transfiera o importe, exporte mis datos personales, para elaborar Bases de Datos, transferirlas a terceras personas vinculadas o no a DREAMY TOURS (sean socios comerciales o no, nacionales o extranjeros, p\u00fablicos o privados) con la finalidad de: <\/p>\n\n\n\n<p>(i) Otorgarme el servicio solicitado y\/o (ii) Informarme sobre nuevos servicios que est\u00e9n relacionados con el o los servicios adquiridos y\/o (iii) Establecer una comunicaci\u00f3n que permita brindarme informaci\u00f3n relacionada con otros servicios, concursos y contenidos que puedan ser de mi inter\u00e9s y\/u ofertas y\/o promociones y\/o alianzas y\/o publicidad, entre otros, concursos y contenidos que puedan ser de inter\u00e9s del titular de DREAMY TOURS y \/o cualquier otra empresa que pertenezca o que pueda pertenecer en el futuro a DREAMY TOURS, domiciliado o no en el pa\u00eds (directamente y\/o a trav\u00e9s de terceras vinculadas o no vinculadas).(iv) Evaluar la calidad de sus servicios y\/o (v) Realizar nivel de satisfacci\u00f3n de los clientes y\/o almacenar y tratar mis datos personales con fines estad\u00edsticos y\/o hist\u00f3ricos para DREAMY TOURS y\/o terceras vinculadas o no vinculadas y\/o cualquiera otra empresa que pertenezca o que en el futuro pueda pertenecer a DREAMY TOURS. <\/p>\n\n\n\n<p>He sido informado que: (i) Si no otorgo este consentimiento, mi informaci\u00f3n solo ser\u00e1 utilizada (tratada) para la ejecuci\u00f3n (desarrollo) y cumplimiento del servicio que contrate, (ii) podr\u00e9 revocar, en cualquier momento mi consentimiento, comunicando mi decisi\u00f3n por escrito en cualquiera de las oficinas de DREAMY TOURS, la cual no afectar\u00e1 el uso de mis datos ni el contenido de las Bases de Datos para la ejecuci\u00f3n y cumplimiento de la transacci\u00f3n que celebre con ustedes, (iii) podr\u00e9 ejercer mis derechos de acceso, rectificaci\u00f3n, cancelaci\u00f3n y oposici\u00f3n de mis datos de acuerdo a la legislaci\u00f3n vigente.<\/p>\n","protected":false},"excerpt":{"rendered":"<p>En cumplimiento de la Ley N\u00b0 29733 \u2013Ley de Protecci\u00f3n de Datos Personales- y su Reglamento N\u00b0 003-2013-JUS, autorizo y otorgo a DREAMY TOURS, de &#8230;<\/p>\n","protected":false},"author":1,"featured_media":3258,"parent":0,"menu_order":0,"comment_status":"closed","ping_status":"closed","template":"","meta":{"_acf_changed":false,"advgb_blocks_editor_width":"","advgb_blocks_columns_visual_guide":"","footnotes":""},"class_list":["post-23161","page","type-page","status-publish","has-post-thumbnail","hentry"],"acf":[],"yoast_head":"<!-- This site is optimized with the Yoast SEO Premium plugin v25.4 (Yoast SEO v27.3) - https:\/\/yoast.com\/product\/yoast-seo-premium-wordpress\/ -->\n<title>Pol\u00edticas de Protecci\u00f3n de Datos Personales - Dreamy Tours<\/title>\n<meta name=\"description\" content=\"En cumplimiento de la Ley N\u00b0 29733 \u2013Ley de Protecci\u00f3n de Datos Personales- y su Reglamento N\u00b0 003-2013-JUS, autorizo y otorgo a DREAMY TOURS\" \/>\n<meta name=\"robots\" content=\"index, follow, max-snippet:-1, max-image-preview:large, max-video-preview:-1\" \/>\n<link rel=\"canonical\" href=\"https:\/\/dreamy.tours\/es\/politicas-de-proteccion-de-datos-personales\/\" \/>\n<meta property=\"og:locale\" content=\"es_ES\" \/>\n<meta property=\"og:type\" content=\"article\" \/>\n<meta property=\"og:title\" content=\"Pol\u00edticas de Protecci\u00f3n de Datos Personales\" \/>\n<meta property=\"og:description\" content=\"En cumplimiento de la Ley N\u00b0 29733 \u2013Ley de Protecci\u00f3n de Datos Personales- y su Reglamento N\u00b0 003-2013-JUS, autorizo y otorgo a DREAMY TOURS\" \/>\n<meta property=\"og:url\" content=\"https:\/\/dreamy.tours\/es\/politicas-de-proteccion-de-datos-personales\/\" \/>\n<meta property=\"og:site_name\" content=\"Dreamy Tours\" \/>\n<meta property=\"article:publisher\" content=\"https:\/\/www.facebook.com\/dreamytours\" \/>\n<meta property=\"article:modified_time\" content=\"2023-08-04T20:37:27+00:00\" \/>\n<meta property=\"og:image\" content=\"https:\/\/dreamy.tours\/wp-content\/uploads\/2021\/09\/lima-portada-tour.jpg\" \/>\n\t<meta property=\"og:image:width\" content=\"1900\" \/>\n\t<meta property=\"og:image:height\" content=\"600\" \/>\n\t<meta property=\"og:image:type\" content=\"image\/jpeg\" \/>\n<meta name=\"twitter:card\" content=\"summary_large_image\" \/>\n<meta name=\"twitter:site\" content=\"@Dreamy_tours\" \/>\n<meta name=\"twitter:label1\" content=\"Tiempo de lectura\" \/>\n\t<meta name=\"twitter:data1\" content=\"2 minutos\" \/>\n<script type=\"application\/ld+json\" class=\"yoast-schema-graph\">{\"@context\":\"https:\\\/\\\/schema.org\",\"@graph\":[{\"@type\":\"WebPage\",\"@id\":\"https:\\\/\\\/dreamy.tours\\\/es\\\/politicas-de-proteccion-de-datos-personales\\\/\",\"url\":\"https:\\\/\\\/dreamy.tours\\\/es\\\/politicas-de-proteccion-de-datos-personales\\\/\",\"name\":\"Pol\u00edticas de Protecci\u00f3n de Datos Personales - Dreamy Tours\",\"isPartOf\":{\"@id\":\"https:\\\/\\\/dreamy.tours\\\/es\\\/#website\"},\"primaryImageOfPage\":{\"@id\":\"https:\\\/\\\/dreamy.tours\\\/es\\\/politicas-de-proteccion-de-datos-personales\\\/#primaryimage\"},\"image\":{\"@id\":\"https:\\\/\\\/dreamy.tours\\\/es\\\/politicas-de-proteccion-de-datos-personales\\\/#primaryimage\"},\"thumbnailUrl\":\"https:\\\/\\\/dreamy.tours\\\/wp-content\\\/uploads\\\/2021\\\/09\\\/lima-portada-tour.jpg\",\"datePublished\":\"2022-09-16T22:31:36+00:00\",\"dateModified\":\"2023-08-04T20:37:27+00:00\",\"description\":\"En cumplimiento de la Ley N\u00b0 29733 \u2013Ley de Protecci\u00f3n de Datos Personales- y su Reglamento N\u00b0 003-2013-JUS, autorizo y otorgo a DREAMY TOURS\",\"breadcrumb\":{\"@id\":\"https:\\\/\\\/dreamy.tours\\\/es\\\/politicas-de-proteccion-de-datos-personales\\\/#breadcrumb\"},\"inLanguage\":\"es\",\"potentialAction\":[{\"@type\":\"ReadAction\",\"target\":[\"https:\\\/\\\/dreamy.tours\\\/es\\\/politicas-de-proteccion-de-datos-personales\\\/\"]}]},{\"@type\":\"ImageObject\",\"inLanguage\":\"es\",\"@id\":\"https:\\\/\\\/dreamy.tours\\\/es\\\/politicas-de-proteccion-de-datos-personales\\\/#primaryimage\",\"url\":\"https:\\\/\\\/dreamy.tours\\\/wp-content\\\/uploads\\\/2021\\\/09\\\/lima-portada-tour.jpg\",\"contentUrl\":\"https:\\\/\\\/dreamy.tours\\\/wp-content\\\/uploads\\\/2021\\\/09\\\/lima-portada-tour.jpg\",\"width\":1900,\"height\":600,\"caption\":\"Barranco Peru\"},{\"@type\":\"BreadcrumbList\",\"@id\":\"https:\\\/\\\/dreamy.tours\\\/es\\\/politicas-de-proteccion-de-datos-personales\\\/#breadcrumb\",\"itemListElement\":[{\"@type\":\"ListItem\",\"position\":1,\"name\":\"Home\",\"item\":\"https:\\\/\\\/dreamy.tours\\\/es\\\/\"},{\"@type\":\"ListItem\",\"position\":2,\"name\":\"Pol\u00edticas de Protecci\u00f3n de Datos Personales\"}]},{\"@type\":\"WebSite\",\"@id\":\"https:\\\/\\\/dreamy.tours\\\/es\\\/#website\",\"url\":\"https:\\\/\\\/dreamy.tours\\\/es\\\/\",\"name\":\"Dreamy Tours\",\"description\":\"\",\"publisher\":{\"@id\":\"https:\\\/\\\/dreamy.tours\\\/es\\\/#organization\"},\"potentialAction\":[{\"@type\":\"SearchAction\",\"target\":{\"@type\":\"EntryPoint\",\"urlTemplate\":\"https:\\\/\\\/dreamy.tours\\\/es\\\/?s={search_term_string}\"},\"query-input\":{\"@type\":\"PropertyValueSpecification\",\"valueRequired\":true,\"valueName\":\"search_term_string\"}}],\"inLanguage\":\"es\"},{\"@type\":\"Organization\",\"@id\":\"https:\\\/\\\/dreamy.tours\\\/es\\\/#organization\",\"name\":\"Dreamy Tours\",\"url\":\"https:\\\/\\\/dreamy.tours\\\/es\\\/\",\"logo\":{\"@type\":\"ImageObject\",\"inLanguage\":\"es\",\"@id\":\"https:\\\/\\\/dreamy.tours\\\/es\\\/#\\\/schema\\\/logo\\\/image\\\/\",\"url\":\"https:\\\/\\\/dreamy.tours\\\/wp-content\\\/uploads\\\/dreamy-tour-cuadrado.jpg\",\"contentUrl\":\"https:\\\/\\\/dreamy.tours\\\/wp-content\\\/uploads\\\/dreamy-tour-cuadrado.jpg\",\"width\":696,\"height\":696,\"caption\":\"Dreamy Tours\"},\"image\":{\"@id\":\"https:\\\/\\\/dreamy.tours\\\/es\\\/#\\\/schema\\\/logo\\\/image\\\/\"},\"sameAs\":[\"https:\\\/\\\/www.facebook.com\\\/dreamytours\",\"https:\\\/\\\/x.com\\\/Dreamy_tours\",\"https:\\\/\\\/www.instagram.com\\\/dreamy_tours\\\/\",\"https:\\\/\\\/www.pinterest.es\\\/dreamy_tours\\\/\",\"https:\\\/\\\/www.youtube.com\\\/channel\\\/UCGKP_C9x8GBYl7l8D0QD9Fg\"]}]}<\/script>\n<!-- \/ Yoast SEO Premium plugin. -->","yoast_head_json":{"title":"Pol\u00edticas de Protecci\u00f3n de Datos Personales - Dreamy Tours","description":"En cumplimiento de la Ley N\u00b0 29733 \u2013Ley de Protecci\u00f3n de Datos Personales- y su Reglamento N\u00b0 003-2013-JUS, autorizo y otorgo a DREAMY TOURS","robots":{"index":"index","follow":"follow","max-snippet":"max-snippet:-1","max-image-preview":"max-image-preview:large","max-video-preview":"max-video-preview:-1"},"canonical":"https:\/\/dreamy.tours\/es\/politicas-de-proteccion-de-datos-personales\/","og_locale":"es_ES","og_type":"article","og_title":"Pol\u00edticas de Protecci\u00f3n de Datos Personales","og_description":"En cumplimiento de la Ley N\u00b0 29733 \u2013Ley de Protecci\u00f3n de Datos Personales- y su Reglamento N\u00b0 003-2013-JUS, autorizo y otorgo a DREAMY TOURS","og_url":"https:\/\/dreamy.tours\/es\/politicas-de-proteccion-de-datos-personales\/","og_site_name":"Dreamy Tours","article_publisher":"https:\/\/www.facebook.com\/dreamytours","article_modified_time":"2023-08-04T20:37:27+00:00","og_image":[{"width":1900,"height":600,"url":"https:\/\/dreamy.tours\/wp-content\/uploads\/2021\/09\/lima-portada-tour.jpg","type":"image\/jpeg"}],"twitter_card":"summary_large_image","twitter_site":"@Dreamy_tours","twitter_misc":{"Tiempo de lectura":"2 minutos"},"schema":{"@context":"https:\/\/schema.org","@graph":[{"@type":"WebPage","@id":"https:\/\/dreamy.tours\/es\/politicas-de-proteccion-de-datos-personales\/","url":"https:\/\/dreamy.tours\/es\/politicas-de-proteccion-de-datos-personales\/","name":"Pol\u00edticas de Protecci\u00f3n de Datos Personales - Dreamy Tours","isPartOf":{"@id":"https:\/\/dreamy.tours\/es\/#website"},"primaryImageOfPage":{"@id":"https:\/\/dreamy.tours\/es\/politicas-de-proteccion-de-datos-personales\/#primaryimage"},"image":{"@id":"https:\/\/dreamy.tours\/es\/politicas-de-proteccion-de-datos-personales\/#primaryimage"},"thumbnailUrl":"https:\/\/dreamy.tours\/wp-content\/uploads\/2021\/09\/lima-portada-tour.jpg","datePublished":"2022-09-16T22:31:36+00:00","dateModified":"2023-08-04T20:37:27+00:00","description":"En cumplimiento de la Ley N\u00b0 29733 \u2013Ley de Protecci\u00f3n de Datos Personales- y su Reglamento N\u00b0 003-2013-JUS, autorizo y otorgo a DREAMY TOURS","breadcrumb":{"@id":"https:\/\/dreamy.tours\/es\/politicas-de-proteccion-de-datos-personales\/#breadcrumb"},"inLanguage":"es","potentialAction":[{"@type":"ReadAction","target":["https:\/\/dreamy.tours\/es\/politicas-de-proteccion-de-datos-personales\/"]}]},{"@type":"ImageObject","inLanguage":"es","@id":"https:\/\/dreamy.tours\/es\/politicas-de-proteccion-de-datos-personales\/#primaryimage","url":"https:\/\/dreamy.tours\/wp-content\/uploads\/2021\/09\/lima-portada-tour.jpg","contentUrl":"https:\/\/dreamy.tours\/wp-content\/uploads\/2021\/09\/lima-portada-tour.jpg","width":1900,"height":600,"caption":"Barranco Peru"},{"@type":"BreadcrumbList","@id":"https:\/\/dreamy.tours\/es\/politicas-de-proteccion-de-datos-personales\/#breadcrumb","itemListElement":[{"@type":"ListItem","position":1,"name":"Home","item":"https:\/\/dreamy.tours\/es\/"},{"@type":"ListItem","position":2,"name":"Pol\u00edticas de Protecci\u00f3n de Datos Personales"}]},{"@type":"WebSite","@id":"https:\/\/dreamy.tours\/es\/#website","url":"https:\/\/dreamy.tours\/es\/","name":"Dreamy Tours","description":"","publisher":{"@id":"https:\/\/dreamy.tours\/es\/#organization"},"potentialAction":[{"@type":"SearchAction","target":{"@type":"EntryPoint","urlTemplate":"https:\/\/dreamy.tours\/es\/?s={search_term_string}"},"query-input":{"@type":"PropertyValueSpecification","valueRequired":true,"valueName":"search_term_string"}}],"inLanguage":"es"},{"@type":"Organization","@id":"https:\/\/dreamy.tours\/es\/#organization","name":"Dreamy Tours","url":"https:\/\/dreamy.tours\/es\/","logo":{"@type":"ImageObject","inLanguage":"es","@id":"https:\/\/dreamy.tours\/es\/#\/schema\/logo\/image\/","url":"https:\/\/dreamy.tours\/wp-content\/uploads\/dreamy-tour-cuadrado.jpg","contentUrl":"https:\/\/dreamy.tours\/wp-content\/uploads\/dreamy-tour-cuadrado.jpg","width":696,"height":696,"caption":"Dreamy Tours"},"image":{"@id":"https:\/\/dreamy.tours\/es\/#\/schema\/logo\/image\/"},"sameAs":["https:\/\/www.facebook.com\/dreamytours","https:\/\/x.com\/Dreamy_tours","https:\/\/www.instagram.com\/dreamy_tours\/","https:\/\/www.pinterest.es\/dreamy_tours\/","https:\/\/www.youtube.com\/channel\/UCGKP_C9x8GBYl7l8D0QD9Fg"]}]}},"coauthors":[],"author_meta":{"author_link":"https:\/\/dreamy.tours\/es\/blog\/author\/admin_dt\/","display_name":"Dreamy Tours"},"relative_dates":{"created":"Publicado 4 a\u00f1os hace","modified":"Actualizado 3 a\u00f1os hace"},"absolute_dates":{"created":"Publicado el 16 septiembre, 2022","modified":"Actualizado el 4 agosto, 2023"},"absolute_dates_time":{"created":"Publicado el 16 septiembre, 2022 5:31 pm","modified":"Actualizado el 4 agosto, 2023 3:37 pm"},"featured_img_caption":"Barranco Peru","featured_img":"https:\/\/dreamy.tours\/wp-content\/uploads\/2021\/09\/lima-portada-tour.jpg","series_order":"","_links":{"self":[{"href":"https:\/\/dreamy.tours\/es\/wp-json\/wp\/v2\/pages\/23161","targetHints":{"allow":["GET"]}}],"collection":[{"href":"https:\/\/dreamy.tours\/es\/wp-json\/wp\/v2\/pages"}],"about":[{"href":"https:\/\/dreamy.tours\/es\/wp-json\/wp\/v2\/types\/page"}],"author":[{"embeddable":true,"href":"https:\/\/dreamy.tours\/es\/wp-json\/wp\/v2\/users\/1"}],"replies":[{"embeddable":true,"href":"https:\/\/dreamy.tours\/es\/wp-json\/wp\/v2\/comments?post=23161"}],"version-history":[{"count":0,"href":"https:\/\/dreamy.tours\/es\/wp-json\/wp\/v2\/pages\/23161\/revisions"}],"wp:featuredmedia":[{"embeddable":true,"href":"https:\/\/dreamy.tours\/es\/wp-json\/wp\/v2\/media\/3258"}],"wp:attachment":[{"href":"https:\/\/dreamy.tours\/es\/wp-json\/wp\/v2\/media?parent=23161"}],"curies":[{"name":"wp","href":"https:\/\/api.w.org\/{rel}","templated":true}]}}