{"id":19155,"date":"2022-02-16T10:12:41","date_gmt":"2022-02-16T15:12:41","guid":{"rendered":"https:\/\/dreamy.tours\/?page_id=19155"},"modified":"2025-03-26T18:40:13","modified_gmt":"2025-03-26T23:40:13","slug":"guia-de-viaje-puno","status":"publish","type":"page","link":"https:\/\/dreamy.tours\/es\/guia-de-viaje-puno\/","title":{"rendered":"Gu\u00eda DE VIAJE PUNO &#8211; Informacion de Puno"},"content":{"rendered":"\n<p>Obt\u00e9n aqu\u00ed toda la informacion de Puno que necesitar saber para viajar a este destino tur\u00edstico de Per\u00fa.<\/p>\n\n\n\n<p>Puno no es solo un destino tur\u00edstico, es una experiencia que te conectar\u00e1 con la historia, la cultura y la naturaleza. \u00bfQuieres saber todo lo necesario para viajar a Puno? <\/p>\n\n\n\n<h2 class=\"wp-block-heading\" id=\"ciudad-de-puno\">CIUDAD DE PUNO<\/h2>\n\n\n\n<p>La <a href=\"https:\/\/dreamy.tours\/es\/blog\/puno-en-peru\/\">ciudad de Puno<\/a> es un lugar plagado de atractivos como la casa del <a href=\"https:\/\/dreamy.tours\/es\/blog\/lago-titicaca-en-peru\/\">Lago Titicaca<\/a>, de donde se cuenta la leyenda que emergieron desde sus aguas los hijos del Sol, <strong>Manco C\u00e1pac y Mama Ocllo,<\/strong> lo que se encargaron de fundar el Imperio Incaico. <\/p>\n\n\n\n<p>En la ciudad de Puno no solo encontraras el Lago Titicaca, tambi\u00e9n puedes visitar las islas flotantes y las chullpas de Sillustani.<\/p>\n\n\n\n<figure class=\"wp-block-gallery has-nested-images columns-default is-cropped wp-block-gallery-1 is-layout-flex wp-block-gallery-is-layout-flex\">\n<figure class=\"wp-block-image size-large\"><img decoding=\"async\" width=\"480\" height=\"600\" data-id=\"19584\" src=\"https:\/\/dreamy.tours\/wp-content\/uploads\/2022\/02\/puno-dreamy-to.jpg\" alt=\"\" class=\"wp-image-19584\"\/><figcaption class=\"wp-element-caption\">Ciudad de Puno<\/figcaption><\/figure>\n\n\n\n<figure class=\"wp-block-image size-large\"><img decoding=\"async\" width=\"850\" height=\"903\" data-id=\"19581\" src=\"https:\/\/dreamy.tours\/wp-content\/uploads\/2022\/02\/puno-22.jpg\" alt=\"\" class=\"wp-image-19581\" srcset=\"https:\/\/dreamy.tours\/wp-content\/uploads\/2022\/02\/puno-22.jpg 850w, https:\/\/dreamy.tours\/wp-content\/uploads\/2022\/02\/puno-22-768x816.jpg 768w\" sizes=\"(max-width: 850px) 100vw, 850px\" \/><figcaption class=\"wp-element-caption\">Plaza de Armas de Puno<\/figcaption><\/figure>\n\n\n\n<figure class=\"wp-block-image size-large\"><img decoding=\"async\" width=\"640\" height=\"640\" data-id=\"19578\" src=\"https:\/\/dreamy.tours\/wp-content\/uploads\/2022\/02\/lago-titicaca-puno.jpg\" alt=\"\" class=\"wp-image-19578\"\/><figcaption class=\"wp-element-caption\">Lago titicaca &#8211; Puno<\/figcaption><\/figure>\n<\/figure>\n\n\n\n<div class=\"wp-block-ps2id-block-target\" id=\"ubicaci\u00f3n\"><\/div>\n\n\n\n<h3 class=\"wp-block-heading\" id=\"ubicacion\">UBICACI\u00d3N<\/h3>\n\n\n\n<p>Puno est\u00e1 en el sureste de Per\u00fa, limitando con Cusco, Arequipa y Moquegua. <\/p>\n\n\n\n<p>Es el quinto departamento m\u00e1s grande del pa\u00eds y alberga el Lago Titicaca, el m\u00e1s alto del mundo.<\/p>\n\n\n\n<div class=\"wp-block-ps2id-block-target\" id=\"como-llegar\"><\/div>\n\n\n\n<h3 class=\"wp-block-heading\" id=\"como-llegar-a-puno\">\u00bfCOMO LLEGAR A PUNO?<\/h3>\n\n\n\n<p>Existen varias opciones para llegar a Puno:<\/p>\n\n\n\n<ul class=\"wp-block-list\">\n<li><strong>V\u00eda terrestre:<\/strong> Desde Lima, el viaje en bus toma unas 17 horas con escala en Arequipa. Tambi\u00e9n puedes llegar desde Cusco o Arequipa en un trayecto de 6 a 8 horas.<\/li>\n\n\n\n<li><strong>V\u00eda a\u00e9rea:<\/strong> El aeropuerto Inca Manco C\u00e1pac est\u00e1 en Juliaca, a poco m\u00e1s de una hora de Puno. Recibe vuelos desde Lima, Cusco y Arequipa.<\/li>\n\n\n\n<li><strong>V\u00eda f\u00e9rrea:<\/strong> Desde Cusco, un viaje en tren de lujo dura alrededor de 10 horas y ofrece vistas panor\u00e1micas espectaculares.<\/li>\n<\/ul>\n\n\n\n<div class=\"wp-block-ps2id-block-target\" id=\"moneda\"><\/div>\n\n\n\n<h3 class=\"wp-block-heading\" id=\"moneda\">MONEDA<\/h3>\n\n\n\n<p>La moneda oficial es el&nbsp;<strong>Sol peruano (PEN)<\/strong>&nbsp;y su s\u00edmbolo es&nbsp;<strong>S\/<\/strong>.<\/p>\n\n\n\n<p>El banco central de reserva del&nbsp;<strong>Per\u00fa (BCRP)<\/strong>&nbsp;emite billes de las siguientes denominaciones:<\/p>\n\n\n\n<p><strong>Monedas<\/strong>: 10, 20, 50 c\u00e9ntimos, 1, 2 y 5 soles.<\/p>\n\n\n\n<p><strong>Billetes<\/strong>: 10, 20, 50, 100 y 200 soles.<\/p>\n\n\n\n<figure class=\"wp-block-image size-full\"><img decoding=\"async\" width=\"1280\" height=\"720\" src=\"https:\/\/dreamy.tours\/wp-content\/uploads\/monedas-del-peru.webp\" alt=\"\" class=\"wp-image-32265\" srcset=\"https:\/\/dreamy.tours\/wp-content\/uploads\/monedas-del-peru.webp 1280w, https:\/\/dreamy.tours\/wp-content\/uploads\/monedas-del-peru-768x432.webp 768w\" sizes=\"(max-width: 1280px) 100vw, 1280px\" \/><\/figure>\n\n\n\n<div class=\"wp-block-ps2id-block-target\" id=\"clima\"><\/div>\n\n\n\n<h3 class=\"wp-block-heading\" id=\"clima\">CLIMA<\/h3>\n\n\n\n<p>Fr\u00edo y seco, con una temporada de lluvias de noviembre a marzo. La temperatura promedio es de 9\u00b0C, con d\u00edas c\u00e1lidos de hasta 24\u00b0C y noches fr\u00edas de 2\u00b0C.<\/p>\n\n\n\n<div class=\"wp-block-ps2id-block-target\" id=\"transporte\"><\/div>\n\n\n\n<h3 class=\"wp-block-heading\" id=\"transporte\">TRANSPORTE<\/h3>\n\n\n\n<ul class=\"wp-block-list\">\n<li>La ciudad de Puno cuenta con transporte p\u00fablico como autobuses y taxis. <\/li>\n\n\n\n<li>Para recorrer las islas del Lago Titicaca, se usan botes y lanchas.<\/li>\n<\/ul>\n\n\n\n<div class=\"wp-block-ps2id-block-target\" id=\"hospedaje\"><\/div>\n\n\n\n<h3 class=\"wp-block-heading\" id=\"hospedaje\">HOSPEDAJE<\/h3>\n\n\n\n<ul class=\"wp-block-list\">\n<li><strong>Hoteles en la ciudad:<\/strong> Ofrecen comodidad y servicios modernos.<\/li>\n\n\n\n<li><strong>Lodges en el lago:<\/strong> Para una experiencia m\u00e1s cercana a la naturaleza, con hospedajes r\u00fasticos.<\/li>\n<\/ul>\n\n\n\n<div class=\"wp-block-ps2id-block-target\" id=\"que-hacer\"><\/div>\n\n\n\n<h3 class=\"wp-block-heading\" id=\"que-hacer-en-puno\">\u00bfQUE HACER EN PUNO?<\/h3>\n\n\n\n<h3 class=\"wp-block-heading\" id=\"1-plaza-de-armas-y-catedral-de-puno\">1.- Catedral de Puno<\/h3>\n\n\n\n<p>La Catedral de Puno se encuentra en su plaza de Armas, la que fue construida sobre un lugar ceremonial \u201cSupay Kancha\u201d que significa el circulo del Diablo. <\/p>\n\n\n\n<p>El interior del frontis de la catedral es de plata y se encuentran magnificas pinturas de la escuela cuzque\u00f1a. <\/p>\n\n\n\n<p>En la ciudad de puno se podr\u00e1 realizar la visita de: \u00a0<\/p>\n\n\n\n<ul class=\"wp-block-list\">\n<li><strong>Los miradores que rodean la ciudad e Kuntur Wasi o Puma Uta<\/strong> los que nos ofrecen una hermosa vista de Puno, del Lago Titicaca y de sus alrededores. \u00a0<\/li>\n\n\n\n<li><strong>El Palacio de Justicia Puno,<\/strong> una edificaci\u00f3n de dos plantas y que esta tiene la fachada de color beis y adornos rojos.<\/li>\n\n\n\n<li><strong>La iglesia San Juan Bautista,<\/strong> la que en su interior contiene la imagen de la patrona Virgen de la Candelaria, y cuenta con tres altares.<\/li>\n\n\n\n<li><strong>Museo L\u00edtico de Pukara,<\/strong> el cual en su interior alberga cer\u00e1micas, esculturas como, monol\u00edticos, estelas y figuras zoom\u00f3rficas, la escultura que destaca es la de Hatun\u00f1aqac.<\/li>\n<\/ul>\n\n\n\n<h3 class=\"wp-block-heading\" id=\"2-islas-flotantes-de-los-uros\">2.- Islas flotantes de los Uros<\/h3>\n\n\n\n<p>La isla de Uros es una plataforma de totora, construido con junco llamado totora que crese en la superficie del Lago Titicaca. <\/p>\n\n\n\n<p>Es una de las islas flotantes artificiales, sus habitantes son denominados los uros, un pueblo ancestral que actualmente se concentra en la meseta de Collao y en Per\u00fa.<\/p>\n\n\n\n<p>Las islas flotantes se ubican en la bah\u00eda de Puno.<\/p>\n\n\n\n<figure class=\"wp-block-gallery has-nested-images columns-default is-cropped wp-block-gallery-2 is-layout-flex wp-block-gallery-is-layout-flex\">\n<figure class=\"wp-block-image size-large\"><img decoding=\"async\" width=\"640\" height=\"389\" data-id=\"19592\" src=\"https:\/\/dreamy.tours\/wp-content\/uploads\/2022\/02\/isla-uros-dreamy.jpg\" alt=\"\" class=\"wp-image-19592\"\/><figcaption class=\"wp-element-caption\">La Isla los Uros<\/figcaption><\/figure>\n\n\n\n<figure class=\"wp-block-image size-large\"><img decoding=\"async\" width=\"640\" height=\"399\" data-id=\"19587\" src=\"https:\/\/dreamy.tours\/wp-content\/uploads\/2022\/02\/la-isla-los-uros-dreamy.jpg\" alt=\"\" class=\"wp-image-19587\"\/><figcaption class=\"wp-element-caption\">Isla flotantes de los Uros<\/figcaption><\/figure>\n\n\n\n<figure class=\"wp-block-image size-large\"><img decoding=\"async\" width=\"640\" height=\"399\" data-id=\"19590\" src=\"https:\/\/dreamy.tours\/wp-content\/uploads\/2022\/02\/los-uros-isal.jpg\" alt=\"\" class=\"wp-image-19590\"\/><figcaption class=\"wp-element-caption\">La Isla los Uros<\/figcaption><\/figure>\n<\/figure>\n\n\n\n<h3 class=\"wp-block-heading\" id=\"4-islas-de-taquile-y-amantani\">4.- Islas de Taquile y Amantan\u00ed<\/h3>\n\n\n\n<p>Las islas son superficie de tierra que se encuentran ubicadas sobre el<strong> Lago Titicaca<\/strong>, de quienes los pobladores se dedican b\u00e1sicamente a la agricultura.<\/p>\n\n\n\n<ul class=\"wp-block-list\">\n<li><strong>Isla de Taquile.<\/strong> &#8211; ubicada sobre el Lago Titicaca con un \u00e1rea de 5.72 km, la cuales esta habitada por familias quechuas, lo que mayoritariamente se dedican a la agricultura y la pesca mientras que las mujeres se dedican al tejido. La isla de Taquile se encuentra ubicada a 35 Km a 3 horas en bote desde el puerto de la ciudad de Puno.<\/li>\n\n\n\n<li><strong>Isla Amantani.<\/strong>&#8211; Se encuentra ubicada sobre el Lago Titicaca sus habitantes son aimaras quienes b\u00e1sicamente se dedican a la agricultura.\u00a0 Y se concentran en el pueblo de Amantani. Al igual que en Taquile los pobladores ofrecen un turismo vivencial en las comunidades nativas.<\/li>\n<\/ul>\n\n\n\n<figure class=\"wp-block-gallery has-nested-images columns-default is-cropped wp-block-gallery-3 is-layout-flex wp-block-gallery-is-layout-flex\">\n<figure class=\"wp-block-image size-large\"><img decoding=\"async\" width=\"480\" height=\"600\" data-id=\"19599\" src=\"https:\/\/dreamy.tours\/wp-content\/uploads\/2022\/02\/ISLA-TAQUILE-DPERU.jpg\" alt=\"\" class=\"wp-image-19599\"\/><\/figure>\n\n\n\n<figure class=\"wp-block-image size-large\"><img decoding=\"async\" width=\"640\" height=\"692\" data-id=\"19596\" src=\"https:\/\/dreamy.tours\/wp-content\/uploads\/2022\/02\/taquile-punp.jpg\" alt=\"\" class=\"wp-image-19596\"\/><\/figure>\n\n\n\n<figure class=\"wp-block-image size-large\"><img decoding=\"async\" width=\"480\" height=\"600\" data-id=\"19602\" src=\"https:\/\/dreamy.tours\/wp-content\/uploads\/2022\/02\/isla-Amantani-dreamy-t.jpg\" alt=\"\" class=\"wp-image-19602\"\/><figcaption class=\"wp-element-caption\">Isla Amantani<\/figcaption><\/figure>\n<\/figure>\n\n\n\n<h3 class=\"wp-block-heading\" id=\"5-chullpas-de-sillustani\">5.-Chullpas de Sillustani.-<\/h3>\n\n\n\n<p>Las chullpas est\u00e1n ubicadas a 34 kilometros de Puno, en la laguna de Umayo. <strong><a href=\"https:\/\/dreamy.tours\/es\/puno\/complejo-arqueologico-de-sillustani\/\">Sillustani<\/a> <\/strong>tiene alrededor de 90 chullpas con forma de cono invertido.<\/p>\n\n\n\n<p>Seg\u00fan la historia cuentan que los cad\u00e1veres antes de ser ubicados en las tumbas, estos eran momificados en posici\u00f3n fetal esta eran los m\u00e1ximos representantes del <strong>imperio incaico<\/strong>.<\/p>\n\n\n\n<figure class=\"wp-block-gallery has-nested-images columns-default is-cropped wp-block-gallery-4 is-layout-flex wp-block-gallery-is-layout-flex\">\n<figure class=\"wp-block-image size-large\"><img decoding=\"async\" width=\"480\" height=\"600\" data-id=\"19605\" src=\"https:\/\/dreamy.tours\/wp-content\/uploads\/2022\/02\/sillustani-puno-d.jpg\" alt=\"\" class=\"wp-image-19605\"\/><figcaption class=\"wp-element-caption\">Sillustani<\/figcaption><\/figure>\n\n\n\n<figure class=\"wp-block-image size-large\"><img decoding=\"async\" width=\"640\" height=\"800\" data-id=\"19607\" src=\"https:\/\/dreamy.tours\/wp-content\/uploads\/2022\/02\/sillustani-dreamy.jpg\" alt=\"\" class=\"wp-image-19607\"\/><figcaption class=\"wp-element-caption\">chullpas de Sillustani<\/figcaption><\/figure>\n\n\n\n<figure class=\"wp-block-image size-large\"><img decoding=\"async\" width=\"1080\" height=\"1080\" data-id=\"19611\" src=\"https:\/\/dreamy.tours\/wp-content\/uploads\/2022\/02\/chullpas-de-sillustani-juliaca-puno.jpg\" alt=\"\" class=\"wp-image-19611\" srcset=\"https:\/\/dreamy.tours\/wp-content\/uploads\/2022\/02\/chullpas-de-sillustani-juliaca-puno.jpg 1080w, https:\/\/dreamy.tours\/wp-content\/uploads\/2022\/02\/chullpas-de-sillustani-juliaca-puno-768x768.jpg 768w\" sizes=\"(max-width: 1080px) 100vw, 1080px\" \/><figcaption class=\"wp-element-caption\">Sillustani<\/figcaption><\/figure>\n<\/figure>\n\n\n\n<h3 class=\"wp-block-heading\" id=\"6-isla-del-sol\">6.- Isla del sol <\/h3>\n\n\n\n<p>La Isla del Sol, se encuentra ubicado de la ciudad de Copacabana a tres horas de Puno aproximadamente.<\/p>\n\n\n\n<p>Los sitios recomendados para visitar son las Ruinas de Challa, el templo de Pilcocaina, es m\u00e1s usted podr\u00e1 visita la ciudad sumergida.<\/p>\n\n\n\n<figure class=\"wp-block-gallery has-nested-images columns-default is-cropped wp-block-gallery-5 is-layout-flex wp-block-gallery-is-layout-flex\">\n<figure class=\"wp-block-image size-large\"><img decoding=\"async\" width=\"800\" height=\"600\" data-id=\"19306\" src=\"https:\/\/dreamy.tours\/wp-content\/uploads\/2022\/02\/isla-del-sol-puno.jpg\" alt=\"\" class=\"wp-image-19306\" srcset=\"https:\/\/dreamy.tours\/wp-content\/uploads\/2022\/02\/isla-del-sol-puno.jpg 800w, https:\/\/dreamy.tours\/wp-content\/uploads\/2022\/02\/isla-del-sol-puno-768x576.jpg 768w\" sizes=\"(max-width: 800px) 100vw, 800px\" \/><\/figure>\n\n\n\n<figure class=\"wp-block-image size-large\"><img decoding=\"async\" width=\"800\" height=\"450\" data-id=\"19309\" src=\"https:\/\/dreamy.tours\/wp-content\/uploads\/2022\/02\/isla-del-sol-puno-2.jpg\" alt=\"\" class=\"wp-image-19309\" srcset=\"https:\/\/dreamy.tours\/wp-content\/uploads\/2022\/02\/isla-del-sol-puno-2.jpg 800w, https:\/\/dreamy.tours\/wp-content\/uploads\/2022\/02\/isla-del-sol-puno-2-768x432.jpg 768w\" sizes=\"(max-width: 800px) 100vw, 800px\" \/><\/figure>\n\n\n\n<figure class=\"wp-block-image size-large\"><img decoding=\"async\" width=\"800\" height=\"530\" data-id=\"19312\" src=\"https:\/\/dreamy.tours\/wp-content\/uploads\/2022\/02\/isla-del-sol-puno-1.jpg\" alt=\"\" class=\"wp-image-19312\" srcset=\"https:\/\/dreamy.tours\/wp-content\/uploads\/2022\/02\/isla-del-sol-puno-1.jpg 800w, https:\/\/dreamy.tours\/wp-content\/uploads\/2022\/02\/isla-del-sol-puno-1-768x509.jpg 768w, https:\/\/dreamy.tours\/wp-content\/uploads\/2022\/02\/isla-del-sol-puno-1-300x200.jpg 300w\" sizes=\"(max-width: 800px) 100vw, 800px\" \/><\/figure>\n<\/figure>\n\n\n\n<h2 class=\"wp-block-heading\">\u00a1Organiza tu viaje a Puno!<\/h2>\n\n\n\n<p>Puno es un destino fascinante que combina historia, cultura y paisajes inolvidables. Si deseas de conocer toda la informacion de Puno, quieres realizar un tour personalizado, \u00a1escr\u00edbenos a trav\u00e9s de WhatsApp al\u00a0<a href=\"https:\/\/api.whatsapp.com\/send\/?phone=51969787221\" target=\"_blank\" rel=\"noreferrer noopener\">+51 969787221<\/a>\u00a0!<\/p>\n","protected":false},"excerpt":{"rendered":"<p>Obt\u00e9n aqu\u00ed toda la informacion de Puno que necesitar saber para viajar a este destino tur\u00edstico de Per\u00fa. Puno no es solo un destino tur\u00edstico, es&#8230;<\/p>\n","protected":false},"author":4,"featured_media":20252,"parent":0,"menu_order":0,"comment_status":"closed","ping_status":"closed","template":"page-guides.php","meta":{"_acf_changed":false,"advgb_blocks_editor_width":"","advgb_blocks_columns_visual_guide":"","footnotes":""},"class_list":["post-19155","page","type-page","status-publish","has-post-thumbnail","hentry"],"acf":[],"yoast_head":"<!-- This site is optimized with the Yoast SEO Premium plugin v25.4 (Yoast SEO v27.3) - https:\/\/yoast.com\/product\/yoast-seo-premium-wordpress\/ -->\n<title>Guia de Viaje a Puno | Informacion de puno | Dreamy Tours<\/title>\n<meta name=\"description\" content=\"Guia de viaje a Puno, tiene toda la informacion de puno, desde la rica gastronom\u00eda hasta una vibrante cultura, para que disfrutes de tu viaje\" \/>\n<meta name=\"robots\" content=\"index, follow, max-snippet:-1, max-image-preview:large, max-video-preview:-1\" \/>\n<link rel=\"canonical\" href=\"https:\/\/dreamy.tours\/es\/guia-de-viaje-puno\/\" \/>\n<meta property=\"og:locale\" content=\"es_ES\" \/>\n<meta property=\"og:type\" content=\"article\" \/>\n<meta property=\"og:title\" content=\"Gu\u00eda DE VIAJE PUNO - Informacion de Puno\" \/>\n<meta property=\"og:description\" content=\"Guia de viaje a Puno, tiene toda la informacion de puno, desde la rica gastronom\u00eda hasta una vibrante cultura, para que disfrutes de tu viaje\" \/>\n<meta property=\"og:url\" content=\"https:\/\/dreamy.tours\/es\/guia-de-viaje-puno\/\" \/>\n<meta property=\"og:site_name\" content=\"Dreamy Tours\" \/>\n<meta property=\"article:publisher\" content=\"https:\/\/www.facebook.com\/dreamytours\" \/>\n<meta property=\"article:modified_time\" content=\"2025-03-26T23:40:13+00:00\" \/>\n<meta property=\"og:image\" content=\"https:\/\/dreamy.tours\/wp-content\/uploads\/2022\/02\/puno.jpg\" \/>\n\t<meta property=\"og:image:width\" content=\"2000\" \/>\n\t<meta property=\"og:image:height\" content=\"400\" \/>\n\t<meta property=\"og:image:type\" content=\"image\/jpeg\" \/>\n<meta name=\"twitter:card\" content=\"summary_large_image\" \/>\n<meta name=\"twitter:site\" content=\"@Dreamy_tours\" \/>\n<meta name=\"twitter:label1\" content=\"Tiempo de lectura\" \/>\n\t<meta name=\"twitter:data1\" content=\"7 minutos\" \/>\n<script type=\"application\/ld+json\" class=\"yoast-schema-graph\">{\"@context\":\"https:\\\/\\\/schema.org\",\"@graph\":[{\"@type\":\"WebPage\",\"@id\":\"https:\\\/\\\/dreamy.tours\\\/es\\\/guia-de-viaje-puno\\\/\",\"url\":\"https:\\\/\\\/dreamy.tours\\\/es\\\/guia-de-viaje-puno\\\/\",\"name\":\"Guia de Viaje a Puno | Informacion de puno | Dreamy Tours\",\"isPartOf\":{\"@id\":\"https:\\\/\\\/dreamy.tours\\\/es\\\/#website\"},\"primaryImageOfPage\":{\"@id\":\"https:\\\/\\\/dreamy.tours\\\/es\\\/guia-de-viaje-puno\\\/#primaryimage\"},\"image\":{\"@id\":\"https:\\\/\\\/dreamy.tours\\\/es\\\/guia-de-viaje-puno\\\/#primaryimage\"},\"thumbnailUrl\":\"https:\\\/\\\/dreamy.tours\\\/wp-content\\\/uploads\\\/2022\\\/02\\\/puno.jpg\",\"datePublished\":\"2022-02-16T15:12:41+00:00\",\"dateModified\":\"2025-03-26T23:40:13+00:00\",\"description\":\"Guia de viaje a Puno, tiene toda la informacion de puno, desde la rica gastronom\u00eda hasta una vibrante cultura, para que disfrutes de tu viaje\",\"breadcrumb\":{\"@id\":\"https:\\\/\\\/dreamy.tours\\\/es\\\/guia-de-viaje-puno\\\/#breadcrumb\"},\"inLanguage\":\"es\",\"potentialAction\":[{\"@type\":\"ReadAction\",\"target\":[\"https:\\\/\\\/dreamy.tours\\\/es\\\/guia-de-viaje-puno\\\/\"]}]},{\"@type\":\"ImageObject\",\"inLanguage\":\"es\",\"@id\":\"https:\\\/\\\/dreamy.tours\\\/es\\\/guia-de-viaje-puno\\\/#primaryimage\",\"url\":\"https:\\\/\\\/dreamy.tours\\\/wp-content\\\/uploads\\\/2022\\\/02\\\/puno.jpg\",\"contentUrl\":\"https:\\\/\\\/dreamy.tours\\\/wp-content\\\/uploads\\\/2022\\\/02\\\/puno.jpg\",\"width\":2000,\"height\":400},{\"@type\":\"BreadcrumbList\",\"@id\":\"https:\\\/\\\/dreamy.tours\\\/es\\\/guia-de-viaje-puno\\\/#breadcrumb\",\"itemListElement\":[{\"@type\":\"ListItem\",\"position\":1,\"name\":\"Home\",\"item\":\"https:\\\/\\\/dreamy.tours\\\/es\\\/\"},{\"@type\":\"ListItem\",\"position\":2,\"name\":\"Gu\u00eda DE VIAJE PUNO &#8211; Informacion de Puno\"}]},{\"@type\":\"WebSite\",\"@id\":\"https:\\\/\\\/dreamy.tours\\\/es\\\/#website\",\"url\":\"https:\\\/\\\/dreamy.tours\\\/es\\\/\",\"name\":\"Dreamy Tours\",\"description\":\"\",\"publisher\":{\"@id\":\"https:\\\/\\\/dreamy.tours\\\/es\\\/#organization\"},\"potentialAction\":[{\"@type\":\"SearchAction\",\"target\":{\"@type\":\"EntryPoint\",\"urlTemplate\":\"https:\\\/\\\/dreamy.tours\\\/es\\\/?s={search_term_string}\"},\"query-input\":{\"@type\":\"PropertyValueSpecification\",\"valueRequired\":true,\"valueName\":\"search_term_string\"}}],\"inLanguage\":\"es\"},{\"@type\":\"Organization\",\"@id\":\"https:\\\/\\\/dreamy.tours\\\/es\\\/#organization\",\"name\":\"Dreamy Tours\",\"url\":\"https:\\\/\\\/dreamy.tours\\\/es\\\/\",\"logo\":{\"@type\":\"ImageObject\",\"inLanguage\":\"es\",\"@id\":\"https:\\\/\\\/dreamy.tours\\\/es\\\/#\\\/schema\\\/logo\\\/image\\\/\",\"url\":\"https:\\\/\\\/dreamy.tours\\\/wp-content\\\/uploads\\\/dreamy-tour-cuadrado.jpg\",\"contentUrl\":\"https:\\\/\\\/dreamy.tours\\\/wp-content\\\/uploads\\\/dreamy-tour-cuadrado.jpg\",\"width\":696,\"height\":696,\"caption\":\"Dreamy Tours\"},\"image\":{\"@id\":\"https:\\\/\\\/dreamy.tours\\\/es\\\/#\\\/schema\\\/logo\\\/image\\\/\"},\"sameAs\":[\"https:\\\/\\\/www.facebook.com\\\/dreamytours\",\"https:\\\/\\\/x.com\\\/Dreamy_tours\",\"https:\\\/\\\/www.instagram.com\\\/dreamy_tours\\\/\",\"https:\\\/\\\/www.pinterest.es\\\/dreamy_tours\\\/\",\"https:\\\/\\\/www.youtube.com\\\/channel\\\/UCGKP_C9x8GBYl7l8D0QD9Fg\"]}]}<\/script>\n<!-- \/ Yoast SEO Premium plugin. -->","yoast_head_json":{"title":"Guia de Viaje a Puno | Informacion de puno | Dreamy Tours","description":"Guia de viaje a Puno, tiene toda la informacion de puno, desde la rica gastronom\u00eda hasta una vibrante cultura, para que disfrutes de tu viaje","robots":{"index":"index","follow":"follow","max-snippet":"max-snippet:-1","max-image-preview":"max-image-preview:large","max-video-preview":"max-video-preview:-1"},"canonical":"https:\/\/dreamy.tours\/es\/guia-de-viaje-puno\/","og_locale":"es_ES","og_type":"article","og_title":"Gu\u00eda DE VIAJE PUNO - Informacion de Puno","og_description":"Guia de viaje a Puno, tiene toda la informacion de puno, desde la rica gastronom\u00eda hasta una vibrante cultura, para que disfrutes de tu viaje","og_url":"https:\/\/dreamy.tours\/es\/guia-de-viaje-puno\/","og_site_name":"Dreamy Tours","article_publisher":"https:\/\/www.facebook.com\/dreamytours","article_modified_time":"2025-03-26T23:40:13+00:00","og_image":[{"width":2000,"height":400,"url":"https:\/\/dreamy.tours\/wp-content\/uploads\/2022\/02\/puno.jpg","type":"image\/jpeg"}],"twitter_card":"summary_large_image","twitter_site":"@Dreamy_tours","twitter_misc":{"Tiempo de lectura":"7 minutos"},"schema":{"@context":"https:\/\/schema.org","@graph":[{"@type":"WebPage","@id":"https:\/\/dreamy.tours\/es\/guia-de-viaje-puno\/","url":"https:\/\/dreamy.tours\/es\/guia-de-viaje-puno\/","name":"Guia de Viaje a Puno | Informacion de puno | Dreamy Tours","isPartOf":{"@id":"https:\/\/dreamy.tours\/es\/#website"},"primaryImageOfPage":{"@id":"https:\/\/dreamy.tours\/es\/guia-de-viaje-puno\/#primaryimage"},"image":{"@id":"https:\/\/dreamy.tours\/es\/guia-de-viaje-puno\/#primaryimage"},"thumbnailUrl":"https:\/\/dreamy.tours\/wp-content\/uploads\/2022\/02\/puno.jpg","datePublished":"2022-02-16T15:12:41+00:00","dateModified":"2025-03-26T23:40:13+00:00","description":"Guia de viaje a Puno, tiene toda la informacion de puno, desde la rica gastronom\u00eda hasta una vibrante cultura, para que disfrutes de tu viaje","breadcrumb":{"@id":"https:\/\/dreamy.tours\/es\/guia-de-viaje-puno\/#breadcrumb"},"inLanguage":"es","potentialAction":[{"@type":"ReadAction","target":["https:\/\/dreamy.tours\/es\/guia-de-viaje-puno\/"]}]},{"@type":"ImageObject","inLanguage":"es","@id":"https:\/\/dreamy.tours\/es\/guia-de-viaje-puno\/#primaryimage","url":"https:\/\/dreamy.tours\/wp-content\/uploads\/2022\/02\/puno.jpg","contentUrl":"https:\/\/dreamy.tours\/wp-content\/uploads\/2022\/02\/puno.jpg","width":2000,"height":400},{"@type":"BreadcrumbList","@id":"https:\/\/dreamy.tours\/es\/guia-de-viaje-puno\/#breadcrumb","itemListElement":[{"@type":"ListItem","position":1,"name":"Home","item":"https:\/\/dreamy.tours\/es\/"},{"@type":"ListItem","position":2,"name":"Gu\u00eda DE VIAJE PUNO &#8211; Informacion de Puno"}]},{"@type":"WebSite","@id":"https:\/\/dreamy.tours\/es\/#website","url":"https:\/\/dreamy.tours\/es\/","name":"Dreamy Tours","description":"","publisher":{"@id":"https:\/\/dreamy.tours\/es\/#organization"},"potentialAction":[{"@type":"SearchAction","target":{"@type":"EntryPoint","urlTemplate":"https:\/\/dreamy.tours\/es\/?s={search_term_string}"},"query-input":{"@type":"PropertyValueSpecification","valueRequired":true,"valueName":"search_term_string"}}],"inLanguage":"es"},{"@type":"Organization","@id":"https:\/\/dreamy.tours\/es\/#organization","name":"Dreamy Tours","url":"https:\/\/dreamy.tours\/es\/","logo":{"@type":"ImageObject","inLanguage":"es","@id":"https:\/\/dreamy.tours\/es\/#\/schema\/logo\/image\/","url":"https:\/\/dreamy.tours\/wp-content\/uploads\/dreamy-tour-cuadrado.jpg","contentUrl":"https:\/\/dreamy.tours\/wp-content\/uploads\/dreamy-tour-cuadrado.jpg","width":696,"height":696,"caption":"Dreamy Tours"},"image":{"@id":"https:\/\/dreamy.tours\/es\/#\/schema\/logo\/image\/"},"sameAs":["https:\/\/www.facebook.com\/dreamytours","https:\/\/x.com\/Dreamy_tours","https:\/\/www.instagram.com\/dreamy_tours\/","https:\/\/www.pinterest.es\/dreamy_tours\/","https:\/\/www.youtube.com\/channel\/UCGKP_C9x8GBYl7l8D0QD9Fg"]}]}},"coauthors":[],"author_meta":{"author_link":"https:\/\/dreamy.tours\/es\/blog\/author\/dreamy_upt\/","display_name":"Bento J."},"relative_dates":{"created":"Publicado 4 a\u00f1os hace","modified":"Actualizado 1 a\u00f1o hace"},"absolute_dates":{"created":"Publicado el 16 febrero, 2022","modified":"Actualizado el 26 marzo, 2025"},"absolute_dates_time":{"created":"Publicado el 16 febrero, 2022 10:12 am","modified":"Actualizado el 26 marzo, 2025 6:40 pm"},"featured_img_caption":"","featured_img":"https:\/\/dreamy.tours\/wp-content\/uploads\/2022\/02\/puno.jpg","series_order":"","_links":{"self":[{"href":"https:\/\/dreamy.tours\/es\/wp-json\/wp\/v2\/pages\/19155","targetHints":{"allow":["GET"]}}],"collection":[{"href":"https:\/\/dreamy.tours\/es\/wp-json\/wp\/v2\/pages"}],"about":[{"href":"https:\/\/dreamy.tours\/es\/wp-json\/wp\/v2\/types\/page"}],"author":[{"embeddable":true,"href":"https:\/\/dreamy.tours\/es\/wp-json\/wp\/v2\/users\/4"}],"replies":[{"embeddable":true,"href":"https:\/\/dreamy.tours\/es\/wp-json\/wp\/v2\/comments?post=19155"}],"version-history":[{"count":0,"href":"https:\/\/dreamy.tours\/es\/wp-json\/wp\/v2\/pages\/19155\/revisions"}],"wp:featuredmedia":[{"embeddable":true,"href":"https:\/\/dreamy.tours\/es\/wp-json\/wp\/v2\/media\/20252"}],"wp:attachment":[{"href":"https:\/\/dreamy.tours\/es\/wp-json\/wp\/v2\/media?parent=19155"}],"curies":[{"name":"wp","href":"https:\/\/api.w.org\/{rel}","templated":true}]}}