{"id":191,"date":"2021-08-11T11:24:49","date_gmt":"2021-08-11T16:24:49","guid":{"rendered":"https:\/\/dreamy.tours\/home\/"},"modified":"2026-02-24T14:20:55","modified_gmt":"2026-02-24T19:20:55","slug":"es","status":"publish","type":"page","link":"https:\/\/dreamy.tours\/es\/","title":{"rendered":"Inicio"},"content":{"rendered":"\n<div class=\"wp-block-advgb-columns advgb-columns-wrapper\" id=\"advgb-cols-81db538b-0e81-482c-9a4e-543782e4af84\"><div class=\"advgb-columns-container\"><div class=\"advgb-columns advgb-columns-row advgb-is-mobile advgb-columns-2 layout-12-12 mbl-layout-stacked gutter-30 vgutter-10\">\n<div class=\"wp-block-advgb-column advgb-column advgb-is-half-tablet advgb-is-full-mobile\" id=\"advgb-col-a5e4d8ba-904d-4bd4-92fe-08cacc145eda\"><div class=\"advgb-column-inner\" style=\"border-style:none;border-width:1px\">\n<h2 class=\"wp-block-heading line2\" id=\"h-dreamy-tours-peru-viajes-y-experiencias-unicas\" style=\"font-size:30px\"><strong>Dreamy Tours Per\u00fa \u2013 Viajes Y Experiencias \u00danicas<\/strong><\/h2>\n\n\n\n<div style=\"height:40px\" aria-hidden=\"true\" class=\"wp-block-spacer\"><\/div>\n\n\n\n<p>En <strong>DREAMY TOURS<\/strong>, nos especializamos en crear momentos inolvidables a trav\u00e9s de <strong>viajes a Per\u00fa<\/strong> dise\u00f1ados a medida. Ofrecemos desde lunas de miel rom\u00e1nticas y emocionantes aventuras de trekking hasta experiencias culturales aut\u00e9nticas y <strong>vacaciones de lujo en Per\u00fa y Bolivia<\/strong>, en los destinos m\u00e1s fascinantes de la regi\u00f3n andina.<\/p>\n\n\n\n<p>Nuestra pasi\u00f3n va m\u00e1s all\u00e1 del turismo convencional. Brindamos un servicio de excelencia con atenci\u00f3n personalizada, compromiso con la calidad y la seguridad, e innovaci\u00f3n constante en cada uno de nuestros <strong>paquetes tur\u00edsticos en Per\u00fa<\/strong>.<\/p>\n\n\n\n<p>Nos enorgullece promover el <strong>turismo responsable en Per\u00fa<\/strong>, respetando a las comunidades locales y protegiendo el medio ambiente, creando experiencias que recordar\u00e1s toda la vida.<\/p>\n\n\n\n<p>Ya sea que est\u00e9s planeando un <strong>tour a Machu Picchu<\/strong>, un <strong>paquete de viaje a Per\u00fa personalizado<\/strong>, o una experiencia \u00fanica por el <strong>Valle Sagrado y el Lago Titicaca<\/strong>, nuestro equipo de expertos dise\u00f1a cada detalle seg\u00fan tu estilo de viaje. Desde <strong>tours privados en Per\u00fa<\/strong> hasta completos <strong>circuitos por Sudam\u00e9rica<\/strong>, combinamos comodidad, autenticidad y log\u00edstica eficiente para que tus <strong>vacaciones en Per\u00fa<\/strong> se conviertan en una aventura verdaderamente extraordinaria.<\/p>\n<\/div><\/div>\n\n\n\n<div class=\"wp-block-advgb-column advgb-column advgb-is-half-tablet advgb-is-full-mobile\" id=\"advgb-col-1bf208e0-12c1-40cc-bf63-4f85c4ff0069\"><div class=\"advgb-column-inner\" style=\"border-style:none;border-width:1px\">\n<figure class=\"wp-block-image size-full rounded\"><img decoding=\"async\" width=\"1280\" height=\"960\" src=\"https:\/\/dreamy.tours\/wp-content\/uploads\/Equipo-Dreamy-tours-2.jpg\" alt=\"\" class=\"wp-image-45229\" srcset=\"https:\/\/dreamy.tours\/wp-content\/uploads\/Equipo-Dreamy-tours-2.jpg 1280w, https:\/\/dreamy.tours\/wp-content\/uploads\/Equipo-Dreamy-tours-2-768x576.jpg 768w\" sizes=\"(max-width: 1280px) 100vw, 1280px\" \/><\/figure>\n<\/div><\/div>\n<\/div><\/div><\/div>\n<style class=\"advgb-styles-renderer\">#advgb-col-a5e4d8ba-904d-4bd4-92fe-08cacc145eda>.advgb-column-inner{margin-top:10px;margin-right:10px;margin-bottom:10px;margin-left:10px;}@media screen and (max-width: 1023px) {#advgb-col-a5e4d8ba-904d-4bd4-92fe-08cacc145eda>.advgb-column-inner{}}@media screen and (max-width: 767px) {#advgb-col-a5e4d8ba-904d-4bd4-92fe-08cacc145eda>.advgb-column-inner{}}#advgb-col-1bf208e0-12c1-40cc-bf63-4f85c4ff0069>.advgb-column-inner{padding-top:10px;padding-right:10px;padding-bottom:10px;padding-left:10px;}@media screen and (max-width: 1023px) {#advgb-col-1bf208e0-12c1-40cc-bf63-4f85c4ff0069>.advgb-column-inner{}}@media screen and (max-width: 767px) {#advgb-col-1bf208e0-12c1-40cc-bf63-4f85c4ff0069>.advgb-column-inner{}}#advgb-cols-81db538b-0e81-482c-9a4e-543782e4af84{}@media screen and (max-width: 1023px) {#advgb-cols-81db538b-0e81-482c-9a4e-543782e4af84{}}@media screen and (max-width: 767px) {#advgb-cols-81db538b-0e81-482c-9a4e-543782e4af84{}}#advgb-col-a5e4d8ba-904d-4bd4-92fe-08cacc145eda>.advgb-column-inner{margin-top:10px;margin-right:10px;margin-bottom:10px;margin-left:10px;}@media screen and (max-width: 1023px) {#advgb-col-a5e4d8ba-904d-4bd4-92fe-08cacc145eda>.advgb-column-inner{}}@media screen and (max-width: 767px) {#advgb-col-a5e4d8ba-904d-4bd4-92fe-08cacc145eda>.advgb-column-inner{}}#advgb-col-1bf208e0-12c1-40cc-bf63-4f85c4ff0069>.advgb-column-inner{padding-top:10px;padding-right:10px;padding-bottom:10px;padding-left:10px;}@media screen and (max-width: 1023px) {#advgb-col-1bf208e0-12c1-40cc-bf63-4f85c4ff0069>.advgb-column-inner{}}@media screen and (max-width: 767px) {#advgb-col-1bf208e0-12c1-40cc-bf63-4f85c4ff0069>.advgb-column-inner{}}<\/style>","protected":false},"excerpt":{"rendered":"<p>DREAMY TOURS,\u00a0se distingue por brindar un servicio distinto y fuera de lo tradicional tanto como en la organizaci\u00f3n y de Excursiones.<\/p>\n","protected":false},"author":1,"featured_media":29952,"parent":0,"menu_order":0,"comment_status":"closed","ping_status":"closed","template":"","meta":{"_acf_changed":false,"advgb_blocks_editor_width":"large","advgb_blocks_columns_visual_guide":"","footnotes":""},"class_list":["post-191","page","type-page","status-publish","has-post-thumbnail","hentry"],"acf":[],"yoast_head":"<!-- This site is optimized with the Yoast SEO Premium plugin v25.4 (Yoast SEO v27.3) - https:\/\/yoast.com\/product\/yoast-seo-premium-wordpress\/ -->\n<title>Dreamy Tours | Excursiones &amp; Paquetes | Machu Picchu &amp; Peru<\/title>\n<meta name=\"description\" content=\"Explora Per\u00fa con Dreamy Tours. Encuentra los mejores viajes, tours y aventuras para conocer Machu Picchu y m\u00e1s.\" \/>\n<meta name=\"robots\" content=\"index, follow, max-snippet:-1, max-image-preview:large, max-video-preview:-1\" \/>\n<link rel=\"canonical\" href=\"https:\/\/dreamy.tours\/es\/\" \/>\n<meta property=\"og:locale\" content=\"es_ES\" \/>\n<meta property=\"og:type\" content=\"article\" \/>\n<meta property=\"og:title\" content=\"Inicio\" \/>\n<meta property=\"og:description\" content=\"Explora Per\u00fa con Dreamy Tours. Encuentra los mejores viajes, tours y aventuras para conocer Machu Picchu y m\u00e1s.\" \/>\n<meta property=\"og:url\" content=\"https:\/\/dreamy.tours\/es\/\" \/>\n<meta property=\"og:site_name\" content=\"Dreamy Tours\" \/>\n<meta property=\"article:publisher\" content=\"https:\/\/www.facebook.com\/dreamytours\" \/>\n<meta property=\"article:modified_time\" content=\"2026-02-24T19:20:55+00:00\" \/>\n<meta property=\"og:image\" content=\"https:\/\/dreamy.tours\/wp-content\/uploads\/MachuPicchu-s.webp\" \/>\n\t<meta property=\"og:image:width\" content=\"1500\" \/>\n\t<meta property=\"og:image:height\" content=\"844\" \/>\n\t<meta property=\"og:image:type\" content=\"image\/webp\" \/>\n<meta name=\"twitter:card\" content=\"summary_large_image\" \/>\n<meta name=\"twitter:site\" content=\"@Dreamy_tours\" \/>\n<meta name=\"twitter:label1\" content=\"Tiempo de lectura\" \/>\n\t<meta name=\"twitter:data1\" content=\"1 minuto\" \/>\n<script type=\"application\/ld+json\" class=\"yoast-schema-graph\">{\"@context\":\"https:\\\/\\\/schema.org\",\"@graph\":[{\"@type\":\"WebPage\",\"@id\":\"https:\\\/\\\/dreamy.tours\\\/es\\\/\",\"url\":\"https:\\\/\\\/dreamy.tours\\\/es\\\/\",\"name\":\"Dreamy Tours | Excursiones & Paquetes | Machu Picchu & Peru\",\"isPartOf\":{\"@id\":\"https:\\\/\\\/dreamy.tours\\\/es\\\/#website\"},\"primaryImageOfPage\":{\"@id\":\"https:\\\/\\\/dreamy.tours\\\/es\\\/#primaryimage\"},\"image\":{\"@id\":\"https:\\\/\\\/dreamy.tours\\\/es\\\/#primaryimage\"},\"thumbnailUrl\":\"https:\\\/\\\/dreamy.tours\\\/wp-content\\\/uploads\\\/MachuPicchu-s.webp\",\"datePublished\":\"2021-08-11T16:24:49+00:00\",\"dateModified\":\"2026-02-24T19:20:55+00:00\",\"description\":\"Explora Per\u00fa con Dreamy Tours. Encuentra los mejores viajes, tours y aventuras para conocer Machu Picchu y m\u00e1s.\",\"breadcrumb\":{\"@id\":\"https:\\\/\\\/dreamy.tours\\\/es\\\/#breadcrumb\"},\"inLanguage\":\"es\",\"potentialAction\":[{\"@type\":\"ReadAction\",\"target\":[\"https:\\\/\\\/dreamy.tours\\\/es\\\/\"]}]},{\"@type\":\"ImageObject\",\"inLanguage\":\"es\",\"@id\":\"https:\\\/\\\/dreamy.tours\\\/es\\\/#primaryimage\",\"url\":\"https:\\\/\\\/dreamy.tours\\\/wp-content\\\/uploads\\\/MachuPicchu-s.webp\",\"contentUrl\":\"https:\\\/\\\/dreamy.tours\\\/wp-content\\\/uploads\\\/MachuPicchu-s.webp\",\"width\":1500,\"height\":844,\"caption\":\"Machu Picchu\"},{\"@type\":\"BreadcrumbList\",\"@id\":\"https:\\\/\\\/dreamy.tours\\\/es\\\/#breadcrumb\",\"itemListElement\":[{\"@type\":\"ListItem\",\"position\":1,\"name\":\"Home\",\"item\":\"https:\\\/\\\/dreamy.tours\\\/es\\\/\"},{\"@type\":\"ListItem\",\"position\":2,\"name\":\"Inicio\"}]},{\"@type\":\"WebSite\",\"@id\":\"https:\\\/\\\/dreamy.tours\\\/es\\\/#website\",\"url\":\"https:\\\/\\\/dreamy.tours\\\/es\\\/\",\"name\":\"Dreamy Tours\",\"description\":\"\",\"publisher\":{\"@id\":\"https:\\\/\\\/dreamy.tours\\\/es\\\/#organization\"},\"potentialAction\":[{\"@type\":\"SearchAction\",\"target\":{\"@type\":\"EntryPoint\",\"urlTemplate\":\"https:\\\/\\\/dreamy.tours\\\/es\\\/?s={search_term_string}\"},\"query-input\":{\"@type\":\"PropertyValueSpecification\",\"valueRequired\":true,\"valueName\":\"search_term_string\"}}],\"inLanguage\":\"es\"},{\"@type\":\"Organization\",\"@id\":\"https:\\\/\\\/dreamy.tours\\\/es\\\/#organization\",\"name\":\"Dreamy Tours\",\"url\":\"https:\\\/\\\/dreamy.tours\\\/es\\\/\",\"logo\":{\"@type\":\"ImageObject\",\"inLanguage\":\"es\",\"@id\":\"https:\\\/\\\/dreamy.tours\\\/es\\\/#\\\/schema\\\/logo\\\/image\\\/\",\"url\":\"https:\\\/\\\/dreamy.tours\\\/wp-content\\\/uploads\\\/dreamy-tour-cuadrado.jpg\",\"contentUrl\":\"https:\\\/\\\/dreamy.tours\\\/wp-content\\\/uploads\\\/dreamy-tour-cuadrado.jpg\",\"width\":696,\"height\":696,\"caption\":\"Dreamy Tours\"},\"image\":{\"@id\":\"https:\\\/\\\/dreamy.tours\\\/es\\\/#\\\/schema\\\/logo\\\/image\\\/\"},\"sameAs\":[\"https:\\\/\\\/www.facebook.com\\\/dreamytours\",\"https:\\\/\\\/x.com\\\/Dreamy_tours\",\"https:\\\/\\\/www.instagram.com\\\/dreamy_tours\\\/\",\"https:\\\/\\\/www.pinterest.es\\\/dreamy_tours\\\/\",\"https:\\\/\\\/www.youtube.com\\\/channel\\\/UCGKP_C9x8GBYl7l8D0QD9Fg\"]}]}<\/script>\n<!-- \/ Yoast SEO Premium plugin. -->","yoast_head_json":{"title":"Dreamy Tours | Excursiones & Paquetes | Machu Picchu & Peru","description":"Explora Per\u00fa con Dreamy Tours. Encuentra los mejores viajes, tours y aventuras para conocer Machu Picchu y m\u00e1s.","robots":{"index":"index","follow":"follow","max-snippet":"max-snippet:-1","max-image-preview":"max-image-preview:large","max-video-preview":"max-video-preview:-1"},"canonical":"https:\/\/dreamy.tours\/es\/","og_locale":"es_ES","og_type":"article","og_title":"Inicio","og_description":"Explora Per\u00fa con Dreamy Tours. Encuentra los mejores viajes, tours y aventuras para conocer Machu Picchu y m\u00e1s.","og_url":"https:\/\/dreamy.tours\/es\/","og_site_name":"Dreamy Tours","article_publisher":"https:\/\/www.facebook.com\/dreamytours","article_modified_time":"2026-02-24T19:20:55+00:00","og_image":[{"width":1500,"height":844,"url":"https:\/\/dreamy.tours\/wp-content\/uploads\/MachuPicchu-s.webp","type":"image\/webp"}],"twitter_card":"summary_large_image","twitter_site":"@Dreamy_tours","twitter_misc":{"Tiempo de lectura":"1 minuto"},"schema":{"@context":"https:\/\/schema.org","@graph":[{"@type":"WebPage","@id":"https:\/\/dreamy.tours\/es\/","url":"https:\/\/dreamy.tours\/es\/","name":"Dreamy Tours | Excursiones & Paquetes | Machu Picchu & Peru","isPartOf":{"@id":"https:\/\/dreamy.tours\/es\/#website"},"primaryImageOfPage":{"@id":"https:\/\/dreamy.tours\/es\/#primaryimage"},"image":{"@id":"https:\/\/dreamy.tours\/es\/#primaryimage"},"thumbnailUrl":"https:\/\/dreamy.tours\/wp-content\/uploads\/MachuPicchu-s.webp","datePublished":"2021-08-11T16:24:49+00:00","dateModified":"2026-02-24T19:20:55+00:00","description":"Explora Per\u00fa con Dreamy Tours. Encuentra los mejores viajes, tours y aventuras para conocer Machu Picchu y m\u00e1s.","breadcrumb":{"@id":"https:\/\/dreamy.tours\/es\/#breadcrumb"},"inLanguage":"es","potentialAction":[{"@type":"ReadAction","target":["https:\/\/dreamy.tours\/es\/"]}]},{"@type":"ImageObject","inLanguage":"es","@id":"https:\/\/dreamy.tours\/es\/#primaryimage","url":"https:\/\/dreamy.tours\/wp-content\/uploads\/MachuPicchu-s.webp","contentUrl":"https:\/\/dreamy.tours\/wp-content\/uploads\/MachuPicchu-s.webp","width":1500,"height":844,"caption":"Machu Picchu"},{"@type":"BreadcrumbList","@id":"https:\/\/dreamy.tours\/es\/#breadcrumb","itemListElement":[{"@type":"ListItem","position":1,"name":"Home","item":"https:\/\/dreamy.tours\/es\/"},{"@type":"ListItem","position":2,"name":"Inicio"}]},{"@type":"WebSite","@id":"https:\/\/dreamy.tours\/es\/#website","url":"https:\/\/dreamy.tours\/es\/","name":"Dreamy Tours","description":"","publisher":{"@id":"https:\/\/dreamy.tours\/es\/#organization"},"potentialAction":[{"@type":"SearchAction","target":{"@type":"EntryPoint","urlTemplate":"https:\/\/dreamy.tours\/es\/?s={search_term_string}"},"query-input":{"@type":"PropertyValueSpecification","valueRequired":true,"valueName":"search_term_string"}}],"inLanguage":"es"},{"@type":"Organization","@id":"https:\/\/dreamy.tours\/es\/#organization","name":"Dreamy Tours","url":"https:\/\/dreamy.tours\/es\/","logo":{"@type":"ImageObject","inLanguage":"es","@id":"https:\/\/dreamy.tours\/es\/#\/schema\/logo\/image\/","url":"https:\/\/dreamy.tours\/wp-content\/uploads\/dreamy-tour-cuadrado.jpg","contentUrl":"https:\/\/dreamy.tours\/wp-content\/uploads\/dreamy-tour-cuadrado.jpg","width":696,"height":696,"caption":"Dreamy Tours"},"image":{"@id":"https:\/\/dreamy.tours\/es\/#\/schema\/logo\/image\/"},"sameAs":["https:\/\/www.facebook.com\/dreamytours","https:\/\/x.com\/Dreamy_tours","https:\/\/www.instagram.com\/dreamy_tours\/","https:\/\/www.pinterest.es\/dreamy_tours\/","https:\/\/www.youtube.com\/channel\/UCGKP_C9x8GBYl7l8D0QD9Fg"]}]}},"coauthors":[],"author_meta":{"author_link":"https:\/\/dreamy.tours\/es\/blog\/author\/admin_dt\/","display_name":"Dreamy Tours"},"relative_dates":{"created":"Publicado 5 a\u00f1os hace","modified":"Actualizado 2 meses hace"},"absolute_dates":{"created":"Publicado el 11 agosto, 2021","modified":"Actualizado el 24 febrero, 2026"},"absolute_dates_time":{"created":"Publicado el 11 agosto, 2021 11:24 am","modified":"Actualizado el 24 febrero, 2026 2:20 pm"},"featured_img_caption":"Machu Picchu","featured_img":"https:\/\/dreamy.tours\/wp-content\/uploads\/MachuPicchu-s.webp","series_order":"","_links":{"self":[{"href":"https:\/\/dreamy.tours\/es\/wp-json\/wp\/v2\/pages\/191","targetHints":{"allow":["GET"]}}],"collection":[{"href":"https:\/\/dreamy.tours\/es\/wp-json\/wp\/v2\/pages"}],"about":[{"href":"https:\/\/dreamy.tours\/es\/wp-json\/wp\/v2\/types\/page"}],"author":[{"embeddable":true,"href":"https:\/\/dreamy.tours\/es\/wp-json\/wp\/v2\/users\/1"}],"replies":[{"embeddable":true,"href":"https:\/\/dreamy.tours\/es\/wp-json\/wp\/v2\/comments?post=191"}],"version-history":[{"count":0,"href":"https:\/\/dreamy.tours\/es\/wp-json\/wp\/v2\/pages\/191\/revisions"}],"wp:featuredmedia":[{"embeddable":true,"href":"https:\/\/dreamy.tours\/es\/wp-json\/wp\/v2\/media\/29952"}],"wp:attachment":[{"href":"https:\/\/dreamy.tours\/es\/wp-json\/wp\/v2\/media?parent=191"}],"curies":[{"name":"wp","href":"https:\/\/api.w.org\/{rel}","templated":true}]}}