{"id":18947,"date":"2022-02-14T15:18:06","date_gmt":"2022-02-14T20:18:06","guid":{"rendered":"https:\/\/dreamy.tours\/?page_id=18947"},"modified":"2025-03-26T17:09:10","modified_gmt":"2025-03-26T22:09:10","slug":"guia-de-viaje-a-iquitos","status":"publish","type":"page","link":"https:\/\/dreamy.tours\/es\/guia-de-viaje-a-iquitos\/","title":{"rendered":"GUIA DE VIAJE A IQUITOS &#8211; INFORMACION DE IQUITOS"},"content":{"rendered":"\n<p>La informacion de Iquitos que te presentaremos te ayudar\u00e1 a planificar tu aventura de la mejor manera.<\/p>\n\n\n\n<h2 class=\"wp-block-heading\" id=\"ciudad-de-iquitos\">CIUDAD DE IQUITOS<\/h2>\n\n\n\n<p>Iquitos es una ciudad fascinante rodeada por la majestuosidad del Amazonas. Si est\u00e1s planeando un viaje a Iquitos y quieres conocer los mejores consejos, atracciones y formas de llegar, aqu\u00ed tienes la gu\u00eda definitiva.<\/p>\n\n\n\n<p>Iquitos es reconocido como uno de los principales puertos fluviales de Per\u00fa, es conocida como la \u201c<a href=\"https:\/\/dreamy.tours\/es\/iquitos\/\" target=\"_blank\" rel=\"noreferrer noopener\">Isla Bonita<\/a>\u201d.<\/p>\n\n\n\n<figure class=\"wp-block-gallery has-nested-images columns-default is-cropped wp-block-gallery-1 is-layout-flex wp-block-gallery-is-layout-flex\">\n<figure class=\"wp-block-image size-large\"><img decoding=\"async\" width=\"719\" height=\"719\" data-id=\"18964\" src=\"https:\/\/dreamy.tours\/wp-content\/uploads\/2022\/02\/plaza-de-armas-iquitos-d.jpg\" alt=\"\" class=\"wp-image-18964\"\/><figcaption class=\"wp-element-caption\">Plaza de Armas Iquitos<\/figcaption><\/figure>\n\n\n\n<figure class=\"wp-block-image size-large\"><img decoding=\"async\" width=\"640\" height=\"640\" data-id=\"18953\" src=\"https:\/\/dreamy.tours\/wp-content\/uploads\/2022\/02\/iquitos-dr.jpg\" alt=\"\" class=\"wp-image-18953\"\/><figcaption class=\"wp-element-caption\">Iquitos<\/figcaption><\/figure>\n\n\n\n<figure class=\"wp-block-image size-large\"><img decoding=\"async\" width=\"640\" height=\"640\" data-id=\"18956\" src=\"https:\/\/dreamy.tours\/wp-content\/uploads\/2022\/02\/barrio-de-belen-iquitos.jpg\" alt=\"\" class=\"wp-image-18956\"\/><figcaption class=\"wp-element-caption\">Iquitos<\/figcaption><\/figure>\n<\/figure>\n\n\n\n<div class=\"wp-block-ps2id-block-target\" id=\"ubicaci\u00f3n\"><\/div>\n\n\n\n<h3 class=\"wp-block-heading\" id=\"ubicacion\">UBICACI\u00d3N<\/h3>\n\n\n\n<p>Iquitos pertenece a la provincia de Maynas que est\u00e1 en el departamento de Loreto, en el nororiente de Per\u00fa. <\/p>\n\n\n\n<p>Se considera la ciudad m\u00e1s grande del mundo sin acceso terrestre, lo que la convierte en un destino especial y lleno de aventura.<\/p>\n\n\n\n<div class=\"wp-block-ps2id-block-target\" id=\"como-llegar\"><\/div>\n\n\n\n<h3 class=\"wp-block-heading\" id=\"como-llegar-a-iquitos\">\u00bfCOMO LLEGAR A IQUITOS?<\/h3>\n\n\n\n<p>Debido a su ubicaci\u00f3n aislada, solo hay dos formas de llegar:<\/p>\n\n\n\n<h3 class=\"wp-block-heading\">V\u00eda a\u00e9rea<\/h3>\n\n\n\n<ul class=\"wp-block-list\">\n<li>Los vuelos a Iquitos salen principalmente desde <a href=\"https:\/\/dreamy.tours\/es\/lima\/\" target=\"_blank\" rel=\"noreferrer noopener\">Lima<\/a> y duran aproximadamente 1 hora y 30 minutos.<\/li>\n\n\n\n<li>El aeropuerto internacional Coronel FAP Francisco Secada es la principal puerta de entrada.<\/li>\n<\/ul>\n\n\n\n<h3 class=\"wp-block-heading\">V\u00eda fluvial<\/h3>\n\n\n\n<ul class=\"wp-block-list\">\n<li>Para los aventureros, existen rutas fluviales desde ciudades como Pucallpa y Yurimaguas. El trayecto en barco puede tomar de 3 a 5 d\u00edas dependiendo del tipo de embarcaci\u00f3n.<\/li>\n<\/ul>\n\n\n\n<div class=\"wp-block-ps2id-block-target\" id=\"moneda\"><\/div>\n\n\n\n<h3 class=\"wp-block-heading\" id=\"moneda\">MONEDA.-<\/h3>\n\n\n\n<p>La moneda oficial es el&nbsp;<strong>Sol peruano (PEN)<\/strong>&nbsp;y su s\u00edmbolo es&nbsp;<strong>S\/<\/strong>.<\/p>\n\n\n\n<p>El banco central de reserva del&nbsp;<strong>Per\u00fa (BCRP)<\/strong>&nbsp;emite billes de las siguientes denominaciones:<\/p>\n\n\n\n<p><strong>Monedas<\/strong>: 10, 20, 50 c\u00e9ntimos, 1, 2 y 5 soles.<\/p>\n\n\n\n<p><strong>Billetes<\/strong>: 10, 20, 50, 100 y 200 soles.<\/p>\n\n\n\n<figure class=\"wp-block-image size-full\"><img decoding=\"async\" width=\"1280\" height=\"720\" src=\"https:\/\/dreamy.tours\/wp-content\/uploads\/monedas-del-peru.webp\" alt=\"\" class=\"wp-image-32265\" srcset=\"https:\/\/dreamy.tours\/wp-content\/uploads\/monedas-del-peru.webp 1280w, https:\/\/dreamy.tours\/wp-content\/uploads\/monedas-del-peru-768x432.webp 768w\" sizes=\"(max-width: 1280px) 100vw, 1280px\" \/><\/figure>\n\n\n\n<div class=\"wp-block-ps2id-block-target\" id=\"clima\"><\/div>\n\n\n\n<h3 class=\"wp-block-heading\" id=\"clima\">CLIMA<\/h3>\n\n\n\n<p>Iquitos tiene un clima tropical con temperaturas entre 22\u00b0C y 32\u00b0C durante todo el a\u00f1o. <\/p>\n\n\n\n<p>La temporada de lluvias va de noviembre a abril, mientras que la temporada seca se extiende de mayo a octubre.<\/p>\n\n\n\n<p><strong>\u00bfCu\u00e1l es la mejor temporada para viajar a Iquitos?<\/strong><\/p>\n\n\n\n<p>La mejor temporada para visitar Iquitos es durante la temporada seca, sin presencia de lluvias con cielos despejados.<\/p>\n\n\n\n<div class=\"wp-block-ps2id-block-target\" id=\"transporte\"><\/div>\n\n\n\n<h3 class=\"wp-block-heading\" id=\"transporte\">TRANSPORTE<\/h3>\n\n\n\n<p>Para moverte por la ciudad y la selva, estas son las opciones m\u00e1s comunes:<\/p>\n\n\n\n<h3 class=\"wp-block-heading\">En la ciudad<\/h3>\n\n\n\n<ul class=\"wp-block-list\">\n<li><strong>Mototaxis<\/strong>: El medio de transporte m\u00e1s usado por locales y turistas.<\/li>\n\n\n\n<li><strong>Taxis<\/strong>: M\u00e1s c\u00f3modos pero menos comunes.<\/li>\n\n\n\n<li><strong>Bicicletas<\/strong>: Perfectas para recorridos cortos.<\/li>\n<\/ul>\n\n\n\n<h3 class=\"wp-block-heading\">Transporte fluvial<\/h3>\n\n\n\n<ul class=\"wp-block-list\">\n<li><strong>Lanchas y botes r\u00e1pidos<\/strong>: Para explorar comunidades y reservas.<\/li>\n\n\n\n<li><strong>Peque peques<\/strong>: Barcas tradicionales usadas por los locales.<\/li>\n<\/ul>\n\n\n\n<div class=\"wp-block-ps2id-block-target\" id=\"hospedaje\"><\/div>\n\n\n\n<h3 class=\"wp-block-heading\" id=\"hospedaje\">HOSPEDAJE<\/h3>\n\n\n\n<p>Dependiendo de tu estilo de viaje, puedes elegir entre:<\/p>\n\n\n\n<ul class=\"wp-block-list\">\n<li><strong>Lodges en la selva<\/strong>: Para una experiencia m\u00e1s aut\u00e9ntica rodeado de naturaleza.<\/li>\n\n\n\n<li><strong>Hoteles en la ciudad<\/strong>: Con todas las comodidades modernas.<\/li>\n<\/ul>\n\n\n\n<div class=\"wp-block-ps2id-block-target\" id=\"que-hacer\"><\/div>\n\n\n\n<h3 class=\"wp-block-heading\" id=\"que-hacer-en-iquitos\">\u00bfQUE HACER EN IQUITOS?<\/h3>\n\n\n\n<h3 class=\"wp-block-heading\" id=\"1-reserva-nacional-pacaya-samiria\"><strong>1.- Reserva nacional Pacaya-Samiria<\/strong><\/h3>\n\n\n\n<p>La reserva<a href=\"https:\/\/dreamy.tours\/es\/iquitos\/iquitos-pacaya-samiria-3-dias\/\"> Pacaya Samiria<\/a> en Iquitos es la segunda \u00e1rea protegida m\u00e1s grande de Per\u00fa, tiene una biodiversidad con bosques h\u00famedos tropicales inundables, la reserva Nacional comprende parte de Loreto, los boques son ecosistemas aut\u00f3nomos que alberga lagunas como la cocha El Dorado y comunidades nativas en los que se tiene turismo vivencial. &nbsp;&nbsp;&nbsp;<\/p>\n\n\n\n<figure class=\"wp-block-gallery has-nested-images columns-default is-cropped wp-block-gallery-2 is-layout-flex wp-block-gallery-is-layout-flex\">\n<figure class=\"wp-block-image size-large\"><img decoding=\"async\" width=\"1080\" height=\"1080\" data-id=\"18967\" src=\"https:\/\/dreamy.tours\/wp-content\/uploads\/2022\/02\/pacaya-samiria-cayman-dreamu.jpg\" alt=\"\" class=\"wp-image-18967\" srcset=\"https:\/\/dreamy.tours\/wp-content\/uploads\/2022\/02\/pacaya-samiria-cayman-dreamu.jpg 1080w, https:\/\/dreamy.tours\/wp-content\/uploads\/2022\/02\/pacaya-samiria-cayman-dreamu-768x768.jpg 768w\" sizes=\"(max-width: 1080px) 100vw, 1080px\" \/><figcaption class=\"wp-element-caption\">Caiman &#8211; Pacaya Samiria<\/figcaption><\/figure>\n\n\n\n<figure class=\"wp-block-image size-large\"><img decoding=\"async\" width=\"640\" height=\"692\" data-id=\"18970\" src=\"https:\/\/dreamy.tours\/wp-content\/uploads\/2022\/02\/reserva-nacional-de-pacaya-samiria-dre.jpg\" alt=\"\" class=\"wp-image-18970\"\/><figcaption class=\"wp-element-caption\">Pacaya Samiria <\/figcaption><\/figure>\n\n\n\n<figure class=\"wp-block-image size-large\"><img decoding=\"async\" width=\"640\" height=\"640\" data-id=\"18973\" src=\"https:\/\/dreamy.tours\/wp-content\/uploads\/2022\/02\/pacaya-samiria-dreamy.jpg\" alt=\"\" class=\"wp-image-18973\"\/><figcaption class=\"wp-element-caption\">Pacaya Samiria<\/figcaption><\/figure>\n<\/figure>\n\n\n\n<h3 class=\"wp-block-heading\" id=\"2-isla-de-los-monos\"><strong>2.- Isla de los Monos<\/strong><\/h3>\n\n\n\n<p>La isla de los monos en Iquitos es uno de los lugares que no te puede perder, es uno de los lugares que definitivamente tiene que visitar. <\/p>\n\n\n\n<p>A diferencia de los zool\u00f3gicos, este refugio tiene como finalidad la asistencia y cuidado de primates en estado de vulnerabilidad, para que una vez recuperados, ser reinstalado en su habitad natural.<\/p>\n\n\n\n<p>En lo que se encuentra diversa especie de primates entre los cuales se encuentra mono choro, toc\u00f3n, leoncitos, tit\u00edes, maquisapas, ara\u00f1as y aulladores.<\/p>\n\n\n\n<p>Para llegar a la isla de monos se tiene que partir del puerto de Nanay en botes, el viaje tiene una duraci\u00f3n de 30 minutos aproximadamente, en el trayecto es posible observar delfines rosados y guacamayos.<\/p>\n\n\n\n<h3 class=\"wp-block-heading\" id=\"3-paseo-por-la-ciudad-de-iquitos\"><strong>3.-Paseo por la ciudad de Iquitos<\/strong><\/h3>\n\n\n\n<p>En la ciudad de <a href=\"https:\/\/dreamy.tours\/es\/iquitos\/\">Iquitos<\/a> podremos visitar la plaza principal en donde los poblares se re\u00fanen para dar un paseo, la plaza esta compuesta por jardines, obeliscos de los h\u00e9roes y una fuente ornamental. En donde podremos apreciar:<\/p>\n\n\n\n<h3 class=\"wp-block-heading\" id=\"4-mariposario-pilpintuwasi\"><strong>4.- Mariposario Pilpintuwasi<\/strong><\/h3>\n\n\n\n<p>El Mariposario albergan numerosas especies de mariposas, as\u00ed como tambi\u00e9n funciona como centro de rescate de algunas especies amaz\u00f3nicas, Protegen animales afectados por la industria de la caza furtiva. El cual est\u00e1 ubicado a 20 minutos al Norte de Iquitos. <\/p>\n\n\n\n<p>Podr\u00e1s avistar animales adem\u00e1s de las mariposas como el mono rojo o ingles y una variedad de especies como el otorongo, el perezoso de dos dedos, hasta un jaguar.<\/p>\n\n\n\n<h3 class=\"wp-block-heading\" id=\"5-reserva-comunal-de-yanayacu\"><strong>5.- Reserva Comunal de Yanayacu<\/strong><\/h3>\n\n\n\n<p>La reserva Comunal se encuentra al interior de la Reserva Nacional de<a href=\"https:\/\/dreamy.tours\/es\/iquitos\/iquitos-pacaya-samiria-3-dias\/\"> Pacaya Samiria<\/a> junto al rio<strong> <\/strong><a href=\"https:\/\/dreamy.tours\/es\/iquitos\/amazon-yanayacu-3-dias\/\">Yanayacu <\/a>que es una palabra en quechua que significa Aguas Negras, esto se debe a la ca\u00edda de las hojas de los arboles al rio.\u00a0 <\/p>\n\n\n\n<p>En el Rio se puede ver delfines rosados, caimanes, aves y una diversidad de animales.<strong> \u00a0<\/strong><\/p>\n\n\n\n<p>Esta informaci\u00f3n de Iquitos te permitir\u00e1 conocer mejor este destino \u00fanico, donde podr\u00e1s conectar con la naturaleza y la cultura amaz\u00f3nica. \u00a1Prep\u00e1rate para una aventura inolvidable!<\/p>\n\n\n\n<p>Si deseas realizar un tour por Iquitos, escr\u00edbenos a trav\u00e9s de WhatsApp al\u00a0<a href=\"https:\/\/api.whatsapp.com\/send\/?phone=51969787221\" target=\"_blank\" rel=\"noreferrer noopener\">+51 969787221<\/a>\u00a0para m\u00e1s informaci\u00f3n.<\/p>\n","protected":false},"excerpt":{"rendered":"<p>La mejor ciudad de Am\u00e9rica est\u00e1 en Per\u00fa. Encuentra tu itinerario perfecto en nuestra gu\u00eda de viaje a Iquitos, rodeada de bosques, r\u00edos, flora<\/p>\n","protected":false},"author":4,"featured_media":20261,"parent":0,"menu_order":0,"comment_status":"closed","ping_status":"closed","template":"page-guides.php","meta":{"_acf_changed":false,"advgb_blocks_editor_width":"","advgb_blocks_columns_visual_guide":"","footnotes":""},"class_list":["post-18947","page","type-page","status-publish","has-post-thumbnail","hentry"],"acf":[],"yoast_head":"<!-- This site is optimized with the Yoast SEO Premium plugin v25.4 (Yoast SEO v27.3) - https:\/\/yoast.com\/product\/yoast-seo-premium-wordpress\/ -->\n<title>Guia de Viajes a Iquitos | Informacion de iquitos | Dreamy Tours<\/title>\n<meta name=\"description\" content=\"Te traemos la informacion de Iquitos mas actualizadas para que tu viaje a Iquitos desde Lima o cualquier punto del Mundo.\" \/>\n<meta name=\"robots\" content=\"index, follow, max-snippet:-1, max-image-preview:large, max-video-preview:-1\" \/>\n<link rel=\"canonical\" href=\"https:\/\/dreamy.tours\/es\/guia-de-viaje-a-iquitos\/\" \/>\n<meta property=\"og:locale\" content=\"es_ES\" \/>\n<meta property=\"og:type\" content=\"article\" \/>\n<meta property=\"og:title\" content=\"GUIA DE VIAJE A IQUITOS - INFORMACION DE IQUITOS\" \/>\n<meta property=\"og:description\" content=\"Te traemos la informacion de Iquitos mas actualizadas para que tu viaje a Iquitos desde Lima o cualquier punto del Mundo.\" \/>\n<meta property=\"og:url\" content=\"https:\/\/dreamy.tours\/es\/guia-de-viaje-a-iquitos\/\" \/>\n<meta property=\"og:site_name\" content=\"Dreamy Tours\" \/>\n<meta property=\"article:publisher\" content=\"https:\/\/www.facebook.com\/dreamytours\" \/>\n<meta property=\"article:modified_time\" content=\"2025-03-26T22:09:10+00:00\" \/>\n<meta property=\"og:image\" content=\"https:\/\/dreamy.tours\/wp-content\/uploads\/2022\/02\/Iquitos.jpg\" \/>\n\t<meta property=\"og:image:width\" content=\"2000\" \/>\n\t<meta property=\"og:image:height\" content=\"400\" \/>\n\t<meta property=\"og:image:type\" content=\"image\/jpeg\" \/>\n<meta name=\"twitter:card\" content=\"summary_large_image\" \/>\n<meta name=\"twitter:site\" content=\"@Dreamy_tours\" \/>\n<meta name=\"twitter:label1\" content=\"Tiempo de lectura\" \/>\n\t<meta name=\"twitter:data1\" content=\"6 minutos\" \/>\n<script type=\"application\/ld+json\" class=\"yoast-schema-graph\">{\"@context\":\"https:\\\/\\\/schema.org\",\"@graph\":[{\"@type\":\"WebPage\",\"@id\":\"https:\\\/\\\/dreamy.tours\\\/es\\\/guia-de-viaje-a-iquitos\\\/\",\"url\":\"https:\\\/\\\/dreamy.tours\\\/es\\\/guia-de-viaje-a-iquitos\\\/\",\"name\":\"Guia de Viajes a Iquitos | Informacion de iquitos | Dreamy Tours\",\"isPartOf\":{\"@id\":\"https:\\\/\\\/dreamy.tours\\\/es\\\/#website\"},\"primaryImageOfPage\":{\"@id\":\"https:\\\/\\\/dreamy.tours\\\/es\\\/guia-de-viaje-a-iquitos\\\/#primaryimage\"},\"image\":{\"@id\":\"https:\\\/\\\/dreamy.tours\\\/es\\\/guia-de-viaje-a-iquitos\\\/#primaryimage\"},\"thumbnailUrl\":\"https:\\\/\\\/dreamy.tours\\\/wp-content\\\/uploads\\\/2022\\\/02\\\/Iquitos.jpg\",\"datePublished\":\"2022-02-14T20:18:06+00:00\",\"dateModified\":\"2025-03-26T22:09:10+00:00\",\"description\":\"Te traemos la informacion de Iquitos mas actualizadas para que tu viaje a Iquitos desde Lima o cualquier punto del Mundo.\",\"breadcrumb\":{\"@id\":\"https:\\\/\\\/dreamy.tours\\\/es\\\/guia-de-viaje-a-iquitos\\\/#breadcrumb\"},\"inLanguage\":\"es\",\"potentialAction\":[{\"@type\":\"ReadAction\",\"target\":[\"https:\\\/\\\/dreamy.tours\\\/es\\\/guia-de-viaje-a-iquitos\\\/\"]}]},{\"@type\":\"ImageObject\",\"inLanguage\":\"es\",\"@id\":\"https:\\\/\\\/dreamy.tours\\\/es\\\/guia-de-viaje-a-iquitos\\\/#primaryimage\",\"url\":\"https:\\\/\\\/dreamy.tours\\\/wp-content\\\/uploads\\\/2022\\\/02\\\/Iquitos.jpg\",\"contentUrl\":\"https:\\\/\\\/dreamy.tours\\\/wp-content\\\/uploads\\\/2022\\\/02\\\/Iquitos.jpg\",\"width\":2000,\"height\":400,\"caption\":\"Iquitos Dreamy Tours\"},{\"@type\":\"BreadcrumbList\",\"@id\":\"https:\\\/\\\/dreamy.tours\\\/es\\\/guia-de-viaje-a-iquitos\\\/#breadcrumb\",\"itemListElement\":[{\"@type\":\"ListItem\",\"position\":1,\"name\":\"Home\",\"item\":\"https:\\\/\\\/dreamy.tours\\\/es\\\/\"},{\"@type\":\"ListItem\",\"position\":2,\"name\":\"GUIA DE VIAJE A IQUITOS &#8211; INFORMACION DE IQUITOS\"}]},{\"@type\":\"WebSite\",\"@id\":\"https:\\\/\\\/dreamy.tours\\\/es\\\/#website\",\"url\":\"https:\\\/\\\/dreamy.tours\\\/es\\\/\",\"name\":\"Dreamy Tours\",\"description\":\"\",\"publisher\":{\"@id\":\"https:\\\/\\\/dreamy.tours\\\/es\\\/#organization\"},\"potentialAction\":[{\"@type\":\"SearchAction\",\"target\":{\"@type\":\"EntryPoint\",\"urlTemplate\":\"https:\\\/\\\/dreamy.tours\\\/es\\\/?s={search_term_string}\"},\"query-input\":{\"@type\":\"PropertyValueSpecification\",\"valueRequired\":true,\"valueName\":\"search_term_string\"}}],\"inLanguage\":\"es\"},{\"@type\":\"Organization\",\"@id\":\"https:\\\/\\\/dreamy.tours\\\/es\\\/#organization\",\"name\":\"Dreamy Tours\",\"url\":\"https:\\\/\\\/dreamy.tours\\\/es\\\/\",\"logo\":{\"@type\":\"ImageObject\",\"inLanguage\":\"es\",\"@id\":\"https:\\\/\\\/dreamy.tours\\\/es\\\/#\\\/schema\\\/logo\\\/image\\\/\",\"url\":\"https:\\\/\\\/dreamy.tours\\\/wp-content\\\/uploads\\\/dreamy-tour-cuadrado.jpg\",\"contentUrl\":\"https:\\\/\\\/dreamy.tours\\\/wp-content\\\/uploads\\\/dreamy-tour-cuadrado.jpg\",\"width\":696,\"height\":696,\"caption\":\"Dreamy Tours\"},\"image\":{\"@id\":\"https:\\\/\\\/dreamy.tours\\\/es\\\/#\\\/schema\\\/logo\\\/image\\\/\"},\"sameAs\":[\"https:\\\/\\\/www.facebook.com\\\/dreamytours\",\"https:\\\/\\\/x.com\\\/Dreamy_tours\",\"https:\\\/\\\/www.instagram.com\\\/dreamy_tours\\\/\",\"https:\\\/\\\/www.pinterest.es\\\/dreamy_tours\\\/\",\"https:\\\/\\\/www.youtube.com\\\/channel\\\/UCGKP_C9x8GBYl7l8D0QD9Fg\"]}]}<\/script>\n<!-- \/ Yoast SEO Premium plugin. -->","yoast_head_json":{"title":"Guia de Viajes a Iquitos | Informacion de iquitos | Dreamy Tours","description":"Te traemos la informacion de Iquitos mas actualizadas para que tu viaje a Iquitos desde Lima o cualquier punto del Mundo.","robots":{"index":"index","follow":"follow","max-snippet":"max-snippet:-1","max-image-preview":"max-image-preview:large","max-video-preview":"max-video-preview:-1"},"canonical":"https:\/\/dreamy.tours\/es\/guia-de-viaje-a-iquitos\/","og_locale":"es_ES","og_type":"article","og_title":"GUIA DE VIAJE A IQUITOS - INFORMACION DE IQUITOS","og_description":"Te traemos la informacion de Iquitos mas actualizadas para que tu viaje a Iquitos desde Lima o cualquier punto del Mundo.","og_url":"https:\/\/dreamy.tours\/es\/guia-de-viaje-a-iquitos\/","og_site_name":"Dreamy Tours","article_publisher":"https:\/\/www.facebook.com\/dreamytours","article_modified_time":"2025-03-26T22:09:10+00:00","og_image":[{"width":2000,"height":400,"url":"https:\/\/dreamy.tours\/wp-content\/uploads\/2022\/02\/Iquitos.jpg","type":"image\/jpeg"}],"twitter_card":"summary_large_image","twitter_site":"@Dreamy_tours","twitter_misc":{"Tiempo de lectura":"6 minutos"},"schema":{"@context":"https:\/\/schema.org","@graph":[{"@type":"WebPage","@id":"https:\/\/dreamy.tours\/es\/guia-de-viaje-a-iquitos\/","url":"https:\/\/dreamy.tours\/es\/guia-de-viaje-a-iquitos\/","name":"Guia de Viajes a Iquitos | Informacion de iquitos | Dreamy Tours","isPartOf":{"@id":"https:\/\/dreamy.tours\/es\/#website"},"primaryImageOfPage":{"@id":"https:\/\/dreamy.tours\/es\/guia-de-viaje-a-iquitos\/#primaryimage"},"image":{"@id":"https:\/\/dreamy.tours\/es\/guia-de-viaje-a-iquitos\/#primaryimage"},"thumbnailUrl":"https:\/\/dreamy.tours\/wp-content\/uploads\/2022\/02\/Iquitos.jpg","datePublished":"2022-02-14T20:18:06+00:00","dateModified":"2025-03-26T22:09:10+00:00","description":"Te traemos la informacion de Iquitos mas actualizadas para que tu viaje a Iquitos desde Lima o cualquier punto del Mundo.","breadcrumb":{"@id":"https:\/\/dreamy.tours\/es\/guia-de-viaje-a-iquitos\/#breadcrumb"},"inLanguage":"es","potentialAction":[{"@type":"ReadAction","target":["https:\/\/dreamy.tours\/es\/guia-de-viaje-a-iquitos\/"]}]},{"@type":"ImageObject","inLanguage":"es","@id":"https:\/\/dreamy.tours\/es\/guia-de-viaje-a-iquitos\/#primaryimage","url":"https:\/\/dreamy.tours\/wp-content\/uploads\/2022\/02\/Iquitos.jpg","contentUrl":"https:\/\/dreamy.tours\/wp-content\/uploads\/2022\/02\/Iquitos.jpg","width":2000,"height":400,"caption":"Iquitos Dreamy Tours"},{"@type":"BreadcrumbList","@id":"https:\/\/dreamy.tours\/es\/guia-de-viaje-a-iquitos\/#breadcrumb","itemListElement":[{"@type":"ListItem","position":1,"name":"Home","item":"https:\/\/dreamy.tours\/es\/"},{"@type":"ListItem","position":2,"name":"GUIA DE VIAJE A IQUITOS &#8211; INFORMACION DE IQUITOS"}]},{"@type":"WebSite","@id":"https:\/\/dreamy.tours\/es\/#website","url":"https:\/\/dreamy.tours\/es\/","name":"Dreamy Tours","description":"","publisher":{"@id":"https:\/\/dreamy.tours\/es\/#organization"},"potentialAction":[{"@type":"SearchAction","target":{"@type":"EntryPoint","urlTemplate":"https:\/\/dreamy.tours\/es\/?s={search_term_string}"},"query-input":{"@type":"PropertyValueSpecification","valueRequired":true,"valueName":"search_term_string"}}],"inLanguage":"es"},{"@type":"Organization","@id":"https:\/\/dreamy.tours\/es\/#organization","name":"Dreamy Tours","url":"https:\/\/dreamy.tours\/es\/","logo":{"@type":"ImageObject","inLanguage":"es","@id":"https:\/\/dreamy.tours\/es\/#\/schema\/logo\/image\/","url":"https:\/\/dreamy.tours\/wp-content\/uploads\/dreamy-tour-cuadrado.jpg","contentUrl":"https:\/\/dreamy.tours\/wp-content\/uploads\/dreamy-tour-cuadrado.jpg","width":696,"height":696,"caption":"Dreamy Tours"},"image":{"@id":"https:\/\/dreamy.tours\/es\/#\/schema\/logo\/image\/"},"sameAs":["https:\/\/www.facebook.com\/dreamytours","https:\/\/x.com\/Dreamy_tours","https:\/\/www.instagram.com\/dreamy_tours\/","https:\/\/www.pinterest.es\/dreamy_tours\/","https:\/\/www.youtube.com\/channel\/UCGKP_C9x8GBYl7l8D0QD9Fg"]}]}},"coauthors":[],"author_meta":{"author_link":"https:\/\/dreamy.tours\/es\/blog\/author\/dreamy_upt\/","display_name":"Bento J."},"relative_dates":{"created":"Publicado 4 a\u00f1os hace","modified":"Actualizado 1 a\u00f1o hace"},"absolute_dates":{"created":"Publicado el 14 febrero, 2022","modified":"Actualizado el 26 marzo, 2025"},"absolute_dates_time":{"created":"Publicado el 14 febrero, 2022 3:18 pm","modified":"Actualizado el 26 marzo, 2025 5:09 pm"},"featured_img_caption":"Iquitos Dreamy Tours ","featured_img":"https:\/\/dreamy.tours\/wp-content\/uploads\/2022\/02\/Iquitos.jpg","series_order":"","_links":{"self":[{"href":"https:\/\/dreamy.tours\/es\/wp-json\/wp\/v2\/pages\/18947","targetHints":{"allow":["GET"]}}],"collection":[{"href":"https:\/\/dreamy.tours\/es\/wp-json\/wp\/v2\/pages"}],"about":[{"href":"https:\/\/dreamy.tours\/es\/wp-json\/wp\/v2\/types\/page"}],"author":[{"embeddable":true,"href":"https:\/\/dreamy.tours\/es\/wp-json\/wp\/v2\/users\/4"}],"replies":[{"embeddable":true,"href":"https:\/\/dreamy.tours\/es\/wp-json\/wp\/v2\/comments?post=18947"}],"version-history":[{"count":0,"href":"https:\/\/dreamy.tours\/es\/wp-json\/wp\/v2\/pages\/18947\/revisions"}],"wp:featuredmedia":[{"embeddable":true,"href":"https:\/\/dreamy.tours\/es\/wp-json\/wp\/v2\/media\/20261"}],"wp:attachment":[{"href":"https:\/\/dreamy.tours\/es\/wp-json\/wp\/v2\/media?parent=18947"}],"curies":[{"name":"wp","href":"https:\/\/api.w.org\/{rel}","templated":true}]}}