{"id":18821,"date":"2022-02-12T12:45:02","date_gmt":"2022-02-12T17:45:02","guid":{"rendered":"https:\/\/dreamy.tours\/?page_id=18821"},"modified":"2025-01-21T15:10:51","modified_gmt":"2025-01-21T20:10:51","slug":"guia-de-viaje-a-chachapoyas","status":"publish","type":"page","link":"https:\/\/dreamy.tours\/es\/guia-de-viaje-a-chachapoyas\/","title":{"rendered":"GUIA DE VIAJE A CHACHAPOYAS"},"content":{"rendered":"\n<h2 class=\"wp-block-heading\" id=\"ciudad-de-chachapoyas\">CIUDAD DE CHACHAPOYAS<\/h2>\n\n\n\n<p>La amazonia peruana, es una de opciones que no te puede perder pue cuenta la cual se encuentra al norte del Per\u00fa la cual est\u00e1 entre la Cordillera de los Andes y la vasta selva amaz\u00f3nica. &nbsp;Es la parte central de la selva peruana en donde podremos encontrar el santuario de la Virgen Asunta, es m\u00e1s el Centro hist\u00f3rico de Chachapoyas fue declarado patrimonio Cultural de la naci\u00f3n 12 de noviembre. La plaza de Armas presenta elementos de la \u00e9poca colonial, para los interesados en el turismo religioso. &nbsp;<\/p>\n\n\n\n<h2 class=\"wp-block-heading\" id=\"ubicacion\">UBICACI\u00d3N<\/h2>\n\n\n\n<p>Chachapoyas esta ubicada en la cordillera de los Andes y la inconmensurable selva amaz\u00f3nica. Se encuentra al Nor Este del Per\u00fa.<\/p>\n\n\n\n<h2 class=\"wp-block-heading\" id=\"como-llegar-a-chachapoyas\">\u00bfCOMO LLEGAR A CHACHAPOYAS?<\/h2>\n\n\n\n<p>Aqu\u00ed te damos las dos opciones de c\u00f3mo llegar a Chachapoyas:<\/p>\n\n\n\n<ul class=\"wp-block-list\">\n<li>V\u00eda A\u00e9rea: Para llegar a la ciudad de chachapoyas desde Lima existen vuelos directos con un periodo de 2 horas de vuelos. \u00a0<\/li>\n\n\n\n<li>V\u00eda Terrestre: Desde lima se puede llegar a chachapoyas a trabes de los buses interprovinciales con un viaje que dura 22 horas.<\/li>\n<\/ul>\n\n\n\n<h2 class=\"wp-block-heading\" id=\"moneda\">MONEDA.-<\/h2>\n\n\n\n<p>Sol ( S\/ ). es la moneda oficial del Per\u00fa<\/p>\n\n\n\n<h2 class=\"wp-block-heading\" id=\"clima\">CLIMA<\/h2>\n\n\n\n<p>El clima en chachapoyas mayormente tiene el cielo nublado en la tarde. Para Chachapoyas tiene temperatura alta de 21\u00b0C y la temperatura m\u00e1s baja es de 7.5\u00b0C.<\/p>\n\n\n\n<h2 class=\"wp-block-heading\" id=\"transporte\">TRANSPORTE<\/h2>\n\n\n\n<p>El transporte en Chachapoyas es:<\/p>\n\n\n\n<ul class=\"wp-block-list\">\n<li>Bus Publico, es el m\u00e1s popular transporte dentro de la ciudad y es muy econ\u00f3mica.<\/li>\n\n\n\n<li>Taxi. \u2013 los que son manejados por los ciudadanos que prestan un servicio privado.<\/li>\n<\/ul>\n\n\n\n<h2 class=\"wp-block-heading\" id=\"hospedaje\">HOSPEDAJE<\/h2>\n\n\n\n<p>Aqu\u00ed tendr\u00e1s dos opciones, como quedar hospedado en un Hotel de la misma ciudad con todas las comodidades y servicios electr\u00f3nico o en un Lodge de los campamentos los que son por lo general r\u00fasticos.<\/p>\n\n\n\n<h2 class=\"wp-block-heading\" id=\"que-hacer-en-chachapoyas\">QUE HACER EN CHACHAPOYAS<\/h2>\n\n\n\n<h3 class=\"wp-block-heading\" id=\"1-catarata-de-gocta\">1.- Catarata de Gocta.-<\/h3>\n\n\n\n<p>La&nbsp;<strong>ciudad de chachapoyas<\/strong>&nbsp;nos ofrece una impresionante vista a una de las&nbsp;<strong>cataratas m\u00e1s altas del&nbsp;<\/strong>mundo, as\u00ed como la atracci\u00f3n m\u00e1s famosa del r\u00edo Amazonas.<\/p>\n\n\n\n<p>Las\u00a0<a href=\"https:\/\/dreamy.tours\/es\/chachapoyas\/chachapoyas-catarata-de-gocta\/\">cataratas de Gocta<\/a>\u00a0tiene una altura de 771 metros de altura. Tambi\u00e9n le conocen como \u201cLa Chorrera\u201d, sus incre\u00edbles paisajes, de flora y fauna propia del lugar es uno de los motivos para visitar y aventurarse. \u00a0\u00a0\u00a0<\/p>\n\n\n\n<figure class=\"wp-block-gallery has-nested-images columns-default is-cropped wp-block-gallery-1 is-layout-flex wp-block-gallery-is-layout-flex\">\n<figure class=\"wp-block-image size-large\"><img decoding=\"async\" width=\"640\" height=\"800\" data-id=\"15618\" src=\"https:\/\/dreamy.tours\/wp-content\/uploads\/2022\/01\/catara-de-gocta-dreamy.jpg\" alt=\"\" class=\"wp-image-15618\"\/><\/figure>\n\n\n\n<figure class=\"wp-block-image size-large\"><img decoding=\"async\" width=\"1080\" height=\"1350\" data-id=\"19625\" src=\"https:\/\/dreamy.tours\/wp-content\/uploads\/2022\/02\/cataratas-gocta-dreamyt.jpg\" alt=\"\" class=\"wp-image-19625\" srcset=\"https:\/\/dreamy.tours\/wp-content\/uploads\/2022\/02\/cataratas-gocta-dreamyt.jpg 1080w, https:\/\/dreamy.tours\/wp-content\/uploads\/2022\/02\/cataratas-gocta-dreamyt-768x960.jpg 768w\" sizes=\"(max-width: 1080px) 100vw, 1080px\" \/><\/figure>\n\n\n\n<figure class=\"wp-block-image size-large\"><img decoding=\"async\" width=\"640\" height=\"701\" data-id=\"19620\" src=\"https:\/\/dreamy.tours\/wp-content\/uploads\/2022\/02\/desayuno-en-Gocta-dreamy.jpg\" alt=\"\" class=\"wp-image-19620\"\/><\/figure>\n<\/figure>\n\n\n\n<h3 class=\"wp-block-heading\" id=\"3-fortaleza-de-kuelap\">2.- Fortaleza de Ku\u00e9lap<\/h3>\n\n\n\n<p>Se encuentra ubicado en los&nbsp;<strong>Andes del Per\u00fa&nbsp;<\/strong>al Nor Oriente, en la provincia de Luya. Es una arquitectura y fortaleza pre inca construida por la&nbsp;<a href=\"https:\/\/dreamy.tours\/es\/cultura-peruana\/\">cultura Chachapoyas<\/a>. Forma un conjunto arquitect\u00f3nico de piedra de gran dimensi\u00f3n caracterizado por su condici\u00f3n monumental.<\/p>\n\n\n\n<p>La plataforma se extiende a lo largo de casi 600 metros y tiene como per\u00edmetro una muralla que en algunos puntos alcanza 16 metros de altura.<\/p>\n\n\n\n<figure class=\"wp-block-gallery has-nested-images columns-default is-cropped wp-block-gallery-2 is-layout-flex wp-block-gallery-is-layout-flex\">\n<figure class=\"wp-block-image size-large\"><img decoding=\"async\" width=\"640\" height=\"800\" data-id=\"19634\" src=\"https:\/\/dreamy.tours\/wp-content\/uploads\/2022\/02\/kuelap-dreamy.jpg\" alt=\"\" class=\"wp-image-19634\"\/><\/figure>\n\n\n\n<figure class=\"wp-block-image size-large\"><img decoding=\"async\" width=\"640\" height=\"712\" data-id=\"19629\" src=\"https:\/\/dreamy.tours\/wp-content\/uploads\/2022\/02\/kuelap-amazanas.jpg\" alt=\"\" class=\"wp-image-19629\"\/><\/figure>\n\n\n\n<figure class=\"wp-block-image size-large\"><img decoding=\"async\" width=\"1080\" height=\"1080\" data-id=\"19630\" src=\"https:\/\/dreamy.tours\/wp-content\/uploads\/2022\/02\/kuelap-chachapoyas-dreamy.jpg\" alt=\"\" class=\"wp-image-19630\" srcset=\"https:\/\/dreamy.tours\/wp-content\/uploads\/2022\/02\/kuelap-chachapoyas-dreamy.jpg 1080w, https:\/\/dreamy.tours\/wp-content\/uploads\/2022\/02\/kuelap-chachapoyas-dreamy-768x768.jpg 768w\" sizes=\"(max-width: 1080px) 100vw, 1080px\" \/><\/figure>\n<\/figure>\n\n\n\n<h3 class=\"wp-block-heading\" id=\"4-sarcofagos-de-karajia\">3.- Sarc\u00f3fagos de Karaj\u00eda<\/h3>\n\n\n\n<p>Son tumbas con forma de figura humana, es una tradici\u00f3n funeraria, los que se encuentran en pe\u00f1as de gran altura a 2400 metros de pared rocosa vertical y cada una tiene una altura aproximada de 2 metros y medio. Los que se ubican en lugares de dif\u00edcil acceso como en las grutas, acantilados y laderas empinadas. Teniendo como objetivo que los sarc\u00f3fagos no sean visitados y que los cuerpos momificados puedan descansar en paz. &nbsp;&nbsp;<\/p>\n\n\n\n<figure class=\"wp-block-gallery has-nested-images columns-default is-cropped wp-block-gallery-3 is-layout-flex wp-block-gallery-is-layout-flex\">\n<figure class=\"wp-block-image size-large\"><img decoding=\"async\" width=\"640\" height=\"640\" data-id=\"19638\" src=\"https:\/\/dreamy.tours\/wp-content\/uploads\/2022\/02\/Sarcofagos-De-Karajia-dreamy.jpg\" alt=\"\" class=\"wp-image-19638\"\/><\/figure>\n\n\n\n<figure class=\"wp-block-image size-large\"><img decoding=\"async\" width=\"480\" height=\"600\" data-id=\"19641\" src=\"https:\/\/dreamy.tours\/wp-content\/uploads\/2022\/02\/sarcofagos-de-karajia-d.jpg\" alt=\"\" class=\"wp-image-19641\"\/><\/figure>\n<\/figure>\n\n\n\n<h3 class=\"wp-block-heading\" id=\"5-catarata-de-yumbilla\">4.- Catarata de Yumbilla<\/h3>\n\n\n\n<p>Esta cascada se encuentra en Cuispes \u2013 Chachapoyas, el nombre de Yumbilla significa \u201cCoraz\u00f3n Enamorado\u201d. La catarata se considera una de las mas grades del mundo gracias a sus tres ca\u00eddas de agua, las cuales tiene en total mas de 800 metros de altura, con esta atura estar\u00eda superando a la catarata de Gocta. Esta catarata pertenece al circuito denominado Ruta o Valle de Cataratas. &nbsp;<\/p>\n\n\n\n<h3 class=\"wp-block-heading\" id=\"6-caverna-de-quiocta\">5.- Caverna de Quiocta<\/h3>\n\n\n\n<p>Es una cueva que se encuentra debajo de una monta\u00f1a que forma parte de la cordillera de los andes, se caracteriza por la excesiva humedad del suelo, tiene una extensi\u00f3n en 545 metros al interior de la tierra, es una obra de la madre naturaleza en la que se detecto 7 salas con estalactitas y estalagmitas entre las que destacan de estas se encuentran Caverna de Leo, es una de las caverna que no te puedes perder. &nbsp;<\/p>\n\n\n\n<h3 class=\"wp-block-heading\" id=\"7-canos-de-sonche\">6.-Ca\u00f1os de Sonche.-<\/h3>\n\n\n\n<p>Conocido como Huanca Urco o Mirador de Huancas, el cual se encuentra ubicado en el centro poblado de Huanca, el Ca\u00f1o de Sonche posee una extensi\u00f3n de 11 kil\u00f3metros aproximadamente y una profundidad de 1 kil\u00f3metros, este maravilloso atractivo fue erosionado por el rio Sonche. En este Ca\u00f1\u00f3n existe una biodiversidad microbiol\u00f3gica que permite mostrar la flora y fauna, de las cuales su fauna est\u00e1 compuesta por marsupiales y aves con halconcillos. &nbsp;&nbsp;&nbsp;<\/p>\n","protected":false},"excerpt":{"rendered":"<p>CIUDAD DE CHACHAPOYAS La amazonia peruana, es una de opciones que no te puede perder pue cuenta la cual se encuentra al norte del Per\u00fa la cual est\u00e1 &#8230;<\/p>\n","protected":false},"author":4,"featured_media":20266,"parent":0,"menu_order":0,"comment_status":"closed","ping_status":"closed","template":"page-guides.php","meta":{"_acf_changed":false,"advgb_blocks_editor_width":"","advgb_blocks_columns_visual_guide":"","footnotes":""},"class_list":["post-18821","page","type-page","status-publish","has-post-thumbnail","hentry"],"acf":[],"yoast_head":"<!-- This site is optimized with the Yoast SEO Premium plugin v25.4 (Yoast SEO v27.4) - https:\/\/yoast.com\/product\/yoast-seo-premium-wordpress\/ -->\n<title>Guia de Viajes a Chachapoyas | blog de viajes | Dreamy Tours<\/title>\n<meta name=\"description\" content=\"DREAMY TOURS te trae la gu\u00eda de viaje definitiva de chachapoyas Aprende todo lo que hay que saber sobre esta encantadora ciudad.\" \/>\n<meta name=\"robots\" content=\"index, follow, max-snippet:-1, max-image-preview:large, max-video-preview:-1\" \/>\n<link rel=\"canonical\" href=\"https:\/\/dreamy.tours\/es\/guia-de-viaje-a-chachapoyas\/\" \/>\n<meta property=\"og:locale\" content=\"es_ES\" \/>\n<meta property=\"og:type\" content=\"article\" \/>\n<meta property=\"og:title\" content=\"GUIA DE VIAJE A CHACHAPOYAS\" \/>\n<meta property=\"og:description\" content=\"DREAMY TOURS te trae la gu\u00eda de viaje definitiva de chachapoyas Aprende todo lo que hay que saber sobre esta encantadora ciudad.\" \/>\n<meta property=\"og:url\" content=\"https:\/\/dreamy.tours\/es\/guia-de-viaje-a-chachapoyas\/\" \/>\n<meta property=\"og:site_name\" content=\"Dreamy Tours\" \/>\n<meta property=\"article:publisher\" content=\"https:\/\/www.facebook.com\/dreamytours\" \/>\n<meta property=\"article:modified_time\" content=\"2025-01-21T20:10:51+00:00\" \/>\n<meta property=\"og:image\" content=\"https:\/\/dreamy.tours\/wp-content\/uploads\/2022\/02\/chachapoyas-1.jpg\" \/>\n\t<meta property=\"og:image:width\" content=\"2000\" \/>\n\t<meta property=\"og:image:height\" content=\"400\" \/>\n\t<meta property=\"og:image:type\" content=\"image\/jpeg\" \/>\n<meta name=\"twitter:card\" content=\"summary_large_image\" \/>\n<meta name=\"twitter:site\" content=\"@Dreamy_tours\" \/>\n<meta name=\"twitter:label1\" content=\"Tiempo de lectura\" \/>\n\t<meta name=\"twitter:data1\" content=\"5 minutos\" \/>\n<script type=\"application\/ld+json\" class=\"yoast-schema-graph\">{\"@context\":\"https:\\\/\\\/schema.org\",\"@graph\":[{\"@type\":\"WebPage\",\"@id\":\"https:\\\/\\\/dreamy.tours\\\/es\\\/guia-de-viaje-a-chachapoyas\\\/\",\"url\":\"https:\\\/\\\/dreamy.tours\\\/es\\\/guia-de-viaje-a-chachapoyas\\\/\",\"name\":\"Guia de Viajes a Chachapoyas | blog de viajes | Dreamy Tours\",\"isPartOf\":{\"@id\":\"https:\\\/\\\/dreamy.tours\\\/es\\\/#website\"},\"primaryImageOfPage\":{\"@id\":\"https:\\\/\\\/dreamy.tours\\\/es\\\/guia-de-viaje-a-chachapoyas\\\/#primaryimage\"},\"image\":{\"@id\":\"https:\\\/\\\/dreamy.tours\\\/es\\\/guia-de-viaje-a-chachapoyas\\\/#primaryimage\"},\"thumbnailUrl\":\"https:\\\/\\\/dreamy.tours\\\/wp-content\\\/uploads\\\/2022\\\/02\\\/chachapoyas-1.jpg\",\"datePublished\":\"2022-02-12T17:45:02+00:00\",\"dateModified\":\"2025-01-21T20:10:51+00:00\",\"description\":\"DREAMY TOURS te trae la gu\u00eda de viaje definitiva de chachapoyas Aprende todo lo que hay que saber sobre esta encantadora ciudad.\",\"breadcrumb\":{\"@id\":\"https:\\\/\\\/dreamy.tours\\\/es\\\/guia-de-viaje-a-chachapoyas\\\/#breadcrumb\"},\"inLanguage\":\"es\",\"potentialAction\":[{\"@type\":\"ReadAction\",\"target\":[\"https:\\\/\\\/dreamy.tours\\\/es\\\/guia-de-viaje-a-chachapoyas\\\/\"]}]},{\"@type\":\"ImageObject\",\"inLanguage\":\"es\",\"@id\":\"https:\\\/\\\/dreamy.tours\\\/es\\\/guia-de-viaje-a-chachapoyas\\\/#primaryimage\",\"url\":\"https:\\\/\\\/dreamy.tours\\\/wp-content\\\/uploads\\\/2022\\\/02\\\/chachapoyas-1.jpg\",\"contentUrl\":\"https:\\\/\\\/dreamy.tours\\\/wp-content\\\/uploads\\\/2022\\\/02\\\/chachapoyas-1.jpg\",\"width\":2000,\"height\":400},{\"@type\":\"BreadcrumbList\",\"@id\":\"https:\\\/\\\/dreamy.tours\\\/es\\\/guia-de-viaje-a-chachapoyas\\\/#breadcrumb\",\"itemListElement\":[{\"@type\":\"ListItem\",\"position\":1,\"name\":\"Home\",\"item\":\"https:\\\/\\\/dreamy.tours\\\/es\\\/\"},{\"@type\":\"ListItem\",\"position\":2,\"name\":\"GUIA DE VIAJE A CHACHAPOYAS\"}]},{\"@type\":\"WebSite\",\"@id\":\"https:\\\/\\\/dreamy.tours\\\/es\\\/#website\",\"url\":\"https:\\\/\\\/dreamy.tours\\\/es\\\/\",\"name\":\"Dreamy Tours\",\"description\":\"\",\"publisher\":{\"@id\":\"https:\\\/\\\/dreamy.tours\\\/es\\\/#organization\"},\"potentialAction\":[{\"@type\":\"SearchAction\",\"target\":{\"@type\":\"EntryPoint\",\"urlTemplate\":\"https:\\\/\\\/dreamy.tours\\\/es\\\/?s={search_term_string}\"},\"query-input\":{\"@type\":\"PropertyValueSpecification\",\"valueRequired\":true,\"valueName\":\"search_term_string\"}}],\"inLanguage\":\"es\"},{\"@type\":\"Organization\",\"@id\":\"https:\\\/\\\/dreamy.tours\\\/es\\\/#organization\",\"name\":\"Dreamy Tours\",\"url\":\"https:\\\/\\\/dreamy.tours\\\/es\\\/\",\"logo\":{\"@type\":\"ImageObject\",\"inLanguage\":\"es\",\"@id\":\"https:\\\/\\\/dreamy.tours\\\/es\\\/#\\\/schema\\\/logo\\\/image\\\/\",\"url\":\"https:\\\/\\\/dreamy.tours\\\/wp-content\\\/uploads\\\/dreamy-tour-cuadrado.jpg\",\"contentUrl\":\"https:\\\/\\\/dreamy.tours\\\/wp-content\\\/uploads\\\/dreamy-tour-cuadrado.jpg\",\"width\":696,\"height\":696,\"caption\":\"Dreamy Tours\"},\"image\":{\"@id\":\"https:\\\/\\\/dreamy.tours\\\/es\\\/#\\\/schema\\\/logo\\\/image\\\/\"},\"sameAs\":[\"https:\\\/\\\/www.facebook.com\\\/dreamytours\",\"https:\\\/\\\/x.com\\\/Dreamy_tours\",\"https:\\\/\\\/www.instagram.com\\\/dreamy_tours\\\/\",\"https:\\\/\\\/www.pinterest.es\\\/dreamy_tours\\\/\",\"https:\\\/\\\/www.youtube.com\\\/channel\\\/UCGKP_C9x8GBYl7l8D0QD9Fg\"]}]}<\/script>\n<!-- \/ Yoast SEO Premium plugin. -->","yoast_head_json":{"title":"Guia de Viajes a Chachapoyas | blog de viajes | Dreamy Tours","description":"DREAMY TOURS te trae la gu\u00eda de viaje definitiva de chachapoyas Aprende todo lo que hay que saber sobre esta encantadora ciudad.","robots":{"index":"index","follow":"follow","max-snippet":"max-snippet:-1","max-image-preview":"max-image-preview:large","max-video-preview":"max-video-preview:-1"},"canonical":"https:\/\/dreamy.tours\/es\/guia-de-viaje-a-chachapoyas\/","og_locale":"es_ES","og_type":"article","og_title":"GUIA DE VIAJE A CHACHAPOYAS","og_description":"DREAMY TOURS te trae la gu\u00eda de viaje definitiva de chachapoyas Aprende todo lo que hay que saber sobre esta encantadora ciudad.","og_url":"https:\/\/dreamy.tours\/es\/guia-de-viaje-a-chachapoyas\/","og_site_name":"Dreamy Tours","article_publisher":"https:\/\/www.facebook.com\/dreamytours","article_modified_time":"2025-01-21T20:10:51+00:00","og_image":[{"width":2000,"height":400,"url":"https:\/\/dreamy.tours\/wp-content\/uploads\/2022\/02\/chachapoyas-1.jpg","type":"image\/jpeg"}],"twitter_card":"summary_large_image","twitter_site":"@Dreamy_tours","twitter_misc":{"Tiempo de lectura":"5 minutos"},"schema":{"@context":"https:\/\/schema.org","@graph":[{"@type":"WebPage","@id":"https:\/\/dreamy.tours\/es\/guia-de-viaje-a-chachapoyas\/","url":"https:\/\/dreamy.tours\/es\/guia-de-viaje-a-chachapoyas\/","name":"Guia de Viajes a Chachapoyas | blog de viajes | Dreamy Tours","isPartOf":{"@id":"https:\/\/dreamy.tours\/es\/#website"},"primaryImageOfPage":{"@id":"https:\/\/dreamy.tours\/es\/guia-de-viaje-a-chachapoyas\/#primaryimage"},"image":{"@id":"https:\/\/dreamy.tours\/es\/guia-de-viaje-a-chachapoyas\/#primaryimage"},"thumbnailUrl":"https:\/\/dreamy.tours\/wp-content\/uploads\/2022\/02\/chachapoyas-1.jpg","datePublished":"2022-02-12T17:45:02+00:00","dateModified":"2025-01-21T20:10:51+00:00","description":"DREAMY TOURS te trae la gu\u00eda de viaje definitiva de chachapoyas Aprende todo lo que hay que saber sobre esta encantadora ciudad.","breadcrumb":{"@id":"https:\/\/dreamy.tours\/es\/guia-de-viaje-a-chachapoyas\/#breadcrumb"},"inLanguage":"es","potentialAction":[{"@type":"ReadAction","target":["https:\/\/dreamy.tours\/es\/guia-de-viaje-a-chachapoyas\/"]}]},{"@type":"ImageObject","inLanguage":"es","@id":"https:\/\/dreamy.tours\/es\/guia-de-viaje-a-chachapoyas\/#primaryimage","url":"https:\/\/dreamy.tours\/wp-content\/uploads\/2022\/02\/chachapoyas-1.jpg","contentUrl":"https:\/\/dreamy.tours\/wp-content\/uploads\/2022\/02\/chachapoyas-1.jpg","width":2000,"height":400},{"@type":"BreadcrumbList","@id":"https:\/\/dreamy.tours\/es\/guia-de-viaje-a-chachapoyas\/#breadcrumb","itemListElement":[{"@type":"ListItem","position":1,"name":"Home","item":"https:\/\/dreamy.tours\/es\/"},{"@type":"ListItem","position":2,"name":"GUIA DE VIAJE A CHACHAPOYAS"}]},{"@type":"WebSite","@id":"https:\/\/dreamy.tours\/es\/#website","url":"https:\/\/dreamy.tours\/es\/","name":"Dreamy Tours","description":"","publisher":{"@id":"https:\/\/dreamy.tours\/es\/#organization"},"potentialAction":[{"@type":"SearchAction","target":{"@type":"EntryPoint","urlTemplate":"https:\/\/dreamy.tours\/es\/?s={search_term_string}"},"query-input":{"@type":"PropertyValueSpecification","valueRequired":true,"valueName":"search_term_string"}}],"inLanguage":"es"},{"@type":"Organization","@id":"https:\/\/dreamy.tours\/es\/#organization","name":"Dreamy Tours","url":"https:\/\/dreamy.tours\/es\/","logo":{"@type":"ImageObject","inLanguage":"es","@id":"https:\/\/dreamy.tours\/es\/#\/schema\/logo\/image\/","url":"https:\/\/dreamy.tours\/wp-content\/uploads\/dreamy-tour-cuadrado.jpg","contentUrl":"https:\/\/dreamy.tours\/wp-content\/uploads\/dreamy-tour-cuadrado.jpg","width":696,"height":696,"caption":"Dreamy Tours"},"image":{"@id":"https:\/\/dreamy.tours\/es\/#\/schema\/logo\/image\/"},"sameAs":["https:\/\/www.facebook.com\/dreamytours","https:\/\/x.com\/Dreamy_tours","https:\/\/www.instagram.com\/dreamy_tours\/","https:\/\/www.pinterest.es\/dreamy_tours\/","https:\/\/www.youtube.com\/channel\/UCGKP_C9x8GBYl7l8D0QD9Fg"]}]}},"coauthors":[],"author_meta":{"author_link":"https:\/\/dreamy.tours\/es\/blog\/author\/dreamy_upt\/","display_name":"Bento J."},"relative_dates":{"created":"Publicado 4 a\u00f1os hace","modified":"Actualizado 1 a\u00f1o hace"},"absolute_dates":{"created":"Publicado el 12 febrero, 2022","modified":"Actualizado el 21 enero, 2025"},"absolute_dates_time":{"created":"Publicado el 12 febrero, 2022 12:45 pm","modified":"Actualizado el 21 enero, 2025 3:10 pm"},"featured_img_caption":"","featured_img":"https:\/\/dreamy.tours\/wp-content\/uploads\/2022\/02\/chachapoyas-1.jpg","series_order":"","_links":{"self":[{"href":"https:\/\/dreamy.tours\/es\/wp-json\/wp\/v2\/pages\/18821","targetHints":{"allow":["GET"]}}],"collection":[{"href":"https:\/\/dreamy.tours\/es\/wp-json\/wp\/v2\/pages"}],"about":[{"href":"https:\/\/dreamy.tours\/es\/wp-json\/wp\/v2\/types\/page"}],"author":[{"embeddable":true,"href":"https:\/\/dreamy.tours\/es\/wp-json\/wp\/v2\/users\/4"}],"replies":[{"embeddable":true,"href":"https:\/\/dreamy.tours\/es\/wp-json\/wp\/v2\/comments?post=18821"}],"version-history":[{"count":0,"href":"https:\/\/dreamy.tours\/es\/wp-json\/wp\/v2\/pages\/18821\/revisions"}],"wp:featuredmedia":[{"embeddable":true,"href":"https:\/\/dreamy.tours\/es\/wp-json\/wp\/v2\/media\/20266"}],"wp:attachment":[{"href":"https:\/\/dreamy.tours\/es\/wp-json\/wp\/v2\/media?parent=18821"}],"curies":[{"name":"wp","href":"https:\/\/api.w.org\/{rel}","templated":true}]}}