{"id":16887,"date":"2022-02-04T12:51:58","date_gmt":"2022-02-04T17:51:58","guid":{"rendered":"https:\/\/dreamy.tours\/?page_id=16887"},"modified":"2025-03-26T18:04:20","modified_gmt":"2025-03-26T23:04:20","slug":"guia-para-viajar-machu-picchu","status":"publish","type":"page","link":"https:\/\/dreamy.tours\/es\/guia-para-viajar-machu-picchu\/","title":{"rendered":"Gu\u00eda Para Viajar Machu Picchu &#8211; Informacion de Machu picchu"},"content":{"rendered":"\n<p>Conoce aqu\u00ed toda la informacion de Machu Picchu para aprovechar al m\u00e1ximo tu visita<\/p>\n\n\n\n<h2 class=\"wp-block-heading\">MACHU PICCHU<\/h2>\n\n\n\n<p>Esta antigua ciudad inca es uno de los tesoros m\u00e1s preciados de <a href=\"https:\/\/dreamy.tours\/es\/blog\/historia-del-peru\/\">Per\u00fa<\/a>. Fue construida a mediados del siglo XV y se cree que fue una de las residencias del noveno<strong> inca del Tahuantinsuyo, Pachac\u00fatec<\/strong>, aunque en ella tambi\u00e9n est\u00e1n los restos de un santuario.<\/p>\n\n\n\n<p>Como se sabe <a href=\"https:\/\/dreamy.tours\/es\/paquetes-peru\/cusco-valle-sagrado-machu-picchu-4-dias\/\">Machu Picchu<\/a> ha sido escogida como una de las <strong>7 Maravillas del Mundo<\/strong> y es un destino fijo para los viajeros en Sudam\u00e9rica. <\/p>\n\n\n\n<p>Con justa raz\u00f3n, esta maravilla de la arquitectura y sus paisajes incre\u00edbles debe de estar en la lista de destinos a visitar de cualquier viajero.<\/p>\n\n\n\n<figure class=\"wp-block-gallery has-nested-images columns-default is-cropped wp-block-gallery-1 is-layout-flex wp-block-gallery-is-layout-flex\">\n<figure class=\"wp-block-image size-large\"><img decoding=\"async\" width=\"640\" height=\"792\" data-id=\"16917\" src=\"https:\/\/dreamy.tours\/wp-content\/uploads\/2022\/02\/MACHU-PICCHU-2022DPER.jpg\" alt=\"\" class=\"wp-image-16917\"\/><figcaption class=\"wp-element-caption\">Foto cl\u00e1sica de Machu Picchu<\/figcaption><\/figure>\n\n\n\n<figure class=\"wp-block-image size-large\"><img decoding=\"async\" width=\"640\" height=\"497\" data-id=\"16920\" src=\"https:\/\/dreamy.tours\/wp-content\/uploads\/2022\/02\/mACHU-PICCHU-D22.jpg\" alt=\"\" class=\"wp-image-16920\"\/><figcaption class=\"wp-element-caption\">Machu Picchu<\/figcaption><\/figure>\n\n\n\n<figure class=\"wp-block-image size-large\"><img decoding=\"async\" width=\"1440\" height=\"1440\" data-id=\"16923\" src=\"https:\/\/dreamy.tours\/wp-content\/uploads\/2022\/02\/Machu-Picchu-22-dpo.jpg\" alt=\"\" class=\"wp-image-16923\" srcset=\"https:\/\/dreamy.tours\/wp-content\/uploads\/2022\/02\/Machu-Picchu-22-dpo.jpg 1440w, https:\/\/dreamy.tours\/wp-content\/uploads\/2022\/02\/Machu-Picchu-22-dpo-768x768.jpg 768w\" sizes=\"(max-width: 1440px) 100vw, 1440px\" \/><figcaption class=\"wp-element-caption\">Machu Picchu<\/figcaption><\/figure>\n<\/figure>\n\n\n\n<h2 class=\"wp-block-heading has-text-align-left\">UBICACI\u00d3N<\/h2>\n\n\n\n<p>Machu Picchu se encuentra en los Andes peruanos, dentro de la regi\u00f3n de Cusco. Est\u00e1 rodeada de monta\u00f1as y selva, lo que le da su aspecto m\u00edstico y majestuoso.<\/p>\n\n\n\n<h3 class=\"wp-block-heading has-text-align-left\">Altitud<\/h3>\n\n\n\n<p>La ciudadela se ubica a 2,430 metros sobre el nivel del mar, mientras que <a href=\"https:\/\/dreamy.tours\/es\/cusco\/\">Cusco<\/a>, la ciudad de partida m\u00e1s com\u00fan, est\u00e1 a 3,400 metros.<\/p>\n\n\n\n<h2 class=\"wp-block-heading has-text-align-left\">\u00bfC\u00f3mo Llegar a Machu Picchu?<\/h2>\n\n\n\n<p>Existen varias formas de llegar a este sitio arqueol\u00f3gico. Cada una ofrece una experiencia \u00fanica:<\/p>\n\n\n\n<h3 class=\"wp-block-heading\">1. En tren<\/h3>\n\n\n\n<p>Es la opci\u00f3n m\u00e1s c\u00f3moda y r\u00e1pida. Los trenes parten desde Cusco, Ollantaytambo o Poroy y llegan al pueblo de Aguas Calientes, la puerta de entrada a Machu Picchu.<\/p>\n\n\n\n<h3 class=\"wp-block-heading\">2. Caminatas o trekking<\/h3>\n\n\n\n<p>Si buscas aventura, puedes optar por rutas de senderismo:<\/p>\n\n\n\n<ul class=\"wp-block-list\">\n<li><strong>Camino del Inca<\/strong>: La ruta m\u00e1s famosa <a href=\"https:\/\/dreamy.tours\/es\/excursiones-caminatas\/camino-inca\/\" target=\"_blank\" rel=\"noreferrer noopener\">Camino inca a Machu picchu<\/a>, dura 4 d\u00edas.<\/li>\n\n\n\n<li><strong>Salkantay Trek<\/strong>: Alternativa desafiante con paisajes impresionantes.<\/li>\n\n\n\n<li><strong>Lares Trek<\/strong>: Ideal para quienes desean conocer comunidades andinas.<\/li>\n\n\n\n<li><strong>Inca Jungle<\/strong>: Combina ciclismo, caminata y aventura extrema.<\/li>\n<\/ul>\n\n\n\n<h3 class=\"wp-block-heading\">3. Ruta alternativa por Hidroel\u00e9ctrica<\/h3>\n\n\n\n<p>Es la opci\u00f3n m\u00e1s econ\u00f3mica. Consiste en un viaje en bus hasta Hidroel\u00e9ctrica y luego una caminata de 2 a 3 horas hasta Aguas Calientes.<\/p>\n\n\n\n<h2 class=\"wp-block-heading\">\u00bfCu\u00e1ndo viajar a Machu Picchu?<\/h2>\n\n\n\n<p>Se puede visitar todo el a\u00f1o, pero es importante conocer las temporadas:<\/p>\n\n\n\n<h3 class=\"wp-block-heading\">Temporada seca (abril &#8211; octubre)<\/h3>\n\n\n\n<ul class=\"wp-block-list\">\n<li>Menos lluvias y cielos despejados.<\/li>\n\n\n\n<li>Mayor afluencia de turistas.<\/li>\n<\/ul>\n\n\n\n<h3 class=\"wp-block-heading\">Temporada de lluvias (noviembre &#8211; marzo)<\/h3>\n\n\n\n<ul class=\"wp-block-list\">\n<li>Paisajes m\u00e1s verdes.<\/li>\n\n\n\n<li>Mayor posibilidad de lluvias, pero menos turistas.<\/li>\n<\/ul>\n\n\n\n<h2 class=\"wp-block-heading\">Transporte<\/h2>\n\n\n\n<p>Una vez en Aguas Calientes, tienes dos opciones para subir a Machu Picchu:<\/p>\n\n\n\n<ol start=\"1\" class=\"wp-block-list\">\n<li><strong>Bus<\/strong>: Un recorrido de 30 minutos hasta la entrada del sitio.<\/li>\n\n\n\n<li><strong>Caminata<\/strong>: Aproximadamente 1 hora y 30 minutos por escalinatas de piedra.<\/li>\n<\/ol>\n\n\n\n<p>Para llegar a Machu picchu tienes las opciones de tren, caminata y trek.<\/p>\n\n\n\n<h2 class=\"wp-block-heading\">\u00bfD\u00f3nde hospedarse en Machu Picchu?<\/h2>\n\n\n\n<p>La mayor\u00eda de visitantes se hospedan en Aguas Calientes, donde hay opciones para todos los presupuestos:<\/p>\n\n\n\n<ul class=\"wp-block-list\">\n<li><strong>Hostales y alojamientos econ\u00f3micos<\/strong>: Ideales para mochileros y viajeros con bajo presupuesto.<\/li>\n\n\n\n<li><strong>Hoteles de lujo<\/strong>: Servicios premium con vistas espectaculares.<\/li>\n<\/ul>\n\n\n\n<h2 class=\"wp-block-heading\">\u00bfD\u00f3nde comer?<\/h2>\n\n\n\n<p>En el pueblo de aguas calientes, podr\u00e1 encontrar variedad de restaurantes donde usted puede deleitar los platillos exquisitos de su elecci\u00f3n. Consulte.<\/p>\n\n\n\n<h2 class=\"wp-block-heading\">Comida t\u00edpica en Machu Picchu.<\/h2>\n\n\n\n<p>Considerada como una de las mejores del mundo, la gastronom\u00eda peruana es cada vez m\u00e1s valorada.<\/p>\n\n\n\n<p>En el Pueblo de <strong>Aguas Calientes \u2013 Machu Picch<\/strong>u, los platos que m\u00e1s se consumen es el<strong> Cuy al horno<\/strong>, Chicharr\u00f3n con mote, sopas, postres, carne de Alpaca y m\u00e1s variedades, solicitados a tu elecci\u00f3n.<\/p>\n\n\n\n<figure class=\"wp-block-gallery has-nested-images columns-default is-cropped wp-block-gallery-2 is-layout-flex wp-block-gallery-is-layout-flex\">\n<figure class=\"wp-block-image size-large\"><img decoding=\"async\" width=\"1024\" height=\"1024\" data-id=\"16903\" src=\"https:\/\/dreamy.tours\/wp-content\/uploads\/2022\/02\/gastronomia-cuy.jpg\" alt=\"\" class=\"wp-image-16903\" srcset=\"https:\/\/dreamy.tours\/wp-content\/uploads\/2022\/02\/gastronomia-cuy.jpg 1024w, https:\/\/dreamy.tours\/wp-content\/uploads\/2022\/02\/gastronomia-cuy-768x768.jpg 768w\" sizes=\"(max-width: 1024px) 100vw, 1024px\" \/><\/figure>\n\n\n\n<figure class=\"wp-block-image size-large\"><img decoding=\"async\" width=\"864\" height=\"864\" data-id=\"16908\" src=\"https:\/\/dreamy.tours\/wp-content\/uploads\/2022\/02\/asado-de-tira-con-langostinos-gastronomia-1.jpg\" alt=\"\" class=\"wp-image-16908\" srcset=\"https:\/\/dreamy.tours\/wp-content\/uploads\/2022\/02\/asado-de-tira-con-langostinos-gastronomia-1.jpg 864w, https:\/\/dreamy.tours\/wp-content\/uploads\/2022\/02\/asado-de-tira-con-langostinos-gastronomia-1-768x768.jpg 768w\" sizes=\"(max-width: 864px) 100vw, 864px\" \/><\/figure>\n<\/figure>\n\n\n\n<h3 class=\"wp-block-heading\">C\u00f3mo prepararse para el viaje<\/h3>\n\n\n\n<p>Para disfrutar al m\u00e1ximo tu experiencia, sigue estos consejos:<\/p>\n\n\n\n<ul class=\"wp-block-list\">\n<li><strong>Aclimatarse en Cusco<\/strong>: Para evitar el mal de altura, pasa al menos un d\u00eda en Cusco antes de subir.<\/li>\n\n\n\n<li><strong>Usar ropa adecuada<\/strong>: Lleva ropa ligera pero abrigadora, y calzado c\u00f3modo para caminar.<\/li>\n<\/ul>\n\n\n\n<h3 class=\"wp-block-heading\" id=\"que-llevar-a-la-caminata-a-machu-picchu\">\u00bfQu\u00e9 llevar a la caminata a Machu Picchu?<\/h3>\n\n\n\n<ul class=\"wp-block-list\">\n<li>Zapatillas de senderismo c\u00f3modas.<\/li>\n\n\n\n<li>Agua<\/li>\n\n\n\n<li>Sombrero, gafas de sol y protecci\u00f3n solar.<\/li>\n\n\n\n<li>Bast\u00f3n con punta de goma.<\/li>\n\n\n\n<li>Repelente de insectos.<\/li>\n\n\n\n<li>Poncho para la lluvia.<\/li>\n\n\n\n<li>Snacks.<\/li>\n\n\n\n<li>Pasaporte o documento de identidad.<\/li>\n\n\n\n<li>C\u00e1mara fotogr\u00e1fica.<\/li>\n\n\n\n<li>Mochila peque\u00f1a.<\/li>\n<\/ul>\n\n\n\n<h2 class=\"wp-block-heading\">\u00bfQu\u00e9 hacer en Machu Picchu?<\/h2>\n\n\n\n<p><strong>1. Recorrer la ciudadela<\/strong><\/p>\n\n\n\n<ol class=\"wp-block-list\"><\/ol>\n\n\n\n<p>Los puntos m\u00e1s importantes incluyen:<\/p>\n\n\n\n<ul class=\"wp-block-list\">\n<li><strong>Templo del Sol: <\/strong>Centro ceremonial clave.<\/li>\n\n\n\n<li><strong>Intihuatana:<\/strong> Reloj solar incaico.<\/li>\n\n\n\n<li><strong>Templo de las Tres Ventanas:<\/strong> Ejemplo de la arquitectura inca.<\/li>\n<\/ul>\n\n\n\n<p><strong>2. Subir a Huayna Picchu o Monta\u00f1a Machu Picchu<\/strong><\/p>\n\n\n\n<ol start=\"2\" class=\"wp-block-list\"><\/ol>\n\n\n\n<p>Si buscas una vista panor\u00e1mica \u00fanica, puedes escalar una de estas monta\u00f1as cercanas. Se necesita entrada especial y cupos limitados.<\/p>\n\n\n\n<p><strong>3. Visitar el Museo de Sitio Manuel Ch\u00e1vez Ball\u00f3n<\/strong><\/p>\n\n\n\n<ol start=\"3\" class=\"wp-block-list\"><\/ol>\n\n\n\n<p>Aqu\u00ed encontrar\u00e1s informaci\u00f3n valiosa sobre la historia y construcci\u00f3n de Machu Picchu.<\/p>\n\n\n\n<p>Machu Picchu es un destino que combina historia, cultura y naturaleza en un solo lugar. <\/p>\n\n\n\n<p>Ahora que conoces toda esta informacion de Machu picchu, \u00bfte animas a visitarla?<\/p>\n\n\n\n<p>Planifica bien tu visita y disfruta de esta maravilla del mundo.<\/p>\n\n\n\n<p>Si deseas realizar un tour a Machu Picchu, escr\u00edbenos a trav\u00e9s de WhatsApp al\u00a0<a href=\"https:\/\/api.whatsapp.com\/send\/?phone=51969787221\" target=\"_blank\" rel=\"noreferrer noopener\">+51 969787221<\/a>\u00a0para m\u00e1s informaci\u00f3n.<\/p>\n","protected":false},"excerpt":{"rendered":"<p>Conoce aqu\u00ed toda la informacion de Machu Picchu para aprovechar al m\u00e1ximo tu visita MACHU PICCHU Esta antigua ciudad inca es uno de los tesoros m\u00e1s&#8230;<\/p>\n","protected":false},"author":4,"featured_media":29952,"parent":0,"menu_order":0,"comment_status":"closed","ping_status":"closed","template":"","meta":{"_acf_changed":false,"advgb_blocks_editor_width":"","advgb_blocks_columns_visual_guide":"","footnotes":""},"class_list":["post-16887","page","type-page","status-publish","has-post-thumbnail","hentry"],"acf":[],"yoast_head":"<!-- This site is optimized with the Yoast SEO Premium plugin v25.4 (Yoast SEO v27.4) - https:\/\/yoast.com\/product\/yoast-seo-premium-wordpress\/ -->\n<title>Guia de Viaje a Machu Picchu | Informacion de machu picchu<\/title>\n<meta name=\"description\" content=\"Machu picchu, una maravilla del mundo que todos quieren conocer, aqu\u00ed te damos toda la informacion de machu picchu para que puedas visitarla\" \/>\n<meta name=\"robots\" content=\"index, follow, max-snippet:-1, max-image-preview:large, max-video-preview:-1\" \/>\n<link rel=\"canonical\" href=\"https:\/\/dreamy.tours\/es\/guia-para-viajar-machu-picchu\/\" \/>\n<meta property=\"og:locale\" content=\"es_ES\" \/>\n<meta property=\"og:type\" content=\"article\" \/>\n<meta property=\"og:title\" content=\"Gu\u00eda Para Viajar Machu Picchu - Informacion de Machu picchu\" \/>\n<meta property=\"og:description\" content=\"Machu picchu, una maravilla del mundo que todos quieren conocer, aqu\u00ed te damos toda la informacion de machu picchu para que puedas visitarla\" \/>\n<meta property=\"og:url\" content=\"https:\/\/dreamy.tours\/es\/guia-para-viajar-machu-picchu\/\" \/>\n<meta property=\"og:site_name\" content=\"Dreamy Tours\" \/>\n<meta property=\"article:publisher\" content=\"https:\/\/www.facebook.com\/dreamytours\" \/>\n<meta property=\"article:modified_time\" content=\"2025-03-26T23:04:20+00:00\" \/>\n<meta property=\"og:image\" content=\"https:\/\/dreamy.tours\/wp-content\/uploads\/MachuPicchu-s.webp\" \/>\n\t<meta property=\"og:image:width\" content=\"1500\" \/>\n\t<meta property=\"og:image:height\" content=\"844\" \/>\n\t<meta property=\"og:image:type\" content=\"image\/webp\" \/>\n<meta name=\"twitter:card\" content=\"summary_large_image\" \/>\n<meta name=\"twitter:site\" content=\"@Dreamy_tours\" \/>\n<meta name=\"twitter:label1\" content=\"Tiempo de lectura\" \/>\n\t<meta name=\"twitter:data1\" content=\"3 minutos\" \/>\n<script type=\"application\/ld+json\" class=\"yoast-schema-graph\">{\"@context\":\"https:\\\/\\\/schema.org\",\"@graph\":[{\"@type\":\"WebPage\",\"@id\":\"https:\\\/\\\/dreamy.tours\\\/es\\\/guia-para-viajar-machu-picchu\\\/\",\"url\":\"https:\\\/\\\/dreamy.tours\\\/es\\\/guia-para-viajar-machu-picchu\\\/\",\"name\":\"Guia de Viaje a Machu Picchu | Informacion de machu picchu\",\"isPartOf\":{\"@id\":\"https:\\\/\\\/dreamy.tours\\\/es\\\/#website\"},\"primaryImageOfPage\":{\"@id\":\"https:\\\/\\\/dreamy.tours\\\/es\\\/guia-para-viajar-machu-picchu\\\/#primaryimage\"},\"image\":{\"@id\":\"https:\\\/\\\/dreamy.tours\\\/es\\\/guia-para-viajar-machu-picchu\\\/#primaryimage\"},\"thumbnailUrl\":\"https:\\\/\\\/dreamy.tours\\\/wp-content\\\/uploads\\\/MachuPicchu-s.webp\",\"datePublished\":\"2022-02-04T17:51:58+00:00\",\"dateModified\":\"2025-03-26T23:04:20+00:00\",\"description\":\"Machu picchu, una maravilla del mundo que todos quieren conocer, aqu\u00ed te damos toda la informacion de machu picchu para que puedas visitarla\",\"breadcrumb\":{\"@id\":\"https:\\\/\\\/dreamy.tours\\\/es\\\/guia-para-viajar-machu-picchu\\\/#breadcrumb\"},\"inLanguage\":\"es\",\"potentialAction\":[{\"@type\":\"ReadAction\",\"target\":[\"https:\\\/\\\/dreamy.tours\\\/es\\\/guia-para-viajar-machu-picchu\\\/\"]}]},{\"@type\":\"ImageObject\",\"inLanguage\":\"es\",\"@id\":\"https:\\\/\\\/dreamy.tours\\\/es\\\/guia-para-viajar-machu-picchu\\\/#primaryimage\",\"url\":\"https:\\\/\\\/dreamy.tours\\\/wp-content\\\/uploads\\\/MachuPicchu-s.webp\",\"contentUrl\":\"https:\\\/\\\/dreamy.tours\\\/wp-content\\\/uploads\\\/MachuPicchu-s.webp\",\"width\":1500,\"height\":844,\"caption\":\"Machu Picchu\"},{\"@type\":\"BreadcrumbList\",\"@id\":\"https:\\\/\\\/dreamy.tours\\\/es\\\/guia-para-viajar-machu-picchu\\\/#breadcrumb\",\"itemListElement\":[{\"@type\":\"ListItem\",\"position\":1,\"name\":\"Home\",\"item\":\"https:\\\/\\\/dreamy.tours\\\/es\\\/\"},{\"@type\":\"ListItem\",\"position\":2,\"name\":\"Gu\u00eda Para Viajar Machu Picchu &#8211; Informacion de Machu picchu\"}]},{\"@type\":\"WebSite\",\"@id\":\"https:\\\/\\\/dreamy.tours\\\/es\\\/#website\",\"url\":\"https:\\\/\\\/dreamy.tours\\\/es\\\/\",\"name\":\"Dreamy Tours\",\"description\":\"\",\"publisher\":{\"@id\":\"https:\\\/\\\/dreamy.tours\\\/es\\\/#organization\"},\"potentialAction\":[{\"@type\":\"SearchAction\",\"target\":{\"@type\":\"EntryPoint\",\"urlTemplate\":\"https:\\\/\\\/dreamy.tours\\\/es\\\/?s={search_term_string}\"},\"query-input\":{\"@type\":\"PropertyValueSpecification\",\"valueRequired\":true,\"valueName\":\"search_term_string\"}}],\"inLanguage\":\"es\"},{\"@type\":\"Organization\",\"@id\":\"https:\\\/\\\/dreamy.tours\\\/es\\\/#organization\",\"name\":\"Dreamy Tours\",\"url\":\"https:\\\/\\\/dreamy.tours\\\/es\\\/\",\"logo\":{\"@type\":\"ImageObject\",\"inLanguage\":\"es\",\"@id\":\"https:\\\/\\\/dreamy.tours\\\/es\\\/#\\\/schema\\\/logo\\\/image\\\/\",\"url\":\"https:\\\/\\\/dreamy.tours\\\/wp-content\\\/uploads\\\/dreamy-tour-cuadrado.jpg\",\"contentUrl\":\"https:\\\/\\\/dreamy.tours\\\/wp-content\\\/uploads\\\/dreamy-tour-cuadrado.jpg\",\"width\":696,\"height\":696,\"caption\":\"Dreamy Tours\"},\"image\":{\"@id\":\"https:\\\/\\\/dreamy.tours\\\/es\\\/#\\\/schema\\\/logo\\\/image\\\/\"},\"sameAs\":[\"https:\\\/\\\/www.facebook.com\\\/dreamytours\",\"https:\\\/\\\/x.com\\\/Dreamy_tours\",\"https:\\\/\\\/www.instagram.com\\\/dreamy_tours\\\/\",\"https:\\\/\\\/www.pinterest.es\\\/dreamy_tours\\\/\",\"https:\\\/\\\/www.youtube.com\\\/channel\\\/UCGKP_C9x8GBYl7l8D0QD9Fg\"]}]}<\/script>\n<!-- \/ Yoast SEO Premium plugin. -->","yoast_head_json":{"title":"Guia de Viaje a Machu Picchu | Informacion de machu picchu","description":"Machu picchu, una maravilla del mundo que todos quieren conocer, aqu\u00ed te damos toda la informacion de machu picchu para que puedas visitarla","robots":{"index":"index","follow":"follow","max-snippet":"max-snippet:-1","max-image-preview":"max-image-preview:large","max-video-preview":"max-video-preview:-1"},"canonical":"https:\/\/dreamy.tours\/es\/guia-para-viajar-machu-picchu\/","og_locale":"es_ES","og_type":"article","og_title":"Gu\u00eda Para Viajar Machu Picchu - Informacion de Machu picchu","og_description":"Machu picchu, una maravilla del mundo que todos quieren conocer, aqu\u00ed te damos toda la informacion de machu picchu para que puedas visitarla","og_url":"https:\/\/dreamy.tours\/es\/guia-para-viajar-machu-picchu\/","og_site_name":"Dreamy Tours","article_publisher":"https:\/\/www.facebook.com\/dreamytours","article_modified_time":"2025-03-26T23:04:20+00:00","og_image":[{"width":1500,"height":844,"url":"https:\/\/dreamy.tours\/wp-content\/uploads\/MachuPicchu-s.webp","type":"image\/webp"}],"twitter_card":"summary_large_image","twitter_site":"@Dreamy_tours","twitter_misc":{"Tiempo de lectura":"3 minutos"},"schema":{"@context":"https:\/\/schema.org","@graph":[{"@type":"WebPage","@id":"https:\/\/dreamy.tours\/es\/guia-para-viajar-machu-picchu\/","url":"https:\/\/dreamy.tours\/es\/guia-para-viajar-machu-picchu\/","name":"Guia de Viaje a Machu Picchu | Informacion de machu picchu","isPartOf":{"@id":"https:\/\/dreamy.tours\/es\/#website"},"primaryImageOfPage":{"@id":"https:\/\/dreamy.tours\/es\/guia-para-viajar-machu-picchu\/#primaryimage"},"image":{"@id":"https:\/\/dreamy.tours\/es\/guia-para-viajar-machu-picchu\/#primaryimage"},"thumbnailUrl":"https:\/\/dreamy.tours\/wp-content\/uploads\/MachuPicchu-s.webp","datePublished":"2022-02-04T17:51:58+00:00","dateModified":"2025-03-26T23:04:20+00:00","description":"Machu picchu, una maravilla del mundo que todos quieren conocer, aqu\u00ed te damos toda la informacion de machu picchu para que puedas visitarla","breadcrumb":{"@id":"https:\/\/dreamy.tours\/es\/guia-para-viajar-machu-picchu\/#breadcrumb"},"inLanguage":"es","potentialAction":[{"@type":"ReadAction","target":["https:\/\/dreamy.tours\/es\/guia-para-viajar-machu-picchu\/"]}]},{"@type":"ImageObject","inLanguage":"es","@id":"https:\/\/dreamy.tours\/es\/guia-para-viajar-machu-picchu\/#primaryimage","url":"https:\/\/dreamy.tours\/wp-content\/uploads\/MachuPicchu-s.webp","contentUrl":"https:\/\/dreamy.tours\/wp-content\/uploads\/MachuPicchu-s.webp","width":1500,"height":844,"caption":"Machu Picchu"},{"@type":"BreadcrumbList","@id":"https:\/\/dreamy.tours\/es\/guia-para-viajar-machu-picchu\/#breadcrumb","itemListElement":[{"@type":"ListItem","position":1,"name":"Home","item":"https:\/\/dreamy.tours\/es\/"},{"@type":"ListItem","position":2,"name":"Gu\u00eda Para Viajar Machu Picchu &#8211; Informacion de Machu picchu"}]},{"@type":"WebSite","@id":"https:\/\/dreamy.tours\/es\/#website","url":"https:\/\/dreamy.tours\/es\/","name":"Dreamy Tours","description":"","publisher":{"@id":"https:\/\/dreamy.tours\/es\/#organization"},"potentialAction":[{"@type":"SearchAction","target":{"@type":"EntryPoint","urlTemplate":"https:\/\/dreamy.tours\/es\/?s={search_term_string}"},"query-input":{"@type":"PropertyValueSpecification","valueRequired":true,"valueName":"search_term_string"}}],"inLanguage":"es"},{"@type":"Organization","@id":"https:\/\/dreamy.tours\/es\/#organization","name":"Dreamy Tours","url":"https:\/\/dreamy.tours\/es\/","logo":{"@type":"ImageObject","inLanguage":"es","@id":"https:\/\/dreamy.tours\/es\/#\/schema\/logo\/image\/","url":"https:\/\/dreamy.tours\/wp-content\/uploads\/dreamy-tour-cuadrado.jpg","contentUrl":"https:\/\/dreamy.tours\/wp-content\/uploads\/dreamy-tour-cuadrado.jpg","width":696,"height":696,"caption":"Dreamy Tours"},"image":{"@id":"https:\/\/dreamy.tours\/es\/#\/schema\/logo\/image\/"},"sameAs":["https:\/\/www.facebook.com\/dreamytours","https:\/\/x.com\/Dreamy_tours","https:\/\/www.instagram.com\/dreamy_tours\/","https:\/\/www.pinterest.es\/dreamy_tours\/","https:\/\/www.youtube.com\/channel\/UCGKP_C9x8GBYl7l8D0QD9Fg"]}]}},"coauthors":[],"author_meta":{"author_link":"https:\/\/dreamy.tours\/es\/blog\/author\/dreamy_upt\/","display_name":"Bento J."},"relative_dates":{"created":"Publicado 4 a\u00f1os hace","modified":"Actualizado 1 a\u00f1o hace"},"absolute_dates":{"created":"Publicado el 4 febrero, 2022","modified":"Actualizado el 26 marzo, 2025"},"absolute_dates_time":{"created":"Publicado el 4 febrero, 2022 12:51 pm","modified":"Actualizado el 26 marzo, 2025 6:04 pm"},"featured_img_caption":"Machu Picchu","featured_img":"https:\/\/dreamy.tours\/wp-content\/uploads\/MachuPicchu-s.webp","series_order":"","_links":{"self":[{"href":"https:\/\/dreamy.tours\/es\/wp-json\/wp\/v2\/pages\/16887","targetHints":{"allow":["GET"]}}],"collection":[{"href":"https:\/\/dreamy.tours\/es\/wp-json\/wp\/v2\/pages"}],"about":[{"href":"https:\/\/dreamy.tours\/es\/wp-json\/wp\/v2\/types\/page"}],"author":[{"embeddable":true,"href":"https:\/\/dreamy.tours\/es\/wp-json\/wp\/v2\/users\/4"}],"replies":[{"embeddable":true,"href":"https:\/\/dreamy.tours\/es\/wp-json\/wp\/v2\/comments?post=16887"}],"version-history":[{"count":0,"href":"https:\/\/dreamy.tours\/es\/wp-json\/wp\/v2\/pages\/16887\/revisions"}],"wp:featuredmedia":[{"embeddable":true,"href":"https:\/\/dreamy.tours\/es\/wp-json\/wp\/v2\/media\/29952"}],"wp:attachment":[{"href":"https:\/\/dreamy.tours\/es\/wp-json\/wp\/v2\/media?parent=16887"}],"curies":[{"name":"wp","href":"https:\/\/api.w.org\/{rel}","templated":true}]}}