{"id":9905,"date":"2021-10-22T12:56:13","date_gmt":"2021-10-22T17:56:13","guid":{"rendered":"https:\/\/dreamy.tours\/?page_id=9905"},"modified":"2023-08-04T15:55:32","modified_gmt":"2023-08-04T20:55:32","slug":"chavin-de-huantar-querococcha-lagoon-full-day","status":"publish","type":"page","link":"https:\/\/dreamy.tours\/en\/huaraz\/chavin-de-huantar-querococcha-lagoon-full-day\/","title":{"rendered":"Chavin de Huantar &#038; Querococcha Lake &#8211; Full-Day Tour"},"content":{"rendered":"\n<p>Travel back in time and discover the mysteries of the ancient<strong> Chavin <\/strong>civilization by visiting the hidden Ruins of <strong>Chavin de Huantar,<\/strong> in <strong>Huaraz.<\/strong><\/p>\n\n\n\n<p>These special ruins were known as the administrative and religious centers of the <strong>Chavin<\/strong> culture. It was declared a <strong>World Heritage Site<\/strong> on December 6th,1985. Explore this fascinating pre-Columbian settlement and see how it reflects a rich cultural heritage.<\/p>\n\n\n\n<p>Learn about the ancient <strong>Chavin <\/strong>culture, explore a fascinating place, and marvel at the beauty of the landscape, all with our Full-Day Tour of <strong>Chavin de Huantar &amp; Querococcha lake.<\/strong><\/p>\n\n\n\n<figure class=\"wp-block-table\"><table><tbody><tr><td><img decoding=\"async\" style=\"width: 25px;\" src=\"https:\/\/dreamy.tours\/wp-content\/themes\/dreamytours\/img\/clock.svg\" alt=\"icon clock\"> <strong>Duration<\/strong>: Full Day<\/td><td><img decoding=\"async\" style=\"width: 25px;\" src=\"https:\/\/dreamy.tours\/wp-content\/themes\/dreamytours\/img\/altitude.svg\" alt=\"icon altitude\"> <strong>Max. Altitude:<\/strong> 3137 m \/ 10292 ft<\/td><\/tr><tr><td><img decoding=\"async\" style=\"width: 25px;\" src=\"https:\/\/dreamy.tours\/wp-content\/themes\/dreamytours\/img\/mountain.svg\" alt=\"icon mountain\"> <strong>Difficulty: <\/strong>Moderate<\/td><td><img decoding=\"async\" alt=\"icon calendar\" src=\"https:\/\/dreamy.tours\/wp-content\/themes\/dreamytours\/img\/calendar.svg\" style=\"width: 25px;\"> <strong>Season: <\/strong>All year<\/td><\/tr><\/tbody><\/table><\/figure>\n\n\n<div class=\"wp-block-image\">\n<figure class=\"aligncenter size-full is-resized advgb-dyn-b3780199\"><a href=\"https:\/\/api.whatsapp.com\/send\/?phone=51969787221&amp;text&amp;app_absent=0\" target=\"_blank\" rel=\"noopener\"><img decoding=\"async\" src=\"https:\/\/dreamy.tours\/wp-content\/uploads\/2021\/09\/boton-whatsapp.png\" alt=\"boton whatsapp\" class=\"wp-image-2224\" width=\"181\" height=\"46\"\/><\/a><\/figure>\n<\/div>\n\n<div class=\"responsive-tabs\">\n<h2 class=\"tabtitle\"><span class=\"fa fa-list-alt\"><\/span>Itinerary<\/h2>\n<div class=\"tabcontent\">\n\n\n\n\n<h2 class=\"wp-block-heading advgb-dyn-dc6f0d2e\">Timetable:<\/h2>\n\n\n\n<div class=\"wp-block-advgb-list advgb-dyn-b5b256b9\"><ul class=\"advgblist-9169b6f7-297a-44f5-829a-67bf72dfb91d advgb-list advgb-list-controls-play\">\n<li>Departure 09: 00 am<\/li>\n\n\n\n<li>Return: 07:00 pm approx.<\/li>\n\n\n\n<li>Duration: 10 hours<\/li>\n<\/ul><\/div>\n\n\n\n<h2 class=\"wp-block-heading advgb-dyn-f3d2f619\">During our tour you will visit:<\/h2>\n\n\n\n<div class=\"wp-block-advgb-list advgb-dyn-a6c63c46\"><ul class=\"advgblist-46637b77-c4e5-4b08-90e5-74ea87f5fc5a advgb-list advgb-list-yes\">\n<li>Querococha Lagoon.<\/li>\n\n\n\n<li>Temple of Chavin.<\/li>\n<\/ul><\/div>\n\n\n\n<p>Our tour starts with the pickup from your hotel at 8.50 am. During the tour, we will visit amongst others the <strong>can of Recuy, Ticapampa, Cata, Querococha Lake<\/strong>. Then we will cross the white mountain range through the tunnel of <strong>Cahuish<\/strong>, and we will descend until we arrive to the archeological site of <strong>Chavin<\/strong>.<\/p>\n\n\n\n<p>We will have a guided tour of the ruins of <strong>Chavin de Huantar,<\/strong> where our guide will explain to you the importance and meaning of things such as the nailed head, the Lazon of Chavin, the Portico de las Falconidad and the network of underground galleries. Finally, we will visit the National Museum.<\/p>\n\n\n\n<p>Afterward, we will return to <strong>Huaraz.<\/strong><\/p>\n\n\n\n<\/div><h2 class=\"tabtitle\"><span class=\"fa fa-list-ol\"><\/span>Incluye<\/h2>\n<div class=\"tabcontent\">\n\n\n\n\n<h3 class=\"wp-block-heading advgb-dyn-15993b74\" id=\"h-tour-includes\">TOUR INCLUDES<\/h3>\n\n\n\n<div class=\"wp-block-advgb-list advgb-dyn-0b52e64d\"><ul class=\"advgblist-25996f63-1746-42ea-9643-b926ac4e5261 advgb-list advgb-list-yes\">\n<li>Hotel pick up<\/li>\n\n\n\n<li>Shared or private tour service<\/li>\n\n\n\n<li>Official bilingual tour guide in Spanish &#8211; English.<\/li>\n\n\n\n<li>Entrance ticket to the archeological site<\/li>\n\n\n\n<li>Tourist transportation<\/li>\n\n\n\n<li>First aid kit and oxygen balloon.<\/li>\n<\/ul><\/div>\n\n\n\n<h3 class=\"wp-block-heading advgb-dyn-46df33d6\" id=\"h-tour-does-not-include\">TOUR DOES NOT INCLUDE<\/h3>\n\n\n\n<div class=\"wp-block-advgb-list advgb-dyn-1613e3c1\"><ul class=\"advgblist-39ba6790-4fed-4ec7-a1ef-3c0255b6ae49 advgb-list advgb-list-no\">\n<li>Lunch<\/li>\n\n\n\n<li>Other services not specified.<\/li>\n\n\n\n<li>Tips &amp; extra Money<\/li>\n<\/ul><\/div>\n\n\n\n<h3 class=\"wp-block-heading advgb-dyn-49161bb8\" id=\"h-contacts\">CONTACTS<\/h3>\n\n\n\n<div class=\"wp-block-advgb-list advgb-dyn-033948ef\"><ul class=\"advgblist-fdeb8f81-08de-4c17-8752-1073aa689208 advgb-list advgb-list-arrow-right-alt2\">\n<li>info@dreamy.tours<\/li>\n\n\n\n<li>reserve@dreamy.tours<\/li>\n<\/ul><\/div>\n\n\n\n<div class=\"wp-block-buttons is-horizontal is-content-justification-center is-layout-flex wp-container-core-buttons-is-layout-499968f5 wp-block-buttons-is-layout-flex\">\n<div class=\"wp-block-button advgb-dyn-c53fc31d\"><a class=\"wp-block-button__link has-white-color has-text-color has-background wp-element-button\" href=\"https:\/\/dreamy.tours\/en\/company-policies\/\" style=\"background-color:#f81845\">COMPANY POLICIES<\/a><\/div>\n<\/div>\n\n\n\n<\/div><h2 class=\"tabtitle\"><span class=\"fa fa-book\"><\/span>More Information<\/h2>\n<div class=\"tabcontent\">\n\n\n\n\n<h4 class=\"wp-block-heading advgb-dyn-f9731266\">CHAVIN DE HUANTAR<\/h4>\n\n\n\n<p>Chav\u00edn de Hu\u00e1ntar is an archaeological complex built by the Chav\u00edn culture between the 2nd and 1st centuries B.C. and used until 200 B.C., when it was abandoned. The archaeological complex of Chav\u00edn de Hu\u00e1ntar is the most important in the department of Ancash, in central Peru.<\/p>\n\n\n\n<h4 class=\"wp-block-heading advgb-dyn-f4ce476e\">LOCATION<\/h4>\n\n\n\n<p>The Chav\u00edn Archaeological Site is located in the province of Huari, Ancash Region. It was an important ceremonial and religious centre that attracted people from different parts of the Andean world to worship the gods that lived there.<\/p>\n\n\n\n<p><strong>What to see in Chavin de Huantar?<\/strong><\/p>\n\n\n\n<p>Its structures, in the shape of a truncated pyramid, are built of stone and mud mortar. Inside you can still appreciate the monolithic Lanzon, a carved stone of 4,54 m. high in which an anthropomorphic divinity is represented, possibly the most important of the Chavin pantheon.<\/p>\n\n\n\n<p><strong>When to go to Chav\u00edn de Huantar?<\/strong><\/p>\n\n\n\n<p>The best time to go is during the dry season, from April to the end of September. In October the rains start to fall, but even so, as it is a dry place, there is no problem to visit it, except for the possibility of having some problems in the access tunnels.<\/p>\n\n\n\n<p><strong>Querococcha Lake<\/strong><\/p>\n\n\n\n<p>Located 48 km from the city of Huaraz (1 hour and 30 minutes), at an altitude of 3980 m.a.s.l. on the road to the town of Chavin.<\/p>\n\n\n\n<p>The visit to this lake is included in the tour to the Archaeological Monument of Chav\u00edn.<\/p>\n\n\n\n<p>The vegetation of the Queroccocha Lake is composed of totora reeds and different varieties of grasses.<\/p>\n\n\n\n<\/div><h2 class=\"tabtitle\"><span class=\"fa fa-money\"><\/span>Price<\/h2>\n<div class=\"tabcontent\">\n\n\n\n\n<h3 class=\"wp-block-heading advgb-dyn-7d1bd1be\">HOW MUCH DOES IT COST?<\/h3>\n\n\n\n<p>We have price alternatives that accommodate all budgets, prices per person, expressed in US Dollars.<\/p>\n\n\n\n<p>Make your quotes and reservations by email <a href=\"mailto:info@dreamy.tours\">info@dreamy.tours<\/a>, you can also communicate with one of our sales executives at the telephones detailed below, we will be happy to assist you.<\/p>\n\n\n\n<p><strong>Phone \u2013 WhatsApp:&nbsp;+51 969 787 221<br>Phone \u2013 WhatsApp:&nbsp;+51 986 994 218<\/strong><\/p>\n\n\n\n<h4 class=\"wp-block-heading advgb-dyn-f5b97adf\">HOW TO BOOK THE TOUR?<\/h4>\n\n\n\n<p>To start the reservation process, please send us the following information:<\/p>\n\n\n\n<div class=\"wp-block-advgb-list advgb-dyn-9537b450\"><ul class=\"advgblist-a9677467-eda1-403e-aeec-0026361e3d01 advgb-list advgb-list-admin-post\">\n<li>Name and surname:<\/li>\n\n\n\n<li>Passport number:<\/li>\n\n\n\n<li>Nationality:<\/li>\n\n\n\n<li>Date of Birth:<\/li>\n\n\n\n<li>Phone:<\/li>\n\n\n\n<li>Very important \u2013 We need the address and information about the hotel that you are staying at, in the city of Huaraz, to be able to pick you up at the time when the tour starts<\/li>\n<\/ul><\/div>\n\n\n\n<p><strong>To confirm reservations it is required to pay 50% in advance and the other 50% can be paid upon arrival at your destination.<\/strong><\/p>\n\n\n\n<h4 class=\"wp-block-heading advgb-dyn-88377639\" id=\"h-payment-methods\">PAYMENT METHODS<\/h4>\n\n\n\n<div class=\"wp-block-advgb-list advgb-dyn-eb8629ea\"><ul class=\"advgblist-b0149482-d7b8-4449-808a-3a997244ff98 advgb-list advgb-list-admin-post\">\n<li>IZIPAY<\/li>\n\n\n\n<li>PAYPAL<\/li>\n\n\n\n<li>WESTER UNION<\/li>\n\n\n\n<li>MONEYGRAM<\/li>\n\n\n\n<li>TRANSFER TO OUR BANK ACCOUNT PERU<\/li>\n<\/ul><\/div>\n\n\n\n<h4 class=\"wp-block-heading advgb-dyn-a2efe32e\">GENERAL CONDITIONS<\/h4>\n\n\n\n<div class=\"wp-block-advgb-list advgb-dyn-dbb8b707\"><ul class=\"advgblist-af8c733f-65bd-4b0b-b515-09a15d581159 advgb-list advgb-list-arrow-right-alt2\">\n<li>All rates for our&nbsp;<a href=\"https:\/\/dreamy.tours\/en\/peru-packages\/\">Peru Packages<\/a>&nbsp;are expressed in US dollars (subject to currency exchange rates) and are priced per person<\/li>\n\n\n\n<li>The rates for Peruvians only include VAT<\/li>\n\n\n\n<li>All our rates are subject to availability and circumstances<\/li>\n\n\n\n<li>Children under 2 years and 11 months are considered INF (babies) and are not permitted on this tour<\/li>\n\n\n\n<li>Children from 3 to 10 years and 11 months are considered DCC (child) and thus eligible for special rates and obliged to share the room with their parents<\/li>\n\n\n\n<li>Children over 11 years old are considered adults<\/li>\n\n\n\n<li>Minors must travel with an identity document<\/li>\n\n\n\n<li>Rates do not apply to holidays, Easter, long weekends, national holidays, Christmas, or New Year<\/li>\n<\/ul><\/div>\n\n\n\n<div class=\"wp-block-buttons is-horizontal is-content-justification-center is-layout-flex wp-container-core-buttons-is-layout-499968f5 wp-block-buttons-is-layout-flex\">\n<div class=\"wp-block-button is-style-fill advgb-dyn-dbff4501\"><a class=\"wp-block-button__link has-white-color has-text-color has-background wp-element-button\" href=\"https:\/\/dreamy.tours\/en\/payment-methods\/\" style=\"border-radius:4px;background-color:#f81845\" target=\"_blank\" rel=\"noreferrer noopener\">Details of Payment Methods Here<\/a><\/div>\n<\/div>\n\n\n<\/div><\/div>\n<style class=\"advgb-styles-renderer\">.wp-block-advgb-list ul.advgblist-9169b6f7-297a-44f5-829a-67bf72dfb91d > li{font-size:16px;}.wp-block-advgb-list ul.advgblist-9169b6f7-297a-44f5-829a-67bf72dfb91d > li{padding-left:18px;margin-left:0;}.wp-block-advgb-list ul.advgblist-9169b6f7-297a-44f5-829a-67bf72dfb91d > li:before{font-size:16px;color:#cf2e2e;line-height:18px;margin:2px;padding:2px;margin-left:-20px}.wp-block-advgb-list ul.advgblist-46637b77-c4e5-4b08-90e5-74ea87f5fc5a > li{font-size:16px;}.wp-block-advgb-list ul.advgblist-46637b77-c4e5-4b08-90e5-74ea87f5fc5a > li{padding-left:18px;margin-left:0;}.wp-block-advgb-list ul.advgblist-46637b77-c4e5-4b08-90e5-74ea87f5fc5a > li:before{font-size:16px;color:#cf2e2e;line-height:18px;margin:2px;padding:2px;margin-left:-20px}.wp-block-advgb-list ul.advgblist-25996f63-1746-42ea-9643-b926ac4e5261 > li{font-size:16px;}.wp-block-advgb-list ul.advgblist-25996f63-1746-42ea-9643-b926ac4e5261 > li{padding-left:18px;margin-left:0;}.wp-block-advgb-list ul.advgblist-25996f63-1746-42ea-9643-b926ac4e5261 > li:before{font-size:16px;color:#cf2e2e;line-height:18px;margin:2px;padding:2px;margin-left:-20px}.wp-block-advgb-list ul.advgblist-39ba6790-4fed-4ec7-a1ef-3c0255b6ae49 > li{font-size:16px;}.wp-block-advgb-list ul.advgblist-39ba6790-4fed-4ec7-a1ef-3c0255b6ae49 > li{padding-left:18px;margin-left:0;}.wp-block-advgb-list ul.advgblist-39ba6790-4fed-4ec7-a1ef-3c0255b6ae49 > li:before{font-size:16px;color:#cf2e2e;line-height:18px;margin:2px;padding:2px;margin-left:-20px}.wp-block-advgb-list ul.advgblist-fdeb8f81-08de-4c17-8752-1073aa689208 > li{font-size:16px;}.wp-block-advgb-list ul.advgblist-fdeb8f81-08de-4c17-8752-1073aa689208 > li{padding-left:18px;margin-left:0;}.wp-block-advgb-list ul.advgblist-fdeb8f81-08de-4c17-8752-1073aa689208 > li:before{font-size:16px;color:#cf2e2e;line-height:18px;margin:2px;padding:2px;margin-left:-20px}.wp-block-advgb-list ul.advgblist-a9677467-eda1-403e-aeec-0026361e3d01 > li{font-size:16px;}.wp-block-advgb-list ul.advgblist-a9677467-eda1-403e-aeec-0026361e3d01 > li{padding-left:18px;margin-left:0;}.wp-block-advgb-list ul.advgblist-a9677467-eda1-403e-aeec-0026361e3d01 > li:before{font-size:16px;color:#cf2e2e;line-height:18px;margin:2px;padding:2px;margin-left:-20px}.wp-block-advgb-list ul.advgblist-b0149482-d7b8-4449-808a-3a997244ff98 > li{font-size:16px;}.wp-block-advgb-list ul.advgblist-b0149482-d7b8-4449-808a-3a997244ff98 > li{padding-left:18px;margin-left:0;}.wp-block-advgb-list ul.advgblist-b0149482-d7b8-4449-808a-3a997244ff98 > li:before{font-size:16px;color:#cf2e2e;line-height:18px;margin:2px;padding:2px;margin-left:-20px}.wp-block-advgb-list ul.advgblist-af8c733f-65bd-4b0b-b515-09a15d581159 > li{font-size:16px;}.wp-block-advgb-list ul.advgblist-af8c733f-65bd-4b0b-b515-09a15d581159 > li{padding-left:18px;margin-left:0;}.wp-block-advgb-list ul.advgblist-af8c733f-65bd-4b0b-b515-09a15d581159 > li:before{font-size:16px;color:#000000;line-height:18px;margin:2px;padding:2px;margin-left:-20px}<\/style>","protected":false},"excerpt":{"rendered":"<p>Chavin de Huantar was the administrative and religious centre of the Chavin culture, it was declared as cultural patrimony &#8230;<\/p>\n","protected":false},"author":4,"featured_media":3605,"parent":4349,"menu_order":0,"comment_status":"closed","ping_status":"closed","template":"page-tours.php","meta":{"_acf_changed":false,"advgb_blocks_editor_width":"","advgb_blocks_columns_visual_guide":"","footnotes":""},"class_list":["post-9905","page","type-page","status-publish","has-post-thumbnail","hentry"],"acf":[],"yoast_head":"<!-- This site is optimized with the Yoast SEO Premium plugin v25.4 (Yoast SEO v27.4) - https:\/\/yoast.com\/product\/yoast-seo-premium-wordpress\/ -->\n<title>Chavin de Huantar &amp; Querococcha Lake | Full Day | Dreamy Tours<\/title>\n<meta name=\"description\" content=\"Chavin de Huantar was the administrative and religious centre of the Chavin culture, it was declared as cultural patrimony ...\" \/>\n<meta name=\"robots\" content=\"index, follow, max-snippet:-1, max-image-preview:large, max-video-preview:-1\" \/>\n<link rel=\"canonical\" href=\"https:\/\/dreamy.tours\/en\/huaraz\/chavin-de-huantar-querococcha-lagoon-full-day\/\" \/>\n<meta property=\"og:locale\" content=\"en_US\" \/>\n<meta property=\"og:type\" content=\"article\" \/>\n<meta property=\"og:title\" content=\"Chavin de Huantar &amp; Querococcha Lake - Full-Day Tour\" \/>\n<meta property=\"og:description\" content=\"Chavin de Huantar was the administrative and religious centre of the Chavin culture, it was declared as cultural patrimony ...\" \/>\n<meta property=\"og:url\" content=\"https:\/\/dreamy.tours\/en\/huaraz\/chavin-de-huantar-querococcha-lagoon-full-day\/\" \/>\n<meta property=\"og:site_name\" content=\"Dreamy Tours\" \/>\n<meta property=\"article:publisher\" content=\"https:\/\/www.facebook.com\/dreamytours\" \/>\n<meta property=\"article:modified_time\" content=\"2023-08-04T20:55:32+00:00\" \/>\n<meta property=\"og:image\" content=\"https:\/\/dreamy.tours\/wp-content\/uploads\/2021\/09\/chavin-de-huantar.jpg\" \/>\n\t<meta property=\"og:image:width\" content=\"2000\" \/>\n\t<meta property=\"og:image:height\" content=\"1420\" \/>\n\t<meta property=\"og:image:type\" content=\"image\/jpeg\" \/>\n<meta name=\"twitter:card\" content=\"summary_large_image\" \/>\n<meta name=\"twitter:site\" content=\"@Dreamy_tours\" \/>\n<meta name=\"twitter:label1\" content=\"Est. reading time\" \/>\n\t<meta name=\"twitter:data1\" content=\"5 minutes\" \/>\n<script type=\"application\/ld+json\" class=\"yoast-schema-graph\">{\"@context\":\"https:\\\/\\\/schema.org\",\"@graph\":[{\"@type\":\"WebPage\",\"@id\":\"https:\\\/\\\/dreamy.tours\\\/en\\\/huaraz\\\/chavin-de-huantar-querococcha-lagoon-full-day\\\/\",\"url\":\"https:\\\/\\\/dreamy.tours\\\/en\\\/huaraz\\\/chavin-de-huantar-querococcha-lagoon-full-day\\\/\",\"name\":\"Chavin de Huantar & Querococcha Lake | Full Day | Dreamy Tours\",\"isPartOf\":{\"@id\":\"https:\\\/\\\/dreamy.tours\\\/en\\\/#website\"},\"primaryImageOfPage\":{\"@id\":\"https:\\\/\\\/dreamy.tours\\\/en\\\/huaraz\\\/chavin-de-huantar-querococcha-lagoon-full-day\\\/#primaryimage\"},\"image\":{\"@id\":\"https:\\\/\\\/dreamy.tours\\\/en\\\/huaraz\\\/chavin-de-huantar-querococcha-lagoon-full-day\\\/#primaryimage\"},\"thumbnailUrl\":\"https:\\\/\\\/dreamy.tours\\\/wp-content\\\/uploads\\\/2021\\\/09\\\/chavin-de-huantar.jpg\",\"datePublished\":\"2021-10-22T17:56:13+00:00\",\"dateModified\":\"2023-08-04T20:55:32+00:00\",\"description\":\"Chavin de Huantar was the administrative and religious centre of the Chavin culture, it was declared as cultural patrimony ...\",\"breadcrumb\":{\"@id\":\"https:\\\/\\\/dreamy.tours\\\/en\\\/huaraz\\\/chavin-de-huantar-querococcha-lagoon-full-day\\\/#breadcrumb\"},\"inLanguage\":\"en-US\",\"potentialAction\":[{\"@type\":\"ReadAction\",\"target\":[\"https:\\\/\\\/dreamy.tours\\\/en\\\/huaraz\\\/chavin-de-huantar-querococcha-lagoon-full-day\\\/\"]}]},{\"@type\":\"ImageObject\",\"inLanguage\":\"en-US\",\"@id\":\"https:\\\/\\\/dreamy.tours\\\/en\\\/huaraz\\\/chavin-de-huantar-querococcha-lagoon-full-day\\\/#primaryimage\",\"url\":\"https:\\\/\\\/dreamy.tours\\\/wp-content\\\/uploads\\\/2021\\\/09\\\/chavin-de-huantar.jpg\",\"contentUrl\":\"https:\\\/\\\/dreamy.tours\\\/wp-content\\\/uploads\\\/2021\\\/09\\\/chavin-de-huantar.jpg\",\"width\":2000,\"height\":1420,\"caption\":\"Chavin de Huantar\"},{\"@type\":\"BreadcrumbList\",\"@id\":\"https:\\\/\\\/dreamy.tours\\\/en\\\/huaraz\\\/chavin-de-huantar-querococcha-lagoon-full-day\\\/#breadcrumb\",\"itemListElement\":[{\"@type\":\"ListItem\",\"position\":1,\"name\":\"Home\",\"item\":\"https:\\\/\\\/dreamy.tours\\\/en\\\/\"},{\"@type\":\"ListItem\",\"position\":2,\"name\":\"Tours in Huaraz\",\"item\":\"https:\\\/\\\/dreamy.tours\\\/en\\\/huaraz\\\/\"},{\"@type\":\"ListItem\",\"position\":3,\"name\":\"Chavin de Huantar &#038; Querococcha Lake &#8211; Full-Day Tour\"}]},{\"@type\":\"WebSite\",\"@id\":\"https:\\\/\\\/dreamy.tours\\\/en\\\/#website\",\"url\":\"https:\\\/\\\/dreamy.tours\\\/en\\\/\",\"name\":\"Dreamy Tours\",\"description\":\"\",\"publisher\":{\"@id\":\"https:\\\/\\\/dreamy.tours\\\/en\\\/#organization\"},\"potentialAction\":[{\"@type\":\"SearchAction\",\"target\":{\"@type\":\"EntryPoint\",\"urlTemplate\":\"https:\\\/\\\/dreamy.tours\\\/en\\\/?s={search_term_string}\"},\"query-input\":{\"@type\":\"PropertyValueSpecification\",\"valueRequired\":true,\"valueName\":\"search_term_string\"}}],\"inLanguage\":\"en-US\"},{\"@type\":\"Organization\",\"@id\":\"https:\\\/\\\/dreamy.tours\\\/en\\\/#organization\",\"name\":\"Dreamy Tours\",\"url\":\"https:\\\/\\\/dreamy.tours\\\/en\\\/\",\"logo\":{\"@type\":\"ImageObject\",\"inLanguage\":\"en-US\",\"@id\":\"https:\\\/\\\/dreamy.tours\\\/en\\\/#\\\/schema\\\/logo\\\/image\\\/\",\"url\":\"https:\\\/\\\/dreamy.tours\\\/wp-content\\\/uploads\\\/dreamy-tour-cuadrado.jpg\",\"contentUrl\":\"https:\\\/\\\/dreamy.tours\\\/wp-content\\\/uploads\\\/dreamy-tour-cuadrado.jpg\",\"width\":696,\"height\":696,\"caption\":\"Dreamy Tours\"},\"image\":{\"@id\":\"https:\\\/\\\/dreamy.tours\\\/en\\\/#\\\/schema\\\/logo\\\/image\\\/\"},\"sameAs\":[\"https:\\\/\\\/www.facebook.com\\\/dreamytours\",\"https:\\\/\\\/x.com\\\/Dreamy_tours\",\"https:\\\/\\\/www.instagram.com\\\/dreamy_tours\\\/\",\"https:\\\/\\\/www.pinterest.es\\\/dreamy_tours\\\/\",\"https:\\\/\\\/www.youtube.com\\\/channel\\\/UCGKP_C9x8GBYl7l8D0QD9Fg\"]}]}<\/script>\n<!-- \/ Yoast SEO Premium plugin. -->","yoast_head_json":{"title":"Chavin de Huantar & Querococcha Lake | Full Day | Dreamy Tours","description":"Chavin de Huantar was the administrative and religious centre of the Chavin culture, it was declared as cultural patrimony ...","robots":{"index":"index","follow":"follow","max-snippet":"max-snippet:-1","max-image-preview":"max-image-preview:large","max-video-preview":"max-video-preview:-1"},"canonical":"https:\/\/dreamy.tours\/en\/huaraz\/chavin-de-huantar-querococcha-lagoon-full-day\/","og_locale":"en_US","og_type":"article","og_title":"Chavin de Huantar & Querococcha Lake - Full-Day Tour","og_description":"Chavin de Huantar was the administrative and religious centre of the Chavin culture, it was declared as cultural patrimony ...","og_url":"https:\/\/dreamy.tours\/en\/huaraz\/chavin-de-huantar-querococcha-lagoon-full-day\/","og_site_name":"Dreamy Tours","article_publisher":"https:\/\/www.facebook.com\/dreamytours","article_modified_time":"2023-08-04T20:55:32+00:00","og_image":[{"width":2000,"height":1420,"url":"https:\/\/dreamy.tours\/wp-content\/uploads\/2021\/09\/chavin-de-huantar.jpg","type":"image\/jpeg"}],"twitter_card":"summary_large_image","twitter_site":"@Dreamy_tours","twitter_misc":{"Est. reading time":"5 minutes"},"schema":{"@context":"https:\/\/schema.org","@graph":[{"@type":"WebPage","@id":"https:\/\/dreamy.tours\/en\/huaraz\/chavin-de-huantar-querococcha-lagoon-full-day\/","url":"https:\/\/dreamy.tours\/en\/huaraz\/chavin-de-huantar-querococcha-lagoon-full-day\/","name":"Chavin de Huantar & Querococcha Lake | Full Day | Dreamy Tours","isPartOf":{"@id":"https:\/\/dreamy.tours\/en\/#website"},"primaryImageOfPage":{"@id":"https:\/\/dreamy.tours\/en\/huaraz\/chavin-de-huantar-querococcha-lagoon-full-day\/#primaryimage"},"image":{"@id":"https:\/\/dreamy.tours\/en\/huaraz\/chavin-de-huantar-querococcha-lagoon-full-day\/#primaryimage"},"thumbnailUrl":"https:\/\/dreamy.tours\/wp-content\/uploads\/2021\/09\/chavin-de-huantar.jpg","datePublished":"2021-10-22T17:56:13+00:00","dateModified":"2023-08-04T20:55:32+00:00","description":"Chavin de Huantar was the administrative and religious centre of the Chavin culture, it was declared as cultural patrimony ...","breadcrumb":{"@id":"https:\/\/dreamy.tours\/en\/huaraz\/chavin-de-huantar-querococcha-lagoon-full-day\/#breadcrumb"},"inLanguage":"en-US","potentialAction":[{"@type":"ReadAction","target":["https:\/\/dreamy.tours\/en\/huaraz\/chavin-de-huantar-querococcha-lagoon-full-day\/"]}]},{"@type":"ImageObject","inLanguage":"en-US","@id":"https:\/\/dreamy.tours\/en\/huaraz\/chavin-de-huantar-querococcha-lagoon-full-day\/#primaryimage","url":"https:\/\/dreamy.tours\/wp-content\/uploads\/2021\/09\/chavin-de-huantar.jpg","contentUrl":"https:\/\/dreamy.tours\/wp-content\/uploads\/2021\/09\/chavin-de-huantar.jpg","width":2000,"height":1420,"caption":"Chavin de Huantar"},{"@type":"BreadcrumbList","@id":"https:\/\/dreamy.tours\/en\/huaraz\/chavin-de-huantar-querococcha-lagoon-full-day\/#breadcrumb","itemListElement":[{"@type":"ListItem","position":1,"name":"Home","item":"https:\/\/dreamy.tours\/en\/"},{"@type":"ListItem","position":2,"name":"Tours in Huaraz","item":"https:\/\/dreamy.tours\/en\/huaraz\/"},{"@type":"ListItem","position":3,"name":"Chavin de Huantar &#038; Querococcha Lake &#8211; Full-Day Tour"}]},{"@type":"WebSite","@id":"https:\/\/dreamy.tours\/en\/#website","url":"https:\/\/dreamy.tours\/en\/","name":"Dreamy Tours","description":"","publisher":{"@id":"https:\/\/dreamy.tours\/en\/#organization"},"potentialAction":[{"@type":"SearchAction","target":{"@type":"EntryPoint","urlTemplate":"https:\/\/dreamy.tours\/en\/?s={search_term_string}"},"query-input":{"@type":"PropertyValueSpecification","valueRequired":true,"valueName":"search_term_string"}}],"inLanguage":"en-US"},{"@type":"Organization","@id":"https:\/\/dreamy.tours\/en\/#organization","name":"Dreamy Tours","url":"https:\/\/dreamy.tours\/en\/","logo":{"@type":"ImageObject","inLanguage":"en-US","@id":"https:\/\/dreamy.tours\/en\/#\/schema\/logo\/image\/","url":"https:\/\/dreamy.tours\/wp-content\/uploads\/dreamy-tour-cuadrado.jpg","contentUrl":"https:\/\/dreamy.tours\/wp-content\/uploads\/dreamy-tour-cuadrado.jpg","width":696,"height":696,"caption":"Dreamy Tours"},"image":{"@id":"https:\/\/dreamy.tours\/en\/#\/schema\/logo\/image\/"},"sameAs":["https:\/\/www.facebook.com\/dreamytours","https:\/\/x.com\/Dreamy_tours","https:\/\/www.instagram.com\/dreamy_tours\/","https:\/\/www.pinterest.es\/dreamy_tours\/","https:\/\/www.youtube.com\/channel\/UCGKP_C9x8GBYl7l8D0QD9Fg"]}]}},"coauthors":[],"author_meta":{"author_link":"https:\/\/dreamy.tours\/en\/blog\/author\/dreamy_upt\/","display_name":"Bento J."},"relative_dates":{"created":"Posted 4 years ago","modified":"Updated 3 years ago"},"absolute_dates":{"created":"Posted on 22 October, 2021","modified":"Updated on 4 August, 2023"},"absolute_dates_time":{"created":"Posted on 22 October, 2021 12:56 pm","modified":"Updated on 4 August, 2023 3:55 pm"},"featured_img_caption":"Chavin de Huantar ","featured_img":"https:\/\/dreamy.tours\/wp-content\/uploads\/2021\/09\/chavin-de-huantar.jpg","series_order":"","_links":{"self":[{"href":"https:\/\/dreamy.tours\/en\/wp-json\/wp\/v2\/pages\/9905","targetHints":{"allow":["GET"]}}],"collection":[{"href":"https:\/\/dreamy.tours\/en\/wp-json\/wp\/v2\/pages"}],"about":[{"href":"https:\/\/dreamy.tours\/en\/wp-json\/wp\/v2\/types\/page"}],"author":[{"embeddable":true,"href":"https:\/\/dreamy.tours\/en\/wp-json\/wp\/v2\/users\/4"}],"replies":[{"embeddable":true,"href":"https:\/\/dreamy.tours\/en\/wp-json\/wp\/v2\/comments?post=9905"}],"version-history":[{"count":0,"href":"https:\/\/dreamy.tours\/en\/wp-json\/wp\/v2\/pages\/9905\/revisions"}],"up":[{"embeddable":true,"href":"https:\/\/dreamy.tours\/en\/wp-json\/wp\/v2\/pages\/4349"}],"wp:featuredmedia":[{"embeddable":true,"href":"https:\/\/dreamy.tours\/en\/wp-json\/wp\/v2\/media\/3605"}],"wp:attachment":[{"href":"https:\/\/dreamy.tours\/en\/wp-json\/wp\/v2\/media?parent=9905"}],"curies":[{"name":"wp","href":"https:\/\/api.w.org\/{rel}","templated":true}]}}