{"id":19811,"date":"2022-02-23T10:41:34","date_gmt":"2022-02-23T15:41:34","guid":{"rendered":"https:\/\/dreamy.tours\/?page_id=19811"},"modified":"2022-08-16T17:42:26","modified_gmt":"2022-08-16T22:42:26","slug":"travel-guide-puerto-maldonado","status":"publish","type":"page","link":"https:\/\/dreamy.tours\/en\/travel-guide-puerto-maldonado\/","title":{"rendered":"Travel Guide Puerto Maldonado"},"content":{"rendered":"\n<h2 class=\"wp-block-heading\">CITY OF PUERTO MALDONADO<\/h2>\n\n\n\n<p>Puerto Maldonado is a mixture of natural life and urban joy. The infinite natural green colour that can be seen from the tourist viewpoint is a perfect scenery for photographs.&nbsp;<\/p>\n\n\n\n<p>Among the tourist attractions of Puerto Maldonado is the Tambopata-Candamo National Reserve, which has a total area of 5500 hectares, where it is possible to recognize more than 500 different species of birds, as well as 1000 different types of butterflies, more than twelve hundred different species of plants, among other natural resources that increases the value of the Reserve.<\/p>\n\n\n\n<p>Puerto Maldonado is undoubtedly an excellent opportunity to make a pleasant stopover before and after visiting the depths of the jungle.&nbsp;<\/p>\n\n\n\n<figure class=\"wp-block-gallery has-nested-images columns-default is-cropped wp-block-gallery-1 is-layout-flex wp-block-gallery-is-layout-flex\">\n<figure class=\"wp-block-image size-large\"><img decoding=\"async\" width=\"980\" height=\"563\" data-id=\"18790\" src=\"https:\/\/dreamy.tours\/wp-content\/uploads\/2022\/02\/Puerto-Maldonado-trek-d.jpg\" alt=\"\" class=\"wp-image-18790\" srcset=\"https:\/\/dreamy.tours\/wp-content\/uploads\/2022\/02\/Puerto-Maldonado-trek-d.jpg 980w, https:\/\/dreamy.tours\/wp-content\/uploads\/2022\/02\/Puerto-Maldonado-trek-d-768x441.jpg 768w\" sizes=\"(max-width: 980px) 100vw, 980px\" \/><figcaption>Puerto Maldonado<\/figcaption><\/figure>\n\n\n\n<figure class=\"wp-block-image size-large\"><img decoding=\"async\" width=\"480\" height=\"600\" data-id=\"18784\" src=\"https:\/\/dreamy.tours\/wp-content\/uploads\/2022\/02\/puerto-maldonado-peru-tours.jpg\" alt=\"\" class=\"wp-image-18784\"\/><figcaption>Puerto Maldonado<\/figcaption><\/figure>\n\n\n\n<figure class=\"wp-block-image size-large\"><img decoding=\"async\" width=\"640\" height=\"335\" data-id=\"18787\" src=\"https:\/\/dreamy.tours\/wp-content\/uploads\/2022\/02\/puerto-maldonado-peru-d.jpg\" alt=\"\" class=\"wp-image-18787\"\/><figcaption>Anochecer &#8211; Puerto Maldonado<\/figcaption><\/figure>\n<\/figure>\n\n\n\n<div class=\"wp-block-ps2id-block-target\" id=\"location\"><\/div>\n\n\n\n<h2 class=\"wp-block-heading\">LOCATION<\/h2>\n\n\n\n<p>The department of Madre de Dios is located in the south-eastern part of Peru.<\/p>\n\n\n\n<div class=\"wp-block-ps2id-block-target\" id=\"how-to-get\"><\/div>\n\n\n\n<h2 class=\"wp-block-heading\">HOW TO GET TO PUERTO MALDONADO?<\/h2>\n\n\n\n<p>Here we give you the two options of how to get to Puerto Maldonado:<\/p>\n\n\n\n<div class=\"wp-block-advgb-list\"><ul class=\"advgblist-56eb6adf-7549-4146-b0a8-1602792e8322 advgb-list advgb-list-yes-alt\"><li>By air. &#8211; Departing from Lima Airport in the direction of Puerto Maldonado, with a duration of approximately one hour and a half.<\/li><li>By land from Cusco. &#8211; First you will have to arrive to the city of Cusco by air, the land route from Cusco to Puerto Maldonado has a distance of 465 Km and a duration of 10 hours approximately.<\/li><\/ul><\/div>\n\n\n\n<div class=\"wp-block-ps2id-block-target\" id=\"currency\"><\/div>\n\n\n\n<h2 class=\"wp-block-heading\">CURRENCY<\/h2>\n\n\n\n<p>Sol ( S\/ ). is the official currency of Peru.<\/p>\n\n\n\n<div class=\"wp-block-ps2id-block-target\" id=\"climate\"><\/div>\n\n\n\n<h2 class=\"wp-block-heading\">CLIMATE<\/h2>\n\n\n\n<p>The climate in Puerto Maldonado is tropical and hot with moderate rainfall, its maximum temperature is an average of 35 \u00b0C in September and 29 \u00b0C in February.<\/p>\n\n\n\n<div class=\"wp-block-ps2id-block-target\" id=\"transport\"><\/div>\n\n\n\n<h2 class=\"wp-block-heading\">TRANSPORTATION<\/h2>\n\n\n\n<div class=\"wp-block-advgb-list\"><ul class=\"advgblist-523cafde-cc87-4531-8975-f1fbc9a33acc advgb-list advgb-list-admin-generic\"><li>Urban transport is usually by motorbike taxi, which is a unique experience, as the ride is generally noisy.<\/li><li>Boat transport is by the Tambopata River which is considered the largest river in the Peruvian Amazon.<\/li><\/ul><\/div>\n\n\n\n<div class=\"wp-block-ps2id-block-target\" id=\"accommodation\"><\/div>\n\n\n\n<h2 class=\"wp-block-heading\">LODGING<\/h2>\n\n\n\n<p>Here you will have two options, to stay in a Hotel in the same city with all the comforts and electronic services or in a Lodge in the camps which are usually rustic.<\/p>\n\n\n\n<div class=\"wp-block-ps2id-block-target\" id=\"what-to-do\"><\/div>\n\n\n\n<h2 class=\"wp-block-heading\">WHAT TO DO IN PUERTO MALDONADO<\/h2>\n\n\n\n<h3 class=\"wp-block-heading\">1.-Plaza de Armas<\/h3>\n\n\n\n<p>You cannot say goodbye to this city without first visiting the city centre, as it has a wide variety of trees in its surroundings. It provides an unparalleled landscape, being the centre of multiple meetings of those who live in the place.<\/p>\n\n\n\n<figure class=\"wp-block-gallery has-nested-images columns-default is-cropped wp-block-gallery-2 is-layout-flex wp-block-gallery-is-layout-flex\">\n<figure class=\"wp-block-image size-large\"><img decoding=\"async\" width=\"480\" height=\"598\" data-id=\"18795\" src=\"https:\/\/dreamy.tours\/wp-content\/uploads\/2022\/02\/Puerto-Maldonado-peru-2022.jpg\" alt=\"\" class=\"wp-image-18795\"\/><\/figure>\n\n\n\n<figure class=\"wp-block-image size-large\"><img decoding=\"async\" width=\"960\" height=\"960\" data-id=\"18800\" src=\"https:\/\/dreamy.tours\/wp-content\/uploads\/2022\/02\/Puerto-Maldonado-peru-dreamy.jpg\" alt=\"\" class=\"wp-image-18800\" srcset=\"https:\/\/dreamy.tours\/wp-content\/uploads\/2022\/02\/Puerto-Maldonado-peru-dreamy.jpg 960w, https:\/\/dreamy.tours\/wp-content\/uploads\/2022\/02\/Puerto-Maldonado-peru-dreamy-768x768.jpg 768w\" sizes=\"(max-width: 960px) 100vw, 960px\" \/><\/figure>\n\n\n\n<figure class=\"wp-block-image size-large\"><img decoding=\"async\" width=\"640\" height=\"360\" data-id=\"18799\" src=\"https:\/\/dreamy.tours\/wp-content\/uploads\/2022\/02\/Puerto-Maldonado-peru-drean.jpg\" alt=\"\" class=\"wp-image-18799\"\/><\/figure>\n<\/figure>\n\n\n\n<h3 class=\"wp-block-heading\">2.- Tambopata-Candamo National Reserve<\/h3>\n\n\n\n<p>The Tambopata National Reserve is located south of the Madre de Dios River in the district of Tambopata, it is a natural reserve with the largest protected forests in the world.<\/p>\n\n\n\n<p>It is home to a wide variety of animal and plant species, including mammals, birds, reptiles and butterflies.<\/p>\n\n\n\n<p>Tambopata is perfect to discover the jungle.<\/p>\n\n\n\n<figure class=\"wp-block-gallery has-nested-images columns-default is-cropped wp-block-gallery-3 is-layout-flex wp-block-gallery-is-layout-flex\">\n<figure class=\"wp-block-image size-large\"><img decoding=\"async\" width=\"1440\" height=\"1440\" data-id=\"18813\" src=\"https:\/\/dreamy.tours\/wp-content\/uploads\/2022\/02\/reserva-Nacional-de-Tambopata-dreamy-t.jpg\" alt=\"\" class=\"wp-image-18813\" srcset=\"https:\/\/dreamy.tours\/wp-content\/uploads\/2022\/02\/reserva-Nacional-de-Tambopata-dreamy-t.jpg 1440w, https:\/\/dreamy.tours\/wp-content\/uploads\/2022\/02\/reserva-Nacional-de-Tambopata-dreamy-t-768x768.jpg 768w\" sizes=\"(max-width: 1440px) 100vw, 1440px\" \/><\/figure>\n\n\n\n<figure class=\"wp-block-image size-large\"><img decoding=\"async\" width=\"1440\" height=\"1440\" data-id=\"18816\" src=\"https:\/\/dreamy.tours\/wp-content\/uploads\/2022\/02\/oreja-de-Mono-puerto-maldonado.jpg\" alt=\"\" class=\"wp-image-18816\" srcset=\"https:\/\/dreamy.tours\/wp-content\/uploads\/2022\/02\/oreja-de-Mono-puerto-maldonado.jpg 1440w, https:\/\/dreamy.tours\/wp-content\/uploads\/2022\/02\/oreja-de-Mono-puerto-maldonado-768x768.jpg 768w\" sizes=\"(max-width: 1440px) 100vw, 1440px\" \/><\/figure>\n\n\n\n<figure class=\"wp-block-image size-large\"><img decoding=\"async\" width=\"1440\" height=\"1440\" data-id=\"18819\" src=\"https:\/\/dreamy.tours\/wp-content\/uploads\/2022\/02\/Puerto-Maldonado-deperu.jpg\" alt=\"\" class=\"wp-image-18819\" srcset=\"https:\/\/dreamy.tours\/wp-content\/uploads\/2022\/02\/Puerto-Maldonado-deperu.jpg 1440w, https:\/\/dreamy.tours\/wp-content\/uploads\/2022\/02\/Puerto-Maldonado-deperu-768x768.jpg 768w\" sizes=\"(max-width: 1440px) 100vw, 1440px\" \/><\/figure>\n<\/figure>\n\n\n\n<h3 class=\"wp-block-heading\">3.- Tambopata Butterfly Farm<\/h3>\n\n\n\n<p>The Tambopata Butterfly Farm is located near the airport of Puerto Maldonado, is the first and largest exhibition of live butterflies in Peru. It is a farm of butterflies that are bred in captivity.<\/p>\n\n\n\n<p>In the Tambopata Butterfly Farm we can find a rustic cafeteria, bar and a boutique with unique local products, it houses more than 30 species of butterflies, as well as flowers, native, medicinal and ornamental plants.&nbsp;<\/p>\n\n\n\n<figure class=\"wp-block-gallery has-nested-images columns-default is-cropped wp-block-gallery-4 is-layout-flex wp-block-gallery-is-layout-flex\">\n<figure class=\"wp-block-image size-large\"><img decoding=\"async\" width=\"1080\" height=\"1080\" data-id=\"18824\" src=\"https:\/\/dreamy.tours\/wp-content\/uploads\/2022\/02\/Mariposario-dreamy-puerto-maldonado.jpg\" alt=\"\" class=\"wp-image-18824\" srcset=\"https:\/\/dreamy.tours\/wp-content\/uploads\/2022\/02\/Mariposario-dreamy-puerto-maldonado.jpg 1080w, https:\/\/dreamy.tours\/wp-content\/uploads\/2022\/02\/Mariposario-dreamy-puerto-maldonado-768x768.jpg 768w\" sizes=\"(max-width: 1080px) 100vw, 1080px\" \/><\/figure>\n\n\n\n<figure class=\"wp-block-image size-large\"><img decoding=\"async\" width=\"640\" height=\"780\" data-id=\"18825\" src=\"https:\/\/dreamy.tours\/wp-content\/uploads\/2022\/02\/Mariposario-puerto-maldonado-peru.jpg\" alt=\"\" class=\"wp-image-18825\"\/><\/figure>\n\n\n\n<figure class=\"wp-block-image size-large\"><img decoding=\"async\" width=\"1080\" height=\"1080\" data-id=\"18831\" src=\"https:\/\/dreamy.tours\/wp-content\/uploads\/2022\/02\/mariposario-puerto-maldonado-dreamy.jpg\" alt=\"\" class=\"wp-image-18831\" srcset=\"https:\/\/dreamy.tours\/wp-content\/uploads\/2022\/02\/mariposario-puerto-maldonado-dreamy.jpg 1080w, https:\/\/dreamy.tours\/wp-content\/uploads\/2022\/02\/mariposario-puerto-maldonado-dreamy-768x768.jpg 768w\" sizes=\"(max-width: 1080px) 100vw, 1080px\" \/><\/figure>\n<\/figure>\n\n\n\n<h3 class=\"wp-block-heading\">4.- Macaw Clay Lick<\/h3>\n\n\n\n<p>The Macaw Clay Lick is located within the Tambopata National Reserve, in the province of Tambopata. Just as the play of sounds makes you fall in love with the place, so does the Collpa de Guacamayos Chuncho and Colorado Macaw Clay Lick.<\/p>\n\n\n\n<p>Ccollpa in Quechua means &#8220;Salty Land&#8221;, there on these slopes stripped of vegetation, parakeets, parrots, parrots and macaws gather at different times to consume the salty soil that allows them to digest.<\/p>\n\n\n\n<figure class=\"wp-block-gallery has-nested-images columns-default is-cropped wp-block-gallery-5 is-layout-flex wp-block-gallery-is-layout-flex\">\n<figure class=\"wp-block-image size-large\"><img decoding=\"async\" width=\"1080\" height=\"1080\" data-id=\"18859\" src=\"https:\/\/dreamy.tours\/wp-content\/uploads\/2022\/02\/collpa-de-guacamayos-puerto-maldonado.jpg\" alt=\"\" class=\"wp-image-18859\" srcset=\"https:\/\/dreamy.tours\/wp-content\/uploads\/2022\/02\/collpa-de-guacamayos-puerto-maldonado.jpg 1080w, https:\/\/dreamy.tours\/wp-content\/uploads\/2022\/02\/collpa-de-guacamayos-puerto-maldonado-768x768.jpg 768w\" sizes=\"(max-width: 1080px) 100vw, 1080px\" \/><\/figure>\n\n\n\n<figure class=\"wp-block-image size-large\"><img decoding=\"async\" width=\"1080\" height=\"1080\" data-id=\"18856\" src=\"https:\/\/dreamy.tours\/wp-content\/uploads\/2022\/02\/Collpa-de-Guacamayos-dre.jpg\" alt=\"\" class=\"wp-image-18856\" srcset=\"https:\/\/dreamy.tours\/wp-content\/uploads\/2022\/02\/Collpa-de-Guacamayos-dre.jpg 1080w, https:\/\/dreamy.tours\/wp-content\/uploads\/2022\/02\/Collpa-de-Guacamayos-dre-768x768.jpg 768w\" sizes=\"(max-width: 1080px) 100vw, 1080px\" \/><\/figure>\n\n\n\n<figure class=\"wp-block-image size-large\"><img decoding=\"async\" width=\"1440\" height=\"1440\" data-id=\"18862\" src=\"https:\/\/dreamy.tours\/wp-content\/uploads\/2022\/02\/collpa-de-loros-puerto-maldonado-1.jpg\" alt=\"\" class=\"wp-image-18862\" srcset=\"https:\/\/dreamy.tours\/wp-content\/uploads\/2022\/02\/collpa-de-loros-puerto-maldonado-1.jpg 1440w, https:\/\/dreamy.tours\/wp-content\/uploads\/2022\/02\/collpa-de-loros-puerto-maldonado-1-768x768.jpg 768w\" sizes=\"(max-width: 1440px) 100vw, 1440px\" \/><\/figure>\n<\/figure>\n\n\n\n<h3 class=\"wp-block-heading\">5.- Sandoval Lake<\/h3>\n\n\n\n<p>This is one of the must-see destinations on the route to the Tambopata National Reserve in the Madre de Dios region.<\/p>\n\n\n\n<p>A boat ride on Lake Sandoval is a marvel, as you can paddle across the lake while enjoying the surrounding landscape, the sounds of nature and the company of black caimans as well as the company of turtles.<\/p>\n\n\n\n<h3 class=\"wp-block-heading\">6.- Monkey Island<\/h3>\n\n\n\n<p>This is located near Puerto Maldonado about 15 kilometres from the city of Puerto Maldonado, being a place of refuge for monkeys that were recovered by the police service for the protection of wildlife. Here you can also observe ronsoco, black caimans, turtles, herons, cormorants and other species of animals.&nbsp;<\/p>\n<style class=\"advgb-styles-renderer\">.wp-block-advgb-list ul.advgblist-56eb6adf-7549-4146-b0a8-1602792e8322 > li{font-size:16px;}.wp-block-advgb-list ul.advgblist-56eb6adf-7549-4146-b0a8-1602792e8322 > li{padding-left:18px;margin-left:0;}.wp-block-advgb-list ul.advgblist-56eb6adf-7549-4146-b0a8-1602792e8322 > li:before{font-size:16px;color:#ff0000;line-height:18px;margin:2px;padding:2px;margin-left:-20px}.wp-block-advgb-list ul.advgblist-523cafde-cc87-4531-8975-f1fbc9a33acc > li{font-size:16px;}.wp-block-advgb-list ul.advgblist-523cafde-cc87-4531-8975-f1fbc9a33acc > li{padding-left:18px;margin-left:0;}.wp-block-advgb-list ul.advgblist-523cafde-cc87-4531-8975-f1fbc9a33acc > li:before{font-size:16px;color:#ff0000;line-height:18px;margin:2px;padding:2px;margin-left:-20px}<\/style>","protected":false},"excerpt":{"rendered":"<p>CITY OF PUERTO MALDONADO Puerto Maldonado is a mixture of natural life and urban joy. The infinite natural green colour that can be seen from the tour&#8230;<\/p>\n","protected":false},"author":1,"featured_media":20272,"parent":0,"menu_order":0,"comment_status":"closed","ping_status":"closed","template":"page-guides.php","meta":{"_acf_changed":false,"advgb_blocks_editor_width":"","advgb_blocks_columns_visual_guide":"","footnotes":""},"class_list":["post-19811","page","type-page","status-publish","has-post-thumbnail","hentry"],"acf":[],"yoast_head":"<!-- This site is optimized with the Yoast SEO Premium plugin v25.4 (Yoast SEO v27.4) - https:\/\/yoast.com\/product\/yoast-seo-premium-wordpress\/ -->\n<title>Travel Guide Puerto Maldonado - Dreamy Tours<\/title>\n<meta name=\"description\" content=\"Gu\u00eda de viaje Puerto Maldonado, encontrar\u00e1s diferentes cuestiones sobre las cuales tener en cuenta en tu pr\u00f3ximo viaje a la selva peruana.\" \/>\n<meta name=\"robots\" content=\"index, follow, max-snippet:-1, max-image-preview:large, max-video-preview:-1\" \/>\n<link rel=\"canonical\" href=\"https:\/\/dreamy.tours\/en\/travel-guide-puerto-maldonado\/\" \/>\n<meta property=\"og:locale\" content=\"en_US\" \/>\n<meta property=\"og:type\" content=\"article\" \/>\n<meta property=\"og:title\" content=\"Travel Guide Puerto Maldonado\" \/>\n<meta property=\"og:description\" content=\"Gu\u00eda de viaje Puerto Maldonado, encontrar\u00e1s diferentes cuestiones sobre las cuales tener en cuenta en tu pr\u00f3ximo viaje a la selva peruana.\" \/>\n<meta property=\"og:url\" content=\"https:\/\/dreamy.tours\/en\/travel-guide-puerto-maldonado\/\" \/>\n<meta property=\"og:site_name\" content=\"Dreamy Tours\" \/>\n<meta property=\"article:publisher\" content=\"https:\/\/www.facebook.com\/dreamytours\" \/>\n<meta property=\"article:modified_time\" content=\"2022-08-16T22:42:26+00:00\" \/>\n<meta property=\"og:image\" content=\"https:\/\/dreamy.tours\/wp-content\/uploads\/2022\/02\/puerto-maldonado.jpg\" \/>\n\t<meta property=\"og:image:width\" content=\"2000\" \/>\n\t<meta property=\"og:image:height\" content=\"400\" \/>\n\t<meta property=\"og:image:type\" content=\"image\/jpeg\" \/>\n<meta name=\"twitter:card\" content=\"summary_large_image\" \/>\n<meta name=\"twitter:site\" content=\"@Dreamy_tours\" \/>\n<meta name=\"twitter:label1\" content=\"Est. reading time\" \/>\n\t<meta name=\"twitter:data1\" content=\"7 minutes\" \/>\n<script type=\"application\/ld+json\" class=\"yoast-schema-graph\">{\"@context\":\"https:\\\/\\\/schema.org\",\"@graph\":[{\"@type\":\"WebPage\",\"@id\":\"https:\\\/\\\/dreamy.tours\\\/en\\\/travel-guide-puerto-maldonado\\\/\",\"url\":\"https:\\\/\\\/dreamy.tours\\\/en\\\/travel-guide-puerto-maldonado\\\/\",\"name\":\"Travel Guide Puerto Maldonado - Dreamy Tours\",\"isPartOf\":{\"@id\":\"https:\\\/\\\/dreamy.tours\\\/en\\\/#website\"},\"primaryImageOfPage\":{\"@id\":\"https:\\\/\\\/dreamy.tours\\\/en\\\/travel-guide-puerto-maldonado\\\/#primaryimage\"},\"image\":{\"@id\":\"https:\\\/\\\/dreamy.tours\\\/en\\\/travel-guide-puerto-maldonado\\\/#primaryimage\"},\"thumbnailUrl\":\"https:\\\/\\\/dreamy.tours\\\/wp-content\\\/uploads\\\/2022\\\/02\\\/puerto-maldonado.jpg\",\"datePublished\":\"2022-02-23T15:41:34+00:00\",\"dateModified\":\"2022-08-16T22:42:26+00:00\",\"description\":\"Gu\u00eda de viaje Puerto Maldonado, encontrar\u00e1s diferentes cuestiones sobre las cuales tener en cuenta en tu pr\u00f3ximo viaje a la selva peruana.\",\"breadcrumb\":{\"@id\":\"https:\\\/\\\/dreamy.tours\\\/en\\\/travel-guide-puerto-maldonado\\\/#breadcrumb\"},\"inLanguage\":\"en-US\",\"potentialAction\":[{\"@type\":\"ReadAction\",\"target\":[\"https:\\\/\\\/dreamy.tours\\\/en\\\/travel-guide-puerto-maldonado\\\/\"]}]},{\"@type\":\"ImageObject\",\"inLanguage\":\"en-US\",\"@id\":\"https:\\\/\\\/dreamy.tours\\\/en\\\/travel-guide-puerto-maldonado\\\/#primaryimage\",\"url\":\"https:\\\/\\\/dreamy.tours\\\/wp-content\\\/uploads\\\/2022\\\/02\\\/puerto-maldonado.jpg\",\"contentUrl\":\"https:\\\/\\\/dreamy.tours\\\/wp-content\\\/uploads\\\/2022\\\/02\\\/puerto-maldonado.jpg\",\"width\":2000,\"height\":400},{\"@type\":\"BreadcrumbList\",\"@id\":\"https:\\\/\\\/dreamy.tours\\\/en\\\/travel-guide-puerto-maldonado\\\/#breadcrumb\",\"itemListElement\":[{\"@type\":\"ListItem\",\"position\":1,\"name\":\"Home\",\"item\":\"https:\\\/\\\/dreamy.tours\\\/en\\\/\"},{\"@type\":\"ListItem\",\"position\":2,\"name\":\"Travel Guide Puerto Maldonado\"}]},{\"@type\":\"WebSite\",\"@id\":\"https:\\\/\\\/dreamy.tours\\\/en\\\/#website\",\"url\":\"https:\\\/\\\/dreamy.tours\\\/en\\\/\",\"name\":\"Dreamy Tours\",\"description\":\"\",\"publisher\":{\"@id\":\"https:\\\/\\\/dreamy.tours\\\/en\\\/#organization\"},\"potentialAction\":[{\"@type\":\"SearchAction\",\"target\":{\"@type\":\"EntryPoint\",\"urlTemplate\":\"https:\\\/\\\/dreamy.tours\\\/en\\\/?s={search_term_string}\"},\"query-input\":{\"@type\":\"PropertyValueSpecification\",\"valueRequired\":true,\"valueName\":\"search_term_string\"}}],\"inLanguage\":\"en-US\"},{\"@type\":\"Organization\",\"@id\":\"https:\\\/\\\/dreamy.tours\\\/en\\\/#organization\",\"name\":\"Dreamy Tours\",\"url\":\"https:\\\/\\\/dreamy.tours\\\/en\\\/\",\"logo\":{\"@type\":\"ImageObject\",\"inLanguage\":\"en-US\",\"@id\":\"https:\\\/\\\/dreamy.tours\\\/en\\\/#\\\/schema\\\/logo\\\/image\\\/\",\"url\":\"https:\\\/\\\/dreamy.tours\\\/wp-content\\\/uploads\\\/dreamy-tour-cuadrado.jpg\",\"contentUrl\":\"https:\\\/\\\/dreamy.tours\\\/wp-content\\\/uploads\\\/dreamy-tour-cuadrado.jpg\",\"width\":696,\"height\":696,\"caption\":\"Dreamy Tours\"},\"image\":{\"@id\":\"https:\\\/\\\/dreamy.tours\\\/en\\\/#\\\/schema\\\/logo\\\/image\\\/\"},\"sameAs\":[\"https:\\\/\\\/www.facebook.com\\\/dreamytours\",\"https:\\\/\\\/x.com\\\/Dreamy_tours\",\"https:\\\/\\\/www.instagram.com\\\/dreamy_tours\\\/\",\"https:\\\/\\\/www.pinterest.es\\\/dreamy_tours\\\/\",\"https:\\\/\\\/www.youtube.com\\\/channel\\\/UCGKP_C9x8GBYl7l8D0QD9Fg\"]}]}<\/script>\n<!-- \/ Yoast SEO Premium plugin. -->","yoast_head_json":{"title":"Travel Guide Puerto Maldonado - Dreamy Tours","description":"Gu\u00eda de viaje Puerto Maldonado, encontrar\u00e1s diferentes cuestiones sobre las cuales tener en cuenta en tu pr\u00f3ximo viaje a la selva peruana.","robots":{"index":"index","follow":"follow","max-snippet":"max-snippet:-1","max-image-preview":"max-image-preview:large","max-video-preview":"max-video-preview:-1"},"canonical":"https:\/\/dreamy.tours\/en\/travel-guide-puerto-maldonado\/","og_locale":"en_US","og_type":"article","og_title":"Travel Guide Puerto Maldonado","og_description":"Gu\u00eda de viaje Puerto Maldonado, encontrar\u00e1s diferentes cuestiones sobre las cuales tener en cuenta en tu pr\u00f3ximo viaje a la selva peruana.","og_url":"https:\/\/dreamy.tours\/en\/travel-guide-puerto-maldonado\/","og_site_name":"Dreamy Tours","article_publisher":"https:\/\/www.facebook.com\/dreamytours","article_modified_time":"2022-08-16T22:42:26+00:00","og_image":[{"width":2000,"height":400,"url":"https:\/\/dreamy.tours\/wp-content\/uploads\/2022\/02\/puerto-maldonado.jpg","type":"image\/jpeg"}],"twitter_card":"summary_large_image","twitter_site":"@Dreamy_tours","twitter_misc":{"Est. reading time":"7 minutes"},"schema":{"@context":"https:\/\/schema.org","@graph":[{"@type":"WebPage","@id":"https:\/\/dreamy.tours\/en\/travel-guide-puerto-maldonado\/","url":"https:\/\/dreamy.tours\/en\/travel-guide-puerto-maldonado\/","name":"Travel Guide Puerto Maldonado - Dreamy Tours","isPartOf":{"@id":"https:\/\/dreamy.tours\/en\/#website"},"primaryImageOfPage":{"@id":"https:\/\/dreamy.tours\/en\/travel-guide-puerto-maldonado\/#primaryimage"},"image":{"@id":"https:\/\/dreamy.tours\/en\/travel-guide-puerto-maldonado\/#primaryimage"},"thumbnailUrl":"https:\/\/dreamy.tours\/wp-content\/uploads\/2022\/02\/puerto-maldonado.jpg","datePublished":"2022-02-23T15:41:34+00:00","dateModified":"2022-08-16T22:42:26+00:00","description":"Gu\u00eda de viaje Puerto Maldonado, encontrar\u00e1s diferentes cuestiones sobre las cuales tener en cuenta en tu pr\u00f3ximo viaje a la selva peruana.","breadcrumb":{"@id":"https:\/\/dreamy.tours\/en\/travel-guide-puerto-maldonado\/#breadcrumb"},"inLanguage":"en-US","potentialAction":[{"@type":"ReadAction","target":["https:\/\/dreamy.tours\/en\/travel-guide-puerto-maldonado\/"]}]},{"@type":"ImageObject","inLanguage":"en-US","@id":"https:\/\/dreamy.tours\/en\/travel-guide-puerto-maldonado\/#primaryimage","url":"https:\/\/dreamy.tours\/wp-content\/uploads\/2022\/02\/puerto-maldonado.jpg","contentUrl":"https:\/\/dreamy.tours\/wp-content\/uploads\/2022\/02\/puerto-maldonado.jpg","width":2000,"height":400},{"@type":"BreadcrumbList","@id":"https:\/\/dreamy.tours\/en\/travel-guide-puerto-maldonado\/#breadcrumb","itemListElement":[{"@type":"ListItem","position":1,"name":"Home","item":"https:\/\/dreamy.tours\/en\/"},{"@type":"ListItem","position":2,"name":"Travel Guide Puerto Maldonado"}]},{"@type":"WebSite","@id":"https:\/\/dreamy.tours\/en\/#website","url":"https:\/\/dreamy.tours\/en\/","name":"Dreamy Tours","description":"","publisher":{"@id":"https:\/\/dreamy.tours\/en\/#organization"},"potentialAction":[{"@type":"SearchAction","target":{"@type":"EntryPoint","urlTemplate":"https:\/\/dreamy.tours\/en\/?s={search_term_string}"},"query-input":{"@type":"PropertyValueSpecification","valueRequired":true,"valueName":"search_term_string"}}],"inLanguage":"en-US"},{"@type":"Organization","@id":"https:\/\/dreamy.tours\/en\/#organization","name":"Dreamy Tours","url":"https:\/\/dreamy.tours\/en\/","logo":{"@type":"ImageObject","inLanguage":"en-US","@id":"https:\/\/dreamy.tours\/en\/#\/schema\/logo\/image\/","url":"https:\/\/dreamy.tours\/wp-content\/uploads\/dreamy-tour-cuadrado.jpg","contentUrl":"https:\/\/dreamy.tours\/wp-content\/uploads\/dreamy-tour-cuadrado.jpg","width":696,"height":696,"caption":"Dreamy Tours"},"image":{"@id":"https:\/\/dreamy.tours\/en\/#\/schema\/logo\/image\/"},"sameAs":["https:\/\/www.facebook.com\/dreamytours","https:\/\/x.com\/Dreamy_tours","https:\/\/www.instagram.com\/dreamy_tours\/","https:\/\/www.pinterest.es\/dreamy_tours\/","https:\/\/www.youtube.com\/channel\/UCGKP_C9x8GBYl7l8D0QD9Fg"]}]}},"coauthors":[],"author_meta":{"author_link":"https:\/\/dreamy.tours\/en\/blog\/author\/admin_dt\/","display_name":"Dreamy Tours"},"relative_dates":{"created":"Posted 4 years ago","modified":"Updated 4 years ago"},"absolute_dates":{"created":"Posted on 23 February, 2022","modified":"Updated on 16 August, 2022"},"absolute_dates_time":{"created":"Posted on 23 February, 2022 10:41 am","modified":"Updated on 16 August, 2022 5:42 pm"},"featured_img_caption":"","featured_img":"https:\/\/dreamy.tours\/wp-content\/uploads\/2022\/02\/puerto-maldonado.jpg","series_order":"","_links":{"self":[{"href":"https:\/\/dreamy.tours\/en\/wp-json\/wp\/v2\/pages\/19811","targetHints":{"allow":["GET"]}}],"collection":[{"href":"https:\/\/dreamy.tours\/en\/wp-json\/wp\/v2\/pages"}],"about":[{"href":"https:\/\/dreamy.tours\/en\/wp-json\/wp\/v2\/types\/page"}],"author":[{"embeddable":true,"href":"https:\/\/dreamy.tours\/en\/wp-json\/wp\/v2\/users\/1"}],"replies":[{"embeddable":true,"href":"https:\/\/dreamy.tours\/en\/wp-json\/wp\/v2\/comments?post=19811"}],"version-history":[{"count":0,"href":"https:\/\/dreamy.tours\/en\/wp-json\/wp\/v2\/pages\/19811\/revisions"}],"wp:featuredmedia":[{"embeddable":true,"href":"https:\/\/dreamy.tours\/en\/wp-json\/wp\/v2\/media\/20272"}],"wp:attachment":[{"href":"https:\/\/dreamy.tours\/en\/wp-json\/wp\/v2\/media?parent=19811"}],"curies":[{"name":"wp","href":"https:\/\/api.w.org\/{rel}","templated":true}]}}