{"id":19801,"date":"2022-02-23T10:07:56","date_gmt":"2022-02-23T15:07:56","guid":{"rendered":"https:\/\/dreamy.tours\/?page_id=19801"},"modified":"2025-01-21T15:36:51","modified_gmt":"2025-01-21T20:36:51","slug":"travel-guide-iquitos","status":"publish","type":"page","link":"https:\/\/dreamy.tours\/en\/travel-guide-iquitos\/","title":{"rendered":"Travel Guide Iquitos"},"content":{"rendered":"\n<h2 class=\"wp-block-heading\">CITY OF IQUITOS<\/h2>\n\n\n\n<p>The city of Iquitos is located in the heart of the North Eastern jungle of Peru, being the capital of Mayas (Loreto). The city is located on the banks of the Amazon River, Iquitos is surrounded by a number of rivers and minor canals. It has abundant nature and great architectural beauty.<\/p>\n\n\n\n<p>Iquitos is recognized as one of the main river ports of Peru, it is known as the &#8220;Isla Bonita&#8221; (Beautiful Island).<\/p>\n\n\n\n<figure class=\"wp-block-gallery has-nested-images columns-default is-cropped wp-block-gallery-1 is-layout-flex wp-block-gallery-is-layout-flex\">\n<figure class=\"wp-block-image size-large\"><img decoding=\"async\" width=\"719\" height=\"719\" data-id=\"18965\" src=\"https:\/\/dreamy.tours\/wp-content\/uploads\/2022\/02\/plaza-de-armas-iquitos-d.jpg\" alt=\"\" class=\"wp-image-18965\"\/><\/figure>\n\n\n\n<figure class=\"wp-block-image size-large\"><img decoding=\"async\" width=\"640\" height=\"640\" data-id=\"18954\" src=\"https:\/\/dreamy.tours\/wp-content\/uploads\/2022\/02\/iquitos-dr.jpg\" alt=\"\" class=\"wp-image-18954\"\/><figcaption class=\"wp-element-caption\">Iquitos<\/figcaption><\/figure>\n\n\n\n<figure class=\"wp-block-image size-large\"><img decoding=\"async\" width=\"640\" height=\"640\" data-id=\"18957\" src=\"https:\/\/dreamy.tours\/wp-content\/uploads\/2022\/02\/barrio-de-belen-iquitos.jpg\" alt=\"\" class=\"wp-image-18957\"\/><figcaption class=\"wp-element-caption\">Iquitos<\/figcaption><\/figure>\n<\/figure>\n\n\n\n<div class=\"wp-block-ps2id-block-target\" id=\"location\"><\/div>\n\n\n\n<h3 class=\"wp-block-heading\">LOCATION<\/h3>\n\n\n\n<p>The district of Iquitos belongs to the province of Maynas in the department of Loreto, in the heart of the Peruvian jungle.<\/p>\n\n\n\n<div class=\"wp-block-ps2id-block-target\" id=\"how-to-get\"><\/div>\n\n\n\n<h3 class=\"wp-block-heading\">HOW TO GET TO IQUITOS?<\/h3>\n\n\n\n<p>Here we give you the two options of how to get to Iquitos:<\/p>\n\n\n\n<p><strong>By air. &#8211;<\/strong> The trip is direct from the city of Lima, arriving at the international airport Coronel FAP Francisco Secad, the flight lasts approximately one hour and a half.<\/p>\n\n\n\n<div class=\"wp-block-ps2id-block-target\" id=\"currency\"><\/div>\n\n\n\n<h3 class=\"wp-block-heading\">CURRENCY<\/h3>\n\n\n\n<p>Sol ( S\/ ). is the official currency of Peru.<\/p>\n\n\n\n<div class=\"wp-block-ps2id-block-target\" id=\"climate\"><\/div>\n\n\n\n<h3 class=\"wp-block-heading\">CLIMATE<\/h3>\n\n\n\n<p>The climate in Iquitos is very warm and cloudy, during the course of the year, the temperature varies from 22\u00b0C which is the lowest to 32\u00b0C being the highest, rarely falls below 20\u00b0C or rises to more than 34\u00b0C. The month with the highest intensity of rainfall is the month of April.&nbsp;<\/p>\n\n\n\n<div class=\"wp-block-ps2id-block-target\" id=\"transport\"><\/div>\n\n\n\n<h3 class=\"wp-block-heading\">TRANSPORTATION<\/h3>\n\n\n\n<ul class=\"wp-block-list\">\n<li>Buses. \u2013 There are public transport buses known as \u201ccolectivos\u201d or \u201cJumbos\u201d, the price of the colectivo is only S\/. 1.00 from any point in the city to the end of the route of these buses.&nbsp;<\/li>\n\n\n\n<li>The Mototaxi. \u2013 These are three-wheeled vehicles, like a motorbike with a back seat for two or three passengers, and are generally used throughout the city.&nbsp;&nbsp;<\/li>\n\n\n\n<li>Sliders \u2013 Boats \u2013 Boats. \u2013 The traditional vehicles used for transportation on the rivers of the Peruvian jungle are the canoes, the peque peque, the sliders and the boats, these vehicles are dedicated to the transport of people and others exclusively for the transport of cargo.&nbsp;&nbsp;&nbsp;<\/li>\n<\/ul>\n\n\n\n<div class=\"wp-block-ps2id-block-target\" id=\"accommodation\"><\/div>\n\n\n\n<h3 class=\"wp-block-heading\">LODGING<\/h3>\n\n\n\n<p>Here you will have two options, either to stay in a hotel in the same city with all the comforts and electronic services, or in a lodge in the camps which are generally rustic.<\/p>\n\n\n\n<div class=\"wp-block-ps2id-block-target\" id=\"what-to-do\"><\/div>\n\n\n\n<h3 class=\"wp-block-heading\">WHAT TO DO IN IQUITOS<\/h3>\n\n\n\n<h3 class=\"wp-block-heading\">1.- Pacaya-Samiria National Reserve<\/h3>\n\n\n\n<p>The Pacaya Samiria Reserve in Iquitos is the second largest protected area in Peru, it has a biodiversity with floodable tropical rainforests, the National Reserve includes part of Loreto, the forests are autonomous ecosystems that are home to lagoons such as the El Dorado oxbow lake and native communities in which there is experiential tourism.&nbsp;&nbsp;&nbsp;<\/p>\n\n\n\n<figure class=\"wp-block-gallery has-nested-images columns-default is-cropped wp-block-gallery-2 is-layout-flex wp-block-gallery-is-layout-flex\">\n<figure class=\"wp-block-image size-large\"><img decoding=\"async\" width=\"1080\" height=\"1080\" data-id=\"18968\" src=\"https:\/\/dreamy.tours\/wp-content\/uploads\/2022\/02\/pacaya-samiria-cayman-dreamu.jpg\" alt=\"\" class=\"wp-image-18968\" srcset=\"https:\/\/dreamy.tours\/wp-content\/uploads\/2022\/02\/pacaya-samiria-cayman-dreamu.jpg 1080w, https:\/\/dreamy.tours\/wp-content\/uploads\/2022\/02\/pacaya-samiria-cayman-dreamu-768x768.jpg 768w\" sizes=\"(max-width: 1080px) 100vw, 1080px\" \/><figcaption class=\"wp-element-caption\">Caiman &#8211; Pacaya Samiria<\/figcaption><\/figure>\n\n\n\n<figure class=\"wp-block-image size-large\"><img decoding=\"async\" width=\"640\" height=\"692\" data-id=\"18971\" src=\"https:\/\/dreamy.tours\/wp-content\/uploads\/2022\/02\/reserva-nacional-de-pacaya-samiria-dre.jpg\" alt=\"\" class=\"wp-image-18971\"\/><figcaption class=\"wp-element-caption\">Pacaya Samiria <\/figcaption><\/figure>\n\n\n\n<figure class=\"wp-block-image size-large\"><img decoding=\"async\" width=\"640\" height=\"640\" data-id=\"18974\" src=\"https:\/\/dreamy.tours\/wp-content\/uploads\/2022\/02\/pacaya-samiria-dreamy.jpg\" alt=\"\" class=\"wp-image-18974\"\/><figcaption class=\"wp-element-caption\">Pacaya Samiria<\/figcaption><\/figure>\n<\/figure>\n\n\n\n<h3 class=\"wp-block-heading\">2.- Monkey Island<\/h3>\n\n\n\n<p>Monkey Island in Iquitos is one of the places you can&#8217;t miss, it is one of the places you definitely have to visit. Unlike zoos, the purpose of this refuge is to assist and care for primates in a state of vulnerability, so that once they have recovered, they can be reinstalled in their natural habitat.<\/p>\n\n\n\n<p>Here you will find diverse species of primates among which you can find choro monkeys, stump monkeys, lion monkeys, marmosets, maquisapas, spiders and howler monkeys.<\/p>\n\n\n\n<p>To get to the monkey island you have to leave from the port of Nanay by boat, the trip lasts approximately 30 minutes, on the way it is possible to observe pink dolphins and macaws.<\/p>\n\n\n\n<h3 class=\"wp-block-heading\">3.-Walk around the city of Iquitos<\/h3>\n\n\n\n<p>In the city of Iquitos we will be able to visit the main square where the villagers meet for a walk, the square is composed by gardens, obelisks of the heroes and an ornamental fountain. In where we will be able to appreciate:<\/p>\n\n\n\n<ul class=\"wp-block-list\">\n<li>The Iron House. \u2013 It is the most famous building of the city of Iquitos, the structure is of 2 floors, an elegant construction of metallic sheet, formed in Belgium sent all through the Atlantic and by the Amazon and reconstructed piece by piece.&nbsp;&nbsp;<\/li>\n\n\n\n<li>The central cathedral of Iquitos. \u2013 It is located next to Casa de Hierro, in the Plaza de Armas of Iquitos, declared as Historical Cultural Patrimony of the Nation of Peru in 1996.&nbsp;<\/li>\n\n\n\n<li>The Belen Market. \u2013 It is one of the busiest places where they sell the bijao leaf, which is used to wrap the juane, the most traditional dish of the Amazon.<\/li>\n\n\n\n<li>Amazon Museum. \u2013 It is a place to appreciate and learn about our anthropology, mainly dedicated to the main communities of the native community of the Amazon.<\/li>\n\n\n\n<li>Ayapua Historical Ship Museum.- This 1906 ship was brought from Hamburg, Germany. It is a floating museum on the banks of the Itaya river, witness of the appreciated rubber era.&nbsp;&nbsp;&nbsp;&nbsp;&nbsp;&nbsp;&nbsp;&nbsp;&nbsp;&nbsp;&nbsp;&nbsp;<\/li>\n<\/ul>\n\n\n\n<h3 class=\"wp-block-heading\">4.- Pilpintuwasi Butterfly Farm<\/h3>\n\n\n\n<p>The Mariposario houses numerous species of butterflies, as well as functioning as a rescue centre for some Amazonian species, protecting animals affected by the poaching industry. It is located 20 minutes north of Iquitos. You will be able to see animals besides butterflies such as the red or English monkey and a variety of species such as the otorongo, the two-toed sloth, even a jaguar.<\/p>\n\n\n\n<h3 class=\"wp-block-heading\">5.- Yanayacu Communal Reserve<\/h3>\n\n\n\n<p>The Communal Reserve is located inside the Pacaya Samiria National Reserve next to the Yanayacu River which is a Quechua word meaning Black Waters, this is due to the falling of the leaves of the trees into the river.&nbsp; In the river you can see pink dolphins, caimans, birds and a diversity of animals.&nbsp;&nbsp;&nbsp;&nbsp;<\/p>\n","protected":false},"excerpt":{"rendered":"<p>CITY OF IQUITOS The city of Iquitos is located in the heart of the North Eastern jungle of Peru, being the capital of Mayas (Loreto). The city is loca&#8230;<\/p>\n","protected":false},"author":4,"featured_media":20262,"parent":0,"menu_order":0,"comment_status":"closed","ping_status":"closed","template":"page-guides.php","meta":{"_acf_changed":false,"advgb_blocks_editor_width":"","advgb_blocks_columns_visual_guide":"","footnotes":""},"class_list":["post-19801","page","type-page","status-publish","has-post-thumbnail","hentry"],"acf":[],"yoast_head":"<!-- This site is optimized with the Yoast SEO Premium plugin v25.4 (Yoast SEO v27.4) - https:\/\/yoast.com\/product\/yoast-seo-premium-wordpress\/ -->\n<title>Travel Guide Iquitos - Dreamy Tours<\/title>\n<meta name=\"description\" content=\"La mejor ciudad de Am\u00e9rica est\u00e1 en Per\u00fa. Encuentra tu itinerario perfecto en nuestra gu\u00eda de viaje a Iquitos, rodeada de bosques, r\u00edos, flora\" \/>\n<meta name=\"robots\" content=\"index, follow, max-snippet:-1, max-image-preview:large, max-video-preview:-1\" \/>\n<link rel=\"canonical\" href=\"https:\/\/dreamy.tours\/en\/travel-guide-iquitos\/\" \/>\n<meta property=\"og:locale\" content=\"en_US\" \/>\n<meta property=\"og:type\" content=\"article\" \/>\n<meta property=\"og:title\" content=\"Travel Guide Iquitos\" \/>\n<meta property=\"og:description\" content=\"La mejor ciudad de Am\u00e9rica est\u00e1 en Per\u00fa. Encuentra tu itinerario perfecto en nuestra gu\u00eda de viaje a Iquitos, rodeada de bosques, r\u00edos, flora\" \/>\n<meta property=\"og:url\" content=\"https:\/\/dreamy.tours\/en\/travel-guide-iquitos\/\" \/>\n<meta property=\"og:site_name\" content=\"Dreamy Tours\" \/>\n<meta property=\"article:publisher\" content=\"https:\/\/www.facebook.com\/dreamytours\" \/>\n<meta property=\"article:modified_time\" content=\"2025-01-21T20:36:51+00:00\" \/>\n<meta property=\"og:image\" content=\"https:\/\/dreamy.tours\/wp-content\/uploads\/2022\/02\/Iquitos.jpg\" \/>\n\t<meta property=\"og:image:width\" content=\"2000\" \/>\n\t<meta property=\"og:image:height\" content=\"400\" \/>\n\t<meta property=\"og:image:type\" content=\"image\/jpeg\" \/>\n<meta name=\"twitter:card\" content=\"summary_large_image\" \/>\n<meta name=\"twitter:site\" content=\"@Dreamy_tours\" \/>\n<meta name=\"twitter:label1\" content=\"Est. reading time\" \/>\n\t<meta name=\"twitter:data1\" content=\"6 minutes\" \/>\n<script type=\"application\/ld+json\" class=\"yoast-schema-graph\">{\"@context\":\"https:\\\/\\\/schema.org\",\"@graph\":[{\"@type\":\"WebPage\",\"@id\":\"https:\\\/\\\/dreamy.tours\\\/en\\\/travel-guide-iquitos\\\/\",\"url\":\"https:\\\/\\\/dreamy.tours\\\/en\\\/travel-guide-iquitos\\\/\",\"name\":\"Travel Guide Iquitos - Dreamy Tours\",\"isPartOf\":{\"@id\":\"https:\\\/\\\/dreamy.tours\\\/en\\\/#website\"},\"primaryImageOfPage\":{\"@id\":\"https:\\\/\\\/dreamy.tours\\\/en\\\/travel-guide-iquitos\\\/#primaryimage\"},\"image\":{\"@id\":\"https:\\\/\\\/dreamy.tours\\\/en\\\/travel-guide-iquitos\\\/#primaryimage\"},\"thumbnailUrl\":\"https:\\\/\\\/dreamy.tours\\\/wp-content\\\/uploads\\\/2022\\\/02\\\/Iquitos.jpg\",\"datePublished\":\"2022-02-23T15:07:56+00:00\",\"dateModified\":\"2025-01-21T20:36:51+00:00\",\"description\":\"La mejor ciudad de Am\u00e9rica est\u00e1 en Per\u00fa. Encuentra tu itinerario perfecto en nuestra gu\u00eda de viaje a Iquitos, rodeada de bosques, r\u00edos, flora\",\"breadcrumb\":{\"@id\":\"https:\\\/\\\/dreamy.tours\\\/en\\\/travel-guide-iquitos\\\/#breadcrumb\"},\"inLanguage\":\"en-US\",\"potentialAction\":[{\"@type\":\"ReadAction\",\"target\":[\"https:\\\/\\\/dreamy.tours\\\/en\\\/travel-guide-iquitos\\\/\"]}]},{\"@type\":\"ImageObject\",\"inLanguage\":\"en-US\",\"@id\":\"https:\\\/\\\/dreamy.tours\\\/en\\\/travel-guide-iquitos\\\/#primaryimage\",\"url\":\"https:\\\/\\\/dreamy.tours\\\/wp-content\\\/uploads\\\/2022\\\/02\\\/Iquitos.jpg\",\"contentUrl\":\"https:\\\/\\\/dreamy.tours\\\/wp-content\\\/uploads\\\/2022\\\/02\\\/Iquitos.jpg\",\"width\":2000,\"height\":400,\"caption\":\"iquitos\"},{\"@type\":\"BreadcrumbList\",\"@id\":\"https:\\\/\\\/dreamy.tours\\\/en\\\/travel-guide-iquitos\\\/#breadcrumb\",\"itemListElement\":[{\"@type\":\"ListItem\",\"position\":1,\"name\":\"Home\",\"item\":\"https:\\\/\\\/dreamy.tours\\\/en\\\/\"},{\"@type\":\"ListItem\",\"position\":2,\"name\":\"Travel Guide Iquitos\"}]},{\"@type\":\"WebSite\",\"@id\":\"https:\\\/\\\/dreamy.tours\\\/en\\\/#website\",\"url\":\"https:\\\/\\\/dreamy.tours\\\/en\\\/\",\"name\":\"Dreamy Tours\",\"description\":\"\",\"publisher\":{\"@id\":\"https:\\\/\\\/dreamy.tours\\\/en\\\/#organization\"},\"potentialAction\":[{\"@type\":\"SearchAction\",\"target\":{\"@type\":\"EntryPoint\",\"urlTemplate\":\"https:\\\/\\\/dreamy.tours\\\/en\\\/?s={search_term_string}\"},\"query-input\":{\"@type\":\"PropertyValueSpecification\",\"valueRequired\":true,\"valueName\":\"search_term_string\"}}],\"inLanguage\":\"en-US\"},{\"@type\":\"Organization\",\"@id\":\"https:\\\/\\\/dreamy.tours\\\/en\\\/#organization\",\"name\":\"Dreamy Tours\",\"url\":\"https:\\\/\\\/dreamy.tours\\\/en\\\/\",\"logo\":{\"@type\":\"ImageObject\",\"inLanguage\":\"en-US\",\"@id\":\"https:\\\/\\\/dreamy.tours\\\/en\\\/#\\\/schema\\\/logo\\\/image\\\/\",\"url\":\"https:\\\/\\\/dreamy.tours\\\/wp-content\\\/uploads\\\/dreamy-tour-cuadrado.jpg\",\"contentUrl\":\"https:\\\/\\\/dreamy.tours\\\/wp-content\\\/uploads\\\/dreamy-tour-cuadrado.jpg\",\"width\":696,\"height\":696,\"caption\":\"Dreamy Tours\"},\"image\":{\"@id\":\"https:\\\/\\\/dreamy.tours\\\/en\\\/#\\\/schema\\\/logo\\\/image\\\/\"},\"sameAs\":[\"https:\\\/\\\/www.facebook.com\\\/dreamytours\",\"https:\\\/\\\/x.com\\\/Dreamy_tours\",\"https:\\\/\\\/www.instagram.com\\\/dreamy_tours\\\/\",\"https:\\\/\\\/www.pinterest.es\\\/dreamy_tours\\\/\",\"https:\\\/\\\/www.youtube.com\\\/channel\\\/UCGKP_C9x8GBYl7l8D0QD9Fg\"]}]}<\/script>\n<!-- \/ Yoast SEO Premium plugin. -->","yoast_head_json":{"title":"Travel Guide Iquitos - Dreamy Tours","description":"La mejor ciudad de Am\u00e9rica est\u00e1 en Per\u00fa. Encuentra tu itinerario perfecto en nuestra gu\u00eda de viaje a Iquitos, rodeada de bosques, r\u00edos, flora","robots":{"index":"index","follow":"follow","max-snippet":"max-snippet:-1","max-image-preview":"max-image-preview:large","max-video-preview":"max-video-preview:-1"},"canonical":"https:\/\/dreamy.tours\/en\/travel-guide-iquitos\/","og_locale":"en_US","og_type":"article","og_title":"Travel Guide Iquitos","og_description":"La mejor ciudad de Am\u00e9rica est\u00e1 en Per\u00fa. Encuentra tu itinerario perfecto en nuestra gu\u00eda de viaje a Iquitos, rodeada de bosques, r\u00edos, flora","og_url":"https:\/\/dreamy.tours\/en\/travel-guide-iquitos\/","og_site_name":"Dreamy Tours","article_publisher":"https:\/\/www.facebook.com\/dreamytours","article_modified_time":"2025-01-21T20:36:51+00:00","og_image":[{"width":2000,"height":400,"url":"https:\/\/dreamy.tours\/wp-content\/uploads\/2022\/02\/Iquitos.jpg","type":"image\/jpeg"}],"twitter_card":"summary_large_image","twitter_site":"@Dreamy_tours","twitter_misc":{"Est. reading time":"6 minutes"},"schema":{"@context":"https:\/\/schema.org","@graph":[{"@type":"WebPage","@id":"https:\/\/dreamy.tours\/en\/travel-guide-iquitos\/","url":"https:\/\/dreamy.tours\/en\/travel-guide-iquitos\/","name":"Travel Guide Iquitos - Dreamy Tours","isPartOf":{"@id":"https:\/\/dreamy.tours\/en\/#website"},"primaryImageOfPage":{"@id":"https:\/\/dreamy.tours\/en\/travel-guide-iquitos\/#primaryimage"},"image":{"@id":"https:\/\/dreamy.tours\/en\/travel-guide-iquitos\/#primaryimage"},"thumbnailUrl":"https:\/\/dreamy.tours\/wp-content\/uploads\/2022\/02\/Iquitos.jpg","datePublished":"2022-02-23T15:07:56+00:00","dateModified":"2025-01-21T20:36:51+00:00","description":"La mejor ciudad de Am\u00e9rica est\u00e1 en Per\u00fa. Encuentra tu itinerario perfecto en nuestra gu\u00eda de viaje a Iquitos, rodeada de bosques, r\u00edos, flora","breadcrumb":{"@id":"https:\/\/dreamy.tours\/en\/travel-guide-iquitos\/#breadcrumb"},"inLanguage":"en-US","potentialAction":[{"@type":"ReadAction","target":["https:\/\/dreamy.tours\/en\/travel-guide-iquitos\/"]}]},{"@type":"ImageObject","inLanguage":"en-US","@id":"https:\/\/dreamy.tours\/en\/travel-guide-iquitos\/#primaryimage","url":"https:\/\/dreamy.tours\/wp-content\/uploads\/2022\/02\/Iquitos.jpg","contentUrl":"https:\/\/dreamy.tours\/wp-content\/uploads\/2022\/02\/Iquitos.jpg","width":2000,"height":400,"caption":"iquitos"},{"@type":"BreadcrumbList","@id":"https:\/\/dreamy.tours\/en\/travel-guide-iquitos\/#breadcrumb","itemListElement":[{"@type":"ListItem","position":1,"name":"Home","item":"https:\/\/dreamy.tours\/en\/"},{"@type":"ListItem","position":2,"name":"Travel Guide Iquitos"}]},{"@type":"WebSite","@id":"https:\/\/dreamy.tours\/en\/#website","url":"https:\/\/dreamy.tours\/en\/","name":"Dreamy Tours","description":"","publisher":{"@id":"https:\/\/dreamy.tours\/en\/#organization"},"potentialAction":[{"@type":"SearchAction","target":{"@type":"EntryPoint","urlTemplate":"https:\/\/dreamy.tours\/en\/?s={search_term_string}"},"query-input":{"@type":"PropertyValueSpecification","valueRequired":true,"valueName":"search_term_string"}}],"inLanguage":"en-US"},{"@type":"Organization","@id":"https:\/\/dreamy.tours\/en\/#organization","name":"Dreamy Tours","url":"https:\/\/dreamy.tours\/en\/","logo":{"@type":"ImageObject","inLanguage":"en-US","@id":"https:\/\/dreamy.tours\/en\/#\/schema\/logo\/image\/","url":"https:\/\/dreamy.tours\/wp-content\/uploads\/dreamy-tour-cuadrado.jpg","contentUrl":"https:\/\/dreamy.tours\/wp-content\/uploads\/dreamy-tour-cuadrado.jpg","width":696,"height":696,"caption":"Dreamy Tours"},"image":{"@id":"https:\/\/dreamy.tours\/en\/#\/schema\/logo\/image\/"},"sameAs":["https:\/\/www.facebook.com\/dreamytours","https:\/\/x.com\/Dreamy_tours","https:\/\/www.instagram.com\/dreamy_tours\/","https:\/\/www.pinterest.es\/dreamy_tours\/","https:\/\/www.youtube.com\/channel\/UCGKP_C9x8GBYl7l8D0QD9Fg"]}]}},"coauthors":[],"author_meta":{"author_link":"https:\/\/dreamy.tours\/en\/blog\/author\/dreamy_upt\/","display_name":"Bento J."},"relative_dates":{"created":"Posted 4 years ago","modified":"Updated 1 year ago"},"absolute_dates":{"created":"Posted on 23 February, 2022","modified":"Updated on 21 January, 2025"},"absolute_dates_time":{"created":"Posted on 23 February, 2022 10:07 am","modified":"Updated on 21 January, 2025 3:36 pm"},"featured_img_caption":"iquitos","featured_img":"https:\/\/dreamy.tours\/wp-content\/uploads\/2022\/02\/Iquitos.jpg","series_order":"","_links":{"self":[{"href":"https:\/\/dreamy.tours\/en\/wp-json\/wp\/v2\/pages\/19801","targetHints":{"allow":["GET"]}}],"collection":[{"href":"https:\/\/dreamy.tours\/en\/wp-json\/wp\/v2\/pages"}],"about":[{"href":"https:\/\/dreamy.tours\/en\/wp-json\/wp\/v2\/types\/page"}],"author":[{"embeddable":true,"href":"https:\/\/dreamy.tours\/en\/wp-json\/wp\/v2\/users\/4"}],"replies":[{"embeddable":true,"href":"https:\/\/dreamy.tours\/en\/wp-json\/wp\/v2\/comments?post=19801"}],"version-history":[{"count":0,"href":"https:\/\/dreamy.tours\/en\/wp-json\/wp\/v2\/pages\/19801\/revisions"}],"wp:featuredmedia":[{"embeddable":true,"href":"https:\/\/dreamy.tours\/en\/wp-json\/wp\/v2\/media\/20262"}],"wp:attachment":[{"href":"https:\/\/dreamy.tours\/en\/wp-json\/wp\/v2\/media?parent=19801"}],"curies":[{"name":"wp","href":"https:\/\/api.w.org\/{rel}","templated":true}]}}